{"id":821,"date":"2026-01-08T14:06:29","date_gmt":"2026-01-08T14:06:29","guid":{"rendered":"https:\/\/coinkickoff.com\/?page_id=821"},"modified":"2026-01-08T14:06:29","modified_gmt":"2026-01-08T14:06:29","slug":"prices-inr","status":"publish","type":"page","link":"https:\/\/coinkickoff.com\/fr\/prices\/prices-inr\/","title":{"rendered":"Top 100 des prix en direct des crypto-monnaies en roupie indienne (INR)"},"content":{"rendered":"<p>Voir les mises \u00e0 jour en temps r\u00e9el des prix en roupie indienne (INR) de <a href=\"https:\/\/coinkickoff.com\/fr\/bitcoin-btc\/\" data-internallinksmanager029f6b8e52c=\"1\" title=\"Qu&#039;est-ce que Bitcoin (BTC) ? Prix, historique et o\u00f9 acheter\">bitcoin<\/a> et les autres 100 premi\u00e8res crypto-monnaies ci-dessous. <\/p>\n<!-- Cryptocurrency Widgets PRO 4.1.2  !--><div  class=\"ccpw-widget\" id=\"ccpw-list-widget-1341\" ><div class=\"ccpw_react_widget\" id=\"ccpw_react_widgets_13411214022703\" data-attribute=\"{&quot;type&quot;:&quot;list-widget&quot;,&quot;selected_currency&quot;:&quot;INR&quot;,&quot;design&quot;:&quot;style-4&quot;,&quot;header&quot;:&quot;&quot;,&quot;show_chart&quot;:&quot;&quot;,&quot;custom_currency&quot;:&quot;&quot;,&quot;show_coins&quot;:&quot;100&quot;,&quot;MbFormating&quot;:&quot;on&quot;,&quot;live_changes&quot;:&quot;&quot;,&quot;display_changes&quot;:&quot;on&quot;}\"><\/div><\/div><style type='text\/css'>\r\n\t\t\t  .ccpw-widget #ccpw-list-widget-1341{background-color:#ffffff;color:#000;}\r\n\t\t\t  .ccpw-widget .ccpw_table tr #ccpw-list-widget-1341 {background-color:#ffffff;}\r\n\t\t\t  .ccpw-widget #ccpw-list-widget-1341.table {background-color:#ffffff;color:#000; box-shadow:inset 0px 0px 0px 3px rgba(0,0,0,0.25);}\r\n\t\t\t  #ccpw-list-widget-1341 .ccpw_table > tbody > tr > td,\r\n\t\t\t  #ccpw-list-widget-1341 .ccpw_table > tbody > tr > td .ticker-price,\r\n\t\t\t  #ccpw-list-widget-1341 .ccpw_table > tbody > tr > td.price,\r\n\t\t\t  #ccpw-list-widget-1341 .ccpw_table.table tr ,\r\n\t\t\t  #ccpw-list-widget-1341 .ccpw_table.table > thead > tr > th {border-color:rgba(0,0,0,0.25) !important;color:#000;background-color:#ffffff;}\r\n\t\t\t   .ccpw_table span.symbol { position:initial !Important; }<\/style>\n<div class=\"cg-choice-box-six   cg-blue\" ><div class=\"cg-cb-row\"><div class=\"cg-cb-items\" id=\"product-265843\"><div class=\"cg-cb-top-head\"><div class=\"cg-cb-top-pick\">La plupart des Coins<\/div><\/div><a href=\"https:\/\/accounts.binance.com\/register?ref=BLJQ60RW\" target=\"_blank\" rel=\"nofollow noopener\" class=\"cg-aff-link cg-cb-img\" data-post-title=\"Binance\" data-aff-link=\"https:\/\/accounts.binance.com\/register?ref=BLJQ60RW\" data-post-type=\"top\" data-post-id=\"127750\"><img decoding=\"async\" src=\"https:\/\/coinkickoff.com\/wp-content\/uploads\/2022\/10\/Binance_logo.png\" class=\"cg-img-1\" alt=\"Binance\" style=\"\"><\/a><div class=\"cg-cb-title\"><a href=\"https:\/\/accounts.binance.com\/register?ref=BLJQ60RW\" class=\"cg-aff-link\" data-post-id=\"127750\" data-post-type=\"top\" data-aff-link=\"https:\/\/accounts.binance.com\/register?ref=BLJQ60RW\" data-post-title=\"Binance\" target=\"\" rel=\"nofollow noopener\">Binance<\/a><\/span><\/div><div class=\"cg-cb-content\"><ul><li><strong>350+<\/strong> Cryptocurrencies list\u00e9es<\/li><li><strong>&lt;0.10%<\/strong> Frais de transaction<\/li><li><strong>120 millions d'euros<\/strong> Utilisateurs enregistr\u00e9s<\/li><li>Fonds d'actifs s\u00e9curis\u00e9s pour les utilisateurs<\/li><li>Gagner sur les d\u00e9p\u00f4ts<\/li><\/ul><\/div><div class=\"cg-cb-btn\"><span class='cta-copy'><a href=\"https:\/\/accounts.binance.com\/register?ref=BLJQ60RW\" class=\"cg-one-button cg-btn cg-red  cg-aff-link cg-btn-lg\" data-post-id=\"127750\" data-post-type=\"top\" data-aff-link=\"https:\/\/accounts.binance.com\/register?ref=BLJQ60RW\" data-style=\"default\" data-post-title=\"Binance\" data-extra=\"arrow\" style=\"\" target=\"\" rel=\"nofollow noopener\">Commencez<\/a><\/span><\/span><\/div><\/div><div class=\"cg-cb-items\" id=\"product-265829\"><div class=\"cg-cb-top-head\"><div class=\"cg-cb-top-pick\">La plupart des pays<\/div><\/div><a href=\"https:\/\/kraken.pxf.io\/756J3y\" target=\"_blank\" rel=\"nofollow noopener\" class=\"cg-aff-link cg-cb-img\" data-post-title=\"Kraken\" data-aff-link=\"https:\/\/kraken.pxf.io\/756J3y\" data-post-type=\"top\" data-post-id=\"127750\"><img decoding=\"async\" src=\"https:\/\/coinkickoff.com\/wp-content\/uploads\/Kraken-logo.webp\" class=\"cg-img-1\" alt=\"Kraken\" style=\"\"><\/a><div class=\"cg-cb-title\"><a href=\"https:\/\/kraken.pxf.io\/756J3y\" class=\"cg-aff-link\" data-post-id=\"127750\" data-post-type=\"top\" data-aff-link=\"https:\/\/kraken.pxf.io\/756J3y\" data-post-title=\"Kraken\" target=\"\" rel=\"nofollow noopener\">Kraken<\/a><\/span><\/div><div class=\"cg-cb-content\"><ul><li>Bas\u00e9 aux Etats-Unis<\/li><li>Commencez avec aussi peu que <strong>$10<\/strong><\/li><li>Acheter et vendre <strong>200+<\/strong> crypto-monnaies<\/li><li>Solution Pro pour les grands commer\u00e7ants<\/li><li>Disponible en <strong>190+<\/strong> pays<\/li><\/ul><\/div><div class=\"cg-cb-btn\"><span class='cta-copy'><a href=\"https:\/\/kraken.pxf.io\/756J3y\" class=\"cg-one-button cg-btn cg-red  cg-aff-link cg-btn-lg\" data-post-id=\"127750\" data-post-type=\"top\" data-aff-link=\"https:\/\/kraken.pxf.io\/756J3y\" data-style=\"default\" data-post-title=\"Kraken\" data-extra=\"arrow\" style=\"\" target=\"\" rel=\"nofollow noopener\">Commencez<\/a><\/span><\/span><\/div><\/div><div class=\"cg-cb-items\" id=\"product-265822\"><div class=\"cg-cb-top-head\"><div class=\"cg-cb-top-pick\">Bas\u00e9 aux Etats-Unis<\/div><\/div><a href=\"https:\/\/coinbase-consumer.sjv.io\/ORPoaG\" target=\"_blank\" rel=\"nofollow noopener\" class=\"cg-aff-link cg-cb-img\" data-post-title=\"Coinbase\" data-aff-link=\"https:\/\/coinbase-consumer.sjv.io\/ORPoaG\" data-post-type=\"top\" data-post-id=\"127750\"><img decoding=\"async\" src=\"https:\/\/coinkickoff.com\/wp-content\/uploads\/2022\/10\/Coinbase.png\" class=\"cg-img-1\" alt=\"Coinbase\" style=\"\"><\/a><div class=\"cg-cb-title\"><a href=\"https:\/\/coinbase-consumer.sjv.io\/ORPoaG\" class=\"cg-aff-link\" data-post-id=\"127750\" data-post-type=\"top\" data-aff-link=\"https:\/\/coinbase-consumer.sjv.io\/ORPoaG\" data-post-title=\"Coinbase\" target=\"\" rel=\"nofollow noopener\">Coinbase<\/a><\/span><\/div><div class=\"cg-cb-content\"><ul><li><strong>200+<\/strong> Cryptocurrencies list\u00e9es<\/li><li>Recevez des Crypto apr\u00e8s votre premier achat<\/li><li>Prot\u00e9g\u00e9 par une assurance&nbsp;<\/li><li>Stockage s\u00e9curis\u00e9 avec protection de la chambre forte<\/li><li>La plateforme de crypto-monnaies la plus fiable<\/li><\/ul><\/div><div class=\"cg-cb-btn\"><span class='cta-copy'><a href=\"https:\/\/coinbase-consumer.sjv.io\/ORPoaG\" class=\"cg-one-button cg-btn cg-red  cg-aff-link cg-btn-lg\" data-post-id=\"127750\" data-post-type=\"top\" data-aff-link=\"https:\/\/coinbase-consumer.sjv.io\/ORPoaG\" data-style=\"default\" data-post-title=\"Coinbase\" data-extra=\"arrow\" style=\"\" target=\"\" rel=\"nofollow noopener\">Commencez<\/a><\/span><\/span><\/div><\/div><\/div><\/div>\n\n<h2>Calculateur de prix des crypto-monnaies (INR)<\/h2>\n<p>Utilisez la calculatrice ci-dessous pour conna\u00eetre les taux de change en temps r\u00e9el entre l'INR et de nombreuses crypto-monnaies courantes.<\/p>\n<div class=\"ccpw_react_widget ccpw_calculator\" id=\"ccpw_react_widgets_1342_69d46edfc0846\" data-attribute=\"{&quot;type&quot;:&quot;calculator&quot;,&quot;baseCurrency&quot;:&quot;bitcoin&quot;,&quot;targetCurrency&quot;:&quot;INR&quot;}\"><\/div><style type='text\/css'>\r\n\t\t\t  #ccpw_react_widgets_1342 .ccpw-Converter {\r\n\t\t\t\t  background-color: #ffffff;\r\n\t\t\t\t  color: #000;\r\n\t\t\t  }<\/style>\n<h2>Carte thermique des changements de prix : Les 20 premi\u00e8res crypto-monnaies<\/h2>\n<!-- Cryptocurrency Widgets PRO 4.1.2  !--><div class=\"ccpw-coingecko-widget\" style=\"width:100%;\"> \r\n    <gecko-coin-heatmap-widget  height=\"400\"  locale=\"en\" outlined=\"true\" top=\"20\"><\/gecko-coin-heatmap-widget>\r\n    <\/div><style type='text\/css'><\/style>\n<p>Voir aussi les prix dans :<\/p>\n<ul>\n<li> <a href=\"https:\/\/coinkickoff.com\/fr\/prices\/\">Dollars US (USD)<\/a><\/li>\n<li> <a href=\"https:\/\/coinkickoff.com\/fr\/prices\/prices-euros\/\">Euro (EUD)<\/li>\n<li> <a href=\"https:\/\/coinkickoff.com\/fr\/prices\/prices-gbp\/\">Livres sterling britanniques (GBP)<\/a><\/li>\n<li> <a href=\"https:\/\/coinkickoff.com\/fr\/prices\/prices-cad\/\">Dollars canadiens (CAD)<\/a><\/li>\n<li> <a href=\"https:\/\/coinkickoff.com\/fr\/prices\/prices-aud\/\" data-internallinksmanager029f6b8e52c=\"116\" title=\"Top 100 des prix en direct des crypto-monnaies Dollars australiens (AUD)\">Dollars australiens (AUD)<\/a><\/li>\n<li> <a href=\"https:\/\/coinkickoff.com\/fr\/prices\/prices-jpy\/\" data-internallinksmanager029f6b8e52c=\"118\" title=\"Top 100 des prix en direct des crypto-monnaies en yen japonais (JPY)\">Yen japonais (JPY)<\/a><\/li>\n<li> <a href=\"https:\/\/coinkickoff.com\/fr\/prices\/prices-mxn\/\" data-internallinksmanager029f6b8e52c=\"119\" title=\"Top 100 des prix en direct des crypto-monnaies en peso mexicain (MXN)\">Peso mexicain (MXN)<\/a><\/li>\n<li> <a href=\"https:\/\/coinkickoff.com\/fr\/prices\/prices-brl\/\" data-internallinksmanager029f6b8e52c=\"120\" title=\"Top 100 des prix en direct des crypto-monnaies en real br\u00e9silien (BRL)\">R\u00e9al br\u00e9silien (BRL)<\/a><\/li>\n<li> <a href=\"https:\/\/coinkickoff.com\/fr\/prices\/prices-cny\/\" data-internallinksmanager029f6b8e52c=\"121\" title=\"Les 100 premiers prix en direct des crypto-monnaies en renminbi chinois (CNY)\">Renminbi chinois (CNY)<\/a><\/li>\n<li> <a href=\"https:\/\/coinkickoff.com\/fr\/prices\/prices-chf\/\" data-internallinksmanager029f6b8e52c=\"122\" title=\"Top 100 des prix en direct des crypto-monnaies en francs suisses (CHF)\">Franc suisse (CHF)<\/a><\/li>\n<li> <a href=\"https:\/\/coinkickoff.com\/fr\/prices\/prices-hkd\/\" data-internallinksmanager029f6b8e52c=\"123\" title=\"Top 100 des prix en direct des crypto-monnaies en dollars de Hong Kong (HKD)\">Dollars de Hong Kong (HKD)<\/a><\/li>\n<li> <a href=\"https:\/\/coinkickoff.com\/fr\/prices\/prices-sgd\/\" data-internallinksmanager029f6b8e52c=\"124\" title=\"Top 100 des prix en direct des crypto-monnaies en dollar de Singapour (SGD)\">Dollar de Singapour (SGD)<\/a><\/li>\n<li> <a href=\"https:\/\/coinkickoff.com\/fr\/prices\/prices-sek\/\" data-internallinksmanager029f6b8e52c=\"125\" title=\"Top 100 des prix en direct des crypto-monnaies en couronnes su\u00e9doises (SEK)\">Couronne su\u00e9doise (SEK)<\/a><\/li>\n<li> <a href=\"https:\/\/coinkickoff.com\/fr\/prices\/prices-nzd\/\" data-internallinksmanager029f6b8e52c=\"126\" title=\"Top 100 des prix en direct des crypto-monnaies en dollar n\u00e9o-z\u00e9landais (NZD)\">Dollar n\u00e9o-z\u00e9landais (NZD)<\/a><\/li>\n<li> Roupie indienne (INR)<\/li>\n<li> <a href=\"https:\/\/coinkickoff.com\/fr\/prices\/prices-twd\/\" data-internallinksmanager029f6b8e52c=\"128\" title=\"Top 100 des prix en direct des crypto-monnaies en nouveaux dollars ta\u00efwanais (TWD)\">Nouveaux Dollars de Taiwan (TWD)<\/a><\/li>\n<li> <a href=\"https:\/\/coinkickoff.com\/fr\/prices\/prices-zar\/\" data-internallinksmanager029f6b8e52c=\"129\" title=\"Top 100 des prix en direct des crypto-monnaies en Rand sud-africain (ZAR)\">Rand sud-africain (ZAR)<\/a><\/li>\n<li> <a href=\"https:\/\/coinkickoff.com\/fr\/prices\/prices-dkk\/\" data-internallinksmanager029f6b8e52c=\"130\" title=\"Top 100 des prix en direct des crypto-monnaies en couronne danoise (DKK)\">Couronne danoise (DKK)<\/a><\/li>\n<li> <a href=\"https:\/\/coinkickoff.com\/fr\/prices\/prices-pln\/\" data-internallinksmanager029f6b8e52c=\"131\" title=\"Top 100 des prix en direct des crypto-monnaies en Z\u0142oty polonais (PLN)\">Polonais Z\u0142oty (PLN)<\/a><\/li>\n<li> <a href=\"https:\/\/coinkickoff.com\/fr\/prices\/prices-czk\/\" data-internallinksmanager029f6b8e52c=\"132\" title=\"Top 100 des prix en direct des crypto-monnaies en couronnes tch\u00e8ques (CZK)\">Couronne tch\u00e8que (CZK)<\/a><\/li>\n<li> <a href=\"https:\/\/coinkickoff.com\/fr\/prices\/prices-huf\/\" data-internallinksmanager029f6b8e52c=\"133\" title=\"Top 100 des prix en direct des crypto-monnaies en forint hongrois (HUF)\">Forint hongrois (HUF)<\/a><\/li>\n<li> <a href=\"https:\/\/coinkickoff.com\/fr\/prices\/prices-rub\/\" data-internallinksmanager029f6b8e52c=\"134\" title=\"Top 100 des prix en direct des crypto-monnaies en rouble russe (RUB)\">Rouble russe (RUB)<\/a><\/li>\n<\/ul>","protected":false},"excerpt":{"rendered":"<p>Consultez les mises \u00e0 jour en temps r\u00e9el des prix en roupies indiennes (INR) de bitcoin et des autres 100 principales cryptocurrences ci-dessous. Calculateur de prix des crypto-monnaies (INR) Utilisez le calculateur ci-dessous pour conna\u00eetre les taux de change en temps r\u00e9el entre l'INR et de nombreuses crypto-monnaies populaires Carte thermique des changements de prix : Les 20 premi\u00e8res crypto-monnaies Voir aussi les prix en : Dollars am\u00e9ricains (USD) Euro (EUD) Livres sterling (GBP) Canadien [...]<\/p>","protected":false},"author":1,"featured_media":738,"parent":708,"menu_order":0,"comment_status":"closed","ping_status":"closed","template":"","meta":{"_genesis_hide_title":false,"_genesis_hide_breadcrumbs":false,"_genesis_hide_singular_image":false,"_genesis_hide_footer_widgets":false,"_genesis_custom_body_class":"","_genesis_custom_post_class":"","_genesis_layout":"","_glsr_average":0,"_glsr_ranking":0,"_glsr_reviews":0,"footnotes":""},"class_list":{"0":"post-821","1":"page","2":"type-page","3":"status-publish","4":"has-post-thumbnail","6":"entry"},"featured_image_src":"https:\/\/coinkickoff.com\/wp-content\/uploads\/crypto-prices-600x400.jpg","featured_image_src_square":"https:\/\/coinkickoff.com\/wp-content\/uploads\/crypto-prices-600x586.jpg","_links":{"self":[{"href":"https:\/\/coinkickoff.com\/fr\/wp-json\/wp\/v2\/pages\/821","targetHints":{"allow":["GET"]}}],"collection":[{"href":"https:\/\/coinkickoff.com\/fr\/wp-json\/wp\/v2\/pages"}],"about":[{"href":"https:\/\/coinkickoff.com\/fr\/wp-json\/wp\/v2\/types\/page"}],"author":[{"embeddable":true,"href":"https:\/\/coinkickoff.com\/fr\/wp-json\/wp\/v2\/users\/1"}],"replies":[{"embeddable":true,"href":"https:\/\/coinkickoff.com\/fr\/wp-json\/wp\/v2\/comments?post=821"}],"version-history":[{"count":4,"href":"https:\/\/coinkickoff.com\/fr\/wp-json\/wp\/v2\/pages\/821\/revisions"}],"predecessor-version":[{"id":1344,"href":"https:\/\/coinkickoff.com\/fr\/wp-json\/wp\/v2\/pages\/821\/revisions\/1344"}],"up":[{"embeddable":true,"href":"https:\/\/coinkickoff.com\/fr\/wp-json\/wp\/v2\/pages\/708"}],"wp:featuredmedia":[{"embeddable":true,"href":"https:\/\/coinkickoff.com\/fr\/wp-json\/wp\/v2\/media\/738"}],"wp:attachment":[{"href":"https:\/\/coinkickoff.com\/fr\/wp-json\/wp\/v2\/media?parent=821"}],"curies":[{"name":"wp","href":"https:\/\/api.w.org\/{rel}","templated":true}]}}