{"id":4628,"date":"2026-01-08T14:08:02","date_gmt":"2026-01-08T14:08:02","guid":{"rendered":"https:\/\/coinkickoff.com\/?page_id=4628"},"modified":"2026-01-08T14:08:02","modified_gmt":"2026-01-08T14:08:02","slug":"how-are-bitcoin-slots-different","status":"publish","type":"page","link":"https:\/\/coinkickoff.com\/fr\/bitcoin-casino\/how-are-bitcoin-slots-different\/","title":{"rendered":"En quoi les machines \u00e0 sous Bitcoin sont-elles diff\u00e9rentes des machines \u00e0 sous traditionnelles ?"},"content":{"rendered":"<p><em>Clause de non-responsabilit\u00e9 : les jeux d'argent comportent des risques financiers importants. Ne jouez qu'avec de l'argent que vous pouvez vous permettre de perdre. Les informations fournies ci-dessous le sont uniquement \u00e0 titre indicatif. Nous pouvons recevoir une commission si vous vous inscrivez et perdez de l'argent sur l'un des sites suivants <a href=\"https:\/\/coinkickoff.com\/fr\/bitcoin-casino\/\" data-internallinksmanager029f6b8e52c=\"200\" title=\"3 meilleurs casinos en crypto Bitcoin avec bonus\">casinos<\/a>. Tous les casinos ne sont pas disponibles dans tous les pays. Toutes les informations sont consid\u00e9r\u00e9es comme correctes au moment de la publication mais peuvent avoir chang\u00e9 depuis.<\/em><\/p>\n<div id=\"ez-toc-container\" class=\"ez-toc-v2_0_80 counter-hierarchy ez-toc-counter ez-toc-transparent ez-toc-container-direction\">\n<div class=\"ez-toc-title-container\">\n<p class=\"ez-toc-title\" style=\"cursor:inherit\">Sections<\/p>\n<span class=\"ez-toc-title-toggle\"><a href=\"#\" class=\"ez-toc-pull-right ez-toc-btn ez-toc-btn-xs ez-toc-btn-default ez-toc-toggle\" aria-label=\"Toggle Table des mati\u00e8res\"><span class=\"ez-toc-js-icon-con\"><span class=\"\"><span class=\"eztoc-hide\" style=\"display:none;\">Toggle<\/span><span class=\"ez-toc-icon-toggle-span\"><svg style=\"fill: #999;color:#999\" xmlns=\"http:\/\/www.w3.org\/2000\/svg\" class=\"list-377408\" width=\"20px\" height=\"20px\" viewbox=\"0 0 24 24\" fill=\"none\"><path d=\"M6 6H4v2h2V6zm14 0H8v2h12V6zM4 11h2v2H4v-2zm16 0H8v2h12v-2zM4 16h2v2H4v-2zm16 0H8v2h12v-2z\" fill=\"currentColor\"><\/path><\/svg><svg style=\"fill: #999;color:#999\" class=\"arrow-unsorted-368013\" xmlns=\"http:\/\/www.w3.org\/2000\/svg\" width=\"10px\" height=\"10px\" viewbox=\"0 0 24 24\" version=\"1.2\" baseprofile=\"tiny\"><path d=\"M18.2 9.3l-6.2-6.3-6.2 6.3c-.2.2-.3.4-.3.7s.1.5.3.7c.2.2.4.3.7.3h11c.3 0 .5-.1.7-.3.2-.2.3-.5.3-.7s-.1-.5-.3-.7zM5.8 14.7l6.2 6.3 6.2-6.3c.2-.2.3-.5.3-.7s-.1-.5-.3-.7c-.2-.2-.4-.3-.7-.3h-11c-.3 0-.5.1-.7.3-.2.2-.3.5-.3.7s.1.5.3.7z\"\/><\/svg><\/span><\/span><\/span><\/a><\/span><\/div>\n<nav><ul class='ez-toc-list ez-toc-list-level-1 eztoc-toggle-hide-by-default' ><li class='ez-toc-page-1 ez-toc-heading-level-2'><a class=\"ez-toc-link ez-toc-heading-1\" href=\"https:\/\/coinkickoff.com\/fr\/bitcoin-casino\/how-are-bitcoin-slots-different\/#Overview_of_Bitcoin_Slots\" >Aper\u00e7u des emplacements Bitcoin<\/a><ul class='ez-toc-list-level-3' ><li class='ez-toc-heading-level-3'><a class=\"ez-toc-link ez-toc-heading-2\" href=\"https:\/\/coinkickoff.com\/fr\/bitcoin-casino\/how-are-bitcoin-slots-different\/#Definition_of_Bitcoin_Slots\" >D\u00e9finition des emplacements Bitcoin<\/a><\/li><li class='ez-toc-page-1 ez-toc-heading-level-3'><a class=\"ez-toc-link ez-toc-heading-3\" href=\"https:\/\/coinkickoff.com\/fr\/bitcoin-casino\/how-are-bitcoin-slots-different\/#Primary_Characteristics\" >Caract\u00e9ristiques principales<\/a><\/li><li class='ez-toc-page-1 ez-toc-heading-level-3'><a class=\"ez-toc-link ez-toc-heading-4\" href=\"https:\/\/coinkickoff.com\/fr\/bitcoin-casino\/how-are-bitcoin-slots-different\/#Comparison_with_Traditional_Slots\" >Comparaison avec les machines \u00e0 sous traditionnelles<\/a><\/li><\/ul><\/li><li class='ez-toc-page-1 ez-toc-heading-level-2'><a class=\"ez-toc-link ez-toc-heading-5\" href=\"https:\/\/coinkickoff.com\/fr\/bitcoin-casino\/how-are-bitcoin-slots-different\/#Operational_Mechanisms\" >M\u00e9canismes op\u00e9rationnels<\/a><ul class='ez-toc-list-level-3' ><li class='ez-toc-heading-level-3'><a class=\"ez-toc-link ez-toc-heading-6\" href=\"https:\/\/coinkickoff.com\/fr\/bitcoin-casino\/how-are-bitcoin-slots-different\/#Underlying_Technology\" >Technologie sous-jacente<\/a><\/li><li class='ez-toc-page-1 ez-toc-heading-level-3'><a class=\"ez-toc-link ez-toc-heading-7\" href=\"https:\/\/coinkickoff.com\/fr\/bitcoin-casino\/how-are-bitcoin-slots-different\/#Random_Number_Generation\" >G\u00e9n\u00e9ration de nombres al\u00e9atoires<\/a><\/li><li class='ez-toc-page-1 ez-toc-heading-level-3'><a class=\"ez-toc-link ez-toc-heading-8\" href=\"https:\/\/coinkickoff.com\/fr\/bitcoin-casino\/how-are-bitcoin-slots-different\/#Transaction_Process\" >Processus de transaction<\/a><\/li><\/ul><\/li><li class='ez-toc-page-1 ez-toc-heading-level-2'><a class=\"ez-toc-link ez-toc-heading-9\" href=\"https:\/\/coinkickoff.com\/fr\/bitcoin-casino\/how-are-bitcoin-slots-different\/#User_Experience_and_Accessibility\" >Exp\u00e9rience utilisateur et accessibilit\u00e9<\/a><ul class='ez-toc-list-level-3' ><li class='ez-toc-heading-level-3'><a class=\"ez-toc-link ez-toc-heading-10\" href=\"https:\/\/coinkickoff.com\/fr\/bitcoin-casino\/how-are-bitcoin-slots-different\/#Interface_and_Design_Differences\" >Diff\u00e9rences d'interface et de conception<\/a><\/li><li class='ez-toc-page-1 ez-toc-heading-level-3'><a class=\"ez-toc-link ez-toc-heading-11\" href=\"https:\/\/coinkickoff.com\/fr\/bitcoin-casino\/how-are-bitcoin-slots-different\/#Payment_and_Withdrawal_Methods\" >M\u00e9thodes de paiement et de retrait<\/a><\/li><li class='ez-toc-page-1 ez-toc-heading-level-3'><a class=\"ez-toc-link ez-toc-heading-12\" href=\"https:\/\/coinkickoff.com\/fr\/bitcoin-casino\/how-are-bitcoin-slots-different\/#Anonymity_and_Security\" >Anonymat et s\u00e9curit\u00e9<\/a><\/li><\/ul><\/li><li class='ez-toc-page-1 ez-toc-heading-level-2'><a class=\"ez-toc-link ez-toc-heading-13\" href=\"https:\/\/coinkickoff.com\/fr\/bitcoin-casino\/how-are-bitcoin-slots-different\/#Frequently_Asked_Questions\" >Questions fr\u00e9quemment pos\u00e9es<\/a><ul class='ez-toc-list-level-3' ><li class='ez-toc-heading-level-3'><a class=\"ez-toc-link ez-toc-heading-14\" href=\"https:\/\/coinkickoff.com\/fr\/bitcoin-casino\/how-are-bitcoin-slots-different\/#What_advantages_do_Bitcoin_slots_offer_over_traditional_slot_machines\" >Quels sont les avantages des machines \u00e0 sous Bitcoin par rapport aux machines \u00e0 sous traditionnelles ?<\/a><\/li><li class='ez-toc-page-1 ez-toc-heading-level-3'><a class=\"ez-toc-link ez-toc-heading-15\" href=\"https:\/\/coinkickoff.com\/fr\/bitcoin-casino\/how-are-bitcoin-slots-different\/#How_do_crypto-based_slot_games_ensure_fairness\" >Comment les jeux de machines \u00e0 sous bas\u00e9s sur les crypto-monnaies garantissent-ils l'\u00e9quit\u00e9 ?<\/a><\/li><li class='ez-toc-page-1 ez-toc-heading-level-3'><a class=\"ez-toc-link ez-toc-heading-16\" href=\"https:\/\/coinkickoff.com\/fr\/bitcoin-casino\/how-are-bitcoin-slots-different\/#Can_players_use_Bitcoin_on_all_online_slot_platforms\" >Les joueurs peuvent-ils utiliser Bitcoin sur toutes les plateformes de machines \u00e0 sous en ligne ?<\/a><\/li><li class='ez-toc-page-1 ez-toc-heading-level-3'><a class=\"ez-toc-link ez-toc-heading-17\" href=\"https:\/\/coinkickoff.com\/fr\/bitcoin-casino\/how-are-bitcoin-slots-different\/#What_are_the_legal_implications_of_using_Bitcoin_for_gambling\" >Quelles sont les implications juridiques de l'utilisation de Bitcoin pour les jeux d'argent ?<\/a><\/li><li class='ez-toc-page-1 ez-toc-heading-level-3'><a class=\"ez-toc-link ez-toc-heading-18\" href=\"https:\/\/coinkickoff.com\/fr\/bitcoin-casino\/how-are-bitcoin-slots-different\/#Why_might_Bitcoin_slots_offer_more_privacy_than_regular_slots\" >Pourquoi les emplacements Bitcoin offrent-ils plus de confidentialit\u00e9 que les emplacements ordinaires ?<\/a><\/li><li class='ez-toc-page-1 ez-toc-heading-level-3'><a class=\"ez-toc-link ez-toc-heading-19\" href=\"https:\/\/coinkickoff.com\/fr\/bitcoin-casino\/how-are-bitcoin-slots-different\/#In_what_ways_can_the_payouts_differ_between_Bitcoin_slots_and_conventional_slots\" >En quoi les gains peuvent-ils diff\u00e9rer entre les machines \u00e0 sous Bitcoin et les machines \u00e0 sous conventionnelles ?<\/a><\/li><\/ul><\/li><\/ul><\/nav><\/div>\n<h2><span class=\"ez-toc-section\" id=\"Overview_of_Bitcoin_Slots\"><\/span>Aper\u00e7u des emplacements Bitcoin<span class=\"ez-toc-section-end\"><\/span><\/h2>\n<p><img decoding=\"async\" src=\"https:\/\/coinkickoff.com\/wp-content\/uploads\/v2-3dh2w-v0uhq.jpg\" alt=\"\"><\/p>\n<p><a href=\"https:\/\/coinkickoff.com\/fr\/bitcoin-casino\/how-to-play-crypto-slots\/\" data-internallinksmanager029f6b8e52c=\"205\" title=\"Comment jouer aux machines \u00e0 sous Crypto : Votre guide pas \u00e0 pas\">Emplacements Bitcoin<\/a> int\u00e8grent l'utilisation de crypto-monnaies pour les mises et les transactions, apportant une touche de modernit\u00e9 aux jeux de machines \u00e0 sous.<\/p>\n<h3><span class=\"ez-toc-section\" id=\"Definition_of_Bitcoin_Slots\"><\/span>D\u00e9finition des emplacements Bitcoin<span class=\"ez-toc-section-end\"><\/span><\/h3>\n<p>Les machines \u00e0 sous Bitcoin sont des jeux de casino qui fonctionnent avec Bitcoin comme monnaie. Ces machines \u00e0 sous r\u00e9sident sur des plateformes en ligne qui prennent en charge la technologie blockchain et s'adressent sp\u00e9cifiquement aux utilisateurs de crypto-monnaies.<\/p>\n<h3><span class=\"ez-toc-section\" id=\"Primary_Characteristics\"><\/span>Caract\u00e9ristiques principales<span class=\"ez-toc-section-end\"><\/span><\/h3>\n<p><strong>D\u00e9centralisation<\/strong>: Les machines \u00e0 sous Bitcoin fonctionnent sur un r\u00e9seau d\u00e9centralis\u00e9, libre des syst\u00e8mes bancaires traditionnels.<br \/>\n<strong>Vie priv\u00e9e<\/strong>: Les utilisateurs b\u00e9n\u00e9ficient d'une plus grande confidentialit\u00e9, car les donn\u00e9es personnelles ne sont pas li\u00e9es aux transactions.<br \/>\n<strong>Provably Fair<\/strong>: Ils int\u00e8grent des algorithmes dont l'\u00e9quit\u00e9 peut \u00eatre prouv\u00e9e, ce qui permet aux joueurs de v\u00e9rifier l'\u00e9quit\u00e9 de chaque tour de fa\u00e7on ind\u00e9pendante.<br \/>\n<strong>Transactions rapides<\/strong>: Les d\u00e9p\u00f4ts et les retraits ont tendance \u00e0 \u00eatre plus rapides que les devises traditionnelles en raison de la nature de la blockchain.<br \/>\n<strong>Bonus exclusifs<\/strong>: Certaines machines \u00e0 sous Bitcoin offrent des bonus sp\u00e9ciaux aux utilisateurs qui jouent avec des crypto-monnaies.<\/p>\n<h3><span class=\"ez-toc-section\" id=\"Comparison_with_Traditional_Slots\"><\/span>Comparaison avec les machines \u00e0 sous traditionnelles<span class=\"ez-toc-section-end\"><\/span><\/h3>\n<ul>\n<li><strong>Monnaie<\/strong>: Les machines \u00e0 sous traditionnelles utilisent la monnaie fiduciaire, les machines \u00e0 sous Bitcoin utilisent la crypto-monnaie.<\/li>\n<li><strong>Traitement des paiements<\/strong>: Les machines \u00e0 sous traditionnelles s'appuient sur des m\u00e9thodes bancaires standard ; les machines \u00e0 sous Bitcoin utilisent la blockchain, ce qui peut conduire \u00e0 des temps de traitement plus rapides.<\/li>\n<li><strong>R\u00e8glement<\/strong>: Les machines \u00e0 sous Bitcoin peuvent faire l'objet de r\u00e9glementations diff\u00e9rentes en raison de la nature d\u00e9centralis\u00e9e des crypto-monnaies.<\/li>\n<\/ul>\n<h2><span class=\"ez-toc-section\" id=\"Operational_Mechanisms\"><\/span>M\u00e9canismes op\u00e9rationnels<span class=\"ez-toc-section-end\"><\/span><\/h2>\n<p><img decoding=\"async\" src=\"https:\/\/coinkickoff.com\/wp-content\/uploads\/v2-3dh39-38urg.jpg\" alt=\"\"><\/p>\n<p>Les machines \u00e0 sous Bitcoin tirent parti des prouesses technologiques des crypto-monnaies, alors que les machines \u00e0 sous classiques sont traditionnellement li\u00e9es aux monnaies fiduciaires. Ces diff\u00e9rences op\u00e9rationnelles soulignent le caract\u00e8re unique des machines \u00e0 sous Bitcoin dans l'industrie du jeu.<\/p>\n<h3><span class=\"ez-toc-section\" id=\"Underlying_Technology\"><\/span>Technologie sous-jacente<span class=\"ez-toc-section-end\"><\/span><\/h3>\n<p>Les emplacements Bitcoin fonctionnent sur <strong>technologie de la blockchain<\/strong>ce qui assure la transparence et l'immutabilit\u00e9. Les transactions \u00e0 l'int\u00e9rieur de ces cr\u00e9neaux sont enregistr\u00e9es sur un serveur distribu\u00e9. <a href=\"https:\/\/coinkickoff.com\/fr\/what-is-ledger-wallet\/\" data-internallinksmanager029f6b8e52c=\"167\" title=\"Le porte-monnaie Ledger en 2023 : Frais, caract\u00e9ristiques, s\u00e9curit\u00e9, avantages et inconv\u00e9nients.\">grand livre<\/a>Ces machines \u00e0 sous sont visibles par tous mais ne peuvent \u00eatre modifi\u00e9es par personne, ce qui favorise un degr\u00e9 \u00e9lev\u00e9 de confiance. Les machines \u00e0 sous classiques, en revanche, reposent sur un logiciel de jeu h\u00e9berg\u00e9 sur des serveurs priv\u00e9s, o\u00f9 les joueurs doivent se fier \u00e0 la r\u00e9putation du casino en mati\u00e8re d'\u00e9quit\u00e9 et de s\u00e9curit\u00e9.<\/p>\n<h3><span class=\"ez-toc-section\" id=\"Random_Number_Generation\"><\/span>G\u00e9n\u00e9ration de nombres al\u00e9atoires<span class=\"ez-toc-section-end\"><\/span><\/h3>\n<p>Les fentes Bitcoin et les fentes normales utilisent toutes les deux <strong>G\u00e9n\u00e9rateurs de nombres al\u00e9atoires (RNG)<\/strong> pour garantir que le r\u00e9sultat de chaque tour est purement al\u00e9atoire. Cependant, les machines \u00e0 sous Bitcoin utilisent souvent le syst\u00e8me <strong>des algorithmes dont l'\u00e9quit\u00e9 est prouv\u00e9e<\/strong>qui permettent aux joueurs de v\u00e9rifier ind\u00e9pendamment le caract\u00e8re al\u00e9atoire de chaque r\u00e9sultat. Cela contraste avec les machines \u00e0 sous ordinaires qui utilisent des RNG propri\u00e9taires, dont l'\u00e9quit\u00e9 est v\u00e9rifi\u00e9e par des soci\u00e9t\u00e9s ind\u00e9pendantes.<\/p>\n<ul>\n<li><strong>Algorithme \u00e9quitable<\/strong>: Une m\u00e9thode cryptographique garantissant l'\u00e9quit\u00e9 du jeu.<\/li>\n<li><strong>RNG propri\u00e9taires<\/strong>: Syst\u00e8mes ferm\u00e9s utilis\u00e9s dans des cr\u00e9neaux horaires r\u00e9guliers, soumis \u00e0 des audits.<\/li>\n<\/ul>\n<h3><span class=\"ez-toc-section\" id=\"Transaction_Process\"><\/span>Processus de transaction<span class=\"ez-toc-section-end\"><\/span><\/h3>\n<p>Le processus de transaction dans les cr\u00e9neaux Bitcoin est sensiblement diff\u00e9rent, offrant <strong>des transactions imm\u00e9diates, de pair \u00e0 pair<\/strong> qui permettent aux joueurs de d\u00e9poser et de retirer presque instantan\u00e9ment.<\/p>\n<ul>\n<li><strong>D\u00e9p\u00f4ts<\/strong>: Envoy\u00e9 directement du portefeuille Bitcoin du joueur au portefeuille du casino.<\/li>\n<li><strong>Retraits<\/strong>: Le transfert est effectu\u00e9 vers le portefeuille du joueur, souvent sans qu'il soit n\u00e9cessaire d'obtenir l'approbation d'une institution bancaire.<\/li>\n<\/ul>\n<p>Les cr\u00e9neaux r\u00e9guliers, en revanche, impliquent des banques ou d'autres interm\u00e9diaires financiers qui peuvent retarder les transactions en imposant des d\u00e9lais de traitement et des frais suppl\u00e9mentaires.<\/p>\n<h2><span class=\"ez-toc-section\" id=\"User_Experience_and_Accessibility\"><\/span>Exp\u00e9rience utilisateur et accessibilit\u00e9<span class=\"ez-toc-section-end\"><\/span><\/h2>\n<p><img decoding=\"async\" src=\"https:\/\/coinkickoff.com\/wp-content\/uploads\/v2-3dh3q-bmbhr.jpg\" alt=\"\"><\/p>\n<p>Les machines \u00e0 sous Bitcoin ont remodel\u00e9 les interactions avec les utilisateurs et l'accessibilit\u00e9 des jeux en ligne gr\u00e2ce \u00e0 des interfaces distinctes, des modalit\u00e9s de paiement et une meilleure protection de la vie priv\u00e9e.<\/p>\n<h3><span class=\"ez-toc-section\" id=\"Interface_and_Design_Differences\"><\/span>Diff\u00e9rences d'interface et de conception<span class=\"ez-toc-section-end\"><\/span><\/h3>\n<p>Les emplacements Bitcoin sont souvent dot\u00e9s d'un <strong>interface moderne et intuitive<\/strong>Les joueurs peuvent rencontrer des \u00e9l\u00e9ments interactifs tels que Les joueurs peuvent rencontrer des \u00e9l\u00e9ments interactifs tels que :<\/p>\n<ul>\n<li>Des indicateurs de progr\u00e8s pour les primes.<\/li>\n<li>En temps r\u00e9el <a href=\"https:\/\/coinkickoff.com\/fr\/crypto-exchanges\/\" data-internallinksmanager029f6b8e52c=\"141\" title=\"21 meilleurs \u00e9changes de crypto-monnaies et applications en 2024\">\u00e9change de crypto-monnaie<\/a> taux.<\/li>\n<\/ul>\n<p>Les cr\u00e9neaux r\u00e9guliers ont tendance \u00e0 <a href=\"https:\/\/coinkickoff.com\/fr\/uphold-review\/\" data-internallinksmanager029f6b8e52c=\"156\" title=\"Uphold Reviews 2023 : Tarifs, caract\u00e9ristiques, s\u00e9curit\u00e9, avantages et inconv\u00e9nients.\">maintenir<\/a> a <strong>l'\u00e9thique du design classique<\/strong>avec des interfaces qui privil\u00e9gient la familiarit\u00e9 et la simplicit\u00e9, comme l'affichage statique du jackpot.<\/p>\n<h3><span class=\"ez-toc-section\" id=\"Payment_and_Withdrawal_Methods\"><\/span>M\u00e9thodes de paiement et de retrait<span class=\"ez-toc-section-end\"><\/span><\/h3>\n<table>\n<thead>\n<tr>\n<th>M\u00e9thode<\/th>\n<th>Bitcoin Slots<\/th>\n<th>Machines \u00e0 sous ordinaires<\/th>\n<\/tr>\n<\/thead>\n<tbody>\n<tr>\n<td>D\u00e9p\u00f4ts<\/td>\n<td>Directement \u00e0 partir des portefeuilles cryptographiques, presque instantan\u00e9ment.<\/td>\n<td>Par cartes bancaires, portefeuilles \u00e9lectroniques ou virements bancaires, avec des d\u00e9lais de traitement variables.<\/td>\n<\/tr>\n<tr>\n<td>Retraits<\/td>\n<td>Le traitement se fait g\u00e9n\u00e9ralement en quelques minutes ou en quelques heures.<\/td>\n<td>Ils peuvent prendre plusieurs jours et sont souvent soumis \u00e0 des limites de retrait minimales.<\/td>\n<\/tr>\n<\/tbody>\n<\/table>\n<p>Les plates-formes \u00e0 cr\u00e9neaux Bitcoin offrent g\u00e9n\u00e9ralement <strong>des transactions sans friction<\/strong> en raison de la nature de la technologie blockchain.<\/p>\n<h3><span class=\"ez-toc-section\" id=\"Anonymity_and_Security\"><\/span>Anonymat et s\u00e9curit\u00e9<span class=\"ez-toc-section-end\"><\/span><\/h3>\n<p>Dans les machines \u00e0 sous Bitcoin, les joueurs b\u00e9n\u00e9ficient d'un degr\u00e9 plus \u00e9lev\u00e9 d'interactivit\u00e9. <strong>anonymat<\/strong>. Ils :<\/p>\n<ul>\n<li>ne sont pas tenus de communiquer autant d'informations personnelles.<\/li>\n<li>B\u00e9n\u00e9ficier des caract\u00e9ristiques de s\u00e9curit\u00e9 inh\u00e9rentes \u00e0 la technologie blockchain.<\/li>\n<\/ul>\n<p>\u00c0 l'inverse, les cr\u00e9neaux r\u00e9guliers doivent respecter des r\u00e8gles strictes. <strong>les processus de r\u00e9glementation et de v\u00e9rification<\/strong>qui n\u00e9cessite souvent des donn\u00e9es personnelles d\u00e9taill\u00e9es de la part des utilisateurs.<\/p>\n<h2><span class=\"ez-toc-section\" id=\"Frequently_Asked_Questions\"><\/span>Questions fr\u00e9quemment pos\u00e9es<span class=\"ez-toc-section-end\"><\/span><\/h2>\n<p><img decoding=\"async\" src=\"https:\/\/coinkickoff.com\/wp-content\/uploads\/v2-3dh42-3zxyj.jpg\" alt=\"\"><\/p>\n<p>Cette section r\u00e9pond aux questions les plus fr\u00e9quentes concernant les diff\u00e9rences entre les machines \u00e0 sous Bitcoin et les jeux de machines \u00e0 sous traditionnels, en mettant l'accent sur des aspects tels que les avantages, l'\u00e9quit\u00e9, l'accessibilit\u00e9, les consid\u00e9rations juridiques, le respect de la vie priv\u00e9e et les variations des gains.<\/p>\n<h3><span class=\"ez-toc-section\" id=\"What_advantages_do_Bitcoin_slots_offer_over_traditional_slot_machines\"><\/span>Quels sont les avantages des machines \u00e0 sous Bitcoin par rapport aux machines \u00e0 sous traditionnelles ?<span class=\"ez-toc-section-end\"><\/span><\/h3>\n<p>Les machines \u00e0 sous Bitcoin offrent g\u00e9n\u00e9ralement aux utilisateurs une plus grande confidentialit\u00e9, car elles ne requi\u00e8rent pas toujours d'informations personnelles pour les transactions. Ils offrent \u00e9galement des d\u00e9lais de transaction plus courts que les m\u00e9thodes bancaires traditionnelles, car les transactions Bitcoin peuvent \u00eatre trait\u00e9es rapidement sans qu'il soit n\u00e9cessaire de recourir \u00e0 une autorit\u00e9 centrale.<\/p>\n<h3><span class=\"ez-toc-section\" id=\"How_do_crypto-based_slot_games_ensure_fairness\"><\/span>Comment les jeux de machines \u00e0 sous bas\u00e9s sur les crypto-monnaies garantissent-ils l'\u00e9quit\u00e9 ?<span class=\"ez-toc-section-end\"><\/span><\/h3>\n<p>Les jeux de machines \u00e0 sous bas\u00e9s sur les crypto-monnaies utilisent souvent des algorithmes dont l'\u00e9quit\u00e9 peut \u00eatre prouv\u00e9e, ce qui permet aux joueurs de v\u00e9rifier l'\u00e9quit\u00e9 de chaque tour de mani\u00e8re ind\u00e9pendante. Ce syst\u00e8me assure la transparence en utilisant des techniques cryptographiques pour montrer que le r\u00e9sultat d'un jeu n'a pas \u00e9t\u00e9 manipul\u00e9.<\/p>\n<h3><span class=\"ez-toc-section\" id=\"Can_players_use_Bitcoin_on_all_online_slot_platforms\"><\/span>Les joueurs peuvent-ils utiliser Bitcoin sur toutes les plateformes de machines \u00e0 sous en ligne ?<span class=\"ez-toc-section-end\"><\/span><\/h3>\n<p>Toutes les plateformes de machines \u00e0 sous en ligne n'acceptent pas le Bitcoin. Bien que le nombre de plateformes acceptant les crypto-monnaies soit en augmentation, les joueurs doivent v\u00e9rifier les options de paiement de chaque site pour d\u00e9terminer si le Bitcoin est accept\u00e9.<\/p>\n<h3><span class=\"ez-toc-section\" id=\"What_are_the_legal_implications_of_using_Bitcoin_for_gambling\"><\/span>Quelles sont les implications juridiques de l'utilisation de Bitcoin pour les jeux d'argent ?<span class=\"ez-toc-section-end\"><\/span><\/h3>\n<p>Les implications l\u00e9gales de l'utilisation de Bitcoin pour les jeux d'argent varient selon les juridictions. Les joueurs sont responsables de la compr\u00e9hension et du respect des lois locales concernant les jeux d'argent en ligne et l'utilisation des crypto-monnaies.<\/p>\n<h3><span class=\"ez-toc-section\" id=\"Why_might_Bitcoin_slots_offer_more_privacy_than_regular_slots\"><\/span>Pourquoi les emplacements Bitcoin offrent-ils plus de confidentialit\u00e9 que les emplacements ordinaires ?<span class=\"ez-toc-section-end\"><\/span><\/h3>\n<p>Les machines \u00e0 sous Bitcoin offrent une plus grande confidentialit\u00e9 car les transactions avec Bitcoin n'impliquent pas n\u00e9cessairement le partage de donn\u00e9es bancaires personnelles. Cela permet aux joueurs de jouer sans que leur activit\u00e9 soit facilement tra\u00e7able par les institutions financi\u00e8res.<\/p>\n<h3><span class=\"ez-toc-section\" id=\"In_what_ways_can_the_payouts_differ_between_Bitcoin_slots_and_conventional_slots\"><\/span>En quoi les gains peuvent-ils diff\u00e9rer entre les machines \u00e0 sous Bitcoin et les machines \u00e0 sous conventionnelles ?<span class=\"ez-toc-section-end\"><\/span><\/h3>\n<p>Les gains des machines \u00e0 sous Bitcoin peuvent \u00eatre plus importants en raison des co\u00fbts d'exploitation potentiellement plus faibles des transactions en crypto-monnaie. En outre, certaines machines \u00e0 sous Bitcoin offrent des jackpots uniques pay\u00e9s en crypto-monnaie, dont la valeur peut fluctuer, augmentant parfois la valeur du paiement en termes de monnaie fiduciaire.<\/p>","protected":false},"excerpt":{"rendered":"<p>Clause de non-responsabilit\u00e9 : les jeux d'argent comportent des risques financiers importants. Ne jouez qu'avec de l'argent que vous pouvez vous permettre de perdre. Les informations fournies ci-dessous le sont \u00e0 titre indicatif uniquement. Nous pouvons recevoir une commission si vous vous inscrivez et perdez de l'argent dans l'un des casinos suivants. Tous les casinos ne sont pas disponibles dans tous les pays. Toutes les informations que nous [...]<\/p>","protected":false},"author":1,"featured_media":4631,"parent":4440,"menu_order":0,"comment_status":"closed","ping_status":"closed","template":"","meta":{"_genesis_hide_title":false,"_genesis_hide_breadcrumbs":false,"_genesis_hide_singular_image":false,"_genesis_hide_footer_widgets":false,"_genesis_custom_body_class":"","_genesis_custom_post_class":"","_genesis_layout":"","_glsr_average":0,"_glsr_ranking":0,"_glsr_reviews":0,"footnotes":""},"class_list":{"0":"post-4628","1":"page","2":"type-page","3":"status-publish","4":"has-post-thumbnail","6":"entry"},"featured_image_src":"https:\/\/coinkickoff.com\/wp-content\/uploads\/v2-3dh3q-bmbhr-600x400.jpg","featured_image_src_square":"https:\/\/coinkickoff.com\/wp-content\/uploads\/v2-3dh3q-bmbhr-600x600.jpg","_links":{"self":[{"href":"https:\/\/coinkickoff.com\/fr\/wp-json\/wp\/v2\/pages\/4628","targetHints":{"allow":["GET"]}}],"collection":[{"href":"https:\/\/coinkickoff.com\/fr\/wp-json\/wp\/v2\/pages"}],"about":[{"href":"https:\/\/coinkickoff.com\/fr\/wp-json\/wp\/v2\/types\/page"}],"author":[{"embeddable":true,"href":"https:\/\/coinkickoff.com\/fr\/wp-json\/wp\/v2\/users\/1"}],"replies":[{"embeddable":true,"href":"https:\/\/coinkickoff.com\/fr\/wp-json\/wp\/v2\/comments?post=4628"}],"version-history":[{"count":3,"href":"https:\/\/coinkickoff.com\/fr\/wp-json\/wp\/v2\/pages\/4628\/revisions"}],"predecessor-version":[{"id":4635,"href":"https:\/\/coinkickoff.com\/fr\/wp-json\/wp\/v2\/pages\/4628\/revisions\/4635"}],"up":[{"embeddable":true,"href":"https:\/\/coinkickoff.com\/fr\/wp-json\/wp\/v2\/pages\/4440"}],"wp:featuredmedia":[{"embeddable":true,"href":"https:\/\/coinkickoff.com\/fr\/wp-json\/wp\/v2\/media\/4631"}],"wp:attachment":[{"href":"https:\/\/coinkickoff.com\/fr\/wp-json\/wp\/v2\/media?parent=4628"}],"curies":[{"name":"wp","href":"https:\/\/api.w.org\/{rel}","templated":true}]}}