{"id":4595,"date":"2026-01-08T14:07:58","date_gmt":"2026-01-08T14:07:58","guid":{"rendered":"https:\/\/coinkickoff.com\/?page_id=4595"},"modified":"2026-01-08T14:07:58","modified_gmt":"2026-01-08T14:07:58","slug":"how-is-bitcoin-roulette-different","status":"publish","type":"page","link":"https:\/\/coinkickoff.com\/fr\/bitcoin-casino\/how-is-bitcoin-roulette-different\/","title":{"rendered":"En quoi la roulette Bitcoin est-elle diff\u00e9rente de la roulette de casino traditionnelle ?"},"content":{"rendered":"<p>Clause de non-responsabilit\u00e9 : les jeux d'argent comportent des risques financiers importants. Ne jouez qu'avec de l'argent que vous pouvez vous permettre de perdre. Les informations fournies ci-dessous le sont uniquement \u00e0 titre indicatif. Nous pouvons recevoir une commission si vous vous inscrivez et perdez de l'argent sur l'un des sites suivants <a href=\"https:\/\/coinkickoff.com\/fr\/bitcoin-casino\/\" data-internallinksmanager029f6b8e52c=\"200\" title=\"3 meilleurs casinos en crypto Bitcoin avec bonus\">casinos<\/a>. Tous les casinos ne sont pas disponibles dans tous les pays. Toutes les informations sont consid\u00e9r\u00e9es comme correctes au moment de la publication mais peuvent avoir chang\u00e9 depuis.<\/p>\n<div id=\"ez-toc-container\" class=\"ez-toc-v2_0_80 counter-hierarchy ez-toc-counter ez-toc-transparent ez-toc-container-direction\">\n<div class=\"ez-toc-title-container\">\n<p class=\"ez-toc-title\" style=\"cursor:inherit\">Sections<\/p>\n<span class=\"ez-toc-title-toggle\"><a href=\"#\" class=\"ez-toc-pull-right ez-toc-btn ez-toc-btn-xs ez-toc-btn-default ez-toc-toggle\" aria-label=\"Toggle Table des mati\u00e8res\"><span class=\"ez-toc-js-icon-con\"><span class=\"\"><span class=\"eztoc-hide\" style=\"display:none;\">Toggle<\/span><span class=\"ez-toc-icon-toggle-span\"><svg style=\"fill: #999;color:#999\" xmlns=\"http:\/\/www.w3.org\/2000\/svg\" class=\"list-377408\" width=\"20px\" height=\"20px\" viewbox=\"0 0 24 24\" fill=\"none\"><path d=\"M6 6H4v2h2V6zm14 0H8v2h12V6zM4 11h2v2H4v-2zm16 0H8v2h12v-2zM4 16h2v2H4v-2zm16 0H8v2h12v-2z\" fill=\"currentColor\"><\/path><\/svg><svg style=\"fill: #999;color:#999\" class=\"arrow-unsorted-368013\" xmlns=\"http:\/\/www.w3.org\/2000\/svg\" width=\"10px\" height=\"10px\" viewbox=\"0 0 24 24\" version=\"1.2\" baseprofile=\"tiny\"><path d=\"M18.2 9.3l-6.2-6.3-6.2 6.3c-.2.2-.3.4-.3.7s.1.5.3.7c.2.2.4.3.7.3h11c.3 0 .5-.1.7-.3.2-.2.3-.5.3-.7s-.1-.5-.3-.7zM5.8 14.7l6.2 6.3 6.2-6.3c.2-.2.3-.5.3-.7s-.1-.5-.3-.7c-.2-.2-.4-.3-.7-.3h-11c-.3 0-.5.1-.7.3-.2.2-.3.5-.3.7s.1.5.3.7z\"\/><\/svg><\/span><\/span><\/span><\/a><\/span><\/div>\n<nav><ul class='ez-toc-list ez-toc-list-level-1 eztoc-toggle-hide-by-default' ><li class='ez-toc-page-1 ez-toc-heading-level-2'><a class=\"ez-toc-link ez-toc-heading-1\" href=\"https:\/\/coinkickoff.com\/fr\/bitcoin-casino\/how-is-bitcoin-roulette-different\/#Fundamentals_of_Bitcoin_Roulette\" >Principes de base de la roulette Bitcoin<\/a><ul class='ez-toc-list-level-3' ><li class='ez-toc-heading-level-3'><a class=\"ez-toc-link ez-toc-heading-2\" href=\"https:\/\/coinkickoff.com\/fr\/bitcoin-casino\/how-is-bitcoin-roulette-different\/#Definition_and_Mechanism\" >D\u00e9finition et m\u00e9canisme<\/a><\/li><li class='ez-toc-page-1 ez-toc-heading-level-3'><a class=\"ez-toc-link ez-toc-heading-3\" href=\"https:\/\/coinkickoff.com\/fr\/bitcoin-casino\/how-is-bitcoin-roulette-different\/#Basic_Rules_Comparison\" >Comparaison des r\u00e8gles de base<\/a><\/li><\/ul><\/li><li class='ez-toc-page-1 ez-toc-heading-level-2'><a class=\"ez-toc-link ez-toc-heading-4\" href=\"https:\/\/coinkickoff.com\/fr\/bitcoin-casino\/how-is-bitcoin-roulette-different\/#Technological_Aspects\" >Aspects technologiques<\/a><ul class='ez-toc-list-level-3' ><li class='ez-toc-heading-level-3'><a class=\"ez-toc-link ez-toc-heading-5\" href=\"https:\/\/coinkickoff.com\/fr\/bitcoin-casino\/how-is-bitcoin-roulette-different\/#Software_and_Fairness\" >Logiciels et \u00e9quit\u00e9<\/a><\/li><li class='ez-toc-page-1 ez-toc-heading-level-3'><a class=\"ez-toc-link ez-toc-heading-6\" href=\"https:\/\/coinkickoff.com\/fr\/bitcoin-casino\/how-is-bitcoin-roulette-different\/#Transaction_Security_and_Anonymity\" >S\u00e9curit\u00e9 des transactions et anonymat<\/a><\/li><\/ul><\/li><li class='ez-toc-page-1 ez-toc-heading-level-2'><a class=\"ez-toc-link ez-toc-heading-7\" href=\"https:\/\/coinkickoff.com\/fr\/bitcoin-casino\/how-is-bitcoin-roulette-different\/#Practical_Considerations\" >Consid\u00e9rations pratiques<\/a><ul class='ez-toc-list-level-3' ><li class='ez-toc-heading-level-3'><a class=\"ez-toc-link ez-toc-heading-8\" href=\"https:\/\/coinkickoff.com\/fr\/bitcoin-casino\/how-is-bitcoin-roulette-different\/#Accessibility_and_Jurisdiction\" >Accessibilit\u00e9 et comp\u00e9tence<\/a><\/li><li class='ez-toc-page-1 ez-toc-heading-level-3'><a class=\"ez-toc-link ez-toc-heading-9\" href=\"https:\/\/coinkickoff.com\/fr\/bitcoin-casino\/how-is-bitcoin-roulette-different\/#Payment_Processing_Times\" >D\u00e9lais de traitement des paiements<\/a><\/li><li class='ez-toc-page-1 ez-toc-heading-level-3'><a class=\"ez-toc-link ez-toc-heading-10\" href=\"https:\/\/coinkickoff.com\/fr\/bitcoin-casino\/how-is-bitcoin-roulette-different\/#Casino_Bonuses_and_Incentives\" >Bonus et incitations dans les casinos<\/a><\/li><\/ul><\/li><li class='ez-toc-page-1 ez-toc-heading-level-2'><a class=\"ez-toc-link ez-toc-heading-11\" href=\"https:\/\/coinkickoff.com\/fr\/bitcoin-casino\/how-is-bitcoin-roulette-different\/#Frequently_Asked_Questions\" >Questions fr\u00e9quemment pos\u00e9es<\/a><ul class='ez-toc-list-level-3' ><li class='ez-toc-heading-level-3'><a class=\"ez-toc-link ez-toc-heading-12\" href=\"https:\/\/coinkickoff.com\/fr\/bitcoin-casino\/how-is-bitcoin-roulette-different\/#What_are_the_distinctive_features_of_Bitcoin_roulette_compared_to_traditional_roulette\" >Quelles sont les caract\u00e9ristiques de la roulette Bitcoin par rapport \u00e0 la roulette traditionnelle ?<\/a><\/li><li class='ez-toc-page-1 ez-toc-heading-level-3'><a class=\"ez-toc-link ez-toc-heading-13\" href=\"https:\/\/coinkickoff.com\/fr\/bitcoin-casino\/how-is-bitcoin-roulette-different\/#Can_you_use_Bitcoin_to_play_any_version_of_roulette\" >Pouvez-vous utiliser Bitcoin pour jouer \u00e0 n'importe quelle version de la roulette ?<\/a><\/li><li class='ez-toc-page-1 ez-toc-heading-level-3'><a class=\"ez-toc-link ez-toc-heading-14\" href=\"https:\/\/coinkickoff.com\/fr\/bitcoin-casino\/how-is-bitcoin-roulette-different\/#What_advantages_do_Bitcoin_casinos_offer_for_roulette_players\" >Quels avantages les casinos Bitcoin offrent-ils aux joueurs de roulette ?<\/a><\/li><li class='ez-toc-page-1 ez-toc-heading-level-3'><a class=\"ez-toc-link ez-toc-heading-15\" href=\"https:\/\/coinkickoff.com\/fr\/bitcoin-casino\/how-is-bitcoin-roulette-different\/#How_does_the_integration_of_Bitcoin_affect_the_gameplay_of_roulette\" >Comment l'int\u00e9gration de Bitcoin affecte-t-elle le jeu de la roulette ?<\/a><\/li><li class='ez-toc-page-1 ez-toc-heading-level-3'><a class=\"ez-toc-link ez-toc-heading-16\" href=\"https:\/\/coinkickoff.com\/fr\/bitcoin-casino\/how-is-bitcoin-roulette-different\/#Are_there_any_unique_betting_options_available_in_Bitcoin_roulette\" >Existe-t-il des options de paris uniques \u00e0 la roulette Bitcoin ?<\/a><\/li><li class='ez-toc-page-1 ez-toc-heading-level-3'><a class=\"ez-toc-link ez-toc-heading-17\" href=\"https:\/\/coinkickoff.com\/fr\/bitcoin-casino\/how-is-bitcoin-roulette-different\/#What_should_players_know_about_the_security_of_Bitcoin_roulette_games\" >Que doivent savoir les joueurs sur la s\u00e9curit\u00e9 des jeux de roulette Bitcoin ?<\/a><\/li><\/ul><\/li><\/ul><\/nav><\/div>\n<h2><span class=\"ez-toc-section\" id=\"Fundamentals_of_Bitcoin_Roulette\"><\/span>Principes de base de la roulette Bitcoin<span class=\"ez-toc-section-end\"><\/span><\/h2>\n<p><img decoding=\"async\" src=\"https:\/\/coinkickoff.com\/wp-content\/uploads\/v2-3dgyd-6ia5o.jpg\" alt=\"\"><\/p>\n<p><a href=\"https:\/\/coinkickoff.com\/fr\/bitcoin-casino\/how-to-play-crypto-roulette\/\" data-internallinksmanager029f6b8e52c=\"206\" title=\"Comment jouer \u00e0 la Crypto Roulette : Votre guide des paris sur la blockchain\">Bitcoin Roulette<\/a> fonctionne selon les m\u00eames principes de base que la roulette traditionnelle, mais on joue avec Bitcoin plut\u00f4t qu'avec une monnaie fiduciaire, ce qui influe sur la vitesse des transactions et l'anonymat.<\/p>\n<h3><span class=\"ez-toc-section\" id=\"Definition_and_Mechanism\"><\/span>D\u00e9finition et m\u00e9canisme<span class=\"ez-toc-section-end\"><\/span><\/h3>\n<p>La roulette Bitcoin est une variante num\u00e9rique du jeu de casino classique qui utilise Bitcoin pour les paris et les transactions. Les joueurs parient sur l'endroit o\u00f9 la bille atterrira sur une roue divis\u00e9e en sections num\u00e9rot\u00e9es et color\u00e9es. Le m\u00e9canisme est similaire \u00e0 celui de la roulette classique, la principale diff\u00e9rence \u00e9tant la monnaie utilis\u00e9e. Dans la roulette Bitcoin, chaque transaction est trait\u00e9e par la blockchain, ce qui assure la transparence et r\u00e9duit la probabilit\u00e9 de fraude.<\/p>\n<ul>\n<li><strong>Vitesse de transaction<\/strong>: Les transactions avec Bitcoin sont plus rapides et prennent g\u00e9n\u00e9ralement quelques minutes.<\/li>\n<li><strong>Anonymat<\/strong>: Les joueurs peuvent conserver leur anonymat, car aucune information personnelle n'est requise pour effectuer des transactions sur Bitcoin.<\/li>\n<\/ul>\n<h3><span class=\"ez-toc-section\" id=\"Basic_Rules_Comparison\"><\/span>Comparaison des r\u00e8gles de base<span class=\"ez-toc-section-end\"><\/span><\/h3>\n<p>Les r\u00e8gles de base de la roulette Bitcoin et de la roulette normale sont fondamentalement les m\u00eames. Les joueurs choisissent de parier sur un seul num\u00e9ro, sur diff\u00e9rents groupes de num\u00e9ros, sur les couleurs rouge ou noire, sur les num\u00e9ros pairs ou impairs, sur les num\u00e9ros \u00e9lev\u00e9s (19-36) ou sur les num\u00e9ros faibles (1-18).<\/p>\n<ul>\n<li><strong>Options de paris<\/strong>:\n<ul>\n<li><strong>Num\u00e9ro unique<\/strong>: Paiement plus \u00e9lev\u00e9 ; chances plus faibles.<\/li>\n<li><strong>Num\u00e9ros de groupe<\/strong>: Pari sur le nombre de grappes ; gains variables.<\/li>\n<li><strong>Couleurs<\/strong>: Parier sur le rouge ou le noir ; presque une chance sur deux.<\/li>\n<li><strong>Pair ou impair<\/strong>: Parier si le nombre est pair ou impair.<\/li>\n<li><strong>Haut ou bas<\/strong>: Parier sur des num\u00e9ros \u00e9lev\u00e9s (19-36) ou faibles (1-18).<\/li>\n<\/ul>\n<\/li>\n<\/ul>\n<p>La distinction claire dans les r\u00e8gles concerne le traitement des devises et les paiements potentiels. La volatilit\u00e9 du prix du Bitcoin peut affecter la valeur r\u00e9elle des gains. <a href=\"https:\/\/coinkickoff.com\/fr\/bitcoin-casino\/cash-in-bitcoin-casino-winnings\/\" data-internallinksmanager029f6b8e52c=\"211\" title=\"Comment encaisser les gains du casino Bitcoin : Un guide \u00e9tape par \u00e9tape\">gains<\/a> ou des pertes, et les mises minimales et maximales peuvent varier en fonction du jeu. <a href=\"https:\/\/coinkickoff.com\/fr\/bitcoin-casino\/what-is-a-bitcoin-casino\/\" data-internallinksmanager029f6b8e52c=\"201\" title=\"Qu&#039;est-ce qu&#039;un casino Bitcoin ? Comprendre les plateformes de paris en crypto-monnaies\">Bitcoin casino<\/a>Les politiques de l'Union europ\u00e9enne.<\/p>\n<h2><span class=\"ez-toc-section\" id=\"Technological_Aspects\"><\/span>Aspects technologiques<span class=\"ez-toc-section-end\"><\/span><\/h2>\n<p><img decoding=\"async\" src=\"https:\/\/coinkickoff.com\/wp-content\/uploads\/v2-3dgyu-2s6kd.jpg\" alt=\"\"><\/p>\n<p>En comparant la roulette Bitcoin \u00e0 la roulette traditionnelle, deux consid\u00e9rations technologiques cl\u00e9s entrent en jeu : les m\u00e9canismes qui garantissent l'\u00e9quit\u00e9 du logiciel et les protocoles qui pr\u00e9servent la s\u00e9curit\u00e9 et l'anonymat des transactions.<\/p>\n<h3><span class=\"ez-toc-section\" id=\"Software_and_Fairness\"><\/span>Logiciels et \u00e9quit\u00e9<span class=\"ez-toc-section-end\"><\/span><\/h3>\n<p>Les jeux de roulette Bitcoin reposent sur <strong>Provably Fair<\/strong> qui permet aux joueurs de v\u00e9rifier les r\u00e9sultats de chaque jeu. Ce syst\u00e8me utilise des algorithmes cryptographiques pour <strong>g\u00e9n\u00e9rer des graines al\u00e9atoires<\/strong>Les joueurs peuvent g\u00e9n\u00e9ralement v\u00e9rifier l'\u00e9quit\u00e9 des jeux en consultant le site Web du casino. Les joueurs peuvent g\u00e9n\u00e9ralement v\u00e9rifier l'\u00e9quit\u00e9 \u00e0 l'aide d'un <strong>outil de v\u00e9rification<\/strong> fournis par le casino.<\/p>\n<ul>\n<li>G\u00e9n\u00e9ration de nombres al\u00e9atoires (RNG) : Cr\u00e9e de mani\u00e8re algorithmique des r\u00e9sultats impr\u00e9visibles.<\/li>\n<li>Outils de v\u00e9rification : Offrir des r\u00e9sultats de jeu transparents et v\u00e9rifiables.<\/li>\n<\/ul>\n<h3><span class=\"ez-toc-section\" id=\"Transaction_Security_and_Anonymity\"><\/span>S\u00e9curit\u00e9 des transactions et anonymat<span class=\"ez-toc-section-end\"><\/span><\/h3>\n<p>Les transactions Bitcoin utilisent <strong>technologie de la blockchain<\/strong>qui s\u00e9curise les d\u00e9p\u00f4ts et les retraits par le biais d'un syst\u00e8me d'\u00e9change de donn\u00e9es immuable. <a href=\"https:\/\/coinkickoff.com\/fr\/what-is-ledger-wallet\/\" data-internallinksmanager029f6b8e52c=\"167\" title=\"Le porte-monnaie Ledger en 2023 : Frais, caract\u00e9ristiques, s\u00e9curit\u00e9, avantages et inconv\u00e9nients.\">grand livre<\/a>Les services d'information et de communication (SIP) permettent d'am\u00e9liorer la s\u00e9curit\u00e9 et d'assurer un certain degr\u00e9 d'anonymat.<\/p>\n<ul>\n<li><strong>S\u00e9curit\u00e9<\/strong>: Transactions crypt\u00e9es prot\u00e9g\u00e9es par la technologie blockchain.<\/li>\n<li><strong>Anonymat<\/strong>: R\u00e9duction de la divulgation de donn\u00e9es personnelles par rapport aux m\u00e9thodes de paiement traditionnelles.<\/li>\n<\/ul>\n<table>\n<thead>\n<tr>\n<th>Aspect<\/th>\n<th>B\u00e9n\u00e9fice<\/th>\n<\/tr>\n<\/thead>\n<tbody>\n<tr>\n<td>Transactions crypt\u00e9es<\/td>\n<td>Ajoute une couche de s\u00e9curit\u00e9 contre la fraude<\/td>\n<\/tr>\n<tr>\n<td>Grand livre immuable<\/td>\n<td>Assurer la permanence et la tra\u00e7abilit\u00e9 des transactions<\/td>\n<\/tr>\n<tr>\n<td>R\u00e9duction de la divulgation des donn\u00e9es<\/td>\n<td>Les informations personnelles des joueurs sont moins expos\u00e9es<\/td>\n<\/tr>\n<\/tbody>\n<\/table>\n<h2><span class=\"ez-toc-section\" id=\"Practical_Considerations\"><\/span>Consid\u00e9rations pratiques<span class=\"ez-toc-section-end\"><\/span><\/h2>\n<p><img decoding=\"async\" src=\"https:\/\/coinkickoff.com\/wp-content\/uploads\/v2-3dgz8-pee1q.jpg\" alt=\"\"><\/p>\n<p>Lors de l'utilisation de la roulette Bitcoin, les utilisateurs doivent tenir compte des diff\u00e9rences d'accessibilit\u00e9, des d\u00e9lais de traitement et des bonus uniques offerts, qui sont diff\u00e9rents des exp\u00e9riences de roulette traditionnelles.<\/p>\n<h3><span class=\"ez-toc-section\" id=\"Accessibility_and_Jurisdiction\"><\/span>Accessibilit\u00e9 et comp\u00e9tence<span class=\"ez-toc-section-end\"><\/span><\/h3>\n<p>La roulette Bitcoin est souvent disponible pour les joueurs dans les juridictions o\u00f9 les jeux d'argent en ligne sont restreints ou lorsque les m\u00e9thodes de paiement traditionnelles ne sont pas possibles. <strong>Crypto-monnaie<\/strong> En tant que moyen de communication, les crypto-monnaies contournent un grand nombre de contraintes r\u00e9glementaires, ce qui les rend plus largement accessibles. Toutefois, les utilisateurs doivent \u00eatre conscients de leur l\u00e9gislation locale, car la l\u00e9galit\u00e9 des jeux d'argent avec des crypto-monnaies peut varier consid\u00e9rablement d'une r\u00e9gion \u00e0 l'autre.<\/p>\n<h3><span class=\"ez-toc-section\" id=\"Payment_Processing_Times\"><\/span>D\u00e9lais de traitement des paiements<span class=\"ez-toc-section-end\"><\/span><\/h3>\n<ul>\n<li><strong>Bitcoin D\u00e9p\u00f4ts :<\/strong> G\u00e9n\u00e9ralement instantan\u00e9e ou dans les minutes qui suivent.<\/li>\n<li><strong>Bitcoin Retraits :<\/strong> Elle peut durer de quelques minutes \u00e0 plusieurs heures.<\/li>\n<li><strong>M\u00e9thodes bancaires traditionnelles :<\/strong> Il faut souvent plusieurs jours pour les d\u00e9p\u00f4ts et les retraits.<\/li>\n<\/ul>\n<p>L'utilisation de Bitcoin peut r\u00e9duire consid\u00e9rablement les temps d'attente associ\u00e9s au traitement des paiements dans les jeux d'argent en ligne. Les joueurs peuvent souvent commencer \u00e0 jouer plus t\u00f4t et encaisser leurs gains plus rapidement qu'avec les m\u00e9thodes de paiement traditionnelles.<\/p>\n<h3><span class=\"ez-toc-section\" id=\"Casino_Bonuses_and_Incentives\"><\/span>Bonus et incitations dans les casinos<span class=\"ez-toc-section-end\"><\/span><\/h3>\n<ul>\n<li><strong>Bonus de bienvenue :<\/strong> De nombreux casinos Bitcoin offrent des bonus de bienvenue substantiels aux nouveaux joueurs.<\/li>\n<li><strong>R\u00e9compenses de fid\u00e9lit\u00e9 :<\/strong> Les utilisateurs r\u00e9guliers b\u00e9n\u00e9ficient souvent de primes plus \u00e9lev\u00e9es ou d'un traitement VIP.<\/li>\n<li><strong>Promotions exclusives :<\/strong> Certains casinos proposent des promotions sp\u00e9cialement con\u00e7ues pour les utilisateurs de Bitcoin.<\/li>\n<\/ul>\n<p>Les plateformes de roulette Bitcoin peuvent proposer des bonus et des incitations plus g\u00e9n\u00e9reux que les casinos en ligne ordinaires. Ces bonus sont con\u00e7us pour attirer et fid\u00e9liser les joueurs qui pr\u00e9f\u00e8rent utiliser les crypto-monnaies. Il est important que les joueurs lisent les termes et conditions associ\u00e9s \u00e0 ces bonus pour bien comprendre comment ils peuvent \u00eatre utilis\u00e9s.<\/p>\n<h2><span class=\"ez-toc-section\" id=\"Frequently_Asked_Questions\"><\/span>Questions fr\u00e9quemment pos\u00e9es<span class=\"ez-toc-section-end\"><\/span><\/h2>\n<p><img decoding=\"async\" src=\"https:\/\/coinkickoff.com\/wp-content\/uploads\/v2-3dgzp-ju7x7.jpg\" alt=\"\"><\/p>\n<p>Cette section r\u00e9pond aux questions les plus fr\u00e9quentes concernant les distinctions entre la roulette Bitcoin et la roulette traditionnelle, \u00e0 l'intention des joueurs qui souhaitent obtenir des \u00e9claircissements \u00e0 ce sujet.<\/p>\n<h3><span class=\"ez-toc-section\" id=\"What_are_the_distinctive_features_of_Bitcoin_roulette_compared_to_traditional_roulette\"><\/span>Quelles sont les caract\u00e9ristiques de la roulette Bitcoin par rapport \u00e0 la roulette traditionnelle ?<span class=\"ez-toc-section-end\"><\/span><\/h3>\n<p>Le fonctionnement de la roulette Bitcoin est similaire \u00e0 celui de la roulette traditionnelle en termes de jeu. La principale diff\u00e9rence r\u00e9side dans l'utilisation du Bitcoin comme monnaie, ce qui permet souvent d'acc\u00e9l\u00e9rer les transactions et d'am\u00e9liorer l'anonymat des joueurs.<\/p>\n<h3><span class=\"ez-toc-section\" id=\"Can_you_use_Bitcoin_to_play_any_version_of_roulette\"><\/span>Pouvez-vous utiliser Bitcoin pour jouer \u00e0 n'importe quelle version de la roulette ?<span class=\"ez-toc-section-end\"><\/span><\/h3>\n<p>La plupart des casinos Bitcoin proposent une vari\u00e9t\u00e9 de versions de la roulette, notamment la roulette am\u00e9ricaine, la roulette europ\u00e9enne et la roulette fran\u00e7aise. Les joueurs peuvent placer des paris en utilisant Bitcoin sur ces diff\u00e9rentes versions, sous r\u00e9serve de l'offre du casino.<\/p>\n<h3><span class=\"ez-toc-section\" id=\"What_advantages_do_Bitcoin_casinos_offer_for_roulette_players\"><\/span>Quels avantages les casinos Bitcoin offrent-ils aux joueurs de roulette ?<span class=\"ez-toc-section-end\"><\/span><\/h3>\n<p>Les casinos Bitcoin offrent souvent aux joueurs des avantages tels que des frais de transaction r\u00e9duits, des jeux dont l'\u00e9quit\u00e9 est prouv\u00e9e et la possibilit\u00e9 de jouer et de retirer des fonds sans avoir \u00e0 fournir d'informations financi\u00e8res personnelles.<\/p>\n<h3><span class=\"ez-toc-section\" id=\"How_does_the_integration_of_Bitcoin_affect_the_gameplay_of_roulette\"><\/span>Comment l'int\u00e9gration de Bitcoin affecte-t-elle le jeu de la roulette ?<span class=\"ez-toc-section-end\"><\/span><\/h3>\n<p>L'int\u00e9gration du Bitcoin ne modifie g\u00e9n\u00e9ralement pas le jeu fondamental de la roulette. Cependant, elle peut permettre des processus de mise et d'encaissement plus rapides, am\u00e9liorant ainsi le rythme g\u00e9n\u00e9ral du jeu.<\/p>\n<h3><span class=\"ez-toc-section\" id=\"Are_there_any_unique_betting_options_available_in_Bitcoin_roulette\"><\/span>Existe-t-il des options de paris uniques \u00e0 la roulette Bitcoin ?<span class=\"ez-toc-section-end\"><\/span><\/h3>\n<p>La roulette Bitcoin offre g\u00e9n\u00e9ralement les m\u00eames options de pari que la roulette normale. Cependant, certains casinos Bitcoin peuvent introduire des promotions ou des paris uniques pour attirer un public plus large d'amateurs de crypto-monnaies.<\/p>\n<h3><span class=\"ez-toc-section\" id=\"What_should_players_know_about_the_security_of_Bitcoin_roulette_games\"><\/span>Que doivent savoir les joueurs sur la s\u00e9curit\u00e9 des jeux de roulette Bitcoin ?<span class=\"ez-toc-section-end\"><\/span><\/h3>\n<p>La s\u00e9curit\u00e9 de la roulette Bitcoin d\u00e9pend \u00e0 la fois de la robustesse de la technologie cryptographique qui la sous-tend et des mesures de s\u00e9curit\u00e9 mises en \u0153uvre par chaque casino. Il est essentiel que les joueurs v\u00e9rifient la cr\u00e9dibilit\u00e9 du casino et l'\u00e9quit\u00e9 de ses jeux.<\/p>","protected":false},"excerpt":{"rendered":"<p>Clause de non-responsabilit\u00e9 : les jeux d'argent comportent des risques financiers importants. Ne jouez qu'avec de l'argent que vous pouvez vous permettre de perdre. Les informations fournies ci-dessous le sont \u00e0 titre indicatif uniquement. Nous pouvons recevoir une commission si vous vous inscrivez et perdez de l'argent dans l'un des casinos suivants. Tous les casinos ne sont pas disponibles dans tous les pays. Toutes les informations que nous [...]<\/p>","protected":false},"author":1,"featured_media":4599,"parent":4440,"menu_order":0,"comment_status":"closed","ping_status":"closed","template":"","meta":{"_genesis_hide_title":false,"_genesis_hide_breadcrumbs":false,"_genesis_hide_singular_image":false,"_genesis_hide_footer_widgets":false,"_genesis_custom_body_class":"","_genesis_custom_post_class":"","_genesis_layout":"","_glsr_average":0,"_glsr_ranking":0,"_glsr_reviews":0,"footnotes":""},"class_list":{"0":"post-4595","1":"page","2":"type-page","3":"status-publish","4":"has-post-thumbnail","6":"entry"},"featured_image_src":"https:\/\/coinkickoff.com\/wp-content\/uploads\/v2-3dgz8-pee1q-600x400.jpg","featured_image_src_square":"https:\/\/coinkickoff.com\/wp-content\/uploads\/v2-3dgz8-pee1q-600x600.jpg","_links":{"self":[{"href":"https:\/\/coinkickoff.com\/fr\/wp-json\/wp\/v2\/pages\/4595","targetHints":{"allow":["GET"]}}],"collection":[{"href":"https:\/\/coinkickoff.com\/fr\/wp-json\/wp\/v2\/pages"}],"about":[{"href":"https:\/\/coinkickoff.com\/fr\/wp-json\/wp\/v2\/types\/page"}],"author":[{"embeddable":true,"href":"https:\/\/coinkickoff.com\/fr\/wp-json\/wp\/v2\/users\/1"}],"replies":[{"embeddable":true,"href":"https:\/\/coinkickoff.com\/fr\/wp-json\/wp\/v2\/comments?post=4595"}],"version-history":[{"count":3,"href":"https:\/\/coinkickoff.com\/fr\/wp-json\/wp\/v2\/pages\/4595\/revisions"}],"predecessor-version":[{"id":4602,"href":"https:\/\/coinkickoff.com\/fr\/wp-json\/wp\/v2\/pages\/4595\/revisions\/4602"}],"up":[{"embeddable":true,"href":"https:\/\/coinkickoff.com\/fr\/wp-json\/wp\/v2\/pages\/4440"}],"wp:featuredmedia":[{"embeddable":true,"href":"https:\/\/coinkickoff.com\/fr\/wp-json\/wp\/v2\/media\/4599"}],"wp:attachment":[{"href":"https:\/\/coinkickoff.com\/fr\/wp-json\/wp\/v2\/media?parent=4595"}],"curies":[{"name":"wp","href":"https:\/\/api.w.org\/{rel}","templated":true}]}}