{"id":4575,"date":"2026-01-08T14:08:04","date_gmt":"2026-01-08T14:08:04","guid":{"rendered":"https:\/\/coinkickoff.com\/?page_id=4575"},"modified":"2026-01-08T14:08:04","modified_gmt":"2026-01-08T14:08:04","slug":"how-are-bitcoin-casinos-different","status":"publish","type":"page","link":"https:\/\/coinkickoff.com\/fr\/bitcoin-casino\/how-are-bitcoin-casinos-different\/","title":{"rendered":"En quoi les casinos Bitcoin sont-ils diff\u00e9rents des casinos traditionnels ?"},"content":{"rendered":"<p><em>Clause de non-responsabilit\u00e9 : les jeux d'argent comportent des risques financiers importants. Ne jouez qu'avec de l'argent que vous pouvez vous permettre de perdre. Les informations fournies ci-dessous le sont uniquement \u00e0 titre indicatif. Nous pouvons recevoir une commission si vous vous inscrivez et perdez de l'argent sur l'un des sites suivants <a href=\"https:\/\/coinkickoff.com\/fr\/bitcoin-casino\/\" data-internallinksmanager029f6b8e52c=\"200\" title=\"3 meilleurs casinos en crypto Bitcoin avec bonus\">casinos<\/a>. Tous les casinos ne sont pas disponibles dans tous les pays. Toutes les informations sont consid\u00e9r\u00e9es comme correctes au moment de la publication mais peuvent avoir chang\u00e9 depuis.<\/em><\/p>\n<div id=\"ez-toc-container\" class=\"ez-toc-v2_0_80 counter-hierarchy ez-toc-counter ez-toc-transparent ez-toc-container-direction\">\n<div class=\"ez-toc-title-container\">\n<p class=\"ez-toc-title\" style=\"cursor:inherit\">Sections<\/p>\n<span class=\"ez-toc-title-toggle\"><a href=\"#\" class=\"ez-toc-pull-right ez-toc-btn ez-toc-btn-xs ez-toc-btn-default ez-toc-toggle\" aria-label=\"Toggle Table des mati\u00e8res\"><span class=\"ez-toc-js-icon-con\"><span class=\"\"><span class=\"eztoc-hide\" style=\"display:none;\">Toggle<\/span><span class=\"ez-toc-icon-toggle-span\"><svg style=\"fill: #999;color:#999\" xmlns=\"http:\/\/www.w3.org\/2000\/svg\" class=\"list-377408\" width=\"20px\" height=\"20px\" viewbox=\"0 0 24 24\" fill=\"none\"><path d=\"M6 6H4v2h2V6zm14 0H8v2h12V6zM4 11h2v2H4v-2zm16 0H8v2h12v-2zM4 16h2v2H4v-2zm16 0H8v2h12v-2z\" fill=\"currentColor\"><\/path><\/svg><svg style=\"fill: #999;color:#999\" class=\"arrow-unsorted-368013\" xmlns=\"http:\/\/www.w3.org\/2000\/svg\" width=\"10px\" height=\"10px\" viewbox=\"0 0 24 24\" version=\"1.2\" baseprofile=\"tiny\"><path d=\"M18.2 9.3l-6.2-6.3-6.2 6.3c-.2.2-.3.4-.3.7s.1.5.3.7c.2.2.4.3.7.3h11c.3 0 .5-.1.7-.3.2-.2.3-.5.3-.7s-.1-.5-.3-.7zM5.8 14.7l6.2 6.3 6.2-6.3c.2-.2.3-.5.3-.7s-.1-.5-.3-.7c-.2-.2-.4-.3-.7-.3h-11c-.3 0-.5.1-.7.3-.2.2-.3.5-.3.7s.1.5.3.7z\"\/><\/svg><\/span><\/span><\/span><\/a><\/span><\/div>\n<nav><ul class='ez-toc-list ez-toc-list-level-1 eztoc-toggle-hide-by-default' ><li class='ez-toc-page-1 ez-toc-heading-level-2'><a class=\"ez-toc-link ez-toc-heading-1\" href=\"https:\/\/coinkickoff.com\/fr\/bitcoin-casino\/how-are-bitcoin-casinos-different\/#Fundamental_Differences_Between_Bitcoin_and_Traditional_Casinos\" >Diff\u00e9rences fondamentales entre Bitcoin et les casinos traditionnels<\/a><ul class='ez-toc-list-level-3' ><li class='ez-toc-heading-level-3'><a class=\"ez-toc-link ez-toc-heading-2\" href=\"https:\/\/coinkickoff.com\/fr\/bitcoin-casino\/how-are-bitcoin-casinos-different\/#Currency_Used_for_Transactions\" >Monnaie utilis\u00e9e pour les transactions<\/a><\/li><li class='ez-toc-page-1 ez-toc-heading-level-3'><a class=\"ez-toc-link ez-toc-heading-3\" href=\"https:\/\/coinkickoff.com\/fr\/bitcoin-casino\/how-are-bitcoin-casinos-different\/#Operational_Transparency\" >Transparence op\u00e9rationnelle<\/a><\/li><li class='ez-toc-page-1 ez-toc-heading-level-3'><a class=\"ez-toc-link ez-toc-heading-4\" href=\"https:\/\/coinkickoff.com\/fr\/bitcoin-casino\/how-are-bitcoin-casinos-different\/#Legal_and_Regulatory_Landscape\" >Paysage juridique et r\u00e9glementaire<\/a><\/li><\/ul><\/li><li class='ez-toc-page-1 ez-toc-heading-level-2'><a class=\"ez-toc-link ez-toc-heading-5\" href=\"https:\/\/coinkickoff.com\/fr\/bitcoin-casino\/how-are-bitcoin-casinos-different\/#Technological_Aspects_of_Bitcoin_Casinos\" >Aspects technologiques des casinos Bitcoin<\/a><ul class='ez-toc-list-level-3' ><li class='ez-toc-heading-level-3'><a class=\"ez-toc-link ez-toc-heading-6\" href=\"https:\/\/coinkickoff.com\/fr\/bitcoin-casino\/how-are-bitcoin-casinos-different\/#Blockchain_Technology_Implementation\" >Mise en \u0153uvre de la technologie Blockchain<\/a><\/li><li class='ez-toc-page-1 ez-toc-heading-level-3'><a class=\"ez-toc-link ez-toc-heading-7\" href=\"https:\/\/coinkickoff.com\/fr\/bitcoin-casino\/how-are-bitcoin-casinos-different\/#Provably_Fair_Gaming_Mechanisms\" >M\u00e9canismes de jeu raisonnablement \u00e9quitables<\/a><\/li><li class='ez-toc-page-1 ez-toc-heading-level-3'><a class=\"ez-toc-link ez-toc-heading-8\" href=\"https:\/\/coinkickoff.com\/fr\/bitcoin-casino\/how-are-bitcoin-casinos-different\/#Anonymity_and_Security_Features\" >Anonymat et s\u00e9curit\u00e9<\/a><\/li><\/ul><\/li><li class='ez-toc-page-1 ez-toc-heading-level-2'><a class=\"ez-toc-link ez-toc-heading-9\" href=\"https:\/\/coinkickoff.com\/fr\/bitcoin-casino\/how-are-bitcoin-casinos-different\/#User_Experience_in_Bitcoin_versus_Regular_Casinos\" >Exp\u00e9rience de l'utilisateur dans les casinos Bitcoin par rapport aux casinos ordinaires<\/a><ul class='ez-toc-list-level-3' ><li class='ez-toc-heading-level-3'><a class=\"ez-toc-link ez-toc-heading-10\" href=\"https:\/\/coinkickoff.com\/fr\/bitcoin-casino\/how-are-bitcoin-casinos-different\/#Account_Funding_and_Withdrawal_Process\" >Processus d'approvisionnement et de retrait du compte<\/a><\/li><li class='ez-toc-page-1 ez-toc-heading-level-3'><a class=\"ez-toc-link ez-toc-heading-11\" href=\"https:\/\/coinkickoff.com\/fr\/bitcoin-casino\/how-are-bitcoin-casinos-different\/#Bonuses_and_Incentives\" >Primes et incitations<\/a><\/li><li class='ez-toc-page-1 ez-toc-heading-level-3'><a class=\"ez-toc-link ez-toc-heading-12\" href=\"https:\/\/coinkickoff.com\/fr\/bitcoin-casino\/how-are-bitcoin-casinos-different\/#Geographical_Accessibility_and_Restrictions\" >Accessibilit\u00e9 g\u00e9ographique et restrictions<\/a><\/li><\/ul><\/li><li class='ez-toc-page-1 ez-toc-heading-level-2'><a class=\"ez-toc-link ez-toc-heading-13\" href=\"https:\/\/coinkickoff.com\/fr\/bitcoin-casino\/how-are-bitcoin-casinos-different\/#Frequently_Asked_Questions\" >Questions fr\u00e9quemment pos\u00e9es<\/a><ul class='ez-toc-list-level-3' ><li class='ez-toc-heading-level-3'><a class=\"ez-toc-link ez-toc-heading-14\" href=\"https:\/\/coinkickoff.com\/fr\/bitcoin-casino\/how-are-bitcoin-casinos-different\/#What_factors_make_crypto_casinos_more_advantageous_than_traditional_ones\" >Quels sont les facteurs qui rendent les crypto-casinos plus avantageux que les casinos traditionnels ?<\/a><\/li><li class='ez-toc-page-1 ez-toc-heading-level-3'><a class=\"ez-toc-link ez-toc-heading-15\" href=\"https:\/\/coinkickoff.com\/fr\/bitcoin-casino\/how-are-bitcoin-casinos-different\/#Are_there_any_risks_associated_with_using_Bitcoin_for_online_gambling\" >Y a-t-il des risques li\u00e9s \u00e0 l'utilisation de Bitcoin pour les jeux d'argent en ligne ?<\/a><\/li><li class='ez-toc-page-1 ez-toc-heading-level-3'><a class=\"ez-toc-link ez-toc-heading-16\" href=\"https:\/\/coinkickoff.com\/fr\/bitcoin-casino\/how-are-bitcoin-casinos-different\/#How_do_the_security_measures_in_Bitcoin_casinos_compare_to_those_in_traditional_casinos\" >Comment les mesures de s\u00e9curit\u00e9 des casinos Bitcoin se comparent-elles \u00e0 celles des casinos traditionnels ?<\/a><\/li><li class='ez-toc-page-1 ez-toc-heading-level-3'><a class=\"ez-toc-link ez-toc-heading-17\" href=\"https:\/\/coinkickoff.com\/fr\/bitcoin-casino\/how-are-bitcoin-casinos-different\/#Can_players_expect_provably_fair_gaming_in_Bitcoin_casinos\" >Les joueurs peuvent-ils s'attendre \u00e0 un jeu \u00e9quitable dans les casinos Bitcoin ?<\/a><\/li><li class='ez-toc-page-1 ez-toc-heading-level-3'><a class=\"ez-toc-link ez-toc-heading-18\" href=\"https:\/\/coinkickoff.com\/fr\/bitcoin-casino\/how-are-bitcoin-casinos-different\/#What_are_the_unique_benefits_of_gambling_with_Bitcoin\" >Quels sont les avantages uniques des jeux de hasard avec Bitcoin ?<\/a><\/li><li class='ez-toc-page-1 ez-toc-heading-level-3'><a class=\"ez-toc-link ez-toc-heading-19\" href=\"https:\/\/coinkickoff.com\/fr\/bitcoin-casino\/how-are-bitcoin-casinos-different\/#How_does_the_regulatory_landscape_for_Bitcoin_casinos_differ_from_traditional_gambling_venues\" >En quoi le paysage r\u00e9glementaire des casinos Bitcoin diff\u00e8re-t-il de celui des \u00e9tablissements de jeux traditionnels ?<\/a><\/li><\/ul><\/li><\/ul><\/nav><\/div>\n<h2><span class=\"ez-toc-section\" id=\"Fundamental_Differences_Between_Bitcoin_and_Traditional_Casinos\"><\/span>Diff\u00e9rences fondamentales entre Bitcoin et les casinos traditionnels<span class=\"ez-toc-section-end\"><\/span><\/h2>\n<p><img decoding=\"async\" src=\"https:\/\/coinkickoff.com\/wp-content\/uploads\/v2-3dgrx-7h0pa.jpg\" alt=\"\"><\/p>\n<p><a href=\"https:\/\/coinkickoff.com\/fr\/bitcoin-btc\/\" data-internallinksmanager029f6b8e52c=\"1\" title=\"Qu&#039;est-ce que Bitcoin (BTC) ? Prix, historique et o\u00f9 acheter\">Bitcoin<\/a> et les casinos traditionnels divergent principalement en ce qui concerne le support de la monnaie, les niveaux de transparence et les environnements r\u00e9glementaires dans lesquels ils op\u00e8rent.<\/p>\n<h3><span class=\"ez-toc-section\" id=\"Currency_Used_for_Transactions\"><\/span>Monnaie utilis\u00e9e pour les transactions<span class=\"ez-toc-section-end\"><\/span><\/h3>\n<p><strong>Bitcoin Casinos :<\/strong> Les transactions sont effectu\u00e9es \u00e0 l'aide de crypto-monnaies, telles que le Bitcoin, <a href=\"https:\/\/coinkickoff.com\/fr\/ethereum-eth\/\" data-internallinksmanager029f6b8e52c=\"2\" title=\"Qu&#039;est-ce que Ethereum (ETH) ? Prix, historique et o\u00f9 acheter\">Ethereum<\/a>ou d'autres altcoins. Ces monnaies num\u00e9riques facilitent les transactions anonymes, souvent avec des frais moins \u00e9lev\u00e9s et des d\u00e9lais de traitement plus courts que les monnaies fiduciaires.<\/p>\n<ul>\n<li><strong>L'anonymat :<\/strong> Les utilisateurs peuvent effectuer des transactions sans r\u00e9v\u00e9ler d'informations personnelles.<\/li>\n<li><strong>Honoraires :<\/strong> Souvent moins \u00e9lev\u00e9s que ceux associ\u00e9s aux cartes de cr\u00e9dit ou aux virements bancaires.<\/li>\n<li><strong>Vitesse :<\/strong> Les transactions sont trait\u00e9es rapidement, parfois en quelques minutes.<\/li>\n<\/ul>\n<p><strong>Casinos traditionnels :<\/strong> Ces \u00e9tablissements utilisent g\u00e9n\u00e9ralement des monnaies fiduciaires, telles que le USD, l'EUR ou la GBP pour toutes les transactions. Ces services bancaires traditionnels impliquent des processus d\u00e9taill\u00e9s de tenue de registres et de v\u00e9rification de l'identit\u00e9.<\/p>\n<ul>\n<li><strong>Donn\u00e9es personnelles :<\/strong> Les transactions n\u00e9cessitent la divulgation de donn\u00e9es personnelles.<\/li>\n<li><strong>Honoraires :<\/strong> Des frais plus \u00e9lev\u00e9s peuvent \u00eatre appliqu\u00e9s pour les transactions.<\/li>\n<li><strong>D\u00e9lais de traitement :<\/strong> Le transfert ou l'encaissement des fonds peut prendre plusieurs jours.<\/li>\n<\/ul>\n<h3><span class=\"ez-toc-section\" id=\"Operational_Transparency\"><\/span>Transparence op\u00e9rationnelle<span class=\"ez-toc-section-end\"><\/span><\/h3>\n<p><strong>Bitcoin Casinos :<\/strong> Elles tendent \u00e0 offrir des degr\u00e9s de transparence plus \u00e9lev\u00e9s gr\u00e2ce \u00e0 la technologie blockchain qui sous-tend les transactions en crypto-monnaies. La blockchain fournit une base de donn\u00e9es publique, immuable <a href=\"https:\/\/coinkickoff.com\/fr\/what-is-ledger-wallet\/\" data-internallinksmanager029f6b8e52c=\"167\" title=\"Le porte-monnaie Ledger en 2023 : Frais, caract\u00e9ristiques, s\u00e9curit\u00e9, avantages et inconv\u00e9nients.\">grand livre<\/a>L'historique des transactions est ainsi facilement accessible et contr\u00f4lable.<\/p>\n<ul>\n<li><strong>Provably Fair :<\/strong> Certains casinos Bitcoin utilisent des algorithmes \"Provably Fair\", permettant aux joueurs de v\u00e9rifier l'\u00e9quit\u00e9 de chaque r\u00e9sultat de jeu.<\/li>\n<\/ul>\n<p><strong>Casinos traditionnels :<\/strong> La transparence est r\u00e9glement\u00e9e par les autorit\u00e9s responsables des jeux, mais le fonctionnement interne et les algorithmes des jeux ne sont g\u00e9n\u00e9ralement pas accessibles \u00e0 des fins d'audit ou de v\u00e9rification par le public.<\/p>\n<ul>\n<li><strong>L'\u00e9quit\u00e9 r\u00e9glement\u00e9e :<\/strong> L'\u00e9quit\u00e9 du jeu est certifi\u00e9e par les organismes de r\u00e9glementation, mais les m\u00e9canismes d\u00e9taill\u00e9s du logiciel ne sont pas divulgu\u00e9s publiquement.<\/li>\n<\/ul>\n<h3><span class=\"ez-toc-section\" id=\"Legal_and_Regulatory_Landscape\"><\/span>Paysage juridique et r\u00e9glementaire<span class=\"ez-toc-section-end\"><\/span><\/h3>\n<p><strong>Bitcoin Casinos :<\/strong> Elles op\u00e8rent dans un cadre r\u00e9glementaire qui \u00e9volue rapidement. De nombreuses r\u00e9gions n'ont pas encore d\u00e9fini de l\u00e9gislation claire r\u00e9gissant l'utilisation des crypto-monnaies dans les jeux d'argent, ce qui entra\u00eene une mosa\u00efque d'exigences en mati\u00e8re de conformit\u00e9.<\/p>\n<ul>\n<li><strong>R\u00e9gulation variable :<\/strong> Le statut juridique peut changer rapidement et la conformit\u00e9 varie d'une juridiction \u00e0 l'autre.<\/li>\n<li><strong>Acc\u00e8s mondial :<\/strong> Souvent accessibles dans le monde entier, en fonction des l\u00e9gislations locales.<\/li>\n<\/ul>\n<p><strong>Casinos traditionnels :<\/strong> Elles sont soumises \u00e0 une r\u00e9glementation stricte de la part d'organismes gouvernementaux \u00e9tablis dans le monde entier. Elles sont soumises \u00e0 des lois et r\u00e9glementations strictes qui r\u00e9gissent leurs licences, leurs pratiques op\u00e9rationnelles et leurs rapports financiers.<\/p>\n<ul>\n<li><strong>Un contr\u00f4le strict :<\/strong> Le respect de nombreuses r\u00e9glementations juridiques et financi\u00e8res est obligatoire.<\/li>\n<li><strong>Limites g\u00e9ographiques :<\/strong> Ils sont g\u00e9n\u00e9ralement tenus d'op\u00e9rer dans le cadre de la juridiction de leur autorit\u00e9 de tutelle.<\/li>\n<\/ul>\n<h2><span class=\"ez-toc-section\" id=\"Technological_Aspects_of_Bitcoin_Casinos\"><\/span>Aspects technologiques des casinos Bitcoin<span class=\"ez-toc-section-end\"><\/span><\/h2>\n<p><img decoding=\"async\" src=\"https:\/\/coinkickoff.com\/wp-content\/uploads\/v2-3dgss-o0d7k.jpg\" alt=\"\"><\/p>\n<p>Les casinos Bitcoin se distinguent par une technologie avanc\u00e9e qui offre une s\u00e9curit\u00e9, une \u00e9quit\u00e9 et une transparence accrues. Cette avance technologique est \u00e9vidente dans la fa\u00e7on dont ils traitent les transactions, v\u00e9rifient l'\u00e9quit\u00e9 et pr\u00e9servent la vie priv\u00e9e.<\/p>\n<h3><span class=\"ez-toc-section\" id=\"Blockchain_Technology_Implementation\"><\/span>Mise en \u0153uvre de la technologie Blockchain<span class=\"ez-toc-section-end\"><\/span><\/h3>\n<p><strong>Casinos Bitcoin<\/strong> utilisent la technologie blockchain pour faciliter les transactions en crypto-monnaies. Les <strong>blockchain<\/strong> est un grand livre d\u00e9centralis\u00e9 qui enregistre toutes les transactions effectu\u00e9es sur un r\u00e9seau d'ordinateurs. Cela permet de s'assurer que :<\/p>\n<ul>\n<li><strong>Transactions<\/strong> sont <strong>transparent<\/strong> et <strong>immuable<\/strong>.<\/li>\n<li>Les joueurs peuvent d\u00e9poser et retirer <strong>bitcoins<\/strong> directement, <strong>l'\u00e9limination de la n\u00e9cessit\u00e9 de recourir \u00e0 des institutions bancaires tierces<\/strong>.<\/li>\n<\/ul>\n<h3><span class=\"ez-toc-section\" id=\"Provably_Fair_Gaming_Mechanisms\"><\/span>M\u00e9canismes de jeu raisonnablement \u00e9quitables<span class=\"ez-toc-section-end\"><\/span><\/h3>\n<p>L'\u00e9quit\u00e9 des jeux est l'une des caract\u00e9ristiques des casinos Bitcoin. Ce syst\u00e8me utilise des algorithmes cryptographiques pour garantir l'\u00e9quit\u00e9 de chaque jeu. Les points importants sont les suivants :<\/p>\n<ul>\n<li>Il permet aux joueurs de <strong>v\u00e9rifier le caract\u00e8re al\u00e9atoire<\/strong> des r\u00e9sultats du jeu.<\/li>\n<li>Les casinos offrent une <strong>cl\u00e9 de hachage<\/strong> qui peut \u00eatre analys\u00e9 apr\u00e8s le match pour confirmer l'\u00e9quit\u00e9 du jeu.<\/li>\n<\/ul>\n<h3><span class=\"ez-toc-section\" id=\"Anonymity_and_Security_Features\"><\/span>Anonymat et s\u00e9curit\u00e9<span class=\"ez-toc-section-end\"><\/span><\/h3>\n<p>Les casinos Bitcoin offrent une plus grande <strong>anonymat<\/strong> et <strong>s\u00e9curit\u00e9<\/strong>. Ils mettent en \u0153uvre diverses fonctionnalit\u00e9s qui prot\u00e8gent \u00e0 la fois l'identit\u00e9 du joueur et ses fonds, telles que<\/p>\n<ul>\n<li><strong>Authentification \u00e0 deux facteurs (2FA)<\/strong> pour s\u00e9curiser les comptes d'utilisateurs.<\/li>\n<li><strong>Informations personnelles minimales<\/strong> n\u00e9cessaire \u00e0 la cr\u00e9ation d'un compte, \u00e0 la pr\u00e9servation de l'utilisateur <strong>anonymat<\/strong>.<\/li>\n<\/ul>\n<h2><span class=\"ez-toc-section\" id=\"User_Experience_in_Bitcoin_versus_Regular_Casinos\"><\/span>Exp\u00e9rience de l'utilisateur dans les casinos Bitcoin par rapport aux casinos ordinaires<span class=\"ez-toc-section-end\"><\/span><\/h2>\n<p><img decoding=\"async\" src=\"https:\/\/coinkickoff.com\/wp-content\/uploads\/v2-3dgt7-n76he.jpg\" alt=\"\"><\/p>\n<p>L'exp\u00e9rience utilisateur dans les casinos Bitcoin offre des caract\u00e9ristiques diff\u00e9rentes de celles des casinos traditionnels, notamment en termes de gestion de compte, de bonus et d'accessibilit\u00e9 globale.<\/p>\n<h3><span class=\"ez-toc-section\" id=\"Account_Funding_and_Withdrawal_Process\"><\/span>Processus d'approvisionnement et de retrait du compte<span class=\"ez-toc-section-end\"><\/span><\/h3>\n<p>Les casinos Bitcoin permettent aux utilisateurs de <strong>alimenter leurs comptes<\/strong> directement \u00e0 l'aide de crypto-monnaies, ce qui se traduit g\u00e9n\u00e9ralement par une augmentation de la valeur de la monnaie. <em>des d\u00e9lais de transaction plus courts<\/em> et <em>des frais moins \u00e9lev\u00e9s<\/em> que les casinos classiques, qui s'appuient sur des m\u00e9thodes bancaires traditionnelles.<\/p>\n<p><strong>D\u00e9lais de retrait<\/strong>inversement, sont aussi g\u00e9n\u00e9ralement <strong>plus rapide<\/strong> dans les casinos Bitcoin en raison de l'\u00e9limination des d\u00e9lais de traitement bancaire. Ces casinos s'enorgueillissent souvent d'une <strong>paiement instantan\u00e9 ou quasi-instantan\u00e9<\/strong> ce qui contraste avec les d\u00e9lais de traitement que l'on trouve souvent dans les casinos ordinaires.<\/p>\n<h3><span class=\"ez-toc-section\" id=\"Bonuses_and_Incentives\"><\/span>Primes et incitations<span class=\"ez-toc-section-end\"><\/span><\/h3>\n<p>La structure des <strong>primes et incitations<\/strong> peuvent varier de mani\u00e8re significative. Les casinos Bitcoin peuvent offrir :<\/p>\n<ul>\n<li>Plus \u00e9lev\u00e9 <strong>primes de bienvenue<\/strong><\/li>\n<li><strong>R\u00e9compenses de fid\u00e9lit\u00e9<\/strong> sous la forme de Bitcoin ou d'autres crypto-monnaies<\/li>\n<\/ul>\n<p>Les casinos traditionnels offrent souvent une vari\u00e9t\u00e9 de bonus, mais ils ne peuvent pas rivaliser avec les offres lucratives des casinos Bitcoin en raison des co\u00fbts de transaction et d'exploitation plus faibles des monnaies num\u00e9riques.<\/p>\n<h3><span class=\"ez-toc-section\" id=\"Geographical_Accessibility_and_Restrictions\"><\/span>Accessibilit\u00e9 g\u00e9ographique et restrictions<span class=\"ez-toc-section-end\"><\/span><\/h3>\n<p>Les casinos Bitcoin offrent g\u00e9n\u00e9ralement un <strong>un degr\u00e9 d'accessibilit\u00e9 plus \u00e9lev\u00e9<\/strong> car ils ne sont pas soumis aux m\u00eames contraintes r\u00e9glementaires que les casinos classiques.<\/p>\n<ul>\n<li>Op\u00e9rations en <strong>des juridictions multiples<\/strong> sans avoir besoin d'une infrastructure bancaire locale<\/li>\n<li>Accepter les joueurs de <strong>les r\u00e9gions dot\u00e9es d'une r\u00e9glementation stricte en mati\u00e8re de jeux d'argent<\/strong>, sous r\u00e9serve des lois locales<\/li>\n<\/ul>\n<p>Toutefois, il est conseill\u00e9 aux utilisateurs de rester <strong>inform\u00e9s de leur l\u00e9gislation locale<\/strong> pour garantir la conformit\u00e9 lors de l'acc\u00e8s aux casinos Bitcoin, m\u00eame si leur port\u00e9e est plus large.<\/p>\n<h2><span class=\"ez-toc-section\" id=\"Frequently_Asked_Questions\"><\/span>Questions fr\u00e9quemment pos\u00e9es<span class=\"ez-toc-section-end\"><\/span><\/h2>\n<p><img decoding=\"async\" src=\"https:\/\/coinkickoff.com\/wp-content\/uploads\/v2-3dgtr-7frp8.jpg\" alt=\"\"><\/p>\n<p>Dans cette section, les questions les plus fr\u00e9quentes concernant les diff\u00e9rences entre les casinos Bitcoin et les casinos traditionnels sont abord\u00e9es afin de mieux comprendre ces deux types de casinos.<\/p>\n<h3><span class=\"ez-toc-section\" id=\"What_factors_make_crypto_casinos_more_advantageous_than_traditional_ones\"><\/span>Quels sont les facteurs qui rendent les crypto-casinos plus avantageux que les casinos traditionnels ?<span class=\"ez-toc-section-end\"><\/span><\/h3>\n<p>Les crypto-casinos offrent des avantages uniques, notamment des transactions instantan\u00e9es et des frais de transaction r\u00e9duits. Ils offrent \u00e9galement un niveau d'anonymat plus \u00e9lev\u00e9 pour les utilisateurs, que les casinos traditionnels ne peuvent pas \u00e9galer en raison de leur d\u00e9pendance \u00e0 l'\u00e9gard des informations bancaires et personnelles.<\/p>\n<h3><span class=\"ez-toc-section\" id=\"Are_there_any_risks_associated_with_using_Bitcoin_for_online_gambling\"><\/span>Y a-t-il des risques li\u00e9s \u00e0 l'utilisation de Bitcoin pour les jeux d'argent en ligne ?<span class=\"ez-toc-section-end\"><\/span><\/h3>\n<p>Les utilisateurs sont confront\u00e9s \u00e0 certains risques tels que la forte volatilit\u00e9 de la valeur du Bitcoin et les menaces potentielles pour la s\u00e9curit\u00e9, comme le piratage. En outre, l'absence de r\u00e9glementation peut \u00eatre une arme \u00e0 double tranchant, offrant \u00e0 la fois libert\u00e9 et risque.<\/p>\n<h3><span class=\"ez-toc-section\" id=\"How_do_the_security_measures_in_Bitcoin_casinos_compare_to_those_in_traditional_casinos\"><\/span>Comment les mesures de s\u00e9curit\u00e9 des casinos Bitcoin se comparent-elles \u00e0 celles des casinos traditionnels ?<span class=\"ez-toc-section-end\"><\/span><\/h3>\n<p>Les casinos Bitcoin mettent g\u00e9n\u00e9ralement en \u0153uvre des technologies de cryptage avanc\u00e9es et sont construits sur des r\u00e9seaux blockchain s\u00e9curis\u00e9s. Cela contraste avec les casinos traditionnels, qui d\u00e9pendent de syst\u00e8mes de s\u00e9curit\u00e9 et financiers conventionnels vuln\u00e9rables \u00e0 diff\u00e9rents types de risques.<\/p>\n<h3><span class=\"ez-toc-section\" id=\"Can_players_expect_provably_fair_gaming_in_Bitcoin_casinos\"><\/span>Les joueurs peuvent-ils s'attendre \u00e0 un jeu \u00e9quitable dans les casinos Bitcoin ?<span class=\"ez-toc-section-end\"><\/span><\/h3>\n<p>De nombreux casinos Bitcoin proposent des jeux dont l'\u00e9quit\u00e9 est prouv\u00e9e, ce qui permet aux joueurs de v\u00e9rifier l'\u00e9quit\u00e9 de chaque jeu gr\u00e2ce \u00e0 la technologie blockchain. Il s'agit l\u00e0 d'un niveau de transparence que les sites de jeux en ligne traditionnels peuvent ne pas offrir.<\/p>\n<h3><span class=\"ez-toc-section\" id=\"What_are_the_unique_benefits_of_gambling_with_Bitcoin\"><\/span>Quels sont les avantages uniques des jeux de hasard avec Bitcoin ?<span class=\"ez-toc-section-end\"><\/span><\/h3>\n<p>Jouer avec Bitcoin garantit que les transactions restent discr\u00e8tes et s\u00e9curis\u00e9es gr\u00e2ce \u00e0 l'utilisation de la technologie blockchain. Il offre \u00e9galement l'avantage de frais potentiellement moins \u00e9lev\u00e9s et garantit que les joueurs peuvent jouer sans restrictions g\u00e9ographiques.<\/p>\n<h3><span class=\"ez-toc-section\" id=\"How_does_the_regulatory_landscape_for_Bitcoin_casinos_differ_from_traditional_gambling_venues\"><\/span>En quoi le paysage r\u00e9glementaire des casinos Bitcoin diff\u00e8re-t-il de celui des \u00e9tablissements de jeux traditionnels ?<span class=\"ez-toc-section-end\"><\/span><\/h3>\n<p>Les casinos Bitcoin op\u00e8rent souvent dans un environnement plus d\u00e9r\u00e9glement\u00e9 car les crypto-monnaies ne sont pas reconnues comme monnaie officielle par de nombreux gouvernements. Cela contraste avec les casinos traditionnels, qui sont soumis \u00e0 des cadres r\u00e9glementaires stricts.<\/p>","protected":false},"excerpt":{"rendered":"<p>Clause de non-responsabilit\u00e9 : les jeux d'argent comportent des risques financiers importants. Ne jouez qu'avec de l'argent que vous pouvez vous permettre de perdre. Les informations fournies ci-dessous le sont \u00e0 titre indicatif uniquement. Nous pouvons recevoir une commission si vous vous inscrivez et perdez de l'argent dans l'un des casinos suivants. Tous les casinos ne sont pas disponibles dans tous les pays. Toutes les informations que nous [...]<\/p>","protected":false},"author":1,"featured_media":4576,"parent":4440,"menu_order":0,"comment_status":"closed","ping_status":"closed","template":"","meta":{"_genesis_hide_title":false,"_genesis_hide_breadcrumbs":false,"_genesis_hide_singular_image":false,"_genesis_hide_footer_widgets":false,"_genesis_custom_body_class":"","_genesis_custom_post_class":"","_genesis_layout":"","_glsr_average":0,"_glsr_ranking":0,"_glsr_reviews":0,"footnotes":""},"class_list":{"0":"post-4575","1":"page","2":"type-page","3":"status-publish","4":"has-post-thumbnail","6":"entry"},"featured_image_src":"https:\/\/coinkickoff.com\/wp-content\/uploads\/v2-3dgrx-7h0pa-600x400.jpg","featured_image_src_square":"https:\/\/coinkickoff.com\/wp-content\/uploads\/v2-3dgrx-7h0pa-600x600.jpg","_links":{"self":[{"href":"https:\/\/coinkickoff.com\/fr\/wp-json\/wp\/v2\/pages\/4575","targetHints":{"allow":["GET"]}}],"collection":[{"href":"https:\/\/coinkickoff.com\/fr\/wp-json\/wp\/v2\/pages"}],"about":[{"href":"https:\/\/coinkickoff.com\/fr\/wp-json\/wp\/v2\/types\/page"}],"author":[{"embeddable":true,"href":"https:\/\/coinkickoff.com\/fr\/wp-json\/wp\/v2\/users\/1"}],"replies":[{"embeddable":true,"href":"https:\/\/coinkickoff.com\/fr\/wp-json\/wp\/v2\/comments?post=4575"}],"version-history":[{"count":3,"href":"https:\/\/coinkickoff.com\/fr\/wp-json\/wp\/v2\/pages\/4575\/revisions"}],"predecessor-version":[{"id":4582,"href":"https:\/\/coinkickoff.com\/fr\/wp-json\/wp\/v2\/pages\/4575\/revisions\/4582"}],"up":[{"embeddable":true,"href":"https:\/\/coinkickoff.com\/fr\/wp-json\/wp\/v2\/pages\/4440"}],"wp:featuredmedia":[{"embeddable":true,"href":"https:\/\/coinkickoff.com\/fr\/wp-json\/wp\/v2\/media\/4576"}],"wp:attachment":[{"href":"https:\/\/coinkickoff.com\/fr\/wp-json\/wp\/v2\/media?parent=4575"}],"curies":[{"name":"wp","href":"https:\/\/api.w.org\/{rel}","templated":true}]}}