{"id":4404,"date":"2026-01-08T14:07:11","date_gmt":"2026-01-08T14:07:11","guid":{"rendered":"https:\/\/coinkickoff.com\/?page_id=4404"},"modified":"2026-01-08T14:07:11","modified_gmt":"2026-01-08T14:07:11","slug":"how-to-buy-litecoin-on-kucoin","status":"publish","type":"page","link":"https:\/\/coinkickoff.com\/fr\/how-to-buy-litecoin\/how-to-buy-litecoin-on-kucoin\/","title":{"rendered":"Comment acheter Litecoin sur Kucoin"},"content":{"rendered":"<div id=\"ez-toc-container\" class=\"ez-toc-v2_0_80 counter-hierarchy ez-toc-counter ez-toc-transparent ez-toc-container-direction\">\n<div class=\"ez-toc-title-container\">\n<p class=\"ez-toc-title\" style=\"cursor:inherit\">Sections<\/p>\n<span class=\"ez-toc-title-toggle\"><a href=\"#\" class=\"ez-toc-pull-right ez-toc-btn ez-toc-btn-xs ez-toc-btn-default ez-toc-toggle\" aria-label=\"Toggle Table des mati\u00e8res\"><span class=\"ez-toc-js-icon-con\"><span class=\"\"><span class=\"eztoc-hide\" style=\"display:none;\">Toggle<\/span><span class=\"ez-toc-icon-toggle-span\"><svg style=\"fill: #999;color:#999\" xmlns=\"http:\/\/www.w3.org\/2000\/svg\" class=\"list-377408\" width=\"20px\" height=\"20px\" viewbox=\"0 0 24 24\" fill=\"none\"><path d=\"M6 6H4v2h2V6zm14 0H8v2h12V6zM4 11h2v2H4v-2zm16 0H8v2h12v-2zM4 16h2v2H4v-2zm16 0H8v2h12v-2z\" fill=\"currentColor\"><\/path><\/svg><svg style=\"fill: #999;color:#999\" class=\"arrow-unsorted-368013\" xmlns=\"http:\/\/www.w3.org\/2000\/svg\" width=\"10px\" height=\"10px\" viewbox=\"0 0 24 24\" version=\"1.2\" baseprofile=\"tiny\"><path d=\"M18.2 9.3l-6.2-6.3-6.2 6.3c-.2.2-.3.4-.3.7s.1.5.3.7c.2.2.4.3.7.3h11c.3 0 .5-.1.7-.3.2-.2.3-.5.3-.7s-.1-.5-.3-.7zM5.8 14.7l6.2 6.3 6.2-6.3c.2-.2.3-.5.3-.7s-.1-.5-.3-.7c-.2-.2-.4-.3-.7-.3h-11c-.3 0-.5.1-.7.3-.2.2-.3.5-.3.7s.1.5.3.7z\"\/><\/svg><\/span><\/span><\/span><\/a><\/span><\/div>\n<nav><ul class='ez-toc-list ez-toc-list-level-1 eztoc-toggle-hide-by-default' ><li class='ez-toc-page-1 ez-toc-heading-level-2'><a class=\"ez-toc-link ez-toc-heading-1\" href=\"https:\/\/coinkickoff.com\/fr\/how-to-buy-litecoin\/how-to-buy-litecoin-on-kucoin\/#How_to_Buy_Litecoin_on_Kucoin\" >Comment acheter Litecoin sur Kucoin<\/a><\/li><li class='ez-toc-page-1 ez-toc-heading-level-2'><a class=\"ez-toc-link ez-toc-heading-2\" href=\"https:\/\/coinkickoff.com\/fr\/how-to-buy-litecoin\/how-to-buy-litecoin-on-kucoin\/#A_Step-By-Step_Guide_on_How_to_Buy_Litecoin_on_Kucoin\" >Un guide \u00e9tape par \u00e9tape sur la fa\u00e7on d'acheter Litecoin sur Kucoin<\/a><ul class='ez-toc-list-level-3' ><li class='ez-toc-heading-level-3'><a class=\"ez-toc-link ez-toc-heading-3\" href=\"https:\/\/coinkickoff.com\/fr\/how-to-buy-litecoin\/how-to-buy-litecoin-on-kucoin\/#1_Register_an_Account\" >1. Ouvrir un compte<\/a><\/li><li class='ez-toc-page-1 ez-toc-heading-level-3'><a class=\"ez-toc-link ez-toc-heading-4\" href=\"https:\/\/coinkickoff.com\/fr\/how-to-buy-litecoin\/how-to-buy-litecoin-on-kucoin\/#2_Verify_Your_Account\" >2. V\u00e9rifier votre compte<\/a><\/li><li class='ez-toc-page-1 ez-toc-heading-level-3'><a class=\"ez-toc-link ez-toc-heading-5\" href=\"https:\/\/coinkickoff.com\/fr\/how-to-buy-litecoin\/how-to-buy-litecoin-on-kucoin\/#3_Deposit_Crypto\" >3. D\u00e9p\u00f4t de crypto<\/a><\/li><li class='ez-toc-page-1 ez-toc-heading-level-3'><a class=\"ez-toc-link ez-toc-heading-6\" href=\"https:\/\/coinkickoff.com\/fr\/how-to-buy-litecoin\/how-to-buy-litecoin-on-kucoin\/#4_Navigate_to_the_Relevant_Screen_to_Buy\" >4. Naviguez jusqu'\u00e0 l'\u00e9cran appropri\u00e9 pour acheter<\/a><ul class='ez-toc-list-level-4' ><li class='ez-toc-heading-level-4'><a class=\"ez-toc-link ez-toc-heading-7\" href=\"https:\/\/coinkickoff.com\/fr\/how-to-buy-litecoin\/how-to-buy-litecoin-on-kucoin\/#Fast_Trade\" >Commerce rapide<\/a><\/li><li class='ez-toc-page-1 ez-toc-heading-level-4'><a class=\"ez-toc-link ez-toc-heading-8\" href=\"https:\/\/coinkickoff.com\/fr\/how-to-buy-litecoin\/how-to-buy-litecoin-on-kucoin\/#Third-Party\" >Tiers<\/a><\/li><li class='ez-toc-page-1 ez-toc-heading-level-4'><a class=\"ez-toc-link ez-toc-heading-9\" href=\"https:\/\/coinkickoff.com\/fr\/how-to-buy-litecoin\/how-to-buy-litecoin-on-kucoin\/#How_to_Buy_Litecoin_with_Crypto\" >Comment acheter Litecoin avec Crypto<\/a><\/li><\/ul><\/li><\/ul><\/li><\/ul><\/nav><\/div>\n<h2><span class=\"ez-toc-section\" id=\"How_to_Buy_Litecoin_on_Kucoin\"><\/span><span style=\"font-weight: 400;\">Comment acheter Litecoin sur Kucoin<\/span><span class=\"ez-toc-section-end\"><\/span><\/h2>\n<p><span style=\"font-weight: 400;\">Si vous avez besoin de conseils sur la fa\u00e7on d'acheter <a href=\"https:\/\/coinkickoff.com\/fr\/litecoin-ltc\/\" data-internallinksmanager029f6b8e52c=\"21\" title=\"Qu&#039;est-ce que Litecoin (LTC) ? Prix, historique et o\u00f9 acheter\">Litecoin<\/a> sur <a href=\"https:\/\/coinkickoff.com\/fr\/kucoin-review\/\" data-internallinksmanager029f6b8e52c=\"153\" title=\"KuCoin Examens 2023 : Tarifs, s\u00e9curit\u00e9, avantages et inconv\u00e9nients\">Kucoin<\/a>vous \u00eates au bon endroit ! Voyons comment acheter LTC sur Kucoin en quelques \u00e9tapes simples.<\/span><\/p>\n<h2><span class=\"ez-toc-section\" id=\"A_Step-By-Step_Guide_on_How_to_Buy_Litecoin_on_Kucoin\"><\/span><span style=\"font-weight: 400;\">Un guide \u00e9tape par \u00e9tape sur la fa\u00e7on d'acheter Litecoin sur Kucoin<\/span><span class=\"ez-toc-section-end\"><\/span><\/h2>\n<h3><span class=\"ez-toc-section\" id=\"1_Register_an_Account\"><\/span><span style=\"font-weight: 400;\">1. Ouvrir un compte<\/span><span class=\"ez-toc-section-end\"><\/span><\/h3>\n<p><img loading=\"lazy\" decoding=\"async\" class=\"alignnone wp-image-3269 size-full\" src=\"https:\/\/coinkickoff.com\/wp-content\/uploads\/kucoin-register.png\" alt=\"buy doge on kucoin register\" width=\"1421\" height=\"788\" srcset=\"https:\/\/coinkickoff.com\/wp-content\/uploads\/kucoin-register.png 1421w, https:\/\/coinkickoff.com\/wp-content\/uploads\/kucoin-register-300x166.png 300w, https:\/\/coinkickoff.com\/wp-content\/uploads\/kucoin-register-1024x568.png 1024w, https:\/\/coinkickoff.com\/wp-content\/uploads\/kucoin-register-768x426.png 768w, https:\/\/coinkickoff.com\/wp-content\/uploads\/kucoin-register-18x10.png 18w\" sizes=\"auto, (max-width: 1421px) 100vw, 1421px\" \/><\/p>\n<p><span style=\"font-weight: 400;\">Allez \u00e0 la <\/span><a href=\"https:\/\/www.kucoin.com\/r\/af\/rMJPV3B\" target=\"_blank\" rel=\"noopener\"><span style=\"font-weight: 400;\">Kucoin<\/span><\/a><span style=\"font-weight: 400;\"> et inscrivez-vous en indiquant votre adresse \u00e9lectronique ou votre num\u00e9ro de t\u00e9l\u00e9phone.\u00a0<\/span><\/p>\n<h3><span class=\"ez-toc-section\" id=\"2_Verify_Your_Account\"><\/span><span style=\"font-weight: 400;\">2. V\u00e9rifier votre compte<\/span><span class=\"ez-toc-section-end\"><\/span><\/h3>\n<p><span style=\"font-weight: 400;\">Si vous poss\u00e9dez des actifs num\u00e9riques que vous pouvez \u00e9changer contre Litecoin, vous n'avez pas besoin de v\u00e9rifier votre identit\u00e9. Vous pouvez passer \u00e0 l'\u00e9tape suivante pour voir comment d\u00e9poser des actifs cryptographiques sur Kucoin.<\/span><\/p>\n<p><span style=\"font-weight: 400;\">Si vous n'avez pas encore d'actifs num\u00e9riques, ne vous inqui\u00e9tez pas ! La v\u00e9rification de l'identit\u00e9 est tr\u00e8s simple et peut \u00eatre effectu\u00e9e en quelques minutes.<\/span><\/p>\n<p><span style=\"font-weight: 400;\">Vous verrez votre nom d'utilisateur en haut \u00e0 droite de la page. Vous acc\u00e9derez ainsi \u00e0 votre profil d'utilisateur.<\/span><\/p>\n<p><span style=\"font-weight: 400;\">Allez dans l'onglet \"V\u00e9rification de l'identit\u00e9\" de votre profil et cliquez sur \"V\u00e9rifier\" dans \"Fonctions avanc\u00e9es\".<\/span><\/p>\n<p><img loading=\"lazy\" decoding=\"async\" class=\"alignnone wp-image-3272 size-full\" src=\"https:\/\/coinkickoff.com\/wp-content\/uploads\/kucoin-identity-verification.png\" alt=\"kucoin id verification 1\" width=\"1420\" height=\"785\" srcset=\"https:\/\/coinkickoff.com\/wp-content\/uploads\/kucoin-identity-verification.png 1420w, https:\/\/coinkickoff.com\/wp-content\/uploads\/kucoin-identity-verification-300x166.png 300w, https:\/\/coinkickoff.com\/wp-content\/uploads\/kucoin-identity-verification-1024x566.png 1024w, https:\/\/coinkickoff.com\/wp-content\/uploads\/kucoin-identity-verification-768x425.png 768w, https:\/\/coinkickoff.com\/wp-content\/uploads\/kucoin-identity-verification-18x10.png 18w\" sizes=\"auto, (max-width: 1420px) 100vw, 1420px\" \/><\/p>\n<p><span style=\"font-weight: 400;\">La v\u00e9rification avanc\u00e9e vous permet de d\u00e9poser et de retirer de l'argent liquide sur Kucoin. Cela augmentera \u00e9galement consid\u00e9rablement vos limites de trading et de retrait.<\/span><\/p>\n<p><span style=\"font-weight: 400;\">Le syst\u00e8me de v\u00e9rification est simple : il suffit de remplir un questionnaire d'informations personnelles, de t\u00e9l\u00e9charger une pi\u00e8ce d'identit\u00e9 d\u00e9livr\u00e9e par l'\u00c9tat pour v\u00e9rifier vos informations et de proc\u00e9der \u00e0 la v\u00e9rification faciale.<\/span><\/p>\n<p><img loading=\"lazy\" decoding=\"async\" class=\"alignnone wp-image-3270 size-full\" src=\"https:\/\/coinkickoff.com\/wp-content\/uploads\/kucoin-id-verification-2.png\" alt=\"kucoin v\u00e9rification d&#039;identit\u00e9 2\" width=\"1407\" height=\"706\" srcset=\"https:\/\/coinkickoff.com\/wp-content\/uploads\/kucoin-id-verification-2.png 1407w, https:\/\/coinkickoff.com\/wp-content\/uploads\/kucoin-id-verification-2-300x151.png 300w, https:\/\/coinkickoff.com\/wp-content\/uploads\/kucoin-id-verification-2-1024x514.png 1024w, https:\/\/coinkickoff.com\/wp-content\/uploads\/kucoin-id-verification-2-768x385.png 768w, https:\/\/coinkickoff.com\/wp-content\/uploads\/kucoin-id-verification-2-18x9.png 18w\" sizes=\"auto, (max-width: 1407px) 100vw, 1407px\" \/><\/p>\n<p><span style=\"font-weight: 400;\">Vous pouvez utiliser une carte d'identit\u00e9 nationale, un permis de conduire ou une page de passeport pour confirmer votre identit\u00e9. Pr\u00e9parez votre document d'identit\u00e9 et cliquez sur \"Accepter et continuer\".<\/span><\/p>\n<p><img loading=\"lazy\" decoding=\"async\" class=\"alignnone wp-image-3271 size-full\" src=\"https:\/\/coinkickoff.com\/wp-content\/uploads\/kucoin-id-verification-3.png\" alt=\"kucoin id verification 3 \" width=\"1412\" height=\"789\" srcset=\"https:\/\/coinkickoff.com\/wp-content\/uploads\/kucoin-id-verification-3.png 1412w, https:\/\/coinkickoff.com\/wp-content\/uploads\/kucoin-id-verification-3-300x168.png 300w, https:\/\/coinkickoff.com\/wp-content\/uploads\/kucoin-id-verification-3-1024x572.png 1024w, https:\/\/coinkickoff.com\/wp-content\/uploads\/kucoin-id-verification-3-768x429.png 768w, https:\/\/coinkickoff.com\/wp-content\/uploads\/kucoin-id-verification-3-18x10.png 18w\" sizes=\"auto, (max-width: 1412px) 100vw, 1412px\" \/><\/p>\n<p><span style=\"font-weight: 400;\">Saisissez vos informations et cliquez sur \"Suivant\". Suivez les instructions qui s'affichent \u00e0 l'\u00e9cran pour terminer la v\u00e9rification de votre identit\u00e9.<\/span><\/p>\n<h3><span class=\"ez-toc-section\" id=\"3_Deposit_Crypto\"><\/span><span style=\"font-weight: 400;\">3. D\u00e9p\u00f4t de crypto<\/span><span class=\"ez-toc-section-end\"><\/span><\/h3>\n<p><span style=\"font-weight: 400;\">Si vous poss\u00e9dez des actifs num\u00e9riques dans un portefeuille externe, vous pouvez les transf\u00e9rer vers Kucoin et les \u00e9changer contre LTC sur le march\u00e9 au comptant. Si cette option n'est pas envisageable, passez \u00e0 l'\u00e9tape suivante pour savoir comment acheter Litecoin avec de l'argent fiduciaire.<\/span><\/p>\n<p><span style=\"font-weight: 400;\">Cliquez sur le menu \"Actifs\" en haut \u00e0 droite de la page web.<\/span><\/p>\n<p><img loading=\"lazy\" decoding=\"async\" class=\"alignnone wp-image-3273 size-full\" src=\"https:\/\/coinkickoff.com\/wp-content\/uploads\/kucoin-deposit.png\" alt=\"kucoin fonds de d\u00e9p\u00f4t 1\" width=\"1427\" height=\"758\" srcset=\"https:\/\/coinkickoff.com\/wp-content\/uploads\/kucoin-deposit.png 1427w, https:\/\/coinkickoff.com\/wp-content\/uploads\/kucoin-deposit-300x159.png 300w, https:\/\/coinkickoff.com\/wp-content\/uploads\/kucoin-deposit-1024x544.png 1024w, https:\/\/coinkickoff.com\/wp-content\/uploads\/kucoin-deposit-768x408.png 768w, https:\/\/coinkickoff.com\/wp-content\/uploads\/kucoin-deposit-18x10.png 18w\" sizes=\"auto, (max-width: 1427px) 100vw, 1427px\" \/><\/p>\n<p><span style=\"font-weight: 400;\">Vous pouvez voir tous vos soldes ici. Cliquez sur le bouton \"D\u00e9poser\" et s\u00e9lectionnez la monnaie num\u00e9rique que vous souhaitez transf\u00e9rer \u00e0 Kucoin.<\/span><\/p>\n<p><span style=\"font-weight: 400;\">Par exemple, si vous avez donn\u00e9 <a href=\"https:\/\/coinkickoff.com\/fr\/tether-usdt\/\" data-internallinksmanager029f6b8e52c=\"3\" title=\"Qu&#039;est-ce que Tether (USDT) ? Comment \u00e7a marche et o\u00f9 l&#039;acheter ?\">USDT<\/a>Cliquez sur USDT et vous obtiendrez un code QR. Ce code QR repr\u00e9sente votre adresse USDT sur Kucoin. Lorsque vous souhaitez transf\u00e9rer USDT vers Kucoin, utilisez ce code QR comme adresse de retrait.<\/span><\/p>\n<p><span style=\"font-weight: 400;\">N'utilisez jamais une adresse de portefeuille USDT pour transf\u00e9rer d'autres crypto-monnaies. Chaque adresse de portefeuille est sp\u00e9cifique \u00e0 une devise : vous ne pouvez transf\u00e9rer que BTC vers une adresse de portefeuille de <a href=\"https:\/\/coinkickoff.com\/fr\/bitcoin-btc\/\" data-internallinksmanager029f6b8e52c=\"1\" title=\"Qu&#039;est-ce que Bitcoin (BTC) ? Prix, historique et o\u00f9 acheter\">Bitcoin<\/a> adresse, ETH \u00e0 un <a href=\"https:\/\/coinkickoff.com\/fr\/ethereum-eth\/\" data-internallinksmanager029f6b8e52c=\"2\" title=\"Qu&#039;est-ce que Ethereum (ETH) ? Prix, historique et o\u00f9 acheter\">Ethereum<\/a> adresse, <a href=\"https:\/\/coinkickoff.com\/fr\/polkadot-dot\/\" data-internallinksmanager029f6b8e52c=\"12\" title=\"Qu&#039;est-ce que Polkadot (DOT) ? Comment \u00e7a marche et o\u00f9 l&#039;acheter ?\">Polkadot<\/a> \u00e0 une adresse DOT, et ainsi de suite.<\/span><\/p>\n<h3><span class=\"ez-toc-section\" id=\"4_Navigate_to_the_Relevant_Screen_to_Buy\"><\/span><span style=\"font-weight: 400;\">4. Naviguez jusqu'\u00e0 l'\u00e9cran appropri\u00e9 pour acheter<\/span><span class=\"ez-toc-section-end\"><\/span><\/h3>\n<p><span style=\"font-weight: 400;\">Sur votre page d'accueil, cliquez sur le menu \"Buy Crypto\". Vous verrez plusieurs options, telles que \"Fast Trade\", \"P2P\" et \"Third-Party\".<\/span><\/p>\n<p><span style=\"font-weight: 400;\">Vous ne pouvez pas acheter Litecoin avec des transactions P2P, mais les deux autres sont parfaitement viables et assez faciles \u00e0 utiliser.<\/span><\/p>\n<p><img loading=\"lazy\" decoding=\"async\" class=\"alignnone wp-image-3274 size-full\" src=\"https:\/\/coinkickoff.com\/wp-content\/uploads\/kucoin-buy-crypto.png\" alt=\"kucoin acheter \u00e9cran\" width=\"1418\" height=\"692\" srcset=\"https:\/\/coinkickoff.com\/wp-content\/uploads\/kucoin-buy-crypto.png 1418w, https:\/\/coinkickoff.com\/wp-content\/uploads\/kucoin-buy-crypto-300x146.png 300w, https:\/\/coinkickoff.com\/wp-content\/uploads\/kucoin-buy-crypto-1024x500.png 1024w, https:\/\/coinkickoff.com\/wp-content\/uploads\/kucoin-buy-crypto-768x375.png 768w, https:\/\/coinkickoff.com\/wp-content\/uploads\/kucoin-buy-crypto-18x9.png 18w\" sizes=\"auto, (max-width: 1418px) 100vw, 1418px\" \/><\/p>\n<p><span style=\"font-weight: 400;\">La principale diff\u00e9rence entre une transaction rapide et une transaction avec un tiers est la m\u00e9thode de paiement. Dans le cas d'une transaction rapide, vous pouvez utiliser votre carte de cr\u00e9dit pour acheter Litecoin, et dans le cas d'une transaction avec un tiers, vous pouvez utiliser des processeurs de paiement tels que Simplex et Banxa.<\/span><\/p>\n<h4><span class=\"ez-toc-section\" id=\"Fast_Trade\"><\/span><span style=\"font-weight: 400;\">Commerce rapide<\/span><span class=\"ez-toc-section-end\"><\/span><\/h4>\n<p><span style=\"font-weight: 400;\">Inscrivez le montant que vous souhaitez investir dans la colonne \"Je veux d\u00e9penser\".<\/span><\/p>\n<h4><img loading=\"lazy\" decoding=\"async\" class=\"alignnone wp-image-3275 size-full\" style=\"font-family: Muli, sans-serif;\" src=\"https:\/\/coinkickoff.com\/wp-content\/uploads\/kucoin-buy-crypto-one-click.png\" alt=\"kucoin un clic acheter\" width=\"1421\" height=\"770\" srcset=\"https:\/\/coinkickoff.com\/wp-content\/uploads\/kucoin-buy-crypto-one-click.png 1421w, https:\/\/coinkickoff.com\/wp-content\/uploads\/kucoin-buy-crypto-one-click-300x163.png 300w, https:\/\/coinkickoff.com\/wp-content\/uploads\/kucoin-buy-crypto-one-click-1024x555.png 1024w, https:\/\/coinkickoff.com\/wp-content\/uploads\/kucoin-buy-crypto-one-click-768x416.png 768w, https:\/\/coinkickoff.com\/wp-content\/uploads\/kucoin-buy-crypto-one-click-18x10.png 18w\" sizes=\"auto, (max-width: 1421px) 100vw, 1421px\" \/><\/h4>\n<p><span style=\"font-weight: 400;\">R\u00e9glez la colonne \"R\u00e9ception\" sur Litecoin.<\/span><\/p>\n<p><img loading=\"lazy\" decoding=\"async\" class=\"alignnone wp-image-3276 size-full\" src=\"https:\/\/coinkickoff.com\/wp-content\/uploads\/kucoin-select-paymnet-method.png\" alt=\"comment acheter Polygon sur Kucoin\" width=\"1424\" height=\"794\" srcset=\"https:\/\/coinkickoff.com\/wp-content\/uploads\/kucoin-select-paymnet-method.png 1424w, https:\/\/coinkickoff.com\/wp-content\/uploads\/kucoin-select-paymnet-method-300x167.png 300w, https:\/\/coinkickoff.com\/wp-content\/uploads\/kucoin-select-paymnet-method-1024x571.png 1024w, https:\/\/coinkickoff.com\/wp-content\/uploads\/kucoin-select-paymnet-method-768x428.png 768w, https:\/\/coinkickoff.com\/wp-content\/uploads\/kucoin-select-paymnet-method-18x10.png 18w\" sizes=\"auto, (max-width: 1424px) 100vw, 1424px\" \/><\/p>\n<p><span style=\"font-weight: 400;\">Enfin, ajoutez une m\u00e9thode de paiement. Comme vous pouvez le voir, vous avez la possibilit\u00e9 d'ajouter une carte de d\u00e9bit ou de cr\u00e9dit \u00e0 votre compte Kucoin. Une fois que vous avez ajout\u00e9 une carte, vous pouvez l'utiliser pour vos prochains achats.<\/span><\/p>\n<p><span style=\"font-weight: 400;\">Saisissez les d\u00e9tails de votre carte et cliquez sur \"Acheter LTC\". Vous obtiendrez un aper\u00e7u des d\u00e9tails de votre commande, y compris tous les frais applicables. Si tout vous semble correct, cliquez sur \"Confirmer\". Votre achat sera effectu\u00e9 instantan\u00e9ment.<\/span><\/p>\n<p><span style=\"font-weight: 400;\">Que se passe-t-il si vous ne pouvez pas utiliser votre carte de d\u00e9bit\/cr\u00e9dit pour acheter Litecoin via Fast Trade ? Cela peut \u00eatre d\u00fb \u00e0 plusieurs raisons, y compris des restrictions mises en place par votre banque, et\/ou une d\u00e9faillance du Fast Trade.<\/span><\/p>\n<p><span style=\"font-weight: 400;\">Vous pouvez \u00e9galement vous sentir mal \u00e0 l'aise \u00e0 l'id\u00e9e de laisser les informations relatives \u00e0 votre carte sur Kucoin. Dans ce cas, vous pouvez opter pour l'achat aupr\u00e8s d'un tiers.<\/span><\/p>\n<h4><span class=\"ez-toc-section\" id=\"Third-Party\"><\/span><span style=\"font-weight: 400;\">Tiers<\/span><span class=\"ez-toc-section-end\"><\/span><\/h4>\n<p><span style=\"font-weight: 400;\">L'achat par un tiers vous permet de r\u00e9gler votre achat par l'interm\u00e9diaire de canaux de paiement ind\u00e9pendants. Ces canaux de paiement vous vendent des crypto-monnaies \u00e0 leurs propres taux, qui sont g\u00e9n\u00e9ralement plus \u00e9lev\u00e9s que les taux du march\u00e9 au comptant, mais \u00e9quivalents aux prix du commerce rapide.<\/span><\/p>\n<p><img loading=\"lazy\" decoding=\"async\" class=\"alignnone wp-image-3278 size-full\" src=\"https:\/\/coinkickoff.com\/wp-content\/uploads\/kucoin-screenshot.png\" alt=\"Comment acheter Cardano sur Kucoin Comment acheter polkadot sur Kucoin Comment acheter Litecoin sur Kucoin\" width=\"1436\" height=\"673\" srcset=\"https:\/\/coinkickoff.com\/wp-content\/uploads\/kucoin-screenshot.png 1436w, https:\/\/coinkickoff.com\/wp-content\/uploads\/kucoin-screenshot-300x141.png 300w, https:\/\/coinkickoff.com\/wp-content\/uploads\/kucoin-screenshot-1024x480.png 1024w, https:\/\/coinkickoff.com\/wp-content\/uploads\/kucoin-screenshot-768x360.png 768w, https:\/\/coinkickoff.com\/wp-content\/uploads\/kucoin-screenshot-18x8.png 18w\" sizes=\"auto, (max-width: 1436px) 100vw, 1436px\" \/><\/p>\n<p><span style=\"font-weight: 400;\">L'achat par un tiers est tr\u00e8s facile \u00e0 utiliser : entrez le montant que vous souhaitez d\u00e9penser et choisissez Litecoin comme monnaie \u00e0 recevoir.<\/span><\/p>\n<p><span style=\"font-weight: 400;\">S\u00e9lectionnez un mode de paiement et un processeur de paiement. Cliquez sur \"Confirmer\" pour continuer.<\/span><\/p>\n<p><span style=\"font-weight: 400;\">A ce stade, vous quitterez le site web de Kucoin pour vous rendre sur le site du processeur de paiement. Si vous avez d\u00e9j\u00e0 un compte, vous pouvez effectuer la transaction imm\u00e9diatement. Si vous n'avez pas de compte, vous pouvez le cr\u00e9er rapidement et terminer votre transaction.\u00a0<\/span><\/p>\n<h4><span class=\"ez-toc-section\" id=\"How_to_Buy_Litecoin_with_Crypto\"><\/span><span style=\"font-weight: 400;\">Comment acheter Litecoin avec Crypto<\/span><span class=\"ez-toc-section-end\"><\/span><\/h4>\n<p><span style=\"font-weight: 400;\">Enfin, vous pouvez acheter du Litecoin sur le march\u00e9 spot Kucoin avec des crypto-monnaies.\u00a0<\/span><\/p>\n<p><span style=\"font-weight: 400;\">Sur votre tableau de bord, s\u00e9lectionnez le menu \"Trade\" et cliquez sur Spot Trading. Vous verrez plusieurs paires sur la page, telles que BTC\/USDT, ETH\/USDT, <a href=\"https:\/\/coinkickoff.com\/fr\/dogecoin-doge\/\" data-internallinksmanager029f6b8e52c=\"14\" title=\"Qu&#039;est-ce que Dogecoin (DOGE) ? Comment \u00e7a marche et o\u00f9 l&#039;acheter ?\">DOGE<\/a>\/USDT, etc.\u00a0<\/span><\/p>\n<p><span style=\"font-weight: 400;\">Une grande partie des \u00e9changes de crypto-monnaies est libell\u00e9e en USDT, vous pouvez donc acheter et vendre la plupart des coins contre des USDT, y compris des Litecoin.\u00a0<\/span><\/p>\n<p><span style=\"font-weight: 400;\">Par exemple, si vous avez Polkadot, vous ne pourrez peut-\u00eatre pas l'\u00e9changer directement contre Litecoin, mais vous pourrez l'\u00e9changer contre USDT et utiliser ensuite USDT pour acheter LTC.<\/span><\/p>\n<p><span style=\"font-weight: 400;\">Tout d'abord, s\u00e9lectionnez la paire d'\u00e9change que vous souhaitez \u00e9changer (par exemple, LTC\/USDT). Ensuite, remplissez le formulaire de commande en ajustant le montant de USDT que vous souhaitez \u00e9changer contre LTC.<\/span><\/p>\n<p><span style=\"font-weight: 400;\">Kucoin vous permet de placer des ordres \"March\u00e9\" et \"Limite\". Pour les d\u00e9butants, nous sugg\u00e9rons de choisir un ordre au march\u00e9. Si vous souhaitez explorer d'autres options, vous pouvez en savoir plus sur <\/span><a href=\"https:\/\/www.kucoin.com\/support\/900006714063\" target=\"_blank\" rel=\"noopener\"><span style=\"font-weight: 400;\">diff\u00e9rents types de commandes<\/span><\/a><span style=\"font-weight: 400;\"> avant de continuer<\/span><\/p>\n<p><span style=\"font-weight: 400;\">Une fois que vous avez termin\u00e9, cliquez sur \"Acheter\".<\/span><\/p>\n<p><span style=\"font-weight: 400;\">Vous connaissez maintenant trois fa\u00e7ons diff\u00e9rentes d'acheter Litecoin sur Kucoin ! Si vous avez appr\u00e9ci\u00e9 notre article \"<\/span><i><span style=\"font-weight: 400;\">Comment acheter Litecoin sur Kucoin\"<\/span><\/i><span style=\"font-weight: 400;\"> vous aimerez peut-\u00eatre aussi notre guide <\/span><a href=\"https:\/\/coinkickoff.com\/fr\/crypto-exchanges\/\"><span style=\"font-weight: 400;\">examens des \u00e9changes<\/span><\/a><span style=\"font-weight: 400;\"> et <a href=\"https:\/\/coinkickoff.com\/fr\/how-to-buy-bitcoin\/\">autres guides<\/a>.<\/span><\/p>","protected":false},"excerpt":{"rendered":"<p>Comment acheter Litecoin sur Kucoin Si vous avez besoin de conseils pour acheter Litecoin sur Kucoin, vous \u00eates au bon endroit ! Voyons comment acheter LTC sur Kucoin en quelques \u00e9tapes simples. Guide \u00e9tape par \u00e9tape pour acheter Litecoin sur Kucoin 1. Enregistrez un compte Allez sur le site Kucoin [...]<\/p>","protected":false},"author":3,"featured_media":0,"parent":4392,"menu_order":0,"comment_status":"closed","ping_status":"closed","template":"","meta":{"_genesis_hide_title":false,"_genesis_hide_breadcrumbs":false,"_genesis_hide_singular_image":false,"_genesis_hide_footer_widgets":false,"_genesis_custom_body_class":"","_genesis_custom_post_class":"","_genesis_layout":"","_glsr_average":0,"_glsr_ranking":0,"_glsr_reviews":0,"footnotes":""},"class_list":{"0":"post-4404","1":"page","2":"type-page","3":"status-publish","5":"entry"},"featured_image_src":null,"featured_image_src_square":null,"_links":{"self":[{"href":"https:\/\/coinkickoff.com\/fr\/wp-json\/wp\/v2\/pages\/4404","targetHints":{"allow":["GET"]}}],"collection":[{"href":"https:\/\/coinkickoff.com\/fr\/wp-json\/wp\/v2\/pages"}],"about":[{"href":"https:\/\/coinkickoff.com\/fr\/wp-json\/wp\/v2\/types\/page"}],"author":[{"embeddable":true,"href":"https:\/\/coinkickoff.com\/fr\/wp-json\/wp\/v2\/users\/3"}],"replies":[{"embeddable":true,"href":"https:\/\/coinkickoff.com\/fr\/wp-json\/wp\/v2\/comments?post=4404"}],"version-history":[{"count":2,"href":"https:\/\/coinkickoff.com\/fr\/wp-json\/wp\/v2\/pages\/4404\/revisions"}],"predecessor-version":[{"id":4406,"href":"https:\/\/coinkickoff.com\/fr\/wp-json\/wp\/v2\/pages\/4404\/revisions\/4406"}],"up":[{"embeddable":true,"href":"https:\/\/coinkickoff.com\/fr\/wp-json\/wp\/v2\/pages\/4392"}],"wp:attachment":[{"href":"https:\/\/coinkickoff.com\/fr\/wp-json\/wp\/v2\/media?parent=4404"}],"curies":[{"name":"wp","href":"https:\/\/api.w.org\/{rel}","templated":true}]}}