{"id":4239,"date":"2026-01-08T14:07:08","date_gmt":"2026-01-08T14:07:08","guid":{"rendered":"https:\/\/coinkickoff.com\/?page_id=4239"},"modified":"2026-01-08T14:07:08","modified_gmt":"2026-01-08T14:07:08","slug":"how-to-buy-polkadot-on-kucoin","status":"publish","type":"page","link":"https:\/\/coinkickoff.com\/fr\/how-to-buy-polkadot\/how-to-buy-polkadot-on-kucoin\/","title":{"rendered":"Comment acheter Polkadot sur Kucoin"},"content":{"rendered":"<div id=\"ez-toc-container\" class=\"ez-toc-v2_0_80 counter-hierarchy ez-toc-counter ez-toc-transparent ez-toc-container-direction\">\n<div class=\"ez-toc-title-container\">\n<p class=\"ez-toc-title\" style=\"cursor:inherit\">Sections<\/p>\n<span class=\"ez-toc-title-toggle\"><a href=\"#\" class=\"ez-toc-pull-right ez-toc-btn ez-toc-btn-xs ez-toc-btn-default ez-toc-toggle\" aria-label=\"Toggle Table des mati\u00e8res\"><span class=\"ez-toc-js-icon-con\"><span class=\"\"><span class=\"eztoc-hide\" style=\"display:none;\">Toggle<\/span><span class=\"ez-toc-icon-toggle-span\"><svg style=\"fill: #999;color:#999\" xmlns=\"http:\/\/www.w3.org\/2000\/svg\" class=\"list-377408\" width=\"20px\" height=\"20px\" viewbox=\"0 0 24 24\" fill=\"none\"><path d=\"M6 6H4v2h2V6zm14 0H8v2h12V6zM4 11h2v2H4v-2zm16 0H8v2h12v-2zM4 16h2v2H4v-2zm16 0H8v2h12v-2z\" fill=\"currentColor\"><\/path><\/svg><svg style=\"fill: #999;color:#999\" class=\"arrow-unsorted-368013\" xmlns=\"http:\/\/www.w3.org\/2000\/svg\" width=\"10px\" height=\"10px\" viewbox=\"0 0 24 24\" version=\"1.2\" baseprofile=\"tiny\"><path d=\"M18.2 9.3l-6.2-6.3-6.2 6.3c-.2.2-.3.4-.3.7s.1.5.3.7c.2.2.4.3.7.3h11c.3 0 .5-.1.7-.3.2-.2.3-.5.3-.7s-.1-.5-.3-.7zM5.8 14.7l6.2 6.3 6.2-6.3c.2-.2.3-.5.3-.7s-.1-.5-.3-.7c-.2-.2-.4-.3-.7-.3h-11c-.3 0-.5.1-.7.3-.2.2-.3.5-.3.7s.1.5.3.7z\"\/><\/svg><\/span><\/span><\/span><\/a><\/span><\/div>\n<nav><ul class='ez-toc-list ez-toc-list-level-1 eztoc-toggle-hide-by-default' ><li class='ez-toc-page-1 ez-toc-heading-level-2'><a class=\"ez-toc-link ez-toc-heading-1\" href=\"https:\/\/coinkickoff.com\/fr\/how-to-buy-polkadot\/how-to-buy-polkadot-on-kucoin\/#How_to_Buy_Polkadot_on_Kucoin\" >Comment acheter Polkadot sur Kucoin<\/a><\/li><li class='ez-toc-page-1 ez-toc-heading-level-2'><a class=\"ez-toc-link ez-toc-heading-2\" href=\"https:\/\/coinkickoff.com\/fr\/how-to-buy-polkadot\/how-to-buy-polkadot-on-kucoin\/#A_Step-By-Step_Guide_on_How_to_Buy_Polkadot_on_Kucoin\" >Un guide \u00e9tape par \u00e9tape sur la fa\u00e7on d'acheter Polkadot sur Kucoin<\/a><ul class='ez-toc-list-level-3' ><li class='ez-toc-heading-level-3'><a class=\"ez-toc-link ez-toc-heading-3\" href=\"https:\/\/coinkickoff.com\/fr\/how-to-buy-polkadot\/how-to-buy-polkadot-on-kucoin\/#1_Register_an_Account\" >1. Ouvrir un compte<\/a><\/li><li class='ez-toc-page-1 ez-toc-heading-level-3'><a class=\"ez-toc-link ez-toc-heading-4\" href=\"https:\/\/coinkickoff.com\/fr\/how-to-buy-polkadot\/how-to-buy-polkadot-on-kucoin\/#2_Verify_Your_Account\" >2. V\u00e9rifier votre compte<\/a><\/li><li class='ez-toc-page-1 ez-toc-heading-level-3'><a class=\"ez-toc-link ez-toc-heading-5\" href=\"https:\/\/coinkickoff.com\/fr\/how-to-buy-polkadot\/how-to-buy-polkadot-on-kucoin\/#3_Deposit_Crypto\" >3. D\u00e9p\u00f4t de crypto<\/a><\/li><li class='ez-toc-page-1 ez-toc-heading-level-3'><a class=\"ez-toc-link ez-toc-heading-6\" href=\"https:\/\/coinkickoff.com\/fr\/how-to-buy-polkadot\/how-to-buy-polkadot-on-kucoin\/#4_Navigate_to_the_Relevant_Screen_to_Buy\" >4. Naviguez jusqu'\u00e0 l'\u00e9cran appropri\u00e9 pour acheter<\/a><ul class='ez-toc-list-level-4' ><li class='ez-toc-heading-level-4'><a class=\"ez-toc-link ez-toc-heading-7\" href=\"https:\/\/coinkickoff.com\/fr\/how-to-buy-polkadot\/how-to-buy-polkadot-on-kucoin\/#Fast_Trade\" >Commerce rapide<\/a><\/li><li class='ez-toc-page-1 ez-toc-heading-level-4'><a class=\"ez-toc-link ez-toc-heading-8\" href=\"https:\/\/coinkickoff.com\/fr\/how-to-buy-polkadot\/how-to-buy-polkadot-on-kucoin\/#Third-Party\" >Tiers<\/a><\/li><li class='ez-toc-page-1 ez-toc-heading-level-4'><a class=\"ez-toc-link ez-toc-heading-9\" href=\"https:\/\/coinkickoff.com\/fr\/how-to-buy-polkadot\/how-to-buy-polkadot-on-kucoin\/#How_to_Buy_Polkadot_with_Crypto\" >Comment acheter Polkadot avec Crypto<\/a><\/li><\/ul><\/li><\/ul><\/li><\/ul><\/nav><\/div>\n<h2><span class=\"ez-toc-section\" id=\"How_to_Buy_Polkadot_on_Kucoin\"><\/span><span style=\"font-weight: 400;\">Comment acheter Polkadot sur Kucoin<\/span><span class=\"ez-toc-section-end\"><\/span><\/h2>\n<p><span style=\"font-weight: 400;\">Comment acheter <a href=\"https:\/\/coinkickoff.com\/fr\/polkadot-dot\/\" data-internallinksmanager029f6b8e52c=\"12\" title=\"Qu&#039;est-ce que Polkadot (DOT) ? Comment \u00e7a marche et o\u00f9 l&#039;acheter ?\">Polkadot<\/a> sur <a href=\"https:\/\/coinkickoff.com\/fr\/kucoin-review\/\" data-internallinksmanager029f6b8e52c=\"153\" title=\"KuCoin Examens 2023 : Tarifs, s\u00e9curit\u00e9, avantages et inconv\u00e9nients\">Kucoin<\/a>demandez-vous ? Il y a tellement de fa\u00e7ons ! Voici un guide sur la fa\u00e7on d'acheter DOT sur Kucoin avec de l'argent liquide et\/ou des monnaies num\u00e9riques.<\/span><\/p>\n<h2><span class=\"ez-toc-section\" id=\"A_Step-By-Step_Guide_on_How_to_Buy_Polkadot_on_Kucoin\"><\/span><span style=\"font-weight: 400;\">Un guide \u00e9tape par \u00e9tape sur la fa\u00e7on d'acheter Polkadot sur Kucoin<\/span><span class=\"ez-toc-section-end\"><\/span><\/h2>\n<h3><span class=\"ez-toc-section\" id=\"1_Register_an_Account\"><\/span><span style=\"font-weight: 400;\">1. Ouvrir un compte<\/span><span class=\"ez-toc-section-end\"><\/span><\/h3>\n<p><img loading=\"lazy\" decoding=\"async\" class=\"alignnone wp-image-3269 size-full\" src=\"https:\/\/coinkickoff.com\/wp-content\/uploads\/kucoin-register.png\" alt=\"buy doge on kucoin register\" width=\"1421\" height=\"788\" srcset=\"https:\/\/coinkickoff.com\/wp-content\/uploads\/kucoin-register.png 1421w, https:\/\/coinkickoff.com\/wp-content\/uploads\/kucoin-register-300x166.png 300w, https:\/\/coinkickoff.com\/wp-content\/uploads\/kucoin-register-1024x568.png 1024w, https:\/\/coinkickoff.com\/wp-content\/uploads\/kucoin-register-768x426.png 768w, https:\/\/coinkickoff.com\/wp-content\/uploads\/kucoin-register-18x10.png 18w\" sizes=\"auto, (max-width: 1421px) 100vw, 1421px\" \/><\/p>\n<p><span style=\"font-weight: 400;\">Commencez par ouvrir un <\/span><a href=\"https:\/\/www.kucoin.com\/r\/af\/rMJPV3B\" target=\"_blank\" rel=\"noopener\"><span style=\"font-weight: 400;\">Kucoin<\/span><\/a><span style=\"font-weight: 400;\"> compte.\u00a0<\/span><\/p>\n<h3><span class=\"ez-toc-section\" id=\"2_Verify_Your_Account\"><\/span><span style=\"font-weight: 400;\">2. V\u00e9rifier votre compte<\/span><span class=\"ez-toc-section-end\"><\/span><\/h3>\n<p><span style=\"font-weight: 400;\">Vous pouvez sauter cette \u00e9tape si vous pr\u00e9voyez d'acheter Polkadot avec d'autres crypto-monnaies.\u00a0<\/span><\/p>\n<p><span style=\"font-weight: 400;\">Si vous souhaitez utiliser de la monnaie fiduciaire (monnaies nationales telles que USD, AUD, EUR, GBP, etc.), vous devez v\u00e9rifier votre compte.\u00a0\u00a0<\/span><\/p>\n<p><span style=\"font-weight: 400;\">Cliquez sur votre nom d'utilisateur pour acc\u00e9der \u00e0 votre profil d'utilisateur. Cliquez ensuite sur l'onglet \"V\u00e9rification de l'identit\u00e9\".<\/span><\/p>\n<p><img loading=\"lazy\" decoding=\"async\" class=\"alignnone wp-image-3272 size-full\" src=\"https:\/\/coinkickoff.com\/wp-content\/uploads\/kucoin-identity-verification.png\" alt=\"kucoin id verification 1\" width=\"1420\" height=\"785\" srcset=\"https:\/\/coinkickoff.com\/wp-content\/uploads\/kucoin-identity-verification.png 1420w, https:\/\/coinkickoff.com\/wp-content\/uploads\/kucoin-identity-verification-300x166.png 300w, https:\/\/coinkickoff.com\/wp-content\/uploads\/kucoin-identity-verification-1024x566.png 1024w, https:\/\/coinkickoff.com\/wp-content\/uploads\/kucoin-identity-verification-768x425.png 768w, https:\/\/coinkickoff.com\/wp-content\/uploads\/kucoin-identity-verification-18x10.png 18w\" sizes=\"auto, (max-width: 1420px) 100vw, 1420px\" \/><\/p>\n<p><span style=\"font-weight: 400;\">Vous avez d\u00e9j\u00e0 acc\u00e8s \u00e0 toutes les fonctionnalit\u00e9s de base, y compris l'\u00e9change de cryptomonnaies. L'acc\u00e8s aux fonctionnalit\u00e9s avanc\u00e9es vous permet d'\u00e9changer et de retirer des montants plus \u00e9lev\u00e9s de crypto-monnaie, ainsi que d'acheter des crypto-monnaies avec du fiat. <\/span><\/p>\n<p><img loading=\"lazy\" decoding=\"async\" class=\"alignnone wp-image-3270 size-full\" src=\"https:\/\/coinkickoff.com\/wp-content\/uploads\/kucoin-id-verification-2.png\" alt=\"kucoin v\u00e9rification d&#039;identit\u00e9 2\" width=\"1407\" height=\"706\" srcset=\"https:\/\/coinkickoff.com\/wp-content\/uploads\/kucoin-id-verification-2.png 1407w, https:\/\/coinkickoff.com\/wp-content\/uploads\/kucoin-id-verification-2-300x151.png 300w, https:\/\/coinkickoff.com\/wp-content\/uploads\/kucoin-id-verification-2-1024x514.png 1024w, https:\/\/coinkickoff.com\/wp-content\/uploads\/kucoin-id-verification-2-768x385.png 768w, https:\/\/coinkickoff.com\/wp-content\/uploads\/kucoin-id-verification-2-18x9.png 18w\" sizes=\"auto, (max-width: 1407px) 100vw, 1407px\" \/><\/p>\n<p><span style=\"font-weight: 400;\">Pr\u00e9parez une pi\u00e8ce d'identit\u00e9 officielle telle qu'un passeport ou un permis de conduire. Le processus de v\u00e9rification est assez court et ne prend que quelques minutes. <\/span><\/p>\n<p><img loading=\"lazy\" decoding=\"async\" class=\"alignnone wp-image-3271 size-full\" src=\"https:\/\/coinkickoff.com\/wp-content\/uploads\/kucoin-id-verification-3.png\" alt=\"kucoin id verification 3 \" width=\"1412\" height=\"789\" srcset=\"https:\/\/coinkickoff.com\/wp-content\/uploads\/kucoin-id-verification-3.png 1412w, https:\/\/coinkickoff.com\/wp-content\/uploads\/kucoin-id-verification-3-300x168.png 300w, https:\/\/coinkickoff.com\/wp-content\/uploads\/kucoin-id-verification-3-1024x572.png 1024w, https:\/\/coinkickoff.com\/wp-content\/uploads\/kucoin-id-verification-3-768x429.png 768w, https:\/\/coinkickoff.com\/wp-content\/uploads\/kucoin-id-verification-3-18x10.png 18w\" sizes=\"auto, (max-width: 1412px) 100vw, 1412px\" \/><\/p>\n<p><span style=\"font-weight: 400;\">Remplissez le formulaire d'information en veillant \u00e0 ce que vos donn\u00e9es personnelles correspondent \u00e0 celles qui figurent sur votre pi\u00e8ce d'identit\u00e9 officielle. Cliquez sur \"Suivant\". Vous devez t\u00e9l\u00e9charger une photo de votre pi\u00e8ce d'identit\u00e9 et la soumettre \u00e0 une v\u00e9rification faciale pour conclure cette \u00e9tape.<\/span><\/p>\n<h3><span class=\"ez-toc-section\" id=\"3_Deposit_Crypto\"><\/span><span style=\"font-weight: 400;\">3. D\u00e9p\u00f4t de crypto<\/span><span class=\"ez-toc-section-end\"><\/span><\/h3>\n<p><span style=\"font-weight: 400;\">Comme nous l'avons dit pr\u00e9c\u00e9demment, vous pouvez acheter des Polkadot sur Kucoin avec d'autres monnaies num\u00e9riques. Si vous poss\u00e9dez des actifs num\u00e9riques et que cette option vous int\u00e9resse, continuez \u00e0 lire. Si ce n'est pas le cas, vous pouvez sauter cette \u00e9tape.\u00a0<\/span><\/p>\n<p><span style=\"font-weight: 400;\">Cliquez sur l'onglet \"Actifs\" de votre tableau de bord pour obtenir une vue d'ensemble de vos soldes. Cliquez sur \"D\u00e9poser\" et choisissez le bien num\u00e9rique que vous allez transf\u00e9rer \u00e0 Kucoin.<\/span><\/p>\n<p><img loading=\"lazy\" decoding=\"async\" class=\"alignnone wp-image-3273 size-full\" src=\"https:\/\/coinkickoff.com\/wp-content\/uploads\/kucoin-deposit.png\" alt=\"kucoin fonds de d\u00e9p\u00f4t 1\" width=\"1427\" height=\"758\" srcset=\"https:\/\/coinkickoff.com\/wp-content\/uploads\/kucoin-deposit.png 1427w, https:\/\/coinkickoff.com\/wp-content\/uploads\/kucoin-deposit-300x159.png 300w, https:\/\/coinkickoff.com\/wp-content\/uploads\/kucoin-deposit-1024x544.png 1024w, https:\/\/coinkickoff.com\/wp-content\/uploads\/kucoin-deposit-768x408.png 768w, https:\/\/coinkickoff.com\/wp-content\/uploads\/kucoin-deposit-18x10.png 18w\" sizes=\"auto, (max-width: 1427px) 100vw, 1427px\" \/><\/p>\n<p><span style=\"font-weight: 400;\">Vous recevrez une adresse de retrait pour le coin que vous avez choisi. Allez dans votre portefeuille externe et utilisez cette adresse pour retirer vos coins en Kucoin !<\/span><\/p>\n<p><span style=\"font-weight: 400;\">Cependant, il y a une r\u00e8gle que vous devez toujours garder \u00e0 l'esprit : vous avez besoin d'une adresse de portefeuille distincte pour chaque crypto-monnaie. Supposons que vous ayez g\u00e9n\u00e9r\u00e9 une adresse pour <a href=\"https:\/\/coinkickoff.com\/fr\/tether-usdt\/\" data-internallinksmanager029f6b8e52c=\"3\" title=\"Qu&#039;est-ce que Tether (USDT) ? Comment \u00e7a marche et o\u00f9 l&#039;acheter ?\">USDT<\/a>. Vous ne devez utiliser cette adresse que pour les transferts de USDT. Si vous essayez d'envoyer une autre crypto-monnaie, elle peut se perdre et vous pouvez perdre vos fonds.\u00a0<\/span><\/p>\n<h3><span class=\"ez-toc-section\" id=\"4_Navigate_to_the_Relevant_Screen_to_Buy\"><\/span><span style=\"font-weight: 400;\">4. Naviguez jusqu'\u00e0 l'\u00e9cran appropri\u00e9 pour acheter<\/span><span class=\"ez-toc-section-end\"><\/span><\/h3>\n<p><span style=\"font-weight: 400;\">Pour acheter Polkadot avec de la monnaie fiduciaire, cliquez sur \"Acheter Crypto\" et s\u00e9lectionnez \"Fast Trade\" ou \"Third-Party\". Les transactions P2P ne sont pas disponibles pour Polkadot.<\/span><\/p>\n<p><img loading=\"lazy\" decoding=\"async\" class=\"alignnone wp-image-3274 size-full\" src=\"https:\/\/coinkickoff.com\/wp-content\/uploads\/kucoin-buy-crypto.png\" alt=\"kucoin acheter \u00e9cran\" width=\"1418\" height=\"692\" srcset=\"https:\/\/coinkickoff.com\/wp-content\/uploads\/kucoin-buy-crypto.png 1418w, https:\/\/coinkickoff.com\/wp-content\/uploads\/kucoin-buy-crypto-300x146.png 300w, https:\/\/coinkickoff.com\/wp-content\/uploads\/kucoin-buy-crypto-1024x500.png 1024w, https:\/\/coinkickoff.com\/wp-content\/uploads\/kucoin-buy-crypto-768x375.png 768w, https:\/\/coinkickoff.com\/wp-content\/uploads\/kucoin-buy-crypto-18x9.png 18w\" sizes=\"auto, (max-width: 1418px) 100vw, 1418px\" \/><\/p>\n<p><span style=\"font-weight: 400;\">Avec Fast Trade, vous pouvez connecter une carte de cr\u00e9dit ou de d\u00e9bit \u00e0 votre compte Kucoin pour effectuer des achats instantan\u00e9s.\u00a0<\/span><\/p>\n<p><span style=\"font-weight: 400;\">Third-party vous permet d'acheter DOT par le biais de canaux tiers tels que Banxa, Simplex, et <a href=\"https:\/\/coinkickoff.com\/fr\/bitcoin-btc\/\" data-internallinksmanager029f6b8e52c=\"1\" title=\"Qu&#039;est-ce que Bitcoin (BTC) ? Prix, historique et o\u00f9 acheter\">BTC<\/a> Direct.<\/span><\/p>\n<h4><span class=\"ez-toc-section\" id=\"Fast_Trade\"><\/span><span style=\"font-weight: 400;\">Commerce rapide<\/span><span class=\"ez-toc-section-end\"><\/span><\/h4>\n<p><span style=\"font-weight: 400;\">Si vous choisissez le commerce rapide, vous pouvez acheter Polkadot en remplissant un simple formulaire de commande. <\/span><\/p>\n<h4><img loading=\"lazy\" decoding=\"async\" class=\"alignnone wp-image-3275 size-full\" style=\"font-family: Muli, sans-serif;\" src=\"https:\/\/coinkickoff.com\/wp-content\/uploads\/kucoin-buy-crypto-one-click.png\" alt=\"kucoin un clic acheter\" width=\"1421\" height=\"770\" srcset=\"https:\/\/coinkickoff.com\/wp-content\/uploads\/kucoin-buy-crypto-one-click.png 1421w, https:\/\/coinkickoff.com\/wp-content\/uploads\/kucoin-buy-crypto-one-click-300x163.png 300w, https:\/\/coinkickoff.com\/wp-content\/uploads\/kucoin-buy-crypto-one-click-1024x555.png 1024w, https:\/\/coinkickoff.com\/wp-content\/uploads\/kucoin-buy-crypto-one-click-768x416.png 768w, https:\/\/coinkickoff.com\/wp-content\/uploads\/kucoin-buy-crypto-one-click-18x10.png 18w\" sizes=\"auto, (max-width: 1421px) 100vw, 1421px\" \/><\/h4>\n<p><span style=\"font-weight: 400;\">Il existe de nombreuses m\u00e9thodes de paiement, y compris les cartes de cr\u00e9dit et de d\u00e9bit.<\/span><\/p>\n<p><img loading=\"lazy\" decoding=\"async\" class=\"alignnone wp-image-3276 size-full\" src=\"https:\/\/coinkickoff.com\/wp-content\/uploads\/kucoin-select-paymnet-method.png\" alt=\"comment acheter Polygon sur Kucoin\" width=\"1424\" height=\"794\" srcset=\"https:\/\/coinkickoff.com\/wp-content\/uploads\/kucoin-select-paymnet-method.png 1424w, https:\/\/coinkickoff.com\/wp-content\/uploads\/kucoin-select-paymnet-method-300x167.png 300w, https:\/\/coinkickoff.com\/wp-content\/uploads\/kucoin-select-paymnet-method-1024x571.png 1024w, https:\/\/coinkickoff.com\/wp-content\/uploads\/kucoin-select-paymnet-method-768x428.png 768w, https:\/\/coinkickoff.com\/wp-content\/uploads\/kucoin-select-paymnet-method-18x10.png 18w\" sizes=\"auto, (max-width: 1424px) 100vw, 1424px\" \/><\/p>\n<p><span style=\"font-weight: 400;\">S\u00e9lectionnez la m\u00e9thode de paiement que vous souhaitez utiliser. Si vous cliquez sur \"Ajouter une carte\", vous pouvez saisir les informations relatives \u00e0 votre carte et l'utiliser pour votre achat.<\/span><\/p>\n<p><span style=\"font-weight: 400;\">Cliquez sur \"Acheter DOT\" pour terminer la transaction. Avant que la transaction ne soit finalis\u00e9e, vous pouvez voir une estimation de la quantit\u00e9 de DOT que vous obtiendrez, ainsi que tous les frais qui s'appliquent.<\/span><\/p>\n<h4><span class=\"ez-toc-section\" id=\"Third-Party\"><\/span><span style=\"font-weight: 400;\">Tiers<\/span><span class=\"ez-toc-section-end\"><\/span><\/h4>\n<p><span style=\"font-weight: 400;\">Si, pour une raison quelconque, vous ne pouvez pas acheter DOT par l'interm\u00e9diaire d'Easy Buy, vous pouvez toujours utiliser un service tiers comme Banxa ou Simplex.<\/span><\/p>\n<p><span style=\"font-weight: 400;\">Ces processeurs tiers vendent des crypto-monnaies \u00e0 des taux fixes et ajoutent une petite commission de traitement. Toutefois, leurs tarifs sont g\u00e9n\u00e9ralement plus \u00e9lev\u00e9s que les prix des bourses en raison des \u00e9carts importants.<\/span><\/p>\n<p><span style=\"font-weight: 400;\">Remplissez le formulaire d'ordre de tiers. S\u00e9lectionnez d'abord DOT comme actif \u00e0 recevoir et indiquez le montant que vous souhaitez investir dans Polkadot.<\/span><\/p>\n<p><img loading=\"lazy\" decoding=\"async\" class=\"alignnone wp-image-3278 size-full\" src=\"https:\/\/coinkickoff.com\/wp-content\/uploads\/kucoin-screenshot.png\" alt=\"Comment acheter Cardano sur Kucoin Comment acheter polkadot sur Kucoin\" width=\"1436\" height=\"673\" srcset=\"https:\/\/coinkickoff.com\/wp-content\/uploads\/kucoin-screenshot.png 1436w, https:\/\/coinkickoff.com\/wp-content\/uploads\/kucoin-screenshot-300x141.png 300w, https:\/\/coinkickoff.com\/wp-content\/uploads\/kucoin-screenshot-1024x480.png 1024w, https:\/\/coinkickoff.com\/wp-content\/uploads\/kucoin-screenshot-768x360.png 768w, https:\/\/coinkickoff.com\/wp-content\/uploads\/kucoin-screenshot-18x8.png 18w\" sizes=\"auto, (max-width: 1436px) 100vw, 1436px\" \/><\/p>\n<p><span style=\"font-weight: 400;\">V\u00e9rifiez les m\u00e9thodes de paiement disponibles. Certains processeurs de paiement peuvent offrir de meilleurs prix ou des frais moins \u00e9lev\u00e9s.<\/span><\/p>\n<p>&nbsp;<\/p>\n<p><span style=\"font-weight: 400;\">Lorsque vous cliquez sur \"Confirmer\", vous \u00eates redirig\u00e9 vers la page de paiement. Approuvez la transaction, et le tour est jou\u00e9.<\/span><\/p>\n<h4><span class=\"ez-toc-section\" id=\"How_to_Buy_Polkadot_with_Crypto\"><\/span><span style=\"font-weight: 400;\">Comment acheter Polkadot avec Crypto<\/span><span class=\"ez-toc-section-end\"><\/span><\/h4>\n<p><span style=\"font-weight: 400;\">Si vous transf\u00e9rez des actifs num\u00e9riques vers Kucoin, vous pouvez les \u00e9changer contre des Polkadot sur le march\u00e9 au comptant. Kucoin, comme de nombreux \u00e9changes, propose des paires stables de coin pour la plupart des altcoins, y compris le Polkadot. Ainsi, si vous poss\u00e9dez des USDT ou des Polkadot, vous pouvez les \u00e9changer contre des paires stables de coin. <a href=\"https:\/\/coinkickoff.com\/fr\/usd-coin-usdc\/\" data-internallinksmanager029f6b8e52c=\"8\" title=\"Qu&#039;est-ce que USD Coin (USDC) ? Comment \u00e7a marche et o\u00f9 l&#039;acheter ?\">USDC<\/a>vous pouvez les \u00e9changer contre des DOT assez facilement.<\/span><\/p>\n<p><span style=\"font-weight: 400;\">Si vous poss\u00e9dez un autre actif num\u00e9rique, vous pouvez d'abord l'\u00e9changer contre USDT ou USDC.\u00a0<\/span><\/p>\n<p><span style=\"font-weight: 400;\">Cliquez sur \"Trade\" et allez sur \"Spot Trading\". Dans l'interface, tapez \"DOT\" dans le panneau des march\u00e9s pour s\u00e9lectionner un appariement.<\/span><\/p>\n<p><span style=\"font-weight: 400;\">Ensuite, vous pouvez passer une commande pour acheter DOT. Il vous suffit d'entrer le montant que vous souhaitez d\u00e9penser et de cliquer sur \"Acheter\" pour terminer l'achat.<\/span><\/p>\n<p><span style=\"font-weight: 400;\">Si vous placez un ordre \"au march\u00e9\", votre achat sera ex\u00e9cut\u00e9 tr\u00e8s rapidement, au prix du march\u00e9. Si vous placez un ordre \u00e0 cours limit\u00e9, vous pouvez fixer le prix que vous \u00eates pr\u00eat \u00e0 payer pour le DOT, et votre ordre sera ex\u00e9cut\u00e9 lorsque les prix des actifs baisseront.<\/span><\/p>\n<p><span style=\"font-weight: 400;\">Et c'est <\/span><i><span style=\"font-weight: 400;\">Comment acheter Polkadot sur Kucoin<\/span><\/i><span style=\"font-weight: 400;\"> guide ! Si vous l'avez trouv\u00e9 utile, jetez un coup d'\u0153il \u00e0 notre <\/span><a href=\"https:\/\/coinkickoff.com\/fr\/crypto-exchanges\/\"><span style=\"font-weight: 400;\">examens des \u00e9changes<\/span><\/a><span style=\"font-weight: 400;\"> et autres <a href=\"https:\/\/coinkickoff.com\/fr\/how-to-buy-ethereum\/\">guides<\/a>.<\/span><\/p>","protected":false},"excerpt":{"rendered":"<p>Comment acheter du Polkadot sur Kucoin Comment acheter du Polkadot sur Kucoin, vous demandez ? Il y a tellement de fa\u00e7ons ! Voici un guide sur la fa\u00e7on d'acheter DOT sur Kucoin avec de l'argent liquide et\/ou des devises num\u00e9riques. Un guide \u00e9tape par \u00e9tape sur la fa\u00e7on d'acheter Polkadot sur Kucoin 1. Enregistrer un compte Commencez par ouvrir un compte gratuit [...]<\/p>","protected":false},"author":3,"featured_media":0,"parent":4215,"menu_order":0,"comment_status":"closed","ping_status":"closed","template":"","meta":{"_genesis_hide_title":false,"_genesis_hide_breadcrumbs":false,"_genesis_hide_singular_image":false,"_genesis_hide_footer_widgets":false,"_genesis_custom_body_class":"","_genesis_custom_post_class":"","_genesis_layout":"","_glsr_average":0,"_glsr_ranking":0,"_glsr_reviews":0,"footnotes":""},"class_list":{"0":"post-4239","1":"page","2":"type-page","3":"status-publish","5":"entry"},"featured_image_src":null,"featured_image_src_square":null,"_links":{"self":[{"href":"https:\/\/coinkickoff.com\/fr\/wp-json\/wp\/v2\/pages\/4239","targetHints":{"allow":["GET"]}}],"collection":[{"href":"https:\/\/coinkickoff.com\/fr\/wp-json\/wp\/v2\/pages"}],"about":[{"href":"https:\/\/coinkickoff.com\/fr\/wp-json\/wp\/v2\/types\/page"}],"author":[{"embeddable":true,"href":"https:\/\/coinkickoff.com\/fr\/wp-json\/wp\/v2\/users\/3"}],"replies":[{"embeddable":true,"href":"https:\/\/coinkickoff.com\/fr\/wp-json\/wp\/v2\/comments?post=4239"}],"version-history":[{"count":2,"href":"https:\/\/coinkickoff.com\/fr\/wp-json\/wp\/v2\/pages\/4239\/revisions"}],"predecessor-version":[{"id":4241,"href":"https:\/\/coinkickoff.com\/fr\/wp-json\/wp\/v2\/pages\/4239\/revisions\/4241"}],"up":[{"embeddable":true,"href":"https:\/\/coinkickoff.com\/fr\/wp-json\/wp\/v2\/pages\/4215"}],"wp:attachment":[{"href":"https:\/\/coinkickoff.com\/fr\/wp-json\/wp\/v2\/media?parent=4239"}],"curies":[{"name":"wp","href":"https:\/\/api.w.org\/{rel}","templated":true}]}}