{"id":4229,"date":"2026-01-08T14:07:16","date_gmt":"2026-01-08T14:07:16","guid":{"rendered":"https:\/\/coinkickoff.com\/?page_id=4229"},"modified":"2026-01-08T14:07:16","modified_gmt":"2026-01-08T14:07:16","slug":"how-to-buy-polkadot-on-bitmart","status":"publish","type":"page","link":"https:\/\/coinkickoff.com\/fr\/how-to-buy-polkadot\/how-to-buy-polkadot-on-bitmart\/","title":{"rendered":"Comment acheter Polkadot sur Bitmart"},"content":{"rendered":"<div id=\"ez-toc-container\" class=\"ez-toc-v2_0_80 counter-hierarchy ez-toc-counter ez-toc-transparent ez-toc-container-direction\">\n<div class=\"ez-toc-title-container\">\n<p class=\"ez-toc-title\" style=\"cursor:inherit\">Sections<\/p>\n<span class=\"ez-toc-title-toggle\"><a href=\"#\" class=\"ez-toc-pull-right ez-toc-btn ez-toc-btn-xs ez-toc-btn-default ez-toc-toggle\" aria-label=\"Toggle Table des mati\u00e8res\"><span class=\"ez-toc-js-icon-con\"><span class=\"\"><span class=\"eztoc-hide\" style=\"display:none;\">Toggle<\/span><span class=\"ez-toc-icon-toggle-span\"><svg style=\"fill: #999;color:#999\" xmlns=\"http:\/\/www.w3.org\/2000\/svg\" class=\"list-377408\" width=\"20px\" height=\"20px\" viewbox=\"0 0 24 24\" fill=\"none\"><path d=\"M6 6H4v2h2V6zm14 0H8v2h12V6zM4 11h2v2H4v-2zm16 0H8v2h12v-2zM4 16h2v2H4v-2zm16 0H8v2h12v-2z\" fill=\"currentColor\"><\/path><\/svg><svg style=\"fill: #999;color:#999\" class=\"arrow-unsorted-368013\" xmlns=\"http:\/\/www.w3.org\/2000\/svg\" width=\"10px\" height=\"10px\" viewbox=\"0 0 24 24\" version=\"1.2\" baseprofile=\"tiny\"><path d=\"M18.2 9.3l-6.2-6.3-6.2 6.3c-.2.2-.3.4-.3.7s.1.5.3.7c.2.2.4.3.7.3h11c.3 0 .5-.1.7-.3.2-.2.3-.5.3-.7s-.1-.5-.3-.7zM5.8 14.7l6.2 6.3 6.2-6.3c.2-.2.3-.5.3-.7s-.1-.5-.3-.7c-.2-.2-.4-.3-.7-.3h-11c-.3 0-.5.1-.7.3-.2.2-.3.5-.3.7s.1.5.3.7z\"\/><\/svg><\/span><\/span><\/span><\/a><\/span><\/div>\n<nav><ul class='ez-toc-list ez-toc-list-level-1 eztoc-toggle-hide-by-default' ><li class='ez-toc-page-1 ez-toc-heading-level-2'><a class=\"ez-toc-link ez-toc-heading-1\" href=\"https:\/\/coinkickoff.com\/fr\/how-to-buy-polkadot\/how-to-buy-polkadot-on-bitmart\/#How_to_Buy_Polkadot_on_Bitmart\" >Comment acheter Polkadot sur Bitmart<\/a><\/li><li class='ez-toc-page-1 ez-toc-heading-level-2'><a class=\"ez-toc-link ez-toc-heading-2\" href=\"https:\/\/coinkickoff.com\/fr\/how-to-buy-polkadot\/how-to-buy-polkadot-on-bitmart\/#A_Step-By-Step_Guide_on_How_to_Buy_Polkadot_on_Bitmart\" >Un guide \u00e9tape par \u00e9tape sur la fa\u00e7on d'acheter Polkadot sur Bitmart<\/a><ul class='ez-toc-list-level-3' ><li class='ez-toc-heading-level-3'><a class=\"ez-toc-link ez-toc-heading-3\" href=\"https:\/\/coinkickoff.com\/fr\/how-to-buy-polkadot\/how-to-buy-polkadot-on-bitmart\/#1_Register_an_Account\" >1. Ouvrir un compte<\/a><\/li><li class='ez-toc-page-1 ez-toc-heading-level-3'><a class=\"ez-toc-link ez-toc-heading-4\" href=\"https:\/\/coinkickoff.com\/fr\/how-to-buy-polkadot\/how-to-buy-polkadot-on-bitmart\/#2_Verify_Your_Account\" >2. V\u00e9rifier votre compte<\/a><\/li><li class='ez-toc-page-1 ez-toc-heading-level-3'><a class=\"ez-toc-link ez-toc-heading-5\" href=\"https:\/\/coinkickoff.com\/fr\/how-to-buy-polkadot\/how-to-buy-polkadot-on-bitmart\/#3_Buy_Crypto\" >3. Acheter des crypto-monnaies<\/a><\/li><\/ul><\/li><\/ul><\/nav><\/div>\n<h2><span class=\"ez-toc-section\" id=\"How_to_Buy_Polkadot_on_Bitmart\"><\/span><span style=\"font-weight: 400;\">Comment acheter Polkadot sur Bitmart<\/span><span class=\"ez-toc-section-end\"><\/span><\/h2>\n<p><span style=\"font-weight: 400;\">Voulez-vous apprendre \u00e0 acheter <a href=\"https:\/\/coinkickoff.com\/fr\/polkadot-dot\/\" data-internallinksmanager029f6b8e52c=\"12\" title=\"Qu&#039;est-ce que Polkadot (DOT) ? Comment \u00e7a marche et o\u00f9 l&#039;acheter ?\">Polkadot<\/a> sur <\/span><a href=\"https:\/\/coinkickoff.com\/fr\/bitmart-review\/\"><span style=\"font-weight: 400;\">Bitmart<\/span><\/a><span style=\"font-weight: 400;\">? Rien de plus simple ! Suivez notre guide pour acheter DOT sur <\/span><a href=\"https:\/\/coinkickoff.com\/fr\/polkadot-dot\/\"><span style=\"font-weight: 400;\">Bitmart<\/span><\/a><span style=\"font-weight: 400;\"> en 3 \u00e9tapes faciles.<\/span><\/p>\n<h2><span class=\"ez-toc-section\" id=\"A_Step-By-Step_Guide_on_How_to_Buy_Polkadot_on_Bitmart\"><\/span><span style=\"font-weight: 400;\">Un guide \u00e9tape par \u00e9tape sur la fa\u00e7on d'acheter Polkadot sur Bitmart<\/span><span class=\"ez-toc-section-end\"><\/span><\/h2>\n<h3><span class=\"ez-toc-section\" id=\"1_Register_an_Account\"><\/span><span style=\"font-weight: 400;\">1. Ouvrir un compte<\/span><span class=\"ez-toc-section-end\"><\/span><\/h3>\n<p><span style=\"font-weight: 400;\">Tout d'abord, inscrivez-vous \u00e0 <\/span><a href=\"https:\/\/www.bitmart.com\/register-referral\/en-US?r=A9JwPa\" target=\"_blank\" rel=\"noopener\"><span style=\"font-weight: 400;\">Bitmart<\/span><\/a><span style=\"font-weight: 400;\">.<\/span><\/p>\n<p><img loading=\"lazy\" decoding=\"async\" class=\"alignnone wp-image-3448 size-full\" src=\"https:\/\/coinkickoff.com\/wp-content\/uploads\/Screen-Shot-2023-03-28-at-7.50.10-AM-e1682512772323.png\" alt=\"comment acheter Dogecoin sur Bitmart\" width=\"1378\" height=\"685\" srcset=\"https:\/\/coinkickoff.com\/wp-content\/uploads\/Screen-Shot-2023-03-28-at-7.50.10-AM-e1682512772323.png 1378w, https:\/\/coinkickoff.com\/wp-content\/uploads\/Screen-Shot-2023-03-28-at-7.50.10-AM-e1682512772323-300x149.png 300w, https:\/\/coinkickoff.com\/wp-content\/uploads\/Screen-Shot-2023-03-28-at-7.50.10-AM-e1682512772323-1024x509.png 1024w, https:\/\/coinkickoff.com\/wp-content\/uploads\/Screen-Shot-2023-03-28-at-7.50.10-AM-e1682512772323-768x382.png 768w, https:\/\/coinkickoff.com\/wp-content\/uploads\/Screen-Shot-2023-03-28-at-7.50.10-AM-e1682512772323-18x9.png 18w\" sizes=\"auto, (max-width: 1378px) 100vw, 1378px\" \/><\/p>\n<h3><span class=\"ez-toc-section\" id=\"2_Verify_Your_Account\"><\/span><span style=\"font-weight: 400;\">2. V\u00e9rifier votre compte<\/span><span class=\"ez-toc-section-end\"><\/span><\/h3>\n<p><span style=\"font-weight: 400;\">Apr\u00e8s vous \u00eatre connect\u00e9, cliquez sur votre nom d'utilisateur et s\u00e9lectionnez \"V\u00e9rification\".<\/span><\/p>\n<p><img loading=\"lazy\" decoding=\"async\" class=\"alignnone wp-image-3449 size-full\" src=\"https:\/\/coinkickoff.com\/wp-content\/uploads\/Screen-Shot-2023-03-28-at-7.51.33-AM-e1682512794900.png\" alt=\"\" width=\"1382\" height=\"683\" srcset=\"https:\/\/coinkickoff.com\/wp-content\/uploads\/Screen-Shot-2023-03-28-at-7.51.33-AM-e1682512794900.png 1382w, https:\/\/coinkickoff.com\/wp-content\/uploads\/Screen-Shot-2023-03-28-at-7.51.33-AM-e1682512794900-300x148.png 300w, https:\/\/coinkickoff.com\/wp-content\/uploads\/Screen-Shot-2023-03-28-at-7.51.33-AM-e1682512794900-1024x506.png 1024w, https:\/\/coinkickoff.com\/wp-content\/uploads\/Screen-Shot-2023-03-28-at-7.51.33-AM-e1682512794900-768x380.png 768w, https:\/\/coinkickoff.com\/wp-content\/uploads\/Screen-Shot-2023-03-28-at-7.51.33-AM-e1682512794900-18x9.png 18w\" sizes=\"auto, (max-width: 1382px) 100vw, 1382px\" \/><\/p>\n<p><span style=\"font-weight: 400;\">L'ach\u00e8vement de la v\u00e9rification de niveau 1 vous permet d'acheter Polkadot sur <a href=\"https:\/\/coinkickoff.com\/fr\/bitmart-review\/\" data-internallinksmanager029f6b8e52c=\"162\" title=\"Examens de Bitmart 2023 : Prix, caract\u00e9ristiques, s\u00e9curit\u00e9, avantages et inconv\u00e9nients.\">Bitmart<\/a> avec les monnaies fiduciaires.<\/span><\/p>\n<p><img loading=\"lazy\" decoding=\"async\" class=\"alignnone wp-image-3450 size-full\" src=\"https:\/\/coinkickoff.com\/wp-content\/uploads\/Screen-Shot-2023-03-28-at-7.51.59-AM-e1682512815734.png\" alt=\"\" width=\"1439\" height=\"820\" srcset=\"https:\/\/coinkickoff.com\/wp-content\/uploads\/Screen-Shot-2023-03-28-at-7.51.59-AM-e1682512815734.png 1439w, https:\/\/coinkickoff.com\/wp-content\/uploads\/Screen-Shot-2023-03-28-at-7.51.59-AM-e1682512815734-300x171.png 300w, https:\/\/coinkickoff.com\/wp-content\/uploads\/Screen-Shot-2023-03-28-at-7.51.59-AM-e1682512815734-1024x584.png 1024w, https:\/\/coinkickoff.com\/wp-content\/uploads\/Screen-Shot-2023-03-28-at-7.51.59-AM-e1682512815734-768x438.png 768w, https:\/\/coinkickoff.com\/wp-content\/uploads\/Screen-Shot-2023-03-28-at-7.51.59-AM-e1682512815734-18x10.png 18w\" sizes=\"auto, (max-width: 1439px) 100vw, 1439px\" \/><\/p>\n<p><span style=\"font-weight: 400;\">Si vous souhaitez acc\u00e9der \u00e0 des fonctions telles que l'inscription sur les listes de vote et les op\u00e9rations sur marge, vous pouvez effectuer une v\u00e9rification avanc\u00e9e de niveau 2.<\/span><\/p>\n<p><span style=\"font-weight: 400;\">Cliquez sur \"V\u00e9rifier maintenant\" et saisissez vos donn\u00e9es personnelles. Vous ne pouvez pas modifier les informations de ce formulaire une fois que vous l'avez envoy\u00e9, il est donc important de le remplir avec soin.<\/span><\/p>\n<p><span style=\"font-weight: 400;\">Assurez-vous que votre pays de r\u00e9sidence correspond \u00e0 votre pi\u00e8ce d'identit\u00e9. Certaines fonctions ne sont pas accessibles dans certains endroits et il est tr\u00e8s difficile de modifier votre r\u00e9sidence une fois que vous avez soumis ce document.<\/span><\/p>\n<p><img loading=\"lazy\" decoding=\"async\" class=\"alignnone wp-image-3451 size-full\" src=\"https:\/\/coinkickoff.com\/wp-content\/uploads\/Screen-Shot-2023-03-28-at-7.52.15-AM-e1682512834855.png\" alt=\"\" width=\"1436\" height=\"820\" srcset=\"https:\/\/coinkickoff.com\/wp-content\/uploads\/Screen-Shot-2023-03-28-at-7.52.15-AM-e1682512834855.png 1436w, https:\/\/coinkickoff.com\/wp-content\/uploads\/Screen-Shot-2023-03-28-at-7.52.15-AM-e1682512834855-300x171.png 300w, https:\/\/coinkickoff.com\/wp-content\/uploads\/Screen-Shot-2023-03-28-at-7.52.15-AM-e1682512834855-1024x585.png 1024w, https:\/\/coinkickoff.com\/wp-content\/uploads\/Screen-Shot-2023-03-28-at-7.52.15-AM-e1682512834855-768x439.png 768w, https:\/\/coinkickoff.com\/wp-content\/uploads\/Screen-Shot-2023-03-28-at-7.52.15-AM-e1682512834855-18x10.png 18w\" sizes=\"auto, (max-width: 1436px) 100vw, 1436px\" \/><\/p>\n<h3><span class=\"ez-toc-section\" id=\"3_Buy_Crypto\"><\/span><span style=\"font-weight: 400;\">3. Acheter des crypto-monnaies<\/span><span class=\"ez-toc-section-end\"><\/span><\/h3>\n<p><span style=\"font-weight: 400;\">Cliquez sur \"Acheter et vendre\" sur votre tableau de bord. Vous verrez un formulaire d'achat qui vous aidera \u00e0 acheter de nombreux actifs num\u00e9riques.<\/span><\/p>\n<p><img loading=\"lazy\" decoding=\"async\" class=\"alignnone wp-image-3452 size-full\" src=\"https:\/\/coinkickoff.com\/wp-content\/uploads\/Screen-Shot-2023-03-28-at-7.52.39-AM-e1682512882816.png\" alt=\"comment acheter Polkadot sur Bitmart\" width=\"1421\" height=\"817\" srcset=\"https:\/\/coinkickoff.com\/wp-content\/uploads\/Screen-Shot-2023-03-28-at-7.52.39-AM-e1682512882816.png 1421w, https:\/\/coinkickoff.com\/wp-content\/uploads\/Screen-Shot-2023-03-28-at-7.52.39-AM-e1682512882816-300x172.png 300w, https:\/\/coinkickoff.com\/wp-content\/uploads\/Screen-Shot-2023-03-28-at-7.52.39-AM-e1682512882816-1024x589.png 1024w, https:\/\/coinkickoff.com\/wp-content\/uploads\/Screen-Shot-2023-03-28-at-7.52.39-AM-e1682512882816-768x442.png 768w, https:\/\/coinkickoff.com\/wp-content\/uploads\/Screen-Shot-2023-03-28-at-7.52.39-AM-e1682512882816-18x10.png 18w\" sizes=\"auto, (max-width: 1421px) 100vw, 1421px\" \/><\/p>\n<p><span style=\"font-weight: 400;\">Comme vous pouvez le constater, il vous suffit de s\u00e9lectionner la devise de votre paiement, la monnaie num\u00e9rique que vous souhaitez recevoir (DOT) et un processeur de paiement.<\/span><\/p>\n<p><span style=\"font-weight: 400;\">Bitmart supporte les canaux Banxa, Moonpay, Simplex, Alchemy Pay et Legend Trading. Vous pouvez s\u00e9lectionner l'option qui vous convient le mieux et consulter les frais estim\u00e9s avant de continuer.<\/span><\/p>\n<p><span style=\"font-weight: 400;\">Une fois que vous aurez cliqu\u00e9 sur \"Continuer\", vous acc\u00e9derez \u00e0 la plateforme des canaux de paiement pour terminer votre transaction. Vous pouvez vous inscrire ou vous connecter \u00e0 votre compte de paiement (par exemple, Banxa) et terminer l'achat.<\/span><\/p>\n<p><span style=\"font-weight: 400;\">Si vous avez aim\u00e9 ce guide sur la fa\u00e7on d'acheter du Polkadot sur Bitmart, consultez nos <a href=\"https:\/\/coinkickoff.com\/fr\/crypto-exchanges\/\">examens des \u00e9changes<\/a> et d'autres guides d'achat. <\/span><\/p>","protected":false},"excerpt":{"rendered":"<p>Comment acheter du Polkadot sur Bitmart Voulez-vous savoir comment acheter du Polkadot sur Bitmart ? C'est tr\u00e8s simple ! Suivez notre guide pour acheter DOT sur Bitmart en 3 \u00e9tapes faciles. Guide \u00e9tape par \u00e9tape pour acheter Polkadot sur Bitmart 1. Enregistrez un compte Tout d'abord, enregistrez-vous sur Bitmart. 2. V\u00e9rifiez votre compte [...]<\/p>","protected":false},"author":3,"featured_media":0,"parent":4215,"menu_order":0,"comment_status":"closed","ping_status":"closed","template":"","meta":{"_genesis_hide_title":false,"_genesis_hide_breadcrumbs":false,"_genesis_hide_singular_image":false,"_genesis_hide_footer_widgets":false,"_genesis_custom_body_class":"","_genesis_custom_post_class":"","_genesis_layout":"","_glsr_average":0,"_glsr_ranking":0,"_glsr_reviews":0,"footnotes":""},"class_list":{"0":"post-4229","1":"page","2":"type-page","3":"status-publish","5":"entry"},"featured_image_src":null,"featured_image_src_square":null,"_links":{"self":[{"href":"https:\/\/coinkickoff.com\/fr\/wp-json\/wp\/v2\/pages\/4229","targetHints":{"allow":["GET"]}}],"collection":[{"href":"https:\/\/coinkickoff.com\/fr\/wp-json\/wp\/v2\/pages"}],"about":[{"href":"https:\/\/coinkickoff.com\/fr\/wp-json\/wp\/v2\/types\/page"}],"author":[{"embeddable":true,"href":"https:\/\/coinkickoff.com\/fr\/wp-json\/wp\/v2\/users\/3"}],"replies":[{"embeddable":true,"href":"https:\/\/coinkickoff.com\/fr\/wp-json\/wp\/v2\/comments?post=4229"}],"version-history":[{"count":2,"href":"https:\/\/coinkickoff.com\/fr\/wp-json\/wp\/v2\/pages\/4229\/revisions"}],"predecessor-version":[{"id":4231,"href":"https:\/\/coinkickoff.com\/fr\/wp-json\/wp\/v2\/pages\/4229\/revisions\/4231"}],"up":[{"embeddable":true,"href":"https:\/\/coinkickoff.com\/fr\/wp-json\/wp\/v2\/pages\/4215"}],"wp:attachment":[{"href":"https:\/\/coinkickoff.com\/fr\/wp-json\/wp\/v2\/media?parent=4229"}],"curies":[{"name":"wp","href":"https:\/\/api.w.org\/{rel}","templated":true}]}}