{"id":4172,"date":"2026-01-08T14:07:22","date_gmt":"2026-01-08T14:07:22","guid":{"rendered":"https:\/\/coinkickoff.com\/?page_id=4172"},"modified":"2026-01-08T14:07:22","modified_gmt":"2026-01-08T14:07:22","slug":"__trashed","status":"publish","type":"page","link":"https:\/\/coinkickoff.com\/fr\/how-to-buy-ethereum\/__trashed\/","title":{"rendered":"Comment acheter Ethereum sur Bitfinex"},"content":{"rendered":"<div id=\"ez-toc-container\" class=\"ez-toc-v2_0_80 counter-hierarchy ez-toc-counter ez-toc-transparent ez-toc-container-direction\">\n<div class=\"ez-toc-title-container\">\n<p class=\"ez-toc-title\" style=\"cursor:inherit\">Sections<\/p>\n<span class=\"ez-toc-title-toggle\"><a href=\"#\" class=\"ez-toc-pull-right ez-toc-btn ez-toc-btn-xs ez-toc-btn-default ez-toc-toggle\" aria-label=\"Toggle Table des mati\u00e8res\"><span class=\"ez-toc-js-icon-con\"><span class=\"\"><span class=\"eztoc-hide\" style=\"display:none;\">Toggle<\/span><span class=\"ez-toc-icon-toggle-span\"><svg style=\"fill: #999;color:#999\" xmlns=\"http:\/\/www.w3.org\/2000\/svg\" class=\"list-377408\" width=\"20px\" height=\"20px\" viewbox=\"0 0 24 24\" fill=\"none\"><path d=\"M6 6H4v2h2V6zm14 0H8v2h12V6zM4 11h2v2H4v-2zm16 0H8v2h12v-2zM4 16h2v2H4v-2zm16 0H8v2h12v-2z\" fill=\"currentColor\"><\/path><\/svg><svg style=\"fill: #999;color:#999\" class=\"arrow-unsorted-368013\" xmlns=\"http:\/\/www.w3.org\/2000\/svg\" width=\"10px\" height=\"10px\" viewbox=\"0 0 24 24\" version=\"1.2\" baseprofile=\"tiny\"><path d=\"M18.2 9.3l-6.2-6.3-6.2 6.3c-.2.2-.3.4-.3.7s.1.5.3.7c.2.2.4.3.7.3h11c.3 0 .5-.1.7-.3.2-.2.3-.5.3-.7s-.1-.5-.3-.7zM5.8 14.7l6.2 6.3 6.2-6.3c.2-.2.3-.5.3-.7s-.1-.5-.3-.7c-.2-.2-.4-.3-.7-.3h-11c-.3 0-.5.1-.7.3-.2.2-.3.5-.3.7s.1.5.3.7z\"\/><\/svg><\/span><\/span><\/span><\/a><\/span><\/div>\n<nav><ul class='ez-toc-list ez-toc-list-level-1 eztoc-toggle-hide-by-default' ><li class='ez-toc-page-1 ez-toc-heading-level-1'><a class=\"ez-toc-link ez-toc-heading-1\" href=\"https:\/\/coinkickoff.com\/fr\/how-to-buy-ethereum\/__trashed\/#How_to_Buy_Ethereum_on_Bitfinex\" >Comment acheter Ethereum sur Bitfinex<\/a><ul class='ez-toc-list-level-2' ><li class='ez-toc-heading-level-2'><a class=\"ez-toc-link ez-toc-heading-2\" href=\"https:\/\/coinkickoff.com\/fr\/how-to-buy-ethereum\/__trashed\/#A_Step-By-Step_Guide_on_How_to_Buy_Ethereum_on_Bitfinex\" >Un guide \u00e9tape par \u00e9tape sur la fa\u00e7on d'acheter Ethereum sur Bitfinex<\/a><ul class='ez-toc-list-level-3' ><li class='ez-toc-heading-level-3'><a class=\"ez-toc-link ez-toc-heading-3\" href=\"https:\/\/coinkickoff.com\/fr\/how-to-buy-ethereum\/__trashed\/#1_Register_an_Account_on_Bitfinex\" >1. Ouvrir un compte sur Bitfinex<\/a><\/li><li class='ez-toc-page-1 ez-toc-heading-level-3'><a class=\"ez-toc-link ez-toc-heading-4\" href=\"https:\/\/coinkickoff.com\/fr\/how-to-buy-ethereum\/__trashed\/#2_Get_Verified_on_Bitfinex\" >2. Se faire v\u00e9rifier sur Bitfinex<\/a><\/li><li class='ez-toc-page-1 ez-toc-heading-level-3'><a class=\"ez-toc-link ez-toc-heading-5\" href=\"https:\/\/coinkickoff.com\/fr\/how-to-buy-ethereum\/__trashed\/#3_Deposit_FundsCrypto\" >3. D\u00e9p\u00f4t de fonds\/Crypto<\/a><\/li><li class='ez-toc-page-1 ez-toc-heading-level-3'><a class=\"ez-toc-link ez-toc-heading-6\" href=\"https:\/\/coinkickoff.com\/fr\/how-to-buy-ethereum\/__trashed\/#4_Navigate_to_the_Relevant_Screen_to_Buy\" >4. Naviguez jusqu'\u00e0 l'\u00e9cran appropri\u00e9 pour acheter<\/a><\/li><\/ul><\/li><\/ul><\/li><\/ul><\/nav><\/div>\n<h1><span class=\"ez-toc-section\" id=\"How_to_Buy_Ethereum_on_Bitfinex\"><\/span><span style=\"font-weight: 400;\">Comment acheter Ethereum sur Bitfinex<\/span><span class=\"ez-toc-section-end\"><\/span><\/h1>\n<p><span style=\"font-weight: 400;\">Voulez-vous acheter <a href=\"https:\/\/coinkickoff.com\/fr\/ethereum-eth\/\" data-internallinksmanager029f6b8e52c=\"2\" title=\"Qu&#039;est-ce que Ethereum (ETH) ? Prix, historique et o\u00f9 acheter\">Ethereum<\/a> sur <a href=\"https:\/\/coinkickoff.com\/fr\/bitfinex-review\/\">Bitfinex<\/a>? Nous avons le guide qu'il vous faut avec des instructions \u00e9tape par \u00e9tape. Voici comment acheter Ethereum sur <a href=\"https:\/\/coinkickoff.com\/fr\/bitfinex-review\/\" data-internallinksmanager029f6b8e52c=\"151\" title=\"Revue de Bitfinex 2023 : Frais, caract\u00e9ristiques, s\u00e9curit\u00e9, avantages et inconv\u00e9nients\">Bitfinex<\/a>.<\/span><\/p>\n<h2><span class=\"ez-toc-section\" id=\"A_Step-By-Step_Guide_on_How_to_Buy_Ethereum_on_Bitfinex\"><\/span><span style=\"font-weight: 400;\">Un guide \u00e9tape par \u00e9tape sur la fa\u00e7on d'acheter Ethereum sur Bitfinex<\/span><span class=\"ez-toc-section-end\"><\/span><\/h2>\n<h3><span class=\"ez-toc-section\" id=\"1_Register_an_Account_on_Bitfinex\"><\/span><span style=\"font-weight: 400;\">1. Ouvrir un compte sur Bitfinex<\/span><span class=\"ez-toc-section-end\"><\/span><\/h3>\n<p><span style=\"font-weight: 400;\">Pour commencer, vous aurez besoin d'un <\/span><a href=\"https:\/\/www.bitfinex.com\/sign-up?refcode=kjCYk-CZD\" target=\"_blank\" rel=\"noopener\"><span style=\"font-weight: 400;\">Compte Bitfinex.<\/span><\/a><\/p>\n<p><img loading=\"lazy\" decoding=\"async\" class=\"alignnone wp-image-3138 size-full\" src=\"https:\/\/coinkickoff.com\/wp-content\/uploads\/bitfinex-exchange.jpg\" alt=\"Bitfinex Exchange Comment acheter Ethereum sur Bitfinex\" width=\"1876\" height=\"916\" srcset=\"https:\/\/coinkickoff.com\/wp-content\/uploads\/bitfinex-exchange.jpg 1876w, https:\/\/coinkickoff.com\/wp-content\/uploads\/bitfinex-exchange-300x146.jpg 300w, https:\/\/coinkickoff.com\/wp-content\/uploads\/bitfinex-exchange-1024x500.jpg 1024w, https:\/\/coinkickoff.com\/wp-content\/uploads\/bitfinex-exchange-768x375.jpg 768w, https:\/\/coinkickoff.com\/wp-content\/uploads\/bitfinex-exchange-1536x750.jpg 1536w, https:\/\/coinkickoff.com\/wp-content\/uploads\/bitfinex-exchange-18x9.jpg 18w\" sizes=\"auto, (max-width: 1876px) 100vw, 1876px\" \/><\/p>\n<p><span style=\"font-weight: 400;\">Apr\u00e8s vous \u00eatre inscrit, activez l'authentification \u00e0 deux facteurs pour s\u00e9curiser votre compte.<\/span><\/p>\n<p><span style=\"font-weight: 400;\">Vous pouvez d\u00e9sactiver l'option 2FA apr\u00e8s votre premi\u00e8re connexion, mais il est recommand\u00e9 de la laisser activ\u00e9e pour prot\u00e9ger votre compte contre les pirates informatiques.<\/span><\/p>\n<p><span style=\"font-weight: 400;\">Il est tr\u00e8s simple d'activer l'authentification \u00e0 deux facteurs : S\u00e9lectionnez l'une des m\u00e9thodes propos\u00e9es et cliquez sur \u201cConfigurer\u201d.\u201d<\/span><\/p>\n<p><span style=\"font-weight: 400;\">Bien entendu, vous avez besoin de l'application Google Authenticator pour la faire fonctionner. Suivez les instructions \u00e0 l'\u00e9cran pour continuer. Lorsque vous aurez termin\u00e9, Bitfinex vous enverra un email pour confirmer que vous avez activ\u00e9 le 2FA.<\/span><\/p>\n<h3><span class=\"ez-toc-section\" id=\"2_Get_Verified_on_Bitfinex\"><\/span><span style=\"font-weight: 400;\">2. Se faire v\u00e9rifier sur Bitfinex<\/span><span class=\"ez-toc-section-end\"><\/span><\/h3>\n<p><span style=\"font-weight: 400;\">L'\u00e9tape suivante consiste \u00e0 v\u00e9rifier votre identit\u00e9 sur la plateforme. Comme la plupart des bourses, Bitfinex dispose d'un processus standard de v\u00e9rification de l'identit\u00e9. Pour commencer, acc\u00e9dez \u00e0 votre profil via le logo de profil sur votre tableau de bord et s\u00e9lectionnez \u201cV\u00e9rification\u201d.\u201d<\/span><\/p>\n<p><span style=\"font-weight: 400;\">Vous devez effectuer au moins une v\u00e9rification de niveau interm\u00e9diaire pour acheter des actifs num\u00e9riques tels que Ethereum sur l'\u00e9change avec de l'argent liquide. Bien s\u00fbr, si tout ce que vous voulez faire est de n\u00e9gocier des paires de crypto-monnaies, par exemple, le trading de <a href=\"https:\/\/coinkickoff.com\/fr\/bitcoin-btc\/\" data-internallinksmanager029f6b8e52c=\"1\" title=\"Qu&#039;est-ce que Bitcoin (BTC) ? Prix, historique et o\u00f9 acheter\">Bitcoin<\/a> pour Ethereum, vous pouvez sauter cette \u00e9tape.<\/span><\/p>\n<p><span style=\"font-weight: 400;\">La v\u00e9rification interm\u00e9diaire vous permet d'acheter ETH avec une carte de cr\u00e9dit via Bitfinex Pay Merchants ou d'effectuer des d\u00e9p\u00f4ts en esp\u00e8ces via SEPA. Vous pouvez effectuer des d\u00e9p\u00f4ts par virement bancaire apr\u00e8s avoir effectu\u00e9 une v\u00e9rification compl\u00e8te.<\/span><\/p>\n<p><span style=\"font-weight: 400;\">Cliquez sur \u201cD\u00e9marrer la v\u00e9rification\u201d pour continuer.<\/span><\/p>\n<p><span style=\"font-weight: 400;\">Saisissez le nom de votre pays de r\u00e9sidence pour voir les types d'identifiants recommand\u00e9s. Choisissez la pi\u00e8ce d'identit\u00e9 que vous souhaitez soumettre et cliquez sur \u201cContinuer\u201d.\u201d<\/span><\/p>\n<p><span style=\"font-weight: 400;\">Vous aurez besoin d'un appareil mobile pour continuer : Utilisez l'appareil photo de votre t\u00e9l\u00e9phone pour scanner le code et ouvrir la page de t\u00e9l\u00e9chargement. Vous pouvez ensuite soumettre les photos n\u00e9cessaires.<\/span><\/p>\n<h3><span class=\"ez-toc-section\" id=\"3_Deposit_FundsCrypto\"><\/span><span style=\"font-weight: 400;\">3. D\u00e9p\u00f4t de fonds\/Crypto<\/span><span class=\"ez-toc-section-end\"><\/span><\/h3>\n<p><span style=\"font-weight: 400;\">Il est maintenant temps d'effectuer un d\u00e9p\u00f4t : si vous poss\u00e9dez des actifs num\u00e9riques que vous souhaitez \u00e9changer contre Ethereum sur Bitfinex, vous devez d'abord transf\u00e9rer ces actifs sur votre compte Bitfinex. S\u00e9lectionnez \u201cD\u00e9p\u00f4t\u201d pour voir la liste des actifs que vous pouvez envoyer sur la plateforme.<\/span><\/p>\n<p><span style=\"font-weight: 400;\">Une fois que vous avez s\u00e9lectionn\u00e9 votre actif, Bitfinex g\u00e9n\u00e8re une adresse de portefeuille pour envoyer votre crypto-monnaie. Une fois le d\u00e9p\u00f4t effectu\u00e9, vos actifs appara\u00eetront dans votre onglet \u201cSoldes\u201d.<\/span><\/p>\n<h3><span class=\"ez-toc-section\" id=\"4_Navigate_to_the_Relevant_Screen_to_Buy\"><\/span><span style=\"font-weight: 400;\">4. Naviguez jusqu'\u00e0 l'\u00e9cran appropri\u00e9 pour acheter<\/span><span class=\"ez-toc-section-end\"><\/span><\/h3>\n<p><span style=\"font-weight: 400;\">Vous pensez peut-\u00eatre que vous \u00eates pr\u00eat \u00e0 acheter des actifs num\u00e9riques maintenant que votre d\u00e9p\u00f4t est termin\u00e9, mais il y a encore une \u00e9tape \u00e0 franchir : Bitfinex envoie automatiquement votre d\u00e9p\u00f4t dans votre \u201cFunding Wallet\u201d, mais nous les voulons dans notre \u201cExchange Wallet\u201d.\u201d<\/span><\/p>\n<p><span style=\"font-weight: 400;\">Heureusement, l'op\u00e9ration est simple : Dans votre onglet \u201cSoldes\u201d, s\u00e9lectionnez les fonds que vous souhaitez \u00e9changer et cliquez sur \u201cTransf\u00e9rer\u201d. Une fois qu'ils se trouvent dans le portefeuille d'\u00e9change, vous pouvez les \u00e9changer contre des \u00e9thers.<\/span><\/p>\n<p><span style=\"font-weight: 400;\">Pour commencer, allez dans l'onglet \u201cTrading\u201d. Si vous avez d\u00e9pos\u00e9 des actifs num\u00e9riques, vous devez rechercher le march\u00e9 Ethereum pour cet actif. Par exemple, si vous avez <a href=\"https:\/\/coinkickoff.com\/fr\/tether-usdt\/\" data-internallinksmanager029f6b8e52c=\"3\" title=\"Qu&#039;est-ce que Tether (USDT) ? Comment \u00e7a marche et o\u00f9 l&#039;acheter ?\">USDT<\/a>, rechercher ETH\/USDT.\u00a0<\/span><\/p>\n<p><span style=\"font-weight: 400;\">Pour les devises fiduciaires, recherchez les paires ETH\/USD ou ETH\/EUR. Une fois que vous avez trouv\u00e9 l'appariement souhait\u00e9, cliquez dessus pour afficher l'interface de n\u00e9gociation.\u00a0<\/span><\/p>\n<p><span style=\"font-weight: 400;\">Entrez simplement la quantit\u00e9 de Ethereum que vous souhaitez acheter pour vos actifs. Vous pouvez ajuster manuellement le prix que vous \u00eates pr\u00eat \u00e0 payer. Une fois le formulaire rempli, cliquez sur \u201c\u00c9changer l'achat\u201d.\u201d<\/span><\/p>\n<p><span style=\"font-weight: 400;\">Et voil\u00e0 comment acheter Ethereum sur Bitfinex. Si vous d\u00e9cidez d'acheter du Ethereum sur un autre march\u00e9, vous pouvez \u00e9galement consulter nos diff\u00e9rentes offres d'achat de Ethereum. <a href=\"https:\/\/coinkickoff.com\/fr\/crypto-exchanges\/\">exchnage reviews<\/a> et <a href=\"https:\/\/coinkickoff.com\/fr\/how-to-buy-ethereum\/\">guides<\/a>.<\/span><\/p>","protected":false},"excerpt":{"rendered":"<p>Comment acheter du Ethereum sur Bitfinex Voulez-vous acheter du Ethereum sur Bitfinex ? Nous avons le bon guide pour vous avec des instructions \u00e9tape par \u00e9tape. Voici comment acheter du Ethereum sur Bitfinex. Guide \u00e9tape par \u00e9tape pour acheter Ethereum sur Bitfinex 1. Enregistrez un compte sur Bitfinex Pour commencer, vous aurez besoin d'un [...]<\/p>","protected":false},"author":3,"featured_media":0,"parent":3937,"menu_order":0,"comment_status":"closed","ping_status":"closed","template":"","meta":{"_genesis_hide_title":false,"_genesis_hide_breadcrumbs":false,"_genesis_hide_singular_image":false,"_genesis_hide_footer_widgets":false,"_genesis_custom_body_class":"","_genesis_custom_post_class":"","_genesis_layout":"","_glsr_average":0,"_glsr_ranking":0,"_glsr_reviews":0,"footnotes":""},"class_list":{"0":"post-4172","1":"page","2":"type-page","3":"status-publish","5":"entry"},"featured_image_src":null,"featured_image_src_square":null,"_links":{"self":[{"href":"https:\/\/coinkickoff.com\/fr\/wp-json\/wp\/v2\/pages\/4172","targetHints":{"allow":["GET"]}}],"collection":[{"href":"https:\/\/coinkickoff.com\/fr\/wp-json\/wp\/v2\/pages"}],"about":[{"href":"https:\/\/coinkickoff.com\/fr\/wp-json\/wp\/v2\/types\/page"}],"author":[{"embeddable":true,"href":"https:\/\/coinkickoff.com\/fr\/wp-json\/wp\/v2\/users\/3"}],"replies":[{"embeddable":true,"href":"https:\/\/coinkickoff.com\/fr\/wp-json\/wp\/v2\/comments?post=4172"}],"version-history":[{"count":1,"href":"https:\/\/coinkickoff.com\/fr\/wp-json\/wp\/v2\/pages\/4172\/revisions"}],"predecessor-version":[{"id":4173,"href":"https:\/\/coinkickoff.com\/fr\/wp-json\/wp\/v2\/pages\/4172\/revisions\/4173"}],"up":[{"embeddable":true,"href":"https:\/\/coinkickoff.com\/fr\/wp-json\/wp\/v2\/pages\/3937"}],"wp:attachment":[{"href":"https:\/\/coinkickoff.com\/fr\/wp-json\/wp\/v2\/media?parent=4172"}],"curies":[{"name":"wp","href":"https:\/\/api.w.org\/{rel}","templated":true}]}}