{"id":4050,"date":"2026-01-08T14:07:40","date_gmt":"2026-01-08T14:07:40","guid":{"rendered":"https:\/\/coinkickoff.com\/?page_id=4050"},"modified":"2026-01-08T14:07:40","modified_gmt":"2026-01-08T14:07:40","slug":"how-to-buy-cardano-on-bybit","status":"publish","type":"page","link":"https:\/\/coinkickoff.com\/fr\/how-to-buy-cardano\/how-to-buy-cardano-on-bybit\/","title":{"rendered":"Comment acheter Cardano sur Bybit"},"content":{"rendered":"<div id=\"ez-toc-container\" class=\"ez-toc-v2_0_80 counter-hierarchy ez-toc-counter ez-toc-transparent ez-toc-container-direction\">\n<div class=\"ez-toc-title-container\">\n<p class=\"ez-toc-title\" style=\"cursor:inherit\">Sections<\/p>\n<span class=\"ez-toc-title-toggle\"><a href=\"#\" class=\"ez-toc-pull-right ez-toc-btn ez-toc-btn-xs ez-toc-btn-default ez-toc-toggle\" aria-label=\"Toggle Table des mati\u00e8res\"><span class=\"ez-toc-js-icon-con\"><span class=\"\"><span class=\"eztoc-hide\" style=\"display:none;\">Toggle<\/span><span class=\"ez-toc-icon-toggle-span\"><svg style=\"fill: #999;color:#999\" xmlns=\"http:\/\/www.w3.org\/2000\/svg\" class=\"list-377408\" width=\"20px\" height=\"20px\" viewbox=\"0 0 24 24\" fill=\"none\"><path d=\"M6 6H4v2h2V6zm14 0H8v2h12V6zM4 11h2v2H4v-2zm16 0H8v2h12v-2zM4 16h2v2H4v-2zm16 0H8v2h12v-2z\" fill=\"currentColor\"><\/path><\/svg><svg style=\"fill: #999;color:#999\" class=\"arrow-unsorted-368013\" xmlns=\"http:\/\/www.w3.org\/2000\/svg\" width=\"10px\" height=\"10px\" viewbox=\"0 0 24 24\" version=\"1.2\" baseprofile=\"tiny\"><path d=\"M18.2 9.3l-6.2-6.3-6.2 6.3c-.2.2-.3.4-.3.7s.1.5.3.7c.2.2.4.3.7.3h11c.3 0 .5-.1.7-.3.2-.2.3-.5.3-.7s-.1-.5-.3-.7zM5.8 14.7l6.2 6.3 6.2-6.3c.2-.2.3-.5.3-.7s-.1-.5-.3-.7c-.2-.2-.4-.3-.7-.3h-11c-.3 0-.5.1-.7.3-.2.2-.3.5-.3.7s.1.5.3.7z\"\/><\/svg><\/span><\/span><\/span><\/a><\/span><\/div>\n<nav><ul class='ez-toc-list ez-toc-list-level-1 eztoc-toggle-hide-by-default' ><li class='ez-toc-page-1 ez-toc-heading-level-1'><a class=\"ez-toc-link ez-toc-heading-1\" href=\"https:\/\/coinkickoff.com\/fr\/how-to-buy-cardano\/how-to-buy-cardano-on-bybit\/#How_to_Buy_Cardano_on_Bybit\" >Comment acheter Cardano sur Bybit<\/a><ul class='ez-toc-list-level-2' ><li class='ez-toc-heading-level-2'><a class=\"ez-toc-link ez-toc-heading-2\" href=\"https:\/\/coinkickoff.com\/fr\/how-to-buy-cardano\/how-to-buy-cardano-on-bybit\/#A_Step-By-Step_Guide_on_How_to_Buy_Cardano_on_Bybit\" >Un guide \u00e9tape par \u00e9tape sur la fa\u00e7on d'acheter Cardano sur Bybit<\/a><ul class='ez-toc-list-level-3' ><li class='ez-toc-heading-level-3'><a class=\"ez-toc-link ez-toc-heading-3\" href=\"https:\/\/coinkickoff.com\/fr\/how-to-buy-cardano\/how-to-buy-cardano-on-bybit\/#2_Verify_Your_Account\" >2. V\u00e9rifier votre compte<\/a><\/li><li class='ez-toc-page-1 ez-toc-heading-level-3'><a class=\"ez-toc-link ez-toc-heading-4\" href=\"https:\/\/coinkickoff.com\/fr\/how-to-buy-cardano\/how-to-buy-cardano-on-bybit\/#3_Deposit_FundsCrypto\" >3. D\u00e9p\u00f4t de fonds\/Crypto<\/a><\/li><li class='ez-toc-page-1 ez-toc-heading-level-3'><a class=\"ez-toc-link ez-toc-heading-5\" href=\"https:\/\/coinkickoff.com\/fr\/how-to-buy-cardano\/how-to-buy-cardano-on-bybit\/#4_Navigate_to_the_Relevant_Screen_to_Buy\" >4. Naviguez jusqu'\u00e0 l'\u00e9cran appropri\u00e9 pour acheter<\/a><\/li><\/ul><\/li><\/ul><\/li><\/ul><\/nav><\/div>\n<h1><span class=\"ez-toc-section\" id=\"How_to_Buy_Cardano_on_Bybit\"><\/span><span style=\"font-weight: 400;\">Comment acheter Cardano sur Bybit<\/span><span class=\"ez-toc-section-end\"><\/span><\/h1>\n<p><span style=\"font-weight: 400;\">Voulez-vous d\u00e9couvrir comment acheter <a href=\"https:\/\/coinkickoff.com\/fr\/cardano-ada\/\" data-internallinksmanager029f6b8e52c=\"9\" title=\"Qu&#039;est-ce que Cardano (ADA) ? Comment \u00e7a marche et o\u00f9 l&#039;acheter ?\">Cardano<\/a> sur <a href=\"https:\/\/coinkickoff.com\/fr\/bybit-review\/\" data-internallinksmanager029f6b8e52c=\"157\" title=\"Examens de Bybit 2024 : Caract\u00e9ristiques, frais, s\u00e9curit\u00e9, avantages et inconv\u00e9nients\">Bybit<\/a>? Vous \u00eates au bon endroit : Voici comment acheter Cardano sur Bybit avec des instructions d\u00e9taill\u00e9es.<\/span><\/p>\n<h2><span class=\"ez-toc-section\" id=\"A_Step-By-Step_Guide_on_How_to_Buy_Cardano_on_Bybit\"><\/span><span style=\"font-weight: 400;\">Un guide \u00e9tape par \u00e9tape sur la fa\u00e7on d'acheter Cardano sur Bybit<\/span><span class=\"ez-toc-section-end\"><\/span><\/h2>\n<p><span style=\"font-weight: 400;\">1. Ouvrir un compte<\/span><\/p>\n<p><span style=\"font-weight: 400;\">Tout d'abord, cr\u00e9ez un <\/span><a href=\"https:\/\/www.bybit.com\/en-US\/register?irclickid=zLJWgJTKIxyNWiW0o%3AzEUxRnUkAWQmSxHzEAWw0&amp;irgwc=1&amp;srcexid=469064&amp;utmsource=impact&amp;srcplatform=1&amp;Sharedid=\" target=\"_blank\" rel=\"noopener\"><span style=\"font-weight: 400;\">Bybit<\/span><\/a><span style=\"font-weight: 400;\"> compte.<\/span><\/p>\n<p><img loading=\"lazy\" decoding=\"async\" class=\"alignnone wp-image-3213 size-full\" src=\"https:\/\/coinkickoff.com\/wp-content\/uploads\/bybit-create-account.png\" alt=\"comment acheter dogecoin sur bybit cr\u00e9er un compte\" width=\"1437\" height=\"723\" srcset=\"https:\/\/coinkickoff.com\/wp-content\/uploads\/bybit-create-account.png 1437w, https:\/\/coinkickoff.com\/wp-content\/uploads\/bybit-create-account-300x151.png 300w, https:\/\/coinkickoff.com\/wp-content\/uploads\/bybit-create-account-1024x515.png 1024w, https:\/\/coinkickoff.com\/wp-content\/uploads\/bybit-create-account-768x386.png 768w, https:\/\/coinkickoff.com\/wp-content\/uploads\/bybit-create-account-18x9.png 18w\" sizes=\"auto, (max-width: 1437px) 100vw, 1437px\" \/><\/p>\n<h3><span class=\"ez-toc-section\" id=\"2_Verify_Your_Account\"><\/span><span style=\"font-weight: 400;\">2. V\u00e9rifier votre compte<\/span><span class=\"ez-toc-section-end\"><\/span><\/h3>\n<p><span style=\"font-weight: 400;\">La plupart des d\u00e9butants ne poss\u00e8dent pas d'actifs num\u00e9riques qu'ils peuvent \u00e9changer contre du ADA, ils doivent donc l'acheter avec des monnaies fiduciaires comme le USD ou l'EUR. Et avant de pouvoir le faire, vous devez proc\u00e9der \u00e0 une v\u00e9rification d'identit\u00e9 conform\u00e9ment aux lois et r\u00e9glementations.<\/span><\/p>\n<p><span style=\"font-weight: 400;\">Pour commencer, allez dans votre \"Profil\" et cliquez sur \"V\u00e9rification de l'identit\u00e9\".<\/span><\/p>\n<h3><span style=\"font-weight: 400;\"><img loading=\"lazy\" decoding=\"async\" class=\"alignnone wp-image-3212 size-full\" style=\"font-family: Muli, sans-serif; font-size: 18px;\" src=\"https:\/\/coinkickoff.com\/wp-content\/uploads\/bybit-identity-verification.png\" alt=\"v\u00e9rification de l&#039;identit\u00e9 par bybit\" width=\"1432\" height=\"792\" srcset=\"https:\/\/coinkickoff.com\/wp-content\/uploads\/bybit-identity-verification.png 1432w, https:\/\/coinkickoff.com\/wp-content\/uploads\/bybit-identity-verification-300x166.png 300w, https:\/\/coinkickoff.com\/wp-content\/uploads\/bybit-identity-verification-1024x566.png 1024w, https:\/\/coinkickoff.com\/wp-content\/uploads\/bybit-identity-verification-768x425.png 768w, https:\/\/coinkickoff.com\/wp-content\/uploads\/bybit-identity-verification-18x10.png 18w\" sizes=\"auto, (max-width: 1432px) 100vw, 1432px\" \/><\/span><\/h3>\n<p><span style=\"font-weight: 400;\">Vous n'avez besoin que d'une v\u00e9rification de niveau 1 pour acheter Cardano sur Bybit. Les conditions de v\u00e9rification sont le t\u00e9l\u00e9chargement d'une pi\u00e8ce d'identit\u00e9 officielle et d'un selfie. Une fois que vous avez v\u00e9rifi\u00e9 votre identit\u00e9, vous pouvez d\u00e9poser du fiat sur votre compte ou ajouter d'autres m\u00e9thodes de paiement.<\/span><\/p>\n<h3><span class=\"ez-toc-section\" id=\"3_Deposit_FundsCrypto\"><\/span><span style=\"font-weight: 400;\">3. D\u00e9p\u00f4t de fonds\/Crypto<\/span><span class=\"ez-toc-section-end\"><\/span><\/h3>\n<p><span style=\"font-weight: 400;\">Si vous vous rendez sur votre page \"Actifs\", vous pouvez d\u00e9poser des monnaies num\u00e9riques sur votre compte. Il vous suffit de s\u00e9lectionner \"D\u00e9p\u00f4t\" et de trouver la monnaie num\u00e9rique que vous souhaitez transf\u00e9rer vers Bybit. Apr\u00e8s avoir confirm\u00e9 les d\u00e9tails du d\u00e9p\u00f4t, vous recevrez un code QR pour le transfert.<\/span><\/p>\n<p><img loading=\"lazy\" decoding=\"async\" class=\"alignnone wp-image-3215 size-full\" src=\"https:\/\/coinkickoff.com\/wp-content\/uploads\/bybit-crypto-deposit.png\" alt=\"\" width=\"1372\" height=\"659\" srcset=\"https:\/\/coinkickoff.com\/wp-content\/uploads\/bybit-crypto-deposit.png 1372w, https:\/\/coinkickoff.com\/wp-content\/uploads\/bybit-crypto-deposit-300x144.png 300w, https:\/\/coinkickoff.com\/wp-content\/uploads\/bybit-crypto-deposit-1024x492.png 1024w, https:\/\/coinkickoff.com\/wp-content\/uploads\/bybit-crypto-deposit-768x369.png 768w, https:\/\/coinkickoff.com\/wp-content\/uploads\/bybit-crypto-deposit-18x9.png 18w\" sizes=\"auto, (max-width: 1372px) 100vw, 1372px\" \/><\/p>\n<p><span style=\"font-weight: 400;\">Si vous souhaitez effectuer un d\u00e9p\u00f4t en monnaie fiduciaire (USD, EUR et autres monnaies nationales), rendez-vous sur \"Buy Crypto\" et cliquez sur \"Fiat Deposit\".<\/span><\/p>\n<p><img loading=\"lazy\" decoding=\"async\" class=\"alignnone wp-image-3208 size-full\" src=\"https:\/\/coinkickoff.com\/wp-content\/uploads\/bybit-fiat-deposit.png\" alt=\"bybit d\u00e9p\u00f4t fiat\" width=\"1432\" height=\"630\" srcset=\"https:\/\/coinkickoff.com\/wp-content\/uploads\/bybit-fiat-deposit.png 1432w, https:\/\/coinkickoff.com\/wp-content\/uploads\/bybit-fiat-deposit-300x132.png 300w, https:\/\/coinkickoff.com\/wp-content\/uploads\/bybit-fiat-deposit-1024x451.png 1024w, https:\/\/coinkickoff.com\/wp-content\/uploads\/bybit-fiat-deposit-768x338.png 768w, https:\/\/coinkickoff.com\/wp-content\/uploads\/bybit-fiat-deposit-18x8.png 18w\" sizes=\"auto, (max-width: 1432px) 100vw, 1432px\" \/><\/p>\n<p><span style=\"font-weight: 400;\">Saisissez le montant que vous souhaitez envoyer \u00e0 Bybit et s\u00e9lectionnez une m\u00e9thode de transfert. Cliquez sur \"Continuer\" et suivez les instructions pour terminer le processus.<\/span><\/p>\n<p><img loading=\"lazy\" decoding=\"async\" class=\"alignnone wp-image-3209 size-full\" src=\"https:\/\/coinkickoff.com\/wp-content\/uploads\/bybitfiatdeposit2.png\" alt=\"bybit d\u00e9p\u00f4t fiat\" width=\"1418\" height=\"783\" srcset=\"https:\/\/coinkickoff.com\/wp-content\/uploads\/bybitfiatdeposit2.png 1418w, https:\/\/coinkickoff.com\/wp-content\/uploads\/bybitfiatdeposit2-300x166.png 300w, https:\/\/coinkickoff.com\/wp-content\/uploads\/bybitfiatdeposit2-1024x565.png 1024w, https:\/\/coinkickoff.com\/wp-content\/uploads\/bybitfiatdeposit2-768x424.png 768w, https:\/\/coinkickoff.com\/wp-content\/uploads\/bybitfiatdeposit2-18x10.png 18w\" sizes=\"auto, (max-width: 1418px) 100vw, 1418px\" \/><\/p>\n<h3><span class=\"ez-toc-section\" id=\"4_Navigate_to_the_Relevant_Screen_to_Buy\"><\/span><span style=\"font-weight: 400;\">4. Naviguez jusqu'\u00e0 l'\u00e9cran appropri\u00e9 pour acheter<\/span><span class=\"ez-toc-section-end\"><\/span><\/h3>\n<p><span style=\"font-weight: 400;\">Nous allons maintenant utiliser la fonction \"Acheter en un clic\" pour acheter ADA avec votre d\u00e9p\u00f4t en monnaie fiduciaire.\u00a0<\/span><\/p>\n<p><img loading=\"lazy\" decoding=\"async\" class=\"alignnone wp-image-3211 size-full\" src=\"https:\/\/coinkickoff.com\/wp-content\/uploads\/bybit-one-click-buy-2.png\" alt=\"bybit one click buy 2 Comment acheter Shiba Inu sur Bybit Comment acheter Bitcoin sur Bybit Comment acheter Cardano sur Bybit \" width=\"1433\" height=\"795\" srcset=\"https:\/\/coinkickoff.com\/wp-content\/uploads\/bybit-one-click-buy-2.png 1433w, https:\/\/coinkickoff.com\/wp-content\/uploads\/bybit-one-click-buy-2-300x166.png 300w, https:\/\/coinkickoff.com\/wp-content\/uploads\/bybit-one-click-buy-2-1024x568.png 1024w, https:\/\/coinkickoff.com\/wp-content\/uploads\/bybit-one-click-buy-2-768x426.png 768w, https:\/\/coinkickoff.com\/wp-content\/uploads\/bybit-one-click-buy-2-18x10.png 18w\" sizes=\"auto, (max-width: 1433px) 100vw, 1433px\" \/><\/p>\n<p><span style=\"font-weight: 400;\">Comme vous pouvez le constater, le formulaire de commande est tr\u00e8s simple : N'oubliez pas de r\u00e9gler la colonne \"Recevoir\" sur Cardano (ADA). Vous pouvez utiliser votre solde de USD comme m\u00e9thode de paiement.<\/span><\/p>\n<p><span style=\"font-weight: 400;\">Cliquez sur \"Acheter avec USD\" pour passer votre commande. Les ADA token figureront bient\u00f4t parmi vos actifs.<\/span><\/p>\n<p><span style=\"font-weight: 400;\">Nous esp\u00e9rons vous avoir aid\u00e9 \u00e0 comprendre comment acheter Cardano sur Bybit. Si vous voulez savoir comment acheter Cardano sur <a href=\"https:\/\/coinkickoff.com\/fr\/crypto-exchanges\/\">autres \u00e9changes<\/a>, vous acc\u00e9dez \u00e0 nos diff\u00e9rents guides via notre <a href=\"https:\/\/coinkickoff.com\/fr\/how-to-buy-cardano\/\">Comment acheter Cardano<\/a> page.<\/span><\/p>","protected":false},"excerpt":{"rendered":"<p>Comment acheter Cardano sur Bybit Voulez-vous d\u00e9couvrir comment acheter Cardano sur Bybit ? Vous \u00eates au bon endroit : Voici comment acheter Cardano sur Bybit avec des instructions d\u00e9taill\u00e9es. Guide \u00e9tape par \u00e9tape pour acheter Cardano sur Bybit 1. Cr\u00e9er un compte Tout d'abord, cr\u00e9ez un compte Bybit [...]<\/p>","protected":false},"author":3,"featured_media":0,"parent":4010,"menu_order":0,"comment_status":"closed","ping_status":"closed","template":"","meta":{"_genesis_hide_title":false,"_genesis_hide_breadcrumbs":false,"_genesis_hide_singular_image":false,"_genesis_hide_footer_widgets":false,"_genesis_custom_body_class":"","_genesis_custom_post_class":"","_genesis_layout":"","_glsr_average":0,"_glsr_ranking":0,"_glsr_reviews":0,"footnotes":""},"class_list":{"0":"post-4050","1":"page","2":"type-page","3":"status-publish","5":"entry"},"featured_image_src":null,"featured_image_src_square":null,"_links":{"self":[{"href":"https:\/\/coinkickoff.com\/fr\/wp-json\/wp\/v2\/pages\/4050","targetHints":{"allow":["GET"]}}],"collection":[{"href":"https:\/\/coinkickoff.com\/fr\/wp-json\/wp\/v2\/pages"}],"about":[{"href":"https:\/\/coinkickoff.com\/fr\/wp-json\/wp\/v2\/types\/page"}],"author":[{"embeddable":true,"href":"https:\/\/coinkickoff.com\/fr\/wp-json\/wp\/v2\/users\/3"}],"replies":[{"embeddable":true,"href":"https:\/\/coinkickoff.com\/fr\/wp-json\/wp\/v2\/comments?post=4050"}],"version-history":[{"count":4,"href":"https:\/\/coinkickoff.com\/fr\/wp-json\/wp\/v2\/pages\/4050\/revisions"}],"predecessor-version":[{"id":4073,"href":"https:\/\/coinkickoff.com\/fr\/wp-json\/wp\/v2\/pages\/4050\/revisions\/4073"}],"up":[{"embeddable":true,"href":"https:\/\/coinkickoff.com\/fr\/wp-json\/wp\/v2\/pages\/4010"}],"wp:attachment":[{"href":"https:\/\/coinkickoff.com\/fr\/wp-json\/wp\/v2\/media?parent=4050"}],"curies":[{"name":"wp","href":"https:\/\/api.w.org\/{rel}","templated":true}]}}