{"id":3968,"date":"2026-01-08T14:07:21","date_gmt":"2026-01-08T14:07:21","guid":{"rendered":"https:\/\/coinkickoff.com\/?page_id=3968"},"modified":"2026-01-08T14:07:21","modified_gmt":"2026-01-08T14:07:21","slug":"how-to-buy-ethereum-on-poloniex","status":"publish","type":"page","link":"https:\/\/coinkickoff.com\/fr\/how-to-buy-ethereum\/how-to-buy-ethereum-on-poloniex\/","title":{"rendered":"Comment acheter Ethereum sur Poloniex"},"content":{"rendered":"<div id=\"ez-toc-container\" class=\"ez-toc-v2_0_80 counter-hierarchy ez-toc-counter ez-toc-transparent ez-toc-container-direction\">\n<div class=\"ez-toc-title-container\">\n<p class=\"ez-toc-title\" style=\"cursor:inherit\">Sections<\/p>\n<span class=\"ez-toc-title-toggle\"><a href=\"#\" class=\"ez-toc-pull-right ez-toc-btn ez-toc-btn-xs ez-toc-btn-default ez-toc-toggle\" aria-label=\"Toggle Table des mati\u00e8res\"><span class=\"ez-toc-js-icon-con\"><span class=\"\"><span class=\"eztoc-hide\" style=\"display:none;\">Toggle<\/span><span class=\"ez-toc-icon-toggle-span\"><svg style=\"fill: #999;color:#999\" xmlns=\"http:\/\/www.w3.org\/2000\/svg\" class=\"list-377408\" width=\"20px\" height=\"20px\" viewbox=\"0 0 24 24\" fill=\"none\"><path d=\"M6 6H4v2h2V6zm14 0H8v2h12V6zM4 11h2v2H4v-2zm16 0H8v2h12v-2zM4 16h2v2H4v-2zm16 0H8v2h12v-2z\" fill=\"currentColor\"><\/path><\/svg><svg style=\"fill: #999;color:#999\" class=\"arrow-unsorted-368013\" xmlns=\"http:\/\/www.w3.org\/2000\/svg\" width=\"10px\" height=\"10px\" viewbox=\"0 0 24 24\" version=\"1.2\" baseprofile=\"tiny\"><path d=\"M18.2 9.3l-6.2-6.3-6.2 6.3c-.2.2-.3.4-.3.7s.1.5.3.7c.2.2.4.3.7.3h11c.3 0 .5-.1.7-.3.2-.2.3-.5.3-.7s-.1-.5-.3-.7zM5.8 14.7l6.2 6.3 6.2-6.3c.2-.2.3-.5.3-.7s-.1-.5-.3-.7c-.2-.2-.4-.3-.7-.3h-11c-.3 0-.5.1-.7.3-.2.2-.3.5-.3.7s.1.5.3.7z\"\/><\/svg><\/span><\/span><\/span><\/a><\/span><\/div>\n<nav><ul class='ez-toc-list ez-toc-list-level-1 eztoc-toggle-hide-by-default' ><li class='ez-toc-page-1 ez-toc-heading-level-1'><a class=\"ez-toc-link ez-toc-heading-1\" href=\"https:\/\/coinkickoff.com\/fr\/how-to-buy-ethereum\/how-to-buy-ethereum-on-poloniex\/#How_to_Buy_Ethereum_on_Poloniex\" >Comment acheter Ethereum sur Poloniex<\/a><ul class='ez-toc-list-level-2' ><li class='ez-toc-heading-level-2'><a class=\"ez-toc-link ez-toc-heading-2\" href=\"https:\/\/coinkickoff.com\/fr\/how-to-buy-ethereum\/how-to-buy-ethereum-on-poloniex\/#A_Step-By-Step_Guide_on_How_to_Buy_Ethereum_on_Poloniex\" >Un guide \u00e9tape par \u00e9tape sur la fa\u00e7on d'acheter Ethereum sur Poloniex<\/a><ul class='ez-toc-list-level-3' ><li class='ez-toc-heading-level-3'><a class=\"ez-toc-link ez-toc-heading-3\" href=\"https:\/\/coinkickoff.com\/fr\/how-to-buy-ethereum\/how-to-buy-ethereum-on-poloniex\/#1_Register_an_Account\" >1. Ouvrir un compte<\/a><\/li><li class='ez-toc-page-1 ez-toc-heading-level-3'><a class=\"ez-toc-link ez-toc-heading-4\" href=\"https:\/\/coinkickoff.com\/fr\/how-to-buy-ethereum\/how-to-buy-ethereum-on-poloniex\/#2_Verify_Your_Account\" >2. V\u00e9rifier votre compte<\/a><\/li><li class='ez-toc-page-1 ez-toc-heading-level-3'><a class=\"ez-toc-link ez-toc-heading-5\" href=\"https:\/\/coinkickoff.com\/fr\/how-to-buy-ethereum\/how-to-buy-ethereum-on-poloniex\/#3_Buy_Crypto\" >3. Acheter des crypto-monnaies<\/a><\/li><\/ul><\/li><\/ul><\/li><\/ul><\/nav><\/div>\n<h1><span class=\"ez-toc-section\" id=\"How_to_Buy_Ethereum_on_Poloniex\"><\/span><span style=\"font-weight: 400;\">Comment acheter Ethereum sur Poloniex<\/span><span class=\"ez-toc-section-end\"><\/span><\/h1>\n<p><span style=\"font-weight: 400;\">Vous pouvez acheter <a href=\"https:\/\/coinkickoff.com\/fr\/ethereum-eth\/\" data-internallinksmanager029f6b8e52c=\"2\" title=\"Qu&#039;est-ce que Ethereum (ETH) ? Prix, historique et o\u00f9 acheter\">Ethereum<\/a> sur pratiquement toutes les bourses, car il s'agit de l'une des monnaies num\u00e9riques les plus populaires et les plus importantes du march\u00e9. <a href=\"https:\/\/coinkickoff.com\/fr\/poloniex-review\/\" data-internallinksmanager029f6b8e52c=\"164\" title=\"Avis sur Poloniex 2023 : Tarifs, caract\u00e9ristiques, s\u00e9curit\u00e9, avantages et inconv\u00e9nients.\">Poloniex<\/a> est l'un de ces \u00e9changes, du moins pour les utilisateurs bas\u00e9s en dehors des \u00c9tats-Unis.<\/span><\/p>\n<p><span style=\"font-weight: 400;\">Toutefois, nous vous invitons \u00e0 lire notre <a href=\"https:\/\/coinkickoff.com\/fr\/poloniex-review\/\">guide sur Poloniex<\/a> avant d'effectuer des achats sur la plateforme, car il y a eu des cas d'abus. <\/span><a href=\"https:\/\/www.coindesk.com\/policy\/2023\/05\/01\/crypto-exchange-poloniex-agrees-to-76m-fine-settle-sanctions-violation-charges\/\" target=\"_blank\" rel=\"noopener\"><span style=\"font-weight: 400;\">plusieurs questions<\/span><\/a><span style=\"font-weight: 400;\"> li\u00e9 \u00e0 la bourse, ainsi que son propri\u00e9taire <\/span><a href=\"https:\/\/www.cnbc.com\/2023\/03\/22\/sec-hits-jake-paul-lindsey-lohan-justin-sun-with-crypto-violations.html\" target=\"_blank\" rel=\"noopener\"><span style=\"font-weight: 400;\">Justin Sun<\/span><\/a><span style=\"font-weight: 400;\">.<\/span><\/p>\n<p><span style=\"font-weight: 400;\">Si vous \u00eates pr\u00eat pour l'\u00e9change, voici comment acheter Ethereum sur Poloniex.<\/span><\/p>\n<h2><span class=\"ez-toc-section\" id=\"A_Step-By-Step_Guide_on_How_to_Buy_Ethereum_on_Poloniex\"><\/span><span style=\"font-weight: 400;\">Un guide \u00e9tape par \u00e9tape sur la fa\u00e7on d'acheter Ethereum sur Poloniex<\/span><span class=\"ez-toc-section-end\"><\/span><\/h2>\n<h3><span class=\"ez-toc-section\" id=\"1_Register_an_Account\"><\/span><span style=\"font-weight: 400;\">1. Ouvrir un compte<\/span><span class=\"ez-toc-section-end\"><\/span><\/h3>\n<p><span style=\"font-weight: 400;\">Tout d'abord, rendez-vous sur le site web de Poloniex et cr\u00e9ez un compte. <\/span><\/p>\n<p><img loading=\"lazy\" decoding=\"async\" class=\"alignnone wp-image-3397 size-full\" src=\"https:\/\/coinkickoff.com\/wp-content\/uploads\/poloniex-sign-up.png\" alt=\"poloniex s&#039;inscrire\" width=\"1436\" height=\"653\" srcset=\"https:\/\/coinkickoff.com\/wp-content\/uploads\/poloniex-sign-up.png 1436w, https:\/\/coinkickoff.com\/wp-content\/uploads\/poloniex-sign-up-300x136.png 300w, https:\/\/coinkickoff.com\/wp-content\/uploads\/poloniex-sign-up-1024x466.png 1024w, https:\/\/coinkickoff.com\/wp-content\/uploads\/poloniex-sign-up-768x349.png 768w, https:\/\/coinkickoff.com\/wp-content\/uploads\/poloniex-sign-up-18x8.png 18w\" sizes=\"auto, (max-width: 1436px) 100vw, 1436px\" \/><\/p>\n<h3><span class=\"ez-toc-section\" id=\"2_Verify_Your_Account\"><\/span><span style=\"font-weight: 400;\">2. V\u00e9rifier votre compte<\/span><span class=\"ez-toc-section-end\"><\/span><\/h3>\n<p><span style=\"font-weight: 400;\">Techniquement, vous n'avez pas besoin de v\u00e9rifier votre identit\u00e9 sur Poloniex. Tous les utilisateurs sont v\u00e9rifi\u00e9s au niveau 1 lors de leur inscription et peuvent acheter des actifs avec des cartes de cr\u00e9dit. La v\u00e9rification de niveau 2 permet des limites de retrait plus \u00e9lev\u00e9es mais n'est pas n\u00e9cessaire pour la plupart des traders particuliers.<\/span><\/p>\n<p><span style=\"font-weight: 400;\">N\u00e9anmoins, si vous souhaitez confirmer votre identit\u00e9, acc\u00e9dez \u00e0 votre profil en cliquant sur le symbole du profil sur votre tableau de bord. <\/span><\/p>\n<p><img loading=\"lazy\" decoding=\"async\" class=\"alignnone wp-image-3398 size-full\" src=\"https:\/\/coinkickoff.com\/wp-content\/uploads\/poloniex-verification.png\" alt=\"v\u00e9rification poloniex\" width=\"1437\" height=\"679\" srcset=\"https:\/\/coinkickoff.com\/wp-content\/uploads\/poloniex-verification.png 1437w, https:\/\/coinkickoff.com\/wp-content\/uploads\/poloniex-verification-300x142.png 300w, https:\/\/coinkickoff.com\/wp-content\/uploads\/poloniex-verification-1024x484.png 1024w, https:\/\/coinkickoff.com\/wp-content\/uploads\/poloniex-verification-768x363.png 768w, https:\/\/coinkickoff.com\/wp-content\/uploads\/poloniex-verification-18x9.png 18w\" sizes=\"auto, (max-width: 1437px) 100vw, 1437px\" \/><\/p>\n<p><span style=\"font-weight: 400;\">Remplissez le formulaire d'information et t\u00e9l\u00e9chargez une photo d'identit\u00e9 officielle, comme un passeport ou un permis de conduire. Cliquez sur \"D\u00e9marrer\" pour la v\u00e9rification de niveau 2. Il vous sera demand\u00e9 de t\u00e9l\u00e9charger une photo d'identit\u00e9.<\/span><\/p>\n<h3><span class=\"ez-toc-section\" id=\"3_Buy_Crypto\"><\/span><span style=\"font-weight: 400;\">3. Acheter des crypto-monnaies<\/span><span class=\"ez-toc-section-end\"><\/span><\/h3>\n<p><span style=\"font-weight: 400;\">Cliquez sur \"Buy Crypto\" pour acc\u00e9der au formulaire de commande instantan\u00e9e. S\u00e9lectionnez la devise que vous souhaitez d\u00e9penser (par exemple, USD) et la devise que vous souhaitez acheter (dans ce cas, Ethereum ou ETH). Saisissez le montant que vous souhaitez payer pour votre achat.<\/span><\/p>\n<p><img loading=\"lazy\" decoding=\"async\" class=\"alignnone wp-image-3399 size-full\" src=\"https:\/\/coinkickoff.com\/wp-content\/uploads\/poloniex-buy-crypto.png\" alt=\"Comment acheter Ethereum sur Poloniex\" width=\"1436\" height=\"793\" srcset=\"https:\/\/coinkickoff.com\/wp-content\/uploads\/poloniex-buy-crypto.png 1436w, https:\/\/coinkickoff.com\/wp-content\/uploads\/poloniex-buy-crypto-300x166.png 300w, https:\/\/coinkickoff.com\/wp-content\/uploads\/poloniex-buy-crypto-1024x565.png 1024w, https:\/\/coinkickoff.com\/wp-content\/uploads\/poloniex-buy-crypto-768x424.png 768w, https:\/\/coinkickoff.com\/wp-content\/uploads\/poloniex-buy-crypto-18x10.png 18w\" sizes=\"auto, (max-width: 1436px) 100vw, 1436px\" \/><\/p>\n<p><span style=\"font-weight: 400;\">Les frais seront affich\u00e9s sur le panneau de droite. Vous aurez besoin d'un compte Simplex ou Mercuryo pour effectuer votre achat. Si vous n'en avez pas, ne vous inqui\u00e9tez pas, vous pourrez vous inscrire apr\u00e8s avoir cliqu\u00e9 sur \"Soumettre\".<\/span><\/p>\n<p><span style=\"font-weight: 400;\">Si vous avez d\u00e9j\u00e0 un compte, vous pouvez vous connecter et votre achat sera termin\u00e9 !<\/span><\/p>\n<p><span style=\"font-weight: 400;\">C'est tout pour savoir comment obtenir Ethereum sur Poloniex ! Si vous v\u00e9rifiez vos actifs, vous verrez votre ETH dans votre portefeuille.<\/span><\/p>","protected":false},"excerpt":{"rendered":"<p>Comment acheter du Ethereum sur Poloniex Vous pouvez acheter du Ethereum sur pratiquement toutes les bourses, car il s'agit de l'une des monnaies num\u00e9riques les plus populaires et les plus importantes du march\u00e9. Poloniex est l'une de ces bourses, du moins pour les utilisateurs bas\u00e9s en dehors des \u00c9tats-Unis. Cependant, nous vous conseillons vivement de lire notre guide sur Poloniex avant de [...]<\/p>","protected":false},"author":3,"featured_media":0,"parent":3937,"menu_order":0,"comment_status":"closed","ping_status":"closed","template":"","meta":{"_genesis_hide_title":false,"_genesis_hide_breadcrumbs":false,"_genesis_hide_singular_image":false,"_genesis_hide_footer_widgets":false,"_genesis_custom_body_class":"","_genesis_custom_post_class":"","_genesis_layout":"","_glsr_average":0,"_glsr_ranking":0,"_glsr_reviews":0,"footnotes":""},"class_list":{"0":"post-3968","1":"page","2":"type-page","3":"status-publish","5":"entry"},"featured_image_src":null,"featured_image_src_square":null,"_links":{"self":[{"href":"https:\/\/coinkickoff.com\/fr\/wp-json\/wp\/v2\/pages\/3968","targetHints":{"allow":["GET"]}}],"collection":[{"href":"https:\/\/coinkickoff.com\/fr\/wp-json\/wp\/v2\/pages"}],"about":[{"href":"https:\/\/coinkickoff.com\/fr\/wp-json\/wp\/v2\/types\/page"}],"author":[{"embeddable":true,"href":"https:\/\/coinkickoff.com\/fr\/wp-json\/wp\/v2\/users\/3"}],"replies":[{"embeddable":true,"href":"https:\/\/coinkickoff.com\/fr\/wp-json\/wp\/v2\/comments?post=3968"}],"version-history":[{"count":1,"href":"https:\/\/coinkickoff.com\/fr\/wp-json\/wp\/v2\/pages\/3968\/revisions"}],"predecessor-version":[{"id":3969,"href":"https:\/\/coinkickoff.com\/fr\/wp-json\/wp\/v2\/pages\/3968\/revisions\/3969"}],"up":[{"embeddable":true,"href":"https:\/\/coinkickoff.com\/fr\/wp-json\/wp\/v2\/pages\/3937"}],"wp:attachment":[{"href":"https:\/\/coinkickoff.com\/fr\/wp-json\/wp\/v2\/media?parent=3968"}],"curies":[{"name":"wp","href":"https:\/\/api.w.org\/{rel}","templated":true}]}}