{"id":3899,"date":"2026-01-08T14:07:44","date_gmt":"2026-01-08T14:07:44","guid":{"rendered":"https:\/\/coinkickoff.com\/?page_id=3899"},"modified":"2026-01-08T14:07:44","modified_gmt":"2026-01-08T14:07:44","slug":"how-to-buy-bitcoin-on-coinbase","status":"publish","type":"page","link":"https:\/\/coinkickoff.com\/fr\/how-to-buy-bitcoin\/how-to-buy-bitcoin-on-coinbase\/","title":{"rendered":"Comment acheter Bitcoin sur Coinbase"},"content":{"rendered":"<div id=\"ez-toc-container\" class=\"ez-toc-v2_0_80 counter-hierarchy ez-toc-counter ez-toc-transparent ez-toc-container-direction\">\n<div class=\"ez-toc-title-container\">\n<p class=\"ez-toc-title\" style=\"cursor:inherit\">Sections<\/p>\n<span class=\"ez-toc-title-toggle\"><a href=\"#\" class=\"ez-toc-pull-right ez-toc-btn ez-toc-btn-xs ez-toc-btn-default ez-toc-toggle\" aria-label=\"Toggle Table des mati\u00e8res\"><span class=\"ez-toc-js-icon-con\"><span class=\"\"><span class=\"eztoc-hide\" style=\"display:none;\">Toggle<\/span><span class=\"ez-toc-icon-toggle-span\"><svg style=\"fill: #999;color:#999\" xmlns=\"http:\/\/www.w3.org\/2000\/svg\" class=\"list-377408\" width=\"20px\" height=\"20px\" viewbox=\"0 0 24 24\" fill=\"none\"><path d=\"M6 6H4v2h2V6zm14 0H8v2h12V6zM4 11h2v2H4v-2zm16 0H8v2h12v-2zM4 16h2v2H4v-2zm16 0H8v2h12v-2z\" fill=\"currentColor\"><\/path><\/svg><svg style=\"fill: #999;color:#999\" class=\"arrow-unsorted-368013\" xmlns=\"http:\/\/www.w3.org\/2000\/svg\" width=\"10px\" height=\"10px\" viewbox=\"0 0 24 24\" version=\"1.2\" baseprofile=\"tiny\"><path d=\"M18.2 9.3l-6.2-6.3-6.2 6.3c-.2.2-.3.4-.3.7s.1.5.3.7c.2.2.4.3.7.3h11c.3 0 .5-.1.7-.3.2-.2.3-.5.3-.7s-.1-.5-.3-.7zM5.8 14.7l6.2 6.3 6.2-6.3c.2-.2.3-.5.3-.7s-.1-.5-.3-.7c-.2-.2-.4-.3-.7-.3h-11c-.3 0-.5.1-.7.3-.2.2-.3.5-.3.7s.1.5.3.7z\"\/><\/svg><\/span><\/span><\/span><\/a><\/span><\/div>\n<nav><ul class='ez-toc-list ez-toc-list-level-1 eztoc-toggle-hide-by-default' ><li class='ez-toc-page-1 ez-toc-heading-level-2'><a class=\"ez-toc-link ez-toc-heading-1\" href=\"https:\/\/coinkickoff.com\/fr\/how-to-buy-bitcoin\/how-to-buy-bitcoin-on-coinbase\/#How_to_Buy_Bitcoin_on_Coinbase\" >Comment acheter Bitcoin sur Coinbase<\/a><\/li><li class='ez-toc-page-1 ez-toc-heading-level-2'><a class=\"ez-toc-link ez-toc-heading-2\" href=\"https:\/\/coinkickoff.com\/fr\/how-to-buy-bitcoin\/how-to-buy-bitcoin-on-coinbase\/#A_Step-By-Step_Guide_on_How_to_Buy_Bitcoin_on_Coinbase\" >Un guide \u00e9tape par \u00e9tape sur la fa\u00e7on d'acheter Bitcoin sur Coinbase<\/a><ul class='ez-toc-list-level-3' ><li class='ez-toc-heading-level-3'><a class=\"ez-toc-link ez-toc-heading-3\" href=\"https:\/\/coinkickoff.com\/fr\/how-to-buy-bitcoin\/how-to-buy-bitcoin-on-coinbase\/#1_Register_an_Account\" >1. Ouvrir un compte<\/a><\/li><li class='ez-toc-page-1 ez-toc-heading-level-3'><a class=\"ez-toc-link ez-toc-heading-4\" href=\"https:\/\/coinkickoff.com\/fr\/how-to-buy-bitcoin\/how-to-buy-bitcoin-on-coinbase\/#2_Verify_Your_Account\" >2. V\u00e9rifier votre compte<\/a><\/li><li class='ez-toc-page-1 ez-toc-heading-level-3'><a class=\"ez-toc-link ez-toc-heading-5\" href=\"https:\/\/coinkickoff.com\/fr\/how-to-buy-bitcoin\/how-to-buy-bitcoin-on-coinbase\/#3_Deposit_FundsCrypto\" >3. D\u00e9p\u00f4t de fonds\/Crypto<\/a><\/li><li class='ez-toc-page-1 ez-toc-heading-level-3'><a class=\"ez-toc-link ez-toc-heading-6\" href=\"https:\/\/coinkickoff.com\/fr\/how-to-buy-bitcoin\/how-to-buy-bitcoin-on-coinbase\/#4_Navigate_to_the_Relevant_Screen_to_Buy\" >4. Naviguez jusqu'\u00e0 l'\u00e9cran appropri\u00e9 pour acheter<\/a><\/li><\/ul><\/li><\/ul><\/nav><\/div>\n<h2><span class=\"ez-toc-section\" id=\"How_to_Buy_Bitcoin_on_Coinbase\"><\/span><span style=\"font-weight: 400;\">Comment acheter Bitcoin sur Coinbase<\/span><span class=\"ez-toc-section-end\"><\/span><\/h2>\n<p><span style=\"font-weight: 400;\">Si vous en savez un peu plus sur <a href=\"https:\/\/coinkickoff.com\/fr\/bitcoin-btc\/\" data-internallinksmanager029f6b8e52c=\"1\" title=\"Qu&#039;est-ce que Bitcoin (BTC) ? Prix, historique et o\u00f9 acheter\">Bitcoin<\/a>Vous avez peut-\u00eatre d\u00e9j\u00e0 entendu parler de <a href=\"https:\/\/coinkickoff.com\/fr\/coinbase-review\/\" data-internallinksmanager029f6b8e52c=\"142\" title=\"Coinbase Examens 2024 : Caract\u00e9ristiques, Prix, S\u00e9curit\u00e9, Avantages et inconv\u00e9nients\">Coinbase<\/a>, l'un des premiers <a href=\"https:\/\/coinkickoff.com\/fr\/crypto-exchanges\/\" data-internallinksmanager029f6b8e52c=\"141\" title=\"21 meilleurs \u00e9changes de crypto-monnaies et applications en 2024\">les \u00e9changes de crypto-monnaies<\/a> dans le monde.<\/span><\/p>\n<p><span style=\"font-weight: 400;\">Coinbase est un \u00e9change num\u00e9rique bas\u00e9 aux \u00c9tats-Unis, connu pour sa facilit\u00e9 d'utilisation et sa conformit\u00e9 aux lois et r\u00e9glementations des pays dans lesquels il op\u00e8re. Dans une mer d'\u00e9changes de crypto-monnaies sauvages et souvent non r\u00e9glement\u00e9s, il reste un phare de stabilit\u00e9 et est donc souvent recommand\u00e9 aux traders d\u00e9butants comme une option digne de confiance.\u00a0<\/span><\/p>\n<p><span style=\"font-weight: 400;\">Si vous voulez commencer votre propre voyage cryptographique, achetez des BTC, <\/span><a href=\"https:\/\/coinkickoff.com\/fr\/coinbase-review\/\"><span style=\"font-weight: 400;\">Coinbase<\/span><\/a><span style=\"font-weight: 400;\"> est un choix logique. Dans ce guide, nous expliquerons comment acheter Bitcoin sur Coinbase avec des instructions \u00e9tape par \u00e9tape.<\/span><\/p>\n<h2><span class=\"ez-toc-section\" id=\"A_Step-By-Step_Guide_on_How_to_Buy_Bitcoin_on_Coinbase\"><\/span><span style=\"font-weight: 400;\">Un guide \u00e9tape par \u00e9tape sur la fa\u00e7on d'acheter Bitcoin sur Coinbase<\/span><span class=\"ez-toc-section-end\"><\/span><\/h2>\n<h3><span class=\"ez-toc-section\" id=\"1_Register_an_Account\"><\/span><span style=\"font-weight: 400;\">1. Ouvrir un compte<\/span><span class=\"ez-toc-section-end\"><\/span><\/h3>\n<h2><img loading=\"lazy\" decoding=\"async\" class=\"alignnone wp-image-3527 size-large\" style=\"font-size: 18px; font-family: Muli, sans-serif;\" src=\"https:\/\/coinkickoff.com\/wp-content\/uploads\/Screen-Shot-2023-03-30-at-7.13.25-AM-e1686183370122-1024x538.png\" alt=\"\" width=\"1024\" height=\"538\" srcset=\"https:\/\/coinkickoff.com\/wp-content\/uploads\/Screen-Shot-2023-03-30-at-7.13.25-AM-e1686183370122-1024x538.png 1024w, https:\/\/coinkickoff.com\/wp-content\/uploads\/Screen-Shot-2023-03-30-at-7.13.25-AM-e1686183370122-300x158.png 300w, https:\/\/coinkickoff.com\/wp-content\/uploads\/Screen-Shot-2023-03-30-at-7.13.25-AM-e1686183370122-768x404.png 768w, https:\/\/coinkickoff.com\/wp-content\/uploads\/Screen-Shot-2023-03-30-at-7.13.25-AM-e1686183370122-18x9.png 18w, https:\/\/coinkickoff.com\/wp-content\/uploads\/Screen-Shot-2023-03-30-at-7.13.25-AM-e1686183370122.png 1277w\" sizes=\"auto, (max-width: 1024px) 100vw, 1024px\" \/><\/h2>\n<p><span style=\"font-weight: 400;\">Tout d'abord, utilisez notre lien pour aller \u00e0 <\/span><a href=\"https:\/\/coinbase-consumer.sjv.io\/ORPoaG\" target=\"_blank\" rel=\"noopener\"><span style=\"font-weight: 400;\">Site officiel de Coinbase<\/span><\/a><span style=\"font-weight: 400;\"> et ouvrir un compte d'\u00e9change.<\/span><\/p>\n<p><span style=\"font-weight: 400;\">Vous devez vous inscrire avec votre nom officiel. \u00c9tant donn\u00e9 que Coinbase a une politique KYC stricte, il est important que vos d\u00e9tails personnels correspondent \u00e0 votre ID lorsque vous vous inscrivez pour la premi\u00e8re fois.<\/span><\/p>\n<p><span style=\"font-weight: 400;\">Une fois le formulaire rempli, cliquez sur \"Cr\u00e9er un compte\". Coinbase vous enverra un lien de v\u00e9rification par courrier \u00e9lectronique. Cliquez sur le lien pour v\u00e9rifier votre adresse \u00e9lectronique.\u00a0<\/span><\/p>\n<p><span style=\"font-weight: 400;\">Coinbase vous demande \u00e9galement de confirmer votre num\u00e9ro de t\u00e9l\u00e9phone portable pour vous connecter \u00e0 votre compte. Saisissez les chiffres qui vous sont demand\u00e9s et utilisez le code SMS que vous recevez pour vous connecter.<\/span><\/p>\n<h3><span class=\"ez-toc-section\" id=\"2_Verify_Your_Account\"><\/span><span style=\"font-weight: 400;\">2. V\u00e9rifier votre compte<\/span><span class=\"ez-toc-section-end\"><\/span><\/h3>\n<p><span style=\"font-weight: 400;\">La v\u00e9rification de l'identit\u00e9 est indispensable sur Coinbase. Heureusement, il s'agit d'un processus simple. Il vous suffit de cliquer sur le bouton \"V\u00e9rifier votre identit\u00e9\" qui appara\u00eet lors de votre premi\u00e8re connexion. <\/span><\/p>\n<p><img loading=\"lazy\" decoding=\"async\" class=\"alignnone wp-image-3526 size-large\" src=\"https:\/\/coinkickoff.com\/wp-content\/uploads\/Screen-Shot-2023-03-30-at-6.16.20-AM-e1683779340546-1024x470.png\" alt=\"\" width=\"1024\" height=\"470\" srcset=\"https:\/\/coinkickoff.com\/wp-content\/uploads\/Screen-Shot-2023-03-30-at-6.16.20-AM-e1683779340546-1024x470.png 1024w, https:\/\/coinkickoff.com\/wp-content\/uploads\/Screen-Shot-2023-03-30-at-6.16.20-AM-e1683779340546-300x138.png 300w, https:\/\/coinkickoff.com\/wp-content\/uploads\/Screen-Shot-2023-03-30-at-6.16.20-AM-e1683779340546-768x352.png 768w, https:\/\/coinkickoff.com\/wp-content\/uploads\/Screen-Shot-2023-03-30-at-6.16.20-AM-e1683779340546-18x8.png 18w, https:\/\/coinkickoff.com\/wp-content\/uploads\/Screen-Shot-2023-03-30-at-6.16.20-AM-e1683779340546.png 1389w\" sizes=\"auto, (max-width: 1024px) 100vw, 1024px\" \/><\/p>\n<p><span style=\"font-weight: 400;\">Si vous avez accidentellement ferm\u00e9 la fen\u00eatre d'avertissement de v\u00e9rification, ne vous inqui\u00e9tez pas. Il vous suffit de cliquer sur l'onglet \"Achat et vente\" surlign\u00e9 en bleu pour d\u00e9clencher une nouvelle demande de v\u00e9rification. Vous pouvez \u00e9galement cliquer sur l'ic\u00f4ne de votre profil et acc\u00e9der \u00e0 l'onglet \"V\u00e9rification\" pour lancer manuellement la proc\u00e9dure.<\/span><\/p>\n<p><img loading=\"lazy\" decoding=\"async\" class=\"alignnone wp-image-3525 size-full\" src=\"https:\/\/coinkickoff.com\/wp-content\/uploads\/Screen-Shot-2023-03-30-at-6.15.03-AM-e1683779367919.png\" alt=\"\" width=\"1436\" height=\"806\" srcset=\"https:\/\/coinkickoff.com\/wp-content\/uploads\/Screen-Shot-2023-03-30-at-6.15.03-AM-e1683779367919.png 1436w, https:\/\/coinkickoff.com\/wp-content\/uploads\/Screen-Shot-2023-03-30-at-6.15.03-AM-e1683779367919-300x168.png 300w, https:\/\/coinkickoff.com\/wp-content\/uploads\/Screen-Shot-2023-03-30-at-6.15.03-AM-e1683779367919-1024x575.png 1024w, https:\/\/coinkickoff.com\/wp-content\/uploads\/Screen-Shot-2023-03-30-at-6.15.03-AM-e1683779367919-768x431.png 768w, https:\/\/coinkickoff.com\/wp-content\/uploads\/Screen-Shot-2023-03-30-at-6.15.03-AM-e1683779367919-18x10.png 18w, https:\/\/coinkickoff.com\/wp-content\/uploads\/Screen-Shot-2023-03-30-at-6.15.03-AM-e1683779367919-600x338.png 600w\" sizes=\"auto, (max-width: 1436px) 100vw, 1436px\" \/><\/p>\n<p><span style=\"font-weight: 400;\">Coinbase vous propose un questionnaire d\u00e9taill\u00e9 \u00e0 remplir. Veillez \u00e0 remplir le formulaire avec des informations exactes. Des informations inexactes ou manquantes peuvent retarder l'approbation de votre v\u00e9rification.\u00a0\u00a0<\/span><\/p>\n<p><span style=\"font-weight: 400;\">Une fois le formulaire rempli, t\u00e9l\u00e9chargez une photo d'identit\u00e9 officielle, telle qu'une page de passeport ou un permis de conduire, sur la plateforme. La v\u00e9rification prend g\u00e9n\u00e9ralement quelques minutes, et vous pourrez d\u00e9poser des fonds et acheter des BTC une fois qu'elle sera termin\u00e9e.<\/span><\/p>\n<h3><span class=\"ez-toc-section\" id=\"3_Deposit_FundsCrypto\"><\/span><span style=\"font-weight: 400;\">3. D\u00e9p\u00f4t de fonds\/Crypto<\/span><span class=\"ez-toc-section-end\"><\/span><\/h3>\n<p><span style=\"font-weight: 400;\">L'\u00e9tape suivante consiste \u00e0 ajouter une m\u00e9thode de paiement \u00e0 votre compte Coinbase. Cliquez sur l'ic\u00f4ne de votre profil (en haut \u00e0 droite) pour acc\u00e9der aux param\u00e8tres de votre compte. <\/span><\/p>\n<p><img loading=\"lazy\" decoding=\"async\" class=\"alignnone wp-image-3521 size-full\" src=\"https:\/\/coinkickoff.com\/wp-content\/uploads\/Screen-Shot-2023-03-29-at-10.44.01-PM-e1683779393247.png\" alt=\"\" width=\"1396\" height=\"673\" srcset=\"https:\/\/coinkickoff.com\/wp-content\/uploads\/Screen-Shot-2023-03-29-at-10.44.01-PM-e1683779393247.png 1396w, https:\/\/coinkickoff.com\/wp-content\/uploads\/Screen-Shot-2023-03-29-at-10.44.01-PM-e1683779393247-300x145.png 300w, https:\/\/coinkickoff.com\/wp-content\/uploads\/Screen-Shot-2023-03-29-at-10.44.01-PM-e1683779393247-1024x494.png 1024w, https:\/\/coinkickoff.com\/wp-content\/uploads\/Screen-Shot-2023-03-29-at-10.44.01-PM-e1683779393247-768x370.png 768w, https:\/\/coinkickoff.com\/wp-content\/uploads\/Screen-Shot-2023-03-29-at-10.44.01-PM-e1683779393247-18x9.png 18w\" sizes=\"auto, (max-width: 1396px) 100vw, 1396px\" \/><\/p>\n<p><span style=\"font-weight: 400;\">Cliquez sur l'onglet \"M\u00e9thodes de paiement\".<\/span><\/p>\n<p><img loading=\"lazy\" decoding=\"async\" class=\"alignnone wp-image-3522 size-full\" src=\"https:\/\/coinkickoff.com\/wp-content\/uploads\/Screen-Shot-2023-03-29-at-10.44.08-PM-e1683779417928.png\" alt=\"\" width=\"1414\" height=\"719\" srcset=\"https:\/\/coinkickoff.com\/wp-content\/uploads\/Screen-Shot-2023-03-29-at-10.44.08-PM-e1683779417928.png 1414w, https:\/\/coinkickoff.com\/wp-content\/uploads\/Screen-Shot-2023-03-29-at-10.44.08-PM-e1683779417928-300x153.png 300w, https:\/\/coinkickoff.com\/wp-content\/uploads\/Screen-Shot-2023-03-29-at-10.44.08-PM-e1683779417928-1024x521.png 1024w, https:\/\/coinkickoff.com\/wp-content\/uploads\/Screen-Shot-2023-03-29-at-10.44.08-PM-e1683779417928-768x391.png 768w, https:\/\/coinkickoff.com\/wp-content\/uploads\/Screen-Shot-2023-03-29-at-10.44.08-PM-e1683779417928-18x9.png 18w\" sizes=\"auto, (max-width: 1414px) 100vw, 1414px\" \/><\/p>\n<p><span style=\"font-weight: 400;\">Cliquez maintenant sur le bouton \"Ajouter une m\u00e9thode de paiement\" pour voir les options qui s'offrent \u00e0 vous.<\/span><\/p>\n<p><img loading=\"lazy\" decoding=\"async\" class=\"alignnone wp-image-3523 size-full\" src=\"https:\/\/coinkickoff.com\/wp-content\/uploads\/Screen-Shot-2023-03-29-at-10.44.22-PM-e1683779442560.png\" alt=\"\" width=\"1403\" height=\"737\" srcset=\"https:\/\/coinkickoff.com\/wp-content\/uploads\/Screen-Shot-2023-03-29-at-10.44.22-PM-e1683779442560.png 1403w, https:\/\/coinkickoff.com\/wp-content\/uploads\/Screen-Shot-2023-03-29-at-10.44.22-PM-e1683779442560-300x158.png 300w, https:\/\/coinkickoff.com\/wp-content\/uploads\/Screen-Shot-2023-03-29-at-10.44.22-PM-e1683779442560-1024x538.png 1024w, https:\/\/coinkickoff.com\/wp-content\/uploads\/Screen-Shot-2023-03-29-at-10.44.22-PM-e1683779442560-768x403.png 768w, https:\/\/coinkickoff.com\/wp-content\/uploads\/Screen-Shot-2023-03-29-at-10.44.22-PM-e1683779442560-18x9.png 18w\" sizes=\"auto, (max-width: 1403px) 100vw, 1403px\" \/><\/p>\n<p><span style=\"font-weight: 400;\">Les m\u00e9thodes de paiement varient selon les pays. Les utilisateurs bas\u00e9s aux \u00c9tats-Unis peuvent facilement connecter leur compte bancaire am\u00e9ricain \u00e0 la plateforme pour effectuer des d\u00e9p\u00f4ts en monnaie fiduciaire. Les utilisateurs bas\u00e9s en Europe peuvent \u00e9galement utiliser le SEPA et les virements bancaires.<\/span><\/p>\n<p><span style=\"font-weight: 400;\">Les m\u00e9thodes de paiement les plus courantes que presque tout le monde peut utiliser sont les cartes de d\u00e9bit et de cr\u00e9dit. L'achat d'actifs num\u00e9riques \u00e0 l'aide de cartes de d\u00e9bit et de cr\u00e9dit est tr\u00e8s facile et tr\u00e8s rapide. Malheureusement, l'un des inconv\u00e9nients est l'ajout de frais pour le traitement des paiements. En g\u00e9n\u00e9ral, Coinbase facture des frais de 3 \u00e0 5% pour tous les achats par carte de cr\u00e9dit et de d\u00e9bit coin.<\/span><\/p>\n<p><span style=\"font-weight: 400;\">Cliquez sur la m\u00e9thode que vous souhaitez utiliser. Si vous choisissez les virements bancaires, suivez les instructions \u00e0 l'\u00e9cran pour lier votre compte bancaire \u00e0 votre compte Coinbase.<\/span><\/p>\n<p><span style=\"font-weight: 400;\">Vous pouvez \u00e9galement s\u00e9lectionner l'option carte de cr\u00e9dit\/d\u00e9bit et suivre les instructions ci-dessous.<\/span><\/p>\n<p><img loading=\"lazy\" decoding=\"async\" class=\"alignnone wp-image-3524 size-full\" src=\"https:\/\/coinkickoff.com\/wp-content\/uploads\/Screen-Shot-2023-03-29-at-10.44.29-PM-e1683779464552.png\" alt=\"\" width=\"1407\" height=\"730\" srcset=\"https:\/\/coinkickoff.com\/wp-content\/uploads\/Screen-Shot-2023-03-29-at-10.44.29-PM-e1683779464552.png 1407w, https:\/\/coinkickoff.com\/wp-content\/uploads\/Screen-Shot-2023-03-29-at-10.44.29-PM-e1683779464552-300x156.png 300w, https:\/\/coinkickoff.com\/wp-content\/uploads\/Screen-Shot-2023-03-29-at-10.44.29-PM-e1683779464552-1024x531.png 1024w, https:\/\/coinkickoff.com\/wp-content\/uploads\/Screen-Shot-2023-03-29-at-10.44.29-PM-e1683779464552-768x398.png 768w, https:\/\/coinkickoff.com\/wp-content\/uploads\/Screen-Shot-2023-03-29-at-10.44.29-PM-e1683779464552-18x9.png 18w\" sizes=\"auto, (max-width: 1407px) 100vw, 1407px\" \/><\/p>\n<p><span style=\"font-weight: 400;\">Tout d'abord, indiquez votre nom tel qu'il figure sur la carte. Veuillez noter que le nom figurant sur la carte doit correspondre \u00e0 votre nom officiel tel qu'il est inscrit sur votre pi\u00e8ce d'identit\u00e9. Saisissez le num\u00e9ro de la carte, la date d'expiration et votre CVC. Le CVC est g\u00e9n\u00e9ralement un code \u00e0 trois chiffres inscrit au dos de votre carte. Enfin, saisissez votre code postal et cliquez sur le bouton \"Ajouter une carte\".<\/span><\/p>\n<h3><span class=\"ez-toc-section\" id=\"4_Navigate_to_the_Relevant_Screen_to_Buy\"><\/span><span style=\"font-weight: 400;\">4. Naviguez jusqu'\u00e0 l'\u00e9cran appropri\u00e9 pour acheter<\/span><span class=\"ez-toc-section-end\"><\/span><\/h3>\n<p><span style=\"font-weight: 400;\">Allez sur votre page d'accueil et cliquez sur le bouton \"Acheter et vendre\" surlign\u00e9 en bleu. Cela ouvrira le formulaire d'achat en un seul clic. <\/span><\/p>\n<p><img loading=\"lazy\" decoding=\"async\" class=\"alignnone wp-image-3811 size-full\" src=\"https:\/\/coinkickoff.com\/wp-content\/uploads\/Screen-Shot-2023-06-08-at-3.20.32-AM-1-e1686183860887.png\" alt=\"comment acheter un shiba inu sur coinbase\" width=\"1295\" height=\"655\" \/><\/p>\n<p><span style=\"font-weight: 400;\">Il vous suffit de saisir le montant que vous souhaitez d\u00e9penser. Le widget d'achat est d\u00e9fini par d\u00e9faut sur BTC, mais vous pouvez le remplacer par d'autres actifs num\u00e9riques en cliquant sur la fl\u00e8che situ\u00e9e \u00e0 c\u00f4t\u00e9.<\/span><\/p>\n<p><span style=\"font-weight: 400;\">Cliquez sur la case \"Payer avec\" et choisissez votre carte de cr\u00e9dit ou de d\u00e9bit comme m\u00e9thode de paiement.<\/span><\/p>\n<p><span style=\"font-weight: 400;\">Si vous regardez sous le montant que vous avez saisi, vous remarquerez une autre case qui indique \"Achat unique\". L\u00e0 encore, il s'agit de la valeur par d\u00e9faut, mais vous pouvez la modifier pour que Coinbase effectue automatiquement des achats r\u00e9currents pour vous chaque semaine ou chaque mois.\u00a0<\/span><\/p>\n<p><span style=\"font-weight: 400;\">Apr\u00e8s avoir rempli le formulaire, cliquez sur \"Pr\u00e9visualiser l'achat\". <\/span><\/p>\n<p><img loading=\"lazy\" decoding=\"async\" class=\"alignnone wp-image-3519 size-full\" src=\"https:\/\/coinkickoff.com\/wp-content\/uploads\/Screen-Shot-2023-03-29-at-10.39.23-PM-e1683779487708.png\" alt=\"comment acheter dogecoin sur coinbasecomment acheter Bitcoin sur Coinbase\" width=\"1439\" height=\"763\" srcset=\"https:\/\/coinkickoff.com\/wp-content\/uploads\/Screen-Shot-2023-03-29-at-10.39.23-PM-e1683779487708.png 1439w, https:\/\/coinkickoff.com\/wp-content\/uploads\/Screen-Shot-2023-03-29-at-10.39.23-PM-e1683779487708-300x159.png 300w, https:\/\/coinkickoff.com\/wp-content\/uploads\/Screen-Shot-2023-03-29-at-10.39.23-PM-e1683779487708-1024x543.png 1024w, https:\/\/coinkickoff.com\/wp-content\/uploads\/Screen-Shot-2023-03-29-at-10.39.23-PM-e1683779487708-768x407.png 768w, https:\/\/coinkickoff.com\/wp-content\/uploads\/Screen-Shot-2023-03-29-at-10.39.23-PM-e1683779487708-18x10.png 18w\" sizes=\"auto, (max-width: 1439px) 100vw, 1439px\" \/><\/p>\n<p><span style=\"font-weight: 400;\">Coinbase affichera le montant de BTC que vous recevrez, ainsi que tous les frais qui vous seront factur\u00e9s. Si vous \u00eates satisfait de votre commande, vous pouvez cliquer sur \"Acheter maintenant\" pour la terminer.\u00a0<\/span><\/p>","protected":false},"excerpt":{"rendered":"<p>Comment acheter Bitcoin sur Coinbase Si vous en savez un peu plus sur Bitcoin, vous avez peut-\u00eatre d\u00e9j\u00e0 entendu parler de Coinbase, l'un des premiers \u00e9changes de crypto-monnaies au monde. Coinbase est un \u00e9change num\u00e9rique bas\u00e9 aux \u00c9tats-Unis, connu pour sa facilit\u00e9 d'utilisation et sa conformit\u00e9 aux lois et r\u00e9glementations des pays dans lesquels il op\u00e8re. [...]<\/p>","protected":false},"author":3,"featured_media":0,"parent":3885,"menu_order":0,"comment_status":"closed","ping_status":"closed","template":"","meta":{"_genesis_hide_title":false,"_genesis_hide_breadcrumbs":false,"_genesis_hide_singular_image":false,"_genesis_hide_footer_widgets":false,"_genesis_custom_body_class":"","_genesis_custom_post_class":"","_genesis_layout":"","_glsr_average":0,"_glsr_ranking":0,"_glsr_reviews":0,"footnotes":""},"class_list":{"0":"post-3899","1":"page","2":"type-page","3":"status-publish","5":"entry"},"featured_image_src":null,"featured_image_src_square":null,"_links":{"self":[{"href":"https:\/\/coinkickoff.com\/fr\/wp-json\/wp\/v2\/pages\/3899","targetHints":{"allow":["GET"]}}],"collection":[{"href":"https:\/\/coinkickoff.com\/fr\/wp-json\/wp\/v2\/pages"}],"about":[{"href":"https:\/\/coinkickoff.com\/fr\/wp-json\/wp\/v2\/types\/page"}],"author":[{"embeddable":true,"href":"https:\/\/coinkickoff.com\/fr\/wp-json\/wp\/v2\/users\/3"}],"replies":[{"embeddable":true,"href":"https:\/\/coinkickoff.com\/fr\/wp-json\/wp\/v2\/comments?post=3899"}],"version-history":[{"count":1,"href":"https:\/\/coinkickoff.com\/fr\/wp-json\/wp\/v2\/pages\/3899\/revisions"}],"predecessor-version":[{"id":3900,"href":"https:\/\/coinkickoff.com\/fr\/wp-json\/wp\/v2\/pages\/3899\/revisions\/3900"}],"up":[{"embeddable":true,"href":"https:\/\/coinkickoff.com\/fr\/wp-json\/wp\/v2\/pages\/3885"}],"wp:attachment":[{"href":"https:\/\/coinkickoff.com\/fr\/wp-json\/wp\/v2\/media?parent=3899"}],"curies":[{"name":"wp","href":"https:\/\/api.w.org\/{rel}","templated":true}]}}