{"id":3877,"date":"2026-01-08T14:06:52","date_gmt":"2026-01-08T14:06:52","guid":{"rendered":"https:\/\/coinkickoff.com\/?page_id=3877"},"modified":"2026-01-08T14:06:52","modified_gmt":"2026-01-08T14:06:52","slug":"how-to-buy-shiba-inu-on-kraken","status":"publish","type":"page","link":"https:\/\/coinkickoff.com\/fr\/how-to-buy-shiba-inu\/how-to-buy-shiba-inu-on-kraken\/","title":{"rendered":"Comment acheter Shiba Inu sur Kraken"},"content":{"rendered":"<div id=\"ez-toc-container\" class=\"ez-toc-v2_0_80 counter-hierarchy ez-toc-counter ez-toc-transparent ez-toc-container-direction\">\n<div class=\"ez-toc-title-container\">\n<p class=\"ez-toc-title\" style=\"cursor:inherit\">Sections<\/p>\n<span class=\"ez-toc-title-toggle\"><a href=\"#\" class=\"ez-toc-pull-right ez-toc-btn ez-toc-btn-xs ez-toc-btn-default ez-toc-toggle\" aria-label=\"Toggle Table des mati\u00e8res\"><span class=\"ez-toc-js-icon-con\"><span class=\"\"><span class=\"eztoc-hide\" style=\"display:none;\">Toggle<\/span><span class=\"ez-toc-icon-toggle-span\"><svg style=\"fill: #999;color:#999\" xmlns=\"http:\/\/www.w3.org\/2000\/svg\" class=\"list-377408\" width=\"20px\" height=\"20px\" viewbox=\"0 0 24 24\" fill=\"none\"><path d=\"M6 6H4v2h2V6zm14 0H8v2h12V6zM4 11h2v2H4v-2zm16 0H8v2h12v-2zM4 16h2v2H4v-2zm16 0H8v2h12v-2z\" fill=\"currentColor\"><\/path><\/svg><svg style=\"fill: #999;color:#999\" class=\"arrow-unsorted-368013\" xmlns=\"http:\/\/www.w3.org\/2000\/svg\" width=\"10px\" height=\"10px\" viewbox=\"0 0 24 24\" version=\"1.2\" baseprofile=\"tiny\"><path d=\"M18.2 9.3l-6.2-6.3-6.2 6.3c-.2.2-.3.4-.3.7s.1.5.3.7c.2.2.4.3.7.3h11c.3 0 .5-.1.7-.3.2-.2.3-.5.3-.7s-.1-.5-.3-.7zM5.8 14.7l6.2 6.3 6.2-6.3c.2-.2.3-.5.3-.7s-.1-.5-.3-.7c-.2-.2-.4-.3-.7-.3h-11c-.3 0-.5.1-.7.3-.2.2-.3.5-.3.7s.1.5.3.7z\"\/><\/svg><\/span><\/span><\/span><\/a><\/span><\/div>\n<nav><ul class='ez-toc-list ez-toc-list-level-1 eztoc-toggle-hide-by-default' ><li class='ez-toc-page-1 ez-toc-heading-level-2'><a class=\"ez-toc-link ez-toc-heading-1\" href=\"https:\/\/coinkickoff.com\/fr\/how-to-buy-shiba-inu\/how-to-buy-shiba-inu-on-kraken\/#How_to_Buy_Shiba_Inu_on_Kraken_Exchange\" >Comment acheter Shiba Inu sur la bourse Kraken<\/a><\/li><li class='ez-toc-page-1 ez-toc-heading-level-2'><a class=\"ez-toc-link ez-toc-heading-2\" href=\"https:\/\/coinkickoff.com\/fr\/how-to-buy-shiba-inu\/how-to-buy-shiba-inu-on-kraken\/#A_Step-By-Step_Guide_on_How_to_Buy_Shiba_Inu_on_Kraken\" >Un guide \u00e9tape par \u00e9tape sur la fa\u00e7on d'acheter Shiba Inu sur Kraken<\/a><ul class='ez-toc-list-level-3' ><li class='ez-toc-heading-level-3'><a class=\"ez-toc-link ez-toc-heading-3\" href=\"https:\/\/coinkickoff.com\/fr\/how-to-buy-shiba-inu\/how-to-buy-shiba-inu-on-kraken\/#1_Register_an_Account_on_Kraken\" >1. Ouvrir un compte sur Kraken<\/a><\/li><li class='ez-toc-page-1 ez-toc-heading-level-3'><a class=\"ez-toc-link ez-toc-heading-4\" href=\"https:\/\/coinkickoff.com\/fr\/how-to-buy-shiba-inu\/how-to-buy-shiba-inu-on-kraken\/#2_Verify_Your_Account\" >2. V\u00e9rifier votre compte<\/a><\/li><li class='ez-toc-page-1 ez-toc-heading-level-3'><a class=\"ez-toc-link ez-toc-heading-5\" href=\"https:\/\/coinkickoff.com\/fr\/how-to-buy-shiba-inu\/how-to-buy-shiba-inu-on-kraken\/#3_Enable_2FA\" >3. Activer 2FA<\/a><\/li><li class='ez-toc-page-1 ez-toc-heading-level-3'><a class=\"ez-toc-link ez-toc-heading-6\" href=\"https:\/\/coinkickoff.com\/fr\/how-to-buy-shiba-inu\/how-to-buy-shiba-inu-on-kraken\/#4_Add_an_Instant_Payment_Method\" >4. Ajouter une m\u00e9thode de paiement instantan\u00e9<\/a><\/li><li class='ez-toc-page-1 ez-toc-heading-level-3'><a class=\"ez-toc-link ez-toc-heading-7\" href=\"https:\/\/coinkickoff.com\/fr\/how-to-buy-shiba-inu\/how-to-buy-shiba-inu-on-kraken\/#4_Navigate_to_the_Relevant_Screen_to_Buy\" >4. Naviguez jusqu'\u00e0 l'\u00e9cran appropri\u00e9 pour acheter<\/a><\/li><\/ul><\/li><\/ul><\/nav><\/div>\n<h2><span class=\"ez-toc-section\" id=\"How_to_Buy_Shiba_Inu_on_Kraken_Exchange\"><\/span><span style=\"font-weight: 400;\">Comment acheter Shiba Inu sur la bourse Kraken<\/span><span class=\"ez-toc-section-end\"><\/span><\/h2>\n<p><span style=\"font-weight: 400;\">Comme la plupart des crypto-monnaies, <a href=\"https:\/\/coinkickoff.com\/fr\/shiba-inu-shib\/\">Shiba Inu (SHIB)<\/a> est un actif sp\u00e9culatif : son prix peut fluctuer en fonction des caprices des c\u00e9l\u00e9brit\u00e9s, des sp\u00e9cialistes du marketing et m\u00eame des commentateurs de Reddit. En tant que m\u00e8me coin sans cas d'utilisation, <a href=\"https:\/\/coinkickoff.com\/fr\/shiba-inu-shib\/\" data-internallinksmanager029f6b8e52c=\"16\" title=\"Qu&#039;est-ce que le Shiba Inu (SHIB) ? Comment \u00e7a marche et o\u00f9 l&#039;acheter ?\">SHIB<\/a> est particuli\u00e8rement vuln\u00e9rable aux fluctuations importantes et soudaines des prix, ce qui la rend \u00e0 la fois potentiellement rentable et risqu\u00e9e.<\/span><\/p>\n<p><span style=\"font-weight: 400;\">Vous pouvez acheter SHIB sur plusieurs <a href=\"https:\/\/coinkickoff.com\/fr\/crypto-exchanges\/\" data-internallinksmanager029f6b8e52c=\"141\" title=\"21 meilleurs \u00e9changes de crypto-monnaies et applications en 2024\">les \u00e9changes de crypto<\/a>gr\u00e2ce \u00e0 sa popularit\u00e9. Dans ce guide, nous allons vous expliquer comment acheter Shiba Inu sur <a href=\"https:\/\/coinkickoff.com\/fr\/kraken-review\/\">Kraken<\/a>une bourse d'\u00e9change pour v\u00e9t\u00e9rans bas\u00e9e aux \u00c9tats-Unis et connue pour ses normes de s\u00e9curit\u00e9 \u00e9lev\u00e9es.<\/span><\/p>\n<h2><span class=\"ez-toc-section\" id=\"A_Step-By-Step_Guide_on_How_to_Buy_Shiba_Inu_on_Kraken\"><\/span><span style=\"font-weight: 400;\">Un guide \u00e9tape par \u00e9tape sur la fa\u00e7on d'acheter Shiba Inu sur Kraken<\/span><span class=\"ez-toc-section-end\"><\/span><\/h2>\n<h3><span class=\"ez-toc-section\" id=\"1_Register_an_Account_on_Kraken\"><\/span><span style=\"font-weight: 400;\">1. Ouvrir un compte sur Kraken<\/span><span class=\"ez-toc-section-end\"><\/span><\/h3>\n<p><img loading=\"lazy\" decoding=\"async\" class=\"alignnone wp-image-3406 size-full\" src=\"https:\/\/coinkickoff.com\/wp-content\/uploads\/kraken1-e1682502957481.png\" alt=\"comment acheter Dogecoin sur Kraken\" width=\"1339\" height=\"763\" srcset=\"https:\/\/coinkickoff.com\/wp-content\/uploads\/kraken1-e1682502957481.png 1339w, https:\/\/coinkickoff.com\/wp-content\/uploads\/kraken1-e1682502957481-300x171.png 300w, https:\/\/coinkickoff.com\/wp-content\/uploads\/kraken1-e1682502957481-1024x584.png 1024w, https:\/\/coinkickoff.com\/wp-content\/uploads\/kraken1-e1682502957481-768x438.png 768w, https:\/\/coinkickoff.com\/wp-content\/uploads\/kraken1-e1682502957481-18x10.png 18w\" sizes=\"auto, (max-width: 1339px) 100vw, 1339px\" \/><\/p>\n<p><span style=\"font-weight: 400;\">Commen\u00e7ons par le commencement : Allez sur le site <a href=\"https:\/\/coinkickoff.com\/fr\/kraken-review\/\" data-internallinksmanager029f6b8e52c=\"171\" title=\"Critiques de Kraken 2023 : Frais, caract\u00e9ristiques, s\u00e9curit\u00e9, avantages et inconv\u00e9nients.\">Kraken<\/a>et cr\u00e9ez un compte. Remplissez le formulaire d'inscription en saisissant toutes les informations n\u00e9cessaires. Veillez \u00e0 saisir une adresse \u00e9lectronique valide : Kraken l'utilisera pour vous envoyer un lien d'activation.<\/span><\/p>\n<h3><span class=\"ez-toc-section\" id=\"2_Verify_Your_Account\"><\/span><span style=\"font-weight: 400;\">2. V\u00e9rifier votre compte<\/span><span class=\"ez-toc-section-end\"><\/span><\/h3>\n<p><span style=\"font-weight: 400;\">Une fois que vous vous \u00eates connect\u00e9, il est temps de proc\u00e9der \u00e0 la v\u00e9rification de votre identit\u00e9. Kraken est tr\u00e8s strict en mati\u00e8re de v\u00e9rification d'identit\u00e9, vous ne pouvez donc pas sauter cette \u00e9tape. En fait, d\u00e8s que vous essayez de cliquer sur l'onglet \"Buy Crypto\" en haut du tableau de bord, vous \u00eates invit\u00e9 \u00e0 v\u00e9rifier votre identit\u00e9.<\/span><\/p>\n<p><img loading=\"lazy\" decoding=\"async\" class=\"alignnone wp-image-3407 size-full\" src=\"https:\/\/coinkickoff.com\/wp-content\/uploads\/kraken2-e1686524781685.png\" alt=\"avertissement de v\u00e9rification du kraken\" width=\"1360\" height=\"791\" srcset=\"https:\/\/coinkickoff.com\/wp-content\/uploads\/kraken2-e1686524781685.png 1360w, https:\/\/coinkickoff.com\/wp-content\/uploads\/kraken2-e1686524781685-300x174.png 300w, https:\/\/coinkickoff.com\/wp-content\/uploads\/kraken2-e1686524781685-1024x596.png 1024w, https:\/\/coinkickoff.com\/wp-content\/uploads\/kraken2-e1686524781685-768x447.png 768w, https:\/\/coinkickoff.com\/wp-content\/uploads\/kraken2-e1686524781685-18x10.png 18w\" sizes=\"auto, (max-width: 1360px) 100vw, 1360px\" \/><\/p>\n<p><span style=\"font-weight: 400;\">Le syst\u00e8me de v\u00e9rification de Kraken est assez classique : vous devez saisir votre nom, votre adresse et vos coordonn\u00e9es personnelles et t\u00e9l\u00e9charger des documents d'identit\u00e9.<\/span><\/p>\n<p><img loading=\"lazy\" decoding=\"async\" class=\"alignnone wp-image-3408 size-full\" src=\"https:\/\/coinkickoff.com\/wp-content\/uploads\/kraken3-e1682503223180.png\" alt=\"\" width=\"1375\" height=\"777\" srcset=\"https:\/\/coinkickoff.com\/wp-content\/uploads\/kraken3-e1682503223180.png 1375w, https:\/\/coinkickoff.com\/wp-content\/uploads\/kraken3-e1682503223180-300x170.png 300w, https:\/\/coinkickoff.com\/wp-content\/uploads\/kraken3-e1682503223180-1024x579.png 1024w, https:\/\/coinkickoff.com\/wp-content\/uploads\/kraken3-e1682503223180-768x434.png 768w, https:\/\/coinkickoff.com\/wp-content\/uploads\/kraken3-e1682503223180-18x10.png 18w, https:\/\/coinkickoff.com\/wp-content\/uploads\/kraken3-e1682503223180-600x338.png 600w\" sizes=\"auto, (max-width: 1375px) 100vw, 1375px\" \/><\/p>\n<p><span style=\"font-weight: 400;\">Saisissez toutes les informations n\u00e9cessaires et cliquez sur \"Continuer\". T\u00e9l\u00e9chargez les documents n\u00e9cessaires lorsque vous y \u00eates invit\u00e9. Vous pouvez terminer le processus en quelques minutes.\u00a0<\/span><\/p>\n<h3><span class=\"ez-toc-section\" id=\"3_Enable_2FA\"><\/span><span style=\"font-weight: 400;\">3. Activer 2FA<\/span><span class=\"ez-toc-section-end\"><\/span><\/h3>\n<p><span style=\"font-weight: 400;\">Une fois que vous \u00eates un utilisateur v\u00e9rifi\u00e9, vous pouvez d\u00e9poser des fonds sur Kraken. Toutefois, il est conseill\u00e9 d'activer l'authentification \u00e0 deux facteurs (2FA) avant de d\u00e9poser des fonds sur votre compte. L'authentification \u00e0 deux facteurs r\u00e9duit les risques de vol de votre compte (et de vos fonds).<\/span><\/p>\n<p><span style=\"font-weight: 400;\">Cliquez sur votre nom d'utilisateur affich\u00e9 dans le coin sup\u00e9rieur droit de l'\u00e9cran et acc\u00e9dez aux param\u00e8tres 2FA.<\/span><\/p>\n<p><img loading=\"lazy\" decoding=\"async\" class=\"alignnone wp-image-3409 size-full\" src=\"https:\/\/coinkickoff.com\/wp-content\/uploads\/kraken4-e1682503267822.png\" alt=\"\" width=\"1360\" height=\"795\" srcset=\"https:\/\/coinkickoff.com\/wp-content\/uploads\/kraken4-e1682503267822.png 1360w, https:\/\/coinkickoff.com\/wp-content\/uploads\/kraken4-e1682503267822-300x175.png 300w, https:\/\/coinkickoff.com\/wp-content\/uploads\/kraken4-e1682503267822-1024x599.png 1024w, https:\/\/coinkickoff.com\/wp-content\/uploads\/kraken4-e1682503267822-768x449.png 768w, https:\/\/coinkickoff.com\/wp-content\/uploads\/kraken4-e1682503267822-18x12.png 18w\" sizes=\"auto, (max-width: 1360px) 100vw, 1360px\" \/><\/p>\n<p><span style=\"font-weight: 400;\">Vous devez activer l'option 2FA pour vous connecter \u00e0 votre compte, mais vous pouvez \u00e9galement l'activer pour d'autres op\u00e9rations telles que les transactions et le financement. Pour commencer, cliquez sur le bouton \"Activer maintenant\".<\/span><\/p>\n<p><span style=\"font-weight: 400;\"><img loading=\"lazy\" decoding=\"async\" class=\"alignnone wp-image-3405 size-full\" src=\"https:\/\/coinkickoff.com\/wp-content\/uploads\/kraken-5-e1682503294785.png\" alt=\"\" width=\"1357\" height=\"770\" srcset=\"https:\/\/coinkickoff.com\/wp-content\/uploads\/kraken-5-e1682503294785.png 1357w, https:\/\/coinkickoff.com\/wp-content\/uploads\/kraken-5-e1682503294785-300x170.png 300w, https:\/\/coinkickoff.com\/wp-content\/uploads\/kraken-5-e1682503294785-1024x581.png 1024w, https:\/\/coinkickoff.com\/wp-content\/uploads\/kraken-5-e1682503294785-768x436.png 768w, https:\/\/coinkickoff.com\/wp-content\/uploads\/kraken-5-e1682503294785-18x10.png 18w\" sizes=\"auto, (max-width: 1357px) 100vw, 1357px\" \/><\/span><\/p>\n<p><span style=\"font-weight: 400;\">Le site web de Kraken explique en d\u00e9tail le fonctionnement du 2FA et donne des instructions sur la mani\u00e8re de proc\u00e9der. En gros, il vous suffit de t\u00e9l\u00e9charger l'application Google Authenticator et de l'utiliser pour scanner le code QR que Kraken g\u00e9n\u00e8re pour vous. L'application vous donnera un code d'authentification pour confirmer votre s\u00e9curit\u00e9. Saisissez le code \u00e0 partir de l'application et cliquez sur \"Confirmer\".<\/span><\/p>\n<p><img loading=\"lazy\" decoding=\"async\" class=\"alignnone wp-image-3410 size-full\" src=\"https:\/\/coinkickoff.com\/wp-content\/uploads\/kraken6-e1682503322525.png\" alt=\"\" width=\"1357\" height=\"791\" \/><\/p>\n<p><span style=\"font-weight: 400;\">Vous utiliserez l'application Google Authenticator chaque fois que vous vous connecterez \u00e0 votre compte.\u00a0<\/span><\/p>\n<h3><span class=\"ez-toc-section\" id=\"4_Add_an_Instant_Payment_Method\"><\/span><span style=\"font-weight: 400;\">4. Ajouter une m\u00e9thode de paiement instantan\u00e9<\/span><span class=\"ez-toc-section-end\"><\/span><\/h3>\n<p><span style=\"font-weight: 400;\">Le moyen le plus rapide d'acheter Shiba Inu (ou toute autre crypto-monnaie) sur Kraken est d'ajouter une m\u00e9thode de paiement instantan\u00e9e \u00e0 votre compte. Vous pouvez lier des cartes de cr\u00e9dit et de d\u00e9bit ou votre compte bancaire en ligne \u00e0 l'\u00e9change.<\/span><\/p>\n<p><span style=\"font-weight: 400;\">Cliquez sur l'onglet \"Acheter du crypto\" pour lier une carte \u00e0 votre compte. Vous serez redirig\u00e9 vers la page des m\u00e9thodes d'achat de crypto-monnaie, o\u00f9 vous pourrez ajouter une m\u00e9thode de paiement.<\/span><\/p>\n<p><img loading=\"lazy\" decoding=\"async\" class=\"alignnone wp-image-3412 size-full\" src=\"https:\/\/coinkickoff.com\/wp-content\/uploads\/kraken8-e1682503364155.png\" alt=\"comment acheter Shiba Inu sur Kraken\" width=\"1206\" height=\"781\" srcset=\"https:\/\/coinkickoff.com\/wp-content\/uploads\/kraken8-e1682503364155.png 1206w, https:\/\/coinkickoff.com\/wp-content\/uploads\/kraken8-e1682503364155-300x194.png 300w, https:\/\/coinkickoff.com\/wp-content\/uploads\/kraken8-e1682503364155-1024x663.png 1024w, https:\/\/coinkickoff.com\/wp-content\/uploads\/kraken8-e1682503364155-768x497.png 768w, https:\/\/coinkickoff.com\/wp-content\/uploads\/kraken8-e1682503364155-18x12.png 18w\" sizes=\"auto, (max-width: 1206px) 100vw, 1206px\" \/><\/p>\n<p><span style=\"font-weight: 400;\">Cliquez sur \"Ajouter des modes de paiement\". <\/span><\/p>\n<p><img loading=\"lazy\" decoding=\"async\" class=\"alignnone wp-image-3413 size-full\" src=\"https:\/\/coinkickoff.com\/wp-content\/uploads\/kraken9-e1682503407337.png\" alt=\"\" width=\"1196\" height=\"776\" srcset=\"https:\/\/coinkickoff.com\/wp-content\/uploads\/kraken9-e1682503407337.png 1196w, https:\/\/coinkickoff.com\/wp-content\/uploads\/kraken9-e1682503407337-300x195.png 300w, https:\/\/coinkickoff.com\/wp-content\/uploads\/kraken9-e1682503407337-1024x664.png 1024w, https:\/\/coinkickoff.com\/wp-content\/uploads\/kraken9-e1682503407337-768x498.png 768w, https:\/\/coinkickoff.com\/wp-content\/uploads\/kraken9-e1682503407337-18x12.png 18w\" sizes=\"auto, (max-width: 1196px) 100vw, 1196px\" \/><\/p>\n<p><span style=\"font-weight: 400;\">Vous pouvez ajouter une carte de d\u00e9bit ou de cr\u00e9dit en saisissant simplement les informations relatives \u00e0 votre carte. Vous pouvez \u00e9galement d\u00e9poser des esp\u00e8ces par l'interm\u00e9diaire de la banque en ligne, bien que cette m\u00e9thode ne soit pas aussi rapide que la premi\u00e8re option.<\/span><\/p>\n<h3><span class=\"ez-toc-section\" id=\"4_Navigate_to_the_Relevant_Screen_to_Buy\"><\/span><span style=\"font-weight: 400;\">4. Naviguez jusqu'\u00e0 l'\u00e9cran appropri\u00e9 pour acheter<\/span><span class=\"ez-toc-section-end\"><\/span><\/h3>\n<p><span style=\"font-weight: 400;\">Une fois que vous avez ajout\u00e9 une m\u00e9thode de paiement \u00e0 votre compte Kraken, l'achat de SHIB est tr\u00e8s facile. Sur la page \"Buy Crypto\", cliquez sur \"Buy\".<\/span><\/p>\n<p><span style=\"font-weight: 400;\">Vous pouvez voir les actifs propos\u00e9s dans le menu d\u00e9roulant. S\u00e9lectionnez Shiba Inu dans la liste (vous pouvez le trouver sous le nom de SHIB). Saisissez le montant que vous souhaitez d\u00e9penser sur Shib, s\u00e9lectionnez votre m\u00e9thode de paiement et cliquez sur confirmer.<\/span><\/p>\n<p><span style=\"font-weight: 400;\">Bien que cette option soit tr\u00e8s rapide, les achats par carte de cr\u00e9dit et de d\u00e9bit via le widget d'achat facile peuvent \u00eatre tr\u00e8s co\u00fbteux. Si vous ne voulez pas payer des frais \u00e9lev\u00e9s pour acheter Shiba Inu, vous pouvez utiliser la deuxi\u00e8me m\u00e9thode que nous d\u00e9crivons ci-dessous.<\/span><\/p>\n<p><span style=\"font-weight: 400;\">Vous pouvez \u00e9changer certaines devises fiduciaires, dont le USD, contre Shiba Inu sur Kraken. Attention, vous devez d\u00e9poser des fonds sur votre compte pour profiter des frais r\u00e9duits de Kraken. Vous ne pouvez pas utiliser de cartes de d\u00e9bit ou de cr\u00e9dit pour effectuer des transactions sur Kraken.<\/span><\/p>\n<p><span style=\"font-weight: 400;\">Il y a deux fa\u00e7ons de convertir votre USD en Shiba Inu sur Kraken : Vous pouvez utiliser <\/span><a href=\"https:\/\/kraken.pxf.io\/B0Rny4convert\/shib\/usd\" target=\"_blank\" rel=\"noopener\"><span style=\"font-weight: 400;\">L'auto-convertisseur de Kraken<\/span><\/a><span style=\"font-weight: 400;\"> ou ex\u00e9cuter une transaction en pla\u00e7ant un ordre pour Shiba Inu.<\/span><\/p>\n<p><span style=\"font-weight: 400;\">L'auto-convertisseur est le moyen le plus simple pour \u00e9changer USD contre Kraken, mais si vous souhaitez d\u00e9terminer votre propre prix, il est pr\u00e9f\u00e9rable de passer un ordre.<\/span><\/p>\n<p><span style=\"font-weight: 400;\">Si vous souhaitez placer un ordre, allez dans votre onglet \"Trade\" et cliquez sur \"New Order\". Choisissez la paire de devises USD\/SHIB.<\/span><\/p>\n<p><span style=\"font-weight: 400;\">Le formulaire de commande peut sembler confus, mais il est tr\u00e8s simple : Il vous suffit d'indiquer le montant que vous souhaitez d\u00e9penser. Vous pouvez accepter le prix du march\u00e9 pour SHIB ou fixer votre propre prix. Si vous fixez un prix trop bas, l'ex\u00e9cution de votre commande risque de prendre un certain temps.<\/span><\/p>\n<p><span style=\"font-weight: 400;\">F\u00e9licitations ! Vous savez maintenant comment acheter Shiba Inu sur Kraken.<\/span><\/p>","protected":false},"excerpt":{"rendered":"<p>Comment acheter Shiba Inu sur la bourse Kraken Comme la plupart des crypto-monnaies, Shiba Inu (SHIB) est un actif sp\u00e9culatif : son prix peut augmenter et diminuer en fonction des caprices des c\u00e9l\u00e9brit\u00e9s, des sp\u00e9cialistes du marketing et m\u00eame des commentateurs de Reddit. En tant que m\u00e8me coin sans cas d'utilisation, le SHIB est particuli\u00e8rement vuln\u00e9rable aux \u00e9normes et soudaines fluctuations de prix, ce qui le rend [...]<\/p>","protected":false},"author":3,"featured_media":0,"parent":3709,"menu_order":0,"comment_status":"closed","ping_status":"closed","template":"","meta":{"_genesis_hide_title":false,"_genesis_hide_breadcrumbs":false,"_genesis_hide_singular_image":false,"_genesis_hide_footer_widgets":false,"_genesis_custom_body_class":"","_genesis_custom_post_class":"","_genesis_layout":"","_glsr_average":0,"_glsr_ranking":0,"_glsr_reviews":0,"footnotes":""},"class_list":{"0":"post-3877","1":"page","2":"type-page","3":"status-publish","5":"entry"},"featured_image_src":null,"featured_image_src_square":null,"_links":{"self":[{"href":"https:\/\/coinkickoff.com\/fr\/wp-json\/wp\/v2\/pages\/3877","targetHints":{"allow":["GET"]}}],"collection":[{"href":"https:\/\/coinkickoff.com\/fr\/wp-json\/wp\/v2\/pages"}],"about":[{"href":"https:\/\/coinkickoff.com\/fr\/wp-json\/wp\/v2\/types\/page"}],"author":[{"embeddable":true,"href":"https:\/\/coinkickoff.com\/fr\/wp-json\/wp\/v2\/users\/3"}],"replies":[{"embeddable":true,"href":"https:\/\/coinkickoff.com\/fr\/wp-json\/wp\/v2\/comments?post=3877"}],"version-history":[{"count":3,"href":"https:\/\/coinkickoff.com\/fr\/wp-json\/wp\/v2\/pages\/3877\/revisions"}],"predecessor-version":[{"id":3880,"href":"https:\/\/coinkickoff.com\/fr\/wp-json\/wp\/v2\/pages\/3877\/revisions\/3880"}],"up":[{"embeddable":true,"href":"https:\/\/coinkickoff.com\/fr\/wp-json\/wp\/v2\/pages\/3709"}],"wp:attachment":[{"href":"https:\/\/coinkickoff.com\/fr\/wp-json\/wp\/v2\/media?parent=3877"}],"curies":[{"name":"wp","href":"https:\/\/api.w.org\/{rel}","templated":true}]}}