{"id":3709,"date":"2026-01-08T14:06:54","date_gmt":"2026-01-08T14:06:54","guid":{"rendered":"https:\/\/coinkickoff.com\/?page_id=3709"},"modified":"2026-01-08T14:06:54","modified_gmt":"2026-01-08T14:06:54","slug":"how-to-buy-shiba-inu","status":"publish","type":"page","link":"https:\/\/coinkickoff.com\/fr\/how-to-buy-shiba-inu\/","title":{"rendered":"Comment acheter Shiba Inu (SHIB)"},"content":{"rendered":"<div id=\"ez-toc-container\" class=\"ez-toc-v2_0_80 counter-hierarchy ez-toc-counter ez-toc-transparent ez-toc-container-direction\">\n<div class=\"ez-toc-title-container\">\n<p class=\"ez-toc-title\" style=\"cursor:inherit\">Sections<\/p>\n<span class=\"ez-toc-title-toggle\"><a href=\"#\" class=\"ez-toc-pull-right ez-toc-btn ez-toc-btn-xs ez-toc-btn-default ez-toc-toggle\" aria-label=\"Toggle Table des mati\u00e8res\"><span class=\"ez-toc-js-icon-con\"><span class=\"\"><span class=\"eztoc-hide\" style=\"display:none;\">Toggle<\/span><span class=\"ez-toc-icon-toggle-span\"><svg style=\"fill: #999;color:#999\" xmlns=\"http:\/\/www.w3.org\/2000\/svg\" class=\"list-377408\" width=\"20px\" height=\"20px\" viewbox=\"0 0 24 24\" fill=\"none\"><path d=\"M6 6H4v2h2V6zm14 0H8v2h12V6zM4 11h2v2H4v-2zm16 0H8v2h12v-2zM4 16h2v2H4v-2zm16 0H8v2h12v-2z\" fill=\"currentColor\"><\/path><\/svg><svg style=\"fill: #999;color:#999\" class=\"arrow-unsorted-368013\" xmlns=\"http:\/\/www.w3.org\/2000\/svg\" width=\"10px\" height=\"10px\" viewbox=\"0 0 24 24\" version=\"1.2\" baseprofile=\"tiny\"><path d=\"M18.2 9.3l-6.2-6.3-6.2 6.3c-.2.2-.3.4-.3.7s.1.5.3.7c.2.2.4.3.7.3h11c.3 0 .5-.1.7-.3.2-.2.3-.5.3-.7s-.1-.5-.3-.7zM5.8 14.7l6.2 6.3 6.2-6.3c.2-.2.3-.5.3-.7s-.1-.5-.3-.7c-.2-.2-.4-.3-.7-.3h-11c-.3 0-.5.1-.7.3-.2.2-.3.5-.3.7s.1.5.3.7z\"\/><\/svg><\/span><\/span><\/span><\/a><\/span><\/div>\n<nav><ul class='ez-toc-list ez-toc-list-level-1 eztoc-toggle-hide-by-default' ><li class='ez-toc-page-1 ez-toc-heading-level-2'><a class=\"ez-toc-link ez-toc-heading-1\" href=\"https:\/\/coinkickoff.com\/fr\/how-to-buy-shiba-inu\/#How_to_Buy_Shiba_Inu\" >Comment acheter Shiba Inu<\/a><\/li><li class='ez-toc-page-1 ez-toc-heading-level-2'><a class=\"ez-toc-link ez-toc-heading-2\" href=\"https:\/\/coinkickoff.com\/fr\/how-to-buy-shiba-inu\/#What_Is_Shiba_Inu\" >Qu'est-ce que Shiba Inu ?<\/a><\/li><li class='ez-toc-page-1 ez-toc-heading-level-2'><a class=\"ez-toc-link ez-toc-heading-3\" href=\"https:\/\/coinkickoff.com\/fr\/how-to-buy-shiba-inu\/#Where_Can_I_Buy_Shiba_Inu\" >O\u00f9 puis-je acheter Shiba Inu ?<\/a><\/li><li class='ez-toc-page-1 ez-toc-heading-level-2'><a class=\"ez-toc-link ez-toc-heading-4\" href=\"https:\/\/coinkickoff.com\/fr\/how-to-buy-shiba-inu\/#How_to_Buy_Shiba_Inu-2\" >Comment acheter Shiba Inu<\/a><ul class='ez-toc-list-level-3' ><li class='ez-toc-heading-level-3'><a class=\"ez-toc-link ez-toc-heading-5\" href=\"https:\/\/coinkickoff.com\/fr\/how-to-buy-shiba-inu\/#Choose_Your_Exchange\" >Choisissez votre \u00e9change<\/a><\/li><li class='ez-toc-page-1 ez-toc-heading-level-3'><a class=\"ez-toc-link ez-toc-heading-6\" href=\"https:\/\/coinkickoff.com\/fr\/how-to-buy-shiba-inu\/#Store_Your_SHIB\" >Conservez votre SHIB<\/a><ul class='ez-toc-list-level-4' ><li class='ez-toc-heading-level-4'><a class=\"ez-toc-link ez-toc-heading-7\" href=\"https:\/\/coinkickoff.com\/fr\/how-to-buy-shiba-inu\/#Exchange_Wallet\" >Portefeuille d'\u00e9change<\/a><\/li><li class='ez-toc-page-1 ez-toc-heading-level-4'><a class=\"ez-toc-link ez-toc-heading-8\" href=\"https:\/\/coinkickoff.com\/fr\/how-to-buy-shiba-inu\/#Self-Custody_Hot_Wallets\" >Portefeuilles chauds d'autod\u00e9tention<\/a><\/li><li class='ez-toc-page-1 ez-toc-heading-level-4'><a class=\"ez-toc-link ez-toc-heading-9\" href=\"https:\/\/coinkickoff.com\/fr\/how-to-buy-shiba-inu\/#Cold_Wallets\" >Portefeuilles froids<\/a><\/li><\/ul><\/li><\/ul><\/li><\/ul><\/nav><\/div>\n<h2><span class=\"ez-toc-section\" id=\"How_to_Buy_Shiba_Inu\"><\/span><span style=\"font-weight: 400;\">Comment acheter Shiba Inu<\/span><span class=\"ez-toc-section-end\"><\/span><\/h2>\n<p><img loading=\"lazy\" decoding=\"async\" class=\"alignnone wp-image-168 size-full\" src=\"https:\/\/coinkickoff.com\/wp-content\/uploads\/2022\/06\/Shiba-Inu-SHIB.jpg\" alt=\"comment acheter un shiba inu\" width=\"1000\" height=\"1000\" srcset=\"https:\/\/coinkickoff.com\/wp-content\/uploads\/2022\/06\/Shiba-Inu-SHIB.jpg 1000w, https:\/\/coinkickoff.com\/wp-content\/uploads\/2022\/06\/Shiba-Inu-SHIB-300x300.jpg 300w, https:\/\/coinkickoff.com\/wp-content\/uploads\/2022\/06\/Shiba-Inu-SHIB-150x150.jpg 150w, https:\/\/coinkickoff.com\/wp-content\/uploads\/2022\/06\/Shiba-Inu-SHIB-768x768.jpg 768w, https:\/\/coinkickoff.com\/wp-content\/uploads\/2022\/06\/Shiba-Inu-SHIB-12x12.jpg 12w, https:\/\/coinkickoff.com\/wp-content\/uploads\/2022\/06\/Shiba-Inu-SHIB-80x80.jpg 80w, https:\/\/coinkickoff.com\/wp-content\/uploads\/2022\/06\/Shiba-Inu-SHIB-600x600.jpg 600w\" sizes=\"auto, (max-width: 1000px) 100vw, 1000px\" \/><\/p>\n<p><span style=\"font-weight: 400;\">\u00cates-vous int\u00e9ress\u00e9 par l'achat de <a href=\"https:\/\/coinkickoff.com\/fr\/shiba-inu-shib\/\" data-internallinksmanager029f6b8e52c=\"16\" title=\"Qu&#039;est-ce que le Shiba Inu (SHIB) ? Comment \u00e7a marche et o\u00f9 l&#039;acheter ?\">Shiba Inu<\/a> mais vous ne savez pas par o\u00f9 commencer ? Vous \u00eates au bon endroit. Voici tout ce que vous devez savoir sur l'achat de Shiba Inu.\u00a0<\/span><\/p>\n<h2><span class=\"ez-toc-section\" id=\"What_Is_Shiba_Inu\"><\/span><span style=\"font-weight: 400;\">Qu'est-ce que Shiba Inu ?<\/span><span class=\"ez-toc-section-end\"><\/span><\/h2>\n<p><span style=\"font-weight: 400;\">Shiba Inu token (SHIB) a \u00e9t\u00e9 cr\u00e9\u00e9 en ao\u00fbt 2020 en tant que m\u00e8me coin par un d\u00e9veloppeur pseudo-anonyme appel\u00e9 \"Ryoshi\". Le coin est devenu populaire apr\u00e8s que \"Ryoshi\" a envoy\u00e9 la moiti\u00e9 de l'offre totale au site Web de l'entreprise. <a href=\"https:\/\/coinkickoff.com\/fr\/ethereum-eth\/\" data-internallinksmanager029f6b8e52c=\"2\" title=\"Qu&#039;est-ce que Ethereum (ETH) ? Prix, historique et o\u00f9 acheter\">Ethereum<\/a> Vitalik Buterin, comme moyen de commercialiser le coin aupr\u00e8s du grand public. Buterin a br\u00fbl\u00e9 <\/span><a href=\"https:\/\/www.coindesk.com\/markets\/2021\/05\/17\/vitalik-buterin-burns-6b-in-shib-tokens-says-he-doesnt-want-the-power\/\" target=\"_blank\" rel=\"noopener\"><span style=\"font-weight: 400;\">90% de l'approvisionnement et a fait don des 10% restants \u00e0 une organisation caritative.<\/span><\/a><span style=\"font-weight: 400;\"> en Inde pendant la pand\u00e9mie de Covid-19.<\/span><\/p>\n<p><img loading=\"lazy\" decoding=\"async\" class=\"alignnone wp-image-3712 size-full\" src=\"https:\/\/coinkickoff.com\/wp-content\/uploads\/Screen-Shot-2023-05-24-at-2.12.50-PM-e1684926889358.png\" alt=\"\" width=\"759\" height=\"629\" srcset=\"https:\/\/coinkickoff.com\/wp-content\/uploads\/Screen-Shot-2023-05-24-at-2.12.50-PM-e1684926889358.png 759w, https:\/\/coinkickoff.com\/wp-content\/uploads\/Screen-Shot-2023-05-24-at-2.12.50-PM-e1684926889358-300x249.png 300w, https:\/\/coinkickoff.com\/wp-content\/uploads\/Screen-Shot-2023-05-24-at-2.12.50-PM-e1684926889358-14x12.png 14w\" sizes=\"auto, (max-width: 759px) 100vw, 759px\" \/><\/p>\n<p><span style=\"font-weight: 400;\">Shiba Inu ressemble beaucoup \u00e0 son m\u00e8me rival token <a href=\"https:\/\/coinkickoff.com\/fr\/dogecoin-doge\/\" data-internallinksmanager029f6b8e52c=\"14\" title=\"Qu&#039;est-ce que Dogecoin (DOGE) ? Comment \u00e7a marche et o\u00f9 l&#039;acheter ?\">Dogecoin<\/a>Les deux projets utilisent l'image du chien Shiba Inu (qui a inspir\u00e9 le m\u00e8me Doge) et sont essentiellement consid\u00e9r\u00e9s comme des blagues coins. SHIB a \u00e9t\u00e9 surnomm\u00e9 \"DOGEKILLER\" par l'\u00e9quipe de cr\u00e9ateurs et la communaut\u00e9 Shiba Inu, car le projet vise \u00e0 d\u00e9passer la popularit\u00e9 de DOGE.<\/span><\/p>\n<p><img loading=\"lazy\" decoding=\"async\" class=\"alignnone wp-image-3711 size-full\" src=\"https:\/\/coinkickoff.com\/wp-content\/uploads\/elon-musk-shiba.png\" alt=\"\" width=\"447\" height=\"794\" srcset=\"https:\/\/coinkickoff.com\/wp-content\/uploads\/elon-musk-shiba.png 447w, https:\/\/coinkickoff.com\/wp-content\/uploads\/elon-musk-shiba-169x300.png 169w, https:\/\/coinkickoff.com\/wp-content\/uploads\/elon-musk-shiba-7x12.png 7w\" sizes=\"auto, (max-width: 447px) 100vw, 447px\" \/><\/p>\n<p><span style=\"font-weight: 400;\">Un peu comme Dogecoin, <\/span><b>Shiba Inu n'a pas vraiment de cas d'utilisation<\/b><span style=\"font-weight: 400;\">. Sa popularit\u00e9 est principalement due \u00e0 la culture Internet et \u00e0 la sp\u00e9culation. En 2021, le prix du coin a \u00e9t\u00e9 multipli\u00e9 par 10 apr\u00e8s que le <\/span><a href=\"https:\/\/www.news.com.au\/finance\/markets\/world-markets\/shib-coin-why-shiba-inu-price-is-surging\/news-story\/a1bb8332cda46430f3093582e62ade73\" target=\"_blank\" rel=\"noopener\"><span style=\"font-weight: 400;\">Elon Musk a tweet\u00e9 <\/span><\/a><span style=\"font-weight: 400;\">une photo de son propre chien de race Shiba Inu, bien que le prix token soit retomb\u00e9 \u00e0 ses niveaux ant\u00e9rieurs par la suite.<\/span><\/p>\n<p><img loading=\"lazy\" decoding=\"async\" class=\"alignnone wp-image-3710 size-full\" src=\"https:\/\/coinkickoff.com\/wp-content\/uploads\/shiba-inu-price-e1684926920831.png\" alt=\"\" width=\"766\" height=\"500\" srcset=\"https:\/\/coinkickoff.com\/wp-content\/uploads\/shiba-inu-price-e1684926920831.png 766w, https:\/\/coinkickoff.com\/wp-content\/uploads\/shiba-inu-price-e1684926920831-300x196.png 300w, https:\/\/coinkickoff.com\/wp-content\/uploads\/shiba-inu-price-e1684926920831-18x12.png 18w\" sizes=\"auto, (max-width: 766px) 100vw, 766px\" \/><\/p>\n<p><span style=\"font-weight: 400;\">Dans l'ensemble, les m\u00e8mes coins comme Shiba Inu et Dogecoin peuvent \u00eatre consid\u00e9r\u00e9s comme des pump-and-dump coins parce qu'ils manquent d'utilit\u00e9. Les gens les ach\u00e8tent souvent dans l'espoir de se d\u00e9barrasser de leurs actifs lors d'une augmentation soudaine des prix.<\/span><\/p>\n<p><span style=\"font-weight: 400;\">N\u00e9anmoins, comme le DOGE, le Shiba Inu est incroyablement bon march\u00e9 et tr\u00e8s populaire. Vous pouvez facilement acheter une grande quantit\u00e9 de SH\u0130B avec une centaine de dollars. Dans l'ensemble, leur facilit\u00e9 d'acc\u00e8s, leur grande visibilit\u00e9 et la volatilit\u00e9 de leur prix rendent ces coins attrayants pour ceux qui n'h\u00e9sitent pas \u00e0 faire des investissements risqu\u00e9s dans l'espoir de r\u00e9aliser des profits \u00e9lev\u00e9s.\u00a0<\/span><\/p>\n<h2><span class=\"ez-toc-section\" id=\"Where_Can_I_Buy_Shiba_Inu\"><\/span><span style=\"font-weight: 400;\">O\u00f9 puis-je acheter Shiba Inu ?<\/span><span class=\"ez-toc-section-end\"><\/span><\/h2>\n<p><a href=\"https:\/\/coinmarketcap.com\/currencies\/shiba-inu\/\" target=\"_blank\" rel=\"noopener\"><span style=\"font-weight: 400;\">SHIB est le 14e plus grand crypto<\/span><\/a><span style=\"font-weight: 400;\"> par la capitalisation boursi\u00e8re, de sorte que presque toutes les bourses populaires vous permettent de l'\u00e9changer.<\/span><\/p>\n<p><span style=\"font-weight: 400;\">Vous pouvez acheter du SHIB avec des devises fiduciaires aupr\u00e8s de banques centrales. <a href=\"https:\/\/coinkickoff.com\/fr\/crypto-exchanges\/\" data-internallinksmanager029f6b8e52c=\"141\" title=\"21 meilleurs \u00e9changes de crypto-monnaies et applications en 2024\">les \u00e9changes de crypto<\/a> comme <\/span><a href=\"https:\/\/coinkickoff.com\/fr\/binance-review\/\"><span style=\"font-weight: 400;\">Binance<\/span><\/a><span style=\"font-weight: 400;\">, <\/span><a href=\"https:\/\/coinkickoff.com\/fr\/kraken-review\/\"><span style=\"font-weight: 400;\">Kraken<\/span><\/a><span style=\"font-weight: 400;\">, <\/span><a href=\"https:\/\/coinkickoff.com\/fr\/coinbase-review\/\"><span style=\"font-weight: 400;\">Coinbase<\/span><\/a><span style=\"font-weight: 400;\">, <\/span><a href=\"https:\/\/www.kucoin.com\/r\/af\/rMJPV3B\" target=\"_blank\" rel=\"noopener\"><span style=\"font-weight: 400;\">Kucoin<\/span><\/a><span style=\"font-weight: 400;\">, <\/span><a href=\"https:\/\/www.bitfinex.com\/sign-up?refcode=kjCYk-CZD\" target=\"_blank\" rel=\"noopener\"><span style=\"font-weight: 400;\">Bitfinex<\/span><\/a><span style=\"font-weight: 400;\">et <\/span><a href=\"https:\/\/www.okx.com\/join\/65358827\" target=\"_blank\" rel=\"noopener\"><span style=\"font-weight: 400;\">OKX<\/span><\/a><span style=\"font-weight: 400;\">.<\/span><\/p>\n<p><span style=\"font-weight: 400;\">Vous pouvez \u00e9galement \u00e9changer SHIB sur des bourses d\u00e9centralis\u00e9es telles que <a href=\"https:\/\/coinkickoff.com\/fr\/uniswap-uni\/\" data-internallinksmanager029f6b8e52c=\"34\" title=\"Qu&#039;est-ce que Uniswap (UNI), comment \u00e7a marche et o\u00f9 l&#039;acheter ?\">Uniswap<\/a> et Sushiswap. Vous ne pouvez pas acheter de crypto-monnaie avec de la monnaie fiduciaire sur ces bourses, mais si vous poss\u00e9dez d\u00e9j\u00e0 des crypto-monnaies, vous pouvez les \u00e9changer contre du SHIB.<\/span><\/p>\n<h2><span class=\"ez-toc-section\" id=\"How_to_Buy_Shiba_Inu-2\"><\/span><span style=\"font-weight: 400;\">Comment acheter Shiba Inu<\/span><span class=\"ez-toc-section-end\"><\/span><\/h2>\n<p><span style=\"font-weight: 400;\">Vous avez donc d\u00e9cid\u00e9 de franchir le pas et d'acheter des Shiba Inu. Parfait, mais vous devez d'abord prendre deux d\u00e9cisions : Tout d'abord, vous devez d\u00e9cider de la bourse que vous souhaitez utiliser pour acheter des coin. Ensuite, vous devez choisir une m\u00e9thode de stockage. Une fois ce choix effectu\u00e9, vous \u00eates pr\u00eat \u00e0 acheter votre SHIB.\u00a0<\/span><\/p>\n<p><span style=\"font-weight: 400;\">Voici une description de chaque \u00e9tape pour faciliter votre achat.<\/span><\/p>\n<h3><span class=\"ez-toc-section\" id=\"Choose_Your_Exchange\"><\/span><span style=\"font-weight: 400;\">Choisissez votre \u00e9change<\/span><span class=\"ez-toc-section-end\"><\/span><\/h3>\n<p><span style=\"font-weight: 400;\">\u00c9tant donn\u00e9 que le Shiba Inu est tr\u00e8s populaire, vous pouvez le trouver sur presque tous les \u00e9changes de crypto-monnaies. Cependant, \u00e9tant donn\u00e9 qu'il existe de nombreux \u00e9changes, il peut \u00eatre difficile de choisir le bon. Ne vous inqui\u00e9tez pas, cependant, car nous avons <\/span><a href=\"https:\/\/coinkickoff.com\/fr\/crypto-exchanges\/\"><span style=\"font-weight: 400;\">un petit guide sur les meilleures bourses de crypto-monnaies<\/span><\/a><span style=\"font-weight: 400;\"> que vous pouvez utiliser.<\/span><\/p>\n<p><span style=\"font-weight: 400;\">Le choix d'une bourse d'\u00e9change doit tenir compte de plusieurs \u00e9l\u00e9ments. Si vous souhaitez investir dans divers altcoins, vous pouvez pr\u00e9f\u00e9rer un \u00e9change de devises. <\/span><b>plus grande plateforme<\/b><span style=\"font-weight: 400;\"> qui propose plusieurs actifs num\u00e9riques, tels que <a href=\"https:\/\/coinkickoff.com\/fr\/binance-review\/\" data-internallinksmanager029f6b8e52c=\"152\" title=\"Binance Examens 2024 : Caract\u00e9ristiques, prix, s\u00e9curit\u00e9, pour et contre\">Binance<\/a> ou <a href=\"https:\/\/coinkickoff.com\/fr\/coinbase-review\/\" data-internallinksmanager029f6b8e52c=\"142\" title=\"Coinbase Examens 2024 : Caract\u00e9ristiques, Prix, S\u00e9curit\u00e9, Avantages et inconv\u00e9nients\">Coinbase<\/a>.\u00a0<\/span><\/p>\n<p><span style=\"font-weight: 400;\">Vous devez \u00e9galement penser \u00e0<\/span><b> frais de change<\/b><span style=\"font-weight: 400;\">. La plupart des bourses proposent deux syst\u00e8mes de tarification distincts : L'un est un bar\u00e8me \u00e9chelonn\u00e9 et donc moins cher pour les transactions professionnelles, l'autre est une fonction d'achat simple qui est plus on\u00e9reuse.\u00a0<\/span><\/p>\n<p><span style=\"font-weight: 400;\">Si vous \u00eates un d\u00e9butant et que vous souhaitez acheter coins facilement, la fonction d'achat facile est votre meilleure option. Lorsque vous comparez les bourses, v\u00e9rifiez leurs frais pour les op\u00e9rations d'achat simple. En g\u00e9n\u00e9ral, les taux varient entre %1 et %5, en fonction de la bourse et de la m\u00e9thode de paiement.<\/span><\/p>\n<h3><span class=\"ez-toc-section\" id=\"Store_Your_SHIB\"><\/span><span style=\"font-weight: 400;\">Conservez votre SHIB<\/span><span class=\"ez-toc-section-end\"><\/span><\/h3>\n<p><span style=\"font-weight: 400;\">Il est conseill\u00e9 de se renseigner sur les portefeuilles de crypto-monnaies avant d'acheter un coins. Le stockage des crypto-monnaies est une affaire s\u00e9rieuse : \u00e9tant donn\u00e9 que les crypto-monnaies n'existent que sur la cha\u00eene, le seul moyen d'acc\u00e9der \u00e0 vos fonds est de passer par votre portefeuille de crypto-monnaies.\u00a0\u00a0<\/span><\/p>\n<p><span style=\"font-weight: 400;\">Il existe deux types principaux de portefeuilles de crypto-monnaie : <\/span><b>portefeuilles chauds et froids<\/b><span style=\"font-weight: 400;\">. Il existe une distinction simple mais importante entre ces deux types de portefeuilles : les \"hot wallets\" sont connect\u00e9s \u00e0 l'internet, tandis que les \"cold wallets\" stockent vos actifs hors ligne.<\/span><\/p>\n<p><span style=\"font-weight: 400;\">Les portefeuilles chauds sont des portefeuilles d'\u00e9change et des portefeuilles logiciels, tandis que les portefeuilles froids sont des portefeuilles papier et des portefeuilles mat\u00e9riels.<\/span><\/p>\n<h4><span class=\"ez-toc-section\" id=\"Exchange_Wallet\"><\/span><span style=\"font-weight: 400;\">Portefeuille d'\u00e9change<\/span><span class=\"ez-toc-section-end\"><\/span><\/h4>\n<p><span style=\"font-weight: 400;\">Les portefeuilles d'\u00e9change sont une solution populaire pour le stockage des crypto-monnaies, simplement parce qu'ils sont tr\u00e8s pratiques. Lorsque vous achetez des crypto-monnaies sur un march\u00e9 centralis\u00e9 comme le <\/span><a href=\"https:\/\/coinkickoff.com\/fr\/coinbase-review\/\"><span style=\"font-weight: 400;\">Coinbase<\/span><\/a><span style=\"font-weight: 400;\"> ou <\/span><a href=\"https:\/\/coinkickoff.com\/fr\/binance-review\/\"><span style=\"font-weight: 400;\">Binance<\/span><\/a><span style=\"font-weight: 400;\">Les coins sont imm\u00e9diatement d\u00e9pos\u00e9s dans un portefeuille h\u00e9berg\u00e9 par la bourse. Cela vous permet de vendre ou d'\u00e9changer vos coins sur la bourse facilement et rapidement.<\/span><\/p>\n<p><span style=\"font-weight: 400;\">L'inconv\u00e9nient des portefeuilles d'\u00e9change est qu'ils ne sont pas suffisamment s\u00e9curis\u00e9s. Comme le portefeuille est h\u00e9berg\u00e9 par la bourse, vous n'avez pas le contr\u00f4le direct de vos fonds. Si la bourse fait faillite ou est pirat\u00e9e, vos fonds peuvent \u00eatre perdus \u00e0 jamais.<\/span><\/p>\n<p><span style=\"font-weight: 400;\">Certaines bourses proposent des syst\u00e8mes de protection limit\u00e9s contre les failles de s\u00e9curit\u00e9, mais l'indemnisation n'est jamais garantie car la d\u00e9cision appartient en dernier ressort aux propri\u00e9taires et aux gestionnaires de la bourse.<\/span><\/p>\n<p><span style=\"font-weight: 400;\">Les amateurs de crypto-monnaies affirment souvent que \"pas vos cl\u00e9s, pas votre coins\" pour mettre en garde les n\u00e9gociants en crypto-monnaies contre les dangers de laisser de grandes quantit\u00e9s de crypto-monnaies dans les portefeuilles d'\u00e9change. Par exemple, lorsque FTX s'est d\u00e9clar\u00e9e en faillite, <\/span><a href=\"https:\/\/www.npr.org\/2022\/11\/17\/1137501882\/ftx-investors-are-unable-to-access-their-money-shaking-crypto-investors-confiden\" target=\"_blank\" rel=\"noopener\"><span style=\"font-weight: 400;\">les utilisateurs n'ont pas pu d\u00e9placer leurs biens<\/span><\/a><span style=\"font-weight: 400;\"> \u00e0 partir des portefeuilles d'\u00e9change parce qu'ils n'avaient pas acc\u00e8s aux cl\u00e9s des portefeuilles d'\u00e9change.<\/span><\/p>\n<p><span style=\"font-weight: 400;\">Si vous ne vous sentez pas \u00e0 l'aise \u00e0 l'id\u00e9e de laisser vos actifs dans un portefeuille d'\u00e9change, envisagez de les transf\u00e9rer dans un portefeuille de garde.<\/span><\/p>\n<h4><span class=\"ez-toc-section\" id=\"Self-Custody_Hot_Wallets\"><\/span><span style=\"font-weight: 400;\">Portefeuilles chauds d'autod\u00e9tention<\/span><span class=\"ez-toc-section-end\"><\/span><\/h4>\n<p><span style=\"font-weight: 400;\">Si vous ne souhaitez pas utiliser un portefeuille d'\u00e9change pour stocker votre coins, vous pouvez t\u00e9l\u00e9charger un hot wallet \u00e0 garde automatique sur votre appareil mobile ou votre ordinateur de bureau. Il existe plusieurs logiciels de portefeuilles qui vous permettent de g\u00e9rer vos propres cl\u00e9s de portefeuilles afin que vous ayez toujours le contr\u00f4le de votre coins.\u00a0<\/span><\/p>\n<p><span style=\"font-weight: 400;\">Par exemple, vous pouvez enregistrer SHIB dans <\/span><a href=\"https:\/\/coinkickoff.com\/fr\/exodus-review\/\"><span style=\"font-weight: 400;\">Exode<\/span><\/a><span style=\"font-weight: 400;\">, <\/span><a href=\"https:\/\/www.coinomi.com\/en\/\" target=\"_blank\" rel=\"noopener\"><span style=\"font-weight: 400;\">Coinomi<\/span><\/a><span style=\"font-weight: 400;\">ou <\/span><a href=\"https:\/\/atomicwallet.io\/\" target=\"_blank\" rel=\"noopener\"><span style=\"font-weight: 400;\">Portefeuille atomique<\/span><\/a><span style=\"font-weight: 400;\">. Toutefois, les hot wallets autod\u00e9tenus sont assortis d'une mise en garde : \u00e9tant donn\u00e9 qu'ils sont h\u00e9berg\u00e9s sur des appareils connect\u00e9s \u00e0 l'internet, ils sont tr\u00e8s vuln\u00e9rables aux tentatives de piratage. En fait, vous avez peut-\u00eatre vu ou entendu aux informations que les pirates informatiques ciblent souvent les traders particuliers et les projets cryptographiques professionnels qui utilisent des hot wallets.<\/span><\/p>\n<p><span style=\"font-weight: 400;\">Si vous n'\u00eates pas un expert en cybers\u00e9curit\u00e9, conserver un portefeuille chaud n'est peut-\u00eatre pas une bonne id\u00e9e. Les voleurs de cryptomonnaies sont tr\u00e8s cr\u00e9atifs et strat\u00e9giques : ils utilisent des m\u00e9thodes complexes telles que le d\u00e9tournement social, le phishing et d'autres m\u00e9thodes pour acc\u00e9der \u00e0 vos fonds et les drainer. Si votre appareil connect\u00e9 \u00e0 Internet est compromis (et cela peut facilement arriver si vous cliquez sur un mauvais lien, par exemple), vos fonds sont \u00e9galement compromis.<\/span><\/p>\n<h4><span class=\"ez-toc-section\" id=\"Cold_Wallets\"><\/span><span style=\"font-weight: 400;\">Portefeuilles froids<\/span><span class=\"ez-toc-section-end\"><\/span><\/h4>\n<p><span style=\"font-weight: 400;\">Les portefeuilles froids ne sont pas connect\u00e9s \u00e0 l'internet et sont donc consid\u00e9r\u00e9s comme imperm\u00e9ables au piratage.\u00a0<\/span><\/p>\n<p><span style=\"font-weight: 400;\">Il existe deux types principaux de portefeuilles froids : Les portefeuilles mat\u00e9riels, qui ressemblent \u00e0 des cl\u00e9s USB avec un logiciel de portefeuille pr\u00e9install\u00e9, et les portefeuilles papier, qui sont essentiellement des morceaux de papier sur lesquels sont inscrites votre cl\u00e9 priv\u00e9e et les informations relatives \u00e0 l'adresse de votre portefeuille.<\/span><\/p>\n<p><span style=\"font-weight: 400;\">Les portefeuilles papier sont g\u00e9n\u00e9ralement consid\u00e9r\u00e9s comme tr\u00e8s s\u00fbrs mais difficiles \u00e0 utiliser. Vous devez utiliser avec pr\u00e9caution un g\u00e9n\u00e9rateur de portefeuille papier, puis imprimer les informations et les conserver en lieu s\u00fbr.\u00a0<\/span><\/p>\n<p><span style=\"font-weight: 400;\">L'un des principaux inconv\u00e9nients des portefeuilles en papier est qu'ils sont difficiles \u00e0 utiliser : vous ne pouvez pas effectuer de transactions partielles avec vos fonds, ce qui les rend peu pratiques.<\/span><\/p>\n<p><span style=\"font-weight: 400;\">Les portefeuilles mat\u00e9riels, quant \u00e0 eux, sont incroyablement pratiques et tr\u00e8s s\u00fbrs, mais ils pr\u00e9sentent un inconv\u00e9nient de taille : ils sont beaucoup plus chers que les autres options.\u00a0<\/span><\/p>\n<p><span style=\"font-weight: 400;\">Normalement, les portefeuilles cryptographiques sont gratuits, mais les portefeuilles mat\u00e9riels sont l'exception \u00e0 la r\u00e8gle. Payer entre 80 et 200 USD pour un portefeuille peut \u00eatre un investissement co\u00fbteux pour un n\u00e9gociant en cryptomonnaies d\u00e9butant.<\/span><\/p>\n<p><a href=\"https:\/\/www.ledger.com\/\" target=\"_blank\" rel=\"noopener\"><span style=\"font-weight: 400;\">Grand livre<\/span><\/a><span style=\"font-weight: 400;\"> et <\/span><a href=\"https:\/\/trezor.io\/\" target=\"_blank\" rel=\"noopener\"><span style=\"font-weight: 400;\">Trezor<\/span><\/a><span style=\"font-weight: 400;\"> sont deux des entreprises de portefeuilles rigides les plus connues du secteur, et toutes deux vendent un mod\u00e8le de base dans une gamme de prix d\u00e9cente pour l'investisseur curieux.<\/span><\/p>","protected":false},"excerpt":{"rendered":"<p>Comment acheter Shiba Inu Vous souhaitez acheter Shiba Inu mais vous ne savez pas par o\u00f9 commencer ? Vous \u00eates au bon endroit. Voici tout ce que vous devez savoir sur l'achat de Shiba Inu.  Qu'est-ce que le Shiba Inu ? Shiba Inu token (SHIB) a \u00e9t\u00e9 cr\u00e9\u00e9 en ao\u00fbt 2020 en tant que m\u00e8me coin par un pseudo-anonyme [...]<\/p>","protected":false},"author":3,"featured_media":0,"parent":0,"menu_order":0,"comment_status":"closed","ping_status":"closed","template":"","meta":{"_genesis_hide_title":false,"_genesis_hide_breadcrumbs":false,"_genesis_hide_singular_image":false,"_genesis_hide_footer_widgets":false,"_genesis_custom_body_class":"","_genesis_custom_post_class":"","_genesis_layout":"","_glsr_average":0,"_glsr_ranking":0,"_glsr_reviews":0,"footnotes":""},"class_list":{"0":"post-3709","1":"page","2":"type-page","3":"status-publish","5":"entry","6":"has-post-thumbnail"},"featured_image_src":null,"featured_image_src_square":null,"_links":{"self":[{"href":"https:\/\/coinkickoff.com\/fr\/wp-json\/wp\/v2\/pages\/3709","targetHints":{"allow":["GET"]}}],"collection":[{"href":"https:\/\/coinkickoff.com\/fr\/wp-json\/wp\/v2\/pages"}],"about":[{"href":"https:\/\/coinkickoff.com\/fr\/wp-json\/wp\/v2\/types\/page"}],"author":[{"embeddable":true,"href":"https:\/\/coinkickoff.com\/fr\/wp-json\/wp\/v2\/users\/3"}],"replies":[{"embeddable":true,"href":"https:\/\/coinkickoff.com\/fr\/wp-json\/wp\/v2\/comments?post=3709"}],"version-history":[{"count":2,"href":"https:\/\/coinkickoff.com\/fr\/wp-json\/wp\/v2\/pages\/3709\/revisions"}],"predecessor-version":[{"id":4474,"href":"https:\/\/coinkickoff.com\/fr\/wp-json\/wp\/v2\/pages\/3709\/revisions\/4474"}],"wp:attachment":[{"href":"https:\/\/coinkickoff.com\/fr\/wp-json\/wp\/v2\/media?parent=3709"}],"curies":[{"name":"wp","href":"https:\/\/api.w.org\/{rel}","templated":true}]}}