{"id":3424,"date":"2026-01-08T14:07:30","date_gmt":"2026-01-08T14:07:30","guid":{"rendered":"https:\/\/coinkickoff.com\/?page_id=3424"},"modified":"2026-01-08T14:07:30","modified_gmt":"2026-01-08T14:07:30","slug":"how-to-buy-dogecoin-on-mexc","status":"publish","type":"page","link":"https:\/\/coinkickoff.com\/fr\/how-to-buy-dogecoin\/how-to-buy-dogecoin-on-mexc\/","title":{"rendered":"Comment acheter Dogecoin (DOGE) sur MEXC"},"content":{"rendered":"<h2><span style=\"font-weight: 400;\"><img loading=\"lazy\" decoding=\"async\" class=\"alignnone wp-image-155 size-full\" src=\"https:\/\/coinkickoff.com\/wp-content\/uploads\/2022\/06\/Dogecoin-DOGE.jpg\" alt=\"Comment acheter dogecoin\" width=\"1000\" height=\"800\" srcset=\"https:\/\/coinkickoff.com\/wp-content\/uploads\/2022\/06\/Dogecoin-DOGE.jpg 1000w, https:\/\/coinkickoff.com\/wp-content\/uploads\/2022\/06\/Dogecoin-DOGE-300x240.jpg 300w, https:\/\/coinkickoff.com\/wp-content\/uploads\/2022\/06\/Dogecoin-DOGE-768x614.jpg 768w, https:\/\/coinkickoff.com\/wp-content\/uploads\/2022\/06\/Dogecoin-DOGE-15x12.jpg 15w\" sizes=\"auto, (max-width: 1000px) 100vw, 1000px\" \/><\/span><\/h2>\n<div id=\"ez-toc-container\" class=\"ez-toc-v2_0_80 counter-hierarchy ez-toc-counter ez-toc-transparent ez-toc-container-direction\">\n<div class=\"ez-toc-title-container\">\n<p class=\"ez-toc-title\" style=\"cursor:inherit\">Sections<\/p>\n<span class=\"ez-toc-title-toggle\"><a href=\"#\" class=\"ez-toc-pull-right ez-toc-btn ez-toc-btn-xs ez-toc-btn-default ez-toc-toggle\" aria-label=\"Toggle Table des mati\u00e8res\"><span class=\"ez-toc-js-icon-con\"><span class=\"\"><span class=\"eztoc-hide\" style=\"display:none;\">Toggle<\/span><span class=\"ez-toc-icon-toggle-span\"><svg style=\"fill: #999;color:#999\" xmlns=\"http:\/\/www.w3.org\/2000\/svg\" class=\"list-377408\" width=\"20px\" height=\"20px\" viewbox=\"0 0 24 24\" fill=\"none\"><path d=\"M6 6H4v2h2V6zm14 0H8v2h12V6zM4 11h2v2H4v-2zm16 0H8v2h12v-2zM4 16h2v2H4v-2zm16 0H8v2h12v-2z\" fill=\"currentColor\"><\/path><\/svg><svg style=\"fill: #999;color:#999\" class=\"arrow-unsorted-368013\" xmlns=\"http:\/\/www.w3.org\/2000\/svg\" width=\"10px\" height=\"10px\" viewbox=\"0 0 24 24\" version=\"1.2\" baseprofile=\"tiny\"><path d=\"M18.2 9.3l-6.2-6.3-6.2 6.3c-.2.2-.3.4-.3.7s.1.5.3.7c.2.2.4.3.7.3h11c.3 0 .5-.1.7-.3.2-.2.3-.5.3-.7s-.1-.5-.3-.7zM5.8 14.7l6.2 6.3 6.2-6.3c.2-.2.3-.5.3-.7s-.1-.5-.3-.7c-.2-.2-.4-.3-.7-.3h-11c-.3 0-.5.1-.7.3-.2.2-.3.5-.3.7s.1.5.3.7z\"\/><\/svg><\/span><\/span><\/span><\/a><\/span><\/div>\n<nav><ul class='ez-toc-list ez-toc-list-level-1 eztoc-toggle-hide-by-default' ><li class='ez-toc-page-1 ez-toc-heading-level-2'><a class=\"ez-toc-link ez-toc-heading-1\" href=\"https:\/\/coinkickoff.com\/fr\/how-to-buy-dogecoin\/how-to-buy-dogecoin-on-mexc\/#How_to_Buy_Dogecoin_on_MEXC\" >Comment acheter Dogecoin sur MEXC<\/a><\/li><li class='ez-toc-page-1 ez-toc-heading-level-2'><a class=\"ez-toc-link ez-toc-heading-2\" href=\"https:\/\/coinkickoff.com\/fr\/how-to-buy-dogecoin\/how-to-buy-dogecoin-on-mexc\/#A_Step-By-Step_Guide_on_How_to_Buy_Dogecoin_on_MEXC\" >Un guide \u00e9tape par \u00e9tape sur la fa\u00e7on d'acheter Dogecoin sur MEXC<\/a><ul class='ez-toc-list-level-3' ><li class='ez-toc-heading-level-3'><a class=\"ez-toc-link ez-toc-heading-3\" href=\"https:\/\/coinkickoff.com\/fr\/how-to-buy-dogecoin\/how-to-buy-dogecoin-on-mexc\/#1_Register_an_Account\" >1. Ouvrir un compte<\/a><\/li><li class='ez-toc-page-1 ez-toc-heading-level-3'><a class=\"ez-toc-link ez-toc-heading-4\" href=\"https:\/\/coinkickoff.com\/fr\/how-to-buy-dogecoin\/how-to-buy-dogecoin-on-mexc\/#2_Verify_Your_Account\" >2. V\u00e9rifier votre compte<\/a><\/li><li class='ez-toc-page-1 ez-toc-heading-level-3'><a class=\"ez-toc-link ez-toc-heading-5\" href=\"https:\/\/coinkickoff.com\/fr\/how-to-buy-dogecoin\/how-to-buy-dogecoin-on-mexc\/#3_Buy_Crypto\" >3. Acheter des crypto-monnaies<\/a><\/li><li class='ez-toc-page-1 ez-toc-heading-level-3'><a class=\"ez-toc-link ez-toc-heading-6\" href=\"https:\/\/coinkickoff.com\/fr\/how-to-buy-dogecoin\/how-to-buy-dogecoin-on-mexc\/#4_Trade_USDT_for_DOGE\" >4. Echanger USDT contre DOGE<\/a><\/li><\/ul><\/li><\/ul><\/nav><\/div>\n<h2><span class=\"ez-toc-section\" id=\"How_to_Buy_Dogecoin_on_MEXC\"><\/span><span style=\"font-weight: 400;\">Comment acheter Dogecoin sur MEXC<\/span><span class=\"ez-toc-section-end\"><\/span><\/h2>\n<p><span style=\"font-weight: 400;\"><a href=\"https:\/\/coinkickoff.com\/fr\/dogecoin-doge\/\" data-internallinksmanager029f6b8e52c=\"14\" title=\"Qu&#039;est-ce que Dogecoin (DOGE) ? Comment \u00e7a marche et o\u00f9 l&#039;acheter ?\">Dogecoin<\/a>Bien qu'il s'agisse d'une crypto-monnaie c\u00e9l\u00e8bre, elle n'est pas vraiment comme les autres. <a href=\"https:\/\/coinkickoff.com\/fr\/ethereum-eth\/\" data-internallinksmanager029f6b8e52c=\"2\" title=\"Qu&#039;est-ce que Ethereum (ETH) ? Prix, historique et o\u00f9 acheter\">Ethereum<\/a> ou <a href=\"https:\/\/coinkickoff.com\/fr\/bitcoin-btc\/\" data-internallinksmanager029f6b8e52c=\"1\" title=\"Qu&#039;est-ce que Bitcoin (BTC) ? Prix, historique et o\u00f9 acheter\">Bitcoin<\/a>. Ce m\u00e8me bien connu coin est pratiquement sans valeur, puisqu'il a d'abord \u00e9t\u00e9 lanc\u00e9 comme une blague. Cependant, il est d\u00e9sormais omnipr\u00e9sent, principalement gr\u00e2ce \u00e0 Reddit et \u00e0 Elon Musk, et vous pouvez le trouver sur presque toutes les places boursi\u00e8res, y compris les suivantes <a href=\"https:\/\/coinkickoff.com\/fr\/mexc-global-review\/\">MEXC<\/a>.<\/span><\/p>\n<p><span style=\"font-weight: 400;\">Si vous voulez participer \u00e0 la plaisanterie en achetant du Dogecoin mais que vous ne savez pas par o\u00f9 commencer, vous \u00eates au bon endroit. Voici un guide \u00e9tape par \u00e9tape sur la fa\u00e7on d'acheter du Dogecoin sur le march\u00e9 de l'emploi. <a href=\"https:\/\/coinkickoff.com\/fr\/mexc-global-review\/\" data-internallinksmanager029f6b8e52c=\"154\" title=\"MEXC Global Reviews 2023 : Tarifs, caract\u00e9ristiques, s\u00e9curit\u00e9, avantages et inconv\u00e9nients.\">MEXC<\/a> \u00e9change.<\/span><\/p>\n<h2><span class=\"ez-toc-section\" id=\"A_Step-By-Step_Guide_on_How_to_Buy_Dogecoin_on_MEXC\"><\/span><span style=\"font-weight: 400;\">Un guide \u00e9tape par \u00e9tape sur la fa\u00e7on d'acheter Dogecoin sur MEXC<\/span><span class=\"ez-toc-section-end\"><\/span><\/h2>\n<h3><span class=\"ez-toc-section\" id=\"1_Register_an_Account\"><\/span><span style=\"font-weight: 400;\">1. Ouvrir un compte<\/span><span class=\"ez-toc-section-end\"><\/span><\/h3>\n<p><img loading=\"lazy\" decoding=\"async\" class=\"alignnone wp-image-3441 size-full\" src=\"https:\/\/coinkickoff.com\/wp-content\/uploads\/mexc-register.png\" alt=\"comment acheter dogecoin sur mexc\" width=\"1328\" height=\"783\" srcset=\"https:\/\/coinkickoff.com\/wp-content\/uploads\/mexc-register.png 1328w, https:\/\/coinkickoff.com\/wp-content\/uploads\/mexc-register-300x177.png 300w, https:\/\/coinkickoff.com\/wp-content\/uploads\/mexc-register-1024x604.png 1024w, https:\/\/coinkickoff.com\/wp-content\/uploads\/mexc-register-768x453.png 768w, https:\/\/coinkickoff.com\/wp-content\/uploads\/mexc-register-18x12.png 18w\" sizes=\"auto, (max-width: 1328px) 100vw, 1328px\" \/><\/p>\n<p><span style=\"font-weight: 400;\">Tout d'abord, cr\u00e9ez un compte MEXC en visitant la page <a href=\"https:\/\/www.mexc.com\/en-US\/register?inviteCode=mexc-1WwwX\" target=\"_blank\" rel=\"noopener\">Site web du MEXC<\/a> et en cliquant sur \"S'inscrire\". <\/span><\/p>\n<p><span style=\"font-weight: 400;\">Vous pouvez vous inscrire \u00e0 l'aide de votre num\u00e9ro de t\u00e9l\u00e9phone portable ou de votre adresse \u00e9lectronique. Vous recevrez un code de v\u00e9rification dans votre adresse \u00e9lectronique. Utilisez ce code pour vous connecter \u00e0 votre compte.\u00a0\u00a0<\/span><\/p>\n<h3><span class=\"ez-toc-section\" id=\"2_Verify_Your_Account\"><\/span><span style=\"font-weight: 400;\">2. V\u00e9rifier votre compte<\/span><span class=\"ez-toc-section-end\"><\/span><\/h3>\n<p><span style=\"font-weight: 400;\">Il n'est pas n\u00e9cessaire de proc\u00e9der \u00e0 une v\u00e9rification d'identit\u00e9 pour effectuer des transactions sur le MEXC, mais vous devez le faire pour effectuer des transactions en monnaie fiduciaire. Si vous poss\u00e9dez d\u00e9j\u00e0 des actifs num\u00e9riques que vous pouvez envoyer \u00e0 votre portefeuille MEXC, vous pouvez sauter cette \u00e9tape.<\/span><\/p>\n<p><span style=\"font-weight: 400;\">Vous pouvez \u00e9galement sauter cette \u00e9tape si vous souhaitez utiliser des fournisseurs tiers tels que Banxa, Moonpay ou Mercuyo pour acheter des crypto-monnaies. Ils ont leurs propres processus de v\u00e9rification de l'identit\u00e9.<\/span><\/p>\n<p><span style=\"font-weight: 400;\">Si vous avez termin\u00e9 la v\u00e9rification de votre identit\u00e9, vous pouvez acheter de la crypto-monnaie par l'interm\u00e9diaire d'un compte bancaire, d'une carte de cr\u00e9dit ou d'autres moyens. Pour ce faire, cliquez sur le symbole de profil dans le coin sup\u00e9rieur droit du tableau de bord et s\u00e9lectionnez \"Profil\".<\/span><\/p>\n<p><span style=\"font-weight: 400;\">Sur la page Profil, s\u00e9lectionnez \"Identification\" et cliquez sur \"Primary KYC\".<\/span><\/p>\n<p><img loading=\"lazy\" decoding=\"async\" class=\"alignnone wp-image-3439 size-full\" src=\"https:\/\/coinkickoff.com\/wp-content\/uploads\/mexc-id.png\" alt=\"\" width=\"1436\" height=\"810\" srcset=\"https:\/\/coinkickoff.com\/wp-content\/uploads\/mexc-id.png 1436w, https:\/\/coinkickoff.com\/wp-content\/uploads\/mexc-id-300x169.png 300w, https:\/\/coinkickoff.com\/wp-content\/uploads\/mexc-id-1024x578.png 1024w, https:\/\/coinkickoff.com\/wp-content\/uploads\/mexc-id-768x433.png 768w, https:\/\/coinkickoff.com\/wp-content\/uploads\/mexc-id-18x10.png 18w, https:\/\/coinkickoff.com\/wp-content\/uploads\/mexc-id-600x338.png 600w\" sizes=\"auto, (max-width: 1436px) 100vw, 1436px\" \/><\/p>\n<p><span style=\"font-weight: 400;\">Vous serez redirig\u00e9 vers la page KYC, o\u00f9 vous pourrez choisir entre <\/span><i><span style=\"font-weight: 400;\">KYC primaire<\/span><\/i><span style=\"font-weight: 400;\"> ou <\/span><i><span style=\"font-weight: 400;\">KYC avanc\u00e9<\/span><\/i><span style=\"font-weight: 400;\">. La plupart des d\u00e9p\u00f4ts en monnaie fiduciaire doivent faire l'objet d'une v\u00e9rification pr\u00e9alable de la connaissance du client.<\/span><\/p>\n<p><img loading=\"lazy\" decoding=\"async\" class=\"alignnone wp-image-3440 size-full\" src=\"https:\/\/coinkickoff.com\/wp-content\/uploads\/mexc-id2.png\" alt=\"\" width=\"1436\" height=\"582\" srcset=\"https:\/\/coinkickoff.com\/wp-content\/uploads\/mexc-id2.png 1436w, https:\/\/coinkickoff.com\/wp-content\/uploads\/mexc-id2-300x122.png 300w, https:\/\/coinkickoff.com\/wp-content\/uploads\/mexc-id2-1024x415.png 1024w, https:\/\/coinkickoff.com\/wp-content\/uploads\/mexc-id2-768x311.png 768w, https:\/\/coinkickoff.com\/wp-content\/uploads\/mexc-id2-18x7.png 18w\" sizes=\"auto, (max-width: 1436px) 100vw, 1436px\" \/><\/p>\n<p><span style=\"font-weight: 400;\">Cliquez sur \"V\u00e9rifier\" pour lancer la proc\u00e9dure de v\u00e9rification. T\u00e9l\u00e9chargez les documents requis et vous serez pr\u00eat \u00e0 partir.<\/span><\/p>\n<h3><span class=\"ez-toc-section\" id=\"3_Buy_Crypto\"><\/span><span style=\"font-weight: 400;\">3. Acheter des crypto-monnaies<\/span><span class=\"ez-toc-section-end\"><\/span><\/h3>\n<p><span style=\"font-weight: 400;\">Cliquez sur \"Buy Crypto\" dans le coin sup\u00e9rieur gauche. Sur la nouvelle page, choisissez l'une des options qui vous sont propos\u00e9es. Si vous avez v\u00e9rifi\u00e9 votre identit\u00e9, vous pouvez utiliser des cartes de cr\u00e9dit\/d\u00e9bit, des virements bancaires, des paiements express et le march\u00e9 P2P pour acheter de la crypto-monnaie. Dans le cas contraire, s\u00e9lectionnez \"Tiers\" dans la liste.<\/span><\/p>\n<p><img loading=\"lazy\" decoding=\"async\" class=\"alignnone wp-image-3438 size-full\" src=\"https:\/\/coinkickoff.com\/wp-content\/uploads\/mexc-buy-payment.png\" alt=\"\" width=\"1403\" height=\"778\" srcset=\"https:\/\/coinkickoff.com\/wp-content\/uploads\/mexc-buy-payment.png 1403w, https:\/\/coinkickoff.com\/wp-content\/uploads\/mexc-buy-payment-300x166.png 300w, https:\/\/coinkickoff.com\/wp-content\/uploads\/mexc-buy-payment-1024x568.png 1024w, https:\/\/coinkickoff.com\/wp-content\/uploads\/mexc-buy-payment-768x426.png 768w, https:\/\/coinkickoff.com\/wp-content\/uploads\/mexc-buy-payment-18x10.png 18w\" sizes=\"auto, (max-width: 1403px) 100vw, 1403px\" \/><\/p>\n<p><span style=\"font-weight: 400;\">Entrez le montant que vous souhaitez d\u00e9penser et s\u00e9lectionnez la crypto-monnaie que vous souhaitez acheter. Malheureusement, vous ne pouvez pas acheter DOGE avec de l'argent liquide, vous devez donc d'abord acheter un autre coin, tel que <a href=\"https:\/\/coinkickoff.com\/fr\/tether-usdt\/\" data-internallinksmanager029f6b8e52c=\"3\" title=\"Qu&#039;est-ce que Tether (USDT) ? Comment \u00e7a marche et o\u00f9 l&#039;acheter ?\">USDT<\/a> ou <a href=\"https:\/\/coinkickoff.com\/fr\/usd-coin-usdc\/\" data-internallinksmanager029f6b8e52c=\"8\" title=\"Qu&#039;est-ce que USD Coin (USDC) ? Comment \u00e7a marche et o\u00f9 l&#039;acheter ?\">USDC<\/a>et de l'\u00e9changer par la suite avec DOGE.<\/span><\/p>\n<p><span style=\"font-weight: 400;\">Une fois que vous avez saisi le montant que vous souhaitez acheter, vous devez choisir un canal de paiement. MEXC propose un certain nombre d'options tierces et vous sugg\u00e8re d'utiliser l'option la moins ch\u00e8re.<\/span><\/p>\n<p><span style=\"font-weight: 400;\">V\u00e9rifiez les d\u00e9tails du paiement et cliquez sur \"Continuer\". Vous serez redirig\u00e9 vers la page du canal de paiement pour confirmer votre commande. V\u00e9rifiez vos informations et cliquez sur \"Acheter\".<\/span><\/p>\n<p><img loading=\"lazy\" decoding=\"async\" class=\"alignnone wp-image-3436 size-full\" src=\"https:\/\/coinkickoff.com\/wp-content\/uploads\/mercuryo-mexc1u.png\" alt=\"\" width=\"1360\" height=\"791\" srcset=\"https:\/\/coinkickoff.com\/wp-content\/uploads\/mercuryo-mexc1u.png 1360w, https:\/\/coinkickoff.com\/wp-content\/uploads\/mercuryo-mexc1u-300x174.png 300w, https:\/\/coinkickoff.com\/wp-content\/uploads\/mercuryo-mexc1u-1024x596.png 1024w, https:\/\/coinkickoff.com\/wp-content\/uploads\/mercuryo-mexc1u-768x447.png 768w, https:\/\/coinkickoff.com\/wp-content\/uploads\/mercuryo-mexc1u-18x10.png 18w\" sizes=\"auto, (max-width: 1360px) 100vw, 1360px\" \/><\/p>\n<p><img loading=\"lazy\" decoding=\"async\" class=\"alignnone wp-image-3435 size-full\" src=\"https:\/\/coinkickoff.com\/wp-content\/uploads\/mercuryo-mexc.png\" alt=\"\" width=\"1407\" height=\"796\" srcset=\"https:\/\/coinkickoff.com\/wp-content\/uploads\/mercuryo-mexc.png 1407w, https:\/\/coinkickoff.com\/wp-content\/uploads\/mercuryo-mexc-300x170.png 300w, https:\/\/coinkickoff.com\/wp-content\/uploads\/mercuryo-mexc-1024x579.png 1024w, https:\/\/coinkickoff.com\/wp-content\/uploads\/mercuryo-mexc-768x434.png 768w, https:\/\/coinkickoff.com\/wp-content\/uploads\/mercuryo-mexc-18x10.png 18w, https:\/\/coinkickoff.com\/wp-content\/uploads\/mercuryo-mexc-600x338.png 600w\" sizes=\"auto, (max-width: 1407px) 100vw, 1407px\" \/><\/p>\n<p><span style=\"font-weight: 400;\">\u00c0 ce stade, vous devez saisir votre adresse \u00e9lectronique sur le canal de paiement. Si vous n'avez pas de compte chez le fournisseur, vous serez redirig\u00e9 vers l'ouverture d'un compte.<\/span><\/p>\n<h3><span class=\"ez-toc-section\" id=\"4_Trade_USDT_for_DOGE\"><\/span><span style=\"font-weight: 400;\">4. Echanger USDT contre DOGE<\/span><span class=\"ez-toc-section-end\"><\/span><\/h3>\n<p><span style=\"font-weight: 400;\">Une fois que vous avez achet\u00e9 un coin stable comme le USDT, vous pouvez l'\u00e9changer contre un DOGE sur MEXC. Sur le tableau de bord, cliquez sur \"Trade\". Dans le coin gauche du nouvel \u00e9cran, recherchez DOGE.<\/span><\/p>\n<p><img loading=\"lazy\" decoding=\"async\" class=\"alignnone wp-image-3443 size-full\" src=\"https:\/\/coinkickoff.com\/wp-content\/uploads\/mexctrade1.png\" alt=\"\" width=\"1436\" height=\"736\" srcset=\"https:\/\/coinkickoff.com\/wp-content\/uploads\/mexctrade1.png 1436w, https:\/\/coinkickoff.com\/wp-content\/uploads\/mexctrade1-300x154.png 300w, https:\/\/coinkickoff.com\/wp-content\/uploads\/mexctrade1-1024x525.png 1024w, https:\/\/coinkickoff.com\/wp-content\/uploads\/mexctrade1-768x394.png 768w, https:\/\/coinkickoff.com\/wp-content\/uploads\/mexctrade1-18x9.png 18w\" sizes=\"auto, (max-width: 1436px) 100vw, 1436px\" \/><\/p>\n<p><span style=\"font-weight: 400;\">Parmi les r\u00e9sultats, choisissez DOGE\/USDT pour effectuer une transaction entre deux actifs.<\/span><\/p>\n<p><img loading=\"lazy\" decoding=\"async\" class=\"alignnone wp-image-3442 size-full\" src=\"https:\/\/coinkickoff.com\/wp-content\/uploads\/mexc-trade-2.png\" alt=\"\" width=\"1392\" height=\"748\" srcset=\"https:\/\/coinkickoff.com\/wp-content\/uploads\/mexc-trade-2.png 1392w, https:\/\/coinkickoff.com\/wp-content\/uploads\/mexc-trade-2-300x161.png 300w, https:\/\/coinkickoff.com\/wp-content\/uploads\/mexc-trade-2-1024x550.png 1024w, https:\/\/coinkickoff.com\/wp-content\/uploads\/mexc-trade-2-768x413.png 768w, https:\/\/coinkickoff.com\/wp-content\/uploads\/mexc-trade-2-18x10.png 18w\" sizes=\"auto, (max-width: 1392px) 100vw, 1392px\" \/><\/p>\n<p><span style=\"font-weight: 400;\">Il ne vous reste plus qu'\u00e0 entrer la quantit\u00e9 de DOGE que vous souhaitez acheter (ou la quantit\u00e9 de USDT que vous souhaitez vendre) dans la case situ\u00e9e en bas de l'\u00e9cran. Vous pouvez ajuster le montant que vous souhaitez acheter dans cette fen\u00eatre.<\/span><\/p>\n<p><span style=\"font-weight: 400;\">Lorsque vous \u00eates pr\u00eat \u00e0 passer votre commande, cliquez sur Acheter DOGE. C'est tout.<\/span><\/p>\n<p><span style=\"font-weight: 400;\">Pour plus d'informations, consultez nos articles sur le Dogecoin et la bourse MEXC.<\/span><\/p>","protected":false},"excerpt":{"rendered":"<p>Comment acheter du Dogecoin sur MEXC Le Dogecoin, bien qu'il s'agisse d'une crypto-monnaie c\u00e9l\u00e8bre, n'est pas vraiment comme le Ethereum ou le Bitcoin. Ce m\u00e8me bien connu, le coin, est pratiquement sans valeur de par sa conception, car il a d'abord \u00e9t\u00e9 lanc\u00e9 comme une blague. Cependant, il est maintenant assez omnipr\u00e9sent, principalement gr\u00e2ce \u00e0 Reddit et Elon Musk, et vous pouvez le trouver sur presque [...]<\/p>","protected":false},"author":3,"featured_media":155,"parent":3196,"menu_order":0,"comment_status":"closed","ping_status":"closed","template":"","meta":{"_genesis_hide_title":false,"_genesis_hide_breadcrumbs":false,"_genesis_hide_singular_image":false,"_genesis_hide_footer_widgets":false,"_genesis_custom_body_class":"","_genesis_custom_post_class":"","_genesis_layout":"","_glsr_average":0,"_glsr_ranking":0,"_glsr_reviews":0,"footnotes":""},"class_list":{"0":"post-3424","1":"page","2":"type-page","3":"status-publish","4":"has-post-thumbnail","6":"entry"},"featured_image_src":"https:\/\/coinkickoff.com\/wp-content\/uploads\/2022\/06\/Dogecoin-DOGE-600x400.jpg","featured_image_src_square":"https:\/\/coinkickoff.com\/wp-content\/uploads\/2022\/06\/Dogecoin-DOGE-600x600.jpg","_links":{"self":[{"href":"https:\/\/coinkickoff.com\/fr\/wp-json\/wp\/v2\/pages\/3424","targetHints":{"allow":["GET"]}}],"collection":[{"href":"https:\/\/coinkickoff.com\/fr\/wp-json\/wp\/v2\/pages"}],"about":[{"href":"https:\/\/coinkickoff.com\/fr\/wp-json\/wp\/v2\/types\/page"}],"author":[{"embeddable":true,"href":"https:\/\/coinkickoff.com\/fr\/wp-json\/wp\/v2\/users\/3"}],"replies":[{"embeddable":true,"href":"https:\/\/coinkickoff.com\/fr\/wp-json\/wp\/v2\/comments?post=3424"}],"version-history":[{"count":3,"href":"https:\/\/coinkickoff.com\/fr\/wp-json\/wp\/v2\/pages\/3424\/revisions"}],"predecessor-version":[{"id":4496,"href":"https:\/\/coinkickoff.com\/fr\/wp-json\/wp\/v2\/pages\/3424\/revisions\/4496"}],"up":[{"embeddable":true,"href":"https:\/\/coinkickoff.com\/fr\/wp-json\/wp\/v2\/pages\/3196"}],"wp:featuredmedia":[{"embeddable":true,"href":"https:\/\/coinkickoff.com\/fr\/wp-json\/wp\/v2\/media\/155"}],"wp:attachment":[{"href":"https:\/\/coinkickoff.com\/fr\/wp-json\/wp\/v2\/media?parent=3424"}],"curies":[{"name":"wp","href":"https:\/\/api.w.org\/{rel}","templated":true}]}}