{"id":3404,"date":"2026-01-08T14:07:29","date_gmt":"2026-01-08T14:07:29","guid":{"rendered":"https:\/\/coinkickoff.com\/?page_id=3404"},"modified":"2026-01-08T14:07:29","modified_gmt":"2026-01-08T14:07:29","slug":"how-to-buy-dogecoin-on-kraken","status":"publish","type":"page","link":"https:\/\/coinkickoff.com\/fr\/how-to-buy-dogecoin\/how-to-buy-dogecoin-on-kraken\/","title":{"rendered":"Comment acheter Dogecoin (DOGE) sur Kraken"},"content":{"rendered":"<div id=\"ez-toc-container\" class=\"ez-toc-v2_0_80 counter-hierarchy ez-toc-counter ez-toc-transparent ez-toc-container-direction\">\n<div class=\"ez-toc-title-container\">\n<p class=\"ez-toc-title\" style=\"cursor:inherit\">Sections<\/p>\n<span class=\"ez-toc-title-toggle\"><a href=\"#\" class=\"ez-toc-pull-right ez-toc-btn ez-toc-btn-xs ez-toc-btn-default ez-toc-toggle\" aria-label=\"Toggle Table des mati\u00e8res\"><span class=\"ez-toc-js-icon-con\"><span class=\"\"><span class=\"eztoc-hide\" style=\"display:none;\">Toggle<\/span><span class=\"ez-toc-icon-toggle-span\"><svg style=\"fill: #999;color:#999\" xmlns=\"http:\/\/www.w3.org\/2000\/svg\" class=\"list-377408\" width=\"20px\" height=\"20px\" viewbox=\"0 0 24 24\" fill=\"none\"><path d=\"M6 6H4v2h2V6zm14 0H8v2h12V6zM4 11h2v2H4v-2zm16 0H8v2h12v-2zM4 16h2v2H4v-2zm16 0H8v2h12v-2z\" fill=\"currentColor\"><\/path><\/svg><svg style=\"fill: #999;color:#999\" class=\"arrow-unsorted-368013\" xmlns=\"http:\/\/www.w3.org\/2000\/svg\" width=\"10px\" height=\"10px\" viewbox=\"0 0 24 24\" version=\"1.2\" baseprofile=\"tiny\"><path d=\"M18.2 9.3l-6.2-6.3-6.2 6.3c-.2.2-.3.4-.3.7s.1.5.3.7c.2.2.4.3.7.3h11c.3 0 .5-.1.7-.3.2-.2.3-.5.3-.7s-.1-.5-.3-.7zM5.8 14.7l6.2 6.3 6.2-6.3c.2-.2.3-.5.3-.7s-.1-.5-.3-.7c-.2-.2-.4-.3-.7-.3h-11c-.3 0-.5.1-.7.3-.2.2-.3.5-.3.7s.1.5.3.7z\"\/><\/svg><\/span><\/span><\/span><\/a><\/span><\/div>\n<nav><ul class='ez-toc-list ez-toc-list-level-1 eztoc-toggle-hide-by-default' ><li class='ez-toc-page-1 ez-toc-heading-level-2'><a class=\"ez-toc-link ez-toc-heading-1\" href=\"https:\/\/coinkickoff.com\/fr\/how-to-buy-dogecoin\/how-to-buy-dogecoin-on-kraken\/#How_to_Buy_Dogecoin_on_Kraken\" >Comment acheter Dogecoin sur Kraken<\/a><\/li><li class='ez-toc-page-1 ez-toc-heading-level-2'><a class=\"ez-toc-link ez-toc-heading-2\" href=\"https:\/\/coinkickoff.com\/fr\/how-to-buy-dogecoin\/how-to-buy-dogecoin-on-kraken\/#A_Step-By-Step_Guide_on_How_to_Buy_Dogecoin_on_Kraken\" >Un guide \u00e9tape par \u00e9tape sur la fa\u00e7on d'acheter Dogecoin sur Kraken<\/a><ul class='ez-toc-list-level-3' ><li class='ez-toc-heading-level-3'><a class=\"ez-toc-link ez-toc-heading-3\" href=\"https:\/\/coinkickoff.com\/fr\/how-to-buy-dogecoin\/how-to-buy-dogecoin-on-kraken\/#1_Register_an_Account_on_Kraken\" >1. Ouvrir un compte sur Kraken<\/a><\/li><li class='ez-toc-page-1 ez-toc-heading-level-3'><a class=\"ez-toc-link ez-toc-heading-4\" href=\"https:\/\/coinkickoff.com\/fr\/how-to-buy-dogecoin\/how-to-buy-dogecoin-on-kraken\/#2_Verify_Your_Account\" >2. V\u00e9rifier votre compte<\/a><\/li><li class='ez-toc-page-1 ez-toc-heading-level-3'><a class=\"ez-toc-link ez-toc-heading-5\" href=\"https:\/\/coinkickoff.com\/fr\/how-to-buy-dogecoin\/how-to-buy-dogecoin-on-kraken\/#3_Deposit_FundsCrypto\" >3. D\u00e9p\u00f4t de fonds\/Crypto<\/a><\/li><li class='ez-toc-page-1 ez-toc-heading-level-3'><a class=\"ez-toc-link ez-toc-heading-6\" href=\"https:\/\/coinkickoff.com\/fr\/how-to-buy-dogecoin\/how-to-buy-dogecoin-on-kraken\/#4_Navigate_to_the_Relevant_Screen_to_Buy\" >4. Naviguez jusqu'\u00e0 l'\u00e9cran appropri\u00e9 pour acheter<\/a><\/li><\/ul><\/li><\/ul><\/nav><\/div>\n<h2><span class=\"ez-toc-section\" id=\"How_to_Buy_Dogecoin_on_Kraken\"><\/span><span style=\"font-weight: 400;\">Comment acheter Dogecoin sur Kraken<\/span><span class=\"ez-toc-section-end\"><\/span><\/h2>\n<p><span style=\"font-weight: 400;\"><a href=\"https:\/\/coinkickoff.com\/fr\/dogecoin-doge\/\" data-internallinksmanager029f6b8e52c=\"14\" title=\"Qu&#039;est-ce que Dogecoin (DOGE) ? Comment \u00e7a marche et o\u00f9 l&#039;acheter ?\">Dogecoin<\/a> (DOGE) est l'une des plus grandes crypto-monnaies en termes de capitalisation boursi\u00e8re, malgr\u00e9 ou peut-\u00eatre \u00e0 cause de son statut de premier m\u00e8me coin au monde. Le token a \u00e9t\u00e9 lanc\u00e9 principalement comme une blague, inspir\u00e9e par le \"doge meme\", mais il a rapidement gagn\u00e9 en popularit\u00e9 gr\u00e2ce \u00e0 l'internet et aux m\u00e9dias sociaux.<\/span><\/p>\n<p><span style=\"font-weight: 400;\">Si vous souhaitez acheter <a href=\"https:\/\/coinkickoff.com\/fr\/dogecoin-doge\/\">Dogecoin<\/a> sur <a href=\"https:\/\/coinkickoff.com\/fr\/kraken-review\/\">Kraken<\/a> mais vous ne savez pas comment faire, vous \u00eates au bon endroit. Voici une description d\u00e9taill\u00e9e de la marche \u00e0 suivre pour acheter Dogecoin sur <a href=\"https:\/\/coinkickoff.com\/fr\/kraken-review\/\" data-internallinksmanager029f6b8e52c=\"171\" title=\"Critiques de Kraken 2023 : Frais, caract\u00e9ristiques, s\u00e9curit\u00e9, avantages et inconv\u00e9nients.\">Kraken<\/a>.<\/span><\/p>\n<h2><span class=\"ez-toc-section\" id=\"A_Step-By-Step_Guide_on_How_to_Buy_Dogecoin_on_Kraken\"><\/span><span style=\"font-weight: 400;\">Un guide \u00e9tape par \u00e9tape sur la fa\u00e7on d'acheter Dogecoin sur Kraken<\/span><span class=\"ez-toc-section-end\"><\/span><\/h2>\n<h3><span class=\"ez-toc-section\" id=\"1_Register_an_Account_on_Kraken\"><\/span><span style=\"font-weight: 400;\">1. Ouvrir un compte sur Kraken<\/span><span class=\"ez-toc-section-end\"><\/span><\/h3>\n<p><img loading=\"lazy\" decoding=\"async\" class=\"alignnone wp-image-3406 size-full\" src=\"https:\/\/coinkickoff.com\/wp-content\/uploads\/kraken1-e1682502957481.png\" alt=\"comment acheter Dogecoin sur Kraken\" width=\"1339\" height=\"763\" srcset=\"https:\/\/coinkickoff.com\/wp-content\/uploads\/kraken1-e1682502957481.png 1339w, https:\/\/coinkickoff.com\/wp-content\/uploads\/kraken1-e1682502957481-300x171.png 300w, https:\/\/coinkickoff.com\/wp-content\/uploads\/kraken1-e1682502957481-1024x584.png 1024w, https:\/\/coinkickoff.com\/wp-content\/uploads\/kraken1-e1682502957481-768x438.png 768w, https:\/\/coinkickoff.com\/wp-content\/uploads\/kraken1-e1682502957481-18x10.png 18w\" sizes=\"auto, (max-width: 1339px) 100vw, 1339px\" \/> I<span style=\"font-weight: 400;\">i vous n'avez pas encore de compte Kraken, visitez le site suivant <a href=\"https:\/\/kraken.pxf.io\/B0Rny4\" rel=\"nofollow noopener\" target=\"_blank\">Site officiel de Kraken<\/a> et cliquez sur \"Cr\u00e9er un compte\". Saisissez votre adresse \u00e9lectronique, votre nom d'utilisateur et un mot de passe fort comportant des chiffres et des caract\u00e8res sp\u00e9ciaux. S\u00e9lectionnez votre pays et votre \u00e9tat de r\u00e9sidence et cr\u00e9ez votre compte.\u00a0<\/span><\/p>\n<p><span style=\"font-weight: 400;\">Kraken vous enverra un e-mail de v\u00e9rification et un lien d'activation de compte. Suivez le lien pour vous connecter \u00e0 votre compte.<\/span><\/p>\n<h3><span class=\"ez-toc-section\" id=\"2_Verify_Your_Account\"><\/span><span style=\"font-weight: 400;\">2. V\u00e9rifier votre compte<\/span><span class=\"ez-toc-section-end\"><\/span><\/h3>\n<p><span style=\"font-weight: 400;\">Pour acheter des cryptomonnaies sur Kraken, vous devez vous conformer aux exigences KYC et fournir des informations personnelles ainsi qu'une preuve d'identit\u00e9. La deuxi\u00e8me \u00e9tape consiste donc \u00e0 v\u00e9rifier votre identit\u00e9.<\/span><\/p>\n<p><span style=\"font-weight: 400;\">Certaines bourses vous permettent de d\u00e9poser des crypto-monnaies sur leur plateforme sans avoir \u00e0 v\u00e9rifier votre identit\u00e9. Veuillez noter que Kraken est <\/span><i><span style=\"font-weight: 400;\">pas <\/span><\/i><span style=\"font-weight: 400;\">l'un de ces \u00e9changes. <\/span><b>Vous devez v\u00e9rifier votre identit\u00e9 avant de d\u00e9poser sur la plateforme.<\/b><\/p>\n<p><span style=\"font-weight: 400;\">Kraken vous enverra un e-mail pour vous rappeler de v\u00e9rifier votre compte. Vous pouvez \u00e9galement cliquer sur l'ic\u00f4ne \"Acheter\" sur le c\u00f4t\u00e9 gauche de la page principale, o\u00f9 Kraken vous invite imm\u00e9diatement \u00e0 terminer la v\u00e9rification de votre identit\u00e9.<\/span><\/p>\n<p><img loading=\"lazy\" decoding=\"async\" class=\"alignnone wp-image-3407 size-full\" src=\"https:\/\/coinkickoff.com\/wp-content\/uploads\/kraken2-e1682502904796.png\" alt=\"avertissement de v\u00e9rification du kraken\" width=\"1378\" height=\"770\" \/><\/p>\n<p><span style=\"font-weight: 400;\">Cliquez simplement sur V\u00e9rifier et vous serez redirig\u00e9 vers la page correspondante. Saisissez votre nom l\u00e9gal, votre date de naissance, votre adresse et votre num\u00e9ro de t\u00e9l\u00e9phone pour lancer la proc\u00e9dure de v\u00e9rification. Cliquez sur Continuer.<\/span><\/p>\n<p><img loading=\"lazy\" decoding=\"async\" class=\"alignnone wp-image-3408 size-full\" src=\"https:\/\/coinkickoff.com\/wp-content\/uploads\/kraken3-e1682503223180.png\" alt=\"\" width=\"1375\" height=\"777\" srcset=\"https:\/\/coinkickoff.com\/wp-content\/uploads\/kraken3-e1682503223180.png 1375w, https:\/\/coinkickoff.com\/wp-content\/uploads\/kraken3-e1682503223180-300x170.png 300w, https:\/\/coinkickoff.com\/wp-content\/uploads\/kraken3-e1682503223180-1024x579.png 1024w, https:\/\/coinkickoff.com\/wp-content\/uploads\/kraken3-e1682503223180-768x434.png 768w, https:\/\/coinkickoff.com\/wp-content\/uploads\/kraken3-e1682503223180-18x10.png 18w, https:\/\/coinkickoff.com\/wp-content\/uploads\/kraken3-e1682503223180-600x338.png 600w\" sizes=\"auto, (max-width: 1375px) 100vw, 1375px\" \/><\/p>\n<p><span style=\"font-weight: 400;\">Sur la page suivante, il vous sera demand\u00e9 de fournir des documents suppl\u00e9mentaires, notamment une pi\u00e8ce d'identit\u00e9 avec photo, comme une page de passeport ou un permis de conduire.<\/span><\/p>\n<h3><span class=\"ez-toc-section\" id=\"3_Deposit_FundsCrypto\"><\/span><span style=\"font-weight: 400;\">3. D\u00e9p\u00f4t de fonds\/Crypto<\/span><span class=\"ez-toc-section-end\"><\/span><\/h3>\n<p><span style=\"font-weight: 400;\">Si vous poss\u00e9dez d\u00e9j\u00e0 des crypto-monnaies, vous pouvez d\u00e9poser vos coins sur Kraken et les \u00e9changer contre des DOGE. Sinon, il vous suffit d'acheter des DOGE sur Kraken avec de la monnaie fiduciaire.\u00a0<\/span><\/p>\n<p><span style=\"font-weight: 400;\">Nous vous conseillons vivement de s\u00e9curiser votre compte avec l'authentification \u00e0 deux facteurs (2FA) avant d'ajouter une m\u00e9thode de paiement ou d'effectuer des d\u00e9p\u00f4ts en monnaie fiduciaire. L'authentification \u00e0 deux facteurs ajoute une couche de s\u00e9curit\u00e9 suppl\u00e9mentaire \u00e0 votre compte.<\/span><\/p>\n<p><span style=\"font-weight: 400;\">Pour activer 2FA, cliquez sur le nom de votre profil (en haut \u00e0 droite) et s\u00e9lectionnez \"S\u00e9curit\u00e9\" dans le menu d\u00e9roulant. Cliquez sur \"Param\u00e8tres 2FA\" pour ajuster vos param\u00e8tres.<\/span><\/p>\n<p><img loading=\"lazy\" decoding=\"async\" class=\"alignnone wp-image-3409 size-full\" src=\"https:\/\/coinkickoff.com\/wp-content\/uploads\/kraken4-e1682503267822.png\" alt=\"\" width=\"1360\" height=\"795\" srcset=\"https:\/\/coinkickoff.com\/wp-content\/uploads\/kraken4-e1682503267822.png 1360w, https:\/\/coinkickoff.com\/wp-content\/uploads\/kraken4-e1682503267822-300x175.png 300w, https:\/\/coinkickoff.com\/wp-content\/uploads\/kraken4-e1682503267822-1024x599.png 1024w, https:\/\/coinkickoff.com\/wp-content\/uploads\/kraken4-e1682503267822-768x449.png 768w, https:\/\/coinkickoff.com\/wp-content\/uploads\/kraken4-e1682503267822-18x12.png 18w\" sizes=\"auto, (max-width: 1360px) 100vw, 1360px\" \/><\/p>\n<p><span style=\"font-weight: 400;\">Kraken propose plusieurs options 2FA. Vous pouvez activer le 2FA pour diff\u00e9rentes actions telles que la connexion, le financement, le trading et les retraits.<\/span><\/p>\n<p><span style=\"font-weight: 400;\"><img loading=\"lazy\" decoding=\"async\" class=\"alignnone wp-image-3405 size-full\" src=\"https:\/\/coinkickoff.com\/wp-content\/uploads\/kraken-5-e1682503294785.png\" alt=\"\" width=\"1357\" height=\"770\" srcset=\"https:\/\/coinkickoff.com\/wp-content\/uploads\/kraken-5-e1682503294785.png 1357w, https:\/\/coinkickoff.com\/wp-content\/uploads\/kraken-5-e1682503294785-300x170.png 300w, https:\/\/coinkickoff.com\/wp-content\/uploads\/kraken-5-e1682503294785-1024x581.png 1024w, https:\/\/coinkickoff.com\/wp-content\/uploads\/kraken-5-e1682503294785-768x436.png 768w, https:\/\/coinkickoff.com\/wp-content\/uploads\/kraken-5-e1682503294785-18x10.png 18w\" sizes=\"auto, (max-width: 1357px) 100vw, 1357px\" \/><\/span><\/p>\n<p><span style=\"font-weight: 400;\">La configuration de 2FA est tr\u00e8s simple. T\u00e9l\u00e9chargez l'application Google Authenticator et scannez le code QR \u00e0 l'\u00e9cran. L'application g\u00e9n\u00e8re un code que vous pouvez saisir pour activer la fonction 2FA.\u00a0<\/span><\/p>\n<p><img loading=\"lazy\" decoding=\"async\" class=\"alignnone wp-image-3410 size-full\" src=\"https:\/\/coinkickoff.com\/wp-content\/uploads\/kraken6-e1682503322525.png\" alt=\"\" width=\"1357\" height=\"791\" \/><\/p>\n<p><span style=\"font-weight: 400;\">Une fois le 2FA activ\u00e9, vous devez utiliser l'application Google Authenticator pour vous connecter \u00e0 votre compte. L'application g\u00e9n\u00e8re un mot de passe unique \u00e0 chaque connexion.<\/span><\/p>\n<p><span style=\"font-weight: 400;\">Apr\u00e8s avoir activ\u00e9 le 2FA, vous \u00eates pr\u00eat \u00e0 approvisionner votre compte Kraken. Il y a deux fa\u00e7ons d'acheter DOGE sur Kraken. Vous pouvez ajouter une m\u00e9thode de paiement instantan\u00e9e comme une carte de cr\u00e9dit \u00e0 votre compte ou lier votre compte bancaire \u00e0 Kraken pour transf\u00e9rer des fonds facilement.<\/span><\/p>\n<p><span style=\"font-weight: 400;\">L'ajout d'une m\u00e9thode de paiement instantan\u00e9e est plus rapide et plus facile. Il suffit de cliquer sur \"Acheter du Crypto\" dans le menu sup\u00e9rieur.<\/span><\/p>\n<p><img loading=\"lazy\" decoding=\"async\" class=\"alignnone wp-image-3412 size-full\" src=\"https:\/\/coinkickoff.com\/wp-content\/uploads\/kraken8-e1682503364155.png\" alt=\"\" width=\"1206\" height=\"781\" srcset=\"https:\/\/coinkickoff.com\/wp-content\/uploads\/kraken8-e1682503364155.png 1206w, https:\/\/coinkickoff.com\/wp-content\/uploads\/kraken8-e1682503364155-300x194.png 300w, https:\/\/coinkickoff.com\/wp-content\/uploads\/kraken8-e1682503364155-1024x663.png 1024w, https:\/\/coinkickoff.com\/wp-content\/uploads\/kraken8-e1682503364155-768x497.png 768w, https:\/\/coinkickoff.com\/wp-content\/uploads\/kraken8-e1682503364155-18x12.png 18w\" sizes=\"auto, (max-width: 1206px) 100vw, 1206px\" \/><\/p>\n<p><span style=\"font-weight: 400;\">Sur la nouvelle page, s\u00e9lectionnez \"M\u00e9thodes de paiement\".<\/span><\/p>\n<p><span style=\"font-weight: 400;\">Cliquez sur \"Ajouter des modes de paiement\". Vous pouvez ajouter un <\/span><a href=\"https:\/\/support.kraken.com\/hc\/en-us\/articles\/360048212832-Visa-and-MasterCard-purchases\" target=\"_blank\" rel=\"noopener\"><span style=\"font-weight: 400;\">Carte de d\u00e9bit\/cr\u00e9dit Visa et Mastercard<\/span><\/a><span style=\"font-weight: 400;\"> ou d\u00e9poser des esp\u00e8ces sur votre compte par le biais de la banque en ligne.<\/span><\/p>\n<p><img loading=\"lazy\" decoding=\"async\" class=\"alignnone wp-image-3413 size-full\" src=\"https:\/\/coinkickoff.com\/wp-content\/uploads\/kraken9-e1682503407337.png\" alt=\"\" width=\"1196\" height=\"776\" srcset=\"https:\/\/coinkickoff.com\/wp-content\/uploads\/kraken9-e1682503407337.png 1196w, https:\/\/coinkickoff.com\/wp-content\/uploads\/kraken9-e1682503407337-300x195.png 300w, https:\/\/coinkickoff.com\/wp-content\/uploads\/kraken9-e1682503407337-1024x664.png 1024w, https:\/\/coinkickoff.com\/wp-content\/uploads\/kraken9-e1682503407337-768x498.png 768w, https:\/\/coinkickoff.com\/wp-content\/uploads\/kraken9-e1682503407337-18x12.png 18w\" sizes=\"auto, (max-width: 1196px) 100vw, 1196px\" \/><\/p>\n<p><span style=\"font-weight: 400;\">Cliquez sur la m\u00e9thode pr\u00e9f\u00e9r\u00e9e et saisissez les informations n\u00e9cessaires.\u00a0<\/span><\/p>\n<p><span style=\"font-weight: 400;\">Les achats par carte de cr\u00e9dit ou de d\u00e9bit sont plus rapides mais g\u00e9n\u00e9ralement plus co\u00fbteux, car les fournisseurs de cartes pr\u00e9l\u00e8vent des frais suppl\u00e9mentaires.<\/span><\/p>\n<p><span style=\"font-weight: 400;\">Si vous choisissez le d\u00e9p\u00f4t en esp\u00e8ces, vous pouvez approvisionner votre compte par le biais de la banque en ligne. Choisissez la devise que vous souhaitez d\u00e9poser et s\u00e9lectionnez votre m\u00e9thode de d\u00e9p\u00f4t.<\/span><\/p>\n<p><img loading=\"lazy\" decoding=\"async\" class=\"alignnone wp-image-3414 size-full\" src=\"https:\/\/coinkickoff.com\/wp-content\/uploads\/kraken-deposit.png\" alt=\"\" width=\"752\" height=\"298\" srcset=\"https:\/\/coinkickoff.com\/wp-content\/uploads\/kraken-deposit.png 752w, https:\/\/coinkickoff.com\/wp-content\/uploads\/kraken-deposit-300x119.png 300w, https:\/\/coinkickoff.com\/wp-content\/uploads\/kraken-deposit-18x7.png 18w\" sizes=\"auto, (max-width: 752px) 100vw, 752px\" \/> <img loading=\"lazy\" decoding=\"async\" class=\"alignnone wp-image-3415 size-full\" src=\"https:\/\/coinkickoff.com\/wp-content\/uploads\/kraken-deposit-2.png\" alt=\"\" width=\"808\" height=\"547\" srcset=\"https:\/\/coinkickoff.com\/wp-content\/uploads\/kraken-deposit-2.png 808w, https:\/\/coinkickoff.com\/wp-content\/uploads\/kraken-deposit-2-300x203.png 300w, https:\/\/coinkickoff.com\/wp-content\/uploads\/kraken-deposit-2-768x520.png 768w, https:\/\/coinkickoff.com\/wp-content\/uploads\/kraken-deposit-2-18x12.png 18w\" sizes=\"auto, (max-width: 808px) 100vw, 808px\" \/><\/p>\n<p><span style=\"font-weight: 400;\">Veuillez lire attentivement toutes les instructions lorsque vous envoyez des fonds sur votre compte Kraken. Il se peut que vous deviez saisir un code de r\u00e9f\u00e9rence pour vous assurer que votre d\u00e9p\u00f4t atteigne Kraken.<\/span><\/p>\n<p><span style=\"font-weight: 400;\">Vos fonds devraient arriver sur votre compte en quelques jours, mais attention aux jours f\u00e9ri\u00e9s et aux autres retards possibles. Vous pouvez v\u00e9rifier si vos fonds sont arriv\u00e9s en cliquant sur les onglets \"Trade\" ou \"Funding\".<\/span><\/p>\n<h3><span class=\"ez-toc-section\" id=\"4_Navigate_to_the_Relevant_Screen_to_Buy\"><\/span><span style=\"font-weight: 400;\">4. Naviguez jusqu'\u00e0 l'\u00e9cran appropri\u00e9 pour acheter<\/span><span class=\"ez-toc-section-end\"><\/span><\/h3>\n<p><span style=\"font-weight: 400;\">Il y a deux fa\u00e7ons d'acheter DOGE sur Kraken. La premi\u00e8re et la plus simple est d'utiliser le widget Achat\/Vente. Cliquez sur l'onglet \"Buy Crypto\" sur le tableau de bord (en haut au centre), et s\u00e9lectionnez \"Buy\".<\/span><\/p>\n<p><span style=\"font-weight: 400;\">S\u00e9lectionnez DOGE dans le menu d\u00e9roulant du widget et entrez le montant que vous souhaitez d\u00e9penser. Choisissez un mode de paiement (carte de cr\u00e9dit\/d\u00e9bit ou esp\u00e8ces).<\/span><\/p>\n<p><span style=\"font-weight: 400;\">Kraken affiche le montant de DOGE que vous recevrez pour votre argent et tous les frais applicables \u00e0 votre achat. Cliquez sur confirmer, et le tour est jou\u00e9.\u00a0<\/span><\/p>\n<p><span style=\"font-weight: 400;\">Bien que cette m\u00e9thode soit id\u00e9ale pour les nouveaux utilisateurs, il existe une m\u00e9thode moins co\u00fbteuse pour acheter DOGE sur Kraken.<\/span><\/p>\n<p><img loading=\"lazy\" decoding=\"async\" class=\"alignnone wp-image-3416 size-full\" src=\"https:\/\/coinkickoff.com\/wp-content\/uploads\/kraken-trade1.png\" alt=\"\" width=\"1139\" height=\"206\" srcset=\"https:\/\/coinkickoff.com\/wp-content\/uploads\/kraken-trade1.png 1139w, https:\/\/coinkickoff.com\/wp-content\/uploads\/kraken-trade1-300x54.png 300w, https:\/\/coinkickoff.com\/wp-content\/uploads\/kraken-trade1-1024x185.png 1024w, https:\/\/coinkickoff.com\/wp-content\/uploads\/kraken-trade1-768x139.png 768w, https:\/\/coinkickoff.com\/wp-content\/uploads\/kraken-trade1-18x3.png 18w\" sizes=\"auto, (max-width: 1139px) 100vw, 1139px\" \/><\/p>\n<p><span style=\"font-weight: 400;\">Sur le tableau de bord principal, s\u00e9lectionnez \"Trade\". Cliquez sur l'onglet \"Nouvel ordre\" et choisissez \"Ordre simple\".\u00a0<\/span>\u00a0\u00a0<img loading=\"lazy\" decoding=\"async\" class=\"alignnone wp-image-3419 size-full\" src=\"https:\/\/coinkickoff.com\/wp-content\/uploads\/kraken-trade4-e1682504018815.png\" alt=\"\" width=\"1220\" height=\"309\" srcset=\"https:\/\/coinkickoff.com\/wp-content\/uploads\/kraken-trade4-e1682504018815.png 1220w, https:\/\/coinkickoff.com\/wp-content\/uploads\/kraken-trade4-e1682504018815-300x76.png 300w, https:\/\/coinkickoff.com\/wp-content\/uploads\/kraken-trade4-e1682504018815-1024x259.png 1024w, https:\/\/coinkickoff.com\/wp-content\/uploads\/kraken-trade4-e1682504018815-768x195.png 768w, https:\/\/coinkickoff.com\/wp-content\/uploads\/kraken-trade4-e1682504018815-18x5.png 18w\" sizes=\"auto, (max-width: 1220px) 100vw, 1220px\" \/><span style=\"font-weight: 400;\">Ajustez les types de devises sur le formulaire de commande. Par exemple, vous pouvez modifier la colonne des d\u00e9penses en USD et la colonne des achats en DOGE.<\/span><\/p>\n<p><span style=\"font-weight: 400;\">Indiquez le montant que vous souhaitez d\u00e9penser dans la colonne des d\u00e9penses. Dans l'onglet \"Prix\", indiquez le prix auquel vous souhaitez acheter DOGE. Un prix de march\u00e9 fixe vous sera automatiquement propos\u00e9, mais vous pouvez \u00e9galement fixer un prix vous-m\u00eame.<\/span><\/p>\n<p><span style=\"font-weight: 400;\">Lorsque vous acceptez le prix du march\u00e9 propos\u00e9, vous passez un ordre de march\u00e9. Cela signifie simplement que votre ordre sera ex\u00e9cut\u00e9 assez rapidement parce que vous acceptez l'offre de quelqu'un d'autre de vous vendre DOGE au prix qu'il a fix\u00e9.\u00a0<\/span><\/p>\n<p><span style=\"font-weight: 400;\">Lorsque vous fixez vous-m\u00eame un prix, l'ex\u00e9cution de la vente peut prendre un peu plus de temps car quelqu'un d'autre doit accepter de vous vendre DOGE \u00e0 ce prix. C'est ce qu'on appelle un ordre \u00e0 cours limit\u00e9.<\/span><\/p>\n<p><span style=\"font-weight: 400;\">Passez en revue votre commande et cliquez sur \"Acheter\".<\/span><\/p>\n<p><span style=\"font-weight: 400;\">Vous pouvez cliquer sur l'onglet des commandes pour voir si la transaction a \u00e9t\u00e9 effectu\u00e9e. Si l'ordre est ferm\u00e9, vous avez achet\u00e9 avec succ\u00e8s le coin. Si la commande est ouverte, vous attendez toujours que quelqu'un vous vende le DOGE.<\/span><\/p>\n<p><span style=\"font-weight: 400;\">Le tour est jou\u00e9. F\u00e9licitations !\u00a0<\/span><\/p>","protected":false},"excerpt":{"rendered":"<p>Comment acheter du Dogecoin sur Kraken Le Dogecoin (DOGE) est l'une des plus grandes crypto-monnaies en termes de capitalisation boursi\u00e8re, malgr\u00e9 ou peut-\u00eatre \u00e0 cause de son statut de premier m\u00e8me coin au monde. Le token a \u00e9t\u00e9 lanc\u00e9 principalement comme une blague, inspir\u00e9e par le \"doge meme\", mais a rapidement gagn\u00e9 en popularit\u00e9 gr\u00e2ce \u00e0 l'internet et aux m\u00e9dias sociaux. Si [...]<\/p>","protected":false},"author":3,"featured_media":155,"parent":3196,"menu_order":0,"comment_status":"closed","ping_status":"closed","template":"","meta":{"_genesis_hide_title":false,"_genesis_hide_breadcrumbs":false,"_genesis_hide_singular_image":false,"_genesis_hide_footer_widgets":false,"_genesis_custom_body_class":"","_genesis_custom_post_class":"","_genesis_layout":"","_glsr_average":0,"_glsr_ranking":0,"_glsr_reviews":0,"footnotes":""},"class_list":{"0":"post-3404","1":"page","2":"type-page","3":"status-publish","4":"has-post-thumbnail","6":"entry"},"featured_image_src":"https:\/\/coinkickoff.com\/wp-content\/uploads\/2022\/06\/Dogecoin-DOGE-600x400.jpg","featured_image_src_square":"https:\/\/coinkickoff.com\/wp-content\/uploads\/2022\/06\/Dogecoin-DOGE-600x600.jpg","_links":{"self":[{"href":"https:\/\/coinkickoff.com\/fr\/wp-json\/wp\/v2\/pages\/3404","targetHints":{"allow":["GET"]}}],"collection":[{"href":"https:\/\/coinkickoff.com\/fr\/wp-json\/wp\/v2\/pages"}],"about":[{"href":"https:\/\/coinkickoff.com\/fr\/wp-json\/wp\/v2\/types\/page"}],"author":[{"embeddable":true,"href":"https:\/\/coinkickoff.com\/fr\/wp-json\/wp\/v2\/users\/3"}],"replies":[{"embeddable":true,"href":"https:\/\/coinkickoff.com\/fr\/wp-json\/wp\/v2\/comments?post=3404"}],"version-history":[{"count":3,"href":"https:\/\/coinkickoff.com\/fr\/wp-json\/wp\/v2\/pages\/3404\/revisions"}],"predecessor-version":[{"id":4494,"href":"https:\/\/coinkickoff.com\/fr\/wp-json\/wp\/v2\/pages\/3404\/revisions\/4494"}],"up":[{"embeddable":true,"href":"https:\/\/coinkickoff.com\/fr\/wp-json\/wp\/v2\/pages\/3196"}],"wp:featuredmedia":[{"embeddable":true,"href":"https:\/\/coinkickoff.com\/fr\/wp-json\/wp\/v2\/media\/155"}],"wp:attachment":[{"href":"https:\/\/coinkickoff.com\/fr\/wp-json\/wp\/v2\/media?parent=3404"}],"curies":[{"name":"wp","href":"https:\/\/api.w.org\/{rel}","templated":true}]}}