{"id":3244,"date":"2026-01-08T14:07:32","date_gmt":"2026-01-08T14:07:32","guid":{"rendered":"https:\/\/coinkickoff.com\/?page_id=3244"},"modified":"2026-01-08T14:07:32","modified_gmt":"2026-01-08T14:07:32","slug":"how-to-buy-dogecoin-on-binance","status":"publish","type":"page","link":"https:\/\/coinkickoff.com\/fr\/how-to-buy-dogecoin\/how-to-buy-dogecoin-on-binance\/","title":{"rendered":"Comment acheter Dogecoin (DOGE) sur Binance"},"content":{"rendered":"<div id=\"ez-toc-container\" class=\"ez-toc-v2_0_80 counter-hierarchy ez-toc-counter ez-toc-transparent ez-toc-container-direction\">\n<div class=\"ez-toc-title-container\">\n<p class=\"ez-toc-title\" style=\"cursor:inherit\">Sections<\/p>\n<span class=\"ez-toc-title-toggle\"><a href=\"#\" class=\"ez-toc-pull-right ez-toc-btn ez-toc-btn-xs ez-toc-btn-default ez-toc-toggle\" aria-label=\"Toggle Table des mati\u00e8res\"><span class=\"ez-toc-js-icon-con\"><span class=\"\"><span class=\"eztoc-hide\" style=\"display:none;\">Toggle<\/span><span class=\"ez-toc-icon-toggle-span\"><svg style=\"fill: #999;color:#999\" xmlns=\"http:\/\/www.w3.org\/2000\/svg\" class=\"list-377408\" width=\"20px\" height=\"20px\" viewbox=\"0 0 24 24\" fill=\"none\"><path d=\"M6 6H4v2h2V6zm14 0H8v2h12V6zM4 11h2v2H4v-2zm16 0H8v2h12v-2zM4 16h2v2H4v-2zm16 0H8v2h12v-2z\" fill=\"currentColor\"><\/path><\/svg><svg style=\"fill: #999;color:#999\" class=\"arrow-unsorted-368013\" xmlns=\"http:\/\/www.w3.org\/2000\/svg\" width=\"10px\" height=\"10px\" viewbox=\"0 0 24 24\" version=\"1.2\" baseprofile=\"tiny\"><path d=\"M18.2 9.3l-6.2-6.3-6.2 6.3c-.2.2-.3.4-.3.7s.1.5.3.7c.2.2.4.3.7.3h11c.3 0 .5-.1.7-.3.2-.2.3-.5.3-.7s-.1-.5-.3-.7zM5.8 14.7l6.2 6.3 6.2-6.3c.2-.2.3-.5.3-.7s-.1-.5-.3-.7c-.2-.2-.4-.3-.7-.3h-11c-.3 0-.5.1-.7.3-.2.2-.3.5-.3.7s.1.5.3.7z\"\/><\/svg><\/span><\/span><\/span><\/a><\/span><\/div>\n<nav><ul class='ez-toc-list ez-toc-list-level-1 eztoc-toggle-hide-by-default' ><li class='ez-toc-page-1 ez-toc-heading-level-2'><a class=\"ez-toc-link ez-toc-heading-1\" href=\"https:\/\/coinkickoff.com\/fr\/how-to-buy-dogecoin\/how-to-buy-dogecoin-on-binance\/#How_to_Buy_Dogecoin_on_Binance\" >Comment acheter Dogecoin sur Binance<\/a><\/li><li class='ez-toc-page-1 ez-toc-heading-level-2'><a class=\"ez-toc-link ez-toc-heading-2\" href=\"https:\/\/coinkickoff.com\/fr\/how-to-buy-dogecoin\/how-to-buy-dogecoin-on-binance\/#A_Step-By-Step_Guide_on_How_to_Buy_Dogecoin_on_Binance\" >Un guide \u00e9tape par \u00e9tape sur la fa\u00e7on d'acheter Dogecoin sur Binance<\/a><ul class='ez-toc-list-level-3' ><li class='ez-toc-heading-level-3'><a class=\"ez-toc-link ez-toc-heading-3\" href=\"https:\/\/coinkickoff.com\/fr\/how-to-buy-dogecoin\/how-to-buy-dogecoin-on-binance\/#1_Register_an_Account\" >1. Ouvrir un compte<\/a><\/li><li class='ez-toc-page-1 ez-toc-heading-level-3'><a class=\"ez-toc-link ez-toc-heading-4\" href=\"https:\/\/coinkickoff.com\/fr\/how-to-buy-dogecoin\/how-to-buy-dogecoin-on-binance\/#2_Verify_Your_Account\" >2. V\u00e9rifier votre compte<\/a><\/li><li class='ez-toc-page-1 ez-toc-heading-level-3'><a class=\"ez-toc-link ez-toc-heading-5\" href=\"https:\/\/coinkickoff.com\/fr\/how-to-buy-dogecoin\/how-to-buy-dogecoin-on-binance\/#3_Deposit_FundsCrypto\" >3. D\u00e9p\u00f4t de fonds\/Crypto<\/a><\/li><li class='ez-toc-page-1 ez-toc-heading-level-3'><a class=\"ez-toc-link ez-toc-heading-6\" href=\"https:\/\/coinkickoff.com\/fr\/how-to-buy-dogecoin\/how-to-buy-dogecoin-on-binance\/#Once_you_complete_identity_verification_you_can_easily_deposit_funds_to_your_Binance_account_There_are_a_couple_of_different_ways_to_fund_your_account_on_Binance\" >Une fois votre identit\u00e9 v\u00e9rifi\u00e9e, vous pouvez facilement d\u00e9poser des fonds sur votre compte Binance. Il existe plusieurs fa\u00e7ons d'approvisionner votre compte sur Binance.<\/a><\/li><li class='ez-toc-page-1 ez-toc-heading-level-3'><a class=\"ez-toc-link ez-toc-heading-7\" href=\"https:\/\/coinkickoff.com\/fr\/how-to-buy-dogecoin\/how-to-buy-dogecoin-on-binance\/#4_Navigate_to_the_Relevant_Screen_to_Buy\" >4. Naviguez jusqu'\u00e0 l'\u00e9cran appropri\u00e9 pour acheter<\/a><\/li><\/ul><\/li><\/ul><\/nav><\/div>\n<h2><span class=\"ez-toc-section\" id=\"How_to_Buy_Dogecoin_on_Binance\"><\/span>Comment acheter Dogecoin sur Binance<span class=\"ez-toc-section-end\"><\/span><\/h2>\n<p><span style=\"font-weight: 400;\"><a href=\"https:\/\/coinkickoff.com\/fr\/dogecoin-doge\/\" data-internallinksmanager029f6b8e52c=\"14\" title=\"Qu&#039;est-ce que Dogecoin (DOGE) ? Comment \u00e7a marche et o\u00f9 l&#039;acheter ?\">Dogecoin<\/a> est une crypto-monnaie c\u00e9l\u00e8bre que vous pouvez n\u00e9gocier sur tous les sites populaires de la plan\u00e8te. <a href=\"https:\/\/coinkickoff.com\/fr\/crypto-exchanges\/\" data-internallinksmanager029f6b8e52c=\"141\" title=\"21 meilleurs \u00e9changes de crypto-monnaies et applications en 2024\">les \u00e9changes de crypto<\/a>. DOGE est surtout connu comme un <\/span><i><span style=\"font-weight: 400;\">m\u00e8me ou blague coin<\/span><\/i><span style=\"font-weight: 400;\">. La raison en est que l'actif n'a pas \u00e9t\u00e9 con\u00e7u pour transf\u00e9rer de la valeur ou combler les lacunes du march\u00e9 pour un cas d'utilisation sp\u00e9cifique. N\u00e9anmoins, l'actif est devenu tr\u00e8s populaire sur l'internet gr\u00e2ce \u00e0 <\/span><a href=\"https:\/\/www.businessinsider.com\/history-elon-musk-love-affair-dogecoin-2022-7\" target=\"_blank\" rel=\"noopener\"><span style=\"font-weight: 400;\">l'appui des c\u00e9l\u00e9brit\u00e9s<\/span><\/a><span style=\"font-weight: 400;\">, principalement par Elon Musk.<\/span><\/p>\n<p><span style=\"font-weight: 400;\">Si vous souhaitez acheter Dogecoin sur le site <a href=\"https:\/\/coinkickoff.com\/fr\/binance-review\/\" data-internallinksmanager029f6b8e52c=\"152\" title=\"Binance Examens 2024 : Caract\u00e9ristiques, prix, s\u00e9curit\u00e9, pour et contre\">Binance<\/a> mais que vous ne savez pas par o\u00f9 commencer, nous avons ce qu'il vous faut. Voici comment acheter Dogecoin contre Binance, \u00e9tape par \u00e9tape.<\/span><\/p>\n<h2><span class=\"ez-toc-section\" id=\"A_Step-By-Step_Guide_on_How_to_Buy_Dogecoin_on_Binance\"><\/span><span style=\"font-weight: 400;\">Un guide \u00e9tape par \u00e9tape sur la fa\u00e7on d'acheter Dogecoin sur Binance<\/span><span class=\"ez-toc-section-end\"><\/span><\/h2>\n<h3><span class=\"ez-toc-section\" id=\"1_Register_an_Account\"><\/span><span style=\"font-weight: 400;\">1. Ouvrir un compte<\/span><span class=\"ez-toc-section-end\"><\/span><\/h3>\n<p><span style=\"font-weight: 400;\">Si vous n'avez pas encore de compte Binance, la premi\u00e8re \u00e9tape consiste \u00e0 vous rendre \u00e0 l'adresse suivante <\/span><a href=\"https:\/\/accounts.binance.com\/register?ref=BLJQ60RW\" target=\"_blank\" rel=\"noopener\"><span style=\"font-weight: 400;\">Site officiel de Binance<\/span><\/a><span style=\"font-weight: 400;\"> pour ouvrir un compte.\u00a0<\/span><\/p>\n<p><img loading=\"lazy\" decoding=\"async\" class=\"alignnone wp-image-3245 size-full\" src=\"https:\/\/coinkickoff.com\/wp-content\/uploads\/binance-register.png\" alt=\"acheter doge sur binance s&#039;inscrire\" width=\"1430\" height=\"798\" srcset=\"https:\/\/coinkickoff.com\/wp-content\/uploads\/binance-register.png 1430w, https:\/\/coinkickoff.com\/wp-content\/uploads\/binance-register-300x167.png 300w, https:\/\/coinkickoff.com\/wp-content\/uploads\/binance-register-1024x571.png 1024w, https:\/\/coinkickoff.com\/wp-content\/uploads\/binance-register-768x429.png 768w, https:\/\/coinkickoff.com\/wp-content\/uploads\/binance-register-18x10.png 18w\" sizes=\"auto, (max-width: 1430px) 100vw, 1430px\" \/><\/p>\n<p><span style=\"font-weight: 400;\">L'ouverture d'un compte Binance est tr\u00e8s simple : il vous suffit de vous inscrire en indiquant votre adresse e-mail ou votre num\u00e9ro de t\u00e9l\u00e9phone. Binance vous enverra un code de v\u00e9rification pour vous connecter \u00e0 votre nouveau compte.<\/span><\/p>\n<h3><span class=\"ez-toc-section\" id=\"2_Verify_Your_Account\"><\/span><span style=\"font-weight: 400;\">2. V\u00e9rifier votre compte<\/span><span class=\"ez-toc-section-end\"><\/span><\/h3>\n<p><span style=\"font-weight: 400;\">Une fois connect\u00e9, Binance vous demandera de v\u00e9rifier votre identit\u00e9 pour pouvoir commencer \u00e0 trader sur la plateforme. Vous ne pouvez pas d\u00e9poser de fonds sur votre compte Binance sans avoir v\u00e9rifi\u00e9 votre identit\u00e9, il s'agit donc d'une \u00e9tape cruciale.<\/span><\/p>\n<p><img loading=\"lazy\" decoding=\"async\" class=\"alignnone wp-image-3247 size-full\" src=\"https:\/\/coinkickoff.com\/wp-content\/uploads\/binance-verification-0-e1680852870897.png\" alt=\"v\u00e9rification de binance \" width=\"1410\" height=\"572\" \/><\/p>\n<p><span style=\"font-weight: 400;\">Si vous ne v\u00e9rifiez pas votre identit\u00e9 lors de votre premi\u00e8re connexion, ne vous inqui\u00e9tez pas. Binance vous invitera constamment \u00e0 v\u00e9rifier votre identit\u00e9, ou vous pouvez simplement naviguer vers la section profil du tableau de bord (ic\u00f4ne de profil en haut \u00e0 droite).<\/span><\/p>\n<p><img loading=\"lazy\" decoding=\"async\" class=\"alignnone wp-image-3246 size-full\" src=\"https:\/\/coinkickoff.com\/wp-content\/uploads\/binance-verification.png\" alt=\"v\u00e9rification de binance\" width=\"1239\" height=\"752\" srcset=\"https:\/\/coinkickoff.com\/wp-content\/uploads\/binance-verification.png 1239w, https:\/\/coinkickoff.com\/wp-content\/uploads\/binance-verification-300x182.png 300w, https:\/\/coinkickoff.com\/wp-content\/uploads\/binance-verification-1024x622.png 1024w, https:\/\/coinkickoff.com\/wp-content\/uploads\/binance-verification-768x466.png 768w, https:\/\/coinkickoff.com\/wp-content\/uploads\/binance-verification-18x12.png 18w\" sizes=\"auto, (max-width: 1239px) 100vw, 1239px\" \/><\/p>\n<p><span style=\"font-weight: 400;\">Il suffit de cliquer sur \"Get Verified\" pour lancer la proc\u00e9dure de v\u00e9rification.<\/span><\/p>\n<p><span style=\"font-weight: 400;\">Sur la nouvelle page de v\u00e9rification, s\u00e9lectionnez votre pays de r\u00e9sidence et votre r\u00e9gion. Les exigences en mati\u00e8re de v\u00e9rification de l'identit\u00e9 varient d'une r\u00e9gion \u00e0 l'autre ; il est donc important de choisir le bon pays.<\/span><\/p>\n<p><img loading=\"lazy\" decoding=\"async\" class=\"alignnone wp-image-3248 size-full\" src=\"https:\/\/coinkickoff.com\/wp-content\/uploads\/binance-verification-2.png\" alt=\"\" width=\"563\" height=\"686\" srcset=\"https:\/\/coinkickoff.com\/wp-content\/uploads\/binance-verification-2.png 563w, https:\/\/coinkickoff.com\/wp-content\/uploads\/binance-verification-2-246x300.png 246w, https:\/\/coinkickoff.com\/wp-content\/uploads\/binance-verification-2-10x12.png 10w\" sizes=\"auto, (max-width: 563px) 100vw, 563px\" \/><\/p>\n<p><span style=\"font-weight: 400;\">Une fois que vous avez s\u00e9lectionn\u00e9 votre pays, vous pouvez saisir des informations suppl\u00e9mentaires. Le Binance vous demande g\u00e9n\u00e9ralement de saisir votre nom l\u00e9gal, votre date de naissance et votre pays. Vous devez \u00e9galement pr\u00e9senter une photo d'identit\u00e9 (page de passeport ou permis de conduire).<\/span><\/p>\n<h3><span class=\"ez-toc-section\" id=\"3_Deposit_FundsCrypto\"><\/span><span style=\"font-weight: 400;\">3. D\u00e9p\u00f4t de fonds\/Crypto<\/span><span class=\"ez-toc-section-end\"><\/span><\/h3>\n<h3><img loading=\"lazy\" decoding=\"async\" class=\"alignnone wp-image-3254 size-full\" src=\"https:\/\/coinkickoff.com\/wp-content\/uploads\/binance-deposit-2.png\" alt=\"\" width=\"926\" height=\"796\" srcset=\"https:\/\/coinkickoff.com\/wp-content\/uploads\/binance-deposit-2.png 926w, https:\/\/coinkickoff.com\/wp-content\/uploads\/binance-deposit-2-300x258.png 300w, https:\/\/coinkickoff.com\/wp-content\/uploads\/binance-deposit-2-768x660.png 768w, https:\/\/coinkickoff.com\/wp-content\/uploads\/binance-deposit-2-14x12.png 14w\" sizes=\"auto, (max-width: 926px) 100vw, 926px\" \/><\/h3>\n<h3><span class=\"ez-toc-section\" id=\"Once_you_complete_identity_verification_you_can_easily_deposit_funds_to_your_Binance_account_There_are_a_couple_of_different_ways_to_fund_your_account_on_Binance\"><\/span><span style=\"font-weight: 400;\">Une fois votre identit\u00e9 v\u00e9rifi\u00e9e, vous pouvez facilement d\u00e9poser des fonds sur votre compte Binance. Il existe plusieurs fa\u00e7ons d'approvisionner votre compte sur Binance.<\/span><span class=\"ez-toc-section-end\"><\/span><\/h3>\n<p><span style=\"font-weight: 400;\">Commencez par cliquer sur \"D\u00e9p\u00f4t\" (dans le coin sup\u00e9rieur droit). Binance vous propose quatre fa\u00e7ons de recevoir des fonds sur votre compte.\u00a0<\/span><\/p>\n<p><span style=\"font-weight: 400;\">Si vous poss\u00e9dez d\u00e9j\u00e0 des crypto-monnaies sur un autre portefeuille, vous pouvez envoyer vos actifs vers votre portefeuille Binance en choisissant \"D\u00e9poser des crypto-monnaies\" ou recevoir des crypto-monnaies d'autres exp\u00e9diteurs en s\u00e9lectionnant \"Recevoir des crypto-monnaies\".<\/span><\/p>\n<p><span style=\"font-weight: 400;\">Si vous ne poss\u00e9dez pas de crypto, vous pouvez acheter DOGE sur Binance en ajoutant des fonds \u00e0 votre compte ou en associant un moyen de paiement comme les cartes de cr\u00e9dit, Google Pay ou Apple Pay.<\/span><\/p>\n<p><span style=\"font-weight: 400;\">Pour d\u00e9poser de la monnaie fiduciaire sur votre compte Binance, s\u00e9lectionnez \"Deposit Fiat\". Sur la page de d\u00e9p\u00f4t, s\u00e9lectionnez la devise et la m\u00e9thode de d\u00e9p\u00f4t de votre choix.\u00a0<\/span><\/p>\n<p><img loading=\"lazy\" decoding=\"async\" class=\"alignnone wp-image-3256 size-full\" src=\"https:\/\/coinkickoff.com\/wp-content\/uploads\/binance-fiat-deposit-3.png\" alt=\"\" width=\"1052\" height=\"778\" srcset=\"https:\/\/coinkickoff.com\/wp-content\/uploads\/binance-fiat-deposit-3.png 1052w, https:\/\/coinkickoff.com\/wp-content\/uploads\/binance-fiat-deposit-3-300x222.png 300w, https:\/\/coinkickoff.com\/wp-content\/uploads\/binance-fiat-deposit-3-1024x757.png 1024w, https:\/\/coinkickoff.com\/wp-content\/uploads\/binance-fiat-deposit-3-768x568.png 768w, https:\/\/coinkickoff.com\/wp-content\/uploads\/binance-fiat-deposit-3-16x12.png 16w\" sizes=\"auto, (max-width: 1052px) 100vw, 1052px\" \/><\/p>\n<p><span style=\"font-weight: 400;\">Les m\u00e9thodes de paiement varient d'un pays \u00e0 l'autre, mais la plupart des utilisateurs peuvent facilement d\u00e9poser des fonds sur leur compte par virement bancaire. D'autres options, comme PayPal et les achats par carte de cr\u00e9dit ou de d\u00e9bit, peuvent \u00e9galement \u00eatre disponibles, mais elles sont souvent plus co\u00fbteuses. Pour conna\u00eetre le d\u00e9tail des frais de Binance, consultez notre avis sur Binance.<\/span><\/p>\n<p><span style=\"font-weight: 400;\">Une fois que vous avez s\u00e9lectionn\u00e9 le mode de paiement que vous souhaitez utiliser, cliquez sur \"Continuer\".<\/span><\/p>\n<h3><span class=\"ez-toc-section\" id=\"4_Navigate_to_the_Relevant_Screen_to_Buy\"><\/span><span style=\"font-weight: 400;\">4. Naviguez jusqu'\u00e0 l'\u00e9cran appropri\u00e9 pour acheter<\/span><span class=\"ez-toc-section-end\"><\/span><\/h3>\n<p><span style=\"font-weight: 400;\">La mani\u00e8re la plus simple d'acheter DOGE sur Binance est de se rendre sur la page \"Acheter du Crypto\".\u00a0<\/span><\/p>\n<p><img loading=\"lazy\" decoding=\"async\" class=\"alignnone wp-image-3249 size-full\" src=\"https:\/\/coinkickoff.com\/wp-content\/uploads\/binance-buy-sell-crypto.png\" alt=\"\" width=\"1056\" height=\"642\" srcset=\"https:\/\/coinkickoff.com\/wp-content\/uploads\/binance-buy-sell-crypto.png 1056w, https:\/\/coinkickoff.com\/wp-content\/uploads\/binance-buy-sell-crypto-300x182.png 300w, https:\/\/coinkickoff.com\/wp-content\/uploads\/binance-buy-sell-crypto-1024x623.png 1024w, https:\/\/coinkickoff.com\/wp-content\/uploads\/binance-buy-sell-crypto-768x467.png 768w, https:\/\/coinkickoff.com\/wp-content\/uploads\/binance-buy-sell-crypto-18x12.png 18w\" sizes=\"auto, (max-width: 1056px) 100vw, 1056px\" \/><\/p>\n<p><span style=\"font-weight: 400;\">Une fois que vous \u00eates sur la page d'achat\/vente, vous achetez ou vendez facilement des crypto-monnaies en entrant la somme d'argent que vous voulez d\u00e9penser ou la quantit\u00e9 de crypto-monnaies que vous voulez acheter.<\/span><\/p>\n<p><img loading=\"lazy\" decoding=\"async\" class=\"alignnone wp-image-3250 size-full\" src=\"https:\/\/coinkickoff.com\/wp-content\/uploads\/binance-buy-sell-crypto-2.png\" alt=\"\" width=\"1079\" height=\"634\" srcset=\"https:\/\/coinkickoff.com\/wp-content\/uploads\/binance-buy-sell-crypto-2.png 1079w, https:\/\/coinkickoff.com\/wp-content\/uploads\/binance-buy-sell-crypto-2-300x176.png 300w, https:\/\/coinkickoff.com\/wp-content\/uploads\/binance-buy-sell-crypto-2-1024x602.png 1024w, https:\/\/coinkickoff.com\/wp-content\/uploads\/binance-buy-sell-crypto-2-768x451.png 768w, https:\/\/coinkickoff.com\/wp-content\/uploads\/binance-buy-sell-crypto-2-18x12.png 18w\" sizes=\"auto, (max-width: 1079px) 100vw, 1079px\" \/><\/p>\n<p><span style=\"font-weight: 400;\">Une fois que vous avez saisi la somme d'argent que vous souhaitez d\u00e9penser, vous verrez combien de crypto vous recevrez.<\/span><\/p>\n<p><img loading=\"lazy\" decoding=\"async\" class=\"alignnone wp-image-3252 size-full\" src=\"https:\/\/coinkickoff.com\/wp-content\/uploads\/binance-crypto-buy-sell-5.png\" alt=\"\" width=\"1047\" height=\"640\" srcset=\"https:\/\/coinkickoff.com\/wp-content\/uploads\/binance-crypto-buy-sell-5.png 1047w, https:\/\/coinkickoff.com\/wp-content\/uploads\/binance-crypto-buy-sell-5-300x183.png 300w, https:\/\/coinkickoff.com\/wp-content\/uploads\/binance-crypto-buy-sell-5-1024x626.png 1024w, https:\/\/coinkickoff.com\/wp-content\/uploads\/binance-crypto-buy-sell-5-768x469.png 768w, https:\/\/coinkickoff.com\/wp-content\/uploads\/binance-crypto-buy-sell-5-18x12.png 18w\" sizes=\"auto, (max-width: 1047px) 100vw, 1047px\" \/><\/p>\n<p><span style=\"font-weight: 400;\">Puisque vous souhaitez acheter Dogecoin, cliquez sur le lien suivant <a href=\"https:\/\/coinkickoff.com\/fr\/bitcoin-btc\/\" data-internallinksmanager029f6b8e52c=\"1\" title=\"Qu&#039;est-ce que Bitcoin (BTC) ? Prix, historique et o\u00f9 acheter\">BTC<\/a> sur l'onglet \"Recevoir\". Cela ouvre un menu de tous les diff\u00e9rents actifs que vous pouvez acheter. \u00c9crivez DOGE dans la barre de recherche du menu pour le retrouver facilement.<\/span><\/p>\n<p><img loading=\"lazy\" decoding=\"async\" class=\"alignnone wp-image-3255 size-full\" src=\"https:\/\/coinkickoff.com\/wp-content\/uploads\/BINANCE-DOGE-SELECT.png\" alt=\"\" width=\"1195\" height=\"649\" srcset=\"https:\/\/coinkickoff.com\/wp-content\/uploads\/BINANCE-DOGE-SELECT.png 1195w, https:\/\/coinkickoff.com\/wp-content\/uploads\/BINANCE-DOGE-SELECT-300x163.png 300w, https:\/\/coinkickoff.com\/wp-content\/uploads\/BINANCE-DOGE-SELECT-1024x556.png 1024w, https:\/\/coinkickoff.com\/wp-content\/uploads\/BINANCE-DOGE-SELECT-768x417.png 768w, https:\/\/coinkickoff.com\/wp-content\/uploads\/BINANCE-DOGE-SELECT-18x10.png 18w\" sizes=\"auto, (max-width: 1195px) 100vw, 1195px\" \/><\/p>\n<p><span style=\"font-weight: 400;\">S\u00e9lectionnez-le et la page affichera la quantit\u00e9 de DOGE que vous pouvez acheter pour le montant que vous souhaitez d\u00e9penser.<\/span><\/p>\n<p><img loading=\"lazy\" decoding=\"async\" class=\"alignnone wp-image-3261 size-large\" src=\"https:\/\/coinkickoff.com\/wp-content\/uploads\/buy-doge-on-binance-2-1024x573.png\" alt=\"acheter dogecoin sur binance\" width=\"1024\" height=\"573\" srcset=\"https:\/\/coinkickoff.com\/wp-content\/uploads\/buy-doge-on-binance-2-1024x573.png 1024w, https:\/\/coinkickoff.com\/wp-content\/uploads\/buy-doge-on-binance-2-300x168.png 300w, https:\/\/coinkickoff.com\/wp-content\/uploads\/buy-doge-on-binance-2-768x430.png 768w, https:\/\/coinkickoff.com\/wp-content\/uploads\/buy-doge-on-binance-2-18x10.png 18w, https:\/\/coinkickoff.com\/wp-content\/uploads\/buy-doge-on-binance-2.png 1432w\" sizes=\"auto, (max-width: 1024px) 100vw, 1024px\" \/><\/p>\n<p><span style=\"font-weight: 400;\">Enfin, cliquez sur ACHETER DOGE. C'est aussi simple que cela d'acheter Dogecoin sur Binance.<\/span><\/p>\n<p><span style=\"font-weight: 400;\">Si vous souhaitez acheter du Dogecoin ou d'autres actifs num\u00e9riques sur d'autres march\u00e9s, consultez notre rubrique <\/span><a href=\"https:\/\/coinkickoff.com\/fr\/crypto-exchanges\/\"><span style=\"font-weight: 400;\">Revue des 22 meilleurs \u00e9changes de crypto-monnaies<\/span><\/a><span style=\"font-weight: 400;\"> et huit autres alternatives.<\/span><\/p>","protected":false},"excerpt":{"rendered":"<p>Comment acheter Dogecoin sur Binance Dogecoin est une crypto-monnaie c\u00e9l\u00e8bre que vous pouvez \u00e9changer sur tous les \u00e9changes de crypto-monnaies populaires. Le DOGE est surtout connu comme un m\u00e8me ou une blague coin. La raison en est que l'actif n'a pas \u00e9t\u00e9 con\u00e7u pour transf\u00e9rer de la valeur ou combler les lacunes du march\u00e9 pour un cas d'utilisation sp\u00e9cifique. N\u00e9anmoins, l'actif [...]<\/p>","protected":false},"author":3,"featured_media":3261,"parent":3196,"menu_order":0,"comment_status":"closed","ping_status":"closed","template":"","meta":{"_genesis_hide_title":false,"_genesis_hide_breadcrumbs":false,"_genesis_hide_singular_image":false,"_genesis_hide_footer_widgets":false,"_genesis_custom_body_class":"","_genesis_custom_post_class":"","_genesis_layout":"","_glsr_average":0,"_glsr_ranking":0,"_glsr_reviews":0,"footnotes":""},"class_list":{"0":"post-3244","1":"page","2":"type-page","3":"status-publish","4":"has-post-thumbnail","6":"entry"},"featured_image_src":"https:\/\/coinkickoff.com\/wp-content\/uploads\/buy-doge-on-binance-2-600x400.png","featured_image_src_square":"https:\/\/coinkickoff.com\/wp-content\/uploads\/buy-doge-on-binance-2-600x600.png","_links":{"self":[{"href":"https:\/\/coinkickoff.com\/fr\/wp-json\/wp\/v2\/pages\/3244","targetHints":{"allow":["GET"]}}],"collection":[{"href":"https:\/\/coinkickoff.com\/fr\/wp-json\/wp\/v2\/pages"}],"about":[{"href":"https:\/\/coinkickoff.com\/fr\/wp-json\/wp\/v2\/types\/page"}],"author":[{"embeddable":true,"href":"https:\/\/coinkickoff.com\/fr\/wp-json\/wp\/v2\/users\/3"}],"replies":[{"embeddable":true,"href":"https:\/\/coinkickoff.com\/fr\/wp-json\/wp\/v2\/comments?post=3244"}],"version-history":[{"count":4,"href":"https:\/\/coinkickoff.com\/fr\/wp-json\/wp\/v2\/pages\/3244\/revisions"}],"predecessor-version":[{"id":4487,"href":"https:\/\/coinkickoff.com\/fr\/wp-json\/wp\/v2\/pages\/3244\/revisions\/4487"}],"up":[{"embeddable":true,"href":"https:\/\/coinkickoff.com\/fr\/wp-json\/wp\/v2\/pages\/3196"}],"wp:featuredmedia":[{"embeddable":true,"href":"https:\/\/coinkickoff.com\/fr\/wp-json\/wp\/v2\/media\/3261"}],"wp:attachment":[{"href":"https:\/\/coinkickoff.com\/fr\/wp-json\/wp\/v2\/media?parent=3244"}],"curies":[{"name":"wp","href":"https:\/\/api.w.org\/{rel}","templated":true}]}}