{"id":3196,"date":"2026-01-08T14:07:36","date_gmt":"2026-01-08T14:07:36","guid":{"rendered":"https:\/\/coinkickoff.com\/?page_id=3196"},"modified":"2026-01-08T14:07:36","modified_gmt":"2026-01-08T14:07:36","slug":"how-to-buy-dogecoin","status":"publish","type":"page","link":"https:\/\/coinkickoff.com\/fr\/how-to-buy-dogecoin\/","title":{"rendered":"Comment acheter Dogecoin (DOGE)"},"content":{"rendered":"<p><span style=\"font-weight: 400;\"><img loading=\"lazy\" decoding=\"async\" class=\"aligncenter wp-image-155 size-full\" src=\"https:\/\/coinkickoff.com\/wp-content\/uploads\/2022\/06\/Dogecoin-DOGE.jpg\" alt=\"Comment acheter dogecoin\" width=\"1000\" height=\"800\" srcset=\"https:\/\/coinkickoff.com\/wp-content\/uploads\/2022\/06\/Dogecoin-DOGE.jpg 1000w, https:\/\/coinkickoff.com\/wp-content\/uploads\/2022\/06\/Dogecoin-DOGE-300x240.jpg 300w, https:\/\/coinkickoff.com\/wp-content\/uploads\/2022\/06\/Dogecoin-DOGE-768x614.jpg 768w, https:\/\/coinkickoff.com\/wp-content\/uploads\/2022\/06\/Dogecoin-DOGE-15x12.jpg 15w\" sizes=\"auto, (max-width: 1000px) 100vw, 1000px\" \/>Si vous souhaitez acheter <a href=\"https:\/\/coinkickoff.com\/fr\/dogecoin-doge\/\" data-internallinksmanager029f6b8e52c=\"14\" title=\"Qu&#039;est-ce que Dogecoin (DOGE) ? Comment \u00e7a marche et o\u00f9 l&#039;acheter ?\">Dogecoin<\/a> et que vous ne savez pas par o\u00f9 commencer, vous \u00eates au bon endroit. Nous allons vous montrer comment et o\u00f9 acheter DOGE avec des instructions \u00e9tape par \u00e9tape.<\/span><\/p>\n<div id=\"ez-toc-container\" class=\"ez-toc-v2_0_80 counter-hierarchy ez-toc-counter ez-toc-transparent ez-toc-container-direction\">\n<div class=\"ez-toc-title-container\">\n<p class=\"ez-toc-title\" style=\"cursor:inherit\">Sections<\/p>\n<span class=\"ez-toc-title-toggle\"><a href=\"#\" class=\"ez-toc-pull-right ez-toc-btn ez-toc-btn-xs ez-toc-btn-default ez-toc-toggle\" aria-label=\"Toggle Table des mati\u00e8res\"><span class=\"ez-toc-js-icon-con\"><span class=\"\"><span class=\"eztoc-hide\" style=\"display:none;\">Toggle<\/span><span class=\"ez-toc-icon-toggle-span\"><svg style=\"fill: #999;color:#999\" xmlns=\"http:\/\/www.w3.org\/2000\/svg\" class=\"list-377408\" width=\"20px\" height=\"20px\" viewbox=\"0 0 24 24\" fill=\"none\"><path d=\"M6 6H4v2h2V6zm14 0H8v2h12V6zM4 11h2v2H4v-2zm16 0H8v2h12v-2zM4 16h2v2H4v-2zm16 0H8v2h12v-2z\" fill=\"currentColor\"><\/path><\/svg><svg style=\"fill: #999;color:#999\" class=\"arrow-unsorted-368013\" xmlns=\"http:\/\/www.w3.org\/2000\/svg\" width=\"10px\" height=\"10px\" viewbox=\"0 0 24 24\" version=\"1.2\" baseprofile=\"tiny\"><path d=\"M18.2 9.3l-6.2-6.3-6.2 6.3c-.2.2-.3.4-.3.7s.1.5.3.7c.2.2.4.3.7.3h11c.3 0 .5-.1.7-.3.2-.2.3-.5.3-.7s-.1-.5-.3-.7zM5.8 14.7l6.2 6.3 6.2-6.3c.2-.2.3-.5.3-.7s-.1-.5-.3-.7c-.2-.2-.4-.3-.7-.3h-11c-.3 0-.5.1-.7.3-.2.2-.3.5-.3.7s.1.5.3.7z\"\/><\/svg><\/span><\/span><\/span><\/a><\/span><\/div>\n<nav><ul class='ez-toc-list ez-toc-list-level-1 eztoc-toggle-hide-by-default' ><li class='ez-toc-page-1 ez-toc-heading-level-2'><a class=\"ez-toc-link ez-toc-heading-1\" href=\"https:\/\/coinkickoff.com\/fr\/how-to-buy-dogecoin\/#What_Is_Dogecoin\" >Qu'est-ce que Dogecoin ?<\/a><\/li><li class='ez-toc-page-1 ez-toc-heading-level-2'><a class=\"ez-toc-link ez-toc-heading-2\" href=\"https:\/\/coinkickoff.com\/fr\/how-to-buy-dogecoin\/#Where_Can_I_Buy_Dogecoin\" >O\u00f9 puis-je acheter Dogecoin ?<\/a><\/li><li class='ez-toc-page-1 ez-toc-heading-level-2'><a class=\"ez-toc-link ez-toc-heading-3\" href=\"https:\/\/coinkickoff.com\/fr\/how-to-buy-dogecoin\/#How_to_Buy_Dogecoin\" >Comment acheter Dogecoin<\/a><ul class='ez-toc-list-level-3' ><li class='ez-toc-heading-level-3'><a class=\"ez-toc-link ez-toc-heading-4\" href=\"https:\/\/coinkickoff.com\/fr\/how-to-buy-dogecoin\/#Choose_Your_Exchange\" >Choisissez votre \u00e9change<\/a><\/li><li class='ez-toc-page-1 ez-toc-heading-level-3'><a class=\"ez-toc-link ez-toc-heading-5\" href=\"https:\/\/coinkickoff.com\/fr\/how-to-buy-dogecoin\/#Buy_DOGE\" >Acheter DOGE<\/a><\/li><li class='ez-toc-page-1 ez-toc-heading-level-3'><a class=\"ez-toc-link ez-toc-heading-6\" href=\"https:\/\/coinkickoff.com\/fr\/how-to-buy-dogecoin\/#Store_Your_DOGE\" >Conservez votre DOGE<\/a><ul class='ez-toc-list-level-4' ><li class='ez-toc-heading-level-4'><a class=\"ez-toc-link ez-toc-heading-7\" href=\"https:\/\/coinkickoff.com\/fr\/how-to-buy-dogecoin\/#Exchange_Wallet\" >Portefeuille d'\u00e9change<\/a><\/li><li class='ez-toc-page-1 ez-toc-heading-level-4'><a class=\"ez-toc-link ez-toc-heading-8\" href=\"https:\/\/coinkickoff.com\/fr\/how-to-buy-dogecoin\/#Self-Custody_Hot_Wallets\" >Portefeuilles chauds d'autod\u00e9tention<\/a><\/li><li class='ez-toc-page-1 ez-toc-heading-level-4'><a class=\"ez-toc-link ez-toc-heading-9\" href=\"https:\/\/coinkickoff.com\/fr\/how-to-buy-dogecoin\/#Cold_Wallets\" >Portefeuilles froids<\/a><\/li><\/ul><\/li><\/ul><\/li><\/ul><\/nav><\/div>\n<h2><span class=\"ez-toc-section\" id=\"What_Is_Dogecoin\"><\/span><span style=\"font-weight: 400;\">Qu'est-ce que Dogecoin ?<\/span><span class=\"ez-toc-section-end\"><\/span><\/h2>\n<p><span style=\"font-weight: 400;\">Vous avez peut-\u00eatre entendu parler de <\/span><a href=\"https:\/\/coinkickoff.com\/fr\/dogecoin-doge\/\"><span style=\"font-weight: 400;\">Dogecoin<\/span><\/a><span style=\"font-weight: 400;\"> comme un m\u00e8me coin. C'est vrai : les fondateurs de Dogecoin, Billy Marcus et Jackson Palmer, se sont inspir\u00e9s d'un m\u00e8me, coin. <\/span><a href=\"https:\/\/knowyourmeme.com\/memes\/doge\" target=\"_blank\" rel=\"noopener\"><span style=\"font-weight: 400;\">m\u00e8me mettant en sc\u00e8ne un chien Shiba Inu<\/span><\/a><span style=\"font-weight: 400;\"> et a lanc\u00e9 Dogecoin avant tout pour plaisanter.<\/span><\/p>\n<p><span style=\"font-weight: 400;\">Le coin est devenu populaire gr\u00e2ce \u00e0 l'engouement qu'il a suscit\u00e9 sur Reddit apr\u00e8s avoir attir\u00e9 l'attention du PDG de Tesla, Elon Musk. <\/span><a href=\"https:\/\/uk.finance.yahoo.com\/news\/dogecoin-elon-musk-tweet-reddit-100947312.html\" target=\"_blank\" rel=\"noopener\"><span style=\"font-weight: 400;\">a tweet\u00e9 sur le coin en 2021<\/span><\/a><span style=\"font-weight: 400;\">. L'implication de Musk a bri\u00e8vement fait bondir les prix du DOGE, bien que l'actif ait perdu la majeure partie de sa valeur peu de temps apr\u00e8s.<\/span><\/p>\n<p><img loading=\"lazy\" decoding=\"async\" class=\"alignnone size-medium\" src=\"https:\/\/coinkickoff.com\/wp-content\/uploads\/1612461300-elon-musk-lion-king.jpg\" alt=\"ELON MUSK DOGE\" width=\"675\" height=\"380\" \/><\/p>\n<p><span style=\"font-weight: 400;\">Dogecoin n'a pas vraiment de cas d'utilisation : ce n'est pas un excellent moyen de transf\u00e9rer de la valeur comme <\/span><a href=\"https:\/\/coinkickoff.com\/fr\/tether-usdt\/\"><span style=\"font-weight: 400;\">stablecoins<\/span><\/a><span style=\"font-weight: 400;\">Les prix ne sont pas stables. L'offre est infinie (contrairement, par exemple, \u00e0 l'offre d'argent), <\/span><a href=\"https:\/\/coinkickoff.com\/fr\/bitcoin-btc\/\"><span style=\"font-weight: 400;\">Bitcoin<\/span><\/a><span style=\"font-weight: 400;\">), de sorte qu'il ne devienne pas moins disponible ou plus pr\u00e9cieux avec le temps.\u00a0<\/span><\/p>\n<p><span style=\"font-weight: 400;\">Il y a des milliards de DOGE sur le march\u00e9, et le Dogecoin reste l'un des crypto coins les plus importants en termes de capitalisation boursi\u00e8re, mais cela ne se traduit pas par une valeur mon\u00e9taire.<\/span><\/p>\n<p><img loading=\"lazy\" decoding=\"async\" class=\"alignnone wp-image-3198 size-full\" src=\"https:\/\/coinkickoff.com\/wp-content\/uploads\/dogemarketcap.png\" alt=\"capitalisation boursi\u00e8re du doge\" width=\"977\" height=\"573\" srcset=\"https:\/\/coinkickoff.com\/wp-content\/uploads\/dogemarketcap.png 977w, https:\/\/coinkickoff.com\/wp-content\/uploads\/dogemarketcap-300x176.png 300w, https:\/\/coinkickoff.com\/wp-content\/uploads\/dogemarketcap-768x450.png 768w, https:\/\/coinkickoff.com\/wp-content\/uploads\/dogemarketcap-18x12.png 18w\" sizes=\"auto, (max-width: 977px) 100vw, 977px\" \/><\/p>\n<p><span style=\"font-weight: 400;\">Il est possible de miner le coin en grand nombre, ce qui fait qu'il n'est finalement pas si pr\u00e9cieux. Son prix conna\u00eet parfois de br\u00e8ves augmentations, g\u00e9n\u00e9ralement \u00e0 la suite de remarques d\u00e9plac\u00e9es de c\u00e9l\u00e9brit\u00e9s telles que Musk.<\/span><\/p>\n<p><img loading=\"lazy\" decoding=\"async\" class=\"alignnone wp-image-3197 size-full\" src=\"https:\/\/coinkickoff.com\/wp-content\/uploads\/doge-price.png\" alt=\"Prix DOGE\" width=\"973\" height=\"559\" srcset=\"https:\/\/coinkickoff.com\/wp-content\/uploads\/doge-price.png 973w, https:\/\/coinkickoff.com\/wp-content\/uploads\/doge-price-300x172.png 300w, https:\/\/coinkickoff.com\/wp-content\/uploads\/doge-price-768x441.png 768w, https:\/\/coinkickoff.com\/wp-content\/uploads\/doge-price-18x10.png 18w\" sizes=\"auto, (max-width: 973px) 100vw, 973px\" \/><\/p>\n<p><span style=\"font-weight: 400;\">Dans l'ensemble, on peut dire qu'il s'agit d'une plaisanterie coin.<\/span><\/p>\n<h2><span class=\"ez-toc-section\" id=\"Where_Can_I_Buy_Dogecoin\"><\/span><span style=\"font-weight: 400;\">O\u00f9 puis-je acheter Dogecoin ?<\/span><span class=\"ez-toc-section-end\"><\/span><\/h2>\n<p><span style=\"font-weight: 400;\">Vous pouvez acheter Dogecoin sur la plupart des <a href=\"https:\/\/coinkickoff.com\/fr\/crypto-exchanges\/\" data-internallinksmanager029f6b8e52c=\"141\" title=\"21 meilleurs \u00e9changes de crypto-monnaies et applications en 2024\">les \u00e9changes de crypto<\/a>. <\/span><a href=\"https:\/\/coinmarketcap.com\/currencies\/dogecoin\/\" target=\"_blank\" rel=\"noopener\"><span style=\"font-weight: 400;\">Doge est la 16e plus grande crypto<\/span><\/a><span style=\"font-weight: 400;\"> par la capitalisation boursi\u00e8re, de sorte qu'il est g\u00e9n\u00e9ralement disponible sur les march\u00e9s boursiers les plus courants.<\/span><\/p>\n<p><img loading=\"lazy\" decoding=\"async\" class=\"alignnone wp-image-3199 size-full\" src=\"https:\/\/coinkickoff.com\/wp-content\/uploads\/doge-on-binance.png\" alt=\"DOGE sur Binance\" width=\"1366\" height=\"584\" srcset=\"https:\/\/coinkickoff.com\/wp-content\/uploads\/doge-on-binance.png 1366w, https:\/\/coinkickoff.com\/wp-content\/uploads\/doge-on-binance-300x128.png 300w, https:\/\/coinkickoff.com\/wp-content\/uploads\/doge-on-binance-1024x438.png 1024w, https:\/\/coinkickoff.com\/wp-content\/uploads\/doge-on-binance-768x328.png 768w, https:\/\/coinkickoff.com\/wp-content\/uploads\/doge-on-binance-18x8.png 18w\" sizes=\"auto, (max-width: 1366px) 100vw, 1366px\" \/><\/p>\n<p><span style=\"font-weight: 400;\">Vous pouvez acheter DOGE en monnaie fiduciaire sur des bourses de crypto-monnaies centralis\u00e9es telles que <\/span><a href=\"https:\/\/coinkickoff.com\/fr\/coinbase-review\/\"><span style=\"font-weight: 400;\">Coinbase<\/span><\/a><span style=\"font-weight: 400;\">, <\/span><a href=\"https:\/\/coinkickoff.com\/fr\/binance-review\/\"><span style=\"font-weight: 400;\">Binance<\/span><\/a><span style=\"font-weight: 400;\">, <\/span><a href=\"https:\/\/coinkickoff.com\/fr\/kraken-review\/\"><span style=\"font-weight: 400;\">Kraken<\/span><\/a><span style=\"font-weight: 400;\">et <\/span><a href=\"https:\/\/coinkickoff.com\/fr\/etoro-review\/\"><span style=\"font-weight: 400;\">eToro<\/span><\/a><span style=\"font-weight: 400;\">.<\/span><\/p>\n<p><span style=\"font-weight: 400;\">Si vous poss\u00e9dez d\u00e9j\u00e0 des crypto-monnaies, vous pouvez \u00e9galement acheter DOGE et d'autres actifs num\u00e9riques sur des bourses d'\u00e9change d\u00e9centralis\u00e9es telles que <\/span><a href=\"https:\/\/www.sushi.com\/\" target=\"_blank\" rel=\"noopener\"><span style=\"font-weight: 400;\">SushiSwap<\/span><\/a><span style=\"font-weight: 400;\"> ou <\/span><a href=\"https:\/\/uniswap.org\/\" target=\"_blank\" rel=\"noopener\"><span style=\"font-weight: 400;\">Uniswap<\/span><\/a><span style=\"font-weight: 400;\">. Ces \u00e9changes facilitent les transactions de pair \u00e0 pair sans interm\u00e9diaire.<\/span><\/p>\n<p><span style=\"font-weight: 400;\">Bien qu'elles soient souvent moins ch\u00e8res que les bourses centralis\u00e9es, elles peuvent \u00eatre plus difficiles \u00e0 utiliser et ne sont pas tr\u00e8s adapt\u00e9es aux d\u00e9butants. Bien entendu, vous pouvez facilement apprendre \u00e0 utiliser une bourse d\u00e9centralis\u00e9e si vous y consacrez un peu de temps.<\/span><\/p>\n<h2><span class=\"ez-toc-section\" id=\"How_to_Buy_Dogecoin\"><\/span><span style=\"font-weight: 400;\">Comment acheter Dogecoin<\/span><span class=\"ez-toc-section-end\"><\/span><\/h2>\n<p><span style=\"font-weight: 400;\">L'achat de toute crypto-monnaie, y compris le Dogecoin, se fait en trois \u00e9tapes. Tout d'abord, d\u00e9cidez de la bourse que vous souhaitez utiliser. Ensuite, r\u00e9fl\u00e9chissez \u00e0 l'endroit o\u00f9 vous allez stocker votre crypto-monnaie. Une fois cette d\u00e9cision prise, vous pouvez acheter du DOGE.\u00a0<\/span><\/p>\n<p><span style=\"font-weight: 400;\">Voici une approche plus d\u00e9taill\u00e9e pour les grands d\u00e9butants :<\/span><\/p>\n<h3><span class=\"ez-toc-section\" id=\"Choose_Your_Exchange\"><\/span><span style=\"font-weight: 400;\">Choisissez votre \u00e9change<\/span><span class=\"ez-toc-section-end\"><\/span><\/h3>\n<p><span style=\"font-weight: 400;\">Les diff\u00e9rentes bourses offrent des caract\u00e9ristiques diff\u00e9rentes et ont des disponibilit\u00e9s et des frais de crypto-monnaie variables. Vous pouvez comparer certaines des bourses les plus connues pour d\u00e9terminer celle qui r\u00e9pond le mieux \u00e0 vos besoins avant de prendre une d\u00e9cision.<\/span><\/p>\n<p><span style=\"font-weight: 400;\">Par exemple, <a href=\"https:\/\/coinkickoff.com\/fr\/coinbase-review\/\" data-internallinksmanager029f6b8e52c=\"142\" title=\"Coinbase Examens 2024 : Caract\u00e9ristiques, Prix, S\u00e9curit\u00e9, Avantages et inconv\u00e9nients\">Coinbase<\/a> et <a href=\"https:\/\/coinkickoff.com\/fr\/binance-review\/\" data-internallinksmanager029f6b8e52c=\"152\" title=\"Binance Examens 2024 : Caract\u00e9ristiques, prix, s\u00e9curit\u00e9, pour et contre\">Binance<\/a> US proposent tous deux des actifs num\u00e9riques similaires (y compris DOGE), mais Binance offre des frais moins \u00e9lev\u00e9s. Cependant, Coinbase est consid\u00e9r\u00e9e comme plus s\u00fbre et plus conviviale pour les d\u00e9butants. Faites vos recherches avant de choisir une plateforme, car les crypto-monnaies peuvent \u00eatre un investissement risqu\u00e9.<\/span><\/p>\n<p><span style=\"font-weight: 400;\">Vous pouvez consulter notre guide d'\u00e9valuation des bourses d'\u00e9change pour un aper\u00e7u plus complet de la bourse d'\u00e9change. <\/span><a href=\"https:\/\/coinkickoff.com\/fr\/crypto-exchanges\/\"><span style=\"font-weight: 400;\">les bourses de crypto-monnaies les plus populaires<\/span><\/a><span style=\"font-weight: 400;\">.<\/span><\/p>\n<h3><span class=\"ez-toc-section\" id=\"Buy_DOGE\"><\/span><span style=\"font-weight: 400;\">Acheter DOGE<\/span><span class=\"ez-toc-section-end\"><\/span><\/h3>\n<p><span style=\"font-weight: 400;\">Une fois que vous avez choisi une plateforme, inscrivez-vous. La plupart des bourses de crypto-monnaies centralis\u00e9es vous permettent d'acheter des crypto-monnaies avec de la monnaie fiduciaire (comme le USD ou l'EUR). Vous pouvez connecter votre compte bancaire \u00e0 la plateforme et transf\u00e9rer de l'argent sur votre compte d'\u00e9change.<\/span><\/p>\n<p><img loading=\"lazy\" decoding=\"async\" class=\"alignnone wp-image-3201 size-full\" src=\"https:\/\/coinkickoff.com\/wp-content\/uploads\/buy-doge-on-binance-1.png\" alt=\"acheter doge sur binance\" width=\"1432\" height=\"802\" srcset=\"https:\/\/coinkickoff.com\/wp-content\/uploads\/buy-doge-on-binance-1.png 1432w, https:\/\/coinkickoff.com\/wp-content\/uploads\/buy-doge-on-binance-1-300x168.png 300w, https:\/\/coinkickoff.com\/wp-content\/uploads\/buy-doge-on-binance-1-1024x573.png 1024w, https:\/\/coinkickoff.com\/wp-content\/uploads\/buy-doge-on-binance-1-768x430.png 768w, https:\/\/coinkickoff.com\/wp-content\/uploads\/buy-doge-on-binance-1-18x10.png 18w\" sizes=\"auto, (max-width: 1432px) 100vw, 1432px\" \/><\/p>\n<p><span style=\"font-weight: 400;\">Certaines bourses vous permettent \u00e9galement d'acheter des crypto-monnaies avec des cartes de cr\u00e9dit, des cartes de d\u00e9bit, PayPal, Google Pay et Apple Pay. Si vous poss\u00e9dez un compte d'\u00e9change ou d'autres actifs num\u00e9riques, vous pouvez \u00e9galement \u00e9changer ces actifs contre du DOGE.<\/span><\/p>\n<p><span style=\"font-weight: 400;\">Certaines bourses vous permettront d'acheter des DOGE directement avec des devises, tandis que d'autres ne proposeront que des coins stables comme les <a href=\"https:\/\/coinkickoff.com\/fr\/tether-usdt\/\" data-internallinksmanager029f6b8e52c=\"3\" title=\"Qu&#039;est-ce que Tether (USDT) ? Comment \u00e7a marche et o\u00f9 l&#039;acheter ?\">USDT<\/a> ou <a href=\"https:\/\/coinkickoff.com\/fr\/usd-coin-usdc\/\" data-internallinksmanager029f6b8e52c=\"8\" title=\"Qu&#039;est-ce que USD Coin (USDC) ? Comment \u00e7a marche et o\u00f9 l&#039;acheter ?\">USDC<\/a>. Dans ce cas, vous devez d'abord acheter un coin stable, puis l'\u00e9changer contre un DOGE.<\/span><\/p>\n<h3><span class=\"ez-toc-section\" id=\"Store_Your_DOGE\"><\/span><span style=\"font-weight: 400;\">Conservez votre DOGE<\/span><span class=\"ez-toc-section-end\"><\/span><\/h3>\n<p><span style=\"font-weight: 400;\">Une fois que vous avez achet\u00e9 DOGE, vous devez d\u00e9cider o\u00f9 le stocker. Plusieurs options s'offrent \u00e0 vous.<\/span><\/p>\n<h4><span class=\"ez-toc-section\" id=\"Exchange_Wallet\"><\/span><span style=\"font-weight: 400;\">Portefeuille d'\u00e9change<\/span><span class=\"ez-toc-section-end\"><\/span><\/h4>\n<p><span style=\"font-weight: 400;\">Lorsque vous achetez des crypto-monnaies sur une bourse, vos actifs sont automatiquement stock\u00e9s dans le portefeuille de la bourse. Ces portefeuilles sont appel\u00e9s portefeuilles de garde, car les plateformes les contr\u00f4lent et les g\u00e8rent.<\/span><\/p>\n<p><span style=\"font-weight: 400;\">Bien que vous puissiez \u00e9changer les actifs du portefeuille par l'interm\u00e9diaire de votre compte d'\u00e9change, vous n'en avez pas le contr\u00f4le total. Si la bourse subit une attaque ou fait faillite, vos actifs peuvent \u00eatre perdus \u00e0 jamais.<\/span><\/p>\n<h4><span class=\"ez-toc-section\" id=\"Self-Custody_Hot_Wallets\"><\/span><span style=\"font-weight: 400;\">Portefeuilles chauds d'autod\u00e9tention<\/span><span class=\"ez-toc-section-end\"><\/span><\/h4>\n<p><span style=\"font-weight: 400;\">Il existe plusieurs hot wallets \u00e0 garde automatique sur le march\u00e9 : Certains sont des portefeuilles logiciels que vous pouvez t\u00e9l\u00e9charger sur vos appareils mobiles et vos ordinateurs, tandis que d'autres sont accessibles via des navigateurs. Ils sont appel\u00e9s \"hot wallets\" parce qu'ils sont connect\u00e9s \u00e0 l'internet par l'interm\u00e9diaire de votre appareil (ordinateur ou appareil mobile).\u00a0<\/span><\/p>\n<p><span style=\"font-weight: 400;\">Si les portefeuilles de d\u00e9p\u00f4t automatique vous permettent de contr\u00f4ler pleinement vos actifs, ils sont \u00e9galement vuln\u00e9rables aux failles de s\u00e9curit\u00e9 et sont souvent la cible de pirates informatiques. Si vous n'avez pas beaucoup de savoir-faire en mati\u00e8re de protection des appareils connect\u00e9s \u00e0 Internet contre les logiciels malveillants et les tentatives de piratage, vous pouvez mettre vos fonds en danger en les stockant dans un \"hot wallet\".<\/span><\/p>\n<h4><span class=\"ez-toc-section\" id=\"Cold_Wallets\"><\/span><span style=\"font-weight: 400;\">Portefeuilles froids<\/span><span class=\"ez-toc-section-end\"><\/span><\/h4>\n<p><span style=\"font-weight: 400;\">Les portefeuilles froids sont g\u00e9n\u00e9ralement consid\u00e9r\u00e9s comme l'option de stockage la plus s\u00fbre pour les crypto-monnaies. Ils ne sont pas connect\u00e9s \u00e0 l'internet et sont donc \u00e0 l'abri des tentatives de piratage. Un portefeuille froid peut \u00eatre un portefeuille papier ou un portefeuille mat\u00e9riel.<\/span><\/p>\n<p><span style=\"font-weight: 400;\">Un portefeuille papier est simplement un morceau de papier contenant votre cl\u00e9 priv\u00e9e, qui vous permet d'acc\u00e9der \u00e0 vos fonds via une interface de portefeuille. Cependant, les portefeuilles papier peuvent \u00eatre difficiles \u00e0 utiliser et ne conviennent pas si vous souhaitez \u00e9changer facilement vos actifs.<\/span><\/p>\n<p><span style=\"font-weight: 400;\">Les portefeuilles mat\u00e9riels sont des dispositifs de type USB qui stockent vos cl\u00e9s priv\u00e9es. Comme le dispositif n'est pas directement connect\u00e9 \u00e0 l'internet, il ne peut pas \u00eatre pirat\u00e9. <\/span><a href=\"https:\/\/trezor.io\/\" target=\"_blank\" rel=\"noopener\"><span style=\"font-weight: 400;\">Trezor<\/span><\/a><span style=\"font-weight: 400;\"> et <\/span><a href=\"https:\/\/www.ledger.com\/\" target=\"_blank\" rel=\"noopener\"><span style=\"font-weight: 400;\">Grand livre<\/span><\/a><span style=\"font-weight: 400;\"> sont deux fabricants de portefeuilles mat\u00e9riels consid\u00e9r\u00e9s comme les meilleurs du secteur. Les deux soci\u00e9t\u00e9s proposent plusieurs portefeuilles mat\u00e9riels pour le stockage de crypto-monnaies, bien qu'ils puissent \u00eatre assez co\u00fbteux.<\/span><\/p>\n<p><span style=\"font-weight: 400;\">Si vous effectuez des transactions occasionnelles avec de faibles montants, l'achat d'un porte-monnaie mat\u00e9riel peut s'av\u00e9rer excessif. Toutefois, si vous attachez de l'importance \u00e0 la s\u00e9curit\u00e9, l'achat d'un porte-monnaie mat\u00e9riel est le meilleur choix \u00e0 long terme.\u00a0\u00a0<\/span><\/p>\n<p>Voir aussi Comment acheter Dogecoin (DOGE) sur :<\/p>\n<p><a href=\"https:\/\/coinkickoff.com\/fr\/how-to-buy-dogecoin\/how-to-buy-dogecoin-on-coinbase\/\">Coinbase<\/a><br \/>\n<a href=\"https:\/\/coinkickoff.com\/fr\/how-to-buy-dogecoin\/how-to-buy-dogecoin-on-kraken\/\">Kraken<\/a><br \/>\n<a href=\"https:\/\/coinkickoff.com\/fr\/how-to-buy-dogecoin\/how-to-buy-dogecoin-on-binance\/\">Binance<\/a><br \/>\n<a href=\"https:\/\/coinkickoff.com\/fr\/how-to-buy-dogecoin\/how-to-buy-dogecoin-on-bitmart\/\">Bitmart<\/a><br \/>\n<a href=\"https:\/\/coinkickoff.com\/fr\/how-to-buy-dogecoin\/how-to-buy-dogecoin-on-bybit\/\">Bybit<\/a><br \/>\n<a href=\"https:\/\/coinkickoff.com\/fr\/how-to-buy-dogecoin\/how-to-buy-dogecoin-on-gate-io\/\">Gate.io<\/a><br \/>\n<a href=\"https:\/\/coinkickoff.com\/fr\/how-to-buy-dogecoin\/how-to-buy-dogecoin-on-gemini\/\">Gemini<\/a><br \/>\n<a href=\"https:\/\/coinkickoff.com\/fr\/how-to-buy-dogecoin\/how-to-buy-dogecoin-on-kucoin\/\">Kucoin<\/a><br \/>\n<a href=\"https:\/\/coinkickoff.com\/fr\/how-to-buy-dogecoin\/how-to-buy-dogecoin-on-mexc\/\">MEXC<\/a><br \/>\n<a href=\"https:\/\/coinkickoff.com\/fr\/how-to-buy-dogecoin\/how-to-buy-dogecoin-on-okx\/\">OKX<\/a><br \/>\n<a href=\"https:\/\/coinkickoff.com\/fr\/how-to-buy-dogecoin\/how-to-buy-dogecoin-on-poloniex\/\">Poloniex<\/a><\/p>","protected":false},"excerpt":{"rendered":"<p>Si vous souhaitez acheter Dogecoin et que vous ne savez pas par o\u00f9 commencer, vous \u00eates au bon endroit. Nous allons vous montrer comment et o\u00f9 acheter DOGE avec des instructions \u00e9tape par \u00e9tape. Qu'est-ce que le Dogecoin ? Vous avez peut-\u00eatre entendu des gens parler du Dogecoin comme d'un m\u00e8me coin. C'est vrai : les fondateurs de Dogecoin, Billy Marcus et Jackson Palmer, \u00e9taient [...]<\/p>","protected":false},"author":3,"featured_media":155,"parent":0,"menu_order":0,"comment_status":"closed","ping_status":"closed","template":"","meta":{"_genesis_hide_title":false,"_genesis_hide_breadcrumbs":false,"_genesis_hide_singular_image":false,"_genesis_hide_footer_widgets":false,"_genesis_custom_body_class":"","_genesis_custom_post_class":"","_genesis_layout":"","_glsr_average":0,"_glsr_ranking":0,"_glsr_reviews":0,"footnotes":""},"class_list":{"0":"post-3196","1":"page","2":"type-page","3":"status-publish","4":"has-post-thumbnail","6":"entry"},"featured_image_src":"https:\/\/coinkickoff.com\/wp-content\/uploads\/2022\/06\/Dogecoin-DOGE-600x400.jpg","featured_image_src_square":"https:\/\/coinkickoff.com\/wp-content\/uploads\/2022\/06\/Dogecoin-DOGE-600x600.jpg","_links":{"self":[{"href":"https:\/\/coinkickoff.com\/fr\/wp-json\/wp\/v2\/pages\/3196","targetHints":{"allow":["GET"]}}],"collection":[{"href":"https:\/\/coinkickoff.com\/fr\/wp-json\/wp\/v2\/pages"}],"about":[{"href":"https:\/\/coinkickoff.com\/fr\/wp-json\/wp\/v2\/types\/page"}],"author":[{"embeddable":true,"href":"https:\/\/coinkickoff.com\/fr\/wp-json\/wp\/v2\/users\/3"}],"replies":[{"embeddable":true,"href":"https:\/\/coinkickoff.com\/fr\/wp-json\/wp\/v2\/comments?post=3196"}],"version-history":[{"count":5,"href":"https:\/\/coinkickoff.com\/fr\/wp-json\/wp\/v2\/pages\/3196\/revisions"}],"predecessor-version":[{"id":4940,"href":"https:\/\/coinkickoff.com\/fr\/wp-json\/wp\/v2\/pages\/3196\/revisions\/4940"}],"wp:featuredmedia":[{"embeddable":true,"href":"https:\/\/coinkickoff.com\/fr\/wp-json\/wp\/v2\/media\/155"}],"wp:attachment":[{"href":"https:\/\/coinkickoff.com\/fr\/wp-json\/wp\/v2\/media?parent=3196"}],"curies":[{"name":"wp","href":"https:\/\/api.w.org\/{rel}","templated":true}]}}