{"id":9,"date":"2026-01-08T14:07:51","date_gmt":"2026-01-08T14:07:51","guid":{"rendered":"https:\/\/coinkickoff.com\/?page_id=9"},"modified":"2026-01-08T14:07:51","modified_gmt":"2026-01-08T14:07:51","slug":"meista","status":"publish","type":"page","link":"https:\/\/coinkickoff.com\/fi\/meista\/","title":{"rendered":"Tietoja"},"content":{"rendered":"<h1 class=\"wp-block-genesis-blocks-gb-spacer gb-block-spacer gb-divider-solid gb-divider-size-1\" style=\"color: #ddd;\">Tietoja Coin Kickoffista\u00a0<\/h1>\r\n<div class=\"wp-block-columns has-2-columns\">\r\n<div class=\"wp-block-column\">\r\n<p>Loin Coin Kickoffin, koska mielest\u00e4ni krypto\/<a href=\"https:\/\/coinkickoff.com\/fi\/what-is-web-3-0\/\" data-internallinksmanager029f6b8e52c=\"184\" title=\"Mik\u00e4 on Web 3.0?\">web3<\/a> on liian monimutkainen.<\/p>\r\n\r\n\r\n\r\n<p>Nimeni on Ian Wright ja aloin harrastaa kryptoa jo vuonna <strong>2017<\/strong> kun <a href=\"https:\/\/coinkickoff.com\/fi\/bitcoin-btc\/\" data-internallinksmanager029f6b8e52c=\"1\" title=\"Mik\u00e4 on Bitcoin (BTC)? Hinta, historia ja ostopaikat\">Bitcoin<\/a> teki ensimm\u00e4isen h\u00e4rk\u00e4juoksunsa l\u00e4hes miljoonaan dollariin. <strong>$20,000<\/strong> kukin.<\/p>\r\n\r\n\r\n\r\n<p>Olin niin onnekas, ett\u00e4 onnistuin tuolloin tienaamaan hieman rahaa. Sitten unohdin krypton nopeasti.<\/p>\r\n\r\n\r\n\r\n<p>Oletin, ett\u00e4 kupla oli puhjennut. Olin onnekas, ett\u00e4 p\u00e4\u00e4sin pois, kun p\u00e4\u00e4sin.<\/p>\r\n\r\n\r\n\r\n<p>Kaikki tuntui j\u00e4ttim\u00e4iselt\u00e4 huijaukselta, joka lopulta vain katoaisi.<\/p>\r\n\r\n\r\n\r\n<p><strong>Sitten tapahtui jotain outoa.<\/strong><\/p>\r\n\r\n\r\n\r\n<p>Syksyll\u00e4 <strong>2020<\/strong> Aloin taas kuulla ihmisten puhuvan Bitcoin:st\u00e4 ja kryptosta.<\/p>\r\n\r\n\r\n\r\n<p>Aluksi en ottanut sit\u00e4 huomioon. Bitcoin oli niin <strong>2017<\/strong>.<\/p>\r\n\r\n\r\n\r\n<p>Lis\u00e4ksi se oli huijausta joka tapauksessa.<\/p>\r\n\r\n\r\n\r\n<p>Mutta lopulta muutin mieleni, kun Bitcoin:n hinta nousi yli aiemman enn\u00e4tyksens\u00e4.<\/p>\r\n\r\n\r\n\r\n<p>Mieless\u00e4ni t\u00e4m\u00e4n ei pit\u00e4nyt tapahtua.<\/p>\r\n\r\n\r\n\r\n<p>Olin ja olen edelleen skeptinen Bitcoin:n, krypton, web3:n ja lohkoketjun arvon suhteen.<\/p>\r\n\r\n\r\n\r\n<p>En kuitenkaan en\u00e4\u00e4 tunne, ett\u00e4 ne katoaisivat l\u00e4hiaikoina.<\/p>\r\n\r\n\r\n\r\n<p><strong>P\u00e4\u00e4tin jopa investoida uudelleen. <\/strong><\/p>\r\n\r\n\r\n\r\n<p>Mutta toisin kuin viime kerralla, h\u00e4visin rahaa. Nousumarkkinoilla!<\/p>\r\n\r\n\r\n\r\n<p>Siksi p\u00e4\u00e4tin kouluttaa itse\u00e4ni.<\/p>\r\n\r\n\r\n\r\n<p>Siksi loin Coin Kickoffin.<\/p>\r\n\r\n\r\n\r\n<p>Tavoite on yksinkertainen: selitt\u00e4\u00e4, mit\u00e4 eri coin:t ovat, mit\u00e4 ne tekev\u00e4t ja mist\u00e4 niit\u00e4 voi ostaa.<\/p>\r\n\r\n\r\n\r\n<p>Kaikki yksinkertaisella ja helposti ymm\u00e4rrett\u00e4v\u00e4ll\u00e4 tavalla.<\/p>\r\n\r\n\r\n\r\n<p>Ja ollakseni selv\u00e4, minulla ei ole aavistustakaan siit\u00e4, mit\u00e4 teen. Mit\u00e4\u00e4n t\u00e4ll\u00e4 verkkosivustolla ei pid\u00e4 pit\u00e4\u00e4 mink\u00e4\u00e4nlaisen investoinnin edist\u00e4misen\u00e4.<\/p>\r\n\r\n\r\n\r\n<p>Odotan, ett\u00e4 useimmat coin:t <strong>menee nollaan<\/strong>.<\/p>\r\n\r\n\r\n\r\n<p>Ajattele, ett\u00e4 Coin Kickoff on l\u00e4ht\u00f6kohta, jonka avulla voit oppia viel\u00e4 enemm\u00e4n eri kryptovaihtoehdoista.<\/p>\r\n\r\n\r\n\r\n<p>Kaikki viestit ja oppaat ovat vain tiedoksi.<\/p>\r\n\r\n\r\n\r\n<p>\u00c4l\u00e4k\u00e4 koskaan, koskaan laita enemm\u00e4n rahaa kuin sinulla on varaa menett\u00e4\u00e4.<\/p>\r\n\r\n\r\n\r\n<p>&nbsp;<\/p>\r\n<\/div>\r\n<!-- \/wp:post-content --><\/div>\r\n<!-- \/wp:columns -->\r\n\r\n<!-- wp:paragraph -->\r\n<p>&nbsp;<\/p>\r\n<!-- \/wp:paragraph -->","protected":false},"excerpt":{"rendered":"<p>Nimeni on Ian Wright, ja aloin harrastaa kryptoa vuonna 2017, kun Bitcoin teki ensimm\u00e4isen nousunsa l\u00e4hes $20 000 dollariin kappaleelta. Olin niin onnekas, ett\u00e4 onnistuin itse asiassa tekem\u00e4\u00e4n hieman rahaa tuolloin. Sen j\u00e4lkeen unohdin krypton nopeasti. Oletin, ett\u00e4 kupla oli puhjennut. I [...]<\/p>","protected":false},"author":1,"featured_media":10,"parent":0,"menu_order":0,"comment_status":"closed","ping_status":"closed","template":"","meta":{"_genesis_hide_title":true,"_genesis_hide_breadcrumbs":true,"_genesis_hide_singular_image":true,"_genesis_hide_footer_widgets":false,"_genesis_custom_body_class":"","_genesis_custom_post_class":"","_genesis_layout":"full-width-content","_glsr_average":0,"_glsr_ranking":0,"_glsr_reviews":0,"footnotes":""},"class_list":{"0":"post-9","1":"page","2":"type-page","3":"status-publish","4":"has-post-thumbnail","6":"entry"},"featured_image_src":"https:\/\/coinkickoff.com\/wp-content\/uploads\/2022\/03\/about-600x400.jpg","featured_image_src_square":"https:\/\/coinkickoff.com\/wp-content\/uploads\/2022\/03\/about-600x600.jpg","_links":{"self":[{"href":"https:\/\/coinkickoff.com\/fi\/wp-json\/wp\/v2\/pages\/9","targetHints":{"allow":["GET"]}}],"collection":[{"href":"https:\/\/coinkickoff.com\/fi\/wp-json\/wp\/v2\/pages"}],"about":[{"href":"https:\/\/coinkickoff.com\/fi\/wp-json\/wp\/v2\/types\/page"}],"author":[{"embeddable":true,"href":"https:\/\/coinkickoff.com\/fi\/wp-json\/wp\/v2\/users\/1"}],"replies":[{"embeddable":true,"href":"https:\/\/coinkickoff.com\/fi\/wp-json\/wp\/v2\/comments?post=9"}],"version-history":[{"count":6,"href":"https:\/\/coinkickoff.com\/fi\/wp-json\/wp\/v2\/pages\/9\/revisions"}],"predecessor-version":[{"id":79,"href":"https:\/\/coinkickoff.com\/fi\/wp-json\/wp\/v2\/pages\/9\/revisions\/79"}],"wp:featuredmedia":[{"embeddable":true,"href":"https:\/\/coinkickoff.com\/fi\/wp-json\/wp\/v2\/media\/10"}],"wp:attachment":[{"href":"https:\/\/coinkickoff.com\/fi\/wp-json\/wp\/v2\/media?parent=9"}],"curies":[{"name":"wp","href":"https:\/\/api.w.org\/{rel}","templated":true}]}}