{"id":827,"date":"2026-01-08T14:06:31","date_gmt":"2026-01-08T14:06:31","guid":{"rendered":"https:\/\/coinkickoff.com\/?page_id=827"},"modified":"2026-01-08T14:06:31","modified_gmt":"2026-01-08T14:06:31","slug":"prices-huf","status":"publish","type":"page","link":"https:\/\/coinkickoff.com\/fi\/prices\/prices-huf\/","title":{"rendered":"Top 100 Live kryptovaluutta hinnat Unkarin forintti (HUF)"},"content":{"rendered":"<p>Katso reaaliaikaiset hintap\u00e4ivitykset Unkarin forintteina (HUF) of <a href=\"https:\/\/coinkickoff.com\/fi\/bitcoin-btc\/\" data-internallinksmanager029f6b8e52c=\"1\" title=\"Mik\u00e4 on Bitcoin (BTC)? Hinta, historia ja ostopaikat\">bitcoin<\/a> ja muut 100 parasta kryptovaluuttaa alla. <\/p>\n<!-- Cryptocurrency Widgets PRO 4.1.2  !--><div  class=\"ccpw-widget\" id=\"ccpw-list-widget-1365\" ><div class=\"ccpw_react_widget\" id=\"ccpw_react_widgets_1365632808009\" data-attribute=\"{&quot;type&quot;:&quot;list-widget&quot;,&quot;selected_currency&quot;:&quot;HUF&quot;,&quot;design&quot;:&quot;style-4&quot;,&quot;header&quot;:&quot;&quot;,&quot;show_chart&quot;:&quot;&quot;,&quot;custom_currency&quot;:&quot;&quot;,&quot;show_coins&quot;:&quot;100&quot;,&quot;MbFormating&quot;:&quot;on&quot;,&quot;live_changes&quot;:&quot;&quot;,&quot;display_changes&quot;:&quot;on&quot;}\"><\/div><\/div><style type='text\/css'>\r\n\t\t\t  .ccpw-widget #ccpw-list-widget-1365{background-color:#ffffff;color:#000;}\r\n\t\t\t  .ccpw-widget .ccpw_table tr #ccpw-list-widget-1365 {background-color:#ffffff;}\r\n\t\t\t  .ccpw-widget #ccpw-list-widget-1365.table {background-color:#ffffff;color:#000; box-shadow:inset 0px 0px 0px 3px rgba(0,0,0,0.25);}\r\n\t\t\t  #ccpw-list-widget-1365 .ccpw_table > tbody > tr > td,\r\n\t\t\t  #ccpw-list-widget-1365 .ccpw_table > tbody > tr > td .ticker-price,\r\n\t\t\t  #ccpw-list-widget-1365 .ccpw_table > tbody > tr > td.price,\r\n\t\t\t  #ccpw-list-widget-1365 .ccpw_table.table tr ,\r\n\t\t\t  #ccpw-list-widget-1365 .ccpw_table.table > thead > tr > th {border-color:rgba(0,0,0,0.25) !important;color:#000;background-color:#ffffff;}\r\n\t\t\t   .ccpw_table span.symbol { position:initial !Important; }<\/style>\n<div class=\"cg-choice-box-six   cg-blue\" ><div class=\"cg-cb-row\"><div class=\"cg-cb-items\" id=\"product-265843\"><div class=\"cg-cb-top-head\"><div class=\"cg-cb-top-pick\">Useimmat Coins<\/div><\/div><a href=\"https:\/\/accounts.binance.com\/register?ref=BLJQ60RW\" target=\"_blank\" rel=\"nofollow noopener\" class=\"cg-aff-link cg-cb-img\" data-post-title=\"Binance\" data-aff-link=\"https:\/\/accounts.binance.com\/register?ref=BLJQ60RW\" data-post-type=\"top\" data-post-id=\"127750\"><img decoding=\"async\" src=\"https:\/\/coinkickoff.com\/wp-content\/uploads\/2022\/10\/Binance_logo.png\" class=\"cg-img-1\" alt=\"Binance\" style=\"\"><\/a><div class=\"cg-cb-title\"><a href=\"https:\/\/accounts.binance.com\/register?ref=BLJQ60RW\" class=\"cg-aff-link\" data-post-id=\"127750\" data-post-type=\"top\" data-aff-link=\"https:\/\/accounts.binance.com\/register?ref=BLJQ60RW\" data-post-title=\"Binance\" target=\"\" rel=\"nofollow noopener\">Binance<\/a><\/span><\/div><div class=\"cg-cb-content\"><ul><li><strong>350+<\/strong> Luetellut kryptovaluutat<\/li><li><strong>&lt;0.10%<\/strong> Transaktiomaksut<\/li><li><strong>120 miljoonaa<\/strong> Rekister\u00f6ityneet k\u00e4ytt\u00e4j\u00e4t<\/li><li>K\u00e4ytt\u00e4jien turvallinen vararahasto<\/li><li>Ansaitse talletuksista<\/li><\/ul><\/div><div class=\"cg-cb-btn\"><span class='cta-copy'><a href=\"https:\/\/accounts.binance.com\/register?ref=BLJQ60RW\" class=\"cg-one-button cg-btn cg-red  cg-aff-link cg-btn-lg\" data-post-id=\"127750\" data-post-type=\"top\" data-aff-link=\"https:\/\/accounts.binance.com\/register?ref=BLJQ60RW\" data-style=\"default\" data-post-title=\"Binance\" data-extra=\"arrow\" style=\"\" target=\"\" rel=\"nofollow noopener\">Aloita<\/a><\/span><\/span><\/div><\/div><div class=\"cg-cb-items\" id=\"product-265829\"><div class=\"cg-cb-top-head\"><div class=\"cg-cb-top-pick\">Useimmat maat<\/div><\/div><a href=\"https:\/\/kraken.pxf.io\/756J3y\" target=\"_blank\" rel=\"nofollow noopener\" class=\"cg-aff-link cg-cb-img\" data-post-title=\"Kraken\" data-aff-link=\"https:\/\/kraken.pxf.io\/756J3y\" data-post-type=\"top\" data-post-id=\"127750\"><img decoding=\"async\" src=\"https:\/\/coinkickoff.com\/wp-content\/uploads\/Kraken-logo.webp\" class=\"cg-img-1\" alt=\"Kraken\" style=\"\"><\/a><div class=\"cg-cb-title\"><a href=\"https:\/\/kraken.pxf.io\/756J3y\" class=\"cg-aff-link\" data-post-id=\"127750\" data-post-type=\"top\" data-aff-link=\"https:\/\/kraken.pxf.io\/756J3y\" data-post-title=\"Kraken\" target=\"\" rel=\"nofollow noopener\">Kraken<\/a><\/span><\/div><div class=\"cg-cb-content\"><ul><li>Yhdysvalloissa sijaitseva<\/li><li>Aloita niinkin pienell\u00e4 kuin <strong>$10<\/strong><\/li><li>Osta ja myy <strong>200+<\/strong> kryptovaluutat<\/li><li>Pro-ratkaisu suuremmille kauppiaille<\/li><li>Saatavana <strong>190+<\/strong> maat<\/li><\/ul><\/div><div class=\"cg-cb-btn\"><span class='cta-copy'><a href=\"https:\/\/kraken.pxf.io\/756J3y\" class=\"cg-one-button cg-btn cg-red  cg-aff-link cg-btn-lg\" data-post-id=\"127750\" data-post-type=\"top\" data-aff-link=\"https:\/\/kraken.pxf.io\/756J3y\" data-style=\"default\" data-post-title=\"Kraken\" data-extra=\"arrow\" style=\"\" target=\"\" rel=\"nofollow noopener\">Aloita<\/a><\/span><\/span><\/div><\/div><div class=\"cg-cb-items\" id=\"product-265822\"><div class=\"cg-cb-top-head\"><div class=\"cg-cb-top-pick\">Yhdysvalloissa sijaitseva<\/div><\/div><a href=\"https:\/\/coinbase-consumer.sjv.io\/ORPoaG\" target=\"_blank\" rel=\"nofollow noopener\" class=\"cg-aff-link cg-cb-img\" data-post-title=\"Coinbase\" data-aff-link=\"https:\/\/coinbase-consumer.sjv.io\/ORPoaG\" data-post-type=\"top\" data-post-id=\"127750\"><img decoding=\"async\" src=\"https:\/\/coinkickoff.com\/wp-content\/uploads\/2022\/10\/Coinbase.png\" class=\"cg-img-1\" alt=\"Coinpohja\" style=\"\"><\/a><div class=\"cg-cb-title\"><a href=\"https:\/\/coinbase-consumer.sjv.io\/ORPoaG\" class=\"cg-aff-link\" data-post-id=\"127750\" data-post-type=\"top\" data-aff-link=\"https:\/\/coinbase-consumer.sjv.io\/ORPoaG\" data-post-title=\"Coinbase\" target=\"\" rel=\"nofollow noopener\">Coinpohja<\/a><\/span><\/div><div class=\"cg-cb-content\"><ul><li><strong>200+<\/strong> Luetellut kryptovaluutat<\/li><li>Hanki kryptoa ensimm\u00e4isen oston j\u00e4lkeen<\/li><li>Vakuutuksella suojattu&nbsp;<\/li><li>Turvallinen varastointi holvisuojauksella<\/li><li>Luotetuin kryptovaluutta-alusta<\/li><\/ul><\/div><div class=\"cg-cb-btn\"><span class='cta-copy'><a href=\"https:\/\/coinbase-consumer.sjv.io\/ORPoaG\" class=\"cg-one-button cg-btn cg-red  cg-aff-link cg-btn-lg\" data-post-id=\"127750\" data-post-type=\"top\" data-aff-link=\"https:\/\/coinbase-consumer.sjv.io\/ORPoaG\" data-style=\"default\" data-post-title=\"Coinbase\" data-extra=\"arrow\" style=\"\" target=\"\" rel=\"nofollow noopener\">Aloita<\/a><\/span><\/span><\/div><\/div><\/div><\/div>\n\n<h2>Kryptovaluutan hintalaskuri (HUF)<\/h2>\n<p>K\u00e4yt\u00e4 alla olevaa laskuria reaaliaikaiseen valuuttakurssiin HUF ja monien suosittujen kryptovaluuttojen v\u00e4lill\u00e4<\/p>\n<div class=\"ccpw_react_widget ccpw_calculator\" id=\"ccpw_react_widgets_1366_69d0d62ec1eaa\" data-attribute=\"{&quot;type&quot;:&quot;calculator&quot;,&quot;baseCurrency&quot;:&quot;bitcoin&quot;,&quot;targetCurrency&quot;:&quot;HUF&quot;}\"><\/div><style type='text\/css'>\r\n\t\t\t  #ccpw_react_widgets_1366 .ccpw-Converter {\r\n\t\t\t\t  background-color: #ffffff;\r\n\t\t\t\t  color: #000;\r\n\t\t\t  }<\/style>\n<h2>Hintamuutos Heatmap: Top 20 kryptovaluuttaa<\/h2>\n<!-- Cryptocurrency Widgets PRO 4.1.2  !--><div class=\"ccpw-coingecko-widget\" style=\"width:100%;\"> \r\n    <gecko-coin-heatmap-widget  height=\"400\"  locale=\"en\" outlined=\"true\" top=\"20\"><\/gecko-coin-heatmap-widget>\r\n    <\/div><style type='text\/css'><\/style>\n<p>Katso my\u00f6s hinnat:<\/p>\n<ul>\n<li> <a href=\"https:\/\/coinkickoff.com\/fi\/prices\/\">Yhdysvaltain dollareita (USD)<\/a><\/li>\n<li> <a href=\"https:\/\/coinkickoff.com\/fi\/prices\/prices-euros\/\">Euro (EUD)<\/li>\n<li> <a href=\"https:\/\/coinkickoff.com\/fi\/prices\/prices-gbp\/\">Englannin punta (GBP)<\/a><\/li>\n<li> <a href=\"https:\/\/coinkickoff.com\/fi\/prices\/prices-cad\/\">Kanadan dollareita (CAD)<\/a><\/li>\n<li> <a href=\"https:\/\/coinkickoff.com\/fi\/prices\/prices-aud\/\" data-internallinksmanager029f6b8e52c=\"116\" title=\"Top 100 live kryptovaluutta hinnat Australian dollarit (AUD)\">Australian dollareita (AUD)<\/a><\/li>\n<li> <a href=\"https:\/\/coinkickoff.com\/fi\/prices\/prices-jpy\/\" data-internallinksmanager029f6b8e52c=\"118\" title=\"Top 100 Live kryptovaluutta hinnat Japanin jeniss\u00e4 (JPY)\">Japanin jeni (JPY)<\/a><\/li>\n<li> <a href=\"https:\/\/coinkickoff.com\/fi\/prices\/prices-mxn\/\" data-internallinksmanager029f6b8e52c=\"119\" title=\"Top 100 Live kryptovaluutta hinnat Meksikon peso (MXN)\">Meksikon peso (MXN)<\/a><\/li>\n<li> <a href=\"https:\/\/coinkickoff.com\/fi\/prices\/prices-brl\/\" data-internallinksmanager029f6b8e52c=\"120\" title=\"Top 100 Live kryptovaluutta hinnat Brasilian Real (BRL)\">Brasilian real (BRL)<\/a><\/li>\n<li> <a href=\"https:\/\/coinkickoff.com\/fi\/prices\/prices-cny\/\" data-internallinksmanager029f6b8e52c=\"121\" title=\"Top 100 Live kryptovaluutta hinnat Kiinan renminbi (CNY)\">Kiinan renminbi (CNY)<\/a><\/li>\n<li> <a href=\"https:\/\/coinkickoff.com\/fi\/prices\/prices-chf\/\" data-internallinksmanager029f6b8e52c=\"122\" title=\"Top 100 Live kryptovaluutta hinnat Sveitsin Frangi (CHF)\">Sveitsin frangi (CHF)<\/a><\/li>\n<li> <a href=\"https:\/\/coinkickoff.com\/fi\/prices\/prices-hkd\/\" data-internallinksmanager029f6b8e52c=\"123\" title=\"Top 100 Live kryptovaluutta hinnat Hongkongin dollareissa (HKD)\">Hongkongin dollareita (HKD)<\/a><\/li>\n<li> <a href=\"https:\/\/coinkickoff.com\/fi\/prices\/prices-sgd\/\" data-internallinksmanager029f6b8e52c=\"124\" title=\"Top 100 Live kryptovaluutta hinnat Singaporen dollari (SGD)\">Singaporen dollari (SGD)<\/a><\/li>\n<li> <a href=\"https:\/\/coinkickoff.com\/fi\/prices\/prices-sek\/\" data-internallinksmanager029f6b8e52c=\"125\" title=\"Top 100 Live kryptovaluutta hinnat Ruotsin kruunu (SEK)\">Ruotsin kruunu (SEK)<\/a><\/li>\n<li> <a href=\"https:\/\/coinkickoff.com\/fi\/prices\/prices-nzd\/\" data-internallinksmanager029f6b8e52c=\"126\" title=\"Top 100 Live kryptovaluutta hinnat Uusi-Seelannin dollari (NZD)\">Uuden-Seelannin dollari (NZD)<\/a><\/li>\n<li> <a href=\"https:\/\/coinkickoff.com\/fi\/prices\/prices-inr\/\" data-internallinksmanager029f6b8e52c=\"127\" title=\"Top 100 Live Cryptocurrency hinnat Intian rupia (INR)\">Intian rupia (INR)<\/a><\/li>\n<li> <a href=\"https:\/\/coinkickoff.com\/fi\/prices\/prices-twd\/\" data-internallinksmanager029f6b8e52c=\"128\" title=\"Top 100 Live kryptovaluutta hinnat Uusi Taiwanin dollareita (TWD)\">Taiwanin uudet dollarit (TWD)<\/a><\/li>\n<li> <a href=\"https:\/\/coinkickoff.com\/fi\/prices\/prices-zar\/\" data-internallinksmanager029f6b8e52c=\"129\" title=\"Top 100 Live kryptovaluutta hinnat Etel\u00e4-Afrikan Rand (ZAR)\">Etel\u00e4-Afrikan randi (ZAR)<\/a><\/li>\n<li> <a href=\"https:\/\/coinkickoff.com\/fi\/prices\/prices-dkk\/\" data-internallinksmanager029f6b8e52c=\"130\" title=\"Top 100 Live Cryptocurrency hinnat Tanskan kruunu (DKK)\">Tanskan kruunu (DKK)<\/a><\/li>\n<li> <a href=\"https:\/\/coinkickoff.com\/fi\/prices\/prices-pln\/\" data-internallinksmanager029f6b8e52c=\"131\" title=\"Top 100 Live kryptovaluutta hinnat Puolan Z\u0142oty (PLN)\">Puolan Z\u0142oty (PLN)<\/a><\/li>\n<li> <a href=\"https:\/\/coinkickoff.com\/fi\/prices\/prices-czk\/\" data-internallinksmanager029f6b8e52c=\"132\" title=\"Top 100 Live Cryptocurrency hinnat T\u0161ekin koruna (CZK)\">T\u0161ekin koruna (CZK)<\/a><\/li>\n<li> Unkarin forintti (HUF)<\/li>\n<li> <a href=\"https:\/\/coinkickoff.com\/fi\/prices\/prices-rub\/\" data-internallinksmanager029f6b8e52c=\"134\" title=\"Top 100 Live kryptovaluutta hinnat Ven\u00e4j\u00e4n rupla (RUB)\">Ven\u00e4j\u00e4n rupla (RUB)<\/a><\/li>\n<\/ul>","protected":false},"excerpt":{"rendered":"<p>Katso bitcoin:n ja muiden 100 parhaan kryptovaluutan reaaliaikaiset hintap\u00e4ivitykset Unkarin forintteina (HUF) alla. Kryptovaluutan hintalaskuri (HUF) K\u00e4yt\u00e4 alla olevaa laskuria reaaliaikaisiin valuuttakursseihin HUF ja monien suosittujen kryptovaluuttojen v\u00e4lill\u00e4 Hinnanmuutos Heatmap: Top 20 Cryptocurrencies Katso my\u00f6s hinnat seuraavissa valuutoissa: Yhdysvaltain dollari (USD) Euro (EUD) Englannin punta (GBP) Kanadan [...]<\/p>","protected":false},"author":1,"featured_media":738,"parent":708,"menu_order":0,"comment_status":"closed","ping_status":"closed","template":"","meta":{"_genesis_hide_title":false,"_genesis_hide_breadcrumbs":false,"_genesis_hide_singular_image":false,"_genesis_hide_footer_widgets":false,"_genesis_custom_body_class":"","_genesis_custom_post_class":"","_genesis_layout":"","_glsr_average":0,"_glsr_ranking":0,"_glsr_reviews":0,"footnotes":""},"class_list":{"0":"post-827","1":"page","2":"type-page","3":"status-publish","4":"has-post-thumbnail","6":"entry"},"featured_image_src":"https:\/\/coinkickoff.com\/wp-content\/uploads\/crypto-prices-600x400.jpg","featured_image_src_square":"https:\/\/coinkickoff.com\/wp-content\/uploads\/crypto-prices-600x586.jpg","_links":{"self":[{"href":"https:\/\/coinkickoff.com\/fi\/wp-json\/wp\/v2\/pages\/827","targetHints":{"allow":["GET"]}}],"collection":[{"href":"https:\/\/coinkickoff.com\/fi\/wp-json\/wp\/v2\/pages"}],"about":[{"href":"https:\/\/coinkickoff.com\/fi\/wp-json\/wp\/v2\/types\/page"}],"author":[{"embeddable":true,"href":"https:\/\/coinkickoff.com\/fi\/wp-json\/wp\/v2\/users\/1"}],"replies":[{"embeddable":true,"href":"https:\/\/coinkickoff.com\/fi\/wp-json\/wp\/v2\/comments?post=827"}],"version-history":[{"count":4,"href":"https:\/\/coinkickoff.com\/fi\/wp-json\/wp\/v2\/pages\/827\/revisions"}],"predecessor-version":[{"id":1368,"href":"https:\/\/coinkickoff.com\/fi\/wp-json\/wp\/v2\/pages\/827\/revisions\/1368"}],"up":[{"embeddable":true,"href":"https:\/\/coinkickoff.com\/fi\/wp-json\/wp\/v2\/pages\/708"}],"wp:featuredmedia":[{"embeddable":true,"href":"https:\/\/coinkickoff.com\/fi\/wp-json\/wp\/v2\/media\/738"}],"wp:attachment":[{"href":"https:\/\/coinkickoff.com\/fi\/wp-json\/wp\/v2\/media?parent=827"}],"curies":[{"name":"wp","href":"https:\/\/api.w.org\/{rel}","templated":true}]}}