{"id":4628,"date":"2026-01-08T14:08:02","date_gmt":"2026-01-08T14:08:02","guid":{"rendered":"https:\/\/coinkickoff.com\/?page_id=4628"},"modified":"2026-01-08T14:08:02","modified_gmt":"2026-01-08T14:08:02","slug":"how-are-bitcoin-slots-different","status":"publish","type":"page","link":"https:\/\/coinkickoff.com\/fi\/bitcoin-casino\/how-are-bitcoin-slots-different\/","title":{"rendered":"Miten Bitcoin-kolikkopelit eroavat perinteisist\u00e4 kasinokolikkopeleist\u00e4?"},"content":{"rendered":"<p><em>Vastuuvapauslauseke: Uhkapeleihin liittyy merkitt\u00e4v\u00e4 taloudellinen riski. Pelaa vain sellaisilla rahoilla, jotka sinulla on varaa menett\u00e4\u00e4. Alla olevat tiedot ovat vain tiedoksi. Saatamme saada palkkion, jos rekister\u00f6idyt ja h\u00e4vi\u00e4t rahaa jossakin seuraavista pelipaikoista <a href=\"https:\/\/coinkickoff.com\/fi\/bitcoin-casino\/\" data-internallinksmanager029f6b8e52c=\"200\" title=\"3 parasta Bitcoin krypto kasinot bonuksilla\">kasinot<\/a>. Kaikki kasinot eiv\u00e4t ole saatavilla kaikissa maissa. Kaikkien tietojen uskomme olevan oikeita julkaisuhetkell\u00e4, mutta ne voivat olla sittemmin muuttuneet.<\/em><\/p>\n<div id=\"ez-toc-container\" class=\"ez-toc-v2_0_80 counter-hierarchy ez-toc-counter ez-toc-transparent ez-toc-container-direction\">\n<div class=\"ez-toc-title-container\">\n<p class=\"ez-toc-title\" style=\"cursor:inherit\">Jaksot<\/p>\n<span class=\"ez-toc-title-toggle\"><a href=\"#\" class=\"ez-toc-pull-right ez-toc-btn ez-toc-btn-xs ez-toc-btn-default ez-toc-toggle\" aria-label=\"Sis\u00e4llysluettelon vaihtaminen\"><span class=\"ez-toc-js-icon-con\"><span class=\"\"><span class=\"eztoc-hide\" style=\"display:none;\">Toggle<\/span><span class=\"ez-toc-icon-toggle-span\"><svg style=\"fill: #999;color:#999\" xmlns=\"http:\/\/www.w3.org\/2000\/svg\" class=\"list-377408\" width=\"20px\" height=\"20px\" viewbox=\"0 0 24 24\" fill=\"none\"><path d=\"M6 6H4v2h2V6zm14 0H8v2h12V6zM4 11h2v2H4v-2zm16 0H8v2h12v-2zM4 16h2v2H4v-2zm16 0H8v2h12v-2z\" fill=\"currentColor\"><\/path><\/svg><svg style=\"fill: #999;color:#999\" class=\"arrow-unsorted-368013\" xmlns=\"http:\/\/www.w3.org\/2000\/svg\" width=\"10px\" height=\"10px\" viewbox=\"0 0 24 24\" version=\"1.2\" baseprofile=\"tiny\"><path d=\"M18.2 9.3l-6.2-6.3-6.2 6.3c-.2.2-.3.4-.3.7s.1.5.3.7c.2.2.4.3.7.3h11c.3 0 .5-.1.7-.3.2-.2.3-.5.3-.7s-.1-.5-.3-.7zM5.8 14.7l6.2 6.3 6.2-6.3c.2-.2.3-.5.3-.7s-.1-.5-.3-.7c-.2-.2-.4-.3-.7-.3h-11c-.3 0-.5.1-.7.3-.2.2-.3.5-.3.7s.1.5.3.7z\"\/><\/svg><\/span><\/span><\/span><\/a><\/span><\/div>\n<nav><ul class='ez-toc-list ez-toc-list-level-1 eztoc-toggle-hide-by-default' ><li class='ez-toc-page-1 ez-toc-heading-level-2'><a class=\"ez-toc-link ez-toc-heading-1\" href=\"https:\/\/coinkickoff.com\/fi\/bitcoin-casino\/how-are-bitcoin-slots-different\/#Overview_of_Bitcoin_Slots\" >Yleiskatsaus Bitcoin-paikoista<\/a><ul class='ez-toc-list-level-3' ><li class='ez-toc-heading-level-3'><a class=\"ez-toc-link ez-toc-heading-2\" href=\"https:\/\/coinkickoff.com\/fi\/bitcoin-casino\/how-are-bitcoin-slots-different\/#Definition_of_Bitcoin_Slots\" >Bitcoin-paikkojen m\u00e4\u00e4ritelm\u00e4<\/a><\/li><li class='ez-toc-page-1 ez-toc-heading-level-3'><a class=\"ez-toc-link ez-toc-heading-3\" href=\"https:\/\/coinkickoff.com\/fi\/bitcoin-casino\/how-are-bitcoin-slots-different\/#Primary_Characteristics\" >Ensisijaiset ominaisuudet<\/a><\/li><li class='ez-toc-page-1 ez-toc-heading-level-3'><a class=\"ez-toc-link ez-toc-heading-4\" href=\"https:\/\/coinkickoff.com\/fi\/bitcoin-casino\/how-are-bitcoin-slots-different\/#Comparison_with_Traditional_Slots\" >Vertailu perinteisiin l\u00e4ht\u00f6- ja saapumisaikoihin<\/a><\/li><\/ul><\/li><li class='ez-toc-page-1 ez-toc-heading-level-2'><a class=\"ez-toc-link ez-toc-heading-5\" href=\"https:\/\/coinkickoff.com\/fi\/bitcoin-casino\/how-are-bitcoin-slots-different\/#Operational_Mechanisms\" >Toimintamekanismit<\/a><ul class='ez-toc-list-level-3' ><li class='ez-toc-heading-level-3'><a class=\"ez-toc-link ez-toc-heading-6\" href=\"https:\/\/coinkickoff.com\/fi\/bitcoin-casino\/how-are-bitcoin-slots-different\/#Underlying_Technology\" >Taustalla oleva teknologia<\/a><\/li><li class='ez-toc-page-1 ez-toc-heading-level-3'><a class=\"ez-toc-link ez-toc-heading-7\" href=\"https:\/\/coinkickoff.com\/fi\/bitcoin-casino\/how-are-bitcoin-slots-different\/#Random_Number_Generation\" >Satunnaislukujen tuottaminen<\/a><\/li><li class='ez-toc-page-1 ez-toc-heading-level-3'><a class=\"ez-toc-link ez-toc-heading-8\" href=\"https:\/\/coinkickoff.com\/fi\/bitcoin-casino\/how-are-bitcoin-slots-different\/#Transaction_Process\" >Transaktioprosessi<\/a><\/li><\/ul><\/li><li class='ez-toc-page-1 ez-toc-heading-level-2'><a class=\"ez-toc-link ez-toc-heading-9\" href=\"https:\/\/coinkickoff.com\/fi\/bitcoin-casino\/how-are-bitcoin-slots-different\/#User_Experience_and_Accessibility\" >K\u00e4ytt\u00e4j\u00e4kokemus ja saavutettavuus<\/a><ul class='ez-toc-list-level-3' ><li class='ez-toc-heading-level-3'><a class=\"ez-toc-link ez-toc-heading-10\" href=\"https:\/\/coinkickoff.com\/fi\/bitcoin-casino\/how-are-bitcoin-slots-different\/#Interface_and_Design_Differences\" >K\u00e4ytt\u00f6liittym\u00e4n ja suunnittelun erot<\/a><\/li><li class='ez-toc-page-1 ez-toc-heading-level-3'><a class=\"ez-toc-link ez-toc-heading-11\" href=\"https:\/\/coinkickoff.com\/fi\/bitcoin-casino\/how-are-bitcoin-slots-different\/#Payment_and_Withdrawal_Methods\" >Maksu- ja nostotavat<\/a><\/li><li class='ez-toc-page-1 ez-toc-heading-level-3'><a class=\"ez-toc-link ez-toc-heading-12\" href=\"https:\/\/coinkickoff.com\/fi\/bitcoin-casino\/how-are-bitcoin-slots-different\/#Anonymity_and_Security\" >Anonymiteetti ja turvallisuus<\/a><\/li><\/ul><\/li><li class='ez-toc-page-1 ez-toc-heading-level-2'><a class=\"ez-toc-link ez-toc-heading-13\" href=\"https:\/\/coinkickoff.com\/fi\/bitcoin-casino\/how-are-bitcoin-slots-different\/#Frequently_Asked_Questions\" >Usein kysytyt kysymykset<\/a><ul class='ez-toc-list-level-3' ><li class='ez-toc-heading-level-3'><a class=\"ez-toc-link ez-toc-heading-14\" href=\"https:\/\/coinkickoff.com\/fi\/bitcoin-casino\/how-are-bitcoin-slots-different\/#What_advantages_do_Bitcoin_slots_offer_over_traditional_slot_machines\" >Mit\u00e4 etuja Bitcoin-kolikkopelit tarjoavat perinteisiin peliautomaatteihin verrattuna?<\/a><\/li><li class='ez-toc-page-1 ez-toc-heading-level-3'><a class=\"ez-toc-link ez-toc-heading-15\" href=\"https:\/\/coinkickoff.com\/fi\/bitcoin-casino\/how-are-bitcoin-slots-different\/#How_do_crypto-based_slot_games_ensure_fairness\" >Miten kryptopohjaiset kolikkopelit takaavat oikeudenmukaisuuden?<\/a><\/li><li class='ez-toc-page-1 ez-toc-heading-level-3'><a class=\"ez-toc-link ez-toc-heading-16\" href=\"https:\/\/coinkickoff.com\/fi\/bitcoin-casino\/how-are-bitcoin-slots-different\/#Can_players_use_Bitcoin_on_all_online_slot_platforms\" >Voivatko pelaajat k\u00e4ytt\u00e4\u00e4 Bitcoin:t\u00e4 kaikilla online-kolikkopelialustoilla?<\/a><\/li><li class='ez-toc-page-1 ez-toc-heading-level-3'><a class=\"ez-toc-link ez-toc-heading-17\" href=\"https:\/\/coinkickoff.com\/fi\/bitcoin-casino\/how-are-bitcoin-slots-different\/#What_are_the_legal_implications_of_using_Bitcoin_for_gambling\" >Mit\u00e4 oikeudellisia vaikutuksia on Bitcoin:n k\u00e4ytt\u00e4misell\u00e4 uhkapelaamiseen?<\/a><\/li><li class='ez-toc-page-1 ez-toc-heading-level-3'><a class=\"ez-toc-link ez-toc-heading-18\" href=\"https:\/\/coinkickoff.com\/fi\/bitcoin-casino\/how-are-bitcoin-slots-different\/#Why_might_Bitcoin_slots_offer_more_privacy_than_regular_slots\" >Miksi Bitcoin-paikat saattavat tarjota enemm\u00e4n yksityisyytt\u00e4 kuin tavalliset paikat?<\/a><\/li><li class='ez-toc-page-1 ez-toc-heading-level-3'><a class=\"ez-toc-link ez-toc-heading-19\" href=\"https:\/\/coinkickoff.com\/fi\/bitcoin-casino\/how-are-bitcoin-slots-different\/#In_what_ways_can_the_payouts_differ_between_Bitcoin_slots_and_conventional_slots\" >Mill\u00e4 tavoin Bitcoin-kolikkopelien ja perinteisten kolikkopelien voitot voivat erota toisistaan?<\/a><\/li><\/ul><\/li><\/ul><\/nav><\/div>\n<h2><span class=\"ez-toc-section\" id=\"Overview_of_Bitcoin_Slots\"><\/span>Yleiskatsaus Bitcoin-paikoista<span class=\"ez-toc-section-end\"><\/span><\/h2>\n<p><img decoding=\"async\" src=\"https:\/\/coinkickoff.com\/wp-content\/uploads\/v2-3dh2w-v0uhq.jpg\" alt=\"\"><\/p>\n<p><a href=\"https:\/\/coinkickoff.com\/fi\/bitcoin-casino\/how-to-play-crypto-slots\/\" data-internallinksmanager029f6b8e52c=\"205\" title=\"Kuinka pelata kryptokolikkopelej\u00e4: Step-by-Step Guide\">Bitcoin-paikat<\/a> integroida kryptovaluutan k\u00e4ytt\u00f6 panostukseen ja liiketoimiin, mik\u00e4 tarjoaa modernin k\u00e4\u00e4nteen kolikkopeleihin.<\/p>\n<h3><span class=\"ez-toc-section\" id=\"Definition_of_Bitcoin_Slots\"><\/span>Bitcoin-paikkojen m\u00e4\u00e4ritelm\u00e4<span class=\"ez-toc-section-end\"><\/span><\/h3>\n<p>Bitcoin-kolikkopelit ovat kasinon kolikkopelej\u00e4, jotka toimivat Bitcoin-valuutalla. N\u00e4m\u00e4 kolikkopelit sijaitsevat online-alustoilla, jotka tukevat lohkoketjuteknologiaa ja palvelevat erityisesti kryptovaluutan k\u00e4ytt\u00e4ji\u00e4.<\/p>\n<h3><span class=\"ez-toc-section\" id=\"Primary_Characteristics\"><\/span>Ensisijaiset ominaisuudet<span class=\"ez-toc-section-end\"><\/span><\/h3>\n<p><strong>Hajauttaminen<\/strong>: Bitcoin-paikat toimivat hajautetussa verkossa, joka on vapaa perinteisist\u00e4 pankkij\u00e4rjestelmist\u00e4.<br \/>\n<strong>Yksityisyys<\/strong>: K\u00e4ytt\u00e4jien yksityisyys paranee, koska henkil\u00f6kohtaisia tietoja ei ole sidottu tapahtumiin.<br \/>\n<strong>Todenn\u00e4k\u00f6isesti oikeudenmukainen<\/strong>: Ne sis\u00e4lt\u00e4v\u00e4t todistettavasti oikeudenmukaisia algoritmeja, joiden avulla pelaajat voivat tarkistaa jokaisen kierroksen oikeudenmukaisuuden itsen\u00e4isesti.<br \/>\n<strong>Nopeat tapahtumat<\/strong>: Talletukset ja nostot ovat yleens\u00e4 nopeampia kuin perinteinen valuutta lohkoketjun luonteen vuoksi.<br \/>\n<strong>Eksklusiiviset bonukset<\/strong>: Jotkut Bitcoin-kolikkopelit tarjoavat erityisi\u00e4 bonuksia k\u00e4ytt\u00e4jille, jotka pelaavat kryptovaluutalla.<\/p>\n<h3><span class=\"ez-toc-section\" id=\"Comparison_with_Traditional_Slots\"><\/span>Vertailu perinteisiin l\u00e4ht\u00f6- ja saapumisaikoihin<span class=\"ez-toc-section-end\"><\/span><\/h3>\n<ul>\n<li><strong>Valuutta<\/strong>: Perinteiset l\u00e4ht\u00f6- ja saapumisaikataulut k\u00e4ytt\u00e4v\u00e4t fiat-valuuttaa, Bitcoin l\u00e4ht\u00f6- ja saapumisaikataulut k\u00e4ytt\u00e4v\u00e4t kryptovaluuttaa.<\/li>\n<li><strong>Maksujen k\u00e4sittely<\/strong>: Perinteiset l\u00e4ht\u00f6- ja saapumisajat perustuvat tavanomaisiin pankkimenetelmiin; Bitcoin-l\u00e4ht\u00f6ajat k\u00e4ytt\u00e4v\u00e4t lohkoketjua, mik\u00e4 voi nopeuttaa k\u00e4sittelyaikoja.<\/li>\n<li><strong>Asetus<\/strong>: Bitcoin-l\u00e4ht\u00f6ihin voi kohdistua erilaisia s\u00e4\u00e4nn\u00f6ksi\u00e4 kryptovaluutan hajautetun luonteen vuoksi.<\/li>\n<\/ul>\n<h2><span class=\"ez-toc-section\" id=\"Operational_Mechanisms\"><\/span>Toimintamekanismit<span class=\"ez-toc-section-end\"><\/span><\/h2>\n<p><img decoding=\"async\" src=\"https:\/\/coinkickoff.com\/wp-content\/uploads\/v2-3dh39-38urg.jpg\" alt=\"\"><\/p>\n<p>Bitcoin-kolikkopeleiss\u00e4 hy\u00f6dynnet\u00e4\u00e4n kryptovaluutan teknologista kyvykkyytt\u00e4, kun taas tavalliset kolikkopelit ovat perinteisesti sidoksissa fiat-valuuttoihin. N\u00e4m\u00e4 toiminnalliset erot korostavat Bitcoin-kolikkopelien ainutlaatuisuutta pelialalla.<\/p>\n<h3><span class=\"ez-toc-section\" id=\"Underlying_Technology\"><\/span>Taustalla oleva teknologia<span class=\"ez-toc-section-end\"><\/span><\/h3>\n<p>Bitcoin-paikat toimivat <strong>lohkoketjuteknologia<\/strong>ja tarjoaa avoimuutta ja muuttumattomuutta. N\u00e4iden aikojen sis\u00e4ll\u00e4 tapahtuvat tapahtumat kirjataan hajautettuun <a href=\"https:\/\/coinkickoff.com\/fi\/what-is-ledger-wallet\/\" data-internallinksmanager029f6b8e52c=\"167\" title=\"Ledger Wallet Arvostelut 2023: Maksut, ominaisuudet, turvallisuus, hyv\u00e4t ja huonot puolet: Maksut, ominaisuudet, turvallisuus, edut ja haitat\">p\u00e4\u00e4kirja<\/a>, joka on kaikkien n\u00e4ht\u00e4viss\u00e4, mutta jota kukaan ei voi muuttaa, mik\u00e4 edist\u00e4\u00e4 suurta luottamusta. Tavalliset kolikkopelit sen sijaan perustuvat yksityisill\u00e4 palvelimilla oleviin peliohjelmistoihin, joissa pelaajien on luotettava kasinon maineeseen oikeudenmukaisuuden ja turvallisuuden suhteen.<\/p>\n<h3><span class=\"ez-toc-section\" id=\"Random_Number_Generation\"><\/span>Satunnaislukujen tuottaminen<span class=\"ez-toc-section-end\"><\/span><\/h3>\n<p>Sek\u00e4 Bitcoin- ett\u00e4 tavalliset l\u00e4ht\u00f6- ja saapumisajat k\u00e4ytt\u00e4v\u00e4t <strong>Satunnaislukugeneraattorit (RNG)<\/strong> varmistaaksemme, ett\u00e4 jokaisen kierroksen tulos on t\u00e4ysin satunnainen. Bitcoin-kolikkopeleiss\u00e4 k\u00e4ytet\u00e4\u00e4n kuitenkin usein <strong>todistettavasti oikeudenmukaiset algoritmit<\/strong>, joiden avulla pelaajat voivat itsen\u00e4isesti tarkistaa kunkin tuloksen satunnaisuuden. T\u00e4m\u00e4 eroaa tavallisista kolikkopeleist\u00e4, joissa k\u00e4ytet\u00e4\u00e4n omia RNG:it\u00e4, jotka riippumattomat yritykset ovat tarkastaneet oikeudenmukaisuuden varmistamiseksi.<\/p>\n<ul>\n<li><strong>Todistettavasti oikeudenmukainen algoritmi<\/strong>: Kryptografinen menetelm\u00e4, jolla varmistetaan pelin oikeudenmukaisuus.<\/li>\n<li><strong>Omat RNG:t<\/strong>: Suljetut j\u00e4rjestelm\u00e4t, joita k\u00e4ytet\u00e4\u00e4n s\u00e4\u00e4nn\u00f6llisiss\u00e4 l\u00e4ht\u00f6- ja saapumisaikoina ja joihin sovelletaan tarkastuksia.<\/li>\n<\/ul>\n<h3><span class=\"ez-toc-section\" id=\"Transaction_Process\"><\/span>Transaktioprosessi<span class=\"ez-toc-section-end\"><\/span><\/h3>\n<p>Tapahtumaprosessi Bitcoin-paikoissa on merkitt\u00e4v\u00e4sti erilainen, ja se tarjoaa seuraavat mahdollisuudet <strong>v\u00e4litt\u00f6m\u00e4t, vertaisverkkokaupat<\/strong> joiden avulla pelaajat voivat tallettaa ja nostaa l\u00e4hes v\u00e4litt\u00f6m\u00e4sti.<\/p>\n<ul>\n<li><strong>Talletukset<\/strong>: L\u00e4hetet\u00e4\u00e4n suoraan pelaajan Bitcoin-lompakosta kasinon lompakkoon.<\/li>\n<li><strong>Nostot<\/strong>: Siirret\u00e4\u00e4n takaisin pelaajan lompakkoon, usein ilman pankin hyv\u00e4ksynt\u00e4\u00e4.<\/li>\n<\/ul>\n<p>Tavallisiin l\u00e4ht\u00f6- ja saapumisaikoihin taas liittyy pankkeja tai muita rahoituksen v\u00e4litt\u00e4ji\u00e4, jotka voivat viiv\u00e4stytt\u00e4\u00e4 tapahtumia k\u00e4sittelyajoilla ja lis\u00e4maksuilla.<\/p>\n<h2><span class=\"ez-toc-section\" id=\"User_Experience_and_Accessibility\"><\/span>K\u00e4ytt\u00e4j\u00e4kokemus ja saavutettavuus<span class=\"ez-toc-section-end\"><\/span><\/h2>\n<p><img decoding=\"async\" src=\"https:\/\/coinkickoff.com\/wp-content\/uploads\/v2-3dh3q-bmbhr.jpg\" alt=\"\"><\/p>\n<p>Bitcoin-kolikkopelit ovat muokanneet k\u00e4ytt\u00e4jien vuorovaikutusta ja saavutettavuutta verkkopelaamisessa erilaisten k\u00e4ytt\u00f6liittymien, maksutapojen ja paremman yksityisyyden suojan avulla.<\/p>\n<h3><span class=\"ez-toc-section\" id=\"Interface_and_Design_Differences\"><\/span>K\u00e4ytt\u00f6liittym\u00e4n ja suunnittelun erot<span class=\"ez-toc-section-end\"><\/span><\/h3>\n<p>Bitcoin-paikoissa on usein <strong>moderni ja intuitiivinen k\u00e4ytt\u00f6liittym\u00e4<\/strong>, web-suunnittelun trendej\u00e4 omaksuen. Pelaajat saattavat kohdata interaktiivisia elementtej\u00e4, kuten:<\/p>\n<ul>\n<li>Edistymisen seurantalaitteet bonuksia varten.<\/li>\n<li>Reaaliaikainen <a href=\"https:\/\/coinkickoff.com\/fi\/crypto-exchanges\/\" data-internallinksmanager029f6b8e52c=\"141\" title=\"21 Parhaat kryptovaluuttap\u00f6rssit ja sovellukset vuonna 2024\">kryptovaluutan vaihto<\/a> hinnat.<\/li>\n<\/ul>\n<p>S\u00e4\u00e4nn\u00f6lliset l\u00e4ht\u00f6- ja saapumisajat ovat yleens\u00e4 <a href=\"https:\/\/coinkickoff.com\/fi\/uphold-review\/\" data-internallinksmanager029f6b8e52c=\"156\" title=\"Uphold Reviews 2023: Maksut, ominaisuudet, turvallisuus, edut ja haitat\">yll\u00e4pit\u00e4v\u00e4t<\/a> a <strong>klassinen suunnittelun eetos<\/strong>, joissa k\u00e4ytt\u00f6liittym\u00e4t ovat tuttuja ja yksinkertaisia, kuten staattiset jackpot-n\u00e4yt\u00f6t.<\/p>\n<h3><span class=\"ez-toc-section\" id=\"Payment_and_Withdrawal_Methods\"><\/span>Maksu- ja nostotavat<span class=\"ez-toc-section-end\"><\/span><\/h3>\n<table>\n<thead>\n<tr>\n<th>Menetelm\u00e4<\/th>\n<th>Bitcoin-paikat<\/th>\n<th>Tavalliset peliautomaatit<\/th>\n<\/tr>\n<\/thead>\n<tbody>\n<tr>\n<td>Talletukset<\/td>\n<td>Suoraan kryptolompakoista, l\u00e4hes v\u00e4litt\u00f6m\u00e4sti.<\/td>\n<td>Pankkikorttien, s\u00e4hk\u00f6isten lompakoiden tai pankkisiirtojen kautta, joiden k\u00e4sittelyajat vaihtelevat.<\/td>\n<\/tr>\n<tr>\n<td>Nostot<\/td>\n<td>K\u00e4sittely kest\u00e4\u00e4 yleens\u00e4 minuuteista tunteihin.<\/td>\n<td>Voi kest\u00e4\u00e4 p\u00e4ivi\u00e4, ja usein on v\u00e4himm\u00e4isnostorajat.<\/td>\n<\/tr>\n<\/tbody>\n<\/table>\n<p>Bitcoin-paikka-alustat tarjoavat yleens\u00e4 <strong>kitkattomat transaktiot<\/strong> lohkoketjuteknologian luonteesta johtuen.<\/p>\n<h3><span class=\"ez-toc-section\" id=\"Anonymity_and_Security\"><\/span>Anonymiteetti ja turvallisuus<span class=\"ez-toc-section-end\"><\/span><\/h3>\n<p>Bitcoin-kolikkopeleiss\u00e4 pelaajat nauttivat suuremmasta m\u00e4\u00e4r\u00e4st\u00e4 <strong>anonymiteetti<\/strong>. Ne:<\/p>\n<ul>\n<li>Heid\u00e4n ei tarvitse jakaa niin paljon henkil\u00f6kohtaisia tietoja.<\/li>\n<li>Hy\u00f6dy lohkoketjuteknologian luontaisista turvallisuusominaisuuksista.<\/li>\n<\/ul>\n<p>S\u00e4\u00e4nn\u00f6llisten l\u00e4ht\u00f6- ja saapumisaikojen on sit\u00e4 vastoin noudatettava tiukkaa <strong>s\u00e4\u00e4ntely- ja todentamisprosessit<\/strong>, mik\u00e4 edellytt\u00e4\u00e4 usein k\u00e4ytt\u00e4jilt\u00e4 yksityiskohtaisia henkil\u00f6tietoja.<\/p>\n<h2><span class=\"ez-toc-section\" id=\"Frequently_Asked_Questions\"><\/span>Usein kysytyt kysymykset<span class=\"ez-toc-section-end\"><\/span><\/h2>\n<p><img decoding=\"async\" src=\"https:\/\/coinkickoff.com\/wp-content\/uploads\/v2-3dh42-3zxyj.jpg\" alt=\"\"><\/p>\n<p>T\u00e4ss\u00e4 osiossa k\u00e4sitell\u00e4\u00e4n yleisi\u00e4 kysymyksi\u00e4, jotka koskevat Bitcoin-kolikkopelien ja perinteisten kolikkopelien v\u00e4lisi\u00e4 eroja, ja keskityt\u00e4\u00e4n sellaisiin n\u00e4k\u00f6kohtiin kuin edut, oikeudenmukaisuus, saavutettavuus, oikeudelliset n\u00e4k\u00f6kohdat, yksityisyys ja voitonmaksuvaihtelut.<\/p>\n<h3><span class=\"ez-toc-section\" id=\"What_advantages_do_Bitcoin_slots_offer_over_traditional_slot_machines\"><\/span>Mit\u00e4 etuja Bitcoin-kolikkopelit tarjoavat perinteisiin peliautomaatteihin verrattuna?<span class=\"ez-toc-section-end\"><\/span><\/h3>\n<p>Bitcoin-paikat tarjoavat k\u00e4ytt\u00e4jille yleens\u00e4 paremman yksityisyyden suojan, koska ne eiv\u00e4t aina vaadi henkil\u00f6tietoja tapahtumia varten. Ne tarjoavat my\u00f6s perinteisiin pankkimenetelmiin verrattuna nopeampia tapahtuma-aikoja, sill\u00e4 Bitcoin-tapahtumat voidaan k\u00e4sitell\u00e4 nopeasti ilman keskusviranomaista.<\/p>\n<h3><span class=\"ez-toc-section\" id=\"How_do_crypto-based_slot_games_ensure_fairness\"><\/span>Miten kryptopohjaiset kolikkopelit takaavat oikeudenmukaisuuden?<span class=\"ez-toc-section-end\"><\/span><\/h3>\n<p>Kryptopohjaisissa kolikkopeleiss\u00e4 k\u00e4ytet\u00e4\u00e4n usein todistettavasti reiluja algoritmeja, joiden avulla pelaajat voivat tarkistaa jokaisen kierroksen reiluuden itsen\u00e4isesti. T\u00e4m\u00e4 j\u00e4rjestelm\u00e4 tarjoaa l\u00e4pin\u00e4kyvyytt\u00e4 k\u00e4ytt\u00e4m\u00e4ll\u00e4 kryptografisia tekniikoita osoittamaan, ett\u00e4 pelin lopputulosta ei ole manipuloitu.<\/p>\n<h3><span class=\"ez-toc-section\" id=\"Can_players_use_Bitcoin_on_all_online_slot_platforms\"><\/span>Voivatko pelaajat k\u00e4ytt\u00e4\u00e4 Bitcoin:t\u00e4 kaikilla online-kolikkopelialustoilla?<span class=\"ez-toc-section-end\"><\/span><\/h3>\n<p>Kaikki online-kolikkopelialustat eiv\u00e4t hyv\u00e4ksy Bitcoin:t\u00e4. Vaikka kryptovaluuttoja tukevien alustojen m\u00e4\u00e4r\u00e4 kasvaa, pelaajien on tarkistettava kunkin sivuston maksuvaihtoehdot selvitt\u00e4\u00e4kseen, hyv\u00e4ksyt\u00e4\u00e4nk\u00f6 Bitcoin.<\/p>\n<h3><span class=\"ez-toc-section\" id=\"What_are_the_legal_implications_of_using_Bitcoin_for_gambling\"><\/span>Mit\u00e4 oikeudellisia vaikutuksia on Bitcoin:n k\u00e4ytt\u00e4misell\u00e4 uhkapelaamiseen?<span class=\"ez-toc-section-end\"><\/span><\/h3>\n<p>Bitcoin:n k\u00e4yt\u00f6n oikeudelliset vaikutukset rahapeleihin vaihtelevat laink\u00e4ytt\u00f6alueesta riippuen. Pelaajat ovat vastuussa siit\u00e4, ett\u00e4 he ymm\u00e4rt\u00e4v\u00e4t ja noudattavat paikallisia lakeja, jotka koskevat online-rahapelien ja kryptovaluuttojen k\u00e4ytt\u00f6\u00e4.<\/p>\n<h3><span class=\"ez-toc-section\" id=\"Why_might_Bitcoin_slots_offer_more_privacy_than_regular_slots\"><\/span>Miksi Bitcoin-paikat saattavat tarjota enemm\u00e4n yksityisyytt\u00e4 kuin tavalliset paikat?<span class=\"ez-toc-section-end\"><\/span><\/h3>\n<p>Bitcoin-kolikkopelit voivat tarjota enemm\u00e4n yksityisyytt\u00e4, koska Bitcoin:ll\u00e4 teht\u00e4v\u00e4t maksutapahtumat eiv\u00e4t v\u00e4ltt\u00e4m\u00e4tt\u00e4 edellyt\u00e4 henkil\u00f6kohtaisten pankkitietojen jakamista. N\u00e4in pelaajat voivat pelata ilman, ett\u00e4 rahoituslaitokset voivat helposti j\u00e4ljitt\u00e4\u00e4 heid\u00e4n toimintansa.<\/p>\n<h3><span class=\"ez-toc-section\" id=\"In_what_ways_can_the_payouts_differ_between_Bitcoin_slots_and_conventional_slots\"><\/span>Mill\u00e4 tavoin Bitcoin-kolikkopelien ja perinteisten kolikkopelien voitot voivat erota toisistaan?<span class=\"ez-toc-section-end\"><\/span><\/h3>\n<p>Bitcoin-l\u00e4ht\u00f6paikkojen voitot voivat olla merkitt\u00e4v\u00e4mpi\u00e4 kryptovaluuttatapahtumien mahdollisesti alhaisempien k\u00e4ytt\u00f6kustannusten vuoksi. Lis\u00e4ksi jotkin Bitcoin-kolikkopelit tarjoavat ainutlaatuisia j\u00e4ttipotteja, jotka maksetaan kryptovaluutalla, jonka arvo voi vaihdella, mik\u00e4 joskus lis\u00e4\u00e4 voiton arvoa fiat-valuutassa mitattuna.<\/p>","protected":false},"excerpt":{"rendered":"<p>Vastuuvapauslauseke: Uhkapeleihin liittyy merkitt\u00e4v\u00e4 taloudellinen riski. Pelaa vain sellaisilla rahoilla, jotka sinulla on varaa menett\u00e4\u00e4. Alla olevat tiedot ovat vain tiedoksi. Saatamme saada palkkion, jos rekister\u00f6idyt ja h\u00e4vi\u00e4t rahaa jollakin seuraavista kasinoista. Kaikki kasinot eiv\u00e4t ole saatavilla kaikissa maissa. Kaikki tiedot, joita [...]<\/p>","protected":false},"author":1,"featured_media":4631,"parent":4440,"menu_order":0,"comment_status":"closed","ping_status":"closed","template":"","meta":{"_genesis_hide_title":false,"_genesis_hide_breadcrumbs":false,"_genesis_hide_singular_image":false,"_genesis_hide_footer_widgets":false,"_genesis_custom_body_class":"","_genesis_custom_post_class":"","_genesis_layout":"","_glsr_average":0,"_glsr_ranking":0,"_glsr_reviews":0,"footnotes":""},"class_list":{"0":"post-4628","1":"page","2":"type-page","3":"status-publish","4":"has-post-thumbnail","6":"entry"},"featured_image_src":"https:\/\/coinkickoff.com\/wp-content\/uploads\/v2-3dh3q-bmbhr-600x400.jpg","featured_image_src_square":"https:\/\/coinkickoff.com\/wp-content\/uploads\/v2-3dh3q-bmbhr-600x600.jpg","_links":{"self":[{"href":"https:\/\/coinkickoff.com\/fi\/wp-json\/wp\/v2\/pages\/4628","targetHints":{"allow":["GET"]}}],"collection":[{"href":"https:\/\/coinkickoff.com\/fi\/wp-json\/wp\/v2\/pages"}],"about":[{"href":"https:\/\/coinkickoff.com\/fi\/wp-json\/wp\/v2\/types\/page"}],"author":[{"embeddable":true,"href":"https:\/\/coinkickoff.com\/fi\/wp-json\/wp\/v2\/users\/1"}],"replies":[{"embeddable":true,"href":"https:\/\/coinkickoff.com\/fi\/wp-json\/wp\/v2\/comments?post=4628"}],"version-history":[{"count":3,"href":"https:\/\/coinkickoff.com\/fi\/wp-json\/wp\/v2\/pages\/4628\/revisions"}],"predecessor-version":[{"id":4635,"href":"https:\/\/coinkickoff.com\/fi\/wp-json\/wp\/v2\/pages\/4628\/revisions\/4635"}],"up":[{"embeddable":true,"href":"https:\/\/coinkickoff.com\/fi\/wp-json\/wp\/v2\/pages\/4440"}],"wp:featuredmedia":[{"embeddable":true,"href":"https:\/\/coinkickoff.com\/fi\/wp-json\/wp\/v2\/media\/4631"}],"wp:attachment":[{"href":"https:\/\/coinkickoff.com\/fi\/wp-json\/wp\/v2\/media?parent=4628"}],"curies":[{"name":"wp","href":"https:\/\/api.w.org\/{rel}","templated":true}]}}