{"id":4605,"date":"2026-01-08T14:07:58","date_gmt":"2026-01-08T14:07:58","guid":{"rendered":"https:\/\/coinkickoff.com\/?page_id=4605"},"modified":"2026-01-08T14:07:58","modified_gmt":"2026-01-08T14:07:58","slug":"how-is-bitcoin-poker-different","status":"publish","type":"page","link":"https:\/\/coinkickoff.com\/fi\/bitcoin-casino\/how-is-bitcoin-poker-different\/","title":{"rendered":"Miten Bitcoin Poker eroaa nettipokerista?"},"content":{"rendered":"<p><em>Vastuuvapauslauseke: Uhkapeleihin liittyy merkitt\u00e4v\u00e4 taloudellinen riski. Pelaa vain sellaisilla rahoilla, jotka sinulla on varaa menett\u00e4\u00e4. Alla olevat tiedot ovat vain tiedoksi. Saatamme saada palkkion, jos rekister\u00f6idyt ja h\u00e4vi\u00e4t rahaa jossakin seuraavista pelipaikoista <a href=\"https:\/\/coinkickoff.com\/fi\/bitcoin-casino\/\" data-internallinksmanager029f6b8e52c=\"200\" title=\"3 parasta Bitcoin krypto kasinot bonuksilla\">kasinot<\/a>. Kaikki kasinot eiv\u00e4t ole saatavilla kaikissa maissa. Kaikkien tietojen uskomme olevan oikeita julkaisuhetkell\u00e4, mutta ne voivat olla sittemmin muuttuneet.<\/em><\/p>\n<div id=\"ez-toc-container\" class=\"ez-toc-v2_0_80 counter-hierarchy ez-toc-counter ez-toc-transparent ez-toc-container-direction\">\n<div class=\"ez-toc-title-container\">\n<p class=\"ez-toc-title\" style=\"cursor:inherit\">Jaksot<\/p>\n<span class=\"ez-toc-title-toggle\"><a href=\"#\" class=\"ez-toc-pull-right ez-toc-btn ez-toc-btn-xs ez-toc-btn-default ez-toc-toggle\" aria-label=\"Sis\u00e4llysluettelon vaihtaminen\"><span class=\"ez-toc-js-icon-con\"><span class=\"\"><span class=\"eztoc-hide\" style=\"display:none;\">Toggle<\/span><span class=\"ez-toc-icon-toggle-span\"><svg style=\"fill: #999;color:#999\" xmlns=\"http:\/\/www.w3.org\/2000\/svg\" class=\"list-377408\" width=\"20px\" height=\"20px\" viewbox=\"0 0 24 24\" fill=\"none\"><path d=\"M6 6H4v2h2V6zm14 0H8v2h12V6zM4 11h2v2H4v-2zm16 0H8v2h12v-2zM4 16h2v2H4v-2zm16 0H8v2h12v-2z\" fill=\"currentColor\"><\/path><\/svg><svg style=\"fill: #999;color:#999\" class=\"arrow-unsorted-368013\" xmlns=\"http:\/\/www.w3.org\/2000\/svg\" width=\"10px\" height=\"10px\" viewbox=\"0 0 24 24\" version=\"1.2\" baseprofile=\"tiny\"><path d=\"M18.2 9.3l-6.2-6.3-6.2 6.3c-.2.2-.3.4-.3.7s.1.5.3.7c.2.2.4.3.7.3h11c.3 0 .5-.1.7-.3.2-.2.3-.5.3-.7s-.1-.5-.3-.7zM5.8 14.7l6.2 6.3 6.2-6.3c.2-.2.3-.5.3-.7s-.1-.5-.3-.7c-.2-.2-.4-.3-.7-.3h-11c-.3 0-.5.1-.7.3-.2.2-.3.5-.3.7s.1.5.3.7z\"\/><\/svg><\/span><\/span><\/span><\/a><\/span><\/div>\n<nav><ul class='ez-toc-list ez-toc-list-level-1 eztoc-toggle-hide-by-default' ><li class='ez-toc-page-1 ez-toc-heading-level-2'><a class=\"ez-toc-link ez-toc-heading-1\" href=\"https:\/\/coinkickoff.com\/fi\/bitcoin-casino\/how-is-bitcoin-poker-different\/#Understanding_Bitcoin_Poker\" >Bitcoin-pokerin ymm\u00e4rt\u00e4minen<\/a><ul class='ez-toc-list-level-3' ><li class='ez-toc-heading-level-3'><a class=\"ez-toc-link ez-toc-heading-2\" href=\"https:\/\/coinkickoff.com\/fi\/bitcoin-casino\/how-is-bitcoin-poker-different\/#Definition_and_Concept_of_Bitcoin_Poker\" >Bitcoin-pokerin m\u00e4\u00e4ritelm\u00e4 ja k\u00e4site<\/a><\/li><li class='ez-toc-page-1 ez-toc-heading-level-3'><a class=\"ez-toc-link ez-toc-heading-3\" href=\"https:\/\/coinkickoff.com\/fi\/bitcoin-casino\/how-is-bitcoin-poker-different\/#Key_Differences_Between_Bitcoin_Poker_and_Online_Poker\" >T\u00e4rkeimm\u00e4t erot Bitcoin-pokerin ja nettipokerin v\u00e4lill\u00e4<\/a><\/li><li class='ez-toc-page-1 ez-toc-heading-level-3'><a class=\"ez-toc-link ez-toc-heading-4\" href=\"https:\/\/coinkickoff.com\/fi\/bitcoin-casino\/how-is-bitcoin-poker-different\/#The_Role_of_Cryptocurrency_in_Poker\" >Kryptovaluutan rooli pokerissa<\/a><\/li><\/ul><\/li><li class='ez-toc-page-1 ez-toc-heading-level-2'><a class=\"ez-toc-link ez-toc-heading-5\" href=\"https:\/\/coinkickoff.com\/fi\/bitcoin-casino\/how-is-bitcoin-poker-different\/#The_Gameplay_Experience\" >Pelikokemus<\/a><ul class='ez-toc-list-level-3' ><li class='ez-toc-heading-level-3'><a class=\"ez-toc-link ez-toc-heading-6\" href=\"https:\/\/coinkickoff.com\/fi\/bitcoin-casino\/how-is-bitcoin-poker-different\/#Account_Funding_and_Withdrawals\" >Tilin rahoittaminen ja nostaminen<\/a><\/li><li class='ez-toc-page-1 ez-toc-heading-level-3'><a class=\"ez-toc-link ez-toc-heading-7\" href=\"https:\/\/coinkickoff.com\/fi\/bitcoin-casino\/how-is-bitcoin-poker-different\/#Anonymity_and_Security_Features\" >Anonymiteetti ja turvallisuusominaisuudet<\/a><\/li><li class='ez-toc-page-1 ez-toc-heading-level-3'><a class=\"ez-toc-link ez-toc-heading-8\" href=\"https:\/\/coinkickoff.com\/fi\/bitcoin-casino\/how-is-bitcoin-poker-different\/#Poker_Variants_and_Software_Differences\" >Pokerivaihtoehdot ja ohjelmistojen erot<\/a><\/li><\/ul><\/li><li class='ez-toc-page-1 ez-toc-heading-level-2'><a class=\"ez-toc-link ez-toc-heading-9\" href=\"https:\/\/coinkickoff.com\/fi\/bitcoin-casino\/how-is-bitcoin-poker-different\/#Regulatory_and_Legal_Landscape\" >S\u00e4\u00e4ntely- ja oikeusymp\u00e4rist\u00f6<\/a><ul class='ez-toc-list-level-3' ><li class='ez-toc-heading-level-3'><a class=\"ez-toc-link ez-toc-heading-10\" href=\"https:\/\/coinkickoff.com\/fi\/bitcoin-casino\/how-is-bitcoin-poker-different\/#Jurisdictional_Variations_in_Bitcoin_Poker\" >Bitcoin-pokerin oikeudelliset vaihtelut<\/a><\/li><li class='ez-toc-page-1 ez-toc-heading-level-3'><a class=\"ez-toc-link ez-toc-heading-11\" href=\"https:\/\/coinkickoff.com\/fi\/bitcoin-casino\/how-is-bitcoin-poker-different\/#Legal_Implications_for_Players_and_Operators\" >Pelaajiin ja toimijoihin kohdistuvat oikeudelliset vaikutukset<\/a><\/li><li class='ez-toc-page-1 ez-toc-heading-level-3'><a class=\"ez-toc-link ez-toc-heading-12\" href=\"https:\/\/coinkickoff.com\/fi\/bitcoin-casino\/how-is-bitcoin-poker-different\/#Compliance_and_Fair_Play_Standards\" >Vaatimustenmukaisuus ja reilun pelin standardit<\/a><\/li><\/ul><\/li><li class='ez-toc-page-1 ez-toc-heading-level-2'><a class=\"ez-toc-link ez-toc-heading-13\" href=\"https:\/\/coinkickoff.com\/fi\/bitcoin-casino\/how-is-bitcoin-poker-different\/#Frequently_Asked_Questions\" >Usein kysytyt kysymykset<\/a><ul class='ez-toc-list-level-3' ><li class='ez-toc-heading-level-3'><a class=\"ez-toc-link ez-toc-heading-14\" href=\"https:\/\/coinkickoff.com\/fi\/bitcoin-casino\/how-is-bitcoin-poker-different\/#What_are_the_advantages_of_playing_poker_using_Bitcoin\" >Mit\u00e4 etuja pokerin pelaamisesta Bitcoin:ll\u00e4 on?<\/a><\/li><li class='ez-toc-page-1 ez-toc-heading-level-3'><a class=\"ez-toc-link ez-toc-heading-15\" href=\"https:\/\/coinkickoff.com\/fi\/bitcoin-casino\/how-is-bitcoin-poker-different\/#Can_Bitcoin_transactions_affect_the_speed_of_online_poker_play\" >Voivatko Bitcoin-tapahtumat vaikuttaa nettipokerin pelaamisen nopeuteen?<\/a><\/li><li class='ez-toc-page-1 ez-toc-heading-level-3'><a class=\"ez-toc-link ez-toc-heading-16\" href=\"https:\/\/coinkickoff.com\/fi\/bitcoin-casino\/how-is-bitcoin-poker-different\/#Are_there_any_legal_differences_in_playing_poker_with_Bitcoin_versus_traditional_currencies\" >Onko pokerin pelaamisessa Bitcoin:ll\u00e4 mit\u00e4\u00e4n oikeudellisia eroja verrattuna perinteisiin valuuttoihin?<\/a><\/li><li class='ez-toc-page-1 ez-toc-heading-level-3'><a class=\"ez-toc-link ez-toc-heading-17\" href=\"https:\/\/coinkickoff.com\/fi\/bitcoin-casino\/how-is-bitcoin-poker-different\/#How_does_provable_fairness_in_Bitcoin_poker_compare_to_regular_online_poker_games\" >Miten Bitcoin-pokerin todistettavissa oleva reiluus vertautuu tavallisiin nettipokeripeleihin?<\/a><\/li><li class='ez-toc-page-1 ez-toc-heading-level-3'><a class=\"ez-toc-link ez-toc-heading-18\" href=\"https:\/\/coinkickoff.com\/fi\/bitcoin-casino\/how-is-bitcoin-poker-different\/#Does_the_use_of_Bitcoin_offer_more_anonymity_in_online_poker\" >Tarjoako Bitcoin:n k\u00e4ytt\u00f6 lis\u00e4\u00e4 anonymiteetti\u00e4 nettipokerissa?<\/a><\/li><li class='ez-toc-page-1 ez-toc-heading-level-3'><a class=\"ez-toc-link ez-toc-heading-19\" href=\"https:\/\/coinkickoff.com\/fi\/bitcoin-casino\/how-is-bitcoin-poker-different\/#What_impact_does_cryptocurrency_volatility_have_on_Bitcoin_poker_stakes\" >Miten kryptovaluuttojen volatiliteetti vaikuttaa Bitcoin-pokerin panoksiin?<\/a><\/li><\/ul><\/li><\/ul><\/nav><\/div>\n<h2><span class=\"ez-toc-section\" id=\"Understanding_Bitcoin_Poker\"><\/span>Bitcoin-pokerin ymm\u00e4rt\u00e4minen<span class=\"ez-toc-section-end\"><\/span><\/h2>\n<p><img decoding=\"async\" src=\"https:\/\/coinkickoff.com\/wp-content\/uploads\/v2-3dh0j-a3sgg.jpg\" alt=\"\"><\/p>\n<p><a href=\"https:\/\/coinkickoff.com\/fi\/bitcoin-casino\/how-to-play-crypto-poker\/\" data-internallinksmanager029f6b8e52c=\"203\" title=\"Kuinka pelata kryptopokeria: Bitcoin-vedonly\u00f6nnin hallitseminen\">Bitcoin Pokeri<\/a> yhdist\u00e4\u00e4 klassisen pokeripelin moderniin lohkoketjuteknologiaan ja tarjoaa ainutlaatuisia etuja, kuten paremman yksityisyyden suojan ja nopeammat transaktiot.<\/p>\n<h3><span class=\"ez-toc-section\" id=\"Definition_and_Concept_of_Bitcoin_Poker\"><\/span>Bitcoin-pokerin m\u00e4\u00e4ritelm\u00e4 ja k\u00e4site<span class=\"ez-toc-section-end\"><\/span><\/h3>\n<p>Bitcoin Poker tarkoittaa nettipokerin versiota, joka k\u00e4ytt\u00e4\u00e4 Bitcoin:t\u00e4 talletusten, panosten ja nostojen valuuttana. Toisin kuin perinteisiss\u00e4 nettipokeripeleiss\u00e4, joissa k\u00e4ytet\u00e4\u00e4n fiat-valuuttaa, Bitcoin Poker toimii digitaalisella valuutalla hy\u00f6dynt\u00e4en lohkoketjuteknologian hajautusta ja vertaisverkkoa.<\/p>\n<h3><span class=\"ez-toc-section\" id=\"Key_Differences_Between_Bitcoin_Poker_and_Online_Poker\"><\/span>T\u00e4rkeimm\u00e4t erot Bitcoin-pokerin ja nettipokerin v\u00e4lill\u00e4<span class=\"ez-toc-section-end\"><\/span><\/h3>\n<p><strong>Anonymiteetti:<\/strong> Yksi t\u00e4rkeimmist\u00e4 eroista on Bitcoin:n tarjoama anonymiteetin taso. Perinteiset nettipokerisivustot vaativat usein henkil\u00f6kohtaisia taloudellisia tietoja, kun taas Bitcoin-pokerisivustoilla k\u00e4ytt\u00e4j\u00e4t voivat pelata suhteellisen anonyymisti.<\/p>\n<p><strong>Tapahtuman nopeus:<\/strong> Bitcoin-tapahtumat voivat olla huomattavasti nopeampia kuin fiat-tapahtumat, mik\u00e4 nopeuttaa pelaajien talletuksia ja nostoja.<\/p>\n<p><strong>Sis\u00e4llysluettelon erot:<\/strong><\/p>\n<table>\n<thead>\n<tr>\n<th>Ominaisuus<\/th>\n<th>Bitcoin Pokeri<\/th>\n<th>Online-pokeri<\/th>\n<\/tr>\n<\/thead>\n<tbody>\n<tr>\n<td>Valuuttatyyppi<\/td>\n<td>Kryptovaluutta (Bitcoin)<\/td>\n<td>Fiat-valuutta (USD, EUR, <a href=\"https:\/\/coinkickoff.com\/fi\/ethereum-classic-etc\/\" data-internallinksmanager029f6b8e52c=\"29\" title=\"Mik\u00e4 on Ethereum Classic (ETC) Miten se toimii ja mist\u00e4 sit\u00e4 voi ostaa?\">jne<\/a>.)<\/td>\n<\/tr>\n<tr>\n<td>Anonymiteettitaso<\/td>\n<td>Korkea<\/td>\n<td>Kohtalainen tai matala<\/td>\n<\/tr>\n<tr>\n<td>Tapahtuman nopeus<\/td>\n<td>Nopea (minuuteista tunteihin)<\/td>\n<td>Vaihteleva (tunneista p\u00e4iviin)<\/td>\n<\/tr>\n<tr>\n<td>Taloudellisia tietoja koskeva vaatimus<\/td>\n<td>Minimaalinen<\/td>\n<td>Usein laaja<\/td>\n<\/tr>\n<\/tbody>\n<\/table>\n<h3><span class=\"ez-toc-section\" id=\"The_Role_of_Cryptocurrency_in_Poker\"><\/span>Kryptovaluutan rooli pokerissa<span class=\"ez-toc-section-end\"><\/span><\/h3>\n<p>Kryptovaluutat, kuten Bitcoin, ovat muuttaneet nettipokerin maisemaa tarjoamalla vaihtoehtoisen tavan suorittaa liiketoimia. Ne tarjoavat hajautetun pokeritalouden, siirt\u00e4v\u00e4t valvonnan pois keskusviranomaiselta ja edist\u00e4v\u00e4t sellaisen maailmanlaajuisen pokeriyhteis\u00f6n luomista, jota perinteiset pankkis\u00e4\u00e4nn\u00f6kset eiv\u00e4t sido.<\/p>\n<h2><span class=\"ez-toc-section\" id=\"The_Gameplay_Experience\"><\/span>Pelikokemus<span class=\"ez-toc-section-end\"><\/span><\/h2>\n<p><img decoding=\"async\" src=\"https:\/\/coinkickoff.com\/wp-content\/uploads\/v2-3dh10-d5088.jpg\" alt=\"\"><\/p>\n<p>Vaikka pokerin ydinpelaaminen pysyy samanlaisena, Bitcoin-pokeri tarjoaa perinteiseen nettipokeriin verrattuna erilaisen kokemuksen tilinhallinnan, yksityisyyden ja ohjelmistovaihtoehtojen suhteen.<\/p>\n<h3><span class=\"ez-toc-section\" id=\"Account_Funding_and_Withdrawals\"><\/span>Tilin rahoittaminen ja nostaminen<span class=\"ez-toc-section-end\"><\/span><\/h3>\n<ul>\n<li><strong>Bitcoin Tapahtumat<\/strong>: Pelaajat rahoittavat tilins\u00e4 ja nostavat <a href=\"https:\/\/coinkickoff.com\/fi\/bitcoin-casino\/cash-in-bitcoin-casino-winnings\/\" data-internallinksmanager029f6b8e52c=\"211\" title=\"Kuinka lunastaa Bitcoin-kasinovoitot: Vaiheittainen opas\">voitot<\/a> jotka k\u00e4ytt\u00e4v\u00e4t Bitcoin:t\u00e4 ja joilla on usein nopeammat transaktioajat kryptovaluutan hajautetun luonteen vuoksi.<\/li>\n<li><strong>Valuuttakurssivaihtelut<\/strong>: Arvo Bitcoin voi olla ep\u00e4vakaa, mik\u00e4 tarkoittaa, ett\u00e4 arvo pelaajien pelikassa voi vaihdella riippumatta heid\u00e4n pokerin suorituskyky\u00e4.<\/li>\n<\/ul>\n<h3><span class=\"ez-toc-section\" id=\"Anonymity_and_Security_Features\"><\/span>Anonymiteetti ja turvallisuusominaisuudet<span class=\"ez-toc-section-end\"><\/span><\/h3>\n<ul>\n<li><strong>Yksityisyys<\/strong>: Bitcoin-pokerialustat voivat tarjota paremman anonymiteetin, koska henkil\u00f6kohtaisia taloudellisia tietoja ei vaadita samalla tavalla kuin fiat-valuuttasivustoilla.<\/li>\n<li><strong>Turvatoimenpiteet<\/strong>: Transaktiot on suojattu lohkoketjuteknologian avulla, mik\u00e4 takaa l\u00e4pin\u00e4kyv\u00e4n ja v\u00e4\u00e4rent\u00e4misen est\u00e4v\u00e4n tallenteen kaikista siirroista.<\/li>\n<\/ul>\n<h3><span class=\"ez-toc-section\" id=\"Poker_Variants_and_Software_Differences\"><\/span>Pokerivaihtoehdot ja ohjelmistojen erot<span class=\"ez-toc-section-end\"><\/span><\/h3>\n<ul>\n<li><strong>Pelin monipuolisuus<\/strong>: Jotkut Bitcoin-pokerisivustot saattavat tarjota ainutlaatuisia pokerimuunnelmia, joita ei l\u00f6ydy perinteisilt\u00e4 alustoilta.<\/li>\n<li><strong>Ohjelmiston rajapinnat<\/strong>: K\u00e4ytt\u00f6liittym\u00e4 ja k\u00e4ytt\u00f6kokemus voivat vaihdella, ja joskus ne tarjoavat kehittyneempi\u00e4 tilastollisia ty\u00f6kaluja, jotka on suunniteltu erityisesti kryptovaluuttojen k\u00e4ytt\u00e4jille.<\/li>\n<\/ul>\n<h2><span class=\"ez-toc-section\" id=\"Regulatory_and_Legal_Landscape\"><\/span>S\u00e4\u00e4ntely- ja oikeusymp\u00e4rist\u00f6<span class=\"ez-toc-section-end\"><\/span><\/h2>\n<p><img decoding=\"async\" src=\"https:\/\/coinkickoff.com\/wp-content\/uploads\/v2-3dh1d-kf9ye.jpg\" alt=\"\"><\/p>\n<p>Bitcoin-pokerin lains\u00e4\u00e4d\u00e4nn\u00f6lliset ja oikeudelliset n\u00e4k\u00f6kohdat vaihtelevat huomattavasti eri puolilla maailmaa, ja niill\u00e4 on erillisi\u00e4 vaikutuksia sek\u00e4 pelaajille ett\u00e4 operaattoreille, ja k\u00e4yt\u00f6ss\u00e4 on tiukkoja s\u00e4\u00e4nt\u00f6jen noudattamista ja reilua peli\u00e4 koskevia standardeja.<\/p>\n<h3><span class=\"ez-toc-section\" id=\"Jurisdictional_Variations_in_Bitcoin_Poker\"><\/span>Bitcoin-pokerin oikeudelliset vaihtelut<span class=\"ez-toc-section-end\"><\/span><\/h3>\n<p>Eri maissa on erilaisia s\u00e4\u00e4nn\u00f6ksi\u00e4 kryptovaluuttojen, kuten Bitcoin:n, k\u00e4yt\u00f6st\u00e4 uhkapeleiss\u00e4. Joissakin maissa se on otettu t\u00e4ysin k\u00e4ytt\u00f6\u00f6n selkein s\u00e4\u00e4nn\u00f6ksin, kun taas toisissa maissa se on harmaalla alueella tai suoranaisesti kielletty. Esim:<\/p>\n<ul>\n<li><strong>Yhdysvallat:<\/strong> Vaihtelee osavaltioittain; jotkut hyv\u00e4ksyv\u00e4t Bitcoin-pokerin, kun taas toiset eiv\u00e4t salli online-rahapelej\u00e4 lainkaan.<\/li>\n<li><strong>Yhdistynyt kuningaskunta:<\/strong> T\u00e4ysin s\u00e4\u00e4nnelty ja kryptovaluuttojen k\u00e4ytt\u00f6\u00e4 koskevat erityiset ohjeet.<\/li>\n<li><strong>Kiina:<\/strong> Nettipelaaminen, mukaan lukien Bitcoin-pokeri, on laitonta.<\/li>\n<\/ul>\n<h3><span class=\"ez-toc-section\" id=\"Legal_Implications_for_Players_and_Operators\"><\/span>Pelaajiin ja toimijoihin kohdistuvat oikeudelliset vaikutukset<span class=\"ez-toc-section-end\"><\/span><\/h3>\n<p><strong>Pelaajat<\/strong> on oltava tietoisia oman maansa lains\u00e4\u00e4d\u00e4nn\u00f6st\u00e4 kryptovaluutan ja online-rahapelien osalta v\u00e4ltt\u00e4\u00e4kseen oikeudellisia riskej\u00e4. Rikkomisesta aiheutuvat rangaistukset voivat vaihdella sakoista syytteeseenpanoon.<\/p>\n<p><strong>Operaattorit<\/strong> Bitcoin-pokerisivustojen on noudatettava toimilupavaatimuksia, rahanpesun vastaisia menettelyj\u00e4 (AML) ja asiakkaan tuntemista koskevia k\u00e4yt\u00e4nt\u00f6j\u00e4 (KYC).<\/p>\n<ul>\n<li><strong>Lisenssivaatimukset:<\/strong> Niiden on hankittava asianmukaiset lisenssit siell\u00e4, miss\u00e4 online-rahapelej\u00e4 s\u00e4\u00e4nnell\u00e4\u00e4n.<\/li>\n<li><strong>AML-menettelyt:<\/strong> Olisi otettava k\u00e4ytt\u00f6\u00f6n j\u00e4rjestelmi\u00e4 talousrikosten ehk\u00e4isemiseksi.<\/li>\n<li><strong>KYC-periaatteet:<\/strong> Niiden on tarkistettava asiakkaidensa henkil\u00f6llisyys.<\/li>\n<\/ul>\n<h3><span class=\"ez-toc-section\" id=\"Compliance_and_Fair_Play_Standards\"><\/span>Vaatimustenmukaisuus ja reilun pelin standardit<span class=\"ez-toc-section-end\"><\/span><\/h3>\n<p>Operaattoreiden on noudatettava standardeja, joilla varmistetaan oikeudenmukaisuus ja turvallisuus.<\/p>\n<ul>\n<li><strong>RNG-sertifiointi:<\/strong> Satunnaislukugeneraattoreiden on oltava riippumattomien elinten sertifioimia.<\/li>\n<li><strong>Turvaprotokollat:<\/strong> SSL-salauksen ja muiden kyberturvallisuustoimenpiteiden k\u00e4ytt\u00f6\u00f6notto.<\/li>\n<li><strong>Todenn\u00e4k\u00f6isesti oikeudenmukaiset j\u00e4rjestelm\u00e4t:<\/strong> Ainutlaatuinen Bitcoin-pelaamisessa, jonka avulla pelaajat voivat tarkistaa jokaisen k\u00e4den oikeudenmukaisuuden.<\/li>\n<\/ul>\n<h2><span class=\"ez-toc-section\" id=\"Frequently_Asked_Questions\"><\/span>Usein kysytyt kysymykset<span class=\"ez-toc-section-end\"><\/span><\/h2>\n<p><img decoding=\"async\" src=\"https:\/\/coinkickoff.com\/wp-content\/uploads\/v2-3dh1y-p4uhr.jpg\" alt=\"\"><\/p>\n<p>T\u00e4ss\u00e4 osiossa k\u00e4sitell\u00e4\u00e4n yleisi\u00e4 kysymyksi\u00e4 ja selvitet\u00e4\u00e4n Bitcoin-pokerin ja tavallisen nettipokerin v\u00e4lisi\u00e4 eroja etujen, nopeuden, laillisuuden, oikeudenmukaisuuden, nimett\u00f6myyden ja kryptovaluuttojen heilahtelun vaikutuksen osalta.<\/p>\n<h3><span class=\"ez-toc-section\" id=\"What_are_the_advantages_of_playing_poker_using_Bitcoin\"><\/span>Mit\u00e4 etuja pokerin pelaamisesta Bitcoin:ll\u00e4 on?<span class=\"ez-toc-section-end\"><\/span><\/h3>\n<p>Pelaajat, jotka k\u00e4ytt\u00e4v\u00e4t Bitcoin:t\u00e4 pokeria varten, nauttivat nopeammista tapahtuma-ajoista, alhaisemmista k\u00e4sittelymaksuista ja mahdollisuudesta pelata alueilta, joilla perinteiset pankkitapahtumat pokerisivustoille ovat rajoitettuja. N\u00e4m\u00e4 edut johtuvat kryptovaluuttojen hajautetusta luonteesta.<\/p>\n<h3><span class=\"ez-toc-section\" id=\"Can_Bitcoin_transactions_affect_the_speed_of_online_poker_play\"><\/span>Voivatko Bitcoin-tapahtumat vaikuttaa nettipokerin pelaamisen nopeuteen?<span class=\"ez-toc-section-end\"><\/span><\/h3>\n<p>Kyll\u00e4, Bitcoin voi nopeuttaa talletus- ja kotiutusprosessia, jolloin pelaajat voivat aloittaa pelaamisen nopeammin ja kotiuttaa voitot ilman pitki\u00e4 pankkiviiveit\u00e4. T\u00e4m\u00e4 virtaviivaistettu toiminta perustuu Bitcoin:lle ominaiseen vertaisverkkotransaktioj\u00e4rjestelm\u00e4\u00e4n.<\/p>\n<h3><span class=\"ez-toc-section\" id=\"Are_there_any_legal_differences_in_playing_poker_with_Bitcoin_versus_traditional_currencies\"><\/span>Onko pokerin pelaamisessa Bitcoin:ll\u00e4 mit\u00e4\u00e4n oikeudellisia eroja verrattuna perinteisiin valuuttoihin?<span class=\"ez-toc-section-end\"><\/span><\/h3>\n<p>Bitcoin-pokerin oikeudellinen toimintaymp\u00e4rist\u00f6 voi vaihdella merkitt\u00e4v\u00e4sti, sill\u00e4 jotkin laink\u00e4ytt\u00f6alueet, jotka s\u00e4\u00e4ntelev\u00e4t tai kielt\u00e4v\u00e4t online-rahapelit, eiv\u00e4t ole viel\u00e4 k\u00e4sitelleet kryptovaluuttoja nimenomaisesti. T\u00e4m\u00e4 tilanne voi aiheuttaa ep\u00e4selvyytt\u00e4, mik\u00e4 saattaa vaikuttaa Bitcoin-pokerin oikeudelliseen asemaan tietyill\u00e4 alueilla.<\/p>\n<h3><span class=\"ez-toc-section\" id=\"How_does_provable_fairness_in_Bitcoin_poker_compare_to_regular_online_poker_games\"><\/span>Miten Bitcoin-pokerin todistettavissa oleva reiluus vertautuu tavallisiin nettipokeripeleihin?<span class=\"ez-toc-section-end\"><\/span><\/h3>\n<p>Bitcoin-pokeriymp\u00e4rist\u00f6iss\u00e4 k\u00e4ytet\u00e4\u00e4n usein todistettavia oikeudenmukaisuusalgoritmeja, joiden avulla pelaajat voivat tarkistaa jokaisen k\u00e4den satunnaisuuden ja oikeudenmukaisuuden. T\u00e4llaista l\u00e4pin\u00e4kyvyytt\u00e4 ei yleens\u00e4 ole saatavilla perinteisiss\u00e4 nettipokeripeleiss\u00e4, mik\u00e4 tarjoaa Bitcoin-pokerin pelaajille lis\u00e4\u00e4 luottamusta.<\/p>\n<h3><span class=\"ez-toc-section\" id=\"Does_the_use_of_Bitcoin_offer_more_anonymity_in_online_poker\"><\/span>Tarjoako Bitcoin:n k\u00e4ytt\u00f6 lis\u00e4\u00e4 anonymiteetti\u00e4 nettipokerissa?<span class=\"ez-toc-section-end\"><\/span><\/h3>\n<p>Bitcoin-tapahtumat tarjoavat enemm\u00e4n anonymiteetti\u00e4 kuin perinteiset verkkomaksutavat, sill\u00e4 ne eiv\u00e4t vaadi henkil\u00f6kohtaisia pankkitietoja. Pelaajat tunnistetaan lompakko-osoitteiden eik\u00e4 henkil\u00f6tietojen perusteella, vaikka t\u00e4ydellist\u00e4 anonymiteetti\u00e4 ei voida taata lohkoketjutapahtumien j\u00e4ljitett\u00e4vyyden vuoksi.<\/p>\n<h3><span class=\"ez-toc-section\" id=\"What_impact_does_cryptocurrency_volatility_have_on_Bitcoin_poker_stakes\"><\/span>Miten kryptovaluuttojen volatiliteetti vaikuttaa Bitcoin-pokerin panoksiin?<span class=\"ez-toc-section-end\"><\/span><\/h3>\n<p>Bitcoin:n arvo voi vaihdella huomattavasti, mik\u00e4 voi vaikuttaa Bitcoin-pokerin sis\u00e4\u00e4nostojen ja voittojen oikean rahan arvoon. Vaikka jotkut pelaajat arvostavat arvonnousun mahdollisuutta, toiset saattavat kokea, ett\u00e4 arvaamattomuus vaikuttaa heid\u00e4n pelaamiseensa. <a href=\"https:\/\/coinkickoff.com\/fi\/bitcoin-casino\/bankroll-management\/\" data-internallinksmanager029f6b8e52c=\"210\" title=\"Pankkikassan hallinta vedonly\u00f6nniss\u00e4 Bitcoin:n kanssa\">pankkikassan hallinta<\/a> ja yleinen strategia.<\/p>","protected":false},"excerpt":{"rendered":"<p>Vastuuvapauslauseke: Uhkapeleihin liittyy merkitt\u00e4v\u00e4 taloudellinen riski. Pelaa vain sellaisilla rahoilla, jotka sinulla on varaa menett\u00e4\u00e4. Alla olevat tiedot ovat vain tiedoksi. Saatamme saada palkkion, jos rekister\u00f6idyt ja h\u00e4vi\u00e4t rahaa jollakin seuraavista kasinoista. Kaikki kasinot eiv\u00e4t ole saatavilla kaikissa maissa. Kaikki tiedot, joita [...]<\/p>","protected":false},"author":1,"featured_media":4609,"parent":4440,"menu_order":0,"comment_status":"closed","ping_status":"closed","template":"","meta":{"_genesis_hide_title":false,"_genesis_hide_breadcrumbs":false,"_genesis_hide_singular_image":false,"_genesis_hide_footer_widgets":false,"_genesis_custom_body_class":"","_genesis_custom_post_class":"","_genesis_layout":"","_glsr_average":0,"_glsr_ranking":0,"_glsr_reviews":0,"footnotes":""},"class_list":{"0":"post-4605","1":"page","2":"type-page","3":"status-publish","4":"has-post-thumbnail","6":"entry"},"featured_image_src":"https:\/\/coinkickoff.com\/wp-content\/uploads\/v2-3dh1y-p4uhr-600x400.jpg","featured_image_src_square":"https:\/\/coinkickoff.com\/wp-content\/uploads\/v2-3dh1y-p4uhr-600x600.jpg","_links":{"self":[{"href":"https:\/\/coinkickoff.com\/fi\/wp-json\/wp\/v2\/pages\/4605","targetHints":{"allow":["GET"]}}],"collection":[{"href":"https:\/\/coinkickoff.com\/fi\/wp-json\/wp\/v2\/pages"}],"about":[{"href":"https:\/\/coinkickoff.com\/fi\/wp-json\/wp\/v2\/types\/page"}],"author":[{"embeddable":true,"href":"https:\/\/coinkickoff.com\/fi\/wp-json\/wp\/v2\/users\/1"}],"replies":[{"embeddable":true,"href":"https:\/\/coinkickoff.com\/fi\/wp-json\/wp\/v2\/comments?post=4605"}],"version-history":[{"count":3,"href":"https:\/\/coinkickoff.com\/fi\/wp-json\/wp\/v2\/pages\/4605\/revisions"}],"predecessor-version":[{"id":4614,"href":"https:\/\/coinkickoff.com\/fi\/wp-json\/wp\/v2\/pages\/4605\/revisions\/4614"}],"up":[{"embeddable":true,"href":"https:\/\/coinkickoff.com\/fi\/wp-json\/wp\/v2\/pages\/4440"}],"wp:featuredmedia":[{"embeddable":true,"href":"https:\/\/coinkickoff.com\/fi\/wp-json\/wp\/v2\/media\/4609"}],"wp:attachment":[{"href":"https:\/\/coinkickoff.com\/fi\/wp-json\/wp\/v2\/media?parent=4605"}],"curies":[{"name":"wp","href":"https:\/\/api.w.org\/{rel}","templated":true}]}}