{"id":4595,"date":"2026-01-08T14:07:58","date_gmt":"2026-01-08T14:07:58","guid":{"rendered":"https:\/\/coinkickoff.com\/?page_id=4595"},"modified":"2026-01-08T14:07:58","modified_gmt":"2026-01-08T14:07:58","slug":"how-is-bitcoin-roulette-different","status":"publish","type":"page","link":"https:\/\/coinkickoff.com\/fi\/bitcoin-casino\/how-is-bitcoin-roulette-different\/","title":{"rendered":"Miten Bitcoin-ruletti eroaa perinteisest\u00e4 kasinoruletista?"},"content":{"rendered":"<p>Vastuuvapauslauseke: Uhkapeleihin liittyy merkitt\u00e4v\u00e4 taloudellinen riski. Pelaa vain sellaisilla rahoilla, jotka sinulla on varaa menett\u00e4\u00e4. Alla olevat tiedot ovat vain tiedoksi. Saatamme saada palkkion, jos rekister\u00f6idyt ja h\u00e4vi\u00e4t rahaa jossakin seuraavista pelipaikoista <a href=\"https:\/\/coinkickoff.com\/fi\/bitcoin-casino\/\" data-internallinksmanager029f6b8e52c=\"200\" title=\"3 parasta Bitcoin krypto kasinot bonuksilla\">kasinot<\/a>. Kaikki kasinot eiv\u00e4t ole saatavilla kaikissa maissa. Kaikkien tietojen uskomme olevan oikeita julkaisuhetkell\u00e4, mutta ne voivat olla sittemmin muuttuneet.<\/p>\n<div id=\"ez-toc-container\" class=\"ez-toc-v2_0_80 counter-hierarchy ez-toc-counter ez-toc-transparent ez-toc-container-direction\">\n<div class=\"ez-toc-title-container\">\n<p class=\"ez-toc-title\" style=\"cursor:inherit\">Jaksot<\/p>\n<span class=\"ez-toc-title-toggle\"><a href=\"#\" class=\"ez-toc-pull-right ez-toc-btn ez-toc-btn-xs ez-toc-btn-default ez-toc-toggle\" aria-label=\"Sis\u00e4llysluettelon vaihtaminen\"><span class=\"ez-toc-js-icon-con\"><span class=\"\"><span class=\"eztoc-hide\" style=\"display:none;\">Toggle<\/span><span class=\"ez-toc-icon-toggle-span\"><svg style=\"fill: #999;color:#999\" xmlns=\"http:\/\/www.w3.org\/2000\/svg\" class=\"list-377408\" width=\"20px\" height=\"20px\" viewbox=\"0 0 24 24\" fill=\"none\"><path d=\"M6 6H4v2h2V6zm14 0H8v2h12V6zM4 11h2v2H4v-2zm16 0H8v2h12v-2zM4 16h2v2H4v-2zm16 0H8v2h12v-2z\" fill=\"currentColor\"><\/path><\/svg><svg style=\"fill: #999;color:#999\" class=\"arrow-unsorted-368013\" xmlns=\"http:\/\/www.w3.org\/2000\/svg\" width=\"10px\" height=\"10px\" viewbox=\"0 0 24 24\" version=\"1.2\" baseprofile=\"tiny\"><path d=\"M18.2 9.3l-6.2-6.3-6.2 6.3c-.2.2-.3.4-.3.7s.1.5.3.7c.2.2.4.3.7.3h11c.3 0 .5-.1.7-.3.2-.2.3-.5.3-.7s-.1-.5-.3-.7zM5.8 14.7l6.2 6.3 6.2-6.3c.2-.2.3-.5.3-.7s-.1-.5-.3-.7c-.2-.2-.4-.3-.7-.3h-11c-.3 0-.5.1-.7.3-.2.2-.3.5-.3.7s.1.5.3.7z\"\/><\/svg><\/span><\/span><\/span><\/a><\/span><\/div>\n<nav><ul class='ez-toc-list ez-toc-list-level-1 eztoc-toggle-hide-by-default' ><li class='ez-toc-page-1 ez-toc-heading-level-2'><a class=\"ez-toc-link ez-toc-heading-1\" href=\"https:\/\/coinkickoff.com\/fi\/bitcoin-casino\/how-is-bitcoin-roulette-different\/#Fundamentals_of_Bitcoin_Roulette\" >Bitcoin-ruletin perusteet<\/a><ul class='ez-toc-list-level-3' ><li class='ez-toc-heading-level-3'><a class=\"ez-toc-link ez-toc-heading-2\" href=\"https:\/\/coinkickoff.com\/fi\/bitcoin-casino\/how-is-bitcoin-roulette-different\/#Definition_and_Mechanism\" >M\u00e4\u00e4ritelm\u00e4 ja mekanismi<\/a><\/li><li class='ez-toc-page-1 ez-toc-heading-level-3'><a class=\"ez-toc-link ez-toc-heading-3\" href=\"https:\/\/coinkickoff.com\/fi\/bitcoin-casino\/how-is-bitcoin-roulette-different\/#Basic_Rules_Comparison\" >Peruss\u00e4\u00e4nt\u00f6jen vertailu<\/a><\/li><\/ul><\/li><li class='ez-toc-page-1 ez-toc-heading-level-2'><a class=\"ez-toc-link ez-toc-heading-4\" href=\"https:\/\/coinkickoff.com\/fi\/bitcoin-casino\/how-is-bitcoin-roulette-different\/#Technological_Aspects\" >Teknologiset n\u00e4k\u00f6kohdat<\/a><ul class='ez-toc-list-level-3' ><li class='ez-toc-heading-level-3'><a class=\"ez-toc-link ez-toc-heading-5\" href=\"https:\/\/coinkickoff.com\/fi\/bitcoin-casino\/how-is-bitcoin-roulette-different\/#Software_and_Fairness\" >Ohjelmistot ja oikeudenmukaisuus<\/a><\/li><li class='ez-toc-page-1 ez-toc-heading-level-3'><a class=\"ez-toc-link ez-toc-heading-6\" href=\"https:\/\/coinkickoff.com\/fi\/bitcoin-casino\/how-is-bitcoin-roulette-different\/#Transaction_Security_and_Anonymity\" >Tapahtumien turvallisuus ja anonymiteetti<\/a><\/li><\/ul><\/li><li class='ez-toc-page-1 ez-toc-heading-level-2'><a class=\"ez-toc-link ez-toc-heading-7\" href=\"https:\/\/coinkickoff.com\/fi\/bitcoin-casino\/how-is-bitcoin-roulette-different\/#Practical_Considerations\" >K\u00e4yt\u00e4nn\u00f6n n\u00e4k\u00f6kohtia<\/a><ul class='ez-toc-list-level-3' ><li class='ez-toc-heading-level-3'><a class=\"ez-toc-link ez-toc-heading-8\" href=\"https:\/\/coinkickoff.com\/fi\/bitcoin-casino\/how-is-bitcoin-roulette-different\/#Accessibility_and_Jurisdiction\" >Saavutettavuus ja toimivalta<\/a><\/li><li class='ez-toc-page-1 ez-toc-heading-level-3'><a class=\"ez-toc-link ez-toc-heading-9\" href=\"https:\/\/coinkickoff.com\/fi\/bitcoin-casino\/how-is-bitcoin-roulette-different\/#Payment_Processing_Times\" >Maksujen k\u00e4sittelyajat<\/a><\/li><li class='ez-toc-page-1 ez-toc-heading-level-3'><a class=\"ez-toc-link ez-toc-heading-10\" href=\"https:\/\/coinkickoff.com\/fi\/bitcoin-casino\/how-is-bitcoin-roulette-different\/#Casino_Bonuses_and_Incentives\" >Kasinobonukset ja kannustimet<\/a><\/li><\/ul><\/li><li class='ez-toc-page-1 ez-toc-heading-level-2'><a class=\"ez-toc-link ez-toc-heading-11\" href=\"https:\/\/coinkickoff.com\/fi\/bitcoin-casino\/how-is-bitcoin-roulette-different\/#Frequently_Asked_Questions\" >Usein kysytyt kysymykset<\/a><ul class='ez-toc-list-level-3' ><li class='ez-toc-heading-level-3'><a class=\"ez-toc-link ez-toc-heading-12\" href=\"https:\/\/coinkickoff.com\/fi\/bitcoin-casino\/how-is-bitcoin-roulette-different\/#What_are_the_distinctive_features_of_Bitcoin_roulette_compared_to_traditional_roulette\" >Mitk\u00e4 ovat Bitcoin-ruletin erityispiirteet verrattuna perinteiseen rulettiin?<\/a><\/li><li class='ez-toc-page-1 ez-toc-heading-level-3'><a class=\"ez-toc-link ez-toc-heading-13\" href=\"https:\/\/coinkickoff.com\/fi\/bitcoin-casino\/how-is-bitcoin-roulette-different\/#Can_you_use_Bitcoin_to_play_any_version_of_roulette\" >Voitko k\u00e4ytt\u00e4\u00e4 Bitcoin:t\u00e4 mink\u00e4 tahansa rulettiversion pelaamiseen?<\/a><\/li><li class='ez-toc-page-1 ez-toc-heading-level-3'><a class=\"ez-toc-link ez-toc-heading-14\" href=\"https:\/\/coinkickoff.com\/fi\/bitcoin-casino\/how-is-bitcoin-roulette-different\/#What_advantages_do_Bitcoin_casinos_offer_for_roulette_players\" >Mit\u00e4 etuja Bitcoin-kasinot tarjoavat ruletin pelaajille?<\/a><\/li><li class='ez-toc-page-1 ez-toc-heading-level-3'><a class=\"ez-toc-link ez-toc-heading-15\" href=\"https:\/\/coinkickoff.com\/fi\/bitcoin-casino\/how-is-bitcoin-roulette-different\/#How_does_the_integration_of_Bitcoin_affect_the_gameplay_of_roulette\" >Miten Bitcoin:n integrointi vaikuttaa ruletin pelaamiseen?<\/a><\/li><li class='ez-toc-page-1 ez-toc-heading-level-3'><a class=\"ez-toc-link ez-toc-heading-16\" href=\"https:\/\/coinkickoff.com\/fi\/bitcoin-casino\/how-is-bitcoin-roulette-different\/#Are_there_any_unique_betting_options_available_in_Bitcoin_roulette\" >Onko Bitcoin-ruletissa saatavilla ainutlaatuisia vedonly\u00f6ntivaihtoehtoja?<\/a><\/li><li class='ez-toc-page-1 ez-toc-heading-level-3'><a class=\"ez-toc-link ez-toc-heading-17\" href=\"https:\/\/coinkickoff.com\/fi\/bitcoin-casino\/how-is-bitcoin-roulette-different\/#What_should_players_know_about_the_security_of_Bitcoin_roulette_games\" >Mit\u00e4 pelaajien tulisi tiet\u00e4\u00e4 Bitcoin-rulettipelien turvallisuudesta?<\/a><\/li><\/ul><\/li><\/ul><\/nav><\/div>\n<h2><span class=\"ez-toc-section\" id=\"Fundamentals_of_Bitcoin_Roulette\"><\/span>Bitcoin-ruletin perusteet<span class=\"ez-toc-section-end\"><\/span><\/h2>\n<p><img decoding=\"async\" src=\"https:\/\/coinkickoff.com\/wp-content\/uploads\/v2-3dgyd-6ia5o.jpg\" alt=\"\"><\/p>\n<p><a href=\"https:\/\/coinkickoff.com\/fi\/bitcoin-casino\/how-to-play-crypto-roulette\/\" data-internallinksmanager029f6b8e52c=\"206\" title=\"Kuinka pelata kryptorulettia: Lohkoketju-vedonly\u00f6ntioppaasi\">Bitcoin Ruletti<\/a> toimii samoilla perusperiaatteilla kuin perinteinen ruletti, mutta pelataan Bitcoin:ll\u00e4 eik\u00e4 fiat-valuutalla, mik\u00e4 vaikuttaa transaktioiden nopeuteen ja anonymiteettiin.<\/p>\n<h3><span class=\"ez-toc-section\" id=\"Definition_and_Mechanism\"><\/span>M\u00e4\u00e4ritelm\u00e4 ja mekanismi<span class=\"ez-toc-section-end\"><\/span><\/h3>\n<p>Bitcoin-ruletti on digitaalinen muunnelma klassisesta kasinopelist\u00e4, joka k\u00e4ytt\u00e4\u00e4 Bitcoin:t\u00e4 vedonly\u00f6ntiin ja maksutapahtumiin. Pelaajat ly\u00f6v\u00e4t vetoa siit\u00e4, mihin pallo laskeutuu numeroituihin ja v\u00e4rillisiin osiin jaetussa py\u00f6r\u00e4ss\u00e4. Mekanismi on samanlainen kuin tavallisessa ruletissa, ja t\u00e4rkein ero on k\u00e4ytetty valuutta. Bitcoin-ruletissa jokainen transaktio k\u00e4sitell\u00e4\u00e4n lohkoketjun kautta, mik\u00e4 tarjoaa l\u00e4pin\u00e4kyvyytt\u00e4 ja v\u00e4hent\u00e4\u00e4 petosten todenn\u00e4k\u00f6isyytt\u00e4.<\/p>\n<ul>\n<li><strong>Tapahtuman nopeus<\/strong>: Tapahtumat Bitcoin:ll\u00e4 ovat nopeampia, yleens\u00e4 muutamassa minuutissa.<\/li>\n<li><strong>Anonymiteetti<\/strong>: Pelaajat voivat s\u00e4ilytt\u00e4\u00e4 anonymiteettins\u00e4, sill\u00e4 Bitcoin-tapahtumien tekemiseen ei luonnostaan tarvita henkil\u00f6kohtaisia tietoja.<\/li>\n<\/ul>\n<h3><span class=\"ez-toc-section\" id=\"Basic_Rules_Comparison\"><\/span>Peruss\u00e4\u00e4nt\u00f6jen vertailu<span class=\"ez-toc-section-end\"><\/span><\/h3>\n<p>Bitcoin-ruletin ja tavallisen ruletin peruss\u00e4\u00e4nn\u00f6t ovat pohjimmiltaan samat. Pelaajat p\u00e4\u00e4tt\u00e4v\u00e4t asettaa panoksensa yhdelle numerolle, erilaisille numeroryhmille, punaiselle tai mustalle v\u00e4rille, parittomalle tai parilliselle numerolle tai korkeille (19-36) tai matalille (1-18) numeroille.<\/p>\n<ul>\n<li><strong>Vedonly\u00f6ntivaihtoehdot<\/strong>:\n<ul>\n<li><strong>Yksitt\u00e4inen numero<\/strong>: Suurempi voitto; pienemm\u00e4t kertoimet.<\/li>\n<li><strong>Ryhm\u00e4n numerot<\/strong>: Panokset numeroklustereihin; vaihtelevat voitot.<\/li>\n<li><strong>V\u00e4rit<\/strong>: Vedonly\u00f6nti punaiselle tai mustalle; l\u00e4hes 50\/50 mahdollisuus.<\/li>\n<li><strong>Pariton tai parillinen<\/strong>: Veikkaa, onko numero pariton vai parillinen.<\/li>\n<li><strong>Korkea tai matala<\/strong>: Panosta korkeisiin (19-36) tai mataliin (1-18) numeroihin.<\/li>\n<\/ul>\n<\/li>\n<\/ul>\n<p>Selke\u00e4 ero s\u00e4\u00e4nn\u00f6iss\u00e4 koskee valuutan k\u00e4sittely\u00e4 ja mahdollisia voittoja. Bitcoin:n hinnanvaihtelu voi vaikuttaa todellisen arvon toteutumiseen. <a href=\"https:\/\/coinkickoff.com\/fi\/bitcoin-casino\/cash-in-bitcoin-casino-winnings\/\" data-internallinksmanager029f6b8e52c=\"211\" title=\"Kuinka lunastaa Bitcoin-kasinovoitot: Vaiheittainen opas\">voitot<\/a> tai tappioita, ja minimi- ja maksimipanokset voivat vaihdella riippuen <a href=\"https:\/\/coinkickoff.com\/fi\/bitcoin-casino\/what-is-a-bitcoin-casino\/\" data-internallinksmanager029f6b8e52c=\"201\" title=\"Mik\u00e4 on Bitcoin-kasino? Crytpo-vedonly\u00f6ntialustojen ymm\u00e4rt\u00e4minen\">Bitcoin-kasino<\/a>politiikkaa.<\/p>\n<h2><span class=\"ez-toc-section\" id=\"Technological_Aspects\"><\/span>Teknologiset n\u00e4k\u00f6kohdat<span class=\"ez-toc-section-end\"><\/span><\/h2>\n<p><img decoding=\"async\" src=\"https:\/\/coinkickoff.com\/wp-content\/uploads\/v2-3dgyu-2s6kd.jpg\" alt=\"\"><\/p>\n<p>Verrattaessa Bitcoin-rulettia perinteiseen rulettiin on otettava huomioon kaksi keskeist\u00e4 teknist\u00e4 n\u00e4k\u00f6kohtaa: mekanismit, joilla varmistetaan ohjelmistojen oikeudenmukaisuus, sek\u00e4 protokollat, joilla yll\u00e4pidet\u00e4\u00e4n transaktioiden turvallisuutta ja anonymiteetti\u00e4.<\/p>\n<h3><span class=\"ez-toc-section\" id=\"Software_and_Fairness\"><\/span>Ohjelmistot ja oikeudenmukaisuus<span class=\"ez-toc-section-end\"><\/span><\/h3>\n<p>Bitcoin-rulettipelit perustuvat seuraaviin tekij\u00f6ihin <strong>Todenn\u00e4k\u00f6isesti oikeudenmukainen<\/strong> tekniikka, jonka avulla pelaajat voivat tarkistaa jokaisen pelin tulokset. J\u00e4rjestelm\u00e4 k\u00e4ytt\u00e4\u00e4 salausalgoritmeja <strong>luoda satunnaisia siemeni\u00e4<\/strong>N\u00e4in varmistetaan, ett\u00e4 jokainen py\u00f6r\u00e4ytys on satunnainen ja reilu. Pelaajat voivat yleens\u00e4 tarkistaa reiluuden <strong>todentamisty\u00f6kalu<\/strong> kasino tarjoaa.<\/p>\n<ul>\n<li>Satunnaislukujen generointi (RNG): Luo algoritmisesti ennalta arvaamattomia tuloksia.<\/li>\n<li>Tarkistusty\u00f6kalut: Tarjoa l\u00e4pin\u00e4kyvi\u00e4 ja todennettavissa olevia pelituloksia.<\/li>\n<\/ul>\n<h3><span class=\"ez-toc-section\" id=\"Transaction_Security_and_Anonymity\"><\/span>Tapahtumien turvallisuus ja anonymiteetti<span class=\"ez-toc-section-end\"><\/span><\/h3>\n<p>Bitcoin-tapahtumat k\u00e4ytt\u00e4v\u00e4t <strong>lohkoketjuteknologia<\/strong>, joka turvaa talletukset ja nostot muuttumattoman <a href=\"https:\/\/coinkickoff.com\/fi\/what-is-ledger-wallet\/\" data-internallinksmanager029f6b8e52c=\"167\" title=\"Ledger Wallet Arvostelut 2023: Maksut, ominaisuudet, turvallisuus, hyv\u00e4t ja huonot puolet: Maksut, ominaisuudet, turvallisuus, edut ja haitat\">p\u00e4\u00e4kirja<\/a>, mik\u00e4 parantaa turvallisuutta ja tarjoaa jonkinasteista anonymiteetti\u00e4.<\/p>\n<ul>\n<li><strong>Turvallisuus<\/strong>: Lohkoketjuteknologialla suojatut salatut transaktiot.<\/li>\n<li><strong>Anonymiteetti<\/strong>: Henkil\u00f6tietojen paljastaminen on v\u00e4h\u00e4isemp\u00e4\u00e4 kuin perinteisill\u00e4 maksutavoilla.<\/li>\n<\/ul>\n<table>\n<thead>\n<tr>\n<th>Aspect<\/th>\n<th>Hy\u00f6ty<\/th>\n<\/tr>\n<\/thead>\n<tbody>\n<tr>\n<td>Salatut tapahtumat<\/td>\n<td>Lis\u00e4\u00e4 petostentorjunnan varmuuskerroksen<\/td>\n<\/tr>\n<tr>\n<td>Muuttumaton p\u00e4\u00e4kirja<\/td>\n<td>Varmistaa tapahtumien pysyvyyden ja j\u00e4ljitett\u00e4vyyden.<\/td>\n<\/tr>\n<tr>\n<td>V\u00e4hennetty tietojen luovuttaminen<\/td>\n<td>Pelaajien henkil\u00f6tiedot ovat v\u00e4hemm\u00e4n alttiina<\/td>\n<\/tr>\n<\/tbody>\n<\/table>\n<h2><span class=\"ez-toc-section\" id=\"Practical_Considerations\"><\/span>K\u00e4yt\u00e4nn\u00f6n n\u00e4k\u00f6kohtia<span class=\"ez-toc-section-end\"><\/span><\/h2>\n<p><img decoding=\"async\" src=\"https:\/\/coinkickoff.com\/wp-content\/uploads\/v2-3dgz8-pee1q.jpg\" alt=\"\"><\/p>\n<p>K\u00e4ytt\u00e4jien on otettava huomioon Bitcoin-rulettia k\u00e4ytt\u00e4ess\u00e4\u00e4n erot saavutettavuudessa, k\u00e4sittelyajoissa ja tarjotuissa ainutlaatuisissa bonuksissa, jotka eroavat perinteisist\u00e4 rulettikokemuksista.<\/p>\n<h3><span class=\"ez-toc-section\" id=\"Accessibility_and_Jurisdiction\"><\/span>Saavutettavuus ja toimivalta<span class=\"ez-toc-section-end\"><\/span><\/h3>\n<p>Bitcoin-ruletti on usein saatavilla pelaajille laink\u00e4ytt\u00f6alueilla, joilla online-rahapelien pelaamista on rajoitettu tai joilla perinteiset maksutavat eiv\u00e4t ole mahdollisia. <strong>Kryptovaluutta<\/strong> v\u00e4lineen\u00e4 ohittaa monet s\u00e4\u00e4ntelyn asettamat rajoitukset, mik\u00e4 tekee siit\u00e4 laajemmin saatavilla olevan. K\u00e4ytt\u00e4jien tulisi kuitenkin olla tietoisia paikallisesta lains\u00e4\u00e4d\u00e4nn\u00f6st\u00e4, sill\u00e4 kryptovaluutoilla pelaamisen laillisuus voi vaihdella huomattavasti alueittain.<\/p>\n<h3><span class=\"ez-toc-section\" id=\"Payment_Processing_Times\"><\/span>Maksujen k\u00e4sittelyajat<span class=\"ez-toc-section-end\"><\/span><\/h3>\n<ul>\n<li><strong>Bitcoin Talletukset:<\/strong> Tyypillisesti v\u00e4litt\u00f6m\u00e4sti tai muutamassa minuutissa.<\/li>\n<li><strong>Bitcoin Nostot:<\/strong> Voi vaihdella minuuteista useisiin tunteihin.<\/li>\n<li><strong>Perinteiset pankkimenetelm\u00e4t:<\/strong> Sek\u00e4 talletusten ett\u00e4 nostojen tekeminen kest\u00e4\u00e4 usein useita p\u00e4ivi\u00e4.<\/li>\n<\/ul>\n<p>Bitcoin:n k\u00e4ytt\u00f6 voi lyhent\u00e4\u00e4 huomattavasti maksujen k\u00e4sittelyyn liittyvi\u00e4 odotusaikoja online-rahapelien yhteydess\u00e4. Pelaajat voivat usein aloittaa pelaamisen nopeammin ja ker\u00e4t\u00e4 voittonsa nopeammin kuin perinteisill\u00e4 maksutavoilla.<\/p>\n<h3><span class=\"ez-toc-section\" id=\"Casino_Bonuses_and_Incentives\"><\/span>Kasinobonukset ja kannustimet<span class=\"ez-toc-section-end\"><\/span><\/h3>\n<ul>\n<li><strong>Tervetuliaisbonukset:<\/strong> Monet Bitcoin-kasinot tarjoavat huomattavia tervetuliaisbonuksia uusille pelaajille.<\/li>\n<li><strong>Uskollisuuspalkkiot:<\/strong> S\u00e4\u00e4nn\u00f6llisten k\u00e4ytt\u00e4jien etuihin kuuluvat usein korkeammat bonukset tai VIP-kohtelu.<\/li>\n<li><strong>Eksklusiiviset kampanjat:<\/strong> Jotkut kasinot tarjoavat kampanjoita, jotka on r\u00e4\u00e4t\u00e4l\u00f6ity erityisesti Bitcoin-k\u00e4ytt\u00e4jille.<\/li>\n<\/ul>\n<p>Bitcoin-rulettialustoilla voi olla anteliaampia bonuksia ja kannustimia kuin tavallisilla nettikasinoilla. N\u00e4m\u00e4 bonukset on suunniteltu houkuttelemaan ja pit\u00e4m\u00e4\u00e4n pelaajat, jotka k\u00e4ytt\u00e4v\u00e4t mieluummin kryptovaluuttaa. Pelaajien on t\u00e4rke\u00e4\u00e4 lukea n\u00e4ihin bonuksiin liittyv\u00e4t ehdot, jotta he ymm\u00e4rt\u00e4v\u00e4t t\u00e4ysin, miten niit\u00e4 voi hy\u00f6dynt\u00e4\u00e4.<\/p>\n<h2><span class=\"ez-toc-section\" id=\"Frequently_Asked_Questions\"><\/span>Usein kysytyt kysymykset<span class=\"ez-toc-section-end\"><\/span><\/h2>\n<p><img decoding=\"async\" src=\"https:\/\/coinkickoff.com\/wp-content\/uploads\/v2-3dgzp-ju7x7.jpg\" alt=\"\"><\/p>\n<p>T\u00e4ss\u00e4 osiossa k\u00e4sitell\u00e4\u00e4n yleisi\u00e4 kysymyksi\u00e4, jotka koskevat Bitcoin-ruletin ja perinteisen ruletin eroja, ja se on r\u00e4\u00e4t\u00e4l\u00f6ity pelaajille, jotka haluavat saada selvyytt\u00e4 asiaan.<\/p>\n<h3><span class=\"ez-toc-section\" id=\"What_are_the_distinctive_features_of_Bitcoin_roulette_compared_to_traditional_roulette\"><\/span>Mitk\u00e4 ovat Bitcoin-ruletin erityispiirteet verrattuna perinteiseen rulettiin?<span class=\"ez-toc-section-end\"><\/span><\/h3>\n<p>Bitcoin-ruletti toimii pelattavuudeltaan samalla tavalla kuin perinteinen ruletti. T\u00e4rkein ero on Bitcoin:n k\u00e4ytt\u00f6 valuuttana, joka usein mahdollistaa nopeammat transaktioajat ja paremman anonymiteetin pelaajille.<\/p>\n<h3><span class=\"ez-toc-section\" id=\"Can_you_use_Bitcoin_to_play_any_version_of_roulette\"><\/span>Voitko k\u00e4ytt\u00e4\u00e4 Bitcoin:t\u00e4 mink\u00e4 tahansa rulettiversion pelaamiseen?<span class=\"ez-toc-section-end\"><\/span><\/h3>\n<p>Useimmat Bitcoin-kasinot tarjoavat erilaisia rulettiversioita, kuten amerikkalaista, eurooppalaista ja ranskalaista rulettia. Pelaajat voivat asettaa vetoja Bitcoin:ll\u00e4 n\u00e4iss\u00e4 eri versioissa kasinon tarjonnasta riippuen.<\/p>\n<h3><span class=\"ez-toc-section\" id=\"What_advantages_do_Bitcoin_casinos_offer_for_roulette_players\"><\/span>Mit\u00e4 etuja Bitcoin-kasinot tarjoavat ruletin pelaajille?<span class=\"ez-toc-section-end\"><\/span><\/h3>\n<p>Bitcoin-kasinot tarjoavat pelaajille usein etuja, kuten alhaisemmat transaktiomaksut, todistetusti reilua pelaamista ja mahdollisuuden pelata ja nostaa varoja ilman henkil\u00f6kohtaisia taloudellisia tietoja.<\/p>\n<h3><span class=\"ez-toc-section\" id=\"How_does_the_integration_of_Bitcoin_affect_the_gameplay_of_roulette\"><\/span>Miten Bitcoin:n integrointi vaikuttaa ruletin pelaamiseen?<span class=\"ez-toc-section-end\"><\/span><\/h3>\n<p>Bitcoin:n integrointi ei yleens\u00e4 muuta ruletin peruspelaamista. Se voi kuitenkin mahdollistaa nopeamman vedonly\u00f6nnin ja kotiuttamisen, mik\u00e4 parantaa pelin yleist\u00e4 vauhtia.<\/p>\n<h3><span class=\"ez-toc-section\" id=\"Are_there_any_unique_betting_options_available_in_Bitcoin_roulette\"><\/span>Onko Bitcoin-ruletissa saatavilla ainutlaatuisia vedonly\u00f6ntivaihtoehtoja?<span class=\"ez-toc-section-end\"><\/span><\/h3>\n<p>Bitcoin-ruletti tarjoaa yleens\u00e4 samat panostusvaihtoehdot kuin tavallinen ruletti. Jotkin Bitcoin-kasinot saattavat kuitenkin ottaa k\u00e4ytt\u00f6\u00f6n ainutlaatuisia kampanjoita tai vetoja houkutellakseen laajempaa kryptovaluuttojen harrastajakuntaa.<\/p>\n<h3><span class=\"ez-toc-section\" id=\"What_should_players_know_about_the_security_of_Bitcoin_roulette_games\"><\/span>Mit\u00e4 pelaajien tulisi tiet\u00e4\u00e4 Bitcoin-rulettipelien turvallisuudesta?<span class=\"ez-toc-section-end\"><\/span><\/h3>\n<p>Bitcoin-ruletin turvallisuus riippuu sek\u00e4 Bitcoin:n taustalla olevan salaustekniikan kest\u00e4vyydest\u00e4 ett\u00e4 yksitt\u00e4isen kasinon toteuttamista turvatoimista. Pelaajien on elint\u00e4rke\u00e4\u00e4 varmistaa kasinon uskottavuus ja sen pelien reiluus.<\/p>","protected":false},"excerpt":{"rendered":"<p>Vastuuvapauslauseke: Uhkapeleihin liittyy merkitt\u00e4v\u00e4 taloudellinen riski. Pelaa vain sellaisilla rahoilla, jotka sinulla on varaa menett\u00e4\u00e4. Alla olevat tiedot ovat vain tiedoksi. Saatamme saada palkkion, jos rekister\u00f6idyt ja h\u00e4vi\u00e4t rahaa jollakin seuraavista kasinoista. Kaikki kasinot eiv\u00e4t ole saatavilla kaikissa maissa. Kaikki tiedot, joita [...]<\/p>","protected":false},"author":1,"featured_media":4599,"parent":4440,"menu_order":0,"comment_status":"closed","ping_status":"closed","template":"","meta":{"_genesis_hide_title":false,"_genesis_hide_breadcrumbs":false,"_genesis_hide_singular_image":false,"_genesis_hide_footer_widgets":false,"_genesis_custom_body_class":"","_genesis_custom_post_class":"","_genesis_layout":"","_glsr_average":0,"_glsr_ranking":0,"_glsr_reviews":0,"footnotes":""},"class_list":{"0":"post-4595","1":"page","2":"type-page","3":"status-publish","4":"has-post-thumbnail","6":"entry"},"featured_image_src":"https:\/\/coinkickoff.com\/wp-content\/uploads\/v2-3dgz8-pee1q-600x400.jpg","featured_image_src_square":"https:\/\/coinkickoff.com\/wp-content\/uploads\/v2-3dgz8-pee1q-600x600.jpg","_links":{"self":[{"href":"https:\/\/coinkickoff.com\/fi\/wp-json\/wp\/v2\/pages\/4595","targetHints":{"allow":["GET"]}}],"collection":[{"href":"https:\/\/coinkickoff.com\/fi\/wp-json\/wp\/v2\/pages"}],"about":[{"href":"https:\/\/coinkickoff.com\/fi\/wp-json\/wp\/v2\/types\/page"}],"author":[{"embeddable":true,"href":"https:\/\/coinkickoff.com\/fi\/wp-json\/wp\/v2\/users\/1"}],"replies":[{"embeddable":true,"href":"https:\/\/coinkickoff.com\/fi\/wp-json\/wp\/v2\/comments?post=4595"}],"version-history":[{"count":3,"href":"https:\/\/coinkickoff.com\/fi\/wp-json\/wp\/v2\/pages\/4595\/revisions"}],"predecessor-version":[{"id":4602,"href":"https:\/\/coinkickoff.com\/fi\/wp-json\/wp\/v2\/pages\/4595\/revisions\/4602"}],"up":[{"embeddable":true,"href":"https:\/\/coinkickoff.com\/fi\/wp-json\/wp\/v2\/pages\/4440"}],"wp:featuredmedia":[{"embeddable":true,"href":"https:\/\/coinkickoff.com\/fi\/wp-json\/wp\/v2\/media\/4599"}],"wp:attachment":[{"href":"https:\/\/coinkickoff.com\/fi\/wp-json\/wp\/v2\/media?parent=4595"}],"curies":[{"name":"wp","href":"https:\/\/api.w.org\/{rel}","templated":true}]}}