{"id":4585,"date":"2026-01-08T14:07:59","date_gmt":"2026-01-08T14:07:59","guid":{"rendered":"https:\/\/coinkickoff.com\/?page_id=4585"},"modified":"2026-01-08T14:07:59","modified_gmt":"2026-01-08T14:07:59","slug":"how-is-bitcoin-blackjack-different","status":"publish","type":"page","link":"https:\/\/coinkickoff.com\/fi\/bitcoin-casino\/how-is-bitcoin-blackjack-different\/","title":{"rendered":"Miten Bitcoin-blackjack eroaa tavallisesta blackjackista?"},"content":{"rendered":"<p><em>Vastuuvapauslauseke: Uhkapeleihin liittyy merkitt\u00e4v\u00e4 taloudellinen riski. Pelaa vain sellaisilla rahoilla, jotka sinulla on varaa menett\u00e4\u00e4. Alla olevat tiedot ovat vain tiedoksi. Saatamme saada palkkion, jos rekister\u00f6idyt ja h\u00e4vi\u00e4t rahaa jossakin seuraavista pelipaikoista <a href=\"https:\/\/coinkickoff.com\/fi\/bitcoin-casino\/\" data-internallinksmanager029f6b8e52c=\"200\" title=\"3 parasta Bitcoin krypto kasinot bonuksilla\">kasinot<\/a>. Kaikki kasinot eiv\u00e4t ole saatavilla kaikissa maissa. Kaikkien tietojen uskomme olevan oikeita julkaisuhetkell\u00e4, mutta ne voivat olla sittemmin muuttuneet.<\/em><\/p>\n<div id=\"ez-toc-container\" class=\"ez-toc-v2_0_80 counter-hierarchy ez-toc-counter ez-toc-transparent ez-toc-container-direction\">\n<div class=\"ez-toc-title-container\">\n<p class=\"ez-toc-title\" style=\"cursor:inherit\">Jaksot<\/p>\n<span class=\"ez-toc-title-toggle\"><a href=\"#\" class=\"ez-toc-pull-right ez-toc-btn ez-toc-btn-xs ez-toc-btn-default ez-toc-toggle\" aria-label=\"Sis\u00e4llysluettelon vaihtaminen\"><span class=\"ez-toc-js-icon-con\"><span class=\"\"><span class=\"eztoc-hide\" style=\"display:none;\">Toggle<\/span><span class=\"ez-toc-icon-toggle-span\"><svg style=\"fill: #999;color:#999\" xmlns=\"http:\/\/www.w3.org\/2000\/svg\" class=\"list-377408\" width=\"20px\" height=\"20px\" viewbox=\"0 0 24 24\" fill=\"none\"><path d=\"M6 6H4v2h2V6zm14 0H8v2h12V6zM4 11h2v2H4v-2zm16 0H8v2h12v-2zM4 16h2v2H4v-2zm16 0H8v2h12v-2z\" fill=\"currentColor\"><\/path><\/svg><svg style=\"fill: #999;color:#999\" class=\"arrow-unsorted-368013\" xmlns=\"http:\/\/www.w3.org\/2000\/svg\" width=\"10px\" height=\"10px\" viewbox=\"0 0 24 24\" version=\"1.2\" baseprofile=\"tiny\"><path d=\"M18.2 9.3l-6.2-6.3-6.2 6.3c-.2.2-.3.4-.3.7s.1.5.3.7c.2.2.4.3.7.3h11c.3 0 .5-.1.7-.3.2-.2.3-.5.3-.7s-.1-.5-.3-.7zM5.8 14.7l6.2 6.3 6.2-6.3c.2-.2.3-.5.3-.7s-.1-.5-.3-.7c-.2-.2-.4-.3-.7-.3h-11c-.3 0-.5.1-.7.3-.2.2-.3.5-.3.7s.1.5.3.7z\"\/><\/svg><\/span><\/span><\/span><\/a><\/span><\/div>\n<nav><ul class='ez-toc-list ez-toc-list-level-1 eztoc-toggle-hide-by-default' ><li class='ez-toc-page-1 ez-toc-heading-level-2'><a class=\"ez-toc-link ez-toc-heading-1\" href=\"https:\/\/coinkickoff.com\/fi\/bitcoin-casino\/how-is-bitcoin-blackjack-different\/#Fundamentals_of_Bitcoin_Blackjack\" >Bitcoin Blackjackin perusteet<\/a><ul class='ez-toc-list-level-3' ><li class='ez-toc-heading-level-3'><a class=\"ez-toc-link ez-toc-heading-2\" href=\"https:\/\/coinkickoff.com\/fi\/bitcoin-casino\/how-is-bitcoin-blackjack-different\/#Definition_and_Operation\" >M\u00e4\u00e4ritelm\u00e4 ja toiminta<\/a><\/li><li class='ez-toc-page-1 ez-toc-heading-level-3'><a class=\"ez-toc-link ez-toc-heading-3\" href=\"https:\/\/coinkickoff.com\/fi\/bitcoin-casino\/how-is-bitcoin-blackjack-different\/#Key_Differences_From_Traditional_Blackjack\" >T\u00e4rkeimm\u00e4t erot perinteiseen blackjackiin verrattuna<\/a><\/li><\/ul><\/li><li class='ez-toc-page-1 ez-toc-heading-level-2'><a class=\"ez-toc-link ez-toc-heading-4\" href=\"https:\/\/coinkickoff.com\/fi\/bitcoin-casino\/how-is-bitcoin-blackjack-different\/#Gameplay_Specifics\" >Pelattavuuden erityispiirteet<\/a><ul class='ez-toc-list-level-3' ><li class='ez-toc-heading-level-3'><a class=\"ez-toc-link ez-toc-heading-5\" href=\"https:\/\/coinkickoff.com\/fi\/bitcoin-casino\/how-is-bitcoin-blackjack-different\/#Digital_Transactions_in_Gameplay\" >Digitaaliset transaktiot peliss\u00e4<\/a><\/li><li class='ez-toc-page-1 ez-toc-heading-level-3'><a class=\"ez-toc-link ez-toc-heading-6\" href=\"https:\/\/coinkickoff.com\/fi\/bitcoin-casino\/how-is-bitcoin-blackjack-different\/#Use_of_Provably_Fair_Algorithms\" >Todistettavasti oikeudenmukaisten algoritmien k\u00e4ytt\u00f6<\/a><\/li><li class='ez-toc-page-1 ez-toc-heading-level-3'><a class=\"ez-toc-link ez-toc-heading-7\" href=\"https:\/\/coinkickoff.com\/fi\/bitcoin-casino\/how-is-bitcoin-blackjack-different\/#Privacy_and_Anonymity_Aspects\" >Yksityisyyden suoja ja nimett\u00f6myys<\/a><\/li><\/ul><\/li><li class='ez-toc-page-1 ez-toc-heading-level-2'><a class=\"ez-toc-link ez-toc-heading-8\" href=\"https:\/\/coinkickoff.com\/fi\/bitcoin-casino\/how-is-bitcoin-blackjack-different\/#Considerations_for_Players\" >Pelaajia koskevia n\u00e4k\u00f6kohtia<\/a><ul class='ez-toc-list-level-3' ><li class='ez-toc-heading-level-3'><a class=\"ez-toc-link ez-toc-heading-9\" href=\"https:\/\/coinkickoff.com\/fi\/bitcoin-casino\/how-is-bitcoin-blackjack-different\/#Volatility_of_Bitcoin_Value\" >Bitcoin-arvon volatiliteetti<\/a><\/li><li class='ez-toc-page-1 ez-toc-heading-level-3'><a class=\"ez-toc-link ez-toc-heading-10\" href=\"https:\/\/coinkickoff.com\/fi\/bitcoin-casino\/how-is-bitcoin-blackjack-different\/#Legal_and_Regulatory_Implications\" >Oikeudelliset ja lains\u00e4\u00e4d\u00e4nn\u00f6lliset vaikutukset<\/a><\/li><li class='ez-toc-page-1 ez-toc-heading-level-3'><a class=\"ez-toc-link ez-toc-heading-11\" href=\"https:\/\/coinkickoff.com\/fi\/bitcoin-casino\/how-is-bitcoin-blackjack-different\/#Security_and_Trustworthiness\" >Turvallisuus ja luotettavuus<\/a><\/li><\/ul><\/li><li class='ez-toc-page-1 ez-toc-heading-level-2'><a class=\"ez-toc-link ez-toc-heading-12\" href=\"https:\/\/coinkickoff.com\/fi\/bitcoin-casino\/how-is-bitcoin-blackjack-different\/#Frequently_Asked_Questions\" >Usein kysytyt kysymykset<\/a><ul class='ez-toc-list-level-3' ><li class='ez-toc-heading-level-3'><a class=\"ez-toc-link ez-toc-heading-13\" href=\"https:\/\/coinkickoff.com\/fi\/bitcoin-casino\/how-is-bitcoin-blackjack-different\/#What_are_the_differences_in_transaction_methods_between_Bitcoin_Blackjack_and_traditional_Blackjack\" >Mit\u00e4 eroja on Bitcoin-blackjackin ja perinteisen blackjackin transaktiomenetelmiss\u00e4?<\/a><\/li><li class='ez-toc-page-1 ez-toc-heading-level-3'><a class=\"ez-toc-link ez-toc-heading-14\" href=\"https:\/\/coinkickoff.com\/fi\/bitcoin-casino\/how-is-bitcoin-blackjack-different\/#Does_the_use_of_Bitcoin_in_Blackjack_affect_game_anonymity\" >Vaikuttaako Bitcoin:n k\u00e4ytt\u00f6 Blackjackissa pelin anonymiteettiin?<\/a><\/li><li class='ez-toc-page-1 ez-toc-heading-level-3'><a class=\"ez-toc-link ez-toc-heading-15\" href=\"https:\/\/coinkickoff.com\/fi\/bitcoin-casino\/how-is-bitcoin-blackjack-different\/#Are_there_any_variations_in_game_rules_for_Blackjack_when_playing_with_Bitcoin\" >Onko Blackjackin pelis\u00e4\u00e4nn\u00f6iss\u00e4 mit\u00e4\u00e4n eroja, kun pelataan Bitcoin:ll\u00e4?<\/a><\/li><li class='ez-toc-page-1 ez-toc-heading-level-3'><a class=\"ez-toc-link ez-toc-heading-16\" href=\"https:\/\/coinkickoff.com\/fi\/bitcoin-casino\/how-is-bitcoin-blackjack-different\/#How_do_the_odds_or_payouts_differ_in_Bitcoin_Blackjack_compared_to_regular_Blackjack\" >Miten kertoimet tai voitot eroavat Bitcoin-blackjackissa tavalliseen blackjackiin verrattuna?<\/a><\/li><li class='ez-toc-page-1 ez-toc-heading-level-3'><a class=\"ez-toc-link ez-toc-heading-17\" href=\"https:\/\/coinkickoff.com\/fi\/bitcoin-casino\/how-is-bitcoin-blackjack-different\/#What_security_measures_are_unique_to_Bitcoin_Blackjack_games\" >Mit\u00e4 turvatoimia Bitcoin Blackjack -peleiss\u00e4 on?<\/a><\/li><li class='ez-toc-page-1 ez-toc-heading-level-3'><a class=\"ez-toc-link ez-toc-heading-18\" href=\"https:\/\/coinkickoff.com\/fi\/bitcoin-casino\/how-is-bitcoin-blackjack-different\/#Can_Bitcoin_Blackjack_be_played_from_regions_where_traditional_online_gambling_is_restricted\" >Voiko Bitcoin-blackjackia pelata alueilla, joilla perinteinen online-pelaaminen on rajoitettu?<\/a><\/li><\/ul><\/li><\/ul><\/nav><\/div>\n<h2><span class=\"ez-toc-section\" id=\"Fundamentals_of_Bitcoin_Blackjack\"><\/span>Bitcoin Blackjackin perusteet<span class=\"ez-toc-section-end\"><\/span><\/h2>\n<p><img decoding=\"async\" src=\"https:\/\/coinkickoff.com\/wp-content\/uploads\/v2-3dgvp-hoj5o.jpg\" alt=\"\"><\/p>\n<p><a href=\"https:\/\/coinkickoff.com\/fi\/bitcoin-casino\/how-to-play-crypto-blackjack\/\" data-internallinksmanager029f6b8e52c=\"204\" title=\"Kuinka pelata kryptoblackjackia: Pelin hallitseminen verkossa\">Bitcoin Blackjack<\/a> yhdist\u00e4\u00e4 kryptovaluuttojen teknologian perinteiseen blackjack-peliin ja tarjoaa ainutlaatuisia ominaisuuksia, jotka vastaavat nykyisi\u00e4 teknologisia suuntauksia.<\/p>\n<h3><span class=\"ez-toc-section\" id=\"Definition_and_Operation\"><\/span>M\u00e4\u00e4ritelm\u00e4 ja toiminta<span class=\"ez-toc-section-end\"><\/span><\/h3>\n<p>Bitcoin Blackjack on perinteisen kasinopelin digitaalinen muunnelma, jota pelataan Bitcoin:ll\u00e4, joka on er\u00e4\u00e4nlainen digitaalinen valuutta. Pelaajat voivat asettaa panoksia, vastaanottaa maksuja ja suorittaa kaikki rahoitustapahtumat Bitcoin:ll\u00e4. Toiminta perustuu lohkoketjuun, mik\u00e4 takaa l\u00e4pin\u00e4kyvyyden ja turvallisuuden. Keskeisi\u00e4 komponentteja ovat mm:<\/p>\n<ul>\n<li>Bitcoin Lompakot: Pelaajat k\u00e4ytt\u00e4v\u00e4t n\u00e4it\u00e4 varojen tallettamiseen ja nostamiseen.<\/li>\n<li>Todenn\u00e4k\u00f6isesti oikeudenmukainen teknologia: Mahdollistaa pelaajien todentaa jokaisen jakamisen tai k\u00e4den oikeudenmukaisuuden.<\/li>\n<\/ul>\n<h3><span class=\"ez-toc-section\" id=\"Key_Differences_From_Traditional_Blackjack\"><\/span>T\u00e4rkeimm\u00e4t erot perinteiseen blackjackiin verrattuna<span class=\"ez-toc-section-end\"><\/span><\/h3>\n<p>Perinteiseen vastineeseensa verrattuna Bitcoin Blackjackissa on selvi\u00e4 eroja:<\/p>\n<p><strong>Rahoitustapahtumat<\/strong>: Bitcoin Blackjack takaa v\u00e4litt\u00f6m\u00e4t talletukset ja kotiutukset ohittaen perinteiset pankkiprosessit ja maksut.<\/p>\n<p><strong>Anonymiteetti<\/strong>: Pelaajat nauttivat usein suuremmasta yksityisyydest\u00e4, sill\u00e4 Bitcoin-tapahtumat eiv\u00e4t vaadi henkil\u00f6tietoja samassa m\u00e4\u00e4rin kuin fiat-valuutat.<\/p>\n<p><strong>Maailmanlaajuinen p\u00e4\u00e4sy<\/strong>: Koska Bitcoin ei ole sidottu keskuspankkiin, se antaa eri laink\u00e4ytt\u00f6alueilta tuleville pelaajille mahdollisuuden osallistua ilman paikallisten uhkapelis\u00e4\u00e4nn\u00f6sten asettamia rajoituksia.<\/p>\n<p><strong>Pelin oikeudenmukaisuus<\/strong>: Lohkoketjuteknologian k\u00e4ytt\u00f6 tarjoaa todistettavasti oikeudenmukaisen j\u00e4rjestelm\u00e4n, jonka avulla pelaajat voivat tarkistaa jokaisen pelikierroksen satunnaisuuden ja oikeudenmukaisuuden.<\/p>\n<h2><span class=\"ez-toc-section\" id=\"Gameplay_Specifics\"><\/span>Pelattavuuden erityispiirteet<span class=\"ez-toc-section-end\"><\/span><\/h2>\n<p><img decoding=\"async\" src=\"https:\/\/coinkickoff.com\/wp-content\/uploads\/v2-3dgw4-jjeu5.jpg\" alt=\"\"><\/p>\n<p>Online-rahapelien alalla Bitcoin Blackjack tuo merkitt\u00e4vi\u00e4 muutoksia tapahtumaprosesseihin ja turvallisuusprotokolliin, mik\u00e4 parantaa pelaajien kokemusta eri tavoin.<\/p>\n<h3><span class=\"ez-toc-section\" id=\"Digital_Transactions_in_Gameplay\"><\/span>Digitaaliset transaktiot peliss\u00e4<span class=\"ez-toc-section-end\"><\/span><\/h3>\n<p>Bitcoin Blackjack sallii kryptovaluutan k\u00e4yt\u00f6n panostuksissa ja voitonmaksuissa. Pelaajien t\u00e4ytyy <strong>talletus Bitcoin<\/strong> heid\u00e4n kasino lompakko aloittaa, ja <a href=\"https:\/\/coinkickoff.com\/fi\/bitcoin-casino\/cash-in-bitcoin-casino-winnings\/\" data-internallinksmanager029f6b8e52c=\"211\" title=\"Kuinka lunastaa Bitcoin-kasinovoitot: Vaiheittainen opas\">voitot<\/a> ovat <strong>maksettu Bitcoin:ss\u00e4<\/strong>, mik\u00e4 takaa yleens\u00e4 nopeammat transaktioajat kuin perinteinen valuutta.<\/p>\n<h3><span class=\"ez-toc-section\" id=\"Use_of_Provably_Fair_Algorithms\"><\/span>Todistettavasti oikeudenmukaisten algoritmien k\u00e4ytt\u00f6<span class=\"ez-toc-section-end\"><\/span><\/h3>\n<p>Bitcoin Blackjack -tekniikka perustuu seuraaviin tekniikoihin. <strong>todistettavasti oikeudenmukaiset algoritmit<\/strong>avoimuuden ja oikeudenmukaisuuden varmistaminen. Pelaajat saavat k\u00e4ytett\u00e4v\u00e4n pakan salatut hashit, ja pelin j\u00e4lkeen he voivat varmistaa, ett\u00e4 jaetut kortit ovat todella olleet satunnaisia, k\u00e4ytt\u00e4m\u00e4ll\u00e4 seuraavia vaiheita:<\/p>\n<ol>\n<li>Vastaanota salattu hash ennen pelin alkua.<\/li>\n<li>Ota huomioon korttien tulokset pelin aikana.<\/li>\n<li>K\u00e4yt\u00e4 algoritmia pelin j\u00e4lkeen purkaaksesi hashin ja verrataksesi sit\u00e4 pelin lopputulokseen.<\/li>\n<\/ol>\n<h3><span class=\"ez-toc-section\" id=\"Privacy_and_Anonymity_Aspects\"><\/span>Yksityisyyden suoja ja nimett\u00f6myys<span class=\"ez-toc-section-end\"><\/span><\/h3>\n<p>Bitcoin-tapahtumat eiv\u00e4t vaadi henkil\u00f6tietoja, joten ne tarjoavat paremman yksityisyyden suojan. Pelaajat voivat osallistua Blackjack-peleihin paljastamatta arkaluonteisia tietoja, mik\u00e4 houkuttelee henkil\u00f6it\u00e4, jotka pit\u00e4v\u00e4t t\u00e4rkein\u00e4 seuraavia asioita. <em>anonymiteetti<\/em> verkkotoiminnassa.<\/p>\n<h2><span class=\"ez-toc-section\" id=\"Considerations_for_Players\"><\/span>Pelaajia koskevia n\u00e4k\u00f6kohtia<span class=\"ez-toc-section-end\"><\/span><\/h2>\n<p><img decoding=\"async\" src=\"https:\/\/coinkickoff.com\/wp-content\/uploads\/v2-3dgws-32uf3.jpg\" alt=\"\"><\/p>\n<p>Kun pelaajat vaihtavat perinteisest\u00e4 blackjackista Bitcoin-blackjackiin, heid\u00e4n on oltava tietoisia sellaisista tekij\u00f6ist\u00e4 kuin kryptovaluutan volatiliteetti, oikeudelliset n\u00e4k\u00f6kohdat ja verkkoalustojen turvatoimet.<\/p>\n<h3><span class=\"ez-toc-section\" id=\"Volatility_of_Bitcoin_Value\"><\/span>Bitcoin-arvon volatiliteetti<span class=\"ez-toc-section-end\"><\/span><\/h3>\n<p><strong>Bitcoin:n hinta vaihtelee.<\/strong> huomattavasti, mik\u00e4 voi vaikuttaa pelaajien panostamaan raham\u00e4\u00e4r\u00e4\u00e4n. Esimerkiksi:<\/p>\n<ul>\n<li><strong>Kun Bitcoin:n arvo kasvaa<\/strong>: 0,01 BTC:n panos voi olla arvoltaan $50 yhten\u00e4 p\u00e4iv\u00e4n\u00e4 ja $100 seuraavana p\u00e4iv\u00e4n\u00e4.<\/li>\n<li><strong>Kun Bitcoin:n arvo laskee.<\/strong>: Voitot voivat menett\u00e4\u00e4 arvoaan, kun ne kotiutetaan, mik\u00e4 vaikuttaa kokonaistulokseen.<\/li>\n<\/ul>\n<h3><span class=\"ez-toc-section\" id=\"Legal_and_Regulatory_Implications\"><\/span>Oikeudelliset ja lains\u00e4\u00e4d\u00e4nn\u00f6lliset vaikutukset<span class=\"ez-toc-section-end\"><\/span><\/h3>\n<p>Eri laink\u00e4ytt\u00f6alueilla on erilaisia lakeja, jotka koskevat <strong>kryptovaluutta rahapelit<\/strong>. Pelaajien tulisi harkita:<\/p>\n<ul>\n<li><strong>Laillisuus<\/strong>: Joillakin alueilla Bitcoin:n k\u00e4ytt\u00f6 blackjackissa on laillista, kun taas toisilla alueilla se on joko s\u00e4\u00e4nnelty\u00e4 tai kielletty\u00e4.<\/li>\n<li><strong>Verovaikutukset<\/strong>: Bitcoin-voitot voivat olla verotuksellisesti erilaiset kuin perinteiset valuutat, mik\u00e4 edellytt\u00e4\u00e4 ylim\u00e4\u00e4r\u00e4ist\u00e4 huolellisuutta.<\/li>\n<\/ul>\n<h3><span class=\"ez-toc-section\" id=\"Security_and_Trustworthiness\"><\/span>Turvallisuus ja luotettavuus<span class=\"ez-toc-section-end\"><\/span><\/h3>\n<p>Uskottavan Bitcoin-blackjack-palveluntarjoajan valitseminen on ratkaisevan t\u00e4rke\u00e4\u00e4. Pelaajien tulisi etsi\u00e4:<\/p>\n<ul>\n<li><strong>L\u00e4pin\u00e4kyv\u00e4 toiminta<\/strong>: Hyv\u00e4maineiset sivustot antavat selke\u00e4\u00e4 tietoa peliens\u00e4 oikeudenmukaisuudesta ja niiden toimiluvista.<\/li>\n<li><strong>Turvatoimet<\/strong>: Riitt\u00e4v\u00e4 suojaus, kuten <strong>kaksitekij\u00e4todennus<\/strong> ja <strong>SSL-salaus<\/strong> pelaajien varojen ja henkil\u00f6tietojen suojaaminen.<\/li>\n<\/ul>\n<h2><span class=\"ez-toc-section\" id=\"Frequently_Asked_Questions\"><\/span>Usein kysytyt kysymykset<span class=\"ez-toc-section-end\"><\/span><\/h2>\n<p><img decoding=\"async\" src=\"https:\/\/coinkickoff.com\/wp-content\/uploads\/v2-3dgx9-wx3hk.jpg\" alt=\"\"><\/p>\n<p>Seuraavissa alaluvuissa k\u00e4sitell\u00e4\u00e4n yleisi\u00e4 kysymyksi\u00e4, jotka koskevat Bitcoin-blackjackin ja sen perinteisen vastineen v\u00e4lisi\u00e4 eroja, keskittyen transaktioiden eroihin, anonymiteettiin, pelis\u00e4\u00e4nt\u00f6ihin, kertoimiin, turvatoimiin ja saatavuuteen.<\/p>\n<h3><span class=\"ez-toc-section\" id=\"What_are_the_differences_in_transaction_methods_between_Bitcoin_Blackjack_and_traditional_Blackjack\"><\/span>Mit\u00e4 eroja on Bitcoin-blackjackin ja perinteisen blackjackin transaktiomenetelmiss\u00e4?<span class=\"ez-toc-section-end\"><\/span><\/h3>\n<p>Bitcoin Blackjack k\u00e4ytt\u00e4\u00e4 kryptovaluuttoja, ensisijaisesti Bitcoin:t\u00e4, panostamiseen ja maksamiseen, mik\u00e4 mahdollistaa nopeammat tapahtumat ja usein pienemm\u00e4t k\u00e4sittelymaksut. Perinteinen Blackjack perustuu yleens\u00e4 fiat-valuuttoihin, jotka k\u00e4sitell\u00e4\u00e4n erilaisten maksuj\u00e4rjestelmien, kuten luottokorttien, pankkisiirtojen tai s\u00e4hk\u00f6isten lompakoiden kautta.<\/p>\n<h3><span class=\"ez-toc-section\" id=\"Does_the_use_of_Bitcoin_in_Blackjack_affect_game_anonymity\"><\/span>Vaikuttaako Bitcoin:n k\u00e4ytt\u00f6 Blackjackissa pelin anonymiteettiin?<span class=\"ez-toc-section-end\"><\/span><\/h3>\n<p>Blackjackin pelaaminen Bitcoin:ll\u00e4 voi lis\u00e4t\u00e4 anonymiteetti\u00e4, koska maksutapahtumat eiv\u00e4t vaadi henkil\u00f6kohtaisia taloudellisia tietoja. Pelaajien on kuitenkin huomioitava, ett\u00e4 t\u00e4ydellist\u00e4 anonymiteetti\u00e4 ei voida taata alustan k\u00e4yt\u00e4nt\u00f6jen tai s\u00e4\u00e4ntelyvaatimusten vuoksi.<\/p>\n<h3><span class=\"ez-toc-section\" id=\"Are_there_any_variations_in_game_rules_for_Blackjack_when_playing_with_Bitcoin\"><\/span>Onko Blackjackin pelis\u00e4\u00e4nn\u00f6iss\u00e4 mit\u00e4\u00e4n eroja, kun pelataan Bitcoin:ll\u00e4?<span class=\"ez-toc-section-end\"><\/span><\/h3>\n<p>Blackjackin peruss\u00e4\u00e4nn\u00f6t pysyv\u00e4t muuttumattomina Bitcoin Blackjackissa. Pelaajat pyrkiv\u00e4t voittamaan jakajan p\u00e4\u00e4sem\u00e4ll\u00e4 l\u00e4hemm\u00e4s 21:t\u00e4 ylitt\u00e4m\u00e4tt\u00e4 sit\u00e4. Jotkin Bitcoin-kasinot saattavat kuitenkin tarjota ainutlaatuisia variaatioita tai sivupanoksia, jotka ovat niiden alustalle ominaisia.<\/p>\n<h3><span class=\"ez-toc-section\" id=\"How_do_the_odds_or_payouts_differ_in_Bitcoin_Blackjack_compared_to_regular_Blackjack\"><\/span>Miten kertoimet tai voitot eroavat Bitcoin-blackjackissa tavalliseen blackjackiin verrattuna?<span class=\"ez-toc-section-end\"><\/span><\/h3>\n<p>Kertoimet ja voitot Bitcoin-blackjackissa ovat tyypillisesti samat kuin perinteisess\u00e4 blackjackissa, ja ne noudattavat kasinon vakiok\u00e4yt\u00e4nt\u00f6j\u00e4. Bitcoin-kasinot saattavat kuitenkin tarjota houkuttelevampia kertoimia tai bonusmaksuja houkutellakseen pelaajia k\u00e4ytt\u00e4m\u00e4\u00e4n kryptovaluuttoja.<\/p>\n<h3><span class=\"ez-toc-section\" id=\"What_security_measures_are_unique_to_Bitcoin_Blackjack_games\"><\/span>Mit\u00e4 turvatoimia Bitcoin Blackjack -peleiss\u00e4 on?<span class=\"ez-toc-section-end\"><\/span><\/h3>\n<p>Bitcoin Blackjack sis\u00e4lt\u00e4\u00e4 lohkoketjuteknologiaa, joka takaa hajautetun tapahtuman varmentamisen ja paremman turvallisuuden. Jotkin kasinot tarjoavat my\u00f6s todistettavasti reiluja algoritmeja, joiden avulla pelaajat voivat tarkistaa jokaisen k\u00e4den reiluuden sen j\u00e4lkeen, kun se on pelattu.<\/p>\n<h3><span class=\"ez-toc-section\" id=\"Can_Bitcoin_Blackjack_be_played_from_regions_where_traditional_online_gambling_is_restricted\"><\/span>Voiko Bitcoin-blackjackia pelata alueilla, joilla perinteinen online-pelaaminen on rajoitettu?<span class=\"ez-toc-section-end\"><\/span><\/h3>\n<p>Bitcoin Blackjackiin voi joskus p\u00e4\u00e4st\u00e4 sellaisilta laink\u00e4ytt\u00f6alueilta, joilla perinteisi\u00e4 online-rahapelej\u00e4 rajoitetaan Bitcoin:n hajautetun luonteen vuoksi. Pelaajien tulisi kuitenkin olla tietoisia paikallisista laeista, sill\u00e4 s\u00e4\u00e4d\u00f6kset voivat vaihdella suuresti ja muuttua ajan my\u00f6t\u00e4.<\/p>","protected":false},"excerpt":{"rendered":"<p>Vastuuvapauslauseke: Uhkapeleihin liittyy merkitt\u00e4v\u00e4 taloudellinen riski. Pelaa vain sellaisilla rahoilla, jotka sinulla on varaa menett\u00e4\u00e4. Alla olevat tiedot ovat vain tiedoksi. Saatamme saada palkkion, jos rekister\u00f6idyt ja h\u00e4vi\u00e4t rahaa jollakin seuraavista kasinoista. Kaikki kasinot eiv\u00e4t ole saatavilla kaikissa maissa. Kaikki tiedot, joita [...]<\/p>","protected":false},"author":1,"featured_media":4586,"parent":4440,"menu_order":0,"comment_status":"closed","ping_status":"closed","template":"","meta":{"_genesis_hide_title":false,"_genesis_hide_breadcrumbs":false,"_genesis_hide_singular_image":false,"_genesis_hide_footer_widgets":false,"_genesis_custom_body_class":"","_genesis_custom_post_class":"","_genesis_layout":"","_glsr_average":0,"_glsr_ranking":0,"_glsr_reviews":0,"footnotes":""},"class_list":{"0":"post-4585","1":"page","2":"type-page","3":"status-publish","4":"has-post-thumbnail","6":"entry"},"featured_image_src":"https:\/\/coinkickoff.com\/wp-content\/uploads\/v2-3dgvp-hoj5o-600x400.jpg","featured_image_src_square":"https:\/\/coinkickoff.com\/wp-content\/uploads\/v2-3dgvp-hoj5o-600x600.jpg","_links":{"self":[{"href":"https:\/\/coinkickoff.com\/fi\/wp-json\/wp\/v2\/pages\/4585","targetHints":{"allow":["GET"]}}],"collection":[{"href":"https:\/\/coinkickoff.com\/fi\/wp-json\/wp\/v2\/pages"}],"about":[{"href":"https:\/\/coinkickoff.com\/fi\/wp-json\/wp\/v2\/types\/page"}],"author":[{"embeddable":true,"href":"https:\/\/coinkickoff.com\/fi\/wp-json\/wp\/v2\/users\/1"}],"replies":[{"embeddable":true,"href":"https:\/\/coinkickoff.com\/fi\/wp-json\/wp\/v2\/comments?post=4585"}],"version-history":[{"count":3,"href":"https:\/\/coinkickoff.com\/fi\/wp-json\/wp\/v2\/pages\/4585\/revisions"}],"predecessor-version":[{"id":4592,"href":"https:\/\/coinkickoff.com\/fi\/wp-json\/wp\/v2\/pages\/4585\/revisions\/4592"}],"up":[{"embeddable":true,"href":"https:\/\/coinkickoff.com\/fi\/wp-json\/wp\/v2\/pages\/4440"}],"wp:featuredmedia":[{"embeddable":true,"href":"https:\/\/coinkickoff.com\/fi\/wp-json\/wp\/v2\/media\/4586"}],"wp:attachment":[{"href":"https:\/\/coinkickoff.com\/fi\/wp-json\/wp\/v2\/media?parent=4585"}],"curies":[{"name":"wp","href":"https:\/\/api.w.org\/{rel}","templated":true}]}}