{"id":4575,"date":"2026-01-08T14:08:04","date_gmt":"2026-01-08T14:08:04","guid":{"rendered":"https:\/\/coinkickoff.com\/?page_id=4575"},"modified":"2026-01-08T14:08:04","modified_gmt":"2026-01-08T14:08:04","slug":"how-are-bitcoin-casinos-different","status":"publish","type":"page","link":"https:\/\/coinkickoff.com\/fi\/bitcoin-casino\/how-are-bitcoin-casinos-different\/","title":{"rendered":"Miten Bitcoin-kasinot eroavat perinteisist\u00e4 kasinoista?"},"content":{"rendered":"<p><em>Vastuuvapauslauseke: Uhkapeleihin liittyy merkitt\u00e4v\u00e4 taloudellinen riski. Pelaa vain sellaisilla rahoilla, jotka sinulla on varaa menett\u00e4\u00e4. Alla olevat tiedot ovat vain tiedoksi. Saatamme saada palkkion, jos rekister\u00f6idyt ja h\u00e4vi\u00e4t rahaa jossakin seuraavista pelipaikoista <a href=\"https:\/\/coinkickoff.com\/fi\/bitcoin-casino\/\" data-internallinksmanager029f6b8e52c=\"200\" title=\"3 parasta Bitcoin krypto kasinot bonuksilla\">kasinot<\/a>. Kaikki kasinot eiv\u00e4t ole saatavilla kaikissa maissa. Kaikkien tietojen uskomme olevan oikeita julkaisuhetkell\u00e4, mutta ne voivat olla sittemmin muuttuneet.<\/em><\/p>\n<div id=\"ez-toc-container\" class=\"ez-toc-v2_0_80 counter-hierarchy ez-toc-counter ez-toc-transparent ez-toc-container-direction\">\n<div class=\"ez-toc-title-container\">\n<p class=\"ez-toc-title\" style=\"cursor:inherit\">Jaksot<\/p>\n<span class=\"ez-toc-title-toggle\"><a href=\"#\" class=\"ez-toc-pull-right ez-toc-btn ez-toc-btn-xs ez-toc-btn-default ez-toc-toggle\" aria-label=\"Sis\u00e4llysluettelon vaihtaminen\"><span class=\"ez-toc-js-icon-con\"><span class=\"\"><span class=\"eztoc-hide\" style=\"display:none;\">Toggle<\/span><span class=\"ez-toc-icon-toggle-span\"><svg style=\"fill: #999;color:#999\" xmlns=\"http:\/\/www.w3.org\/2000\/svg\" class=\"list-377408\" width=\"20px\" height=\"20px\" viewbox=\"0 0 24 24\" fill=\"none\"><path d=\"M6 6H4v2h2V6zm14 0H8v2h12V6zM4 11h2v2H4v-2zm16 0H8v2h12v-2zM4 16h2v2H4v-2zm16 0H8v2h12v-2z\" fill=\"currentColor\"><\/path><\/svg><svg style=\"fill: #999;color:#999\" class=\"arrow-unsorted-368013\" xmlns=\"http:\/\/www.w3.org\/2000\/svg\" width=\"10px\" height=\"10px\" viewbox=\"0 0 24 24\" version=\"1.2\" baseprofile=\"tiny\"><path d=\"M18.2 9.3l-6.2-6.3-6.2 6.3c-.2.2-.3.4-.3.7s.1.5.3.7c.2.2.4.3.7.3h11c.3 0 .5-.1.7-.3.2-.2.3-.5.3-.7s-.1-.5-.3-.7zM5.8 14.7l6.2 6.3 6.2-6.3c.2-.2.3-.5.3-.7s-.1-.5-.3-.7c-.2-.2-.4-.3-.7-.3h-11c-.3 0-.5.1-.7.3-.2.2-.3.5-.3.7s.1.5.3.7z\"\/><\/svg><\/span><\/span><\/span><\/a><\/span><\/div>\n<nav><ul class='ez-toc-list ez-toc-list-level-1 eztoc-toggle-hide-by-default' ><li class='ez-toc-page-1 ez-toc-heading-level-2'><a class=\"ez-toc-link ez-toc-heading-1\" href=\"https:\/\/coinkickoff.com\/fi\/bitcoin-casino\/how-are-bitcoin-casinos-different\/#Fundamental_Differences_Between_Bitcoin_and_Traditional_Casinos\" >Peruserot Bitcoin:n ja perinteisten kasinoiden v\u00e4lill\u00e4<\/a><ul class='ez-toc-list-level-3' ><li class='ez-toc-heading-level-3'><a class=\"ez-toc-link ez-toc-heading-2\" href=\"https:\/\/coinkickoff.com\/fi\/bitcoin-casino\/how-are-bitcoin-casinos-different\/#Currency_Used_for_Transactions\" >Transaktioissa k\u00e4ytetty valuutta<\/a><\/li><li class='ez-toc-page-1 ez-toc-heading-level-3'><a class=\"ez-toc-link ez-toc-heading-3\" href=\"https:\/\/coinkickoff.com\/fi\/bitcoin-casino\/how-are-bitcoin-casinos-different\/#Operational_Transparency\" >Toiminnan avoimuus<\/a><\/li><li class='ez-toc-page-1 ez-toc-heading-level-3'><a class=\"ez-toc-link ez-toc-heading-4\" href=\"https:\/\/coinkickoff.com\/fi\/bitcoin-casino\/how-are-bitcoin-casinos-different\/#Legal_and_Regulatory_Landscape\" >Oikeudellinen ja s\u00e4\u00e4ntely-ymp\u00e4rist\u00f6<\/a><\/li><\/ul><\/li><li class='ez-toc-page-1 ez-toc-heading-level-2'><a class=\"ez-toc-link ez-toc-heading-5\" href=\"https:\/\/coinkickoff.com\/fi\/bitcoin-casino\/how-are-bitcoin-casinos-different\/#Technological_Aspects_of_Bitcoin_Casinos\" >Bitcoin-kasinoiden tekniset n\u00e4k\u00f6kohdat<\/a><ul class='ez-toc-list-level-3' ><li class='ez-toc-heading-level-3'><a class=\"ez-toc-link ez-toc-heading-6\" href=\"https:\/\/coinkickoff.com\/fi\/bitcoin-casino\/how-are-bitcoin-casinos-different\/#Blockchain_Technology_Implementation\" >Lohkoketjuteknologian k\u00e4ytt\u00f6\u00f6notto<\/a><\/li><li class='ez-toc-page-1 ez-toc-heading-level-3'><a class=\"ez-toc-link ez-toc-heading-7\" href=\"https:\/\/coinkickoff.com\/fi\/bitcoin-casino\/how-are-bitcoin-casinos-different\/#Provably_Fair_Gaming_Mechanisms\" >Todistettavasti oikeudenmukaiset pelimekanismit<\/a><\/li><li class='ez-toc-page-1 ez-toc-heading-level-3'><a class=\"ez-toc-link ez-toc-heading-8\" href=\"https:\/\/coinkickoff.com\/fi\/bitcoin-casino\/how-are-bitcoin-casinos-different\/#Anonymity_and_Security_Features\" >Anonymiteetti ja turvallisuusominaisuudet<\/a><\/li><\/ul><\/li><li class='ez-toc-page-1 ez-toc-heading-level-2'><a class=\"ez-toc-link ez-toc-heading-9\" href=\"https:\/\/coinkickoff.com\/fi\/bitcoin-casino\/how-are-bitcoin-casinos-different\/#User_Experience_in_Bitcoin_versus_Regular_Casinos\" >K\u00e4ytt\u00e4j\u00e4kokemus Bitcoin:ss\u00e4 verrattuna tavallisiin kasinoihin<\/a><ul class='ez-toc-list-level-3' ><li class='ez-toc-heading-level-3'><a class=\"ez-toc-link ez-toc-heading-10\" href=\"https:\/\/coinkickoff.com\/fi\/bitcoin-casino\/how-are-bitcoin-casinos-different\/#Account_Funding_and_Withdrawal_Process\" >Tilin rahoittaminen ja nostaminen<\/a><\/li><li class='ez-toc-page-1 ez-toc-heading-level-3'><a class=\"ez-toc-link ez-toc-heading-11\" href=\"https:\/\/coinkickoff.com\/fi\/bitcoin-casino\/how-are-bitcoin-casinos-different\/#Bonuses_and_Incentives\" >Bonukset ja kannustimet<\/a><\/li><li class='ez-toc-page-1 ez-toc-heading-level-3'><a class=\"ez-toc-link ez-toc-heading-12\" href=\"https:\/\/coinkickoff.com\/fi\/bitcoin-casino\/how-are-bitcoin-casinos-different\/#Geographical_Accessibility_and_Restrictions\" >Maantieteellinen saavutettavuus ja rajoitukset<\/a><\/li><\/ul><\/li><li class='ez-toc-page-1 ez-toc-heading-level-2'><a class=\"ez-toc-link ez-toc-heading-13\" href=\"https:\/\/coinkickoff.com\/fi\/bitcoin-casino\/how-are-bitcoin-casinos-different\/#Frequently_Asked_Questions\" >Usein kysytyt kysymykset<\/a><ul class='ez-toc-list-level-3' ><li class='ez-toc-heading-level-3'><a class=\"ez-toc-link ez-toc-heading-14\" href=\"https:\/\/coinkickoff.com\/fi\/bitcoin-casino\/how-are-bitcoin-casinos-different\/#What_factors_make_crypto_casinos_more_advantageous_than_traditional_ones\" >Mitk\u00e4 tekij\u00e4t tekev\u00e4t kryptokasinoista perinteisi\u00e4 kasinoita edullisempia?<\/a><\/li><li class='ez-toc-page-1 ez-toc-heading-level-3'><a class=\"ez-toc-link ez-toc-heading-15\" href=\"https:\/\/coinkickoff.com\/fi\/bitcoin-casino\/how-are-bitcoin-casinos-different\/#Are_there_any_risks_associated_with_using_Bitcoin_for_online_gambling\" >Liittyyk\u00f6 Bitcoin:n k\u00e4ytt\u00e4miseen nettipelaamiseen riskej\u00e4?<\/a><\/li><li class='ez-toc-page-1 ez-toc-heading-level-3'><a class=\"ez-toc-link ez-toc-heading-16\" href=\"https:\/\/coinkickoff.com\/fi\/bitcoin-casino\/how-are-bitcoin-casinos-different\/#How_do_the_security_measures_in_Bitcoin_casinos_compare_to_those_in_traditional_casinos\" >Miten Bitcoin-kasinoiden turvatoimet eroavat perinteisten kasinoiden turvatoimista?<\/a><\/li><li class='ez-toc-page-1 ez-toc-heading-level-3'><a class=\"ez-toc-link ez-toc-heading-17\" href=\"https:\/\/coinkickoff.com\/fi\/bitcoin-casino\/how-are-bitcoin-casinos-different\/#Can_players_expect_provably_fair_gaming_in_Bitcoin_casinos\" >Voivatko pelaajat odottaa todistettavasti reilua pelaamista Bitcoin-kasinoilla?<\/a><\/li><li class='ez-toc-page-1 ez-toc-heading-level-3'><a class=\"ez-toc-link ez-toc-heading-18\" href=\"https:\/\/coinkickoff.com\/fi\/bitcoin-casino\/how-are-bitcoin-casinos-different\/#What_are_the_unique_benefits_of_gambling_with_Bitcoin\" >Mitk\u00e4 ovat Bitcoin:n kanssa pelaamisen ainutlaatuiset edut?<\/a><\/li><li class='ez-toc-page-1 ez-toc-heading-level-3'><a class=\"ez-toc-link ez-toc-heading-19\" href=\"https:\/\/coinkickoff.com\/fi\/bitcoin-casino\/how-are-bitcoin-casinos-different\/#How_does_the_regulatory_landscape_for_Bitcoin_casinos_differ_from_traditional_gambling_venues\" >Miten Bitcoin-kasinoiden s\u00e4\u00e4ntely-ymp\u00e4rist\u00f6 eroaa perinteisist\u00e4 pelipaikoista?<\/a><\/li><\/ul><\/li><\/ul><\/nav><\/div>\n<h2><span class=\"ez-toc-section\" id=\"Fundamental_Differences_Between_Bitcoin_and_Traditional_Casinos\"><\/span>Peruserot Bitcoin:n ja perinteisten kasinoiden v\u00e4lill\u00e4<span class=\"ez-toc-section-end\"><\/span><\/h2>\n<p><img decoding=\"async\" src=\"https:\/\/coinkickoff.com\/wp-content\/uploads\/v2-3dgrx-7h0pa.jpg\" alt=\"\"><\/p>\n<p><a href=\"https:\/\/coinkickoff.com\/fi\/bitcoin-btc\/\" data-internallinksmanager029f6b8e52c=\"1\" title=\"Mik\u00e4 on Bitcoin (BTC)? Hinta, historia ja ostopaikat\">Bitcoin<\/a> kasinot ja perinteiset kasinot eroavat toisistaan l\u00e4hinn\u00e4 valuutan, l\u00e4pin\u00e4kyvyyden ja s\u00e4\u00e4ntely-ymp\u00e4rist\u00f6jen suhteen.<\/p>\n<h3><span class=\"ez-toc-section\" id=\"Currency_Used_for_Transactions\"><\/span>Transaktioissa k\u00e4ytetty valuutta<span class=\"ez-toc-section-end\"><\/span><\/h3>\n<p><strong>Bitcoin Kasinot:<\/strong> Transaktiot suoritetaan kryptovaluuttojen, kuten Bitcoin:n, avulla, <a href=\"https:\/\/coinkickoff.com\/fi\/ethereum-eth\/\" data-internallinksmanager029f6b8e52c=\"2\" title=\"Mik\u00e4 on Ethereum (ETH)? Hinta, historia ja ostopaikat\">Ethereum<\/a>tai muu altcoins. N\u00e4m\u00e4 digitaaliset valuutat helpottavat anonyymej\u00e4 liiketoimia, usein pienemmill\u00e4 maksuilla ja nopeammilla k\u00e4sittelyajoilla kuin fiat-valuutat.<\/p>\n<ul>\n<li><strong>Anonymiteetti:<\/strong> K\u00e4ytt\u00e4j\u00e4t voivat tehd\u00e4 liiketoimia paljastamatta henkil\u00f6kohtaisia tietoja.<\/li>\n<li><strong>Maksut:<\/strong> Usein alhaisemmat kuin luottokortteihin tai pankkisiirtoihin liittyv\u00e4t maksut.<\/li>\n<li><strong>Nopeus:<\/strong> Tapahtumat k\u00e4sitell\u00e4\u00e4n nopeasti, joskus muutamassa minuutissa.<\/li>\n<\/ul>\n<p><strong>Perinteiset kasinot:<\/strong> N\u00e4m\u00e4 laitokset k\u00e4ytt\u00e4v\u00e4t tyypillisesti fiat-valuuttoja, kuten USD, EUR tai GBP, kaikissa liiketoimissa. T\u00e4m\u00e4 perinteinen pankkitoiminta edellytt\u00e4\u00e4 yksityiskohtaista kirjanpitoa ja henkil\u00f6llisyyden todentamisprosesseja.<\/p>\n<ul>\n<li><strong>Henkil\u00f6tiedot:<\/strong> Tapahtumat edellytt\u00e4v\u00e4t henkil\u00f6tietojen luovuttamista.<\/li>\n<li><strong>Maksut:<\/strong> Tapahtumista voidaan peri\u00e4 korkeampia maksuja.<\/li>\n<li><strong>K\u00e4sittelyajat:<\/strong> Varojen siirto tai selvitt\u00e4minen voi kest\u00e4\u00e4 p\u00e4ivi\u00e4.<\/li>\n<\/ul>\n<h3><span class=\"ez-toc-section\" id=\"Operational_Transparency\"><\/span>Toiminnan avoimuus<span class=\"ez-toc-section-end\"><\/span><\/h3>\n<p><strong>Bitcoin Kasinot:<\/strong> Kryptovaluuttatransaktioiden perustana olevan lohkoketjuteknologian ansiosta ne ovat yleens\u00e4 l\u00e4pin\u00e4kyv\u00e4mpi\u00e4. Lohkoketju tarjoaa julkisen, muuttumattoman <a href=\"https:\/\/coinkickoff.com\/fi\/what-is-ledger-wallet\/\" data-internallinksmanager029f6b8e52c=\"167\" title=\"Ledger Wallet Arvostelut 2023: Maksut, ominaisuudet, turvallisuus, hyv\u00e4t ja huonot puolet: Maksut, ominaisuudet, turvallisuus, edut ja haitat\">p\u00e4\u00e4kirja<\/a>, jolloin tapahtumahistoria on helposti saatavilla ja tarkastettavissa.<\/p>\n<ul>\n<li><strong>Todenn\u00e4k\u00f6isesti oikeudenmukainen:<\/strong> Jotkin Bitcoin-kasinot k\u00e4ytt\u00e4v\u00e4t \"Provably Fair\" -algoritmeja, joiden avulla pelaajat voivat tarkistaa jokaisen pelin lopputuloksen oikeudenmukaisuuden.<\/li>\n<\/ul>\n<p><strong>Perinteiset kasinot:<\/strong> Peliviranomaiset s\u00e4\u00e4ntelev\u00e4t avoimuutta, mutta pelin sis\u00e4iset toiminnot ja algoritmit eiv\u00e4t yleens\u00e4 ole julkisesti saatavilla julkista tarkastusta tai todentamista varten.<\/p>\n<ul>\n<li><strong>S\u00e4\u00e4nnelty oikeudenmukaisuus:<\/strong> S\u00e4\u00e4ntelyelimet ovat sertifioineet pelin oikeudenmukaisuuden, mutta ohjelmistojen yksityiskohtaisia mekanismeja ei julkisteta.<\/li>\n<\/ul>\n<h3><span class=\"ez-toc-section\" id=\"Legal_and_Regulatory_Landscape\"><\/span>Oikeudellinen ja s\u00e4\u00e4ntely-ymp\u00e4rist\u00f6<span class=\"ez-toc-section-end\"><\/span><\/h3>\n<p><strong>Bitcoin Kasinot:<\/strong> Ne toimivat nopeasti kehittyv\u00e4ss\u00e4 s\u00e4\u00e4ntelykehyksess\u00e4. Monilla alueilla ei ole viel\u00e4 m\u00e4\u00e4ritetty selke\u00e4\u00e4 lains\u00e4\u00e4d\u00e4nt\u00f6\u00e4, joka s\u00e4\u00e4ntelisi kryptovaluuttojen k\u00e4ytt\u00f6\u00e4 rahapeleiss\u00e4, mik\u00e4 johtaa s\u00e4\u00e4nt\u00f6jen noudattamista koskevien vaatimusten hajanaisuuteen.<\/p>\n<ul>\n<li><strong>Muuttuva s\u00e4\u00e4ntely:<\/strong> Oikeudellinen asema voi muuttua nopeasti, ja s\u00e4\u00e4nn\u00f6sten noudattaminen vaihtelee laink\u00e4ytt\u00f6alueittain.<\/li>\n<li><strong>Maailmanlaajuinen p\u00e4\u00e4sy:<\/strong> Usein saatavilla maailmanlaajuisesti paikallisten lakien mukaan.<\/li>\n<\/ul>\n<p><strong>Perinteiset kasinot:<\/strong> Vakiintuneiden hallitusten elinten tiukan s\u00e4\u00e4ntelyn alaisena maailmanlaajuisesti. Niihin sovelletaan tiukkoja lakeja ja asetuksia, jotka s\u00e4\u00e4telev\u00e4t niiden toimilupia, toimintatapoja ja taloudellista raportointia.<\/p>\n<ul>\n<li><strong>Tiukka valvonta:<\/strong> Lukuisten oikeudellisten ja taloudellisten s\u00e4\u00e4nn\u00f6sten noudattaminen on pakollista.<\/li>\n<li><strong>Maantieteelliset rajoitukset:<\/strong> Tyypillisesti sidottu toimimaan toimilupaviranomaisensa laink\u00e4ytt\u00f6valtaan kuuluvalla alueella.<\/li>\n<\/ul>\n<h2><span class=\"ez-toc-section\" id=\"Technological_Aspects_of_Bitcoin_Casinos\"><\/span>Bitcoin-kasinoiden tekniset n\u00e4k\u00f6kohdat<span class=\"ez-toc-section-end\"><\/span><\/h2>\n<p><img decoding=\"async\" src=\"https:\/\/coinkickoff.com\/wp-content\/uploads\/v2-3dgss-o0d7k.jpg\" alt=\"\"><\/p>\n<p>Bitcoin-kasinot erottuvat edistyneell\u00e4 teknologialla, joka tarjoaa parannettua turvallisuutta, oikeudenmukaisuutta ja l\u00e4pin\u00e4kyvyytt\u00e4. T\u00e4m\u00e4 teknologinen etumatka n\u00e4kyy siin\u00e4, miten ne k\u00e4sittelev\u00e4t tapahtumia, varmistavat oikeudenmukaisuuden ja s\u00e4ilytt\u00e4v\u00e4t yksityisyyden.<\/p>\n<h3><span class=\"ez-toc-section\" id=\"Blockchain_Technology_Implementation\"><\/span>Lohkoketjuteknologian k\u00e4ytt\u00f6\u00f6notto<span class=\"ez-toc-section-end\"><\/span><\/h3>\n<p><strong>Bitcoin kasinot<\/strong> hy\u00f6dynt\u00e4\u00e4 lohkoketjuteknologiaa kryptovaluuttatransaktioiden helpottamiseksi. The <strong>lohkoketju<\/strong> on hajautettu p\u00e4\u00e4kirja, joka tallentaa kaikki transaktiot tietokoneverkossa. N\u00e4in varmistetaan, ett\u00e4:<\/p>\n<ul>\n<li><strong>Tapahtumat<\/strong> ovat <strong>l\u00e4pin\u00e4kyv\u00e4<\/strong> ja <strong>muuttumaton<\/strong>.<\/li>\n<li>Pelaajat voivat tallettaa ja nostaa <strong>bitcoins<\/strong> suoraan, <strong>poistamalla tarve kolmannen osapuolen pankkilaitoksille.<\/strong>.<\/li>\n<\/ul>\n<h3><span class=\"ez-toc-section\" id=\"Provably_Fair_Gaming_Mechanisms\"><\/span>Todistettavasti oikeudenmukaiset pelimekanismit<span class=\"ez-toc-section-end\"><\/span><\/h3>\n<p>Varmasti reilu pelaaminen on Bitcoin-kasinoiden tunnusmerkki. T\u00e4m\u00e4 j\u00e4rjestelm\u00e4 k\u00e4ytt\u00e4\u00e4 salausalgoritmeja, joilla varmistetaan jokaisen pelin oikeudenmukaisuus. Merkitt\u00e4vi\u00e4 kohtia ovat:<\/p>\n<ul>\n<li>Sen avulla pelaajat voivat <strong>tarkistaa satunnaisuuden<\/strong> pelien tuloksista.<\/li>\n<li>Kasinot tarjoavat <strong>hash-avain<\/strong> jotka voidaan analysoida pelin j\u00e4lkeen pelin oikeudenmukaisuuden varmistamiseksi.<\/li>\n<\/ul>\n<h3><span class=\"ez-toc-section\" id=\"Anonymity_and_Security_Features\"><\/span>Anonymiteetti ja turvallisuusominaisuudet<span class=\"ez-toc-section-end\"><\/span><\/h3>\n<p>Bitcoin-kasinot tarjoavat entist\u00e4 enemm\u00e4n <strong>anonymiteetti<\/strong> ja <strong>turvallisuus<\/strong>. Niiss\u00e4 on erilaisia ominaisuuksia, jotka suojaavat sek\u00e4 pelaajan henkil\u00f6llisyytt\u00e4 ett\u00e4 varoja, kuten:<\/p>\n<ul>\n<li><strong>Kaksitekij\u00e4todennus (2FA)<\/strong> k\u00e4ytt\u00e4j\u00e4tilien suojaamiseen.<\/li>\n<li><strong>V\u00e4h\u00e4iset henkil\u00f6tiedot<\/strong> tarvitaan tilin luomiseen, k\u00e4ytt\u00e4j\u00e4n s\u00e4ilytt\u00e4miseen <strong>anonymiteetti<\/strong>.<\/li>\n<\/ul>\n<h2><span class=\"ez-toc-section\" id=\"User_Experience_in_Bitcoin_versus_Regular_Casinos\"><\/span>K\u00e4ytt\u00e4j\u00e4kokemus Bitcoin:ss\u00e4 verrattuna tavallisiin kasinoihin<span class=\"ez-toc-section-end\"><\/span><\/h2>\n<p><img decoding=\"async\" src=\"https:\/\/coinkickoff.com\/wp-content\/uploads\/v2-3dgt7-n76he.jpg\" alt=\"\"><\/p>\n<p>K\u00e4ytt\u00e4j\u00e4kokemus Bitcoin-kasinoilla tarjoaa perinteisiin kasinoihin verrattuna erilaisia ominaisuuksia, erityisesti tilinhallinnan, bonusten ja maailmanlaajuisen saavutettavuuden osalta.<\/p>\n<h3><span class=\"ez-toc-section\" id=\"Account_Funding_and_Withdrawal_Process\"><\/span>Tilin rahoittaminen ja nostaminen<span class=\"ez-toc-section-end\"><\/span><\/h3>\n<p>Bitcoin-kasinoiden avulla k\u00e4ytt\u00e4j\u00e4t voivat <strong>rahoittaa tilej\u00e4\u00e4n<\/strong> suoraan k\u00e4ytt\u00e4m\u00e4ll\u00e4 kryptovaluuttoja, mik\u00e4 tyypillisesti aiheuttaa <em>nopeammat tapahtuma-ajat<\/em> ja <em>alhaisemmat maksut<\/em> kuin tavalliset kasinot, jotka luottavat perinteisiin pankkimenetelmiin.<\/p>\n<p><strong>Peruuttamisajat<\/strong>p\u00e4invastoin, ovat yleens\u00e4 my\u00f6s <strong>nopeammin<\/strong> Bitcoin-kasinoilla, koska pankkien k\u00e4sittelyaikoja ei en\u00e4\u00e4 tarvita. N\u00e4m\u00e4 kasinot ylpeilev\u00e4t usein <strong>v\u00e4lit\u00f6n tai l\u00e4hes v\u00e4lit\u00f6n maksatus<\/strong> kyky, toisin kuin tavallisilla kasinoilla usein esiintyv\u00e4t viiv\u00e4styneet k\u00e4sittelyajat.<\/p>\n<h3><span class=\"ez-toc-section\" id=\"Bonuses_and_Incentives\"><\/span>Bonukset ja kannustimet<span class=\"ez-toc-section-end\"><\/span><\/h3>\n<p>Rakenne <strong>bonukset ja kannustimet<\/strong> voi vaihdella merkitt\u00e4v\u00e4sti. Bitcoin-kasinot voivat tarjota:<\/p>\n<ul>\n<li>Korkeampi <strong>tervetuliaisbonukset<\/strong><\/li>\n<li><strong>Kanta-asiakkuuspalkkiot<\/strong> Bitcoin:n tai muiden kryptovaluuttojen muodossa.<\/li>\n<\/ul>\n<p>Perinteiset kasinot tarjoavat usein erilaisia bonuksia, mutta ne eiv\u00e4t v\u00e4ltt\u00e4m\u00e4tt\u00e4 vastaa Bitcoin-kasinoiden tuottoisaa tarjontaa digitaalisten valuuttojen alhaisempien transaktio- ja k\u00e4ytt\u00f6kustannusten vuoksi.<\/p>\n<h3><span class=\"ez-toc-section\" id=\"Geographical_Accessibility_and_Restrictions\"><\/span>Maantieteellinen saavutettavuus ja rajoitukset<span class=\"ez-toc-section-end\"><\/span><\/h3>\n<p>Bitcoin kasinot tarjoavat yleens\u00e4 <strong>parempi saavutettavuus<\/strong> koska niit\u00e4 eiv\u00e4t sido samat s\u00e4\u00e4ntelyrajoitukset kuin tavallisia kasinoita.<\/p>\n<ul>\n<li>Toiminta <strong>useita laink\u00e4ytt\u00f6alueita<\/strong> ilman paikallista pankki-infrastruktuuria<\/li>\n<li>Pelaajien hyv\u00e4ksyminen <strong>alueet, joilla on tiukat rahapelis\u00e4\u00e4nn\u00f6kset<\/strong>, paikallisten lakien mukaisesti<\/li>\n<\/ul>\n<p>K\u00e4ytt\u00e4ji\u00e4 kehotetaan kuitenkin pysym\u00e4\u00e4n <strong>tiedottaa paikallisesta lains\u00e4\u00e4d\u00e4nn\u00f6st\u00e4<\/strong> varmistaa s\u00e4\u00e4nt\u00f6jen noudattaminen Bitcoin-kasinoille p\u00e4\u00e4syn yhteydess\u00e4, vaikka niiden ulottuvuus olisi suurempi.<\/p>\n<h2><span class=\"ez-toc-section\" id=\"Frequently_Asked_Questions\"><\/span>Usein kysytyt kysymykset<span class=\"ez-toc-section-end\"><\/span><\/h2>\n<p><img decoding=\"async\" src=\"https:\/\/coinkickoff.com\/wp-content\/uploads\/v2-3dgtr-7frp8.jpg\" alt=\"\"><\/p>\n<p>T\u00e4ss\u00e4 jaksossa k\u00e4sitell\u00e4\u00e4n yleisesti esitettyj\u00e4 kysymyksi\u00e4 Bitcoin-kasinoiden ja perinteisten kasinoiden eroista, jotta n\u00e4m\u00e4 kaksi kasinoiden eroa voitaisiin ymm\u00e4rt\u00e4\u00e4 paremmin.<\/p>\n<h3><span class=\"ez-toc-section\" id=\"What_factors_make_crypto_casinos_more_advantageous_than_traditional_ones\"><\/span>Mitk\u00e4 tekij\u00e4t tekev\u00e4t kryptokasinoista perinteisi\u00e4 kasinoita edullisempia?<span class=\"ez-toc-section-end\"><\/span><\/h3>\n<p>Kryptokasinot tarjoavat ainutlaatuisia etuja, kuten v\u00e4litt\u00f6m\u00e4t transaktiot ja alennetut transaktiomaksut. Ne tarjoavat k\u00e4ytt\u00e4jille my\u00f6s korkeamman tason anonymiteetti\u00e4, jota perinteiset kasinot eiv\u00e4t voi saavuttaa, koska ne ovat riippuvaisia pankki- ja henkil\u00f6tiedoista.<\/p>\n<h3><span class=\"ez-toc-section\" id=\"Are_there_any_risks_associated_with_using_Bitcoin_for_online_gambling\"><\/span>Liittyyk\u00f6 Bitcoin:n k\u00e4ytt\u00e4miseen nettipelaamiseen riskej\u00e4?<span class=\"ez-toc-section-end\"><\/span><\/h3>\n<p>K\u00e4ytt\u00e4jiin kohdistuu tiettyj\u00e4 riskej\u00e4, kuten Bitcoin:n arvon suuri ep\u00e4vakaus ja mahdolliset turvallisuusuhat, kuten hakkerointi. Lis\u00e4ksi s\u00e4\u00e4ntelyn puute voi olla kaksiter\u00e4inen miekka, joka tarjoaa sek\u00e4 vapautta ett\u00e4 riskej\u00e4.<\/p>\n<h3><span class=\"ez-toc-section\" id=\"How_do_the_security_measures_in_Bitcoin_casinos_compare_to_those_in_traditional_casinos\"><\/span>Miten Bitcoin-kasinoiden turvatoimet eroavat perinteisten kasinoiden turvatoimista?<span class=\"ez-toc-section-end\"><\/span><\/h3>\n<p>Bitcoin-kasinot k\u00e4ytt\u00e4v\u00e4t yleens\u00e4 kehittyneit\u00e4 salaustekniikoita ja ne on rakennettu turvallisiin lohkoketjuverkkoihin. T\u00e4m\u00e4 eroaa perinteisist\u00e4 kasinoista, jotka ovat riippuvaisia perinteisist\u00e4 turvallisuus- ja rahoitusj\u00e4rjestelmist\u00e4, jotka ovat alttiita erityyppisille riskeille.<\/p>\n<h3><span class=\"ez-toc-section\" id=\"Can_players_expect_provably_fair_gaming_in_Bitcoin_casinos\"><\/span>Voivatko pelaajat odottaa todistettavasti reilua pelaamista Bitcoin-kasinoilla?<span class=\"ez-toc-section-end\"><\/span><\/h3>\n<p>Monet Bitcoin-kasinot tarjoavat todistettavasti reilua pelaamista, jonka avulla pelaajat voivat tarkistaa jokaisen pelin reiluuden lohkoketjuteknologian avulla. T\u00e4m\u00e4 on l\u00e4pin\u00e4kyvyyden taso, jota perinteiset online-pelisivustot eiv\u00e4t v\u00e4ltt\u00e4m\u00e4tt\u00e4 tarjoa.<\/p>\n<h3><span class=\"ez-toc-section\" id=\"What_are_the_unique_benefits_of_gambling_with_Bitcoin\"><\/span>Mitk\u00e4 ovat Bitcoin:n kanssa pelaamisen ainutlaatuiset edut?<span class=\"ez-toc-section-end\"><\/span><\/h3>\n<p>Uhkapelaaminen Bitcoin:n kanssa takaa, ett\u00e4 transaktiot pysyv\u00e4t huomaamattomina ja turvallisina lohkoketjuteknologian k\u00e4yt\u00f6n ansiosta. Se tarjoaa my\u00f6s etuna mahdollisesti alhaisemmat maksut ja varmistaa, ett\u00e4 pelaajat voivat pelata ilman maantieteellisi\u00e4 rajoituksia.<\/p>\n<h3><span class=\"ez-toc-section\" id=\"How_does_the_regulatory_landscape_for_Bitcoin_casinos_differ_from_traditional_gambling_venues\"><\/span>Miten Bitcoin-kasinoiden s\u00e4\u00e4ntely-ymp\u00e4rist\u00f6 eroaa perinteisist\u00e4 pelipaikoista?<span class=\"ez-toc-section-end\"><\/span><\/h3>\n<p>Bitcoin-kasinot toimivat usein s\u00e4\u00e4ntelem\u00e4tt\u00f6m\u00e4ss\u00e4 ymp\u00e4rist\u00f6ss\u00e4, koska monet hallitukset eiv\u00e4t tunnusta kryptovaluuttoja viralliseksi valuutaksi. T\u00e4m\u00e4 eroaa perinteisist\u00e4 kasinoista, joita koskevat tiukat s\u00e4\u00e4ntelypuitteet.<\/p>","protected":false},"excerpt":{"rendered":"<p>Vastuuvapauslauseke: Uhkapeleihin liittyy merkitt\u00e4v\u00e4 taloudellinen riski. Pelaa vain sellaisilla rahoilla, jotka sinulla on varaa menett\u00e4\u00e4. Alla olevat tiedot ovat vain tiedoksi. Saatamme saada palkkion, jos rekister\u00f6idyt ja h\u00e4vi\u00e4t rahaa jollakin seuraavista kasinoista. Kaikki kasinot eiv\u00e4t ole saatavilla kaikissa maissa. Kaikki tiedot, joita [...]<\/p>","protected":false},"author":1,"featured_media":4576,"parent":4440,"menu_order":0,"comment_status":"closed","ping_status":"closed","template":"","meta":{"_genesis_hide_title":false,"_genesis_hide_breadcrumbs":false,"_genesis_hide_singular_image":false,"_genesis_hide_footer_widgets":false,"_genesis_custom_body_class":"","_genesis_custom_post_class":"","_genesis_layout":"","_glsr_average":0,"_glsr_ranking":0,"_glsr_reviews":0,"footnotes":""},"class_list":{"0":"post-4575","1":"page","2":"type-page","3":"status-publish","4":"has-post-thumbnail","6":"entry"},"featured_image_src":"https:\/\/coinkickoff.com\/wp-content\/uploads\/v2-3dgrx-7h0pa-600x400.jpg","featured_image_src_square":"https:\/\/coinkickoff.com\/wp-content\/uploads\/v2-3dgrx-7h0pa-600x600.jpg","_links":{"self":[{"href":"https:\/\/coinkickoff.com\/fi\/wp-json\/wp\/v2\/pages\/4575","targetHints":{"allow":["GET"]}}],"collection":[{"href":"https:\/\/coinkickoff.com\/fi\/wp-json\/wp\/v2\/pages"}],"about":[{"href":"https:\/\/coinkickoff.com\/fi\/wp-json\/wp\/v2\/types\/page"}],"author":[{"embeddable":true,"href":"https:\/\/coinkickoff.com\/fi\/wp-json\/wp\/v2\/users\/1"}],"replies":[{"embeddable":true,"href":"https:\/\/coinkickoff.com\/fi\/wp-json\/wp\/v2\/comments?post=4575"}],"version-history":[{"count":3,"href":"https:\/\/coinkickoff.com\/fi\/wp-json\/wp\/v2\/pages\/4575\/revisions"}],"predecessor-version":[{"id":4582,"href":"https:\/\/coinkickoff.com\/fi\/wp-json\/wp\/v2\/pages\/4575\/revisions\/4582"}],"up":[{"embeddable":true,"href":"https:\/\/coinkickoff.com\/fi\/wp-json\/wp\/v2\/pages\/4440"}],"wp:featuredmedia":[{"embeddable":true,"href":"https:\/\/coinkickoff.com\/fi\/wp-json\/wp\/v2\/media\/4576"}],"wp:attachment":[{"href":"https:\/\/coinkickoff.com\/fi\/wp-json\/wp\/v2\/media?parent=4575"}],"curies":[{"name":"wp","href":"https:\/\/api.w.org\/{rel}","templated":true}]}}