{"id":4404,"date":"2026-01-08T14:07:11","date_gmt":"2026-01-08T14:07:11","guid":{"rendered":"https:\/\/coinkickoff.com\/?page_id=4404"},"modified":"2026-01-08T14:07:11","modified_gmt":"2026-01-08T14:07:11","slug":"how-to-buy-litecoin-on-kucoin","status":"publish","type":"page","link":"https:\/\/coinkickoff.com\/fi\/how-to-buy-litecoin\/how-to-buy-litecoin-on-kucoin\/","title":{"rendered":"Miten ostaa Litecoin Kucoin:ll\u00e4?"},"content":{"rendered":"<div id=\"ez-toc-container\" class=\"ez-toc-v2_0_80 counter-hierarchy ez-toc-counter ez-toc-transparent ez-toc-container-direction\">\n<div class=\"ez-toc-title-container\">\n<p class=\"ez-toc-title\" style=\"cursor:inherit\">Jaksot<\/p>\n<span class=\"ez-toc-title-toggle\"><a href=\"#\" class=\"ez-toc-pull-right ez-toc-btn ez-toc-btn-xs ez-toc-btn-default ez-toc-toggle\" aria-label=\"Sis\u00e4llysluettelon vaihtaminen\"><span class=\"ez-toc-js-icon-con\"><span class=\"\"><span class=\"eztoc-hide\" style=\"display:none;\">Toggle<\/span><span class=\"ez-toc-icon-toggle-span\"><svg style=\"fill: #999;color:#999\" xmlns=\"http:\/\/www.w3.org\/2000\/svg\" class=\"list-377408\" width=\"20px\" height=\"20px\" viewbox=\"0 0 24 24\" fill=\"none\"><path d=\"M6 6H4v2h2V6zm14 0H8v2h12V6zM4 11h2v2H4v-2zm16 0H8v2h12v-2zM4 16h2v2H4v-2zm16 0H8v2h12v-2z\" fill=\"currentColor\"><\/path><\/svg><svg style=\"fill: #999;color:#999\" class=\"arrow-unsorted-368013\" xmlns=\"http:\/\/www.w3.org\/2000\/svg\" width=\"10px\" height=\"10px\" viewbox=\"0 0 24 24\" version=\"1.2\" baseprofile=\"tiny\"><path d=\"M18.2 9.3l-6.2-6.3-6.2 6.3c-.2.2-.3.4-.3.7s.1.5.3.7c.2.2.4.3.7.3h11c.3 0 .5-.1.7-.3.2-.2.3-.5.3-.7s-.1-.5-.3-.7zM5.8 14.7l6.2 6.3 6.2-6.3c.2-.2.3-.5.3-.7s-.1-.5-.3-.7c-.2-.2-.4-.3-.7-.3h-11c-.3 0-.5.1-.7.3-.2.2-.3.5-.3.7s.1.5.3.7z\"\/><\/svg><\/span><\/span><\/span><\/a><\/span><\/div>\n<nav><ul class='ez-toc-list ez-toc-list-level-1 eztoc-toggle-hide-by-default' ><li class='ez-toc-page-1 ez-toc-heading-level-2'><a class=\"ez-toc-link ez-toc-heading-1\" href=\"https:\/\/coinkickoff.com\/fi\/how-to-buy-litecoin\/how-to-buy-litecoin-on-kucoin\/#How_to_Buy_Litecoin_on_Kucoin\" >Miten ostaa Litecoin Kucoin:ll\u00e4?<\/a><\/li><li class='ez-toc-page-1 ez-toc-heading-level-2'><a class=\"ez-toc-link ez-toc-heading-2\" href=\"https:\/\/coinkickoff.com\/fi\/how-to-buy-litecoin\/how-to-buy-litecoin-on-kucoin\/#A_Step-By-Step_Guide_on_How_to_Buy_Litecoin_on_Kucoin\" >Vaiheittainen opas siit\u00e4, miten ostaa Litecoin Kucoin:st\u00e4.<\/a><ul class='ez-toc-list-level-3' ><li class='ez-toc-heading-level-3'><a class=\"ez-toc-link ez-toc-heading-3\" href=\"https:\/\/coinkickoff.com\/fi\/how-to-buy-litecoin\/how-to-buy-litecoin-on-kucoin\/#1_Register_an_Account\" >1. Rekister\u00f6i tili<\/a><\/li><li class='ez-toc-page-1 ez-toc-heading-level-3'><a class=\"ez-toc-link ez-toc-heading-4\" href=\"https:\/\/coinkickoff.com\/fi\/how-to-buy-litecoin\/how-to-buy-litecoin-on-kucoin\/#2_Verify_Your_Account\" >2. Vahvista tilisi<\/a><\/li><li class='ez-toc-page-1 ez-toc-heading-level-3'><a class=\"ez-toc-link ez-toc-heading-5\" href=\"https:\/\/coinkickoff.com\/fi\/how-to-buy-litecoin\/how-to-buy-litecoin-on-kucoin\/#3_Deposit_Crypto\" >3. Talleta krypto<\/a><\/li><li class='ez-toc-page-1 ez-toc-heading-level-3'><a class=\"ez-toc-link ez-toc-heading-6\" href=\"https:\/\/coinkickoff.com\/fi\/how-to-buy-litecoin\/how-to-buy-litecoin-on-kucoin\/#4_Navigate_to_the_Relevant_Screen_to_Buy\" >4. Siirry asiaankuuluvalle n\u00e4yt\u00f6lle ostamista varten<\/a><ul class='ez-toc-list-level-4' ><li class='ez-toc-heading-level-4'><a class=\"ez-toc-link ez-toc-heading-7\" href=\"https:\/\/coinkickoff.com\/fi\/how-to-buy-litecoin\/how-to-buy-litecoin-on-kucoin\/#Fast_Trade\" >Nopea kauppa<\/a><\/li><li class='ez-toc-page-1 ez-toc-heading-level-4'><a class=\"ez-toc-link ez-toc-heading-8\" href=\"https:\/\/coinkickoff.com\/fi\/how-to-buy-litecoin\/how-to-buy-litecoin-on-kucoin\/#Third-Party\" >Kolmannen osapuolen<\/a><\/li><li class='ez-toc-page-1 ez-toc-heading-level-4'><a class=\"ez-toc-link ez-toc-heading-9\" href=\"https:\/\/coinkickoff.com\/fi\/how-to-buy-litecoin\/how-to-buy-litecoin-on-kucoin\/#How_to_Buy_Litecoin_with_Crypto\" >Miten ostaa Litecoin kryptolla?<\/a><\/li><\/ul><\/li><\/ul><\/li><\/ul><\/nav><\/div>\n<h2><span class=\"ez-toc-section\" id=\"How_to_Buy_Litecoin_on_Kucoin\"><\/span><span style=\"font-weight: 400;\">Miten ostaa Litecoin Kucoin:ll\u00e4?<\/span><span class=\"ez-toc-section-end\"><\/span><\/h2>\n<p><span style=\"font-weight: 400;\">Jos tarvitset opastusta siit\u00e4, miten ostaa <a href=\"https:\/\/coinkickoff.com\/fi\/litecoin-ltc\/\" data-internallinksmanager029f6b8e52c=\"21\" title=\"Mik\u00e4 on Litecoin (LTC)? Hinta, historia ja ostopaikat\">Litecoin<\/a> osoitteessa <a href=\"https:\/\/coinkickoff.com\/fi\/kucoin-review\/\" data-internallinksmanager029f6b8e52c=\"153\" title=\"KuCoin Arvostelut 2023: Maksut, turvallisuus, Pro &amp; Cons\">Kucoin<\/a>olet oikeassa paikassa! Katsotaanpa, miten ostaa LTC on Kucoin muutamalla yksinkertaisella askeleella.<\/span><\/p>\n<h2><span class=\"ez-toc-section\" id=\"A_Step-By-Step_Guide_on_How_to_Buy_Litecoin_on_Kucoin\"><\/span><span style=\"font-weight: 400;\">Vaiheittainen opas siit\u00e4, miten ostaa Litecoin Kucoin:st\u00e4.<\/span><span class=\"ez-toc-section-end\"><\/span><\/h2>\n<h3><span class=\"ez-toc-section\" id=\"1_Register_an_Account\"><\/span><span style=\"font-weight: 400;\">1. Rekister\u00f6i tili<\/span><span class=\"ez-toc-section-end\"><\/span><\/h3>\n<p><img loading=\"lazy\" decoding=\"async\" class=\"alignnone wp-image-3269 size-full\" src=\"https:\/\/coinkickoff.com\/wp-content\/uploads\/kucoin-register.png\" alt=\"ostaa doge kucoin rekisteriin\" width=\"1421\" height=\"788\" srcset=\"https:\/\/coinkickoff.com\/wp-content\/uploads\/kucoin-register.png 1421w, https:\/\/coinkickoff.com\/wp-content\/uploads\/kucoin-register-300x166.png 300w, https:\/\/coinkickoff.com\/wp-content\/uploads\/kucoin-register-1024x568.png 1024w, https:\/\/coinkickoff.com\/wp-content\/uploads\/kucoin-register-768x426.png 768w, https:\/\/coinkickoff.com\/wp-content\/uploads\/kucoin-register-18x10.png 18w\" sizes=\"auto, (max-width: 1421px) 100vw, 1421px\" \/><\/p>\n<p><span style=\"font-weight: 400;\">Mene osoitteeseen <\/span><a href=\"https:\/\/www.kucoin.com\/r\/af\/rMJPV3B\" target=\"_blank\" rel=\"noopener\"><span style=\"font-weight: 400;\">Kucoin<\/span><\/a><span style=\"font-weight: 400;\"> verkkosivusto ja rekister\u00f6idy s\u00e4hk\u00f6postiosoitteellasi tai puhelinnumerollasi.\u00a0<\/span><\/p>\n<h3><span class=\"ez-toc-section\" id=\"2_Verify_Your_Account\"><\/span><span style=\"font-weight: 400;\">2. Vahvista tilisi<\/span><span class=\"ez-toc-section-end\"><\/span><\/h3>\n<p><span style=\"font-weight: 400;\">Jos omistat digitaalisia varoja, jotka voit vaihtaa Litecoin:hen, sinun ei tarvitse todentaa henkil\u00f6llisyytt\u00e4si. Voit siirty\u00e4 seuraavaan vaiheeseen n\u00e4hd\u00e4ksesi, miten voit tallettaa kryptovaroja Kucoin:hen.<\/span><\/p>\n<p><span style=\"font-weight: 400;\">Jos sinulla ei ole viel\u00e4 digitaalista omaisuutta, ei h\u00e4t\u00e4\u00e4! Henkil\u00f6llisyyden todentaminen on hyvin yksinkertaista, ja se voidaan suorittaa muutamassa minuutissa.<\/span><\/p>\n<p><span style=\"font-weight: 400;\">N\u00e4et k\u00e4ytt\u00e4j\u00e4tunnuksesi sivun oikeassa yl\u00e4kulmassa. Se vie sinut k\u00e4ytt\u00e4j\u00e4profiiliisi.<\/span><\/p>\n<p><span style=\"font-weight: 400;\">Siirry profiilisi \"Identiteetin todentaminen\" -v\u00e4lilehdelle ja valitse \"Tarkista\" kohdasta \"Lis\u00e4ominaisuudet\".<\/span><\/p>\n<p><img loading=\"lazy\" decoding=\"async\" class=\"alignnone wp-image-3272 size-full\" src=\"https:\/\/coinkickoff.com\/wp-content\/uploads\/kucoin-identity-verification.png\" alt=\"kucoin id-tarkastus 1\" width=\"1420\" height=\"785\" srcset=\"https:\/\/coinkickoff.com\/wp-content\/uploads\/kucoin-identity-verification.png 1420w, https:\/\/coinkickoff.com\/wp-content\/uploads\/kucoin-identity-verification-300x166.png 300w, https:\/\/coinkickoff.com\/wp-content\/uploads\/kucoin-identity-verification-1024x566.png 1024w, https:\/\/coinkickoff.com\/wp-content\/uploads\/kucoin-identity-verification-768x425.png 768w, https:\/\/coinkickoff.com\/wp-content\/uploads\/kucoin-identity-verification-18x10.png 18w\" sizes=\"auto, (max-width: 1420px) 100vw, 1420px\" \/><\/p>\n<p><span style=\"font-weight: 400;\">Edistyneen vahvistuksen suorittaminen mahdollistaa fiat-rahan tallettamisen ja nostamisen Kucoin:ll\u00e4. Se my\u00f6s lis\u00e4\u00e4 huomattavasti kaupank\u00e4ynti- ja nostorajojasi.<\/span><\/p>\n<p><span style=\"font-weight: 400;\">Varmentamisj\u00e4rjestelm\u00e4 on yksinkertainen - t\u00e4yt\u00e4 vain henkil\u00f6tietolomake, lataa valtion my\u00f6nt\u00e4m\u00e4 henkil\u00f6llisyystodistus tietojesi tarkistamista varten ja suorita kasvojen varmentaminen.<\/span><\/p>\n<p><img loading=\"lazy\" decoding=\"async\" class=\"alignnone wp-image-3270 size-full\" src=\"https:\/\/coinkickoff.com\/wp-content\/uploads\/kucoin-id-verification-2.png\" alt=\"kucoin henkil\u00f6llisyyden todentaminen 2\" width=\"1407\" height=\"706\" srcset=\"https:\/\/coinkickoff.com\/wp-content\/uploads\/kucoin-id-verification-2.png 1407w, https:\/\/coinkickoff.com\/wp-content\/uploads\/kucoin-id-verification-2-300x151.png 300w, https:\/\/coinkickoff.com\/wp-content\/uploads\/kucoin-id-verification-2-1024x514.png 1024w, https:\/\/coinkickoff.com\/wp-content\/uploads\/kucoin-id-verification-2-768x385.png 768w, https:\/\/coinkickoff.com\/wp-content\/uploads\/kucoin-id-verification-2-18x9.png 18w\" sizes=\"auto, (max-width: 1407px) 100vw, 1407px\" \/><\/p>\n<p><span style=\"font-weight: 400;\">Voit vahvistaa henkil\u00f6llisyytesi kansallisella henkil\u00f6kortilla, ajokortilla tai passin sivulla. Laita henkil\u00f6llisyystodistus valmiiksi ja napsauta \"Hyv\u00e4ksy ja jatka\".<\/span><\/p>\n<p><img loading=\"lazy\" decoding=\"async\" class=\"alignnone wp-image-3271 size-full\" src=\"https:\/\/coinkickoff.com\/wp-content\/uploads\/kucoin-id-verification-3.png\" alt=\"kucoin id-tarkastus 3 \" width=\"1412\" height=\"789\" srcset=\"https:\/\/coinkickoff.com\/wp-content\/uploads\/kucoin-id-verification-3.png 1412w, https:\/\/coinkickoff.com\/wp-content\/uploads\/kucoin-id-verification-3-300x168.png 300w, https:\/\/coinkickoff.com\/wp-content\/uploads\/kucoin-id-verification-3-1024x572.png 1024w, https:\/\/coinkickoff.com\/wp-content\/uploads\/kucoin-id-verification-3-768x429.png 768w, https:\/\/coinkickoff.com\/wp-content\/uploads\/kucoin-id-verification-3-18x10.png 18w\" sizes=\"auto, (max-width: 1412px) 100vw, 1412px\" \/><\/p>\n<p><span style=\"font-weight: 400;\">Sy\u00f6t\u00e4 tietosi ja napsauta \"Seuraava\". Seuraa n\u00e4yt\u00f6n ohjeita henkil\u00f6llisyyden todentamiseksi.<\/span><\/p>\n<h3><span class=\"ez-toc-section\" id=\"3_Deposit_Crypto\"><\/span><span style=\"font-weight: 400;\">3. Talleta krypto<\/span><span class=\"ez-toc-section-end\"><\/span><\/h3>\n<p><span style=\"font-weight: 400;\">Jos sinulla on digitaalisia varoja ulkoisessa lompakossa, voit siirt\u00e4\u00e4 ne Kucoin:hen ja vaihtaa ne LTC:hen spot-markkinoilla. Jos t\u00e4m\u00e4 ei ole sinulle vaihtoehto, jatka seuraavaan vaiheeseen n\u00e4hd\u00e4ksesi, miten voit ostaa Litecoin:t\u00e4 fiat-rahalla.<\/span><\/p>\n<p><span style=\"font-weight: 400;\">Napsauta verkkosivun oikeassa yl\u00e4kulmassa olevaa \"Assets\"-valikkoa.<\/span><\/p>\n<p><img loading=\"lazy\" decoding=\"async\" class=\"alignnone wp-image-3273 size-full\" src=\"https:\/\/coinkickoff.com\/wp-content\/uploads\/kucoin-deposit.png\" alt=\"kucoin talletusrahastot 1\" width=\"1427\" height=\"758\" srcset=\"https:\/\/coinkickoff.com\/wp-content\/uploads\/kucoin-deposit.png 1427w, https:\/\/coinkickoff.com\/wp-content\/uploads\/kucoin-deposit-300x159.png 300w, https:\/\/coinkickoff.com\/wp-content\/uploads\/kucoin-deposit-1024x544.png 1024w, https:\/\/coinkickoff.com\/wp-content\/uploads\/kucoin-deposit-768x408.png 768w, https:\/\/coinkickoff.com\/wp-content\/uploads\/kucoin-deposit-18x10.png 18w\" sizes=\"auto, (max-width: 1427px) 100vw, 1427px\" \/><\/p>\n<p><span style=\"font-weight: 400;\">N\u00e4et kaikki saldosi t\u00e4\u00e4ll\u00e4. Napsauta \"Talletus\" -painiketta ja valitse digitaalinen valuutta, jonka haluat siirt\u00e4\u00e4 Kucoin:lle.<\/span><\/p>\n<p><span style=\"font-weight: 400;\">Jos esimerkiksi annoit <a href=\"https:\/\/coinkickoff.com\/fi\/tether-usdt\/\" data-internallinksmanager029f6b8e52c=\"3\" title=\"Mik\u00e4 on Tether (USDT)? Miten se toimii ja mist\u00e4 sit\u00e4 voi ostaa?\">USDT<\/a>, klikkaa USDT ja saat QR-koodin. T\u00e4m\u00e4 QR-koodi edustaa USDT-osoitettasi Kucoin:ss\u00e4. Aina kun haluat siirt\u00e4\u00e4 USDT:n Kucoin:hen, k\u00e4yt\u00e4 t\u00e4t\u00e4 QR-koodia nosto-osoitteena.<\/span><\/p>\n<p><span style=\"font-weight: 400;\">\u00c4l\u00e4 koskaan k\u00e4yt\u00e4 USDT-lompakko-osoitetta muiden kryptovaluuttojen siirt\u00e4miseen. Kukin lompakko-osoite on valuuttakohtainen: voit siirt\u00e4\u00e4 BTC:t\u00e4 vain seuraaviin osoitteisiin <a href=\"https:\/\/coinkickoff.com\/fi\/bitcoin-btc\/\" data-internallinksmanager029f6b8e52c=\"1\" title=\"Mik\u00e4 on Bitcoin (BTC)? Hinta, historia ja ostopaikat\">Bitcoin<\/a> osoite, ETH <a href=\"https:\/\/coinkickoff.com\/fi\/ethereum-eth\/\" data-internallinksmanager029f6b8e52c=\"2\" title=\"Mik\u00e4 on Ethereum (ETH)? Hinta, historia ja ostopaikat\">Ethereum<\/a> osoite, <a href=\"https:\/\/coinkickoff.com\/fi\/polkadot-piste\/\" data-internallinksmanager029f6b8e52c=\"12\" title=\"Mik\u00e4 on Polkadot (DOT)? Miten se toimii ja mist\u00e4 sit\u00e4 voi ostaa?\">Polkadot<\/a> DOT-osoitteeseen ja niin edelleen.<\/span><\/p>\n<h3><span class=\"ez-toc-section\" id=\"4_Navigate_to_the_Relevant_Screen_to_Buy\"><\/span><span style=\"font-weight: 400;\">4. Siirry asiaankuuluvalle n\u00e4yt\u00f6lle ostamista varten<\/span><span class=\"ez-toc-section-end\"><\/span><\/h3>\n<p><span style=\"font-weight: 400;\">Napsauta etusivulla \"Osta kryptoa\" -valikkoa. N\u00e4et useita vaihtoehtoja, kuten \"Fast Trade\", \"P2P\" ja \"Third-Party\".<\/span><\/p>\n<p><span style=\"font-weight: 400;\">Et voi ostaa Litecoin:t\u00e4 P2P-kaupoilla, mutta kaksi muuta ovat t\u00e4ysin k\u00e4ytt\u00f6kelpoisia ja melko helppok\u00e4ytt\u00f6isi\u00e4.<\/span><\/p>\n<p><img loading=\"lazy\" decoding=\"async\" class=\"alignnone wp-image-3274 size-full\" src=\"https:\/\/coinkickoff.com\/wp-content\/uploads\/kucoin-buy-crypto.png\" alt=\"kucoin ostaa n\u00e4yt\u00f6n\" width=\"1418\" height=\"692\" srcset=\"https:\/\/coinkickoff.com\/wp-content\/uploads\/kucoin-buy-crypto.png 1418w, https:\/\/coinkickoff.com\/wp-content\/uploads\/kucoin-buy-crypto-300x146.png 300w, https:\/\/coinkickoff.com\/wp-content\/uploads\/kucoin-buy-crypto-1024x500.png 1024w, https:\/\/coinkickoff.com\/wp-content\/uploads\/kucoin-buy-crypto-768x375.png 768w, https:\/\/coinkickoff.com\/wp-content\/uploads\/kucoin-buy-crypto-18x9.png 18w\" sizes=\"auto, (max-width: 1418px) 100vw, 1418px\" \/><\/p>\n<p><span style=\"font-weight: 400;\">Suurin ero pikakaupan ja kolmannen osapuolen kanssa teht\u00e4v\u00e4n kaupan v\u00e4lill\u00e4 on maksutapa. Pikakaupassa voit k\u00e4ytt\u00e4\u00e4 luottokorttia Litecoin:n ostamiseen, ja kolmannen osapuolen kanssa voit k\u00e4ytt\u00e4\u00e4 maksuprosessoreita, kuten Simplex ja Banxa.<\/span><\/p>\n<h4><span class=\"ez-toc-section\" id=\"Fast_Trade\"><\/span><span style=\"font-weight: 400;\">Nopea kauppa<\/span><span class=\"ez-toc-section-end\"><\/span><\/h4>\n<p><span style=\"font-weight: 400;\">Kirjoita haluamasi summa sarakkeeseen \"I want to Spend\".<\/span><\/p>\n<h4><img loading=\"lazy\" decoding=\"async\" class=\"alignnone wp-image-3275 size-full\" style=\"font-family: Muli, sans-serif;\" src=\"https:\/\/coinkickoff.com\/wp-content\/uploads\/kucoin-buy-crypto-one-click.png\" alt=\"kucoin yhdell\u00e4 napsautuksella ostaa\" width=\"1421\" height=\"770\" srcset=\"https:\/\/coinkickoff.com\/wp-content\/uploads\/kucoin-buy-crypto-one-click.png 1421w, https:\/\/coinkickoff.com\/wp-content\/uploads\/kucoin-buy-crypto-one-click-300x163.png 300w, https:\/\/coinkickoff.com\/wp-content\/uploads\/kucoin-buy-crypto-one-click-1024x555.png 1024w, https:\/\/coinkickoff.com\/wp-content\/uploads\/kucoin-buy-crypto-one-click-768x416.png 768w, https:\/\/coinkickoff.com\/wp-content\/uploads\/kucoin-buy-crypto-one-click-18x10.png 18w\" sizes=\"auto, (max-width: 1421px) 100vw, 1421px\" \/><\/h4>\n<p><span style=\"font-weight: 400;\">Aseta sarakkeen \"Receive\" arvoksi Litecoin.<\/span><\/p>\n<p><img loading=\"lazy\" decoding=\"async\" class=\"alignnone wp-image-3276 size-full\" src=\"https:\/\/coinkickoff.com\/wp-content\/uploads\/kucoin-select-paymnet-method.png\" alt=\"miten ostaa Polygon Kucoin:st\u00e4\" width=\"1424\" height=\"794\" srcset=\"https:\/\/coinkickoff.com\/wp-content\/uploads\/kucoin-select-paymnet-method.png 1424w, https:\/\/coinkickoff.com\/wp-content\/uploads\/kucoin-select-paymnet-method-300x167.png 300w, https:\/\/coinkickoff.com\/wp-content\/uploads\/kucoin-select-paymnet-method-1024x571.png 1024w, https:\/\/coinkickoff.com\/wp-content\/uploads\/kucoin-select-paymnet-method-768x428.png 768w, https:\/\/coinkickoff.com\/wp-content\/uploads\/kucoin-select-paymnet-method-18x10.png 18w\" sizes=\"auto, (max-width: 1424px) 100vw, 1424px\" \/><\/p>\n<p><span style=\"font-weight: 400;\">Lis\u00e4\u00e4 lopuksi maksutapa. Kuten n\u00e4et, voit lis\u00e4t\u00e4 Kucoin-tilillesi pankki- tai luottokortin. Kun olet lis\u00e4nnyt kortin, voit k\u00e4ytt\u00e4\u00e4 sit\u00e4 seuraaviin ostoksiisi.<\/span><\/p>\n<p><span style=\"font-weight: 400;\">Sy\u00f6t\u00e4 korttitietosi ja paina \"Osta LTC\". Saat esikatselun tilauksesi yksityiskohdista, mukaan lukien kaikki sovellettavat maksut. Jos se n\u00e4ytt\u00e4\u00e4 hyv\u00e4lt\u00e4, napsauta \"Vahvista\". Ostoksesi suoritetaan v\u00e4litt\u00f6m\u00e4sti.<\/span><\/p>\n<p><span style=\"font-weight: 400;\">Ent\u00e4 jos et voi k\u00e4ytt\u00e4\u00e4 pankki-\/luottokorttia Litecoin:n ostamiseen Fast Trade -palvelun kautta? T\u00e4m\u00e4 voi johtua useista syist\u00e4, kuten pankkisi asettamista rajoituksista ja\/tai Fast Trade -kaupan ep\u00e4onnistumisesta.<\/span><\/p>\n<p><span style=\"font-weight: 400;\">Vaihtoehtoisesti voit tuntea olosi ep\u00e4mukavaksi j\u00e4tt\u00e4ess\u00e4si korttitietosi Kucoin:lle. Jos n\u00e4in on, voit valita kolmannen osapuolen oston.<\/span><\/p>\n<h4><span class=\"ez-toc-section\" id=\"Third-Party\"><\/span><span style=\"font-weight: 400;\">Kolmannen osapuolen<\/span><span class=\"ez-toc-section-end\"><\/span><\/h4>\n<p><span style=\"font-weight: 400;\">Kolmannen osapuolen oston avulla voit maksaa ostoksesi riippumattomien maksukanavien kautta. N\u00e4m\u00e4 maksukanavat myyv\u00e4t sinulle kryptoa omilla kursseillaan, jotka ovat yleens\u00e4 korkeampia kuin spot-markkinakurssit, mutta vastaavat nopean kaupan hintoja.<\/span><\/p>\n<p><img loading=\"lazy\" decoding=\"async\" class=\"alignnone wp-image-3278 size-full\" src=\"https:\/\/coinkickoff.com\/wp-content\/uploads\/kucoin-screenshot.png\" alt=\"Miten ostaa Cardano Kucoin miten ostaa polkadot Kucoin miten ostaa Litecoin Kucoin miten ostaa Litecoin Kucoin:ss\u00e4\" width=\"1436\" height=\"673\" srcset=\"https:\/\/coinkickoff.com\/wp-content\/uploads\/kucoin-screenshot.png 1436w, https:\/\/coinkickoff.com\/wp-content\/uploads\/kucoin-screenshot-300x141.png 300w, https:\/\/coinkickoff.com\/wp-content\/uploads\/kucoin-screenshot-1024x480.png 1024w, https:\/\/coinkickoff.com\/wp-content\/uploads\/kucoin-screenshot-768x360.png 768w, https:\/\/coinkickoff.com\/wp-content\/uploads\/kucoin-screenshot-18x8.png 18w\" sizes=\"auto, (max-width: 1436px) 100vw, 1436px\" \/><\/p>\n<p><span style=\"font-weight: 400;\">Kolmannen osapuolen osto on eritt\u00e4in helppo navigoida: sy\u00f6t\u00e4 summa, jonka haluat k\u00e4ytt\u00e4\u00e4, ja valitse Litecoin valuutaksi, jonka haluat vastaanottaa.<\/span><\/p>\n<p><span style=\"font-weight: 400;\">Valitse maksutapa ja maksuprosessori. Jatka klikkaamalla \"Vahvista\".<\/span><\/p>\n<p><span style=\"font-weight: 400;\">T\u00e4ss\u00e4 vaiheessa poistut Kucoin:n verkkosivustolta maksuprosessorin verkkosivustolle. Jos sinulla on jo tili, voit suorittaa maksutapahtuman heti. Jos sinulla ei ole tili\u00e4, voit perustaa sen nopeasti ja saattaa maksutapahtuman loppuun.\u00a0<\/span><\/p>\n<h4><span class=\"ez-toc-section\" id=\"How_to_Buy_Litecoin_with_Crypto\"><\/span><span style=\"font-weight: 400;\">Miten ostaa Litecoin kryptolla?<\/span><span class=\"ez-toc-section-end\"><\/span><\/h4>\n<p><span style=\"font-weight: 400;\">Lopuksi voit ostaa Litecoin Kucoin spot-markkinoilla kryptovaluutoilla.\u00a0<\/span><\/p>\n<p><span style=\"font-weight: 400;\">Valitse kojelaudaltasi \"Trade\"-valikko ja valitse Spot Trading.\" N\u00e4et sivulla useita pareja, kuten BTC\/USDT, ETH\/USDT, <a href=\"https:\/\/coinkickoff.com\/fi\/dogecoin-doge\/\" data-internallinksmanager029f6b8e52c=\"14\" title=\"Mik\u00e4 on Dogecoin (DOGE)? Miten se toimii ja mist\u00e4 sit\u00e4 voi ostaa?\">DOGE<\/a>\/USDT ja niin edelleen.\u00a0<\/span><\/p>\n<p><span style=\"font-weight: 400;\">Huomattava osa kaikista kryptokauppoista tehd\u00e4\u00e4n USDT:n\u00e4, joten voit ostaa ja myyd\u00e4 suurimman osan coins:st\u00e4 USDT:ll\u00e4, mukaan lukien Litecoin.\u00a0<\/span><\/p>\n<p><span style=\"font-weight: 400;\">Jos sinulla on esimerkiksi Polkadot, et ehk\u00e4 voi vaihtaa sit\u00e4 suoraan Litecoin:hen, mutta voit vaihtaa sen USDT:hen ja k\u00e4ytt\u00e4\u00e4 USDT:n LTC:n ostamiseen.<\/span><\/p>\n<p><span style=\"font-weight: 400;\">Valitse ensin vaihtopari, jonka haluat vaihtaa (esimerkiksi LTC\/USDT). T\u00e4yt\u00e4 seuraavaksi tilauslomake s\u00e4\u00e4t\u00e4m\u00e4ll\u00e4 USDT:n m\u00e4\u00e4r\u00e4, jonka haluat k\u00e4ytt\u00e4\u00e4 LTC:hen.<\/span><\/p>\n<p><span style=\"font-weight: 400;\">Kucoin:n avulla voit antaa \"Market\"- ja \"Limit\"-toimeksiantoja. Aloittelijoille suosittelemme valitsemaan markkinatilauksen. Jos haluat tutustua muihin vaihtoehtoihin, opi lis\u00e4\u00e4 seuraavista asioista <\/span><a href=\"https:\/\/www.kucoin.com\/support\/900006714063\" target=\"_blank\" rel=\"noopener\"><span style=\"font-weight: 400;\">eri tilaustyypit<\/span><\/a><span style=\"font-weight: 400;\"> ennen kuin jatkat<\/span><\/p>\n<p><span style=\"font-weight: 400;\">Kun olet valmis, klikkaa \"Osta\".<\/span><\/p>\n<p><span style=\"font-weight: 400;\">Tied\u00e4t nyt kolme eri tapaa ostaa Litecoin Kucoin:ll\u00e4! Jos pidit meid\u00e4n \"<\/span><i><span style=\"font-weight: 400;\">Miten ostaa Litecoin Kucoin\"<\/span><\/i><span style=\"font-weight: 400;\"> opas, saatat my\u00f6s pit\u00e4\u00e4 meid\u00e4n <\/span><a href=\"https:\/\/coinkickoff.com\/fi\/crypto-exchanges\/\"><span style=\"font-weight: 400;\">vaihto-arvostelut<\/span><\/a><span style=\"font-weight: 400;\"> ja <a href=\"https:\/\/coinkickoff.com\/fi\/how-to-buy-bitcoin\/\">muut oppaat<\/a>.<\/span><\/p>","protected":false},"excerpt":{"rendered":"<p>Miten ostaa Litecoin Kucoin Jos tarvitset ohjeita siit\u00e4, miten ostaa Litecoin Kucoin, olet oikeassa paikassa! Katsotaanpa, miten ostaa LTC Kucoin:ll\u00e4 muutamassa yksinkertaisessa vaiheessa. Vaiheittainen opas Litecoin:n ostamiseen Kucoin:ll\u00e4 1. Ota Litecoin:n ostaminen Kucoin:lt\u00e4. Rekister\u00f6i tili Siirry Kucoin [...]<\/p>","protected":false},"author":3,"featured_media":0,"parent":4392,"menu_order":0,"comment_status":"closed","ping_status":"closed","template":"","meta":{"_genesis_hide_title":false,"_genesis_hide_breadcrumbs":false,"_genesis_hide_singular_image":false,"_genesis_hide_footer_widgets":false,"_genesis_custom_body_class":"","_genesis_custom_post_class":"","_genesis_layout":"","_glsr_average":0,"_glsr_ranking":0,"_glsr_reviews":0,"footnotes":""},"class_list":{"0":"post-4404","1":"page","2":"type-page","3":"status-publish","5":"entry"},"featured_image_src":null,"featured_image_src_square":null,"_links":{"self":[{"href":"https:\/\/coinkickoff.com\/fi\/wp-json\/wp\/v2\/pages\/4404","targetHints":{"allow":["GET"]}}],"collection":[{"href":"https:\/\/coinkickoff.com\/fi\/wp-json\/wp\/v2\/pages"}],"about":[{"href":"https:\/\/coinkickoff.com\/fi\/wp-json\/wp\/v2\/types\/page"}],"author":[{"embeddable":true,"href":"https:\/\/coinkickoff.com\/fi\/wp-json\/wp\/v2\/users\/3"}],"replies":[{"embeddable":true,"href":"https:\/\/coinkickoff.com\/fi\/wp-json\/wp\/v2\/comments?post=4404"}],"version-history":[{"count":2,"href":"https:\/\/coinkickoff.com\/fi\/wp-json\/wp\/v2\/pages\/4404\/revisions"}],"predecessor-version":[{"id":4406,"href":"https:\/\/coinkickoff.com\/fi\/wp-json\/wp\/v2\/pages\/4404\/revisions\/4406"}],"up":[{"embeddable":true,"href":"https:\/\/coinkickoff.com\/fi\/wp-json\/wp\/v2\/pages\/4392"}],"wp:attachment":[{"href":"https:\/\/coinkickoff.com\/fi\/wp-json\/wp\/v2\/media?parent=4404"}],"curies":[{"name":"wp","href":"https:\/\/api.w.org\/{rel}","templated":true}]}}