{"id":4239,"date":"2026-01-08T14:07:08","date_gmt":"2026-01-08T14:07:08","guid":{"rendered":"https:\/\/coinkickoff.com\/?page_id=4239"},"modified":"2026-01-08T14:07:08","modified_gmt":"2026-01-08T14:07:08","slug":"how-to-buy-polkadot-on-kucoin","status":"publish","type":"page","link":"https:\/\/coinkickoff.com\/fi\/how-to-buy-polkadot\/how-to-buy-polkadot-on-kucoin\/","title":{"rendered":"Miten ostaa Polkadot Kucoin:ll\u00e4?"},"content":{"rendered":"<div id=\"ez-toc-container\" class=\"ez-toc-v2_0_80 counter-hierarchy ez-toc-counter ez-toc-transparent ez-toc-container-direction\">\n<div class=\"ez-toc-title-container\">\n<p class=\"ez-toc-title\" style=\"cursor:inherit\">Jaksot<\/p>\n<span class=\"ez-toc-title-toggle\"><a href=\"#\" class=\"ez-toc-pull-right ez-toc-btn ez-toc-btn-xs ez-toc-btn-default ez-toc-toggle\" aria-label=\"Sis\u00e4llysluettelon vaihtaminen\"><span class=\"ez-toc-js-icon-con\"><span class=\"\"><span class=\"eztoc-hide\" style=\"display:none;\">Toggle<\/span><span class=\"ez-toc-icon-toggle-span\"><svg style=\"fill: #999;color:#999\" xmlns=\"http:\/\/www.w3.org\/2000\/svg\" class=\"list-377408\" width=\"20px\" height=\"20px\" viewbox=\"0 0 24 24\" fill=\"none\"><path d=\"M6 6H4v2h2V6zm14 0H8v2h12V6zM4 11h2v2H4v-2zm16 0H8v2h12v-2zM4 16h2v2H4v-2zm16 0H8v2h12v-2z\" fill=\"currentColor\"><\/path><\/svg><svg style=\"fill: #999;color:#999\" class=\"arrow-unsorted-368013\" xmlns=\"http:\/\/www.w3.org\/2000\/svg\" width=\"10px\" height=\"10px\" viewbox=\"0 0 24 24\" version=\"1.2\" baseprofile=\"tiny\"><path d=\"M18.2 9.3l-6.2-6.3-6.2 6.3c-.2.2-.3.4-.3.7s.1.5.3.7c.2.2.4.3.7.3h11c.3 0 .5-.1.7-.3.2-.2.3-.5.3-.7s-.1-.5-.3-.7zM5.8 14.7l6.2 6.3 6.2-6.3c.2-.2.3-.5.3-.7s-.1-.5-.3-.7c-.2-.2-.4-.3-.7-.3h-11c-.3 0-.5.1-.7.3-.2.2-.3.5-.3.7s.1.5.3.7z\"\/><\/svg><\/span><\/span><\/span><\/a><\/span><\/div>\n<nav><ul class='ez-toc-list ez-toc-list-level-1 eztoc-toggle-hide-by-default' ><li class='ez-toc-page-1 ez-toc-heading-level-2'><a class=\"ez-toc-link ez-toc-heading-1\" href=\"https:\/\/coinkickoff.com\/fi\/how-to-buy-polkadot\/how-to-buy-polkadot-on-kucoin\/#How_to_Buy_Polkadot_on_Kucoin\" >Miten ostaa Polkadot Kucoin:ll\u00e4?<\/a><\/li><li class='ez-toc-page-1 ez-toc-heading-level-2'><a class=\"ez-toc-link ez-toc-heading-2\" href=\"https:\/\/coinkickoff.com\/fi\/how-to-buy-polkadot\/how-to-buy-polkadot-on-kucoin\/#A_Step-By-Step_Guide_on_How_to_Buy_Polkadot_on_Kucoin\" >Vaiheittainen opas Polkadot:n ostamisesta Kucoin:ll\u00e4.<\/a><ul class='ez-toc-list-level-3' ><li class='ez-toc-heading-level-3'><a class=\"ez-toc-link ez-toc-heading-3\" href=\"https:\/\/coinkickoff.com\/fi\/how-to-buy-polkadot\/how-to-buy-polkadot-on-kucoin\/#1_Register_an_Account\" >1. Rekister\u00f6i tili<\/a><\/li><li class='ez-toc-page-1 ez-toc-heading-level-3'><a class=\"ez-toc-link ez-toc-heading-4\" href=\"https:\/\/coinkickoff.com\/fi\/how-to-buy-polkadot\/how-to-buy-polkadot-on-kucoin\/#2_Verify_Your_Account\" >2. Vahvista tilisi<\/a><\/li><li class='ez-toc-page-1 ez-toc-heading-level-3'><a class=\"ez-toc-link ez-toc-heading-5\" href=\"https:\/\/coinkickoff.com\/fi\/how-to-buy-polkadot\/how-to-buy-polkadot-on-kucoin\/#3_Deposit_Crypto\" >3. Talleta krypto<\/a><\/li><li class='ez-toc-page-1 ez-toc-heading-level-3'><a class=\"ez-toc-link ez-toc-heading-6\" href=\"https:\/\/coinkickoff.com\/fi\/how-to-buy-polkadot\/how-to-buy-polkadot-on-kucoin\/#4_Navigate_to_the_Relevant_Screen_to_Buy\" >4. Siirry asiaankuuluvalle n\u00e4yt\u00f6lle ostamista varten<\/a><ul class='ez-toc-list-level-4' ><li class='ez-toc-heading-level-4'><a class=\"ez-toc-link ez-toc-heading-7\" href=\"https:\/\/coinkickoff.com\/fi\/how-to-buy-polkadot\/how-to-buy-polkadot-on-kucoin\/#Fast_Trade\" >Nopea kauppa<\/a><\/li><li class='ez-toc-page-1 ez-toc-heading-level-4'><a class=\"ez-toc-link ez-toc-heading-8\" href=\"https:\/\/coinkickoff.com\/fi\/how-to-buy-polkadot\/how-to-buy-polkadot-on-kucoin\/#Third-Party\" >Kolmannen osapuolen<\/a><\/li><li class='ez-toc-page-1 ez-toc-heading-level-4'><a class=\"ez-toc-link ez-toc-heading-9\" href=\"https:\/\/coinkickoff.com\/fi\/how-to-buy-polkadot\/how-to-buy-polkadot-on-kucoin\/#How_to_Buy_Polkadot_with_Crypto\" >Miten ostaa Polkadot kryptolla?<\/a><\/li><\/ul><\/li><\/ul><\/li><\/ul><\/nav><\/div>\n<h2><span class=\"ez-toc-section\" id=\"How_to_Buy_Polkadot_on_Kucoin\"><\/span><span style=\"font-weight: 400;\">Miten ostaa Polkadot Kucoin:ll\u00e4?<\/span><span class=\"ez-toc-section-end\"><\/span><\/h2>\n<p><span style=\"font-weight: 400;\">Miten ostaa <a href=\"https:\/\/coinkickoff.com\/fi\/polkadot-piste\/\" data-internallinksmanager029f6b8e52c=\"12\" title=\"Mik\u00e4 on Polkadot (DOT)? Miten se toimii ja mist\u00e4 sit\u00e4 voi ostaa?\">Polkadot<\/a> osoitteessa <a href=\"https:\/\/coinkickoff.com\/fi\/kucoin-review\/\" data-internallinksmanager029f6b8e52c=\"153\" title=\"KuCoin Arvostelut 2023: Maksut, turvallisuus, Pro &amp; Cons\">Kucoin<\/a>, kysytte? On niin monia tapoja! T\u00e4ss\u00e4 on opas siit\u00e4, miten ostaa DOT Kucoin:ll\u00e4 fiat-rahalla ja\/tai digitaalisilla valuutoilla.<\/span><\/p>\n<h2><span class=\"ez-toc-section\" id=\"A_Step-By-Step_Guide_on_How_to_Buy_Polkadot_on_Kucoin\"><\/span><span style=\"font-weight: 400;\">Vaiheittainen opas Polkadot:n ostamisesta Kucoin:ll\u00e4.<\/span><span class=\"ez-toc-section-end\"><\/span><\/h2>\n<h3><span class=\"ez-toc-section\" id=\"1_Register_an_Account\"><\/span><span style=\"font-weight: 400;\">1. Rekister\u00f6i tili<\/span><span class=\"ez-toc-section-end\"><\/span><\/h3>\n<p><img loading=\"lazy\" decoding=\"async\" class=\"alignnone wp-image-3269 size-full\" src=\"https:\/\/coinkickoff.com\/wp-content\/uploads\/kucoin-register.png\" alt=\"ostaa doge kucoin rekisteriin\" width=\"1421\" height=\"788\" srcset=\"https:\/\/coinkickoff.com\/wp-content\/uploads\/kucoin-register.png 1421w, https:\/\/coinkickoff.com\/wp-content\/uploads\/kucoin-register-300x166.png 300w, https:\/\/coinkickoff.com\/wp-content\/uploads\/kucoin-register-1024x568.png 1024w, https:\/\/coinkickoff.com\/wp-content\/uploads\/kucoin-register-768x426.png 768w, https:\/\/coinkickoff.com\/wp-content\/uploads\/kucoin-register-18x10.png 18w\" sizes=\"auto, (max-width: 1421px) 100vw, 1421px\" \/><\/p>\n<p><span style=\"font-weight: 400;\">Aloita avaamalla ilmainen <\/span><a href=\"https:\/\/www.kucoin.com\/r\/af\/rMJPV3B\" target=\"_blank\" rel=\"noopener\"><span style=\"font-weight: 400;\">Kucoin<\/span><\/a><span style=\"font-weight: 400;\"> tili.\u00a0<\/span><\/p>\n<h3><span class=\"ez-toc-section\" id=\"2_Verify_Your_Account\"><\/span><span style=\"font-weight: 400;\">2. Vahvista tilisi<\/span><span class=\"ez-toc-section-end\"><\/span><\/h3>\n<p><span style=\"font-weight: 400;\">Voit ohittaa t\u00e4m\u00e4n vaiheen, jos aiot ostaa Polkadot:n muilla kryptovaluutoilla.\u00a0<\/span><\/p>\n<p><span style=\"font-weight: 400;\">Jos haluat k\u00e4ytt\u00e4\u00e4 fiat-rahaa (kansalliset valuutat, kuten USD, AUD, EUR, GBP ja niin edelleen), sinun on vahvistettava tilisi.\u00a0\u00a0<\/span><\/p>\n<p><span style=\"font-weight: 400;\">Siirry k\u00e4ytt\u00e4j\u00e4profiiliisi klikkaamalla k\u00e4ytt\u00e4j\u00e4nime\u00e4si. Napsauta sitten v\u00e4lilehte\u00e4 \"Henkil\u00f6llisyyden todentaminen\".<\/span><\/p>\n<p><img loading=\"lazy\" decoding=\"async\" class=\"alignnone wp-image-3272 size-full\" src=\"https:\/\/coinkickoff.com\/wp-content\/uploads\/kucoin-identity-verification.png\" alt=\"kucoin id-tarkastus 1\" width=\"1420\" height=\"785\" srcset=\"https:\/\/coinkickoff.com\/wp-content\/uploads\/kucoin-identity-verification.png 1420w, https:\/\/coinkickoff.com\/wp-content\/uploads\/kucoin-identity-verification-300x166.png 300w, https:\/\/coinkickoff.com\/wp-content\/uploads\/kucoin-identity-verification-1024x566.png 1024w, https:\/\/coinkickoff.com\/wp-content\/uploads\/kucoin-identity-verification-768x425.png 768w, https:\/\/coinkickoff.com\/wp-content\/uploads\/kucoin-identity-verification-18x10.png 18w\" sizes=\"auto, (max-width: 1420px) 100vw, 1420px\" \/><\/p>\n<p><span style=\"font-weight: 400;\">Sinulla on jo p\u00e4\u00e4sy kaikkiin perusominaisuuksiin, mukaan lukien kryptokauppaan. Lis\u00e4ominaisuuksien k\u00e4ytt\u00e4minen antaa sinulle mahdollisuuden k\u00e4yd\u00e4 kauppaa ja nostaa suurempia m\u00e4\u00e4ri\u00e4 kryptoa sen lis\u00e4ksi, ett\u00e4 voit ostaa kryptoa fiatilla. <\/span><\/p>\n<p><img loading=\"lazy\" decoding=\"async\" class=\"alignnone wp-image-3270 size-full\" src=\"https:\/\/coinkickoff.com\/wp-content\/uploads\/kucoin-id-verification-2.png\" alt=\"kucoin henkil\u00f6llisyyden todentaminen 2\" width=\"1407\" height=\"706\" srcset=\"https:\/\/coinkickoff.com\/wp-content\/uploads\/kucoin-id-verification-2.png 1407w, https:\/\/coinkickoff.com\/wp-content\/uploads\/kucoin-id-verification-2-300x151.png 300w, https:\/\/coinkickoff.com\/wp-content\/uploads\/kucoin-id-verification-2-1024x514.png 1024w, https:\/\/coinkickoff.com\/wp-content\/uploads\/kucoin-id-verification-2-768x385.png 768w, https:\/\/coinkickoff.com\/wp-content\/uploads\/kucoin-id-verification-2-18x9.png 18w\" sizes=\"auto, (max-width: 1407px) 100vw, 1407px\" \/><\/p>\n<p><span style=\"font-weight: 400;\">Valmistele virallinen henkil\u00f6llisyystodistus, kuten passi tai ajokortti. Tarkastusprosessi on melko lyhyt ja kest\u00e4\u00e4 vain muutaman minuutin. <\/span><\/p>\n<p><img loading=\"lazy\" decoding=\"async\" class=\"alignnone wp-image-3271 size-full\" src=\"https:\/\/coinkickoff.com\/wp-content\/uploads\/kucoin-id-verification-3.png\" alt=\"kucoin id-tarkastus 3 \" width=\"1412\" height=\"789\" srcset=\"https:\/\/coinkickoff.com\/wp-content\/uploads\/kucoin-id-verification-3.png 1412w, https:\/\/coinkickoff.com\/wp-content\/uploads\/kucoin-id-verification-3-300x168.png 300w, https:\/\/coinkickoff.com\/wp-content\/uploads\/kucoin-id-verification-3-1024x572.png 1024w, https:\/\/coinkickoff.com\/wp-content\/uploads\/kucoin-id-verification-3-768x429.png 768w, https:\/\/coinkickoff.com\/wp-content\/uploads\/kucoin-id-verification-3-18x10.png 18w\" sizes=\"auto, (max-width: 1412px) 100vw, 1412px\" \/><\/p>\n<p><span style=\"font-weight: 400;\">T\u00e4yt\u00e4 tietolomake ja varmista, ett\u00e4 henkil\u00f6tietosi vastaavat viralliseen henkil\u00f6todistukseesi merkittyj\u00e4 tietoja. Napsauta \"Seuraava\". Sinun on ladattava kuva henkil\u00f6llisyystodistuksestasi ja l\u00e4hetett\u00e4v\u00e4 se kasvotusten tarkistettavaksi t\u00e4m\u00e4n vaiheen p\u00e4\u00e4tteeksi.<\/span><\/p>\n<h3><span class=\"ez-toc-section\" id=\"3_Deposit_Crypto\"><\/span><span style=\"font-weight: 400;\">3. Talleta krypto<\/span><span class=\"ez-toc-section-end\"><\/span><\/h3>\n<p><span style=\"font-weight: 400;\">Kuten sanoimme aiemmin, voit ostaa Polkadot Kucoin muilla digitaalisilla valuutoilla. Jos omistat digitaalisia varoja ja olet kiinnostunut t\u00e4st\u00e4 vaihtoehdosta, jatka lukemista. Jos et, voit ohittaa t\u00e4m\u00e4n vaiheen.\u00a0<\/span><\/p>\n<p><span style=\"font-weight: 400;\">Paina kojelaudan \"Varat\"-v\u00e4lilehte\u00e4 n\u00e4hd\u00e4ksesi yleiskatsauksen saldoistasi. Klikkaa \"Talletus\" ja valitse digitaalinen omaisuuser\u00e4, jonka siirr\u00e4t Kucoin:lle.<\/span><\/p>\n<p><img loading=\"lazy\" decoding=\"async\" class=\"alignnone wp-image-3273 size-full\" src=\"https:\/\/coinkickoff.com\/wp-content\/uploads\/kucoin-deposit.png\" alt=\"kucoin talletusrahastot 1\" width=\"1427\" height=\"758\" srcset=\"https:\/\/coinkickoff.com\/wp-content\/uploads\/kucoin-deposit.png 1427w, https:\/\/coinkickoff.com\/wp-content\/uploads\/kucoin-deposit-300x159.png 300w, https:\/\/coinkickoff.com\/wp-content\/uploads\/kucoin-deposit-1024x544.png 1024w, https:\/\/coinkickoff.com\/wp-content\/uploads\/kucoin-deposit-768x408.png 768w, https:\/\/coinkickoff.com\/wp-content\/uploads\/kucoin-deposit-18x10.png 18w\" sizes=\"auto, (max-width: 1427px) 100vw, 1427px\" \/><\/p>\n<p><span style=\"font-weight: 400;\">Saat valitsemasi coin:n peruutusosoitteen. Siirry ulkoiseen lompakkoosi ja k\u00e4yt\u00e4 t\u00e4t\u00e4 osoitetta coins:n nostamiseen Kucoin:ksi!<\/span><\/p>\n<p><span style=\"font-weight: 400;\">On kuitenkin yksi s\u00e4\u00e4nt\u00f6, joka sinun on aina muistettava: tarvitset erillisen lompakko-osoitteen jokaiselle kryptovaluutalle. Oletetaan, ett\u00e4 olet luonut osoitteen <a href=\"https:\/\/coinkickoff.com\/fi\/tether-usdt\/\" data-internallinksmanager029f6b8e52c=\"3\" title=\"Mik\u00e4 on Tether (USDT)? Miten se toimii ja mist\u00e4 sit\u00e4 voi ostaa?\">USDT<\/a>. T\u00e4t\u00e4 osoitetta saa k\u00e4ytt\u00e4\u00e4 vain USDT-siirtoihin. Jos yrit\u00e4t l\u00e4hett\u00e4\u00e4 jotain muuta kryptovaluuttaa, se voi kadota, ja voit menett\u00e4\u00e4 rahasi.\u00a0<\/span><\/p>\n<h3><span class=\"ez-toc-section\" id=\"4_Navigate_to_the_Relevant_Screen_to_Buy\"><\/span><span style=\"font-weight: 400;\">4. Siirry asiaankuuluvalle n\u00e4yt\u00f6lle ostamista varten<\/span><span class=\"ez-toc-section-end\"><\/span><\/h3>\n<p><span style=\"font-weight: 400;\">Jos haluat ostaa Polkadot:n fiat-valuutalla, paina \"Osta kryptoa\" ja valitse joko \"Nopea kauppa\" tai \"Kolmannen osapuolen\". P2P-kaupat eiv\u00e4t ole saatavilla Polkadot:lle.<\/span><\/p>\n<p><img loading=\"lazy\" decoding=\"async\" class=\"alignnone wp-image-3274 size-full\" src=\"https:\/\/coinkickoff.com\/wp-content\/uploads\/kucoin-buy-crypto.png\" alt=\"kucoin ostaa n\u00e4yt\u00f6n\" width=\"1418\" height=\"692\" srcset=\"https:\/\/coinkickoff.com\/wp-content\/uploads\/kucoin-buy-crypto.png 1418w, https:\/\/coinkickoff.com\/wp-content\/uploads\/kucoin-buy-crypto-300x146.png 300w, https:\/\/coinkickoff.com\/wp-content\/uploads\/kucoin-buy-crypto-1024x500.png 1024w, https:\/\/coinkickoff.com\/wp-content\/uploads\/kucoin-buy-crypto-768x375.png 768w, https:\/\/coinkickoff.com\/wp-content\/uploads\/kucoin-buy-crypto-18x9.png 18w\" sizes=\"auto, (max-width: 1418px) 100vw, 1418px\" \/><\/p>\n<p><span style=\"font-weight: 400;\">Fast Trade -palvelun avulla voit liitt\u00e4\u00e4 luotto- tai pankkikortin Kucoin-tiliisi ja tehd\u00e4 ostoksia v\u00e4litt\u00f6m\u00e4sti.\u00a0<\/span><\/p>\n<p><span style=\"font-weight: 400;\">Kolmannen osapuolen kautta voit ostaa DOT:n kolmannen osapuolen kanavien, kuten Banxan, Simplexin ja muiden, kautta. <a href=\"https:\/\/coinkickoff.com\/fi\/bitcoin-btc\/\" data-internallinksmanager029f6b8e52c=\"1\" title=\"Mik\u00e4 on Bitcoin (BTC)? Hinta, historia ja ostopaikat\">BTC<\/a> Suoraan.<\/span><\/p>\n<h4><span class=\"ez-toc-section\" id=\"Fast_Trade\"><\/span><span style=\"font-weight: 400;\">Nopea kauppa<\/span><span class=\"ez-toc-section-end\"><\/span><\/h4>\n<p><span style=\"font-weight: 400;\">Jos valitset Fast Trade -vaihtoehdon, voit ostaa Polkadot:n t\u00e4ytt\u00e4m\u00e4ll\u00e4 yksinkertaisen tilauslomakkeen. <\/span><\/p>\n<h4><img loading=\"lazy\" decoding=\"async\" class=\"alignnone wp-image-3275 size-full\" style=\"font-family: Muli, sans-serif;\" src=\"https:\/\/coinkickoff.com\/wp-content\/uploads\/kucoin-buy-crypto-one-click.png\" alt=\"kucoin yhdell\u00e4 napsautuksella ostaa\" width=\"1421\" height=\"770\" srcset=\"https:\/\/coinkickoff.com\/wp-content\/uploads\/kucoin-buy-crypto-one-click.png 1421w, https:\/\/coinkickoff.com\/wp-content\/uploads\/kucoin-buy-crypto-one-click-300x163.png 300w, https:\/\/coinkickoff.com\/wp-content\/uploads\/kucoin-buy-crypto-one-click-1024x555.png 1024w, https:\/\/coinkickoff.com\/wp-content\/uploads\/kucoin-buy-crypto-one-click-768x416.png 768w, https:\/\/coinkickoff.com\/wp-content\/uploads\/kucoin-buy-crypto-one-click-18x10.png 18w\" sizes=\"auto, (max-width: 1421px) 100vw, 1421px\" \/><\/h4>\n<p><span style=\"font-weight: 400;\">Maksutapoja, kuten luotto- ja pankkikortteja, on runsaasti.<\/span><\/p>\n<p><img loading=\"lazy\" decoding=\"async\" class=\"alignnone wp-image-3276 size-full\" src=\"https:\/\/coinkickoff.com\/wp-content\/uploads\/kucoin-select-paymnet-method.png\" alt=\"miten ostaa Polygon Kucoin:st\u00e4\" width=\"1424\" height=\"794\" srcset=\"https:\/\/coinkickoff.com\/wp-content\/uploads\/kucoin-select-paymnet-method.png 1424w, https:\/\/coinkickoff.com\/wp-content\/uploads\/kucoin-select-paymnet-method-300x167.png 300w, https:\/\/coinkickoff.com\/wp-content\/uploads\/kucoin-select-paymnet-method-1024x571.png 1024w, https:\/\/coinkickoff.com\/wp-content\/uploads\/kucoin-select-paymnet-method-768x428.png 768w, https:\/\/coinkickoff.com\/wp-content\/uploads\/kucoin-select-paymnet-method-18x10.png 18w\" sizes=\"auto, (max-width: 1424px) 100vw, 1424px\" \/><\/p>\n<p><span style=\"font-weight: 400;\">Valitse maksutapa, jota haluat k\u00e4ytt\u00e4\u00e4. Jos napsautat \"Lis\u00e4\u00e4 kortti\", voit sy\u00f6tt\u00e4\u00e4 korttitietosi ja k\u00e4ytt\u00e4\u00e4 niit\u00e4 ostoksesi tekemiseen.<\/span><\/p>\n<p><span style=\"font-weight: 400;\">Klikkaa \"Osta DOT\" viimeistell\u00e4ksesi tapahtuman. Ennen kuin se on viimeistelty, n\u00e4et arvion siit\u00e4, kuinka paljon DOT:t\u00e4 saat, sek\u00e4 kaikki sovellettavat maksut.<\/span><\/p>\n<h4><span class=\"ez-toc-section\" id=\"Third-Party\"><\/span><span style=\"font-weight: 400;\">Kolmannen osapuolen<\/span><span class=\"ez-toc-section-end\"><\/span><\/h4>\n<p><span style=\"font-weight: 400;\">Jos et jostain syyst\u00e4 voi ostaa DOT:t\u00e4 Easy Buyin kautta, voit aina k\u00e4ytt\u00e4\u00e4 kolmannen osapuolen palvelua, kuten Banxaa tai Simplexi\u00e4.<\/span><\/p>\n<p><span style=\"font-weight: 400;\">N\u00e4m\u00e4 kolmannen osapuolen prosessorit myyv\u00e4t kryptoa tiettyyn hintaan ja lis\u00e4\u00e4v\u00e4t pienen k\u00e4sittelymaksun. Niiden hinnat ovat kuitenkin yleens\u00e4 kalliimpia kuin p\u00f6rssihinnat suurten marginaalien vuoksi.<\/span><\/p>\n<p><span style=\"font-weight: 400;\">T\u00e4yt\u00e4 kolmannen osapuolen tilauslomake. Valitse ensin DOT omaisuuser\u00e4ksi, jonka haluat vastaanottaa, ja anna summa, jonka haluat sijoittaa Polkadot:hen.<\/span><\/p>\n<p><img loading=\"lazy\" decoding=\"async\" class=\"alignnone wp-image-3278 size-full\" src=\"https:\/\/coinkickoff.com\/wp-content\/uploads\/kucoin-screenshot.png\" alt=\"Miten ostaa Cardano Kucoin miten ostaa polkadot Kucoin:ss\u00e4?\" width=\"1436\" height=\"673\" srcset=\"https:\/\/coinkickoff.com\/wp-content\/uploads\/kucoin-screenshot.png 1436w, https:\/\/coinkickoff.com\/wp-content\/uploads\/kucoin-screenshot-300x141.png 300w, https:\/\/coinkickoff.com\/wp-content\/uploads\/kucoin-screenshot-1024x480.png 1024w, https:\/\/coinkickoff.com\/wp-content\/uploads\/kucoin-screenshot-768x360.png 768w, https:\/\/coinkickoff.com\/wp-content\/uploads\/kucoin-screenshot-18x8.png 18w\" sizes=\"auto, (max-width: 1436px) 100vw, 1436px\" \/><\/p>\n<p><span style=\"font-weight: 400;\">Tutustu k\u00e4ytett\u00e4viss\u00e4 oleviin maksutapoihin. Jotkin maksuprosessorit saattavat tarjota parempia hintoja tai halvempia maksuja.<\/span><\/p>\n<p>&nbsp;<\/p>\n<p><span style=\"font-weight: 400;\">Kun painat \"Vahvista\", sinut ohjataan maksusivulle. Hyv\u00e4ksy maksutapahtuma, ja olet valmis.<\/span><\/p>\n<h4><span class=\"ez-toc-section\" id=\"How_to_Buy_Polkadot_with_Crypto\"><\/span><span style=\"font-weight: 400;\">Miten ostaa Polkadot kryptolla?<\/span><span class=\"ez-toc-section-end\"><\/span><\/h4>\n<p><span style=\"font-weight: 400;\">Jos siirr\u00e4t digitaalisia varoja Kucoin:hen, voit vaihtaa ne Polkadot:hen spot-markkinoilla. Kucoin, kuten monet muutkin p\u00f6rssit, tarjoaa vakaitacoin-pareja useimmille altcoins:lle, mukaan lukien Polkadot. Jos sinulla on siis USDT tai <a href=\"https:\/\/coinkickoff.com\/fi\/usd-coin-usdc\/\" data-internallinksmanager029f6b8e52c=\"8\" title=\"Mik\u00e4 on USD Coin (USDC)? Miten se toimii ja mist\u00e4 sit\u00e4 voi ostaa?\">USDC<\/a>, voit vaihtaa ne DOT:hen melko helposti.<\/span><\/p>\n<p><span style=\"font-weight: 400;\">Jos sinulla on muuta digitaalista omaisuutta, voit vaihtaa sen ensin USDT:hen tai USDC:hen.\u00a0<\/span><\/p>\n<p><span style=\"font-weight: 400;\">Napsauta \"Trade\" ja siirry kohtaan \"Spot Trading\". Kirjoita k\u00e4ytt\u00f6liittym\u00e4ss\u00e4 \"DOT\" markkinapaneeliin valitaksesi pariliitoksen.<\/span><\/p>\n<p><span style=\"font-weight: 400;\">Seuraavaksi voit tehd\u00e4 tilauksen DOT:n ostamisesta. Sy\u00f6t\u00e4 vain haluamasi summa ja paina \"Osta\" saadaksesi ostoksen tehty\u00e4.<\/span><\/p>\n<p><span style=\"font-weight: 400;\">Jos annat \"Market\"-toimeksiannon, ostosi toteutetaan hyvin pian markkinahintaan. Jos asetat limit-toimeksiannon, voit asettaa hinnan, jonka olet valmis maksamaan DOT:st\u00e4, ja toimeksiantosi toteutetaan, kun omaisuuserien hinnat laskevat.<\/span><\/p>\n<p><span style=\"font-weight: 400;\">Ja se on <\/span><i><span style=\"font-weight: 400;\">Miten ostaa Polkadot Kucoin:ll\u00e4?<\/span><\/i><span style=\"font-weight: 400;\"> opas! Jos siit\u00e4 oli apua, tutustu my\u00f6s meid\u00e4n <\/span><a href=\"https:\/\/coinkickoff.com\/fi\/crypto-exchanges\/\"><span style=\"font-weight: 400;\">vaihto-arvostelut<\/span><\/a><span style=\"font-weight: 400;\"> ja muut <a href=\"https:\/\/coinkickoff.com\/fi\/how-to-buy-ethereum\/\">oppaat<\/a>.<\/span><\/p>","protected":false},"excerpt":{"rendered":"<p>Miten ostaa Polkadot Kucoin:ll\u00e4 Miten ostaa Polkadot Kucoin:ll\u00e4, kysyt? On niin monia tapoja! T\u00e4ss\u00e4 on opas siit\u00e4, miten voit ostaa DOT Kucoin:st\u00e4 fiat-rahalla ja\/tai digitaalisilla valuutoilla. Vaiheittainen opas Polkadot:n ostamisesta Kucoin:ss\u00e4 1. Rekister\u00f6i tili Aloita avaamalla ilmainen [...]<\/p>","protected":false},"author":3,"featured_media":0,"parent":4215,"menu_order":0,"comment_status":"closed","ping_status":"closed","template":"","meta":{"_genesis_hide_title":false,"_genesis_hide_breadcrumbs":false,"_genesis_hide_singular_image":false,"_genesis_hide_footer_widgets":false,"_genesis_custom_body_class":"","_genesis_custom_post_class":"","_genesis_layout":"","_glsr_average":0,"_glsr_ranking":0,"_glsr_reviews":0,"footnotes":""},"class_list":{"0":"post-4239","1":"page","2":"type-page","3":"status-publish","5":"entry"},"featured_image_src":null,"featured_image_src_square":null,"_links":{"self":[{"href":"https:\/\/coinkickoff.com\/fi\/wp-json\/wp\/v2\/pages\/4239","targetHints":{"allow":["GET"]}}],"collection":[{"href":"https:\/\/coinkickoff.com\/fi\/wp-json\/wp\/v2\/pages"}],"about":[{"href":"https:\/\/coinkickoff.com\/fi\/wp-json\/wp\/v2\/types\/page"}],"author":[{"embeddable":true,"href":"https:\/\/coinkickoff.com\/fi\/wp-json\/wp\/v2\/users\/3"}],"replies":[{"embeddable":true,"href":"https:\/\/coinkickoff.com\/fi\/wp-json\/wp\/v2\/comments?post=4239"}],"version-history":[{"count":2,"href":"https:\/\/coinkickoff.com\/fi\/wp-json\/wp\/v2\/pages\/4239\/revisions"}],"predecessor-version":[{"id":4241,"href":"https:\/\/coinkickoff.com\/fi\/wp-json\/wp\/v2\/pages\/4239\/revisions\/4241"}],"up":[{"embeddable":true,"href":"https:\/\/coinkickoff.com\/fi\/wp-json\/wp\/v2\/pages\/4215"}],"wp:attachment":[{"href":"https:\/\/coinkickoff.com\/fi\/wp-json\/wp\/v2\/media?parent=4239"}],"curies":[{"name":"wp","href":"https:\/\/api.w.org\/{rel}","templated":true}]}}