{"id":4172,"date":"2026-01-08T14:07:22","date_gmt":"2026-01-08T14:07:22","guid":{"rendered":"https:\/\/coinkickoff.com\/?page_id=4172"},"modified":"2026-01-08T14:07:22","modified_gmt":"2026-01-08T14:07:22","slug":"__trashed","status":"publish","type":"page","link":"https:\/\/coinkickoff.com\/fi\/how-to-buy-ethereum\/__trashed\/","title":{"rendered":"Miten ostaa Ethereum Bitfinexill\u00e4?"},"content":{"rendered":"<div id=\"ez-toc-container\" class=\"ez-toc-v2_0_80 counter-hierarchy ez-toc-counter ez-toc-transparent ez-toc-container-direction\">\n<div class=\"ez-toc-title-container\">\n<p class=\"ez-toc-title\" style=\"cursor:inherit\">Jaksot<\/p>\n<span class=\"ez-toc-title-toggle\"><a href=\"#\" class=\"ez-toc-pull-right ez-toc-btn ez-toc-btn-xs ez-toc-btn-default ez-toc-toggle\" aria-label=\"Sis\u00e4llysluettelon vaihtaminen\"><span class=\"ez-toc-js-icon-con\"><span class=\"\"><span class=\"eztoc-hide\" style=\"display:none;\">Toggle<\/span><span class=\"ez-toc-icon-toggle-span\"><svg style=\"fill: #999;color:#999\" xmlns=\"http:\/\/www.w3.org\/2000\/svg\" class=\"list-377408\" width=\"20px\" height=\"20px\" viewbox=\"0 0 24 24\" fill=\"none\"><path d=\"M6 6H4v2h2V6zm14 0H8v2h12V6zM4 11h2v2H4v-2zm16 0H8v2h12v-2zM4 16h2v2H4v-2zm16 0H8v2h12v-2z\" fill=\"currentColor\"><\/path><\/svg><svg style=\"fill: #999;color:#999\" class=\"arrow-unsorted-368013\" xmlns=\"http:\/\/www.w3.org\/2000\/svg\" width=\"10px\" height=\"10px\" viewbox=\"0 0 24 24\" version=\"1.2\" baseprofile=\"tiny\"><path d=\"M18.2 9.3l-6.2-6.3-6.2 6.3c-.2.2-.3.4-.3.7s.1.5.3.7c.2.2.4.3.7.3h11c.3 0 .5-.1.7-.3.2-.2.3-.5.3-.7s-.1-.5-.3-.7zM5.8 14.7l6.2 6.3 6.2-6.3c.2-.2.3-.5.3-.7s-.1-.5-.3-.7c-.2-.2-.4-.3-.7-.3h-11c-.3 0-.5.1-.7.3-.2.2-.3.5-.3.7s.1.5.3.7z\"\/><\/svg><\/span><\/span><\/span><\/a><\/span><\/div>\n<nav><ul class='ez-toc-list ez-toc-list-level-1 eztoc-toggle-hide-by-default' ><li class='ez-toc-page-1 ez-toc-heading-level-1'><a class=\"ez-toc-link ez-toc-heading-1\" href=\"https:\/\/coinkickoff.com\/fi\/how-to-buy-ethereum\/__trashed\/#How_to_Buy_Ethereum_on_Bitfinex\" >Miten ostaa Ethereum Bitfinexill\u00e4?<\/a><ul class='ez-toc-list-level-2' ><li class='ez-toc-heading-level-2'><a class=\"ez-toc-link ez-toc-heading-2\" href=\"https:\/\/coinkickoff.com\/fi\/how-to-buy-ethereum\/__trashed\/#A_Step-By-Step_Guide_on_How_to_Buy_Ethereum_on_Bitfinex\" >Vaiheittainen opas Ethereum:n ostamisesta Bitfinexilt\u00e4.<\/a><ul class='ez-toc-list-level-3' ><li class='ez-toc-heading-level-3'><a class=\"ez-toc-link ez-toc-heading-3\" href=\"https:\/\/coinkickoff.com\/fi\/how-to-buy-ethereum\/__trashed\/#1_Register_an_Account_on_Bitfinex\" >1. Rekister\u00f6i tili Bitfinexiss\u00e4<\/a><\/li><li class='ez-toc-page-1 ez-toc-heading-level-3'><a class=\"ez-toc-link ez-toc-heading-4\" href=\"https:\/\/coinkickoff.com\/fi\/how-to-buy-ethereum\/__trashed\/#2_Get_Verified_on_Bitfinex\" >2. Vahvistautuminen Bitfinexiss\u00e4<\/a><\/li><li class='ez-toc-page-1 ez-toc-heading-level-3'><a class=\"ez-toc-link ez-toc-heading-5\" href=\"https:\/\/coinkickoff.com\/fi\/how-to-buy-ethereum\/__trashed\/#3_Deposit_FundsCrypto\" >3. Talletusrahastot\/krypto<\/a><\/li><li class='ez-toc-page-1 ez-toc-heading-level-3'><a class=\"ez-toc-link ez-toc-heading-6\" href=\"https:\/\/coinkickoff.com\/fi\/how-to-buy-ethereum\/__trashed\/#4_Navigate_to_the_Relevant_Screen_to_Buy\" >4. Siirry asiaankuuluvalle n\u00e4yt\u00f6lle ostamista varten<\/a><\/li><\/ul><\/li><\/ul><\/li><\/ul><\/nav><\/div>\n<h1><span class=\"ez-toc-section\" id=\"How_to_Buy_Ethereum_on_Bitfinex\"><\/span><span style=\"font-weight: 400;\">Miten ostaa Ethereum Bitfinexill\u00e4?<\/span><span class=\"ez-toc-section-end\"><\/span><\/h1>\n<p><span style=\"font-weight: 400;\">Haluatko ostaa <a href=\"https:\/\/coinkickoff.com\/fi\/ethereum-eth\/\" data-internallinksmanager029f6b8e52c=\"2\" title=\"Mik\u00e4 on Ethereum (ETH)? Hinta, historia ja ostopaikat\">Ethereum<\/a> osoitteessa <a href=\"https:\/\/coinkickoff.com\/fi\/bitfinex-review\/\">Bitfinex<\/a>? Meill\u00e4 on juuri sinulle sopiva opas, jossa on vaiheittaiset ohjeet. N\u00e4in ostat Ethereum:n osoitteesta <a href=\"https:\/\/coinkickoff.com\/fi\/bitfinex-review\/\" data-internallinksmanager029f6b8e52c=\"151\" title=\"Bitfinex Arvostelut 2023: Maksut, ominaisuudet, turvallisuus, pro &amp; miinukset: Maksut, ominaisuudet, turvallisuus, Pro &amp; Cons\">Bitfinex<\/a>.<\/span><\/p>\n<h2><span class=\"ez-toc-section\" id=\"A_Step-By-Step_Guide_on_How_to_Buy_Ethereum_on_Bitfinex\"><\/span><span style=\"font-weight: 400;\">Vaiheittainen opas Ethereum:n ostamisesta Bitfinexilt\u00e4.<\/span><span class=\"ez-toc-section-end\"><\/span><\/h2>\n<h3><span class=\"ez-toc-section\" id=\"1_Register_an_Account_on_Bitfinex\"><\/span><span style=\"font-weight: 400;\">1. Rekister\u00f6i tili Bitfinexiss\u00e4<\/span><span class=\"ez-toc-section-end\"><\/span><\/h3>\n<p><span style=\"font-weight: 400;\">Aluksi tarvitset <\/span><a href=\"https:\/\/www.bitfinex.com\/sign-up?refcode=kjCYk-CZD\" target=\"_blank\" rel=\"noopener\"><span style=\"font-weight: 400;\">Bitfinex-tili.<\/span><\/a><\/p>\n<p><img loading=\"lazy\" decoding=\"async\" class=\"alignnone wp-image-3138 size-full\" src=\"https:\/\/coinkickoff.com\/wp-content\/uploads\/bitfinex-exchange.jpg\" alt=\"Bitfinex Exchange Kuinka ostaa Ethereum Bitfinexill\u00e4?\" width=\"1876\" height=\"916\" srcset=\"https:\/\/coinkickoff.com\/wp-content\/uploads\/bitfinex-exchange.jpg 1876w, https:\/\/coinkickoff.com\/wp-content\/uploads\/bitfinex-exchange-300x146.jpg 300w, https:\/\/coinkickoff.com\/wp-content\/uploads\/bitfinex-exchange-1024x500.jpg 1024w, https:\/\/coinkickoff.com\/wp-content\/uploads\/bitfinex-exchange-768x375.jpg 768w, https:\/\/coinkickoff.com\/wp-content\/uploads\/bitfinex-exchange-1536x750.jpg 1536w, https:\/\/coinkickoff.com\/wp-content\/uploads\/bitfinex-exchange-18x9.jpg 18w\" sizes=\"auto, (max-width: 1876px) 100vw, 1876px\" \/><\/p>\n<p><span style=\"font-weight: 400;\">Kun olet rekister\u00f6itynyt, ota kaksitekij\u00e4todennus k\u00e4ytt\u00f6\u00f6n tilisi suojaamiseksi.<\/span><\/p>\n<p><span style=\"font-weight: 400;\">Voit kytke\u00e4 2FA:n pois p\u00e4\u00e4lt\u00e4 ensimm\u00e4isen kirjautumisen j\u00e4lkeen, mutta on suositeltavaa pit\u00e4\u00e4 se k\u00e4yt\u00f6ss\u00e4, jotta tilisi on suojattu hakkereilta.<\/span><\/p>\n<p><span style=\"font-weight: 400;\">Kaksitekij\u00e4todennuksen k\u00e4ytt\u00f6\u00f6notto on melko helppoa: Valitse yksi tarjotuista menetelmist\u00e4 ja paina \u201cSetup\u201d.\u201d<\/span><\/p>\n<p><span style=\"font-weight: 400;\">Tarvitset tietenkin Google Authenticator -sovelluksen, jotta saat sen toimimaan. Seuraa n\u00e4yt\u00f6n ohjeita jatkaaksesi. Kun olet valmis, Bitfinex l\u00e4hett\u00e4\u00e4 sinulle s\u00e4hk\u00f6postiviestin, jossa vahvistetaan, ett\u00e4 olet ottanut 2FA:n k\u00e4ytt\u00f6\u00f6n.<\/span><\/p>\n<h3><span class=\"ez-toc-section\" id=\"2_Get_Verified_on_Bitfinex\"><\/span><span style=\"font-weight: 400;\">2. Vahvistautuminen Bitfinexiss\u00e4<\/span><span class=\"ez-toc-section-end\"><\/span><\/h3>\n<p><span style=\"font-weight: 400;\">Seuraavaksi sinun on vahvistettava henkil\u00f6llisyytesi alustalla. Kuten useimmissa p\u00f6rsseiss\u00e4, Bitfinexill\u00e4 on vakiomuotoinen henkil\u00f6llisyyden todentamisprosessi. Aloita siirtym\u00e4ll\u00e4 profiiliisi kojelaudan profiililogon kautta ja valitsemalla \u201cVerification\u201d.\u201d<\/span><\/p>\n<p><span style=\"font-weight: 400;\">Sinun on suoritettava v\u00e4hint\u00e4\u00e4n keskitason todentaminen ostaaksesi digitaalisia varoja, kuten Ethereum, vaihdossa fiat-rahalla. Tietenkin, jos haluat vain k\u00e4yd\u00e4 kauppaa kryptovaluuttapareilla, esimerkiksi kaupank\u00e4ynnin <a href=\"https:\/\/coinkickoff.com\/fi\/bitcoin-btc\/\" data-internallinksmanager029f6b8e52c=\"1\" title=\"Mik\u00e4 on Bitcoin (BTC)? Hinta, historia ja ostopaikat\">Bitcoin<\/a> Ethereum:n osalta voit ohittaa t\u00e4m\u00e4n vaiheen.<\/span><\/p>\n<p><span style=\"font-weight: 400;\">V\u00e4litarkistuksen avulla voit ostaa ETH:n luottokortilla Bitfinex Pay Merchantsin kautta tai tehd\u00e4 k\u00e4teistalletuksia SEPAn kautta. Voit tehd\u00e4 tilisiirtotalletuksia, kun olet suorittanut t\u00e4yden vahvistuksen.<\/span><\/p>\n<p><span style=\"font-weight: 400;\">Jatka painamalla \u201cStart Verification\u201d.<\/span><\/p>\n<p><span style=\"font-weight: 400;\">Kirjoita asuinmaasi nimi, niin n\u00e4et suositellut henkil\u00f6tunnustyypit. Valitse haluamasi henkil\u00f6llisyystodistus ja paina \u201cJatka\u201d.\u201d<\/span><\/p>\n<p><span style=\"font-weight: 400;\">Tarvitset mobiililaitteen jatkaaksesi: K\u00e4yt\u00e4 puhelimesi kameraa koodin skannaamiseen ja avaa lataussivu. Sitten voit l\u00e4hett\u00e4\u00e4 tarvittavat kuvat.<\/span><\/p>\n<h3><span class=\"ez-toc-section\" id=\"3_Deposit_FundsCrypto\"><\/span><span style=\"font-weight: 400;\">3. Talletusrahastot\/krypto<\/span><span class=\"ez-toc-section-end\"><\/span><\/h3>\n<p><span style=\"font-weight: 400;\">Nyt on aika tehd\u00e4 talletus: Jos sinulla on digitaalisia varoja, joita haluat vaihtaa Ethereum:hen Bitfinexiss\u00e4, sinun on ensin siirrett\u00e4v\u00e4 n\u00e4m\u00e4 varat Bitfinex-tilillesi. Valitse \u201cTalletus\u201d n\u00e4hd\u00e4ksesi luettelon varoista, jotka voit l\u00e4hett\u00e4\u00e4 alustalle.<\/span><\/p>\n<p><span style=\"font-weight: 400;\">Kun olet valinnut omaisuuser\u00e4n, Bitfinex luo lompakko-osoitteen, johon voit l\u00e4hett\u00e4\u00e4 kryptovaluuttasi. Kun olet tehnyt talletuksen, omaisuuser\u00e4si n\u00e4kyv\u00e4t \u201cSaldot\u201d-v\u00e4lilehdell\u00e4si.<\/span><\/p>\n<h3><span class=\"ez-toc-section\" id=\"4_Navigate_to_the_Relevant_Screen_to_Buy\"><\/span><span style=\"font-weight: 400;\">4. Siirry asiaankuuluvalle n\u00e4yt\u00f6lle ostamista varten<\/span><span class=\"ez-toc-section-end\"><\/span><\/h3>\n<p><span style=\"font-weight: 400;\">Saatat luulla, ett\u00e4 olet valmis ostamaan digitaalisia varoja nyt, kun talletus on valmis, mutta ennen sit\u00e4 on viel\u00e4 yksi vaihe: Bitfinex l\u00e4hett\u00e4\u00e4 talletuksesi automaattisesti \u201cFunding Walletiin\u201d, mutta me haluamme ne \u201cExchange Walletiin\u201d.\u201d<\/span><\/p>\n<p><span style=\"font-weight: 400;\">Onneksi se on yksinkertainen toimenpide: Valitse \u201cSaldot\u201d-v\u00e4lilehdelt\u00e4si varat, jotka haluat vaihtaa, ja napsauta \u201cSiirr\u00e4\u201d. Kun ne ovat vaihtolompakossa, voit vaihtaa ne Etheriin.<\/span><\/p>\n<p><span style=\"font-weight: 400;\">Aloita valitsemalla \u201cKaupank\u00e4ynti\u201d-v\u00e4lilehti. Nyt, jos talletit digitaalisia varoja, haluat etsi\u00e4 Ethereum-markkinoita kyseiselle omaisuudelle. Jos sinulla on esimerkiksi <a href=\"https:\/\/coinkickoff.com\/fi\/tether-usdt\/\" data-internallinksmanager029f6b8e52c=\"3\" title=\"Mik\u00e4 on Tether (USDT)? Miten se toimii ja mist\u00e4 sit\u00e4 voi ostaa?\">USDT<\/a>, etsi ETH\/USDT.\u00a0<\/span><\/p>\n<p><span style=\"font-weight: 400;\">Fiat-valuutan osalta etsi ETH\/USD- tai ETH\/EUR-parit. Kun l\u00f6yd\u00e4t haluamasi parituksen, klikkaa sit\u00e4 n\u00e4hd\u00e4ksesi kaupank\u00e4ynnin k\u00e4ytt\u00f6liittym\u00e4n.\u00a0<\/span><\/p>\n<p><span style=\"font-weight: 400;\">Sy\u00f6t\u00e4 vain, kuinka paljon Ethereum:t\u00e4 haluat ostaa omaisuuttasi varten. Voit s\u00e4\u00e4t\u00e4\u00e4 maksettavaa hintaa manuaalisesti. Kun lomake on t\u00e4ytetty, paina \u201cVaihda osta\u201d.\u201d<\/span><\/p>\n<p><span style=\"font-weight: 400;\">Ja n\u00e4in voit ostaa Ethereum:n Bitfinexilt\u00e4. Jos p\u00e4\u00e4t\u00e4t ostaa Ethereum eri p\u00f6rssiss\u00e4, voit my\u00f6s tarkastella eri <a href=\"https:\/\/coinkickoff.com\/fi\/crypto-exchanges\/\">exchnage arvostelut<\/a> ja <a href=\"https:\/\/coinkickoff.com\/fi\/how-to-buy-ethereum\/\">oppaat<\/a>.<\/span><\/p>","protected":false},"excerpt":{"rendered":"<p>Miten ostaa Ethereum Bitfinexill\u00e4 Haluatko ostaa Ethereum Bitfinexill\u00e4? Meill\u00e4 on sinulle juuri oikea opas, jossa on vaiheittaiset ohjeet. N\u00e4in ostat Ethereum:n Bitfinexilt\u00e4. Vaiheittainen opas Ethereum:n ostamiseen Bitfinexill\u00e4 1. Rekister\u00f6i tili Bitfinexiss\u00e4 Aluksi tarvitset [...]<\/p>","protected":false},"author":3,"featured_media":0,"parent":3937,"menu_order":0,"comment_status":"closed","ping_status":"closed","template":"","meta":{"_genesis_hide_title":false,"_genesis_hide_breadcrumbs":false,"_genesis_hide_singular_image":false,"_genesis_hide_footer_widgets":false,"_genesis_custom_body_class":"","_genesis_custom_post_class":"","_genesis_layout":"","_glsr_average":0,"_glsr_ranking":0,"_glsr_reviews":0,"footnotes":""},"class_list":{"0":"post-4172","1":"page","2":"type-page","3":"status-publish","5":"entry"},"featured_image_src":null,"featured_image_src_square":null,"_links":{"self":[{"href":"https:\/\/coinkickoff.com\/fi\/wp-json\/wp\/v2\/pages\/4172","targetHints":{"allow":["GET"]}}],"collection":[{"href":"https:\/\/coinkickoff.com\/fi\/wp-json\/wp\/v2\/pages"}],"about":[{"href":"https:\/\/coinkickoff.com\/fi\/wp-json\/wp\/v2\/types\/page"}],"author":[{"embeddable":true,"href":"https:\/\/coinkickoff.com\/fi\/wp-json\/wp\/v2\/users\/3"}],"replies":[{"embeddable":true,"href":"https:\/\/coinkickoff.com\/fi\/wp-json\/wp\/v2\/comments?post=4172"}],"version-history":[{"count":1,"href":"https:\/\/coinkickoff.com\/fi\/wp-json\/wp\/v2\/pages\/4172\/revisions"}],"predecessor-version":[{"id":4173,"href":"https:\/\/coinkickoff.com\/fi\/wp-json\/wp\/v2\/pages\/4172\/revisions\/4173"}],"up":[{"embeddable":true,"href":"https:\/\/coinkickoff.com\/fi\/wp-json\/wp\/v2\/pages\/3937"}],"wp:attachment":[{"href":"https:\/\/coinkickoff.com\/fi\/wp-json\/wp\/v2\/media?parent=4172"}],"curies":[{"name":"wp","href":"https:\/\/api.w.org\/{rel}","templated":true}]}}