{"id":4045,"date":"2026-01-08T14:07:39","date_gmt":"2026-01-08T14:07:39","guid":{"rendered":"https:\/\/coinkickoff.com\/?page_id=4045"},"modified":"2026-01-08T14:07:39","modified_gmt":"2026-01-08T14:07:39","slug":"how-to-buy-cardano-on-kucoin","status":"publish","type":"page","link":"https:\/\/coinkickoff.com\/fi\/how-to-buy-cardano\/how-to-buy-cardano-on-kucoin\/","title":{"rendered":"Miten ostaa Cardano Kucoin:ll\u00e4?"},"content":{"rendered":"<div id=\"ez-toc-container\" class=\"ez-toc-v2_0_80 counter-hierarchy ez-toc-counter ez-toc-transparent ez-toc-container-direction\">\n<div class=\"ez-toc-title-container\">\n<p class=\"ez-toc-title\" style=\"cursor:inherit\">Jaksot<\/p>\n<span class=\"ez-toc-title-toggle\"><a href=\"#\" class=\"ez-toc-pull-right ez-toc-btn ez-toc-btn-xs ez-toc-btn-default ez-toc-toggle\" aria-label=\"Sis\u00e4llysluettelon vaihtaminen\"><span class=\"ez-toc-js-icon-con\"><span class=\"\"><span class=\"eztoc-hide\" style=\"display:none;\">Toggle<\/span><span class=\"ez-toc-icon-toggle-span\"><svg style=\"fill: #999;color:#999\" xmlns=\"http:\/\/www.w3.org\/2000\/svg\" class=\"list-377408\" width=\"20px\" height=\"20px\" viewbox=\"0 0 24 24\" fill=\"none\"><path d=\"M6 6H4v2h2V6zm14 0H8v2h12V6zM4 11h2v2H4v-2zm16 0H8v2h12v-2zM4 16h2v2H4v-2zm16 0H8v2h12v-2z\" fill=\"currentColor\"><\/path><\/svg><svg style=\"fill: #999;color:#999\" class=\"arrow-unsorted-368013\" xmlns=\"http:\/\/www.w3.org\/2000\/svg\" width=\"10px\" height=\"10px\" viewbox=\"0 0 24 24\" version=\"1.2\" baseprofile=\"tiny\"><path d=\"M18.2 9.3l-6.2-6.3-6.2 6.3c-.2.2-.3.4-.3.7s.1.5.3.7c.2.2.4.3.7.3h11c.3 0 .5-.1.7-.3.2-.2.3-.5.3-.7s-.1-.5-.3-.7zM5.8 14.7l6.2 6.3 6.2-6.3c.2-.2.3-.5.3-.7s-.1-.5-.3-.7c-.2-.2-.4-.3-.7-.3h-11c-.3 0-.5.1-.7.3-.2.2-.3.5-.3.7s.1.5.3.7z\"\/><\/svg><\/span><\/span><\/span><\/a><\/span><\/div>\n<nav><ul class='ez-toc-list ez-toc-list-level-1 eztoc-toggle-hide-by-default' ><li class='ez-toc-page-1 ez-toc-heading-level-1'><a class=\"ez-toc-link ez-toc-heading-1\" href=\"https:\/\/coinkickoff.com\/fi\/how-to-buy-cardano\/how-to-buy-cardano-on-kucoin\/#How_to_Buy_Cardano_on_Kucoin\" >Miten ostaa Cardano Kucoin:ll\u00e4?<\/a><ul class='ez-toc-list-level-2' ><li class='ez-toc-heading-level-2'><a class=\"ez-toc-link ez-toc-heading-2\" href=\"https:\/\/coinkickoff.com\/fi\/how-to-buy-cardano\/how-to-buy-cardano-on-kucoin\/#A_Step-By-Step_Guide_on_How_to_Buy_Cardano_on_Kucoin\" >Vaiheittainen opas siit\u00e4, miten ostaa Cardano Kucoin:ll\u00e4.<\/a><ul class='ez-toc-list-level-3' ><li class='ez-toc-heading-level-3'><a class=\"ez-toc-link ez-toc-heading-3\" href=\"https:\/\/coinkickoff.com\/fi\/how-to-buy-cardano\/how-to-buy-cardano-on-kucoin\/#1_Register_an_Account\" >1. Rekister\u00f6i tili<\/a><\/li><li class='ez-toc-page-1 ez-toc-heading-level-3'><a class=\"ez-toc-link ez-toc-heading-4\" href=\"https:\/\/coinkickoff.com\/fi\/how-to-buy-cardano\/how-to-buy-cardano-on-kucoin\/#2_Verify_Your_Account\" >2. Vahvista tilisi<\/a><\/li><li class='ez-toc-page-1 ez-toc-heading-level-3'><a class=\"ez-toc-link ez-toc-heading-5\" href=\"https:\/\/coinkickoff.com\/fi\/how-to-buy-cardano\/how-to-buy-cardano-on-kucoin\/#3_Deposit_Crypto\" >3. Talleta krypto<\/a><\/li><li class='ez-toc-page-1 ez-toc-heading-level-3'><a class=\"ez-toc-link ez-toc-heading-6\" href=\"https:\/\/coinkickoff.com\/fi\/how-to-buy-cardano\/how-to-buy-cardano-on-kucoin\/#4_Navigate_to_the_Relevant_Screen_to_Buy\" >4. Siirry asiaankuuluvalle n\u00e4yt\u00f6lle ostamista varten<\/a><ul class='ez-toc-list-level-4' ><li class='ez-toc-heading-level-4'><a class=\"ez-toc-link ez-toc-heading-7\" href=\"https:\/\/coinkickoff.com\/fi\/how-to-buy-cardano\/how-to-buy-cardano-on-kucoin\/#Fast_Trade_allows_you_to_buy_ADA_with_credit_and_debit_cards_and_Third-party_buy_supports_payment_channels_such_as_Banxa_and_Simplex\" >Pikakaupan avulla voit ostaa ADA:n luotto- ja pankkikorteilla, ja kolmannen osapuolen osto tukee maksukanavia, kuten Banxaa ja Simplexi\u00e4.\u00a0<\/a><\/li><li class='ez-toc-page-1 ez-toc-heading-level-4'><a class=\"ez-toc-link ez-toc-heading-8\" href=\"https:\/\/coinkickoff.com\/fi\/how-to-buy-cardano\/how-to-buy-cardano-on-kucoin\/#P2P_is_a_peer_network_where_you_can_use_bank_transfers_to_buy_digital_currencies_however_its_not_possible_to_buy_ADA_with_this_option\" >P2P on vertaisverkko, jossa voit k\u00e4ytt\u00e4\u00e4 pankkisiirtoja digitaalisten valuuttojen ostamiseen, mutta ADA:t\u00e4 ei voi ostaa t\u00e4ll\u00e4 vaihtoehdolla.<\/a><\/li><li class='ez-toc-page-1 ez-toc-heading-level-4'><a class=\"ez-toc-link ez-toc-heading-9\" href=\"https:\/\/coinkickoff.com\/fi\/how-to-buy-cardano\/how-to-buy-cardano-on-kucoin\/#Fast_Trade\" >Nopea kauppa<\/a><\/li><li class='ez-toc-page-1 ez-toc-heading-level-4'><a class=\"ez-toc-link ez-toc-heading-10\" href=\"https:\/\/coinkickoff.com\/fi\/how-to-buy-cardano\/how-to-buy-cardano-on-kucoin\/#Third-Party\" >Kolmannen osapuolen<\/a><\/li><\/ul><\/li><\/ul><\/li><\/ul><\/li><\/ul><\/nav><\/div>\n<h1><span class=\"ez-toc-section\" id=\"How_to_Buy_Cardano_on_Kucoin\"><\/span><span style=\"font-weight: 400;\">Miten ostaa Cardano Kucoin:ll\u00e4?<\/span><span class=\"ez-toc-section-end\"><\/span><\/h1>\n<p><span style=\"font-weight: 400;\">Jos et ole k\u00e4ytt\u00e4nyt <a href=\"https:\/\/coinkickoff.com\/fi\/kucoin-review\/\" data-internallinksmanager029f6b8e52c=\"153\" title=\"KuCoin Arvostelut 2023: Maksut, turvallisuus, Pro &amp; Cons\">Kucoin<\/a> ostaa <a href=\"https:\/\/coinkickoff.com\/fi\/cardano-ada\/\" data-internallinksmanager029f6b8e52c=\"9\" title=\"Mik\u00e4 on Cardano (ADA)? Miten se toimii ja mist\u00e4 sit\u00e4 voi ostaa?\">Cardano<\/a> (ADA) ennen, saatat olla neuvoton, miten edet\u00e4. Mutta sinun ei tarvitse olla huolissasi: n\u00e4yt\u00e4mme sinulle, miten ostaa Cardano on <\/span><a href=\"https:\/\/coinkickoff.com\/fi\/kucoin-review\/\"><span style=\"font-weight: 400;\">Kucoin<\/span><\/a><span style=\"font-weight: 400;\"> jossa on vaiheittaiset ohjeet.<\/span><\/p>\n<h2><span class=\"ez-toc-section\" id=\"A_Step-By-Step_Guide_on_How_to_Buy_Cardano_on_Kucoin\"><\/span><span style=\"font-weight: 400;\">Vaiheittainen opas siit\u00e4, miten ostaa Cardano Kucoin:ll\u00e4.<\/span><span class=\"ez-toc-section-end\"><\/span><\/h2>\n<h3><span class=\"ez-toc-section\" id=\"1_Register_an_Account\"><\/span><span style=\"font-weight: 400;\">1. Rekister\u00f6i tili<\/span><span class=\"ez-toc-section-end\"><\/span><\/h3>\n<p><img loading=\"lazy\" decoding=\"async\" class=\"alignnone wp-image-3269 size-full\" src=\"https:\/\/coinkickoff.com\/wp-content\/uploads\/kucoin-register.png\" alt=\"ostaa doge kucoin rekisteriin\" width=\"1421\" height=\"788\" srcset=\"https:\/\/coinkickoff.com\/wp-content\/uploads\/kucoin-register.png 1421w, https:\/\/coinkickoff.com\/wp-content\/uploads\/kucoin-register-300x166.png 300w, https:\/\/coinkickoff.com\/wp-content\/uploads\/kucoin-register-1024x568.png 1024w, https:\/\/coinkickoff.com\/wp-content\/uploads\/kucoin-register-768x426.png 768w, https:\/\/coinkickoff.com\/wp-content\/uploads\/kucoin-register-18x10.png 18w\" sizes=\"auto, (max-width: 1421px) 100vw, 1421px\" \/><\/p>\n<p><span style=\"font-weight: 400;\">Tarvitset <\/span><a href=\"https:\/\/www.kucoin.com\/r\/af\/rMJPV3B\" target=\"_blank\" rel=\"noopener\"><span style=\"font-weight: 400;\">Kucoin<\/span><\/a><span style=\"font-weight: 400;\"> tili ostaa ADA alustalla, joten aloita rekister\u00f6itym\u00e4ll\u00e4 s\u00e4hk\u00f6postiosoitteesi ja salasanasi avulla.<\/span><\/p>\n<h3><span class=\"ez-toc-section\" id=\"2_Verify_Your_Account\"><\/span><span style=\"font-weight: 400;\">2. Vahvista tilisi<\/span><span class=\"ez-toc-section-end\"><\/span><\/h3>\n<p><span style=\"font-weight: 400;\">Kun olet rekister\u00f6itynyt, voit aloittaa vahvistusprosessin. Kuten useimmat muutkin globaalit vaihdot, Kucoin sallii kauppiaiden vaihtaa digitaalisia varoja alustalla ilman henkil\u00f6llisyyden todentamista, mutta jos et omista viel\u00e4 mit\u00e4\u00e4n digitaalisia varoja, sinun on suoritettava t\u00e4m\u00e4 vaihe ostaaksesi ADA alustalla.<\/span><\/p>\n<p><span style=\"font-weight: 400;\">Prosessi on yksinkertainen: valitse profiilisivultasi v\u00e4lilehti \"Henkil\u00f6llisyyden todentaminen\".\u00a0<\/span><\/p>\n<p><img loading=\"lazy\" decoding=\"async\" class=\"alignnone wp-image-3272 size-full\" src=\"https:\/\/coinkickoff.com\/wp-content\/uploads\/kucoin-identity-verification.png\" alt=\"kucoin id-tarkastus 1\" width=\"1420\" height=\"785\" srcset=\"https:\/\/coinkickoff.com\/wp-content\/uploads\/kucoin-identity-verification.png 1420w, https:\/\/coinkickoff.com\/wp-content\/uploads\/kucoin-identity-verification-300x166.png 300w, https:\/\/coinkickoff.com\/wp-content\/uploads\/kucoin-identity-verification-1024x566.png 1024w, https:\/\/coinkickoff.com\/wp-content\/uploads\/kucoin-identity-verification-768x425.png 768w, https:\/\/coinkickoff.com\/wp-content\/uploads\/kucoin-identity-verification-18x10.png 18w\" sizes=\"auto, (max-width: 1420px) 100vw, 1420px\" \/><\/p>\n<p><span style=\"font-weight: 400;\">Sinulla on p\u00e4\u00e4sy perusominaisuuksiin, mutta fiat-talletukset lasketaan edistyneeksi ominaisuudeksi, joten sinun on varmennettava henkil\u00f6llisyytesi, jotta se onnistuu.<\/span><\/p>\n<p><img loading=\"lazy\" decoding=\"async\" class=\"alignnone wp-image-3270 size-full\" src=\"https:\/\/coinkickoff.com\/wp-content\/uploads\/kucoin-id-verification-2.png\" alt=\"kucoin henkil\u00f6llisyyden todentaminen 2\" width=\"1407\" height=\"706\" srcset=\"https:\/\/coinkickoff.com\/wp-content\/uploads\/kucoin-id-verification-2.png 1407w, https:\/\/coinkickoff.com\/wp-content\/uploads\/kucoin-id-verification-2-300x151.png 300w, https:\/\/coinkickoff.com\/wp-content\/uploads\/kucoin-id-verification-2-1024x514.png 1024w, https:\/\/coinkickoff.com\/wp-content\/uploads\/kucoin-id-verification-2-768x385.png 768w, https:\/\/coinkickoff.com\/wp-content\/uploads\/kucoin-id-verification-2-18x9.png 18w\" sizes=\"auto, (max-width: 1407px) 100vw, 1407px\" \/><\/p>\n<p><span style=\"font-weight: 400;\">Kucoin:ss\u00e4 on kolmivaiheinen prosessi: henkil\u00f6tiedot, henkil\u00f6llisyyden todentaminen virallisen henkil\u00f6llisyystodistuksen avulla ja kasvojentunnistus, jolla varmistetaan, ett\u00e4 olet henkil\u00f6kortin omistaja.<\/span><\/p>\n<p><img loading=\"lazy\" decoding=\"async\" class=\"alignnone wp-image-3271 size-full\" src=\"https:\/\/coinkickoff.com\/wp-content\/uploads\/kucoin-id-verification-3.png\" alt=\"kucoin id-tarkastus 3 \" width=\"1412\" height=\"789\" srcset=\"https:\/\/coinkickoff.com\/wp-content\/uploads\/kucoin-id-verification-3.png 1412w, https:\/\/coinkickoff.com\/wp-content\/uploads\/kucoin-id-verification-3-300x168.png 300w, https:\/\/coinkickoff.com\/wp-content\/uploads\/kucoin-id-verification-3-1024x572.png 1024w, https:\/\/coinkickoff.com\/wp-content\/uploads\/kucoin-id-verification-3-768x429.png 768w, https:\/\/coinkickoff.com\/wp-content\/uploads\/kucoin-id-verification-3-18x10.png 18w\" sizes=\"auto, (max-width: 1412px) 100vw, 1412px\" \/><\/p>\n<p><span style=\"font-weight: 400;\">Suorita kaikki kolme vaihetta henkil\u00f6llisyytesi todentamiseksi, ja voit siirty\u00e4 tallettamaan varoja tilillesi.<\/span><\/p>\n<h3><span class=\"ez-toc-section\" id=\"3_Deposit_Crypto\"><\/span><span style=\"font-weight: 400;\">3. Talleta krypto<\/span><span class=\"ez-toc-section-end\"><\/span><\/h3>\n<p><span style=\"font-weight: 400;\">T\u00e4ll\u00e4 hetkell\u00e4 et voi l\u00e4hett\u00e4\u00e4 k\u00e4teist\u00e4 Kucoin:lle pankkisiirrolla, mutta voit silti tallettaa kryptoa alustalle. Jos t\u00e4m\u00e4 ei ole sinulle vaihtoehto, siirry seuraavaan osioon, jossa kerromme, miten voit ostaa Cardano:n Kucoin:lt\u00e4 fiat-rahalla.<\/span><\/p>\n<p><span style=\"font-weight: 400;\">Jos sinulla on digitaalisia varoja, jotka haluat vaihtaa ADA:hen, sinun on ensin siirrett\u00e4v\u00e4 ne Kucoin:hen. Voit tehd\u00e4 sen menem\u00e4ll\u00e4 \"Varat\"-sivullesi ja valitsemalla \"Talletus\".<\/span><\/p>\n<p><img loading=\"lazy\" decoding=\"async\" class=\"alignnone wp-image-3273 size-full\" src=\"https:\/\/coinkickoff.com\/wp-content\/uploads\/kucoin-deposit.png\" alt=\"kucoin talletusrahastot 1\" width=\"1427\" height=\"758\" srcset=\"https:\/\/coinkickoff.com\/wp-content\/uploads\/kucoin-deposit.png 1427w, https:\/\/coinkickoff.com\/wp-content\/uploads\/kucoin-deposit-300x159.png 300w, https:\/\/coinkickoff.com\/wp-content\/uploads\/kucoin-deposit-1024x544.png 1024w, https:\/\/coinkickoff.com\/wp-content\/uploads\/kucoin-deposit-768x408.png 768w, https:\/\/coinkickoff.com\/wp-content\/uploads\/kucoin-deposit-18x10.png 18w\" sizes=\"auto, (max-width: 1427px) 100vw, 1427px\" \/><\/p>\n<p><span style=\"font-weight: 400;\">Valitse digitaalinen omaisuuser\u00e4, jonka haluat siirt\u00e4\u00e4 Kucoin-lompakkoon. Sanotaan esimerkiksi, ett\u00e4 sinulla on joitakin <a href=\"https:\/\/coinkickoff.com\/fi\/bitcoin-btc\/\" data-internallinksmanager029f6b8e52c=\"1\" title=\"Mik\u00e4 on Bitcoin (BTC)? Hinta, historia ja ostopaikat\">BTC<\/a> haluat tallettaa alustalle. Valitse luettelosta BTC ja kopioi lompakon osoite, jonka Kucoin antaa.<\/span><\/p>\n<p><span style=\"font-weight: 400;\">T\u00e4m\u00e4 on ainutlaatuinen BTC-lompakko-osoitteesi Kucoin-alustalla. Osoitteen avulla voit siirt\u00e4\u00e4 BTC:n Kucoin:hen.\u00a0<\/span><\/p>\n<h3><span class=\"ez-toc-section\" id=\"4_Navigate_to_the_Relevant_Screen_to_Buy\"><\/span><span style=\"font-weight: 400;\">4. Siirry asiaankuuluvalle n\u00e4yt\u00f6lle ostamista varten<\/span><span class=\"ez-toc-section-end\"><\/span><\/h3>\n<p><span style=\"font-weight: 400;\">Napsauta kojelaudan \"Osta kryptoa\" -v\u00e4lilehte\u00e4.\u00a0<\/span><\/p>\n<p><img loading=\"lazy\" decoding=\"async\" class=\"alignnone wp-image-3274 size-full\" src=\"https:\/\/coinkickoff.com\/wp-content\/uploads\/kucoin-buy-crypto.png\" alt=\"kucoin ostaa n\u00e4yt\u00f6n\" width=\"1418\" height=\"692\" srcset=\"https:\/\/coinkickoff.com\/wp-content\/uploads\/kucoin-buy-crypto.png 1418w, https:\/\/coinkickoff.com\/wp-content\/uploads\/kucoin-buy-crypto-300x146.png 300w, https:\/\/coinkickoff.com\/wp-content\/uploads\/kucoin-buy-crypto-1024x500.png 1024w, https:\/\/coinkickoff.com\/wp-content\/uploads\/kucoin-buy-crypto-768x375.png 768w, https:\/\/coinkickoff.com\/wp-content\/uploads\/kucoin-buy-crypto-18x9.png 18w\" sizes=\"auto, (max-width: 1418px) 100vw, 1418px\" \/><\/p>\n<h4><span class=\"ez-toc-section\" id=\"Fast_Trade_allows_you_to_buy_ADA_with_credit_and_debit_cards_and_Third-party_buy_supports_payment_channels_such_as_Banxa_and_Simplex\"><\/span><span style=\"font-weight: 400;\">Pikakaupan avulla voit ostaa ADA:n luotto- ja pankkikorteilla, ja kolmannen osapuolen osto tukee maksukanavia, kuten Banxaa ja Simplexi\u00e4.\u00a0<\/span><span class=\"ez-toc-section-end\"><\/span><\/h4>\n<h4><span class=\"ez-toc-section\" id=\"P2P_is_a_peer_network_where_you_can_use_bank_transfers_to_buy_digital_currencies_however_its_not_possible_to_buy_ADA_with_this_option\"><\/span><span style=\"font-weight: 400;\">P2P on vertaisverkko, jossa voit k\u00e4ytt\u00e4\u00e4 pankkisiirtoja digitaalisten valuuttojen ostamiseen, mutta ADA:t\u00e4 ei voi ostaa t\u00e4ll\u00e4 vaihtoehdolla.<\/span><span class=\"ez-toc-section-end\"><\/span><\/h4>\n<h4><span class=\"ez-toc-section\" id=\"Fast_Trade\"><\/span><span style=\"font-weight: 400;\">Nopea kauppa<\/span><span class=\"ez-toc-section-end\"><\/span><\/h4>\n<p><span style=\"font-weight: 400;\">Fast Trade -palvelun avulla voit ostaa ADA:n Visa- ja Mastercard- pankki- ja luottokorteilla sek\u00e4 useilla muilla vaihtoehdoilla, kuten SEPA ja Paypal. T\u00e4yt\u00e4 vain ostotilauslomake, valitse ADA luettelosta ja valitse maksutapa.\u00a0<\/span><\/p>\n<p><img loading=\"lazy\" decoding=\"async\" class=\"alignnone wp-image-3275 size-full\" src=\"https:\/\/coinkickoff.com\/wp-content\/uploads\/kucoin-buy-crypto-one-click.png\" alt=\"kucoin yhdell\u00e4 napsautuksella ostaa\" width=\"1421\" height=\"770\" srcset=\"https:\/\/coinkickoff.com\/wp-content\/uploads\/kucoin-buy-crypto-one-click.png 1421w, https:\/\/coinkickoff.com\/wp-content\/uploads\/kucoin-buy-crypto-one-click-300x163.png 300w, https:\/\/coinkickoff.com\/wp-content\/uploads\/kucoin-buy-crypto-one-click-1024x555.png 1024w, https:\/\/coinkickoff.com\/wp-content\/uploads\/kucoin-buy-crypto-one-click-768x416.png 768w, https:\/\/coinkickoff.com\/wp-content\/uploads\/kucoin-buy-crypto-one-click-18x10.png 18w\" sizes=\"auto, (max-width: 1421px) 100vw, 1421px\" \/><\/p>\n<p><span style=\"font-weight: 400;\">Jos haluat maksaa luotto- tai pankkikortilla, sinun on annettava korttitietosi ennen kuin voit jatkaa.<\/span><\/p>\n<p><img loading=\"lazy\" decoding=\"async\" class=\"alignnone wp-image-3276 size-full\" src=\"https:\/\/coinkickoff.com\/wp-content\/uploads\/kucoin-select-paymnet-method.png\" alt=\"\" width=\"1424\" height=\"794\" srcset=\"https:\/\/coinkickoff.com\/wp-content\/uploads\/kucoin-select-paymnet-method.png 1424w, https:\/\/coinkickoff.com\/wp-content\/uploads\/kucoin-select-paymnet-method-300x167.png 300w, https:\/\/coinkickoff.com\/wp-content\/uploads\/kucoin-select-paymnet-method-1024x571.png 1024w, https:\/\/coinkickoff.com\/wp-content\/uploads\/kucoin-select-paymnet-method-768x428.png 768w, https:\/\/coinkickoff.com\/wp-content\/uploads\/kucoin-select-paymnet-method-18x10.png 18w\" sizes=\"auto, (max-width: 1424px) 100vw, 1424px\" \/><\/p>\n<p><span style=\"font-weight: 400;\">Muita vaihtoehtoja ovat esimerkiksi Zelle, <a href=\"https:\/\/coinkickoff.com\/fi\/uphold-review\/\" data-internallinksmanager029f6b8e52c=\"156\" title=\"Uphold Reviews 2023: Maksut, ominaisuudet, turvallisuus, edut ja haitat\">Yll\u00e4pid\u00e4<\/a>, Advcash ja Payeer. Kun olet asettanut maksutavan, paina \"Osta ADA\" -painiketta. N\u00e4et tilauksen esikatselun, jossa on yhteenveto siit\u00e4, kuinka paljon ADA:t\u00e4 saat ja kaikki sovellettavat maksut.\u00a0\u00a0<\/span><\/p>\n<p><span style=\"font-weight: 400;\">Vahvista tilauksesi, ja ADA token:t l\u00f6ytyv\u00e4t lompakostasi muutaman minuutin kuluttua.<\/span><\/p>\n<h4><span class=\"ez-toc-section\" id=\"Third-Party\"><\/span><span style=\"font-weight: 400;\">Kolmannen osapuolen<\/span><span class=\"ez-toc-section-end\"><\/span><\/h4>\n<p><img loading=\"lazy\" decoding=\"async\" class=\"alignnone wp-image-3278 size-full\" src=\"https:\/\/coinkickoff.com\/wp-content\/uploads\/kucoin-screenshot.png\" alt=\"Miten ostaa Cardano Kucoin:ll\u00e4?\" width=\"1436\" height=\"673\" srcset=\"https:\/\/coinkickoff.com\/wp-content\/uploads\/kucoin-screenshot.png 1436w, https:\/\/coinkickoff.com\/wp-content\/uploads\/kucoin-screenshot-300x141.png 300w, https:\/\/coinkickoff.com\/wp-content\/uploads\/kucoin-screenshot-1024x480.png 1024w, https:\/\/coinkickoff.com\/wp-content\/uploads\/kucoin-screenshot-768x360.png 768w, https:\/\/coinkickoff.com\/wp-content\/uploads\/kucoin-screenshot-18x8.png 18w\" sizes=\"auto, (max-width: 1436px) 100vw, 1436px\" \/><\/p>\n<p><span style=\"font-weight: 400;\">Jos k\u00e4yt\u00e4t jo kolmannen osapuolen maksukanavaa, kuten <\/span><a href=\"https:\/\/banxa.com\/case-study\/kucoin\/\" target=\"_blank\" rel=\"noopener\"><span style=\"font-weight: 400;\">Banxa<\/span><\/a><span style=\"font-weight: 400;\"> tai <\/span><a href=\"https:\/\/www.simplex.com\" target=\"_blank\" rel=\"noopener\"><span style=\"font-weight: 400;\">Simplex<\/span><\/a><span style=\"font-weight: 400;\">t\u00e4m\u00e4 voi olla k\u00e4tev\u00e4 vaihtoehto. Jos sinulla ei ole Simplex- tai Banxa-tili\u00e4, voit luoda sellaisen tilausta tehdess\u00e4si.<\/span><\/p>\n<p><span style=\"font-weight: 400;\">Aloita t\u00e4ytt\u00e4m\u00e4ll\u00e4 ostotilauslomake: Valitse haluamasi hy\u00f6dyke ADA, sy\u00f6t\u00e4 haluamasi summa ja valitse maksutapa ja kanava.<\/span><\/p>\n<p><span style=\"font-weight: 400;\">Kaikki maksut n\u00e4ytet\u00e4\u00e4n ennen kuin voit jatkaa tilausta.\u00a0<\/span><\/p>\n<p><span style=\"font-weight: 400;\">Kun painat \"Osta\", Kucoin l\u00e4hett\u00e4\u00e4 sinut kolmannen osapuolen verkkosivustolle tilauksen loppuun saattamista varten.\u00a0<\/span><\/p>\n<p><span style=\"font-weight: 400;\">Se on melko paljon se, miten ostaa Cardano Kucoin. Kuten n\u00e4et, sinulla on melko paljon vaihtoehtoja, joten matkan pit\u00e4isi olla sujuva. Jos sinulla on kysytt\u00e4v\u00e4\u00e4, voit my\u00f6s tarkistaa meid\u00e4n <a href=\"https:\/\/coinkickoff.com\/fi\/crypto-exchanges\/\">vaihto-arvostelut<\/a> ja <a href=\"https:\/\/coinkickoff.com\/fi\/how-to-buy-cardano\/\">how-to-buy<\/a> oppaista lis\u00e4tietoja.<\/span><\/p>","protected":false},"excerpt":{"rendered":"<p>Kuinka ostaa Cardano Kucoin:ll\u00e4 Jos et ole ennen k\u00e4ytt\u00e4nyt Kucoin:t\u00e4 Cardano:n (ADA) ostamiseen, saatat olla ymm\u00e4ll\u00e4\u00e4n siit\u00e4, kuinka toimia. Mutta sinun ei tarvitse olla huolissasi: n\u00e4yt\u00e4mme sinulle, miten voit ostaa Cardano:n Kucoin:ll\u00e4 vaiheittaisten ohjeiden avulla. Vaiheittainen opas siit\u00e4, miten ostaa Cardano Kucoin:ll\u00e4 [...]<\/p>","protected":false},"author":3,"featured_media":0,"parent":4010,"menu_order":0,"comment_status":"closed","ping_status":"closed","template":"","meta":{"_genesis_hide_title":false,"_genesis_hide_breadcrumbs":false,"_genesis_hide_singular_image":false,"_genesis_hide_footer_widgets":false,"_genesis_custom_body_class":"","_genesis_custom_post_class":"","_genesis_layout":"","_glsr_average":0,"_glsr_ranking":0,"_glsr_reviews":0,"footnotes":""},"class_list":{"0":"post-4045","1":"page","2":"type-page","3":"status-publish","5":"entry"},"featured_image_src":null,"featured_image_src_square":null,"_links":{"self":[{"href":"https:\/\/coinkickoff.com\/fi\/wp-json\/wp\/v2\/pages\/4045","targetHints":{"allow":["GET"]}}],"collection":[{"href":"https:\/\/coinkickoff.com\/fi\/wp-json\/wp\/v2\/pages"}],"about":[{"href":"https:\/\/coinkickoff.com\/fi\/wp-json\/wp\/v2\/types\/page"}],"author":[{"embeddable":true,"href":"https:\/\/coinkickoff.com\/fi\/wp-json\/wp\/v2\/users\/3"}],"replies":[{"embeddable":true,"href":"https:\/\/coinkickoff.com\/fi\/wp-json\/wp\/v2\/comments?post=4045"}],"version-history":[{"count":2,"href":"https:\/\/coinkickoff.com\/fi\/wp-json\/wp\/v2\/pages\/4045\/revisions"}],"predecessor-version":[{"id":4047,"href":"https:\/\/coinkickoff.com\/fi\/wp-json\/wp\/v2\/pages\/4045\/revisions\/4047"}],"up":[{"embeddable":true,"href":"https:\/\/coinkickoff.com\/fi\/wp-json\/wp\/v2\/pages\/4010"}],"wp:attachment":[{"href":"https:\/\/coinkickoff.com\/fi\/wp-json\/wp\/v2\/media?parent=4045"}],"curies":[{"name":"wp","href":"https:\/\/api.w.org\/{rel}","templated":true}]}}