{"id":3951,"date":"2026-01-08T14:07:25","date_gmt":"2026-01-08T14:07:25","guid":{"rendered":"https:\/\/coinkickoff.com\/?page_id=3951"},"modified":"2026-01-08T14:07:25","modified_gmt":"2026-01-08T14:07:25","slug":"how-to-buy-ethereum-on-binance","status":"publish","type":"page","link":"https:\/\/coinkickoff.com\/fi\/how-to-buy-ethereum\/how-to-buy-ethereum-on-binance\/","title":{"rendered":"Miten ostaa Ethereum Binance:ll\u00e4?"},"content":{"rendered":"<h1><img loading=\"lazy\" decoding=\"async\" class=\"alignnone wp-image-3662 size-full\" src=\"https:\/\/coinkickoff.com\/wp-content\/uploads\/how-many-eth-are-there.jpg\" alt=\"Kuinka monta Ethereum (ETH) on olemassa?\" width=\"1000\" height=\"666\" srcset=\"https:\/\/coinkickoff.com\/wp-content\/uploads\/how-many-eth-are-there.jpg 1000w, https:\/\/coinkickoff.com\/wp-content\/uploads\/how-many-eth-are-there-300x200.jpg 300w, https:\/\/coinkickoff.com\/wp-content\/uploads\/how-many-eth-are-there-768x511.jpg 768w, https:\/\/coinkickoff.com\/wp-content\/uploads\/how-many-eth-are-there-18x12.jpg 18w, https:\/\/coinkickoff.com\/wp-content\/uploads\/how-many-eth-are-there-600x400.jpg 600w\" sizes=\"auto, (max-width: 1000px) 100vw, 1000px\" \/><\/h1>\n<div id=\"ez-toc-container\" class=\"ez-toc-v2_0_80 counter-hierarchy ez-toc-counter ez-toc-transparent ez-toc-container-direction\">\n<div class=\"ez-toc-title-container\">\n<p class=\"ez-toc-title\" style=\"cursor:inherit\">Jaksot<\/p>\n<span class=\"ez-toc-title-toggle\"><a href=\"#\" class=\"ez-toc-pull-right ez-toc-btn ez-toc-btn-xs ez-toc-btn-default ez-toc-toggle\" aria-label=\"Sis\u00e4llysluettelon vaihtaminen\"><span class=\"ez-toc-js-icon-con\"><span class=\"\"><span class=\"eztoc-hide\" style=\"display:none;\">Toggle<\/span><span class=\"ez-toc-icon-toggle-span\"><svg style=\"fill: #999;color:#999\" xmlns=\"http:\/\/www.w3.org\/2000\/svg\" class=\"list-377408\" width=\"20px\" height=\"20px\" viewbox=\"0 0 24 24\" fill=\"none\"><path d=\"M6 6H4v2h2V6zm14 0H8v2h12V6zM4 11h2v2H4v-2zm16 0H8v2h12v-2zM4 16h2v2H4v-2zm16 0H8v2h12v-2z\" fill=\"currentColor\"><\/path><\/svg><svg style=\"fill: #999;color:#999\" class=\"arrow-unsorted-368013\" xmlns=\"http:\/\/www.w3.org\/2000\/svg\" width=\"10px\" height=\"10px\" viewbox=\"0 0 24 24\" version=\"1.2\" baseprofile=\"tiny\"><path d=\"M18.2 9.3l-6.2-6.3-6.2 6.3c-.2.2-.3.4-.3.7s.1.5.3.7c.2.2.4.3.7.3h11c.3 0 .5-.1.7-.3.2-.2.3-.5.3-.7s-.1-.5-.3-.7zM5.8 14.7l6.2 6.3 6.2-6.3c.2-.2.3-.5.3-.7s-.1-.5-.3-.7c-.2-.2-.4-.3-.7-.3h-11c-.3 0-.5.1-.7.3-.2.2-.3.5-.3.7s.1.5.3.7z\"\/><\/svg><\/span><\/span><\/span><\/a><\/span><\/div>\n<nav><ul class='ez-toc-list ez-toc-list-level-1 eztoc-toggle-hide-by-default' ><li class='ez-toc-page-1 ez-toc-heading-level-2'><a class=\"ez-toc-link ez-toc-heading-1\" href=\"https:\/\/coinkickoff.com\/fi\/how-to-buy-ethereum\/how-to-buy-ethereum-on-binance\/#How_to_Buy_Ethereum_on_Binance\" >Miten ostaa Ethereum Binance:ll\u00e4?<\/a><\/li><li class='ez-toc-page-1 ez-toc-heading-level-2'><a class=\"ez-toc-link ez-toc-heading-2\" href=\"https:\/\/coinkickoff.com\/fi\/how-to-buy-ethereum\/how-to-buy-ethereum-on-binance\/#A_Step-By-Step_Guide_on_How_to_Buy_Ethereum_on_Binance\" >Vaiheittainen opas Ethereum:n ostamisesta Binance:ll\u00e4.<\/a><ul class='ez-toc-list-level-3' ><li class='ez-toc-heading-level-3'><a class=\"ez-toc-link ez-toc-heading-3\" href=\"https:\/\/coinkickoff.com\/fi\/how-to-buy-ethereum\/how-to-buy-ethereum-on-binance\/#1_Register_an_Account_on_Binance\" >1. Rekister\u00f6i tili osoitteessa Binance<\/a><\/li><li class='ez-toc-page-1 ez-toc-heading-level-3'><a class=\"ez-toc-link ez-toc-heading-4\" href=\"https:\/\/coinkickoff.com\/fi\/how-to-buy-ethereum\/how-to-buy-ethereum-on-binance\/#2_Verify_Your_Account\" >2. Vahvista tilisi<\/a><\/li><li class='ez-toc-page-1 ez-toc-heading-level-3'><a class=\"ez-toc-link ez-toc-heading-5\" href=\"https:\/\/coinkickoff.com\/fi\/how-to-buy-ethereum\/how-to-buy-ethereum-on-binance\/#3_Deposit_FundsCrypto\" >3. Talletusrahastot\/krypto<\/a><\/li><li class='ez-toc-page-1 ez-toc-heading-level-3'><a class=\"ez-toc-link ez-toc-heading-6\" href=\"https:\/\/coinkickoff.com\/fi\/how-to-buy-ethereum\/how-to-buy-ethereum-on-binance\/#Click_on_%E2%80%9CDeposit%E2%80%9D_to_see_all_the_deposit_options_The_three_options_are_depositing_crypto_depositing_fiat_currencies_and_adding_credit_cards_or_other_payment_methods\" >Klikkaa \"Talletus\" n\u00e4hd\u00e4ksesi kaikki talletusvaihtoehdot. Kolme vaihtoehtoa ovat kryptojen tallettaminen, fiat-valuuttojen tallettaminen ja luottokorttien tai muiden maksutapojen lis\u00e4\u00e4minen.<\/a><\/li><li class='ez-toc-page-1 ez-toc-heading-level-3'><a class=\"ez-toc-link ez-toc-heading-7\" href=\"https:\/\/coinkickoff.com\/fi\/how-to-buy-ethereum\/how-to-buy-ethereum-on-binance\/#4_Navigate_to_the_Relevant_Screen_to_Buy\" >4. Siirry asiaankuuluvalle n\u00e4yt\u00f6lle ostamista varten<\/a><\/li><\/ul><\/li><\/ul><\/nav><\/div>\n<h2><span class=\"ez-toc-section\" id=\"How_to_Buy_Ethereum_on_Binance\"><\/span><span style=\"font-weight: 400;\">Miten ostaa Ethereum Binance:ll\u00e4?<\/span><span class=\"ez-toc-section-end\"><\/span><\/h2>\n<p><span style=\"font-weight: 400;\"><a href=\"https:\/\/coinkickoff.com\/fi\/binance-review\/\" data-internallinksmanager029f6b8e52c=\"152\" title=\"Binance Arvostelut 2024: Ominaisuudet, maksut, turvallisuus, hyv\u00e4t ja huonot puolet\">Binance<\/a> on maailman suurin <a href=\"https:\/\/coinkickoff.com\/fi\/crypto-exchanges\/\" data-internallinksmanager029f6b8e52c=\"141\" title=\"21 Parhaat kryptovaluuttap\u00f6rssit ja sovellukset vuonna 2024\">kryptovaluutan vaihto<\/a> kaupank\u00e4ynnin volyymin mukaan, ja miljoonat ihmiset ymp\u00e4ri maailmaa k\u00e4ytt\u00e4v\u00e4t sit\u00e4 ostaakseen suosittuja kryptovaroja, kuten <a href=\"https:\/\/coinkickoff.com\/fi\/bitcoin-btc\/\" data-internallinksmanager029f6b8e52c=\"1\" title=\"Mik\u00e4 on Bitcoin (BTC)? Hinta, historia ja ostopaikat\">Bitcoin<\/a> ja <a href=\"https:\/\/coinkickoff.com\/fi\/ethereum-eth\/\" data-internallinksmanager029f6b8e52c=\"2\" title=\"Mik\u00e4 on Ethereum (ETH)? Hinta, historia ja ostopaikat\">Ethereum<\/a>.<\/span><\/p>\n<p><span style=\"font-weight: 400;\">T\u00e4ss\u00e4 oppaassa kerromme vaiheittaisten ohjeiden avulla, miten Ethereum ostetaan Binance:ll\u00e4.<\/span><\/p>\n<p><span style=\"font-weight: 400;\">Jos olet Yhdysvalloissa asuva k\u00e4ytt\u00e4j\u00e4, tutustu oppaaseemme siit\u00e4, miten ostaa Ethereum Binance US:lta.<\/span><\/p>\n<h2><span class=\"ez-toc-section\" id=\"A_Step-By-Step_Guide_on_How_to_Buy_Ethereum_on_Binance\"><\/span><span style=\"font-weight: 400;\">Vaiheittainen opas Ethereum:n ostamisesta Binance:ll\u00e4.<\/span><span class=\"ez-toc-section-end\"><\/span><\/h2>\n<h3><span class=\"ez-toc-section\" id=\"1_Register_an_Account_on_Binance\"><\/span><span style=\"font-weight: 400;\">1. Rekister\u00f6i tili osoitteessa Binance<\/span><span class=\"ez-toc-section-end\"><\/span><\/h3>\n<h2><img loading=\"lazy\" decoding=\"async\" class=\"alignnone wp-image-3245 size-full\" style=\"font-size: 18px; font-family: Muli, sans-serif;\" src=\"https:\/\/coinkickoff.com\/wp-content\/uploads\/binance-register.png\" alt=\"osta doge binance-rekisteriin\" width=\"1430\" height=\"798\" srcset=\"https:\/\/coinkickoff.com\/wp-content\/uploads\/binance-register.png 1430w, https:\/\/coinkickoff.com\/wp-content\/uploads\/binance-register-300x167.png 300w, https:\/\/coinkickoff.com\/wp-content\/uploads\/binance-register-1024x571.png 1024w, https:\/\/coinkickoff.com\/wp-content\/uploads\/binance-register-768x429.png 768w, https:\/\/coinkickoff.com\/wp-content\/uploads\/binance-register-18x10.png 18w\" sizes=\"auto, (max-width: 1430px) 100vw, 1430px\" \/><\/h2>\n<p><span style=\"font-weight: 400;\">Jos sinulla ei ole Binance-tili\u00e4, mene osoitteeseen <\/span><a href=\"https:\/\/accounts.binance.com\/register?ref=BLJQ60RW\" target=\"_blank\" rel=\"noopener\"><span style=\"font-weight: 400;\">Binance:n virallinen verkkosivusto<\/span><\/a><span style=\"font-weight: 400;\"> ja ilmoittaudu. Voit rekister\u00f6ity\u00e4 puhelinnumerolla tai s\u00e4hk\u00f6postiosoitteella. Saat tilisi vahvistuskoodin viestilaatikkoosi. Kirjaudu sis\u00e4\u00e4n Binance:hen t\u00e4ll\u00e4 koodilla.\u00a0<\/span><\/p>\n<h3><span class=\"ez-toc-section\" id=\"2_Verify_Your_Account\"><\/span><span style=\"font-weight: 400;\">2. Vahvista tilisi<\/span><span class=\"ez-toc-section-end\"><\/span><\/h3>\n<p><img loading=\"lazy\" decoding=\"async\" class=\"alignnone wp-image-3247 size-full\" src=\"https:\/\/coinkickoff.com\/wp-content\/uploads\/binance-verification-0-e1686527478138.png\" alt=\"binance todentaminen \" width=\"1438\" height=\"730\" srcset=\"https:\/\/coinkickoff.com\/wp-content\/uploads\/binance-verification-0-e1686527478138.png 1438w, https:\/\/coinkickoff.com\/wp-content\/uploads\/binance-verification-0-e1686527478138-300x152.png 300w, https:\/\/coinkickoff.com\/wp-content\/uploads\/binance-verification-0-e1686527478138-1024x520.png 1024w, https:\/\/coinkickoff.com\/wp-content\/uploads\/binance-verification-0-e1686527478138-768x390.png 768w, https:\/\/coinkickoff.com\/wp-content\/uploads\/binance-verification-0-e1686527478138-18x9.png 18w\" sizes=\"auto, (max-width: 1438px) 100vw, 1438px\" \/><\/p>\n<p><span style=\"font-weight: 400;\">Sivun oikeassa yl\u00e4kulmassa (tilaukset-v\u00e4lilehden vieress\u00e4) on profiilikuvakkeesi. Klikkaa sit\u00e4, niin p\u00e4\u00e4set vahvistussivulle. Napsauta \"Get Verified\".<\/span><\/p>\n<p><img loading=\"lazy\" decoding=\"async\" class=\"alignnone wp-image-3246 size-full\" src=\"https:\/\/coinkickoff.com\/wp-content\/uploads\/binance-verification.png\" alt=\"binance todentaminen\" width=\"1239\" height=\"752\" srcset=\"https:\/\/coinkickoff.com\/wp-content\/uploads\/binance-verification.png 1239w, https:\/\/coinkickoff.com\/wp-content\/uploads\/binance-verification-300x182.png 300w, https:\/\/coinkickoff.com\/wp-content\/uploads\/binance-verification-1024x622.png 1024w, https:\/\/coinkickoff.com\/wp-content\/uploads\/binance-verification-768x466.png 768w, https:\/\/coinkickoff.com\/wp-content\/uploads\/binance-verification-18x12.png 18w\" sizes=\"auto, (max-width: 1239px) 100vw, 1239px\" \/><\/p>\n<p><span style=\"font-weight: 400;\">Valitse asuinmaasi tai -alueesi sivun yl\u00e4osassa olevasta luettelosta. Kun olet valinnut alueesi tai maasi, n\u00e4et todentamisvaatimukset. Klikkaa \"Verify\" aloittaaksesi.<\/span><\/p>\n<p><img loading=\"lazy\" decoding=\"async\" class=\"alignnone wp-image-3248 size-full\" src=\"https:\/\/coinkickoff.com\/wp-content\/uploads\/binance-verification-2.png\" alt=\"miten ostaa Ethereum Binance:ll\u00e4\" width=\"563\" height=\"686\" srcset=\"https:\/\/coinkickoff.com\/wp-content\/uploads\/binance-verification-2.png 563w, https:\/\/coinkickoff.com\/wp-content\/uploads\/binance-verification-2-246x300.png 246w, https:\/\/coinkickoff.com\/wp-content\/uploads\/binance-verification-2-10x12.png 10w\" sizes=\"auto, (max-width: 563px) 100vw, 563px\" \/><\/p>\n<p><span style=\"font-weight: 400;\">Sy\u00f6t\u00e4 tarvittavat tiedot ja napsauta \"Jatka\". Sinua pyydet\u00e4\u00e4n lataamaan kuvallinen henkil\u00f6llisyystodistus tietojesi vahvistamiseksi. On t\u00e4rke\u00e4\u00e4 varmistaa, ett\u00e4 nimesi ja syntym\u00e4aikasi t\u00e4sm\u00e4\u00e4v\u00e4t alustalle l\u00e4hett\u00e4m\u00e4\u00e4si henkil\u00f6llisyystodistukseen.<\/span><\/p>\n<h3><span class=\"ez-toc-section\" id=\"3_Deposit_FundsCrypto\"><\/span><span style=\"font-weight: 400;\">3. Talletusrahastot\/krypto<\/span><span class=\"ez-toc-section-end\"><\/span><\/h3>\n<p><img loading=\"lazy\" decoding=\"async\" class=\"alignnone wp-image-3254 size-full\" style=\"font-family: 'Helvetica Neue', Helvetica, Arial, sans-serif; font-size: 20px;\" src=\"https:\/\/coinkickoff.com\/wp-content\/uploads\/binance-deposit-2.png\" alt=\"\" width=\"926\" height=\"796\" srcset=\"https:\/\/coinkickoff.com\/wp-content\/uploads\/binance-deposit-2.png 926w, https:\/\/coinkickoff.com\/wp-content\/uploads\/binance-deposit-2-300x258.png 300w, https:\/\/coinkickoff.com\/wp-content\/uploads\/binance-deposit-2-768x660.png 768w, https:\/\/coinkickoff.com\/wp-content\/uploads\/binance-deposit-2-14x12.png 14w\" sizes=\"auto, (max-width: 926px) 100vw, 926px\" \/><\/p>\n<h3><span class=\"ez-toc-section\" id=\"Click_on_%E2%80%9CDeposit%E2%80%9D_to_see_all_the_deposit_options_The_three_options_are_depositing_crypto_depositing_fiat_currencies_and_adding_credit_cards_or_other_payment_methods\"><\/span><span style=\"font-weight: 400;\">Klikkaa \"Talletus\" n\u00e4hd\u00e4ksesi kaikki talletusvaihtoehdot. Kolme vaihtoehtoa ovat kryptojen tallettaminen, fiat-valuuttojen tallettaminen ja luottokorttien tai muiden maksutapojen lis\u00e4\u00e4minen.<\/span><span class=\"ez-toc-section-end\"><\/span><\/h3>\n<p><span style=\"font-weight: 400;\">Jos omistat kryptoa ja haluat vaihtaa sen ETH:hen, saat talletusosoitteen klikkaamalla \"Deposit Crypto\".\u00a0<\/span><\/p>\n<p><span style=\"font-weight: 400;\">Useimmilla aloittelijoilla ei kuitenkaan ole t\u00e4t\u00e4 mahdollisuutta, ja heid\u00e4n on joko lis\u00e4tt\u00e4v\u00e4 maksutapa tai teht\u00e4v\u00e4 fiat-talletus pankkisiirrolla.<\/span><\/p>\n<p><span style=\"font-weight: 400;\">Napsauta \"Fiat-talletus\". Valitse seuraavalla sivulla valuutta, jonka haluat tallettaa. Binance hyv\u00e4ksyy monia paikallisia valuuttoja, joten oikean vaihtoehdon l\u00f6yt\u00e4minen ei tuota ongelmia.<\/span><\/p>\n<h3><img loading=\"lazy\" decoding=\"async\" class=\"alignnone wp-image-3256 size-full\" style=\"font-size: 18px; font-family: Muli, sans-serif;\" src=\"https:\/\/coinkickoff.com\/wp-content\/uploads\/binance-fiat-deposit-3.png\" alt=\"\" width=\"1052\" height=\"778\" srcset=\"https:\/\/coinkickoff.com\/wp-content\/uploads\/binance-fiat-deposit-3.png 1052w, https:\/\/coinkickoff.com\/wp-content\/uploads\/binance-fiat-deposit-3-300x222.png 300w, https:\/\/coinkickoff.com\/wp-content\/uploads\/binance-fiat-deposit-3-1024x757.png 1024w, https:\/\/coinkickoff.com\/wp-content\/uploads\/binance-fiat-deposit-3-768x568.png 768w, https:\/\/coinkickoff.com\/wp-content\/uploads\/binance-fiat-deposit-3-16x12.png 16w\" sizes=\"auto, (max-width: 1052px) 100vw, 1052px\" \/><\/h3>\n<p><span style=\"font-weight: 400;\">Binance tarjoaa erilaisia tapoja tehd\u00e4 talletus, ja yleens\u00e4 on olemassa joitakin suositeltuja menetelmi\u00e4. N\u00e4et maksun yksityiskohdat kunkin vaihtoehdon kohdalla.<\/span><\/p>\n<p><span style=\"font-weight: 400;\">Kuten n\u00e4et, voit tehd\u00e4 SEPA- tai verkkopankkisiirtoja tai lis\u00e4t\u00e4 pankkikortin ostaaksesi kryptoa alustalta.<\/span><\/p>\n<p><span style=\"font-weight: 400;\">Jos valitset \"Muut menetelm\u00e4t\", voit muodostaa yhteyden kolmannen osapuolen sovelluksiin, kuten Banxaan tai Simplexiin. Binance tukee my\u00f6s Google Pay- ja Apple Pay -ostoksia.<\/span><\/p>\n<p><span style=\"font-weight: 400;\">\u00a0Valitse haluamasi talletusmenetelm\u00e4 ja klikkaa \"Jatka\". Sinut saatetaan ohjata pankkitilillesi tai verkkopankkiin. Seuraa n\u00e4yt\u00f6n ohjeita talletuksen suorittamiseksi.<\/span><\/p>\n<h3><span class=\"ez-toc-section\" id=\"4_Navigate_to_the_Relevant_Screen_to_Buy\"><\/span><span style=\"font-weight: 400;\">4. Siirry asiaankuuluvalle n\u00e4yt\u00f6lle ostamista varten<\/span><span class=\"ez-toc-section-end\"><\/span><\/h3>\n<p><span style=\"font-weight: 400;\">Kun olet lis\u00e4nnyt maksutavan tai tallettanut varoja, olet valmis ostamaan Ethereum. Napsauta \"Osta krypto\" -painiketta p\u00e4\u00e4n\u00e4yt\u00f6ll\u00e4.<\/span><\/p>\n<p><span style=\"font-weight: 400;\">\"Osta kryptoa\" -sivulla on eritt\u00e4in helppo navigoida: Valitse sarakkeessa \"Kuluta\" valuutta, jonka haluat k\u00e4ytt\u00e4\u00e4, ja sy\u00f6t\u00e4 summa.<\/span><\/p>\n<p><img loading=\"lazy\" decoding=\"async\" class=\"alignnone wp-image-3249 size-full\" src=\"https:\/\/coinkickoff.com\/wp-content\/uploads\/binance-buy-sell-crypto.png\" alt=\"\" width=\"1056\" height=\"642\" srcset=\"https:\/\/coinkickoff.com\/wp-content\/uploads\/binance-buy-sell-crypto.png 1056w, https:\/\/coinkickoff.com\/wp-content\/uploads\/binance-buy-sell-crypto-300x182.png 300w, https:\/\/coinkickoff.com\/wp-content\/uploads\/binance-buy-sell-crypto-1024x623.png 1024w, https:\/\/coinkickoff.com\/wp-content\/uploads\/binance-buy-sell-crypto-768x467.png 768w, https:\/\/coinkickoff.com\/wp-content\/uploads\/binance-buy-sell-crypto-18x12.png 18w\" sizes=\"auto, (max-width: 1056px) 100vw, 1056px\" \/><\/p>\n<p><span style=\"font-weight: 400;\">Aseta vastaanottosarakkeen arvoksi ETH. T\u00e4ss\u00e4 n\u00e4et, kuinka paljon eetteri\u00e4 saat rahoistasi.<\/span><\/p>\n<p><img loading=\"lazy\" decoding=\"async\" class=\"alignnone wp-image-3250 size-full\" src=\"https:\/\/coinkickoff.com\/wp-content\/uploads\/binance-buy-sell-crypto-2.png\" alt=\"\" width=\"1079\" height=\"634\" srcset=\"https:\/\/coinkickoff.com\/wp-content\/uploads\/binance-buy-sell-crypto-2.png 1079w, https:\/\/coinkickoff.com\/wp-content\/uploads\/binance-buy-sell-crypto-2-300x176.png 300w, https:\/\/coinkickoff.com\/wp-content\/uploads\/binance-buy-sell-crypto-2-1024x602.png 1024w, https:\/\/coinkickoff.com\/wp-content\/uploads\/binance-buy-sell-crypto-2-768x451.png 768w, https:\/\/coinkickoff.com\/wp-content\/uploads\/binance-buy-sell-crypto-2-18x12.png 18w\" sizes=\"auto, (max-width: 1079px) 100vw, 1079px\" \/><\/p>\n<p><span style=\"font-weight: 400;\">Siirry nyt eteenp\u00e4in ja napsauta \"Osta ETH\". Seuraavalla sivulla voit valita maksutavan ja n\u00e4hd\u00e4 tilauksen yksityiskohdat, mukaan lukien mahdolliset maksut.<\/span><\/p>\n<p><img loading=\"lazy\" decoding=\"async\" class=\"alignnone wp-image-3252 size-full\" src=\"https:\/\/coinkickoff.com\/wp-content\/uploads\/binance-crypto-buy-sell-5.png\" alt=\"Miten ostaa Bitcoin Binance:ll\u00e4?\" width=\"1047\" height=\"640\" srcset=\"https:\/\/coinkickoff.com\/wp-content\/uploads\/binance-crypto-buy-sell-5.png 1047w, https:\/\/coinkickoff.com\/wp-content\/uploads\/binance-crypto-buy-sell-5-300x183.png 300w, https:\/\/coinkickoff.com\/wp-content\/uploads\/binance-crypto-buy-sell-5-1024x626.png 1024w, https:\/\/coinkickoff.com\/wp-content\/uploads\/binance-crypto-buy-sell-5-768x469.png 768w, https:\/\/coinkickoff.com\/wp-content\/uploads\/binance-crypto-buy-sell-5-18x12.png 18w\" sizes=\"auto, (max-width: 1047px) 100vw, 1047px\" \/><\/p>\n<p><span style=\"font-weight: 400;\">Juuri noin! Toivottavasti autoimme sinua oppimaan, miten ostaa Ethereum Binance:ll\u00e4. Voit my\u00f6s tutustua oppaita <a href=\"https:\/\/coinkickoff.com\/fi\/how-to-buy-ethereum\/\">miten ostaa Ethereum<\/a> muissa p\u00f6rsseiss\u00e4.<\/span><\/p>","protected":false},"excerpt":{"rendered":"<p>Miten ostaa Ethereum Binance Binance Binance on maailman suurin kryptovaluuttap\u00f6rssi kaupank\u00e4yntivolyymin mukaan, ja miljoonat ihmiset ymp\u00e4ri maailmaa k\u00e4ytt\u00e4v\u00e4t sit\u00e4 suosittujen kryptovarojen, kuten Bitcoin ja Ethereum, ostamiseen. T\u00e4ss\u00e4 oppaassa kerromme, miten Ethereum:n ostaminen Binance:ll\u00e4 tapahtuu vaiheittaisten ohjeiden avulla. Jos olet Yhdysvalloissa asuva k\u00e4ytt\u00e4j\u00e4, ota [...]<\/p>","protected":false},"author":3,"featured_media":0,"parent":3937,"menu_order":0,"comment_status":"closed","ping_status":"closed","template":"","meta":{"_genesis_hide_title":false,"_genesis_hide_breadcrumbs":false,"_genesis_hide_singular_image":false,"_genesis_hide_footer_widgets":false,"_genesis_custom_body_class":"","_genesis_custom_post_class":"","_genesis_layout":"","_glsr_average":0,"_glsr_ranking":0,"_glsr_reviews":0,"footnotes":""},"class_list":{"0":"post-3951","1":"page","2":"type-page","3":"status-publish","5":"entry"},"featured_image_src":null,"featured_image_src_square":null,"_links":{"self":[{"href":"https:\/\/coinkickoff.com\/fi\/wp-json\/wp\/v2\/pages\/3951","targetHints":{"allow":["GET"]}}],"collection":[{"href":"https:\/\/coinkickoff.com\/fi\/wp-json\/wp\/v2\/pages"}],"about":[{"href":"https:\/\/coinkickoff.com\/fi\/wp-json\/wp\/v2\/types\/page"}],"author":[{"embeddable":true,"href":"https:\/\/coinkickoff.com\/fi\/wp-json\/wp\/v2\/users\/3"}],"replies":[{"embeddable":true,"href":"https:\/\/coinkickoff.com\/fi\/wp-json\/wp\/v2\/comments?post=3951"}],"version-history":[{"count":1,"href":"https:\/\/coinkickoff.com\/fi\/wp-json\/wp\/v2\/pages\/3951\/revisions"}],"predecessor-version":[{"id":3953,"href":"https:\/\/coinkickoff.com\/fi\/wp-json\/wp\/v2\/pages\/3951\/revisions\/3953"}],"up":[{"embeddable":true,"href":"https:\/\/coinkickoff.com\/fi\/wp-json\/wp\/v2\/pages\/3937"}],"wp:attachment":[{"href":"https:\/\/coinkickoff.com\/fi\/wp-json\/wp\/v2\/media?parent=3951"}],"curies":[{"name":"wp","href":"https:\/\/api.w.org\/{rel}","templated":true}]}}