{"id":3920,"date":"2026-01-08T14:07:48","date_gmt":"2026-01-08T14:07:48","guid":{"rendered":"https:\/\/coinkickoff.com\/?page_id=3920"},"modified":"2026-01-08T14:07:48","modified_gmt":"2026-01-08T14:07:48","slug":"how-to-buy-bitcoin-on-kraken","status":"publish","type":"page","link":"https:\/\/coinkickoff.com\/fi\/how-to-buy-bitcoin\/how-to-buy-bitcoin-on-kraken\/","title":{"rendered":"Kuinka ostaa Bitcoin Krakenista?"},"content":{"rendered":"<div id=\"ez-toc-container\" class=\"ez-toc-v2_0_80 counter-hierarchy ez-toc-counter ez-toc-transparent ez-toc-container-direction\">\n<div class=\"ez-toc-title-container\">\n<p class=\"ez-toc-title\" style=\"cursor:inherit\">Jaksot<\/p>\n<span class=\"ez-toc-title-toggle\"><a href=\"#\" class=\"ez-toc-pull-right ez-toc-btn ez-toc-btn-xs ez-toc-btn-default ez-toc-toggle\" aria-label=\"Sis\u00e4llysluettelon vaihtaminen\"><span class=\"ez-toc-js-icon-con\"><span class=\"\"><span class=\"eztoc-hide\" style=\"display:none;\">Toggle<\/span><span class=\"ez-toc-icon-toggle-span\"><svg style=\"fill: #999;color:#999\" xmlns=\"http:\/\/www.w3.org\/2000\/svg\" class=\"list-377408\" width=\"20px\" height=\"20px\" viewbox=\"0 0 24 24\" fill=\"none\"><path d=\"M6 6H4v2h2V6zm14 0H8v2h12V6zM4 11h2v2H4v-2zm16 0H8v2h12v-2zM4 16h2v2H4v-2zm16 0H8v2h12v-2z\" fill=\"currentColor\"><\/path><\/svg><svg style=\"fill: #999;color:#999\" class=\"arrow-unsorted-368013\" xmlns=\"http:\/\/www.w3.org\/2000\/svg\" width=\"10px\" height=\"10px\" viewbox=\"0 0 24 24\" version=\"1.2\" baseprofile=\"tiny\"><path d=\"M18.2 9.3l-6.2-6.3-6.2 6.3c-.2.2-.3.4-.3.7s.1.5.3.7c.2.2.4.3.7.3h11c.3 0 .5-.1.7-.3.2-.2.3-.5.3-.7s-.1-.5-.3-.7zM5.8 14.7l6.2 6.3 6.2-6.3c.2-.2.3-.5.3-.7s-.1-.5-.3-.7c-.2-.2-.4-.3-.7-.3h-11c-.3 0-.5.1-.7.3-.2.2-.3.5-.3.7s.1.5.3.7z\"\/><\/svg><\/span><\/span><\/span><\/a><\/span><\/div>\n<nav><ul class='ez-toc-list ez-toc-list-level-1 eztoc-toggle-hide-by-default' ><li class='ez-toc-page-1 ez-toc-heading-level-1'><a class=\"ez-toc-link ez-toc-heading-1\" href=\"https:\/\/coinkickoff.com\/fi\/how-to-buy-bitcoin\/how-to-buy-bitcoin-on-kraken\/#How_to_Buy_Bitcoin_on_Kraken\" >Kuinka ostaa Bitcoin Krakenista?<\/a><ul class='ez-toc-list-level-2' ><li class='ez-toc-heading-level-2'><a class=\"ez-toc-link ez-toc-heading-2\" href=\"https:\/\/coinkickoff.com\/fi\/how-to-buy-bitcoin\/how-to-buy-bitcoin-on-kraken\/#A_Step-By-Step_Guide_on_How_to_Buy_Bitcoin_on_Kraken\" >Vaiheittainen opas Bitcoin:n ostamisesta Krakenista.<\/a><ul class='ez-toc-list-level-3' ><li class='ez-toc-heading-level-3'><a class=\"ez-toc-link ez-toc-heading-3\" href=\"https:\/\/coinkickoff.com\/fi\/how-to-buy-bitcoin\/how-to-buy-bitcoin-on-kraken\/#1_Register_an_Account_on_Kraken\" >1. Rekister\u00f6i tili Krakenissa<\/a><\/li><li class='ez-toc-page-1 ez-toc-heading-level-3'><a class=\"ez-toc-link ez-toc-heading-4\" href=\"https:\/\/coinkickoff.com\/fi\/how-to-buy-bitcoin\/how-to-buy-bitcoin-on-kraken\/#2_Verify_Your_Account\" >2. Vahvista tilisi<\/a><\/li><li class='ez-toc-page-1 ez-toc-heading-level-3'><a class=\"ez-toc-link ez-toc-heading-5\" href=\"https:\/\/coinkickoff.com\/fi\/how-to-buy-bitcoin\/how-to-buy-bitcoin-on-kraken\/#3_Enable_2FA\" >3. Ota 2FA k\u00e4ytt\u00f6\u00f6n<\/a><\/li><li class='ez-toc-page-1 ez-toc-heading-level-3'><a class=\"ez-toc-link ez-toc-heading-6\" href=\"https:\/\/coinkickoff.com\/fi\/how-to-buy-bitcoin\/how-to-buy-bitcoin-on-kraken\/#4_Add_an_Instant_Payment_Method\" >4. Lis\u00e4\u00e4 v\u00e4lit\u00f6n maksutapa<\/a><\/li><li class='ez-toc-page-1 ez-toc-heading-level-3'><a class=\"ez-toc-link ez-toc-heading-7\" href=\"https:\/\/coinkickoff.com\/fi\/how-to-buy-bitcoin\/how-to-buy-bitcoin-on-kraken\/#4_Navigate_to_the_Relevant_Screen_to_Buy\" >4. Siirry asiaankuuluvalle n\u00e4yt\u00f6lle ostamista varten<\/a><\/li><\/ul><\/li><\/ul><\/li><\/ul><\/nav><\/div>\n<h1><span class=\"ez-toc-section\" id=\"How_to_Buy_Bitcoin_on_Kraken\"><\/span><span style=\"font-weight: 400;\">Kuinka ostaa Bitcoin Krakenista?<\/span><span class=\"ez-toc-section-end\"><\/span><\/h1>\n<p><span style=\"font-weight: 400;\"><a href=\"https:\/\/coinkickoff.com\/fi\/kraken-review\/\">Kraken<\/a> on yhdysvaltalainen veteraanipohjainen p\u00f6rssi, joka on tunnettu korkeasta turvallisuudestaan. Voit ostaa useita altcoins sek\u00e4 <a href=\"https:\/\/coinkickoff.com\/fi\/bitcoin-btc\/\">Bitcoin<\/a> alustalla. T\u00e4ss\u00e4 on oppaamme siit\u00e4, miten ostaa <a href=\"https:\/\/coinkickoff.com\/fi\/bitcoin-btc\/\" data-internallinksmanager029f6b8e52c=\"1\" title=\"Mik\u00e4 on Bitcoin (BTC)? Hinta, historia ja ostopaikat\">Bitcoin<\/a> osoitteessa <a href=\"https:\/\/coinkickoff.com\/fi\/kraken-review\/\" data-internallinksmanager029f6b8e52c=\"171\" title=\"Kraken Arvostelut 2023: Maksut, ominaisuudet, turvallisuus, edut ja haitat\">Kraken<\/a>.<\/span><\/p>\n<h2><span class=\"ez-toc-section\" id=\"A_Step-By-Step_Guide_on_How_to_Buy_Bitcoin_on_Kraken\"><\/span><span style=\"font-weight: 400;\">Vaiheittainen opas Bitcoin:n ostamisesta Krakenista.<\/span><span class=\"ez-toc-section-end\"><\/span><\/h2>\n<h3><span class=\"ez-toc-section\" id=\"1_Register_an_Account_on_Kraken\"><\/span><span style=\"font-weight: 400;\">1. Rekister\u00f6i tili Krakenissa<\/span><span class=\"ez-toc-section-end\"><\/span><\/h3>\n<p><a href=\"https:\/\/kraken.pxf.io\/B0Rny4\" rel=\"nofollow noopener\" target=\"_blank\"><img loading=\"lazy\" decoding=\"async\" class=\"alignnone wp-image-3406 size-full\" src=\"https:\/\/coinkickoff.com\/wp-content\/uploads\/kraken1-e1682502957481.png\" alt=\"miten ostaa Dogecoin Krakenista?\" width=\"1339\" height=\"763\" srcset=\"https:\/\/coinkickoff.com\/wp-content\/uploads\/kraken1-e1682502957481.png 1339w, https:\/\/coinkickoff.com\/wp-content\/uploads\/kraken1-e1682502957481-300x171.png 300w, https:\/\/coinkickoff.com\/wp-content\/uploads\/kraken1-e1682502957481-1024x584.png 1024w, https:\/\/coinkickoff.com\/wp-content\/uploads\/kraken1-e1682502957481-768x438.png 768w, https:\/\/coinkickoff.com\/wp-content\/uploads\/kraken1-e1682502957481-18x10.png 18w\" sizes=\"auto, (max-width: 1339px) 100vw, 1339px\" \/><\/a><\/p>\n<p><span style=\"font-weight: 400;\"><a href=\"https:\/\/kraken.pxf.io\/B0Rny4\" rel=\"nofollow noopener\" target=\"_blank\">Aloita menem\u00e4ll\u00e4 Krakenin verkkosivustolle ja avaamalla tili.<\/a>. Kraken l\u00e4hett\u00e4\u00e4 aktivointilinkin s\u00e4hk\u00f6postiosoitteeseesi rekister\u00f6innin loppuun saattamiseksi. K\u00e4yt\u00e4 linkki\u00e4 kirjautuaksesi tilillesi.<\/span><\/p>\n<h3><span class=\"ez-toc-section\" id=\"2_Verify_Your_Account\"><\/span><span style=\"font-weight: 400;\">2. Vahvista tilisi<\/span><span class=\"ez-toc-section-end\"><\/span><\/h3>\n<p><span style=\"font-weight: 400;\">Sinun on suoritettava henkil\u00f6llisyyden todentaminen ostaaksesi ja k\u00e4yd\u00e4kseni kauppaa kryptoilla Krakenissa. Voit k\u00e4ynnist\u00e4\u00e4 tarkistuskehotuksen klikkaamalla \"Osta kryptoa\".<\/span><\/p>\n<p><a href=\"https:\/\/kraken.pxf.io\/B0Rny4\" rel=\"nofollow noopener\" target=\"_blank\"><img loading=\"lazy\" decoding=\"async\" class=\"alignnone wp-image-3407 size-full\" src=\"https:\/\/coinkickoff.com\/wp-content\/uploads\/kraken2-e1686524781685.png\" alt=\"kraken varoitus varmentamisesta\" width=\"1360\" height=\"791\" srcset=\"https:\/\/coinkickoff.com\/wp-content\/uploads\/kraken2-e1686524781685.png 1360w, https:\/\/coinkickoff.com\/wp-content\/uploads\/kraken2-e1686524781685-300x174.png 300w, https:\/\/coinkickoff.com\/wp-content\/uploads\/kraken2-e1686524781685-1024x596.png 1024w, https:\/\/coinkickoff.com\/wp-content\/uploads\/kraken2-e1686524781685-768x447.png 768w, https:\/\/coinkickoff.com\/wp-content\/uploads\/kraken2-e1686524781685-18x10.png 18w\" sizes=\"auto, (max-width: 1360px) 100vw, 1360px\" \/><\/a><\/p>\n<p><span style=\"font-weight: 400;\">T\u00e4yt\u00e4 tunnistamislomake. Varmista, ett\u00e4 tietosi vastaavat henkil\u00f6llisyystodistusta. Napsauta \"Jatka\".<\/span><\/p>\n<p><a href=\"https:\/\/kraken.pxf.io\/B0Rny4\" rel=\"nofollow noopener\" target=\"_blank\"><img loading=\"lazy\" decoding=\"async\" class=\"alignnone wp-image-3408 size-full\" src=\"https:\/\/coinkickoff.com\/wp-content\/uploads\/kraken3-e1682503223180.png\" alt=\"\" width=\"1375\" height=\"777\" srcset=\"https:\/\/coinkickoff.com\/wp-content\/uploads\/kraken3-e1682503223180.png 1375w, https:\/\/coinkickoff.com\/wp-content\/uploads\/kraken3-e1682503223180-300x170.png 300w, https:\/\/coinkickoff.com\/wp-content\/uploads\/kraken3-e1682503223180-1024x579.png 1024w, https:\/\/coinkickoff.com\/wp-content\/uploads\/kraken3-e1682503223180-768x434.png 768w, https:\/\/coinkickoff.com\/wp-content\/uploads\/kraken3-e1682503223180-18x10.png 18w, https:\/\/coinkickoff.com\/wp-content\/uploads\/kraken3-e1682503223180-600x338.png 600w\" sizes=\"auto, (max-width: 1375px) 100vw, 1375px\" \/><\/a><\/p>\n<p><span style=\"font-weight: 400;\">Seuraavalla sivulla sinua pyydet\u00e4\u00e4n lataamaan virallinen kuvallinen henkil\u00f6todistus. Voit ladata kuvan kansallisesta henkil\u00f6kortista, passin sivulta tai ajokortista.<\/span><\/p>\n<h3><span class=\"ez-toc-section\" id=\"3_Enable_2FA\"><\/span><span style=\"font-weight: 400;\">3. Ota 2FA k\u00e4ytt\u00f6\u00f6n<\/span><span class=\"ez-toc-section-end\"><\/span><\/h3>\n<p><span style=\"font-weight: 400;\">Ennen kuin teet talletuksen Krakeniin, siirry profiiliisi ja suojausasetuksiin ja ota 2FA k\u00e4ytt\u00f6\u00f6n. N\u00e4in varmistat, ett\u00e4 tilisi on suojattu, vaikka salasanasi vaarantuisi.\u00a0<\/span><\/p>\n<p><img loading=\"lazy\" decoding=\"async\" class=\"alignnone wp-image-3409 size-full\" src=\"https:\/\/coinkickoff.com\/wp-content\/uploads\/kraken4-e1682503267822.png\" alt=\"\" width=\"1360\" height=\"795\" srcset=\"https:\/\/coinkickoff.com\/wp-content\/uploads\/kraken4-e1682503267822.png 1360w, https:\/\/coinkickoff.com\/wp-content\/uploads\/kraken4-e1682503267822-300x175.png 300w, https:\/\/coinkickoff.com\/wp-content\/uploads\/kraken4-e1682503267822-1024x599.png 1024w, https:\/\/coinkickoff.com\/wp-content\/uploads\/kraken4-e1682503267822-768x449.png 768w, https:\/\/coinkickoff.com\/wp-content\/uploads\/kraken4-e1682503267822-18x12.png 18w\" sizes=\"auto, (max-width: 1360px) 100vw, 1360px\" \/><\/p>\n<p><span style=\"font-weight: 400;\">Kraken edellytt\u00e4\u00e4, ett\u00e4 otat 2FA:n k\u00e4ytt\u00f6\u00f6n kirjautumista varten, mutta voit ottaa sen k\u00e4ytt\u00f6\u00f6n my\u00f6s muissa toiminnoissa, kuten rahoituksessa ja kaupank\u00e4ynniss\u00e4. Aloita prosessi klikkaamalla \"Aktivoi nyt\".<\/span><\/p>\n<p><a href=\"https:\/\/kraken.pxf.io\/B0Rny4\" rel=\"nofollow noopener\" target=\"_blank\"><span style=\"font-weight: 400;\"><img loading=\"lazy\" decoding=\"async\" class=\"alignnone wp-image-3405 size-full\" src=\"https:\/\/coinkickoff.com\/wp-content\/uploads\/kraken-5-e1682503294785.png\" alt=\"\" width=\"1357\" height=\"770\" srcset=\"https:\/\/coinkickoff.com\/wp-content\/uploads\/kraken-5-e1682503294785.png 1357w, https:\/\/coinkickoff.com\/wp-content\/uploads\/kraken-5-e1682503294785-300x170.png 300w, https:\/\/coinkickoff.com\/wp-content\/uploads\/kraken-5-e1682503294785-1024x581.png 1024w, https:\/\/coinkickoff.com\/wp-content\/uploads\/kraken-5-e1682503294785-768x436.png 768w, https:\/\/coinkickoff.com\/wp-content\/uploads\/kraken-5-e1682503294785-18x10.png 18w\" sizes=\"auto, (max-width: 1357px) 100vw, 1357px\" \/><\/span><\/a><\/p>\n<p><span style=\"font-weight: 400;\">Lataa ensin Google Authenticator -sovellus. Sovellus luo turvakoodin, kun skannaat QR-koodin 2FA-asetussivulla. Sy\u00f6t\u00e4 koodi ja napsauta \"Vahvista\".<\/span><\/p>\n<p><img loading=\"lazy\" decoding=\"async\" class=\"alignnone wp-image-3410 size-full\" src=\"https:\/\/coinkickoff.com\/wp-content\/uploads\/kraken6-e1682503322525.png\" alt=\"\" width=\"1357\" height=\"791\" \/><\/p>\n<h3><span class=\"ez-toc-section\" id=\"4_Add_an_Instant_Payment_Method\"><\/span><span style=\"font-weight: 400;\">4. Lis\u00e4\u00e4 v\u00e4lit\u00f6n maksutapa<\/span><span class=\"ez-toc-section-end\"><\/span><\/h3>\n<p><span style=\"font-weight: 400;\">Kun lis\u00e4\u00e4t v\u00e4litt\u00f6m\u00e4n maksutavan, voit ostaa Bitcoin tai muita digitaalisia valuuttoja Krakenista yhdell\u00e4 napsautuksella. Voit tehd\u00e4 sen klikkaamalla \"Osta kryptoa\". Valitse seuraavalla sivulla \"Lis\u00e4\u00e4 maksutapoja\".\u00a0<\/span><\/p>\n<p><img loading=\"lazy\" decoding=\"async\" class=\"alignnone wp-image-3412 size-full\" src=\"https:\/\/coinkickoff.com\/wp-content\/uploads\/kraken8-e1682503364155.png\" alt=\"miten ostaa Shiba Inu Krakenista?\" width=\"1206\" height=\"781\" srcset=\"https:\/\/coinkickoff.com\/wp-content\/uploads\/kraken8-e1682503364155.png 1206w, https:\/\/coinkickoff.com\/wp-content\/uploads\/kraken8-e1682503364155-300x194.png 300w, https:\/\/coinkickoff.com\/wp-content\/uploads\/kraken8-e1682503364155-1024x663.png 1024w, https:\/\/coinkickoff.com\/wp-content\/uploads\/kraken8-e1682503364155-768x497.png 768w, https:\/\/coinkickoff.com\/wp-content\/uploads\/kraken8-e1682503364155-18x12.png 18w\" sizes=\"auto, (max-width: 1206px) 100vw, 1206px\" \/><\/p>\n<p><span style=\"font-weight: 400;\">Valitse \"Lis\u00e4\u00e4 maksukortti\".<\/span><\/p>\n<p><img loading=\"lazy\" decoding=\"async\" class=\"alignnone wp-image-3413 size-full\" src=\"https:\/\/coinkickoff.com\/wp-content\/uploads\/kraken9-e1682503407337.png\" alt=\"Kuinka ostaa Bitcoin Krakenista?\" width=\"1196\" height=\"776\" srcset=\"https:\/\/coinkickoff.com\/wp-content\/uploads\/kraken9-e1682503407337.png 1196w, https:\/\/coinkickoff.com\/wp-content\/uploads\/kraken9-e1682503407337-300x195.png 300w, https:\/\/coinkickoff.com\/wp-content\/uploads\/kraken9-e1682503407337-1024x664.png 1024w, https:\/\/coinkickoff.com\/wp-content\/uploads\/kraken9-e1682503407337-768x498.png 768w, https:\/\/coinkickoff.com\/wp-content\/uploads\/kraken9-e1682503407337-18x12.png 18w\" sizes=\"auto, (max-width: 1196px) 100vw, 1196px\" \/><\/p>\n<p><span style=\"font-weight: 400;\">Sy\u00f6t\u00e4 seuraavalla sivulla korttisi tiedot. Kun olet lis\u00e4nnyt korttisi, voit heti ostaa Bitcoin:n alustalta.<\/span><\/p>\n<h3><span class=\"ez-toc-section\" id=\"4_Navigate_to_the_Relevant_Screen_to_Buy\"><\/span><span style=\"font-weight: 400;\">4. Siirry asiaankuuluvalle n\u00e4yt\u00f6lle ostamista varten<\/span><span class=\"ez-toc-section-end\"><\/span><\/h3>\n<p><span style=\"font-weight: 400;\">Voit ostaa Bitcoin:n kahdella tavalla osoitteesta <a href=\"https:\/\/coinkickoff.com\/fi\/binance-review\/\" data-internallinksmanager029f6b8e52c=\"152\" title=\"Binance Arvostelut 2024: Ominaisuudet, maksut, turvallisuus, hyv\u00e4t ja huonot puolet\">Binance<\/a>. Jos lis\u00e4sit tilillesi luotto- tai pankkikortin, voit k\u00e4ytt\u00e4\u00e4 v\u00e4lit\u00f6nt\u00e4 ostotoimintoa. Jos olet tallettanut tilillesi k\u00e4teist\u00e4, voit muuntaa USD BTC:ksi.<\/span><\/p>\n<p><span style=\"font-weight: 400;\">Aloitetaan luottokorttiostoista. Napsauta uudelleen \"Osta kryptoa\" ja valitse \"Osta\".<\/span><\/p>\n<p><span style=\"font-weight: 400;\">Krakenin avulla voit ostaa useita digitaalisia varoja suoraan fiatilla, mukaan lukien Bitcoin. Kirjoita vain BTC hakupalkkiin ja valitse luettelosta Bitcoin.\u00a0<\/span><\/p>\n<p><span style=\"font-weight: 400;\">Kirjoita tilauslomakkeeseen, kuinka paljon haluat k\u00e4ytt\u00e4\u00e4 BTC:hen, ja valitse maksutavaksi korttisi.<\/span><\/p>\n<p><span style=\"font-weight: 400;\">Kun napsautat \"Vahvista\", Kraken n\u00e4ytt\u00e4\u00e4 ostoosi lis\u00e4tyt maksut. Luotto- ja pankkikorttiostokset lis\u00e4\u00e4v\u00e4t tilaukseesi 3-5%-maksun, joten se voi olla hieman kallista. Se on kuitenkin sama l\u00e4hes kaikissa p\u00f6rsseiss\u00e4.<\/span><\/p>\n<p><span style=\"font-weight: 400;\">Jos olet tallettanut k\u00e4teist\u00e4 Kraken-tilillesi, voit vaihtaa USD:n BTC:ksi tai muuntaa USD:n BTC:ksi seuraavalla tavalla <\/span><a href=\"https:\/\/kraken.pxf.io\/B0Rny4convert\/shib\/usd\" target=\"_blank\" rel=\"noopener\"><span style=\"font-weight: 400;\">automaattinen muunnin<\/span><\/a><span style=\"font-weight: 400;\">. T\u00e4m\u00e4 ei ole yht\u00e4 yksinkertaista ja nopeaa kuin yhden napsautuksen osto, mutta maksut ovat paljon pienemm\u00e4t.<\/span><\/p>\n<p><span style=\"font-weight: 400;\">Automaattikonvertteri on eritt\u00e4in helppok\u00e4ytt\u00f6inen, mutta siin\u00e4 on asetettu kaupank\u00e4yntinopeus. Toisin sanoen Kraken p\u00e4\u00e4tt\u00e4\u00e4 BTC:n hinnan, kun k\u00e4yt\u00e4t t\u00e4t\u00e4 menetelm\u00e4\u00e4.<\/span><\/p>\n<p><span style=\"font-weight: 400;\">Jos haluat neuvotella hinnoista, voit perustaa oman kaupan kaupank\u00e4yntiliittym\u00e4ss\u00e4. Napsauta \"Kauppa\" ja valitse \"Uusi tilaus\". Aseta kaupank\u00e4yntiparisi meille USD\/BTC.<\/span><\/p>\n<p><span style=\"font-weight: 400;\">Kirjoita nyt summa, jonka haluat k\u00e4ytt\u00e4\u00e4 Bitcoin:hen. Kraken tarjoaa sinulle markkinahinnan BTC:lle, mutta voit s\u00e4\u00e4t\u00e4\u00e4 hintaa. Jos asettamasi hinta on markkinahintaa alhaisempi, sinun on odotettava, ett\u00e4 joku ottaa tarjouksesi vastaan, ennen kuin saat Bitcoin:n.<\/span><\/p>","protected":false},"excerpt":{"rendered":"<p>Kuinka ostaa Bitcoin Krakenista Kraken on yhdysvaltalainen veteraanipohjainen p\u00f6rssi, joka on kuuluisa korkeasta turvallisuudestaan. Voit ostaa useita altcoins:t\u00e4 sek\u00e4 Bitcoin:t\u00e4 alustalta. T\u00e4ss\u00e4 on oppaamme siit\u00e4, miten ostaa Bitcoin Krakenilta. Vaiheittainen opas siit\u00e4, miten ostaa Bitcoin Krakenilla 1. [...]<\/p>","protected":false},"author":3,"featured_media":0,"parent":3885,"menu_order":0,"comment_status":"closed","ping_status":"closed","template":"","meta":{"_genesis_hide_title":false,"_genesis_hide_breadcrumbs":false,"_genesis_hide_singular_image":false,"_genesis_hide_footer_widgets":false,"_genesis_custom_body_class":"","_genesis_custom_post_class":"","_genesis_layout":"","_glsr_average":0,"_glsr_ranking":0,"_glsr_reviews":0,"footnotes":""},"class_list":{"0":"post-3920","1":"page","2":"type-page","3":"status-publish","5":"entry"},"featured_image_src":null,"featured_image_src_square":null,"_links":{"self":[{"href":"https:\/\/coinkickoff.com\/fi\/wp-json\/wp\/v2\/pages\/3920","targetHints":{"allow":["GET"]}}],"collection":[{"href":"https:\/\/coinkickoff.com\/fi\/wp-json\/wp\/v2\/pages"}],"about":[{"href":"https:\/\/coinkickoff.com\/fi\/wp-json\/wp\/v2\/types\/page"}],"author":[{"embeddable":true,"href":"https:\/\/coinkickoff.com\/fi\/wp-json\/wp\/v2\/users\/3"}],"replies":[{"embeddable":true,"href":"https:\/\/coinkickoff.com\/fi\/wp-json\/wp\/v2\/comments?post=3920"}],"version-history":[{"count":3,"href":"https:\/\/coinkickoff.com\/fi\/wp-json\/wp\/v2\/pages\/3920\/revisions"}],"predecessor-version":[{"id":4245,"href":"https:\/\/coinkickoff.com\/fi\/wp-json\/wp\/v2\/pages\/3920\/revisions\/4245"}],"up":[{"embeddable":true,"href":"https:\/\/coinkickoff.com\/fi\/wp-json\/wp\/v2\/pages\/3885"}],"wp:attachment":[{"href":"https:\/\/coinkickoff.com\/fi\/wp-json\/wp\/v2\/media?parent=3920"}],"curies":[{"name":"wp","href":"https:\/\/api.w.org\/{rel}","templated":true}]}}