{"id":3899,"date":"2026-01-08T14:07:44","date_gmt":"2026-01-08T14:07:44","guid":{"rendered":"https:\/\/coinkickoff.com\/?page_id=3899"},"modified":"2026-01-08T14:07:44","modified_gmt":"2026-01-08T14:07:44","slug":"how-to-buy-bitcoin-on-coinbase","status":"publish","type":"page","link":"https:\/\/coinkickoff.com\/fi\/how-to-buy-bitcoin\/how-to-buy-bitcoin-on-coinbase\/","title":{"rendered":"Miten ostaa Bitcoin Coinbase-sivustolla?"},"content":{"rendered":"<div id=\"ez-toc-container\" class=\"ez-toc-v2_0_80 counter-hierarchy ez-toc-counter ez-toc-transparent ez-toc-container-direction\">\n<div class=\"ez-toc-title-container\">\n<p class=\"ez-toc-title\" style=\"cursor:inherit\">Jaksot<\/p>\n<span class=\"ez-toc-title-toggle\"><a href=\"#\" class=\"ez-toc-pull-right ez-toc-btn ez-toc-btn-xs ez-toc-btn-default ez-toc-toggle\" aria-label=\"Sis\u00e4llysluettelon vaihtaminen\"><span class=\"ez-toc-js-icon-con\"><span class=\"\"><span class=\"eztoc-hide\" style=\"display:none;\">Toggle<\/span><span class=\"ez-toc-icon-toggle-span\"><svg style=\"fill: #999;color:#999\" xmlns=\"http:\/\/www.w3.org\/2000\/svg\" class=\"list-377408\" width=\"20px\" height=\"20px\" viewbox=\"0 0 24 24\" fill=\"none\"><path d=\"M6 6H4v2h2V6zm14 0H8v2h12V6zM4 11h2v2H4v-2zm16 0H8v2h12v-2zM4 16h2v2H4v-2zm16 0H8v2h12v-2z\" fill=\"currentColor\"><\/path><\/svg><svg style=\"fill: #999;color:#999\" class=\"arrow-unsorted-368013\" xmlns=\"http:\/\/www.w3.org\/2000\/svg\" width=\"10px\" height=\"10px\" viewbox=\"0 0 24 24\" version=\"1.2\" baseprofile=\"tiny\"><path d=\"M18.2 9.3l-6.2-6.3-6.2 6.3c-.2.2-.3.4-.3.7s.1.5.3.7c.2.2.4.3.7.3h11c.3 0 .5-.1.7-.3.2-.2.3-.5.3-.7s-.1-.5-.3-.7zM5.8 14.7l6.2 6.3 6.2-6.3c.2-.2.3-.5.3-.7s-.1-.5-.3-.7c-.2-.2-.4-.3-.7-.3h-11c-.3 0-.5.1-.7.3-.2.2-.3.5-.3.7s.1.5.3.7z\"\/><\/svg><\/span><\/span><\/span><\/a><\/span><\/div>\n<nav><ul class='ez-toc-list ez-toc-list-level-1 eztoc-toggle-hide-by-default' ><li class='ez-toc-page-1 ez-toc-heading-level-2'><a class=\"ez-toc-link ez-toc-heading-1\" href=\"https:\/\/coinkickoff.com\/fi\/how-to-buy-bitcoin\/how-to-buy-bitcoin-on-coinbase\/#How_to_Buy_Bitcoin_on_Coinbase\" >Miten ostaa Bitcoin Coinbase-sivustolla?<\/a><\/li><li class='ez-toc-page-1 ez-toc-heading-level-2'><a class=\"ez-toc-link ez-toc-heading-2\" href=\"https:\/\/coinkickoff.com\/fi\/how-to-buy-bitcoin\/how-to-buy-bitcoin-on-coinbase\/#A_Step-By-Step_Guide_on_How_to_Buy_Bitcoin_on_Coinbase\" >Vaiheittainen opas Bitcoin:n ostamisesta Coinbase-pohjalta.<\/a><ul class='ez-toc-list-level-3' ><li class='ez-toc-heading-level-3'><a class=\"ez-toc-link ez-toc-heading-3\" href=\"https:\/\/coinkickoff.com\/fi\/how-to-buy-bitcoin\/how-to-buy-bitcoin-on-coinbase\/#1_Register_an_Account\" >1. Rekister\u00f6i tili<\/a><\/li><li class='ez-toc-page-1 ez-toc-heading-level-3'><a class=\"ez-toc-link ez-toc-heading-4\" href=\"https:\/\/coinkickoff.com\/fi\/how-to-buy-bitcoin\/how-to-buy-bitcoin-on-coinbase\/#2_Verify_Your_Account\" >2. Vahvista tilisi<\/a><\/li><li class='ez-toc-page-1 ez-toc-heading-level-3'><a class=\"ez-toc-link ez-toc-heading-5\" href=\"https:\/\/coinkickoff.com\/fi\/how-to-buy-bitcoin\/how-to-buy-bitcoin-on-coinbase\/#3_Deposit_FundsCrypto\" >3. Talletusrahastot\/krypto<\/a><\/li><li class='ez-toc-page-1 ez-toc-heading-level-3'><a class=\"ez-toc-link ez-toc-heading-6\" href=\"https:\/\/coinkickoff.com\/fi\/how-to-buy-bitcoin\/how-to-buy-bitcoin-on-coinbase\/#4_Navigate_to_the_Relevant_Screen_to_Buy\" >4. Siirry asiaankuuluvalle n\u00e4yt\u00f6lle ostamista varten<\/a><\/li><\/ul><\/li><\/ul><\/nav><\/div>\n<h2><span class=\"ez-toc-section\" id=\"How_to_Buy_Bitcoin_on_Coinbase\"><\/span><span style=\"font-weight: 400;\">Miten ostaa Bitcoin Coinbase-sivustolla?<\/span><span class=\"ez-toc-section-end\"><\/span><\/h2>\n<p><span style=\"font-weight: 400;\">Jos tied\u00e4t hieman <a href=\"https:\/\/coinkickoff.com\/fi\/bitcoin-btc\/\" data-internallinksmanager029f6b8e52c=\"1\" title=\"Mik\u00e4 on Bitcoin (BTC)? Hinta, historia ja ostopaikat\">Bitcoin<\/a>, olet ehk\u00e4 jo kuullut <a href=\"https:\/\/coinkickoff.com\/fi\/coinbase-review\/\" data-internallinksmanager029f6b8e52c=\"142\" title=\"Coinbase Arvostelut 2024: Ominaisuudet, maksut, turvallisuus, hyv\u00e4t ja huonot puolet\">Coinpohja<\/a>, yksi johtavista <a href=\"https:\/\/coinkickoff.com\/fi\/crypto-exchanges\/\" data-internallinksmanager029f6b8e52c=\"141\" title=\"21 Parhaat kryptovaluuttap\u00f6rssit ja sovellukset vuonna 2024\">kryptovaluuttap\u00f6rssit<\/a> maailmassa.<\/span><\/p>\n<p><span style=\"font-weight: 400;\">Coinbase on yhdysvaltalainen digitaalinen vaihtopalvelu, joka tunnetaan helppok\u00e4ytt\u00f6isyydest\u00e4\u00e4n ja siit\u00e4, ett\u00e4 se noudattaa niiden maiden lakeja ja m\u00e4\u00e4r\u00e4yksi\u00e4, joissa se toimii. Villien ja usein s\u00e4\u00e4ntelem\u00e4tt\u00f6mien kryptop\u00f6rssien meress\u00e4 se on edelleen vakauden majakka, ja siksi sit\u00e4 suositellaan usein aloitteleville kauppiaille luotettavana vaihtoehtona.\u00a0<\/span><\/p>\n<p><span style=\"font-weight: 400;\">Jos haluat aloittaa oman krypto matka ostaa joitakin BTC, <\/span><a href=\"https:\/\/coinkickoff.com\/fi\/coinbase-review\/\"><span style=\"font-weight: 400;\">Coinpohja<\/span><\/a><span style=\"font-weight: 400;\"> on looginen valinta. T\u00e4ss\u00e4 oppaassa kerromme vaiheittaisten ohjeiden avulla, miten Bitcoin ostetaan Coinpohjalta.<\/span><\/p>\n<h2><span class=\"ez-toc-section\" id=\"A_Step-By-Step_Guide_on_How_to_Buy_Bitcoin_on_Coinbase\"><\/span><span style=\"font-weight: 400;\">Vaiheittainen opas Bitcoin:n ostamisesta Coinbase-pohjalta.<\/span><span class=\"ez-toc-section-end\"><\/span><\/h2>\n<h3><span class=\"ez-toc-section\" id=\"1_Register_an_Account\"><\/span><span style=\"font-weight: 400;\">1. Rekister\u00f6i tili<\/span><span class=\"ez-toc-section-end\"><\/span><\/h3>\n<h2><img loading=\"lazy\" decoding=\"async\" class=\"alignnone wp-image-3527 size-large\" style=\"font-size: 18px; font-family: Muli, sans-serif;\" src=\"https:\/\/coinkickoff.com\/wp-content\/uploads\/Screen-Shot-2023-03-30-at-7.13.25-AM-e1686183370122-1024x538.png\" alt=\"\" width=\"1024\" height=\"538\" srcset=\"https:\/\/coinkickoff.com\/wp-content\/uploads\/Screen-Shot-2023-03-30-at-7.13.25-AM-e1686183370122-1024x538.png 1024w, https:\/\/coinkickoff.com\/wp-content\/uploads\/Screen-Shot-2023-03-30-at-7.13.25-AM-e1686183370122-300x158.png 300w, https:\/\/coinkickoff.com\/wp-content\/uploads\/Screen-Shot-2023-03-30-at-7.13.25-AM-e1686183370122-768x404.png 768w, https:\/\/coinkickoff.com\/wp-content\/uploads\/Screen-Shot-2023-03-30-at-7.13.25-AM-e1686183370122-18x9.png 18w, https:\/\/coinkickoff.com\/wp-content\/uploads\/Screen-Shot-2023-03-30-at-7.13.25-AM-e1686183370122.png 1277w\" sizes=\"auto, (max-width: 1024px) 100vw, 1024px\" \/><\/h2>\n<p><span style=\"font-weight: 400;\">Ensinn\u00e4kin, k\u00e4yt\u00e4 linkki\u00e4 siirty\u00e4ksesi osoitteeseen <\/span><a href=\"https:\/\/coinbase-consumer.sjv.io\/ORPoaG\" target=\"_blank\" rel=\"noopener\"><span style=\"font-weight: 400;\">Coinbasen virallinen verkkosivusto<\/span><\/a><span style=\"font-weight: 400;\"> ja avaa vaihtotili.<\/span><\/p>\n<p><span style=\"font-weight: 400;\">Sinun on ilmoittauduttava virallisella nimell\u00e4si. Koska Coinbase noudattaa tiukkaa KYC-politiikkaa, on t\u00e4rke\u00e4\u00e4, ett\u00e4 henkil\u00f6tietosi vastaavat henkil\u00f6llisyystietojasi, kun rekister\u00f6idyt ensimm\u00e4ist\u00e4 kertaa.<\/span><\/p>\n<p><span style=\"font-weight: 400;\">Kun olet t\u00e4ytt\u00e4nyt lomakkeen, klikkaa \"Luo tili\". Coinbase l\u00e4hett\u00e4\u00e4 sinulle vahvistuslinkin s\u00e4hk\u00f6postitse. Vahvista s\u00e4hk\u00f6postiosoitteesi klikkaamalla linkki\u00e4.\u00a0<\/span><\/p>\n<p><span style=\"font-weight: 400;\">Coinbase vaatii sinua my\u00f6s vahvistamaan matkapuhelinnumerosi kirjautuaksesi tilillesi. Sy\u00f6t\u00e4 numerot pyydett\u00e4ess\u00e4 ja kirjaudu sis\u00e4\u00e4n saamallasi tekstiviestikoodilla.<\/span><\/p>\n<h3><span class=\"ez-toc-section\" id=\"2_Verify_Your_Account\"><\/span><span style=\"font-weight: 400;\">2. Vahvista tilisi<\/span><span class=\"ez-toc-section-end\"><\/span><\/h3>\n<p><span style=\"font-weight: 400;\">Henkil\u00f6llisyyden todentaminen on v\u00e4ltt\u00e4m\u00e4t\u00f6nt\u00e4 Coinbase-j\u00e4rjestelm\u00e4ss\u00e4. Onneksi se on suoraviivainen prosessi. Napsauta vain \"Vahvista henkil\u00f6llisyytesi\" -painiketta, joka avautuu, kun kirjaudut sis\u00e4\u00e4n ensimm\u00e4ist\u00e4 kertaa. <\/span><\/p>\n<p><img loading=\"lazy\" decoding=\"async\" class=\"alignnone wp-image-3526 size-large\" src=\"https:\/\/coinkickoff.com\/wp-content\/uploads\/Screen-Shot-2023-03-30-at-6.16.20-AM-e1683779340546-1024x470.png\" alt=\"\" width=\"1024\" height=\"470\" srcset=\"https:\/\/coinkickoff.com\/wp-content\/uploads\/Screen-Shot-2023-03-30-at-6.16.20-AM-e1683779340546-1024x470.png 1024w, https:\/\/coinkickoff.com\/wp-content\/uploads\/Screen-Shot-2023-03-30-at-6.16.20-AM-e1683779340546-300x138.png 300w, https:\/\/coinkickoff.com\/wp-content\/uploads\/Screen-Shot-2023-03-30-at-6.16.20-AM-e1683779340546-768x352.png 768w, https:\/\/coinkickoff.com\/wp-content\/uploads\/Screen-Shot-2023-03-30-at-6.16.20-AM-e1683779340546-18x8.png 18w, https:\/\/coinkickoff.com\/wp-content\/uploads\/Screen-Shot-2023-03-30-at-6.16.20-AM-e1683779340546.png 1389w\" sizes=\"auto, (max-width: 1024px) 100vw, 1024px\" \/><\/p>\n<p><span style=\"font-weight: 400;\">Jos suljit ponnahdusikkunan varoituksen vahingossa, \u00e4l\u00e4 huoli. Klikkaamalla sinisell\u00e4 korostettua \"Osta ja myy\" -v\u00e4lilehte\u00e4 k\u00e4ynnist\u00e4t uuden vahvistuspyynn\u00f6n. Voit my\u00f6s napsauttaa profiilisi kuvaketta ja siirty\u00e4 \"Verification\"-v\u00e4lilehdelle k\u00e4ynnist\u00e4\u00e4ksesi prosessin manuaalisesti.<\/span><\/p>\n<p><img loading=\"lazy\" decoding=\"async\" class=\"alignnone wp-image-3525 size-full\" src=\"https:\/\/coinkickoff.com\/wp-content\/uploads\/Screen-Shot-2023-03-30-at-6.15.03-AM-e1683779367919.png\" alt=\"\" width=\"1436\" height=\"806\" srcset=\"https:\/\/coinkickoff.com\/wp-content\/uploads\/Screen-Shot-2023-03-30-at-6.15.03-AM-e1683779367919.png 1436w, https:\/\/coinkickoff.com\/wp-content\/uploads\/Screen-Shot-2023-03-30-at-6.15.03-AM-e1683779367919-300x168.png 300w, https:\/\/coinkickoff.com\/wp-content\/uploads\/Screen-Shot-2023-03-30-at-6.15.03-AM-e1683779367919-1024x575.png 1024w, https:\/\/coinkickoff.com\/wp-content\/uploads\/Screen-Shot-2023-03-30-at-6.15.03-AM-e1683779367919-768x431.png 768w, https:\/\/coinkickoff.com\/wp-content\/uploads\/Screen-Shot-2023-03-30-at-6.15.03-AM-e1683779367919-18x10.png 18w, https:\/\/coinkickoff.com\/wp-content\/uploads\/Screen-Shot-2023-03-30-at-6.15.03-AM-e1683779367919-600x338.png 600w\" sizes=\"auto, (max-width: 1436px) 100vw, 1436px\" \/><\/p>\n<p><span style=\"font-weight: 400;\">Coinbase antaa sinulle yksityiskohtaisen kyselylomakkeen t\u00e4ytett\u00e4v\u00e4ksi. Varmista, ett\u00e4 t\u00e4yt\u00e4t lomakkeen oikeilla tiedoilla. Ep\u00e4tarkat tai puuttuvat tiedot voivat viiv\u00e4stytt\u00e4\u00e4 tarkistuksen hyv\u00e4ksymist\u00e4.\u00a0\u00a0<\/span><\/p>\n<p><span style=\"font-weight: 400;\">Kun olet t\u00e4ytt\u00e4nyt lomakkeen, lataa alustalle virallinen kuvallinen henkil\u00f6todistus, kuten passin sivu tai ajokortti. Varmennus kest\u00e4\u00e4 yleens\u00e4 muutaman minuutin, ja kun se on tehty, voit tallettaa varoja ja ostaa BTC:n.<\/span><\/p>\n<h3><span class=\"ez-toc-section\" id=\"3_Deposit_FundsCrypto\"><\/span><span style=\"font-weight: 400;\">3. Talletusrahastot\/krypto<\/span><span class=\"ez-toc-section-end\"><\/span><\/h3>\n<p><span style=\"font-weight: 400;\">Seuraava vaihe on lis\u00e4t\u00e4 maksutapa Coinbase-tilillesi. Klikkaa profiilikuvaketta (oikeassa yl\u00e4kulmassa) siirty\u00e4ksesi tilisi asetuksiin. <\/span><\/p>\n<p><img loading=\"lazy\" decoding=\"async\" class=\"alignnone wp-image-3521 size-full\" src=\"https:\/\/coinkickoff.com\/wp-content\/uploads\/Screen-Shot-2023-03-29-at-10.44.01-PM-e1683779393247.png\" alt=\"\" width=\"1396\" height=\"673\" srcset=\"https:\/\/coinkickoff.com\/wp-content\/uploads\/Screen-Shot-2023-03-29-at-10.44.01-PM-e1683779393247.png 1396w, https:\/\/coinkickoff.com\/wp-content\/uploads\/Screen-Shot-2023-03-29-at-10.44.01-PM-e1683779393247-300x145.png 300w, https:\/\/coinkickoff.com\/wp-content\/uploads\/Screen-Shot-2023-03-29-at-10.44.01-PM-e1683779393247-1024x494.png 1024w, https:\/\/coinkickoff.com\/wp-content\/uploads\/Screen-Shot-2023-03-29-at-10.44.01-PM-e1683779393247-768x370.png 768w, https:\/\/coinkickoff.com\/wp-content\/uploads\/Screen-Shot-2023-03-29-at-10.44.01-PM-e1683779393247-18x9.png 18w\" sizes=\"auto, (max-width: 1396px) 100vw, 1396px\" \/><\/p>\n<p><span style=\"font-weight: 400;\">Napsauta \"Maksutavat\"-v\u00e4lilehte\u00e4.<\/span><\/p>\n<p><img loading=\"lazy\" decoding=\"async\" class=\"alignnone wp-image-3522 size-full\" src=\"https:\/\/coinkickoff.com\/wp-content\/uploads\/Screen-Shot-2023-03-29-at-10.44.08-PM-e1683779417928.png\" alt=\"\" width=\"1414\" height=\"719\" srcset=\"https:\/\/coinkickoff.com\/wp-content\/uploads\/Screen-Shot-2023-03-29-at-10.44.08-PM-e1683779417928.png 1414w, https:\/\/coinkickoff.com\/wp-content\/uploads\/Screen-Shot-2023-03-29-at-10.44.08-PM-e1683779417928-300x153.png 300w, https:\/\/coinkickoff.com\/wp-content\/uploads\/Screen-Shot-2023-03-29-at-10.44.08-PM-e1683779417928-1024x521.png 1024w, https:\/\/coinkickoff.com\/wp-content\/uploads\/Screen-Shot-2023-03-29-at-10.44.08-PM-e1683779417928-768x391.png 768w, https:\/\/coinkickoff.com\/wp-content\/uploads\/Screen-Shot-2023-03-29-at-10.44.08-PM-e1683779417928-18x9.png 18w\" sizes=\"auto, (max-width: 1414px) 100vw, 1414px\" \/><\/p>\n<p><span style=\"font-weight: 400;\">Paina nyt \"Lis\u00e4\u00e4 maksutapa\" -painiketta n\u00e4hd\u00e4ksesi vaihtoehtosi.<\/span><\/p>\n<p><img loading=\"lazy\" decoding=\"async\" class=\"alignnone wp-image-3523 size-full\" src=\"https:\/\/coinkickoff.com\/wp-content\/uploads\/Screen-Shot-2023-03-29-at-10.44.22-PM-e1683779442560.png\" alt=\"\" width=\"1403\" height=\"737\" srcset=\"https:\/\/coinkickoff.com\/wp-content\/uploads\/Screen-Shot-2023-03-29-at-10.44.22-PM-e1683779442560.png 1403w, https:\/\/coinkickoff.com\/wp-content\/uploads\/Screen-Shot-2023-03-29-at-10.44.22-PM-e1683779442560-300x158.png 300w, https:\/\/coinkickoff.com\/wp-content\/uploads\/Screen-Shot-2023-03-29-at-10.44.22-PM-e1683779442560-1024x538.png 1024w, https:\/\/coinkickoff.com\/wp-content\/uploads\/Screen-Shot-2023-03-29-at-10.44.22-PM-e1683779442560-768x403.png 768w, https:\/\/coinkickoff.com\/wp-content\/uploads\/Screen-Shot-2023-03-29-at-10.44.22-PM-e1683779442560-18x9.png 18w\" sizes=\"auto, (max-width: 1403px) 100vw, 1403px\" \/><\/p>\n<p><span style=\"font-weight: 400;\">Maksutavat vaihtelevat maittain. Yhdysvalloissa asuvat k\u00e4ytt\u00e4j\u00e4t voivat helposti yhdist\u00e4\u00e4 yhdysvaltalaisen pankkitilins\u00e4 alustaan tehd\u00e4kseen fiat-valuuttatalletuksia. Euroopassa asuvat k\u00e4ytt\u00e4j\u00e4t voivat k\u00e4ytt\u00e4\u00e4 my\u00f6s SEPA- ja tilisiirtoja.<\/span><\/p>\n<p><span style=\"font-weight: 400;\">Yleisimm\u00e4t maksutavat, joita l\u00e4hes kuka tahansa voi k\u00e4ytt\u00e4\u00e4, ovat pankki- ja luottokortit. Digitaalisen omaisuuden ostaminen pankki- ja luottokorteilla on eritt\u00e4in helppoa ja nopeaa. Valitettavasti yksi haittapuoli on maksujen k\u00e4sittelyyn liittyv\u00e4t lis\u00e4maksut. Yleens\u00e4 Coinbase veloittaa 3-5%-maksun kaikista luotto- ja debit- coin-ostoista.<\/span><\/p>\n<p><span style=\"font-weight: 400;\">Napsauta haluamaasi menetelm\u00e4\u00e4. Jos valitset pankkisiirron, seuraa n\u00e4yt\u00f6n ohjeita pankkitilisi yhdist\u00e4miseksi Coinbase-tiliisi.<\/span><\/p>\n<p><span style=\"font-weight: 400;\">Voit my\u00f6s valita luotto-\/pankkikorttivaihtoehdon ja noudattaa alla olevia ohjeita.<\/span><\/p>\n<p><img loading=\"lazy\" decoding=\"async\" class=\"alignnone wp-image-3524 size-full\" src=\"https:\/\/coinkickoff.com\/wp-content\/uploads\/Screen-Shot-2023-03-29-at-10.44.29-PM-e1683779464552.png\" alt=\"\" width=\"1407\" height=\"730\" srcset=\"https:\/\/coinkickoff.com\/wp-content\/uploads\/Screen-Shot-2023-03-29-at-10.44.29-PM-e1683779464552.png 1407w, https:\/\/coinkickoff.com\/wp-content\/uploads\/Screen-Shot-2023-03-29-at-10.44.29-PM-e1683779464552-300x156.png 300w, https:\/\/coinkickoff.com\/wp-content\/uploads\/Screen-Shot-2023-03-29-at-10.44.29-PM-e1683779464552-1024x531.png 1024w, https:\/\/coinkickoff.com\/wp-content\/uploads\/Screen-Shot-2023-03-29-at-10.44.29-PM-e1683779464552-768x398.png 768w, https:\/\/coinkickoff.com\/wp-content\/uploads\/Screen-Shot-2023-03-29-at-10.44.29-PM-e1683779464552-18x9.png 18w\" sizes=\"auto, (max-width: 1407px) 100vw, 1407px\" \/><\/p>\n<p><span style=\"font-weight: 400;\">Kirjoita ensin korttiin kirjoitettu nimesi. Huomaa, ett\u00e4 kortissa olevan nimen on vastattava henkil\u00f6llisyystodistukseen merkitty\u00e4 virallista nime\u00e4si. Sy\u00f6t\u00e4 kortin numero, voimassaoloaika ja CVC-tunnuksesi. CVC on yleens\u00e4 kolminumeroinen koodi, joka on kirjoitettu kortin k\u00e4\u00e4nt\u00f6puolelle. Sy\u00f6t\u00e4 lopuksi postinumerosi ja paina \"Add Card\" -painiketta.<\/span><\/p>\n<h3><span class=\"ez-toc-section\" id=\"4_Navigate_to_the_Relevant_Screen_to_Buy\"><\/span><span style=\"font-weight: 400;\">4. Siirry asiaankuuluvalle n\u00e4yt\u00f6lle ostamista varten<\/span><span class=\"ez-toc-section-end\"><\/span><\/h3>\n<p><span style=\"font-weight: 400;\">Mene kotisivullesi ja napsauta sinisell\u00e4 korostettua \"Osta ja myy\" -painiketta. T\u00e4m\u00e4 avaa yhden napsautuksen ostolomakkeen. <\/span><\/p>\n<p><img loading=\"lazy\" decoding=\"async\" class=\"alignnone wp-image-3811 size-full\" src=\"https:\/\/coinkickoff.com\/wp-content\/uploads\/Screen-Shot-2023-06-08-at-3.20.32-AM-1-e1686183860887.png\" alt=\"miten ostaa shiba inu on coinbase\" width=\"1295\" height=\"655\" \/><\/p>\n<p><span style=\"font-weight: 400;\">Kirjoita vain summa, jonka haluat k\u00e4ytt\u00e4\u00e4. Ostovidgetin oletusarvona on BTC, mutta voit vaihtaa sen muihin digitaalisiin varoihin napsauttamalla sen vieress\u00e4 olevaa nuolta.<\/span><\/p>\n<p><span style=\"font-weight: 400;\">Napsauta \"Maksa maksuv\u00e4lineell\u00e4\" -ruutua ja valitse maksutavaksi luotto- tai pankkikorttisi.<\/span><\/p>\n<p><span style=\"font-weight: 400;\">Jos katsot sy\u00f6tt\u00e4m\u00e4si summan alta, huomaat toisen laatikon, jossa lukee \"Kertaostos\". T\u00e4m\u00e4kin on oletusasetus, mutta voit muuttaa sen niin, ett\u00e4 Coinbase tekee automaattiset toistuvat ostot puolestasi viikoittain tai kuukausittain.\u00a0<\/span><\/p>\n<p><span style=\"font-weight: 400;\">Kun olet t\u00e4ytt\u00e4nyt lomakkeen, napsauta \"Esikatselu Osta\". <\/span><\/p>\n<p><img loading=\"lazy\" decoding=\"async\" class=\"alignnone wp-image-3519 size-full\" src=\"https:\/\/coinkickoff.com\/wp-content\/uploads\/Screen-Shot-2023-03-29-at-10.39.23-PM-e1683779487708.png\" alt=\"miten ostaa dogecoin on coinbaseMiten ostaa Bitcoin on Coinbase\" width=\"1439\" height=\"763\" srcset=\"https:\/\/coinkickoff.com\/wp-content\/uploads\/Screen-Shot-2023-03-29-at-10.39.23-PM-e1683779487708.png 1439w, https:\/\/coinkickoff.com\/wp-content\/uploads\/Screen-Shot-2023-03-29-at-10.39.23-PM-e1683779487708-300x159.png 300w, https:\/\/coinkickoff.com\/wp-content\/uploads\/Screen-Shot-2023-03-29-at-10.39.23-PM-e1683779487708-1024x543.png 1024w, https:\/\/coinkickoff.com\/wp-content\/uploads\/Screen-Shot-2023-03-29-at-10.39.23-PM-e1683779487708-768x407.png 768w, https:\/\/coinkickoff.com\/wp-content\/uploads\/Screen-Shot-2023-03-29-at-10.39.23-PM-e1683779487708-18x10.png 18w\" sizes=\"auto, (max-width: 1439px) 100vw, 1439px\" \/><\/p>\n<p><span style=\"font-weight: 400;\">Coinpohja n\u00e4ytt\u00e4\u00e4 sinulle maksettavan BTC:n m\u00e4\u00e4r\u00e4n sek\u00e4 mahdolliset veloitettavat maksut. Jos olet tyytyv\u00e4inen tilaukseesi, voit viimeistell\u00e4 sen napsauttamalla \"Osta nyt\".\u00a0<\/span><\/p>","protected":false},"excerpt":{"rendered":"<p>Miten ostaa Bitcoin Coinbase Jos tied\u00e4t hieman Bitcoin:st\u00e4, olet ehk\u00e4 jo kuullut Coinbase:sta, joka on yksi maailman johtavista kryptovaluuttap\u00f6rsseist\u00e4. Coinbase on yhdysvaltalainen digitaalinen p\u00f6rssi, joka tunnetaan helppok\u00e4ytt\u00f6isyydest\u00e4\u00e4n ja siit\u00e4, ett\u00e4 se noudattaa niiden maiden lakeja ja m\u00e4\u00e4r\u00e4yksi\u00e4, joissa se toimii. [...]<\/p>","protected":false},"author":3,"featured_media":0,"parent":3885,"menu_order":0,"comment_status":"closed","ping_status":"closed","template":"","meta":{"_genesis_hide_title":false,"_genesis_hide_breadcrumbs":false,"_genesis_hide_singular_image":false,"_genesis_hide_footer_widgets":false,"_genesis_custom_body_class":"","_genesis_custom_post_class":"","_genesis_layout":"","_glsr_average":0,"_glsr_ranking":0,"_glsr_reviews":0,"footnotes":""},"class_list":{"0":"post-3899","1":"page","2":"type-page","3":"status-publish","5":"entry"},"featured_image_src":null,"featured_image_src_square":null,"_links":{"self":[{"href":"https:\/\/coinkickoff.com\/fi\/wp-json\/wp\/v2\/pages\/3899","targetHints":{"allow":["GET"]}}],"collection":[{"href":"https:\/\/coinkickoff.com\/fi\/wp-json\/wp\/v2\/pages"}],"about":[{"href":"https:\/\/coinkickoff.com\/fi\/wp-json\/wp\/v2\/types\/page"}],"author":[{"embeddable":true,"href":"https:\/\/coinkickoff.com\/fi\/wp-json\/wp\/v2\/users\/3"}],"replies":[{"embeddable":true,"href":"https:\/\/coinkickoff.com\/fi\/wp-json\/wp\/v2\/comments?post=3899"}],"version-history":[{"count":1,"href":"https:\/\/coinkickoff.com\/fi\/wp-json\/wp\/v2\/pages\/3899\/revisions"}],"predecessor-version":[{"id":3900,"href":"https:\/\/coinkickoff.com\/fi\/wp-json\/wp\/v2\/pages\/3899\/revisions\/3900"}],"up":[{"embeddable":true,"href":"https:\/\/coinkickoff.com\/fi\/wp-json\/wp\/v2\/pages\/3885"}],"wp:attachment":[{"href":"https:\/\/coinkickoff.com\/fi\/wp-json\/wp\/v2\/media?parent=3899"}],"curies":[{"name":"wp","href":"https:\/\/api.w.org\/{rel}","templated":true}]}}