{"id":3892,"date":"2026-01-08T14:07:43","date_gmt":"2026-01-08T14:07:43","guid":{"rendered":"https:\/\/coinkickoff.com\/?page_id=3892"},"modified":"2026-01-08T14:07:43","modified_gmt":"2026-01-08T14:07:43","slug":"how-to-buy-bitcoin-on-okx","status":"publish","type":"page","link":"https:\/\/coinkickoff.com\/fi\/how-to-buy-bitcoin\/how-to-buy-bitcoin-on-okx\/","title":{"rendered":"Miten ostaa Bitcoin OKX:ll\u00e4?"},"content":{"rendered":"<div id=\"ez-toc-container\" class=\"ez-toc-v2_0_80 counter-hierarchy ez-toc-counter ez-toc-transparent ez-toc-container-direction\">\n<div class=\"ez-toc-title-container\">\n<p class=\"ez-toc-title\" style=\"cursor:inherit\">Jaksot<\/p>\n<span class=\"ez-toc-title-toggle\"><a href=\"#\" class=\"ez-toc-pull-right ez-toc-btn ez-toc-btn-xs ez-toc-btn-default ez-toc-toggle\" aria-label=\"Sis\u00e4llysluettelon vaihtaminen\"><span class=\"ez-toc-js-icon-con\"><span class=\"\"><span class=\"eztoc-hide\" style=\"display:none;\">Toggle<\/span><span class=\"ez-toc-icon-toggle-span\"><svg style=\"fill: #999;color:#999\" xmlns=\"http:\/\/www.w3.org\/2000\/svg\" class=\"list-377408\" width=\"20px\" height=\"20px\" viewbox=\"0 0 24 24\" fill=\"none\"><path d=\"M6 6H4v2h2V6zm14 0H8v2h12V6zM4 11h2v2H4v-2zm16 0H8v2h12v-2zM4 16h2v2H4v-2zm16 0H8v2h12v-2z\" fill=\"currentColor\"><\/path><\/svg><svg style=\"fill: #999;color:#999\" class=\"arrow-unsorted-368013\" xmlns=\"http:\/\/www.w3.org\/2000\/svg\" width=\"10px\" height=\"10px\" viewbox=\"0 0 24 24\" version=\"1.2\" baseprofile=\"tiny\"><path d=\"M18.2 9.3l-6.2-6.3-6.2 6.3c-.2.2-.3.4-.3.7s.1.5.3.7c.2.2.4.3.7.3h11c.3 0 .5-.1.7-.3.2-.2.3-.5.3-.7s-.1-.5-.3-.7zM5.8 14.7l6.2 6.3 6.2-6.3c.2-.2.3-.5.3-.7s-.1-.5-.3-.7c-.2-.2-.4-.3-.7-.3h-11c-.3 0-.5.1-.7.3-.2.2-.3.5-.3.7s.1.5.3.7z\"\/><\/svg><\/span><\/span><\/span><\/a><\/span><\/div>\n<nav><ul class='ez-toc-list ez-toc-list-level-1 eztoc-toggle-hide-by-default' ><li class='ez-toc-page-1 ez-toc-heading-level-2'><a class=\"ez-toc-link ez-toc-heading-1\" href=\"https:\/\/coinkickoff.com\/fi\/how-to-buy-bitcoin\/how-to-buy-bitcoin-on-okx\/#How_to_Buy_Bitcoin_on_OKX\" >Miten ostaa Bitcoin OKX:ll\u00e4?<\/a><\/li><li class='ez-toc-page-1 ez-toc-heading-level-2'><a class=\"ez-toc-link ez-toc-heading-2\" href=\"https:\/\/coinkickoff.com\/fi\/how-to-buy-bitcoin\/how-to-buy-bitcoin-on-okx\/#A_Step-By-Step_Guide_on_How_to_Buy_Bitcoin_on_OKX\" >Vaiheittainen opas Bitcoin:n ostamisesta OKX:lt\u00e4.<\/a><ul class='ez-toc-list-level-3' ><li class='ez-toc-heading-level-3'><a class=\"ez-toc-link ez-toc-heading-3\" href=\"https:\/\/coinkickoff.com\/fi\/how-to-buy-bitcoin\/how-to-buy-bitcoin-on-okx\/#1_Register_an_Account\" >1. Rekister\u00f6i tili<\/a><\/li><li class='ez-toc-page-1 ez-toc-heading-level-3'><a class=\"ez-toc-link ez-toc-heading-4\" href=\"https:\/\/coinkickoff.com\/fi\/how-to-buy-bitcoin\/how-to-buy-bitcoin-on-okx\/#2_Verify_Your_Account\" >2. Vahvista tilisi<\/a><\/li><li class='ez-toc-page-1 ez-toc-heading-level-3'><a class=\"ez-toc-link ez-toc-heading-5\" href=\"https:\/\/coinkickoff.com\/fi\/how-to-buy-bitcoin\/how-to-buy-bitcoin-on-okx\/#3_Deposit_FundsCrypto\" >3. Talletusrahastot\/krypto<\/a><\/li><li class='ez-toc-page-1 ez-toc-heading-level-3'><a class=\"ez-toc-link ez-toc-heading-6\" href=\"https:\/\/coinkickoff.com\/fi\/how-to-buy-bitcoin\/how-to-buy-bitcoin-on-okx\/#4_Navigate_to_the_Relevant_Screen_to_Buy\" >4. Siirry asiaankuuluvalle n\u00e4yt\u00f6lle ostamista varten<\/a><\/li><\/ul><\/li><\/ul><\/nav><\/div>\n<h2><span class=\"ez-toc-section\" id=\"How_to_Buy_Bitcoin_on_OKX\"><\/span><span style=\"font-weight: 400;\">Miten ostaa Bitcoin OKX:ll\u00e4?<\/span><span class=\"ez-toc-section-end\"><\/span><\/h2>\n<p><a href=\"https:\/\/coinkickoff.com\/fi\/okx-review\/\"><span style=\"font-weight: 400;\">OKX<\/span><\/a><span style=\"font-weight: 400;\"> on maailmanlaajuinen p\u00f6rssi, joka myy satoja digitaalisia hy\u00f6dykkeit\u00e4, kuten <a href=\"https:\/\/coinkickoff.com\/fi\/bitcoin-btc\/\" data-internallinksmanager029f6b8e52c=\"1\" title=\"Mik\u00e4 on Bitcoin (BTC)? Hinta, historia ja ostopaikat\">Bitcoin<\/a>, maailman arvokkain kryptovaluutta. Voit helposti ostaa BTC <a href=\"https:\/\/coinkickoff.com\/fi\/okx-review\/\" data-internallinksmanager029f6b8e52c=\"150\" title=\"OKX Arvostelut 2023: Maksut, ominaisuudet, turvallisuus, edut ja haitat\">OKX<\/a> yksinkertaisen yhden napsautuksen ostok\u00e4ytt\u00f6liittym\u00e4n kautta.<\/span><\/p>\n<p><span style=\"font-weight: 400;\">Jos olet valmis aloittamaan Bitcoin-seikkailusi OKX:ss\u00e4, mutta et ole varma, mit\u00e4 tehd\u00e4, \u00e4l\u00e4 huoli. T\u00e4ss\u00e4 on yksityiskohtainen opas siit\u00e4, miten ostaa Bitcoin OKX:lt\u00e4.<\/span><\/p>\n<h2><span class=\"ez-toc-section\" id=\"A_Step-By-Step_Guide_on_How_to_Buy_Bitcoin_on_OKX\"><\/span><span style=\"font-weight: 400;\">Vaiheittainen opas Bitcoin:n ostamisesta OKX:lt\u00e4.<\/span><span class=\"ez-toc-section-end\"><\/span><\/h2>\n<h3><span class=\"ez-toc-section\" id=\"1_Register_an_Account\"><\/span><span style=\"font-weight: 400;\">1. Rekister\u00f6i tili<\/span><span class=\"ez-toc-section-end\"><\/span><\/h3>\n<p><span style=\"font-weight: 400;\">Aloitetaan menem\u00e4ll\u00e4 <\/span><a href=\"https:\/\/www.okx.com\/join\/65358827?irclickid=wGZRfu0xLxyPUxZS3K3eC293UkAS%3A3XkEUiYUw0&amp;Channelid=&amp;sharedid=&amp;irgwc=1\" target=\"_blank\" rel=\"noopener\"><span style=\"font-weight: 400;\">OKX:n verkkosivusto<\/span><\/a><span style=\"font-weight: 400;\"> ja luoda tili.\u00a0 <\/span><\/p>\n<p><img loading=\"lazy\" decoding=\"async\" class=\"alignnone wp-image-3286 size-full\" src=\"https:\/\/coinkickoff.com\/wp-content\/uploads\/okx-sign-up.png\" alt=\"miten ostaa dogecoin on okx rekister\u00f6ity\u00e4\" width=\"1410\" height=\"721\" srcset=\"https:\/\/coinkickoff.com\/wp-content\/uploads\/okx-sign-up.png 1410w, https:\/\/coinkickoff.com\/wp-content\/uploads\/okx-sign-up-300x153.png 300w, https:\/\/coinkickoff.com\/wp-content\/uploads\/okx-sign-up-1024x524.png 1024w, https:\/\/coinkickoff.com\/wp-content\/uploads\/okx-sign-up-768x393.png 768w, https:\/\/coinkickoff.com\/wp-content\/uploads\/okx-sign-up-18x9.png 18w\" sizes=\"auto, (max-width: 1410px) 100vw, 1410px\" \/><\/p>\n<p><span style=\"font-weight: 400;\">Voit rekister\u00f6ity\u00e4 OKX:\u00e4\u00e4n s\u00e4hk\u00f6postilla, puhelinnumerolla tai jopa Google- tai Telegram-tilill\u00e4si.\u00a0\u00a0<\/span><\/p>\n<h3><span class=\"ez-toc-section\" id=\"2_Verify_Your_Account\"><\/span><span style=\"font-weight: 400;\">2. Vahvista tilisi<\/span><span class=\"ez-toc-section-end\"><\/span><\/h3>\n<p><span style=\"font-weight: 400;\">Jos haluat ostaa Bitcoin:n jo omistamillasi digitaalisilla varoilla, voit ohittaa henkil\u00f6llisyyden tarkistamisen. OKX:n avulla voit k\u00e4yd\u00e4 kauppaa kryptovaluutoilla ilman henkil\u00f6llisyytesi tarkistamista. Voit yksinkertaisesti l\u00e4hett\u00e4\u00e4 coins:n OKX-lompakkoon ja vaihtaa ne BTC:hen.\u00a0<\/span><\/p>\n<p><span style=\"font-weight: 400;\">Toisaalta, jos et viel\u00e4 omista coins:t\u00e4 tai haluat ostaa BTC:t\u00e4 fiat-rahalla, sinun on suoritettava henkil\u00f6llisyyden vahvistusprosessi.<\/span><\/p>\n<p><span style=\"font-weight: 400;\">Se on melko suoraviivaista. Paina sivun oikeassa yl\u00e4kulmassa olevaa profiilikuvaketta ja valitse vahvistusv\u00e4lilehti.<\/span><\/p>\n<p><img loading=\"lazy\" decoding=\"async\" class=\"alignnone wp-image-3287 size-full\" src=\"https:\/\/coinkickoff.com\/wp-content\/uploads\/okx-verif.png\" alt=\"\" width=\"1417\" height=\"694\" srcset=\"https:\/\/coinkickoff.com\/wp-content\/uploads\/okx-verif.png 1417w, https:\/\/coinkickoff.com\/wp-content\/uploads\/okx-verif-300x147.png 300w, https:\/\/coinkickoff.com\/wp-content\/uploads\/okx-verif-1024x502.png 1024w, https:\/\/coinkickoff.com\/wp-content\/uploads\/okx-verif-768x376.png 768w, https:\/\/coinkickoff.com\/wp-content\/uploads\/okx-verif-18x9.png 18w\" sizes=\"auto, (max-width: 1417px) 100vw, 1417px\" \/><\/p>\n<p><span style=\"font-weight: 400;\">Vahvistussivulla voit valita, onko kyseess\u00e4 yksityinen tili vai yritystili. Ellet harjoita kaupank\u00e4ynti\u00e4 yrityksen puolesta, sinun on valittava henkil\u00f6kohtainen tili ja painettava \"Jatka\".<\/span><\/p>\n<p><img loading=\"lazy\" decoding=\"async\" class=\"alignnone wp-image-3288 size-full\" src=\"https:\/\/coinkickoff.com\/wp-content\/uploads\/okx-ver2.png\" alt=\"\" width=\"1426\" height=\"486\" srcset=\"https:\/\/coinkickoff.com\/wp-content\/uploads\/okx-ver2.png 1426w, https:\/\/coinkickoff.com\/wp-content\/uploads\/okx-ver2-300x102.png 300w, https:\/\/coinkickoff.com\/wp-content\/uploads\/okx-ver2-1024x349.png 1024w, https:\/\/coinkickoff.com\/wp-content\/uploads\/okx-ver2-768x262.png 768w, https:\/\/coinkickoff.com\/wp-content\/uploads\/okx-ver2-18x6.png 18w\" sizes=\"auto, (max-width: 1426px) 100vw, 1426px\" \/><\/p>\n<p><span style=\"font-weight: 400;\">T\u00e4yt\u00e4 nyt lomake ja varmista, ett\u00e4 kirjoitat nimesi sellaisena kuin se on virallisessa henkil\u00f6todistuksessasi. Sinua pyydet\u00e4\u00e4n my\u00f6s lataamaan virallinen kuvallinen henkil\u00f6todistus henkil\u00f6llisyytesi vahvistamiseksi.<\/span><\/p>\n<p><img loading=\"lazy\" decoding=\"async\" class=\"alignnone wp-image-3289 size-full\" src=\"https:\/\/coinkickoff.com\/wp-content\/uploads\/okx-ver3.png\" alt=\"\" width=\"1427\" height=\"666\" srcset=\"https:\/\/coinkickoff.com\/wp-content\/uploads\/okx-ver3.png 1427w, https:\/\/coinkickoff.com\/wp-content\/uploads\/okx-ver3-300x140.png 300w, https:\/\/coinkickoff.com\/wp-content\/uploads\/okx-ver3-1024x478.png 1024w, https:\/\/coinkickoff.com\/wp-content\/uploads\/okx-ver3-768x358.png 768w, https:\/\/coinkickoff.com\/wp-content\/uploads\/okx-ver3-18x8.png 18w\" sizes=\"auto, (max-width: 1427px) 100vw, 1427px\" \/><\/p>\n<h3><span class=\"ez-toc-section\" id=\"3_Deposit_FundsCrypto\"><\/span><span style=\"font-weight: 400;\">3. Talletusrahastot\/krypto<\/span><span class=\"ez-toc-section-end\"><\/span><\/h3>\n<p><span style=\"font-weight: 400;\">Napsauta profiilikuvaketta uudelleen ja valitse \"Yleiskatsaus\"-v\u00e4lilehti. Kuten n\u00e4et, vaihtoehtosi ovat krypton ostaminen luottokortilla tai coins:n tallettaminen OKX-lompakkoon.\u00a0<\/span><\/p>\n<p><span style=\"font-weight: 400;\">Jos sinulla on jo coins, klikkaa \"Talletus\" ja noudata ohjeita talletuksen suorittamiseksi OKX:\u00e4\u00e4n.<\/span><\/p>\n<p><span style=\"font-weight: 400;\">Jos haluat ostaa Bitcoin:n luottokortilla, valitse \"Osta kortilla\".<\/span><\/p>\n<p><img loading=\"lazy\" decoding=\"async\" class=\"alignnone wp-image-3290 size-full\" src=\"https:\/\/coinkickoff.com\/wp-content\/uploads\/okx-verif-1.png\" alt=\"\" width=\"1417\" height=\"694\" srcset=\"https:\/\/coinkickoff.com\/wp-content\/uploads\/okx-verif-1.png 1417w, https:\/\/coinkickoff.com\/wp-content\/uploads\/okx-verif-1-300x147.png 300w, https:\/\/coinkickoff.com\/wp-content\/uploads\/okx-verif-1-1024x502.png 1024w, https:\/\/coinkickoff.com\/wp-content\/uploads\/okx-verif-1-768x376.png 768w, https:\/\/coinkickoff.com\/wp-content\/uploads\/okx-verif-1-18x9.png 18w\" sizes=\"auto, (max-width: 1417px) 100vw, 1417px\" \/><\/p>\n<h3><span class=\"ez-toc-section\" id=\"4_Navigate_to_the_Relevant_Screen_to_Buy\"><\/span><span style=\"font-weight: 400;\">4. Siirry asiaankuuluvalle n\u00e4yt\u00f6lle ostamista varten<\/span><span class=\"ez-toc-section-end\"><\/span><\/h3>\n<p><span style=\"font-weight: 400;\">Jos valitset \"Osta kortilla\", p\u00e4\u00e4set yhden klikkauksen ostosivulle.<\/span><\/p>\n<p><img loading=\"lazy\" decoding=\"async\" class=\"alignnone wp-image-3291 size-full\" src=\"https:\/\/coinkickoff.com\/wp-content\/uploads\/Screen-Shot-2023-03-24-at-5.59.53-AM-e1686184694963.png\" alt=\"Miten ostaa Bitcoin OKX:ll\u00e4?\" width=\"1439\" height=\"802\" \/><\/p>\n<p><span style=\"font-weight: 400;\">Kirjoita haluamasi raham\u00e4\u00e4r\u00e4 sarakkeeseen \"Sin\u00e4 maksat\". N\u00e4et kuinka paljon BTC:t\u00e4 saat sarakkeessa \"Saat\". Osto-widget on oletusarvoisesti asetettu BTC:hen, mutta voit s\u00e4\u00e4t\u00e4\u00e4 sit\u00e4 my\u00f6s manuaalisesti napsauttamalla sen nimen vieress\u00e4 olevaa pient\u00e4 nuolta.<\/span><\/p>\n<p><span style=\"font-weight: 400;\">Kun olet t\u00e4ytt\u00e4nyt lomakkeen, tarkista tilauksesi tiedot. Jos kaikki n\u00e4ytt\u00e4\u00e4 hyv\u00e4lt\u00e4, paina \"Osta BTC\".<\/span><\/p>\n<p>&nbsp;<\/p>\n<p><img loading=\"lazy\" decoding=\"async\" class=\"alignnone wp-image-3292 size-full\" src=\"https:\/\/coinkickoff.com\/wp-content\/uploads\/buydogeend.png\" alt=\"\" width=\"1432\" height=\"798\" srcset=\"https:\/\/coinkickoff.com\/wp-content\/uploads\/buydogeend.png 1432w, https:\/\/coinkickoff.com\/wp-content\/uploads\/buydogeend-300x167.png 300w, https:\/\/coinkickoff.com\/wp-content\/uploads\/buydogeend-1024x571.png 1024w, https:\/\/coinkickoff.com\/wp-content\/uploads\/buydogeend-768x428.png 768w, https:\/\/coinkickoff.com\/wp-content\/uploads\/buydogeend-18x10.png 18w\" sizes=\"auto, (max-width: 1432px) 100vw, 1432px\" \/><\/p>\n<p><span style=\"font-weight: 400;\">Nyt on aika valita maksutapa. OKX tukee useita maksutapoja ja kolmannen osapuolen maksuprosessoreita, kuten Simplex, Banxa ja Mercuryo. Voit my\u00f6s muodostaa yhteyden Payoneer- tai Revolut-tiliisi maksaaksesi ostoksesi.<\/span><\/p>\n<p><span style=\"font-weight: 400;\">Valitse maksutapasi ja napsauta \"Vahvista\". Ja se on siin\u00e4! Tied\u00e4t nyt, miten ostaa Bitcoin OKX:lt\u00e4.<\/span><\/p>","protected":false},"excerpt":{"rendered":"<p>Kuinka ostaa Bitcoin OKX:ss\u00e4 OKX on maailmanlaajuinen p\u00f6rssi, joka myy satoja digitaalisia varoja, mukaan lukien Bitcoin, maailman arvokkain kryptovaluutta. Voit helposti ostaa 1TP1212T:n OKX:lt\u00e4 yksinkertaisen yhden napsautuksen ostorajapinnan kautta. Jos olet valmis aloittamaan Bitcoin-seikkailusi OKX:ss\u00e4, mutta et ole varma, mit\u00e4 tehd\u00e4, \u00e4l\u00e4 [...]<\/p>","protected":false},"author":3,"featured_media":0,"parent":3885,"menu_order":0,"comment_status":"closed","ping_status":"closed","template":"","meta":{"_genesis_hide_title":false,"_genesis_hide_breadcrumbs":false,"_genesis_hide_singular_image":false,"_genesis_hide_footer_widgets":false,"_genesis_custom_body_class":"","_genesis_custom_post_class":"","_genesis_layout":"","_glsr_average":0,"_glsr_ranking":0,"_glsr_reviews":0,"footnotes":""},"class_list":{"0":"post-3892","1":"page","2":"type-page","3":"status-publish","5":"entry"},"featured_image_src":null,"featured_image_src_square":null,"_links":{"self":[{"href":"https:\/\/coinkickoff.com\/fi\/wp-json\/wp\/v2\/pages\/3892","targetHints":{"allow":["GET"]}}],"collection":[{"href":"https:\/\/coinkickoff.com\/fi\/wp-json\/wp\/v2\/pages"}],"about":[{"href":"https:\/\/coinkickoff.com\/fi\/wp-json\/wp\/v2\/types\/page"}],"author":[{"embeddable":true,"href":"https:\/\/coinkickoff.com\/fi\/wp-json\/wp\/v2\/users\/3"}],"replies":[{"embeddable":true,"href":"https:\/\/coinkickoff.com\/fi\/wp-json\/wp\/v2\/comments?post=3892"}],"version-history":[{"count":1,"href":"https:\/\/coinkickoff.com\/fi\/wp-json\/wp\/v2\/pages\/3892\/revisions"}],"predecessor-version":[{"id":3893,"href":"https:\/\/coinkickoff.com\/fi\/wp-json\/wp\/v2\/pages\/3892\/revisions\/3893"}],"up":[{"embeddable":true,"href":"https:\/\/coinkickoff.com\/fi\/wp-json\/wp\/v2\/pages\/3885"}],"wp:attachment":[{"href":"https:\/\/coinkickoff.com\/fi\/wp-json\/wp\/v2\/media?parent=3892"}],"curies":[{"name":"wp","href":"https:\/\/api.w.org\/{rel}","templated":true}]}}