{"id":3877,"date":"2026-01-08T14:06:52","date_gmt":"2026-01-08T14:06:52","guid":{"rendered":"https:\/\/coinkickoff.com\/?page_id=3877"},"modified":"2026-01-08T14:06:52","modified_gmt":"2026-01-08T14:06:52","slug":"how-to-buy-shiba-inu-on-kraken","status":"publish","type":"page","link":"https:\/\/coinkickoff.com\/fi\/how-to-buy-shiba-inu\/how-to-buy-shiba-inu-on-kraken\/","title":{"rendered":"Kuinka ostaa Shiba Inu Krakenista?"},"content":{"rendered":"<div id=\"ez-toc-container\" class=\"ez-toc-v2_0_80 counter-hierarchy ez-toc-counter ez-toc-transparent ez-toc-container-direction\">\n<div class=\"ez-toc-title-container\">\n<p class=\"ez-toc-title\" style=\"cursor:inherit\">Jaksot<\/p>\n<span class=\"ez-toc-title-toggle\"><a href=\"#\" class=\"ez-toc-pull-right ez-toc-btn ez-toc-btn-xs ez-toc-btn-default ez-toc-toggle\" aria-label=\"Sis\u00e4llysluettelon vaihtaminen\"><span class=\"ez-toc-js-icon-con\"><span class=\"\"><span class=\"eztoc-hide\" style=\"display:none;\">Toggle<\/span><span class=\"ez-toc-icon-toggle-span\"><svg style=\"fill: #999;color:#999\" xmlns=\"http:\/\/www.w3.org\/2000\/svg\" class=\"list-377408\" width=\"20px\" height=\"20px\" viewbox=\"0 0 24 24\" fill=\"none\"><path d=\"M6 6H4v2h2V6zm14 0H8v2h12V6zM4 11h2v2H4v-2zm16 0H8v2h12v-2zM4 16h2v2H4v-2zm16 0H8v2h12v-2z\" fill=\"currentColor\"><\/path><\/svg><svg style=\"fill: #999;color:#999\" class=\"arrow-unsorted-368013\" xmlns=\"http:\/\/www.w3.org\/2000\/svg\" width=\"10px\" height=\"10px\" viewbox=\"0 0 24 24\" version=\"1.2\" baseprofile=\"tiny\"><path d=\"M18.2 9.3l-6.2-6.3-6.2 6.3c-.2.2-.3.4-.3.7s.1.5.3.7c.2.2.4.3.7.3h11c.3 0 .5-.1.7-.3.2-.2.3-.5.3-.7s-.1-.5-.3-.7zM5.8 14.7l6.2 6.3 6.2-6.3c.2-.2.3-.5.3-.7s-.1-.5-.3-.7c-.2-.2-.4-.3-.7-.3h-11c-.3 0-.5.1-.7.3-.2.2-.3.5-.3.7s.1.5.3.7z\"\/><\/svg><\/span><\/span><\/span><\/a><\/span><\/div>\n<nav><ul class='ez-toc-list ez-toc-list-level-1 eztoc-toggle-hide-by-default' ><li class='ez-toc-page-1 ez-toc-heading-level-2'><a class=\"ez-toc-link ez-toc-heading-1\" href=\"https:\/\/coinkickoff.com\/fi\/how-to-buy-shiba-inu\/how-to-buy-shiba-inu-on-kraken\/#How_to_Buy_Shiba_Inu_on_Kraken_Exchange\" >Miten ostaa Shiba Inu Krakenin p\u00f6rssiss\u00e4?<\/a><\/li><li class='ez-toc-page-1 ez-toc-heading-level-2'><a class=\"ez-toc-link ez-toc-heading-2\" href=\"https:\/\/coinkickoff.com\/fi\/how-to-buy-shiba-inu\/how-to-buy-shiba-inu-on-kraken\/#A_Step-By-Step_Guide_on_How_to_Buy_Shiba_Inu_on_Kraken\" >Vaiheittainen opas Shiba Inu:n ostamisesta Krakenista.<\/a><ul class='ez-toc-list-level-3' ><li class='ez-toc-heading-level-3'><a class=\"ez-toc-link ez-toc-heading-3\" href=\"https:\/\/coinkickoff.com\/fi\/how-to-buy-shiba-inu\/how-to-buy-shiba-inu-on-kraken\/#1_Register_an_Account_on_Kraken\" >1. Rekister\u00f6i tili Krakenissa<\/a><\/li><li class='ez-toc-page-1 ez-toc-heading-level-3'><a class=\"ez-toc-link ez-toc-heading-4\" href=\"https:\/\/coinkickoff.com\/fi\/how-to-buy-shiba-inu\/how-to-buy-shiba-inu-on-kraken\/#2_Verify_Your_Account\" >2. Vahvista tilisi<\/a><\/li><li class='ez-toc-page-1 ez-toc-heading-level-3'><a class=\"ez-toc-link ez-toc-heading-5\" href=\"https:\/\/coinkickoff.com\/fi\/how-to-buy-shiba-inu\/how-to-buy-shiba-inu-on-kraken\/#3_Enable_2FA\" >3. Ota 2FA k\u00e4ytt\u00f6\u00f6n<\/a><\/li><li class='ez-toc-page-1 ez-toc-heading-level-3'><a class=\"ez-toc-link ez-toc-heading-6\" href=\"https:\/\/coinkickoff.com\/fi\/how-to-buy-shiba-inu\/how-to-buy-shiba-inu-on-kraken\/#4_Add_an_Instant_Payment_Method\" >4. Lis\u00e4\u00e4 v\u00e4lit\u00f6n maksutapa<\/a><\/li><li class='ez-toc-page-1 ez-toc-heading-level-3'><a class=\"ez-toc-link ez-toc-heading-7\" href=\"https:\/\/coinkickoff.com\/fi\/how-to-buy-shiba-inu\/how-to-buy-shiba-inu-on-kraken\/#4_Navigate_to_the_Relevant_Screen_to_Buy\" >4. Siirry asiaankuuluvalle n\u00e4yt\u00f6lle ostamista varten<\/a><\/li><\/ul><\/li><\/ul><\/nav><\/div>\n<h2><span class=\"ez-toc-section\" id=\"How_to_Buy_Shiba_Inu_on_Kraken_Exchange\"><\/span><span style=\"font-weight: 400;\">Miten ostaa Shiba Inu Krakenin p\u00f6rssiss\u00e4?<\/span><span class=\"ez-toc-section-end\"><\/span><\/h2>\n<p><span style=\"font-weight: 400;\">Kuten useimmat kryptovaluutat, <a href=\"https:\/\/coinkickoff.com\/fi\/shiba-inu-shib\/\">Shiba Inu (SHIB)<\/a> on spekulatiivinen hy\u00f6dyke: sen hinta voi nousta ja laskea julkkisten, markkinoijien ja jopa Redditin kommentoijien oikkujen mukaan. Meemin\u00e4 coin ilman k\u00e4ytt\u00f6tarkoitusta, <a href=\"https:\/\/coinkickoff.com\/fi\/shiba-inu-shib\/\" data-internallinksmanager029f6b8e52c=\"16\" title=\"Mik\u00e4 on Shiba Inu (SHIB)? Miten se toimii ja mist\u00e4 sit\u00e4 voi ostaa?\">SHIB<\/a> on erityisen altis suurille ja \u00e4killisille hinnanvaihteluille, mik\u00e4 tekee siit\u00e4 mahdollisesti kannattavaa ja riskialtista.<\/span><\/p>\n<p><span style=\"font-weight: 400;\">Voit ostaa SHIB:n useista <a href=\"https:\/\/coinkickoff.com\/fi\/crypto-exchanges\/\" data-internallinksmanager029f6b8e52c=\"141\" title=\"21 Parhaat kryptovaluuttap\u00f6rssit ja sovellukset vuonna 2024\">kryptop\u00f6rssit<\/a>sen suosion ansiosta. T\u00e4ss\u00e4 oppaassa selit\u00e4mme, miten ostaa Shiba Inu on <a href=\"https:\/\/coinkickoff.com\/fi\/kraken-review\/\">Kraken<\/a>, yhdysvaltalainen veteraanip\u00f6rssi, joka tunnetaan korkeista turvallisuusvaatimuksistaan.<\/span><\/p>\n<h2><span class=\"ez-toc-section\" id=\"A_Step-By-Step_Guide_on_How_to_Buy_Shiba_Inu_on_Kraken\"><\/span><span style=\"font-weight: 400;\">Vaiheittainen opas Shiba Inu:n ostamisesta Krakenista.<\/span><span class=\"ez-toc-section-end\"><\/span><\/h2>\n<h3><span class=\"ez-toc-section\" id=\"1_Register_an_Account_on_Kraken\"><\/span><span style=\"font-weight: 400;\">1. Rekister\u00f6i tili Krakenissa<\/span><span class=\"ez-toc-section-end\"><\/span><\/h3>\n<p><img loading=\"lazy\" decoding=\"async\" class=\"alignnone wp-image-3406 size-full\" src=\"https:\/\/coinkickoff.com\/wp-content\/uploads\/kraken1-e1682502957481.png\" alt=\"miten ostaa Dogecoin Krakenista?\" width=\"1339\" height=\"763\" srcset=\"https:\/\/coinkickoff.com\/wp-content\/uploads\/kraken1-e1682502957481.png 1339w, https:\/\/coinkickoff.com\/wp-content\/uploads\/kraken1-e1682502957481-300x171.png 300w, https:\/\/coinkickoff.com\/wp-content\/uploads\/kraken1-e1682502957481-1024x584.png 1024w, https:\/\/coinkickoff.com\/wp-content\/uploads\/kraken1-e1682502957481-768x438.png 768w, https:\/\/coinkickoff.com\/wp-content\/uploads\/kraken1-e1682502957481-18x10.png 18w\" sizes=\"auto, (max-width: 1339px) 100vw, 1339px\" \/><\/p>\n<p><span style=\"font-weight: 400;\">T\u00e4rkeimm\u00e4t asiat ensin: Mene osoitteeseen <a href=\"https:\/\/coinkickoff.com\/fi\/kraken-review\/\" data-internallinksmanager029f6b8e52c=\"171\" title=\"Kraken Arvostelut 2023: Maksut, ominaisuudet, turvallisuus, edut ja haitat\">Kraken<\/a>virallisella verkkosivustolla ja luo tili. T\u00e4yt\u00e4 rekister\u00f6itymislomake sy\u00f6tt\u00e4m\u00e4ll\u00e4 kaikki tarvittavat tiedot. Varmista, ett\u00e4 annat voimassa olevan s\u00e4hk\u00f6postiosoitteen: Kraken k\u00e4ytt\u00e4\u00e4 sit\u00e4 l\u00e4hett\u00e4\u00e4kseen sinulle aktivointilinkin.<\/span><\/p>\n<h3><span class=\"ez-toc-section\" id=\"2_Verify_Your_Account\"><\/span><span style=\"font-weight: 400;\">2. Vahvista tilisi<\/span><span class=\"ez-toc-section-end\"><\/span><\/h3>\n<p><span style=\"font-weight: 400;\">Kun olet kirjautunut sis\u00e4\u00e4n, on aika suorittaa henkil\u00f6llisyyden todentaminen. Kraken on melko tiukka henkil\u00f6llisyyden todentamisen suhteen, joten et voi ohittaa t\u00e4t\u00e4 vaihetta. Itse asiassa heti kun yrit\u00e4t klikata \"Osta kryptoa\" -v\u00e4lilehte\u00e4 kojelaudan yl\u00e4osassa, sinua pyydet\u00e4\u00e4n vahvistamaan henkil\u00f6llisyytesi.<\/span><\/p>\n<p><img loading=\"lazy\" decoding=\"async\" class=\"alignnone wp-image-3407 size-full\" src=\"https:\/\/coinkickoff.com\/wp-content\/uploads\/kraken2-e1686524781685.png\" alt=\"kraken varoitus varmentamisesta\" width=\"1360\" height=\"791\" srcset=\"https:\/\/coinkickoff.com\/wp-content\/uploads\/kraken2-e1686524781685.png 1360w, https:\/\/coinkickoff.com\/wp-content\/uploads\/kraken2-e1686524781685-300x174.png 300w, https:\/\/coinkickoff.com\/wp-content\/uploads\/kraken2-e1686524781685-1024x596.png 1024w, https:\/\/coinkickoff.com\/wp-content\/uploads\/kraken2-e1686524781685-768x447.png 768w, https:\/\/coinkickoff.com\/wp-content\/uploads\/kraken2-e1686524781685-18x10.png 18w\" sizes=\"auto, (max-width: 1360px) 100vw, 1360px\" \/><\/p>\n<p><span style=\"font-weight: 400;\">Krakenin vahvistusj\u00e4rjestelm\u00e4 on melko tavanomainen: sinun on annettava nimesi, osoitteesi ja henkil\u00f6tietosi sek\u00e4 ladattava henkil\u00f6llisyystodistukset.<\/span><\/p>\n<p><img loading=\"lazy\" decoding=\"async\" class=\"alignnone wp-image-3408 size-full\" src=\"https:\/\/coinkickoff.com\/wp-content\/uploads\/kraken3-e1682503223180.png\" alt=\"\" width=\"1375\" height=\"777\" srcset=\"https:\/\/coinkickoff.com\/wp-content\/uploads\/kraken3-e1682503223180.png 1375w, https:\/\/coinkickoff.com\/wp-content\/uploads\/kraken3-e1682503223180-300x170.png 300w, https:\/\/coinkickoff.com\/wp-content\/uploads\/kraken3-e1682503223180-1024x579.png 1024w, https:\/\/coinkickoff.com\/wp-content\/uploads\/kraken3-e1682503223180-768x434.png 768w, https:\/\/coinkickoff.com\/wp-content\/uploads\/kraken3-e1682503223180-18x10.png 18w, https:\/\/coinkickoff.com\/wp-content\/uploads\/kraken3-e1682503223180-600x338.png 600w\" sizes=\"auto, (max-width: 1375px) 100vw, 1375px\" \/><\/p>\n<p><span style=\"font-weight: 400;\">Sy\u00f6t\u00e4 kaikki tarvittavat tiedot ja napsauta \"Jatka\". Lataa tarvittavat asiakirjat pyydett\u00e4ess\u00e4. Saat prosessin p\u00e4\u00e4t\u00f6kseen muutamassa minuutissa.\u00a0<\/span><\/p>\n<h3><span class=\"ez-toc-section\" id=\"3_Enable_2FA\"><\/span><span style=\"font-weight: 400;\">3. Ota 2FA k\u00e4ytt\u00f6\u00f6n<\/span><span class=\"ez-toc-section-end\"><\/span><\/h3>\n<p><span style=\"font-weight: 400;\">Kun olet vahvistettu k\u00e4ytt\u00e4j\u00e4, voit tallettaa varoja Krakeniin. On kuitenkin viisasta ottaa k\u00e4ytt\u00f6\u00f6n kaksitekij\u00e4todennus (2FA) ennen varojen tallettamista tilillesi. 2FA v\u00e4hent\u00e4\u00e4 tilisi (ja varojesi) varastamisen mahdollisuutta.<\/span><\/p>\n<p><span style=\"font-weight: 400;\">Napsauta n\u00e4yt\u00f6n oikeassa yl\u00e4kulmassa n\u00e4kyv\u00e4\u00e4 k\u00e4ytt\u00e4j\u00e4nime\u00e4si ja siirry 2FA-asetuksiin.<\/span><\/p>\n<p><img loading=\"lazy\" decoding=\"async\" class=\"alignnone wp-image-3409 size-full\" src=\"https:\/\/coinkickoff.com\/wp-content\/uploads\/kraken4-e1682503267822.png\" alt=\"\" width=\"1360\" height=\"795\" srcset=\"https:\/\/coinkickoff.com\/wp-content\/uploads\/kraken4-e1682503267822.png 1360w, https:\/\/coinkickoff.com\/wp-content\/uploads\/kraken4-e1682503267822-300x175.png 300w, https:\/\/coinkickoff.com\/wp-content\/uploads\/kraken4-e1682503267822-1024x599.png 1024w, https:\/\/coinkickoff.com\/wp-content\/uploads\/kraken4-e1682503267822-768x449.png 768w, https:\/\/coinkickoff.com\/wp-content\/uploads\/kraken4-e1682503267822-18x12.png 18w\" sizes=\"auto, (max-width: 1360px) 100vw, 1360px\" \/><\/p>\n<p><span style=\"font-weight: 400;\">Sinun on otettava 2FA k\u00e4ytt\u00f6\u00f6n tilille kirjautumista varten, mutta voit ottaa sen k\u00e4ytt\u00f6\u00f6n my\u00f6s muissa toiminnoissa, kuten kaupank\u00e4ynniss\u00e4 ja rahoituksessa. Aloita napsauttamalla korostettua \"Aktivoi nyt\" -painiketta.<\/span><\/p>\n<p><span style=\"font-weight: 400;\"><img loading=\"lazy\" decoding=\"async\" class=\"alignnone wp-image-3405 size-full\" src=\"https:\/\/coinkickoff.com\/wp-content\/uploads\/kraken-5-e1682503294785.png\" alt=\"\" width=\"1357\" height=\"770\" srcset=\"https:\/\/coinkickoff.com\/wp-content\/uploads\/kraken-5-e1682503294785.png 1357w, https:\/\/coinkickoff.com\/wp-content\/uploads\/kraken-5-e1682503294785-300x170.png 300w, https:\/\/coinkickoff.com\/wp-content\/uploads\/kraken-5-e1682503294785-1024x581.png 1024w, https:\/\/coinkickoff.com\/wp-content\/uploads\/kraken-5-e1682503294785-768x436.png 768w, https:\/\/coinkickoff.com\/wp-content\/uploads\/kraken-5-e1682503294785-18x10.png 18w\" sizes=\"auto, (max-width: 1357px) 100vw, 1357px\" \/><\/span><\/p>\n<p><span style=\"font-weight: 400;\">Krakenin verkkosivustolla selitet\u00e4\u00e4n yksityiskohtaisesti, miten 2FA toimii, ja annetaan ohjeet, miten toimia. Periaatteessa sinun tarvitsee vain hankkia Google Authenticator -sovellus ja skannata sill\u00e4 Krakenin sinulle luoma QR-koodi. Sovellus antaa sinulle todennuskoodin, jolla vahvistat suojauksesi. Sy\u00f6t\u00e4 sovelluksen koodi ja napsauta \"Vahvista\".<\/span><\/p>\n<p><img loading=\"lazy\" decoding=\"async\" class=\"alignnone wp-image-3410 size-full\" src=\"https:\/\/coinkickoff.com\/wp-content\/uploads\/kraken6-e1682503322525.png\" alt=\"\" width=\"1357\" height=\"791\" \/><\/p>\n<p><span style=\"font-weight: 400;\">K\u00e4yt\u00e4t Google Authenticator -sovellusta aina, kun kirjaudut tilillesi.\u00a0<\/span><\/p>\n<h3><span class=\"ez-toc-section\" id=\"4_Add_an_Instant_Payment_Method\"><\/span><span style=\"font-weight: 400;\">4. Lis\u00e4\u00e4 v\u00e4lit\u00f6n maksutapa<\/span><span class=\"ez-toc-section-end\"><\/span><\/h3>\n<p><span style=\"font-weight: 400;\">Nopein tapa ostaa Shiba Inu (tai mit\u00e4 tahansa muuta kryptovaluuttaa) Krakenista on lis\u00e4t\u00e4 tilillesi pikamaksutapa. Voit yhdist\u00e4\u00e4 luotto- ja pankkikortit tai verkkopankkitilisi vaihtoon.<\/span><\/p>\n<p><span style=\"font-weight: 400;\">Klikkaa \"Osta kryptoa\" -v\u00e4lilehte\u00e4 yhdist\u00e4\u00e4ksesi kortin tiliisi. Sinut ohjataan Crypto Buy methods -sivulle, jossa voit lis\u00e4t\u00e4 maksutavan.<\/span><\/p>\n<p><img loading=\"lazy\" decoding=\"async\" class=\"alignnone wp-image-3412 size-full\" src=\"https:\/\/coinkickoff.com\/wp-content\/uploads\/kraken8-e1682503364155.png\" alt=\"miten ostaa Shiba Inu Krakenista?\" width=\"1206\" height=\"781\" srcset=\"https:\/\/coinkickoff.com\/wp-content\/uploads\/kraken8-e1682503364155.png 1206w, https:\/\/coinkickoff.com\/wp-content\/uploads\/kraken8-e1682503364155-300x194.png 300w, https:\/\/coinkickoff.com\/wp-content\/uploads\/kraken8-e1682503364155-1024x663.png 1024w, https:\/\/coinkickoff.com\/wp-content\/uploads\/kraken8-e1682503364155-768x497.png 768w, https:\/\/coinkickoff.com\/wp-content\/uploads\/kraken8-e1682503364155-18x12.png 18w\" sizes=\"auto, (max-width: 1206px) 100vw, 1206px\" \/><\/p>\n<p><span style=\"font-weight: 400;\">Napsauta \"Lis\u00e4\u00e4 maksutapoja\". <\/span><\/p>\n<p><img loading=\"lazy\" decoding=\"async\" class=\"alignnone wp-image-3413 size-full\" src=\"https:\/\/coinkickoff.com\/wp-content\/uploads\/kraken9-e1682503407337.png\" alt=\"\" width=\"1196\" height=\"776\" srcset=\"https:\/\/coinkickoff.com\/wp-content\/uploads\/kraken9-e1682503407337.png 1196w, https:\/\/coinkickoff.com\/wp-content\/uploads\/kraken9-e1682503407337-300x195.png 300w, https:\/\/coinkickoff.com\/wp-content\/uploads\/kraken9-e1682503407337-1024x664.png 1024w, https:\/\/coinkickoff.com\/wp-content\/uploads\/kraken9-e1682503407337-768x498.png 768w, https:\/\/coinkickoff.com\/wp-content\/uploads\/kraken9-e1682503407337-18x12.png 18w\" sizes=\"auto, (max-width: 1196px) 100vw, 1196px\" \/><\/p>\n<p><span style=\"font-weight: 400;\">Voit lis\u00e4t\u00e4 pankki- tai luottokortin yksinkertaisesti sy\u00f6tt\u00e4m\u00e4ll\u00e4 korttitietosi. Voit my\u00f6s tallettaa k\u00e4teist\u00e4 verkkopankin kautta, vaikka se ei ole yht\u00e4 nopeaa kuin ensimm\u00e4inen vaihtoehto.<\/span><\/p>\n<h3><span class=\"ez-toc-section\" id=\"4_Navigate_to_the_Relevant_Screen_to_Buy\"><\/span><span style=\"font-weight: 400;\">4. Siirry asiaankuuluvalle n\u00e4yt\u00f6lle ostamista varten<\/span><span class=\"ez-toc-section-end\"><\/span><\/h3>\n<p><span style=\"font-weight: 400;\">Kun olet lis\u00e4nnyt maksutavan Kraken-tilillesi, SHIB:n ostaminen on eritt\u00e4in helppoa. Klikkaa \"Osta kryptoa\" -sivulla \"Osta\".<\/span><\/p>\n<p><span style=\"font-weight: 400;\">N\u00e4et tarjotut varat pudotusvalikossa. Valitse luettelosta Shiba Inu (l\u00f6yd\u00e4t sen nimell\u00e4 SHIB). Kirjoita summa, jonka haluat k\u00e4ytt\u00e4\u00e4 Shibiin, valitse maksutapa ja napsauta Vahvista.<\/span><\/p>\n<p><span style=\"font-weight: 400;\">Vaikka t\u00e4m\u00e4 vaihtoehto on eritt\u00e4in nopea, luotto- ja pankkikorttiostot easy buy -widgetin kautta voivat olla hyvin kalliita. Jos et halua maksaa korkeita maksuja Shiba Inu:n ostamisesta, voit k\u00e4ytt\u00e4\u00e4 toista menetelm\u00e4\u00e4, jonka kuvaamme alla.<\/span><\/p>\n<p><span style=\"font-weight: 400;\">Krakenissa voit vaihtaa tiettyj\u00e4 fiat-valuuttoja, kuten USD, Shiba Inu:hen. Varo, ett\u00e4 sinun on talletettava varoja tilillesi voidaksesi hy\u00f6dynt\u00e4\u00e4 Krakenin halvempia maksuja. Et voi k\u00e4ytt\u00e4\u00e4 pankki- tai luottokortteja kaupank\u00e4yntiin Krakenissa.<\/span><\/p>\n<p><span style=\"font-weight: 400;\">Voit muuntaa USD:n Shiba Inu:ksi Krakenissa kahdella tavalla: Voit k\u00e4ytt\u00e4\u00e4 <\/span><a href=\"https:\/\/kraken.pxf.io\/B0Rny4convert\/shib\/usd\" target=\"_blank\" rel=\"noopener\"><span style=\"font-weight: 400;\">Krakenin automaattinen muunnin<\/span><\/a><span style=\"font-weight: 400;\"> tai toteuttaa kaupan tekem\u00e4ll\u00e4 toimeksiannon Shiba Inu.<\/span><\/p>\n<p><span style=\"font-weight: 400;\">Automaattimuunnin on yksinkertaisin tapa k\u00e4yd\u00e4 kauppaa USD:ll\u00e4 Krakenille, mutta jos haluat m\u00e4\u00e4ritt\u00e4\u00e4 oman hintasi, tilauksen tekeminen on oikea tapa.<\/span><\/p>\n<p><span style=\"font-weight: 400;\">Jos haluat tehd\u00e4 tilauksen, siirry \"Trade\"-v\u00e4lilehdelle ja valitse \"New Order\". Valitse USD\/SHIB kaupank\u00e4yntipari.<\/span><\/p>\n<p><span style=\"font-weight: 400;\">Tilauslomake saattaa n\u00e4ytt\u00e4\u00e4 h\u00e4mment\u00e4v\u00e4lt\u00e4, mutta se on todella yksinkertainen: Kirjoita vain, kuinka paljon haluat k\u00e4ytt\u00e4\u00e4. Voit joko hyv\u00e4ksy\u00e4 SHIB:n markkinahinnan tai asettaa hinnan itse. Jos asetat liian alhaisen hinnan, tilauksesi t\u00e4ytt\u00e4minen voi kest\u00e4\u00e4 jonkin aikaa.<\/span><\/p>\n<p><span style=\"font-weight: 400;\">Onnittelut! Tied\u00e4t nyt, miten ostaa Shiba Inu Krakenilta.<\/span><\/p>","protected":false},"excerpt":{"rendered":"<p>Kuinka ostaa Shiba Inu Kraken-p\u00f6rssist\u00e4 Kuten useimmat kryptovaluutat, Shiba Inu (SHIB) on spekulatiivinen omaisuuser\u00e4: sen hinta voi nousta ja laskea julkkisten, markkinoijien ja jopa Reddit-kommentoijien oikkujen mukaan. Meemin\u00e4 coin ilman k\u00e4ytt\u00f6tarkoitusta SHIB on erityisen altis valtaville ja \u00e4killisille hinnanvaihteluille, mik\u00e4 tekee siit\u00e4 [...]<\/p>","protected":false},"author":3,"featured_media":0,"parent":3709,"menu_order":0,"comment_status":"closed","ping_status":"closed","template":"","meta":{"_genesis_hide_title":false,"_genesis_hide_breadcrumbs":false,"_genesis_hide_singular_image":false,"_genesis_hide_footer_widgets":false,"_genesis_custom_body_class":"","_genesis_custom_post_class":"","_genesis_layout":"","_glsr_average":0,"_glsr_ranking":0,"_glsr_reviews":0,"footnotes":""},"class_list":{"0":"post-3877","1":"page","2":"type-page","3":"status-publish","5":"entry"},"featured_image_src":null,"featured_image_src_square":null,"_links":{"self":[{"href":"https:\/\/coinkickoff.com\/fi\/wp-json\/wp\/v2\/pages\/3877","targetHints":{"allow":["GET"]}}],"collection":[{"href":"https:\/\/coinkickoff.com\/fi\/wp-json\/wp\/v2\/pages"}],"about":[{"href":"https:\/\/coinkickoff.com\/fi\/wp-json\/wp\/v2\/types\/page"}],"author":[{"embeddable":true,"href":"https:\/\/coinkickoff.com\/fi\/wp-json\/wp\/v2\/users\/3"}],"replies":[{"embeddable":true,"href":"https:\/\/coinkickoff.com\/fi\/wp-json\/wp\/v2\/comments?post=3877"}],"version-history":[{"count":3,"href":"https:\/\/coinkickoff.com\/fi\/wp-json\/wp\/v2\/pages\/3877\/revisions"}],"predecessor-version":[{"id":3880,"href":"https:\/\/coinkickoff.com\/fi\/wp-json\/wp\/v2\/pages\/3877\/revisions\/3880"}],"up":[{"embeddable":true,"href":"https:\/\/coinkickoff.com\/fi\/wp-json\/wp\/v2\/pages\/3709"}],"wp:attachment":[{"href":"https:\/\/coinkickoff.com\/fi\/wp-json\/wp\/v2\/media?parent=3877"}],"curies":[{"name":"wp","href":"https:\/\/api.w.org\/{rel}","templated":true}]}}