{"id":3709,"date":"2026-01-08T14:06:54","date_gmt":"2026-01-08T14:06:54","guid":{"rendered":"https:\/\/coinkickoff.com\/?page_id=3709"},"modified":"2026-01-08T14:06:54","modified_gmt":"2026-01-08T14:06:54","slug":"how-to-buy-shiba-inu","status":"publish","type":"page","link":"https:\/\/coinkickoff.com\/fi\/how-to-buy-shiba-inu\/","title":{"rendered":"Miten ostaa Shiba Inu (SHIB)"},"content":{"rendered":"<div id=\"ez-toc-container\" class=\"ez-toc-v2_0_80 counter-hierarchy ez-toc-counter ez-toc-transparent ez-toc-container-direction\">\n<div class=\"ez-toc-title-container\">\n<p class=\"ez-toc-title\" style=\"cursor:inherit\">Jaksot<\/p>\n<span class=\"ez-toc-title-toggle\"><a href=\"#\" class=\"ez-toc-pull-right ez-toc-btn ez-toc-btn-xs ez-toc-btn-default ez-toc-toggle\" aria-label=\"Sis\u00e4llysluettelon vaihtaminen\"><span class=\"ez-toc-js-icon-con\"><span class=\"\"><span class=\"eztoc-hide\" style=\"display:none;\">Toggle<\/span><span class=\"ez-toc-icon-toggle-span\"><svg style=\"fill: #999;color:#999\" xmlns=\"http:\/\/www.w3.org\/2000\/svg\" class=\"list-377408\" width=\"20px\" height=\"20px\" viewbox=\"0 0 24 24\" fill=\"none\"><path d=\"M6 6H4v2h2V6zm14 0H8v2h12V6zM4 11h2v2H4v-2zm16 0H8v2h12v-2zM4 16h2v2H4v-2zm16 0H8v2h12v-2z\" fill=\"currentColor\"><\/path><\/svg><svg style=\"fill: #999;color:#999\" class=\"arrow-unsorted-368013\" xmlns=\"http:\/\/www.w3.org\/2000\/svg\" width=\"10px\" height=\"10px\" viewbox=\"0 0 24 24\" version=\"1.2\" baseprofile=\"tiny\"><path d=\"M18.2 9.3l-6.2-6.3-6.2 6.3c-.2.2-.3.4-.3.7s.1.5.3.7c.2.2.4.3.7.3h11c.3 0 .5-.1.7-.3.2-.2.3-.5.3-.7s-.1-.5-.3-.7zM5.8 14.7l6.2 6.3 6.2-6.3c.2-.2.3-.5.3-.7s-.1-.5-.3-.7c-.2-.2-.4-.3-.7-.3h-11c-.3 0-.5.1-.7.3-.2.2-.3.5-.3.7s.1.5.3.7z\"\/><\/svg><\/span><\/span><\/span><\/a><\/span><\/div>\n<nav><ul class='ez-toc-list ez-toc-list-level-1 eztoc-toggle-hide-by-default' ><li class='ez-toc-page-1 ez-toc-heading-level-2'><a class=\"ez-toc-link ez-toc-heading-1\" href=\"https:\/\/coinkickoff.com\/fi\/how-to-buy-shiba-inu\/#How_to_Buy_Shiba_Inu\" >Miten ostaa Shiba Inu<\/a><\/li><li class='ez-toc-page-1 ez-toc-heading-level-2'><a class=\"ez-toc-link ez-toc-heading-2\" href=\"https:\/\/coinkickoff.com\/fi\/how-to-buy-shiba-inu\/#What_Is_Shiba_Inu\" >Mik\u00e4 on Shiba Inu?<\/a><\/li><li class='ez-toc-page-1 ez-toc-heading-level-2'><a class=\"ez-toc-link ez-toc-heading-3\" href=\"https:\/\/coinkickoff.com\/fi\/how-to-buy-shiba-inu\/#Where_Can_I_Buy_Shiba_Inu\" >Mist\u00e4 voin ostaa Shiba Inu:t\u00e4?<\/a><\/li><li class='ez-toc-page-1 ez-toc-heading-level-2'><a class=\"ez-toc-link ez-toc-heading-4\" href=\"https:\/\/coinkickoff.com\/fi\/how-to-buy-shiba-inu\/#How_to_Buy_Shiba_Inu-2\" >Miten ostaa Shiba Inu<\/a><ul class='ez-toc-list-level-3' ><li class='ez-toc-heading-level-3'><a class=\"ez-toc-link ez-toc-heading-5\" href=\"https:\/\/coinkickoff.com\/fi\/how-to-buy-shiba-inu\/#Choose_Your_Exchange\" >Valitse vaihto<\/a><\/li><li class='ez-toc-page-1 ez-toc-heading-level-3'><a class=\"ez-toc-link ez-toc-heading-6\" href=\"https:\/\/coinkickoff.com\/fi\/how-to-buy-shiba-inu\/#Store_Your_SHIB\" >S\u00e4ilyt\u00e4 SHIB<\/a><ul class='ez-toc-list-level-4' ><li class='ez-toc-heading-level-4'><a class=\"ez-toc-link ez-toc-heading-7\" href=\"https:\/\/coinkickoff.com\/fi\/how-to-buy-shiba-inu\/#Exchange_Wallet\" >Exchange Wallet<\/a><\/li><li class='ez-toc-page-1 ez-toc-heading-level-4'><a class=\"ez-toc-link ez-toc-heading-8\" href=\"https:\/\/coinkickoff.com\/fi\/how-to-buy-shiba-inu\/#Self-Custody_Hot_Wallets\" >Itses\u00e4ilytett\u00e4v\u00e4t kuumat lompakot<\/a><\/li><li class='ez-toc-page-1 ez-toc-heading-level-4'><a class=\"ez-toc-link ez-toc-heading-9\" href=\"https:\/\/coinkickoff.com\/fi\/how-to-buy-shiba-inu\/#Cold_Wallets\" >Kylm\u00e4 lompakot<\/a><\/li><\/ul><\/li><\/ul><\/li><\/ul><\/nav><\/div>\n<h2><span class=\"ez-toc-section\" id=\"How_to_Buy_Shiba_Inu\"><\/span><span style=\"font-weight: 400;\">Miten ostaa Shiba Inu<\/span><span class=\"ez-toc-section-end\"><\/span><\/h2>\n<p><img loading=\"lazy\" decoding=\"async\" class=\"alignnone wp-image-168 size-full\" src=\"https:\/\/coinkickoff.com\/wp-content\/uploads\/2022\/06\/Shiba-Inu-SHIB.jpg\" alt=\"miten ostaa shiba inu\" width=\"1000\" height=\"1000\" srcset=\"https:\/\/coinkickoff.com\/wp-content\/uploads\/2022\/06\/Shiba-Inu-SHIB.jpg 1000w, https:\/\/coinkickoff.com\/wp-content\/uploads\/2022\/06\/Shiba-Inu-SHIB-300x300.jpg 300w, https:\/\/coinkickoff.com\/wp-content\/uploads\/2022\/06\/Shiba-Inu-SHIB-150x150.jpg 150w, https:\/\/coinkickoff.com\/wp-content\/uploads\/2022\/06\/Shiba-Inu-SHIB-768x768.jpg 768w, https:\/\/coinkickoff.com\/wp-content\/uploads\/2022\/06\/Shiba-Inu-SHIB-12x12.jpg 12w, https:\/\/coinkickoff.com\/wp-content\/uploads\/2022\/06\/Shiba-Inu-SHIB-80x80.jpg 80w, https:\/\/coinkickoff.com\/wp-content\/uploads\/2022\/06\/Shiba-Inu-SHIB-600x600.jpg 600w\" sizes=\"auto, (max-width: 1000px) 100vw, 1000px\" \/><\/p>\n<p><span style=\"font-weight: 400;\">Oletko kiinnostunut ostamaan <a href=\"https:\/\/coinkickoff.com\/fi\/shiba-inu-shib\/\" data-internallinksmanager029f6b8e52c=\"16\" title=\"Mik\u00e4 on Shiba Inu (SHIB)? Miten se toimii ja mist\u00e4 sit\u00e4 voi ostaa?\">Shiba Inu<\/a> mutta et tied\u00e4 mist\u00e4 aloittaa? Olet oikeassa paikassa. T\u00e4ss\u00e4 on kaikki mit\u00e4 sinun tarvitsee tiet\u00e4\u00e4 Shiba Inu:n ostamisesta.\u00a0<\/span><\/p>\n<h2><span class=\"ez-toc-section\" id=\"What_Is_Shiba_Inu\"><\/span><span style=\"font-weight: 400;\">Mik\u00e4 on Shiba Inu?<\/span><span class=\"ez-toc-section-end\"><\/span><\/h2>\n<p><span style=\"font-weight: 400;\">Shiba Inu token (SHIB) luotiin elokuussa 2020 meemin\u00e4 coin nimett\u00f6m\u00e4n kehitt\u00e4j\u00e4n nimelt\u00e4 \"Ryoshi\" toimesta. coin:st\u00e4 tuli suosittu sen j\u00e4lkeen, kun \"Ryoshi\" l\u00e4hetti puolet kokonaistoimituksesta osoitteeseen <a href=\"https:\/\/coinkickoff.com\/fi\/ethereum-eth\/\" data-internallinksmanager029f6b8e52c=\"2\" title=\"Mik\u00e4 on Ethereum (ETH)? Hinta, historia ja ostopaikat\">Ethereum<\/a> perustaja Vitalik Buterinin keinona markkinoida coin:t\u00e4 suurelle yleis\u00f6lle. Buterin poltti <\/span><a href=\"https:\/\/www.coindesk.com\/markets\/2021\/05\/17\/vitalik-buterin-burns-6b-in-shib-tokens-says-he-doesnt-want-the-power\/\" target=\"_blank\" rel=\"noopener\"><span style=\"font-weight: 400;\">90% varastosta ja lahjoitti loput 10% hyv\u00e4ntekev\u00e4isyyteen.<\/span><\/a><span style=\"font-weight: 400;\"> Intiassa Covid-19-pandemian aikana.<\/span><\/p>\n<p><img loading=\"lazy\" decoding=\"async\" class=\"alignnone wp-image-3712 size-full\" src=\"https:\/\/coinkickoff.com\/wp-content\/uploads\/Screen-Shot-2023-05-24-at-2.12.50-PM-e1684926889358.png\" alt=\"\" width=\"759\" height=\"629\" srcset=\"https:\/\/coinkickoff.com\/wp-content\/uploads\/Screen-Shot-2023-05-24-at-2.12.50-PM-e1684926889358.png 759w, https:\/\/coinkickoff.com\/wp-content\/uploads\/Screen-Shot-2023-05-24-at-2.12.50-PM-e1684926889358-300x249.png 300w, https:\/\/coinkickoff.com\/wp-content\/uploads\/Screen-Shot-2023-05-24-at-2.12.50-PM-e1684926889358-14x12.png 14w\" sizes=\"auto, (max-width: 759px) 100vw, 759px\" \/><\/p>\n<p><span style=\"font-weight: 400;\">Shiba Inu muistuttaa l\u00e4heisesti kilpailevaa meemi\u00e4 token. <a href=\"https:\/\/coinkickoff.com\/fi\/dogecoin-doge\/\" data-internallinksmanager029f6b8e52c=\"14\" title=\"Mik\u00e4 on Dogecoin (DOGE)? Miten se toimii ja mist\u00e4 sit\u00e4 voi ostaa?\">Dogecoin<\/a>, sill\u00e4 molemmissa hankkeissa k\u00e4ytet\u00e4\u00e4n Shiba Inu-koiran kuvaa (joka innoitti Doge-meemin), ja niit\u00e4 pidet\u00e4\u00e4n pohjimmiltaan vitsin\u00e4 coins. Luojatiimi ja Shiba Inu-yhteis\u00f6 ovat kutsuneet SHIB:t\u00e4 nimell\u00e4 \"DOGEKILLER\", sill\u00e4 projektin tavoitteena on ylitt\u00e4\u00e4 DOGE:n suosio.<\/span><\/p>\n<p><img loading=\"lazy\" decoding=\"async\" class=\"alignnone wp-image-3711 size-full\" src=\"https:\/\/coinkickoff.com\/wp-content\/uploads\/elon-musk-shiba.png\" alt=\"\" width=\"447\" height=\"794\" srcset=\"https:\/\/coinkickoff.com\/wp-content\/uploads\/elon-musk-shiba.png 447w, https:\/\/coinkickoff.com\/wp-content\/uploads\/elon-musk-shiba-169x300.png 169w, https:\/\/coinkickoff.com\/wp-content\/uploads\/elon-musk-shiba-7x12.png 7w\" sizes=\"auto, (max-width: 447px) 100vw, 447px\" \/><\/p>\n<p><span style=\"font-weight: 400;\">Aivan kuten Dogecoin, <\/span><b>Shiba Inu:ll\u00e4 ei oikeastaan ole k\u00e4ytt\u00f6tarkoitusta.<\/b><span style=\"font-weight: 400;\">. Se on suosittu l\u00e4hinn\u00e4 internet-kulttuurin ja spekulaatioiden ansiosta. Vuonna 2021 coin:n hinta nousi 10-kertaiseksi sen j\u00e4lkeen, kun <\/span><a href=\"https:\/\/www.news.com.au\/finance\/markets\/world-markets\/shib-coin-why-shiba-inu-price-is-surging\/news-story\/a1bb8332cda46430f3093582e62ade73\" target=\"_blank\" rel=\"noopener\"><span style=\"font-weight: 400;\">Elon Musk twiittasi <\/span><\/a><span style=\"font-weight: 400;\">kuvan omasta Shiba Inu-rotuisesta koirastaan, vaikka token:n hinta putosi my\u00f6hemmin takaisin aiemmalle tasolleen.<\/span><\/p>\n<p><img loading=\"lazy\" decoding=\"async\" class=\"alignnone wp-image-3710 size-full\" src=\"https:\/\/coinkickoff.com\/wp-content\/uploads\/shiba-inu-price-e1684926920831.png\" alt=\"\" width=\"766\" height=\"500\" srcset=\"https:\/\/coinkickoff.com\/wp-content\/uploads\/shiba-inu-price-e1684926920831.png 766w, https:\/\/coinkickoff.com\/wp-content\/uploads\/shiba-inu-price-e1684926920831-300x196.png 300w, https:\/\/coinkickoff.com\/wp-content\/uploads\/shiba-inu-price-e1684926920831-18x12.png 18w\" sizes=\"auto, (max-width: 766px) 100vw, 766px\" \/><\/p>\n<p><span style=\"font-weight: 400;\">Kaiken kaikkiaan Shiba Inu:n ja Dogecoin:n kaltaisia coins-meemej\u00e4 voidaan pit\u00e4\u00e4 pump-and-dump coins:n\u00e4, koska niist\u00e4 ei ole hy\u00f6ty\u00e4. Ihmiset ostavat niit\u00e4 usein siin\u00e4 toivossa, ett\u00e4 he voivat dumpata omaisuutensa \u00e4killisess\u00e4 hinnannousussa.<\/span><\/p>\n<p><span style=\"font-weight: 400;\">Kuten DOGE, my\u00f6s Shiba Inu on kuitenkin uskomattoman halpa ja melko suosittu. Voit helposti ostaa valtavan m\u00e4\u00e4r\u00e4n SH\u0130Bi\u00e4 sadalla dollarilla. Kaiken kaikkiaan niiden helppo saatavuus, suuri n\u00e4kyvyys ja hintojen vaihtelu tekev\u00e4t n\u00e4ist\u00e4 coins:st\u00e4 houkuttelevan niille, jotka eiv\u00e4t v\u00e4lit\u00e4 tehd\u00e4 riskialttiita sijoituksia suurten voittojen toivossa.\u00a0<\/span><\/p>\n<h2><span class=\"ez-toc-section\" id=\"Where_Can_I_Buy_Shiba_Inu\"><\/span><span style=\"font-weight: 400;\">Mist\u00e4 voin ostaa Shiba Inu:t\u00e4?<\/span><span class=\"ez-toc-section-end\"><\/span><\/h2>\n<p><a href=\"https:\/\/coinmarketcap.com\/currencies\/shiba-inu\/\" target=\"_blank\" rel=\"noopener\"><span style=\"font-weight: 400;\">SHIB on 14. suurin krypto<\/span><\/a><span style=\"font-weight: 400;\"> markkinakapasiteetin mukaan, joten l\u00e4hes kaikki suositut p\u00f6rssilistat mahdollistavat kaupank\u00e4ynnin sill\u00e4.<\/span><\/p>\n<p><span style=\"font-weight: 400;\">Voit ostaa SHIB fiat-valuutoilla keskitetyiss\u00e4 <a href=\"https:\/\/coinkickoff.com\/fi\/crypto-exchanges\/\" data-internallinksmanager029f6b8e52c=\"141\" title=\"21 Parhaat kryptovaluuttap\u00f6rssit ja sovellukset vuonna 2024\">kryptop\u00f6rssit<\/a> kuten <\/span><a href=\"https:\/\/coinkickoff.com\/fi\/binance-review\/\"><span style=\"font-weight: 400;\">Binance<\/span><\/a><span style=\"font-weight: 400;\">, <\/span><a href=\"https:\/\/coinkickoff.com\/fi\/kraken-review\/\"><span style=\"font-weight: 400;\">Kraken<\/span><\/a><span style=\"font-weight: 400;\">, <\/span><a href=\"https:\/\/coinkickoff.com\/fi\/coinbase-review\/\"><span style=\"font-weight: 400;\">Coinpohja<\/span><\/a><span style=\"font-weight: 400;\">, <\/span><a href=\"https:\/\/www.kucoin.com\/r\/af\/rMJPV3B\" target=\"_blank\" rel=\"noopener\"><span style=\"font-weight: 400;\">Kucoin<\/span><\/a><span style=\"font-weight: 400;\">, <\/span><a href=\"https:\/\/www.bitfinex.com\/sign-up?refcode=kjCYk-CZD\" target=\"_blank\" rel=\"noopener\"><span style=\"font-weight: 400;\">Bitfinex<\/span><\/a><span style=\"font-weight: 400;\">ja <\/span><a href=\"https:\/\/www.okx.com\/join\/65358827\" target=\"_blank\" rel=\"noopener\"><span style=\"font-weight: 400;\">OKX<\/span><\/a><span style=\"font-weight: 400;\">.<\/span><\/p>\n<p><span style=\"font-weight: 400;\">Voit my\u00f6s k\u00e4yd\u00e4 kauppaa SHIB:ll\u00e4 hajautetuissa p\u00f6rsseiss\u00e4, kuten osoitteessa <a href=\"https:\/\/coinkickoff.com\/fi\/uniswap-uni\/\" data-internallinksmanager029f6b8e52c=\"34\" title=\"Mik\u00e4 on Uniswap (UNI), miten se toimii ja mist\u00e4 sit\u00e4 voi ostaa?\">Uniswap<\/a> ja Sushiswap. N\u00e4iss\u00e4 p\u00f6rsseiss\u00e4 et voi ostaa kryptoa fiat-valuutalla, mutta jos omistat jo kryptoa, voit vaihtaa sen SHIB:hen.<\/span><\/p>\n<h2><span class=\"ez-toc-section\" id=\"How_to_Buy_Shiba_Inu-2\"><\/span><span style=\"font-weight: 400;\">Miten ostaa Shiba Inu<\/span><span class=\"ez-toc-section-end\"><\/span><\/h2>\n<p><span style=\"font-weight: 400;\">P\u00e4\u00e4tit siis uskaltautua ja ostaa Shiba Inu:t\u00e4. Hienoa, mutta ensin sinun on teht\u00e4v\u00e4 kaksi p\u00e4\u00e4t\u00f6st\u00e4: Ensinn\u00e4kin, p\u00e4\u00e4t\u00e4, mit\u00e4 vaihtopistett\u00e4 haluat k\u00e4ytt\u00e4\u00e4 coin:n ostamiseen. P\u00e4\u00e4t\u00e4 sitten varastointitapa. Kun olet selvitt\u00e4nyt t\u00e4m\u00e4n, olet valmis ostamaan SHIB:n.\u00a0<\/span><\/p>\n<p><span style=\"font-weight: 400;\">T\u00e4ss\u00e4 on erittely jokaisesta vaiheesta, jotta ostaminen olisi helpompaa.<\/span><\/p>\n<h3><span class=\"ez-toc-section\" id=\"Choose_Your_Exchange\"><\/span><span style=\"font-weight: 400;\">Valitse vaihto<\/span><span class=\"ez-toc-section-end\"><\/span><\/h3>\n<p><span style=\"font-weight: 400;\">Koska Shiba Inu on eritt\u00e4in suosittu, ja l\u00f6yd\u00e4t sen l\u00e4hes kaikista kryptovaluuttap\u00f6rsseist\u00e4. Koska p\u00f6rssej\u00e4 on kuitenkin paljon, oikean p\u00f6rssin valitseminen voi olla pelottavaa. \u00c4l\u00e4 kuitenkaan hermostu, sill\u00e4 meill\u00e4 on <\/span><a href=\"https:\/\/coinkickoff.com\/fi\/crypto-exchanges\/\"><span style=\"font-weight: 400;\">lyhyt opas parhaista kryptop\u00f6rsseist\u00e4<\/span><\/a><span style=\"font-weight: 400;\"> voit k\u00e4ytt\u00e4\u00e4.<\/span><\/p>\n<p><span style=\"font-weight: 400;\">Kun valitset vaihtopaikkaa, on otettava huomioon muutamia asioita. Jos haluat sijoittaa erilaisiin altcoins, saatat suosia er\u00e4st\u00e4 <\/span><b>suurempi alusta<\/b><span style=\"font-weight: 400;\"> joka tarjoaa useita digitaalisia varoja, kuten <a href=\"https:\/\/coinkickoff.com\/fi\/binance-review\/\" data-internallinksmanager029f6b8e52c=\"152\" title=\"Binance Arvostelut 2024: Ominaisuudet, maksut, turvallisuus, hyv\u00e4t ja huonot puolet\">Binance<\/a> tai <a href=\"https:\/\/coinkickoff.com\/fi\/coinbase-review\/\" data-internallinksmanager029f6b8e52c=\"142\" title=\"Coinbase Arvostelut 2024: Ominaisuudet, maksut, turvallisuus, hyv\u00e4t ja huonot puolet\">Coinpohja<\/a>.\u00a0<\/span><\/p>\n<p><span style=\"font-weight: 400;\">Sinun on my\u00f6s mietitt\u00e4v\u00e4<\/span><b> vaihtomaksut<\/b><span style=\"font-weight: 400;\">. Useimmat p\u00f6rssit tarjoavat kaksi erillist\u00e4 hinnoitteluj\u00e4rjestelm\u00e4\u00e4: Toinen on porrastettu ja siten edullisempi ammattimaiseen kaupank\u00e4yntiin tarkoitettu maksuaikataulu, ja toinen on yksinkertainen ostotoiminto, joka on kalliimpi.\u00a0<\/span><\/p>\n<p><span style=\"font-weight: 400;\">Jos olet aloittelija, joka haluaa ostaa coins:n helposti, helppo osto-ominaisuus on paras vaihtoehto. Kun vertaat vaihtoja, tarkista niiden maksut yksinkertaisista ostotoiminnoista. Yleens\u00e4 hinnat vaihtelevat %1:n ja %5:n v\u00e4lill\u00e4 vaihdosta ja maksutavasta riippuen.<\/span><\/p>\n<h3><span class=\"ez-toc-section\" id=\"Store_Your_SHIB\"><\/span><span style=\"font-weight: 400;\">S\u00e4ilyt\u00e4 SHIB<\/span><span class=\"ez-toc-section-end\"><\/span><\/h3>\n<p><span style=\"font-weight: 400;\">On hyv\u00e4 idea tutkia kryptolompakoita ennen kuin ostat coins:n. Kryptovarastointi on vakava asia: koska kryptovaroja on olemassa vain ketjussa, ainoa tapa p\u00e4\u00e4st\u00e4 k\u00e4siksi varoihisi on kryptolompakon kautta.\u00a0\u00a0<\/span><\/p>\n<p><span style=\"font-weight: 400;\">Kryptolompakoita on kahta p\u00e4\u00e4tyyppi\u00e4: <\/span><b>kylm\u00e4t ja kuumat lompakot<\/b><span style=\"font-weight: 400;\">. N\u00e4iden kahden tyypin v\u00e4lill\u00e4 on yksinkertainen mutta t\u00e4rke\u00e4 ero - kuumat lompakot ovat yhteydess\u00e4 internetiin, kun taas kylm\u00e4t lompakot tallentavat varojasi offline-tilassa.<\/span><\/p>\n<p><span style=\"font-weight: 400;\">Kuumat lompakot ovat vaihtolompakoita ja ohjelmistolompakoita, kun taas kylm\u00e4t lompakot ovat paperilompakoita ja laitteistolompakoita.<\/span><\/p>\n<h4><span class=\"ez-toc-section\" id=\"Exchange_Wallet\"><\/span><span style=\"font-weight: 400;\">Exchange Wallet<\/span><span class=\"ez-toc-section-end\"><\/span><\/h4>\n<p><span style=\"font-weight: 400;\">P\u00f6rssilompakot ovat suosittu ratkaisu kryptojen s\u00e4ilytykseen, koska ne ovat niin k\u00e4tevi\u00e4. Kun ostat kryptovaluuttaa keskitetyst\u00e4 p\u00f6rssist\u00e4, kuten <\/span><a href=\"https:\/\/coinkickoff.com\/fi\/coinbase-review\/\"><span style=\"font-weight: 400;\">Coinpohja<\/span><\/a><span style=\"font-weight: 400;\"> tai <\/span><a href=\"https:\/\/coinkickoff.com\/fi\/binance-review\/\"><span style=\"font-weight: 400;\">Binance<\/span><\/a><span style=\"font-weight: 400;\">, sinun coins talletetaan v\u00e4litt\u00f6m\u00e4sti vaihdon yll\u00e4pit\u00e4m\u00e4\u00e4n lompakkoon. N\u00e4in voit myyd\u00e4 tai vaihtaa coins:si vaihdossa helposti ja nopeasti.<\/span><\/p>\n<p><span style=\"font-weight: 400;\">Vaihtolompakoiden huono puoli on niiden puutteellinen turvallisuus. Koska lompakko on p\u00f6rssin is\u00e4nn\u00f6im\u00e4, sinulla ei ole suoraa m\u00e4\u00e4r\u00e4ysvaltaa varoihisi. Jos p\u00f6rssi menee konkurssiin tai hakkeroidaan, varasi voivat kadota lopullisesti.<\/span><\/p>\n<p><span style=\"font-weight: 400;\">Jotkin p\u00f6rssit tarjoavat rajoitettuja suojaj\u00e4rjestelmi\u00e4 tietoturvaloukkausten varalta, mutta korvauksia ei voida koskaan taata, koska p\u00e4\u00e4t\u00f6s on viime k\u00e4dess\u00e4 p\u00f6rssin omistajien ja johtajien vastuulla.<\/span><\/p>\n<p><span style=\"font-weight: 400;\">Kryptoharrastajat v\u00e4itt\u00e4v\u00e4t usein, ett\u00e4 \"ei avaimia, ei coins\" varoittaakseen kryptokauppiaita vaaroista, jotka liittyv\u00e4t suurten kryptom\u00e4\u00e4rien j\u00e4tt\u00e4miseen vaihtolompakoihin. Esimerkiksi kun FTX ilmoitti konkurssin, <\/span><a href=\"https:\/\/www.npr.org\/2022\/11\/17\/1137501882\/ftx-investors-are-unable-to-access-their-money-shaking-crypto-investors-confiden\" target=\"_blank\" rel=\"noopener\"><span style=\"font-weight: 400;\">k\u00e4ytt\u00e4j\u00e4t eiv\u00e4t pystyneet siirt\u00e4m\u00e4\u00e4n varojaan<\/span><\/a><span style=\"font-weight: 400;\"> vaihtolompakoista, koska heill\u00e4 ei ollut p\u00e4\u00e4sy\u00e4 vaihtolompakon avaimiin.<\/span><\/p>\n<p><span style=\"font-weight: 400;\">Jos et halua j\u00e4tt\u00e4\u00e4 varojasi vaihtolompakkoon, harkitse niiden siirt\u00e4mist\u00e4 omaan lompakkoon.<\/span><\/p>\n<h4><span class=\"ez-toc-section\" id=\"Self-Custody_Hot_Wallets\"><\/span><span style=\"font-weight: 400;\">Itses\u00e4ilytett\u00e4v\u00e4t kuumat lompakot<\/span><span class=\"ez-toc-section-end\"><\/span><\/h4>\n<p><span style=\"font-weight: 400;\">Jos et halua k\u00e4ytt\u00e4\u00e4 vaihtolompakkoa coins:n tallentamiseen, voit ladata itses\u00e4ilytett\u00e4v\u00e4n kuuman lompakon mobiililaitteeseen tai ty\u00f6p\u00f6yd\u00e4lle. On olemassa useita lompakko-ohjelmistoratkaisuja, joiden avulla voit hallinnoida omia lompakkoavaimiasi, jotta voit aina hallita coins:t\u00e4.\u00a0<\/span><\/p>\n<p><span style=\"font-weight: 400;\">Voit esimerkiksi tallentaa SHIB:n osoitteeseen <\/span><a href=\"https:\/\/coinkickoff.com\/fi\/exodus-review\/\"><span style=\"font-weight: 400;\">Exodus<\/span><\/a><span style=\"font-weight: 400;\">, <\/span><a href=\"https:\/\/www.coinomi.com\/en\/\" target=\"_blank\" rel=\"noopener\"><span style=\"font-weight: 400;\">Coinomi<\/span><\/a><span style=\"font-weight: 400;\">, tai <\/span><a href=\"https:\/\/atomicwallet.io\/\" target=\"_blank\" rel=\"noopener\"><span style=\"font-weight: 400;\">Atomic lompakko<\/span><\/a><span style=\"font-weight: 400;\">. Itses\u00e4ilytett\u00e4viss\u00e4 kuumissa lompakoissa on kuitenkin yksi varoitus: koska niit\u00e4 yll\u00e4pidet\u00e4\u00e4n internetiin kytketyiss\u00e4 laitteissa, ne ovat varsin alttiita hakkerointiyrityksille. Olet ehk\u00e4 n\u00e4hnyt tai kuullut uutisista, ett\u00e4 hakkerit ottavat usein kohteekseen sek\u00e4 v\u00e4hitt\u00e4iskauppiaita ett\u00e4 ammattimaisia kryptoprojekteja, jotka k\u00e4ytt\u00e4v\u00e4t kuumia lompakoita.<\/span><\/p>\n<p><span style=\"font-weight: 400;\">Jos et ole tietoturva-asiantuntija, kuuman lompakon pit\u00e4minen ei ehk\u00e4 ole hyv\u00e4 idea. Kryptovarkaat ovat hyvin luovia ja strategisia: he k\u00e4ytt\u00e4v\u00e4t monimutkaisia menetelmi\u00e4, kuten sosiaalista kaappausta, tietojenkalastelua ja muita menetelmi\u00e4 p\u00e4\u00e4st\u00e4kseen k\u00e4siksi varoihisi ja tyhjent\u00e4\u00e4kseen ne. Jos internetyhteydell\u00e4 varustettu laitteesi vaarantuu (ja se voi tapahtua helposti esimerkiksi v\u00e4\u00e4r\u00e4\u00e4 linkki\u00e4 klikkaamalla), my\u00f6s varasi ovat vaarassa.<\/span><\/p>\n<h4><span class=\"ez-toc-section\" id=\"Cold_Wallets\"><\/span><span style=\"font-weight: 400;\">Kylm\u00e4 lompakot<\/span><span class=\"ez-toc-section-end\"><\/span><\/h4>\n<p><span style=\"font-weight: 400;\">Kylmi\u00e4 lompakoita ei ole yhdistetty internetiin, ja siksi niit\u00e4 pidet\u00e4\u00e4n hakkeroinnille mahdottomina.\u00a0<\/span><\/p>\n<p><span style=\"font-weight: 400;\">Kylmi\u00e4 lompakoita on kahta p\u00e4\u00e4tyyppi\u00e4: Ne ovat periaatteessa paperilompakoita, joihin on kirjoitettu yksityinen avain ja lompakon osoitetiedot.<\/span><\/p>\n<p><span style=\"font-weight: 400;\">Paperilompakoita pidet\u00e4\u00e4n yleisesti hyvin turvallisina, mutta niit\u00e4 on vaikea k\u00e4ytt\u00e4\u00e4. Sinun on k\u00e4ytett\u00e4v\u00e4 huolellisesti paperilompakkogeneraattoria, tulostettava tiedot ja s\u00e4ilytett\u00e4v\u00e4 ne turvallisessa paikassa.\u00a0<\/span><\/p>\n<p><span style=\"font-weight: 400;\">Yksi paperilompakoiden suuri haittapuoli on, ett\u00e4 niiden k\u00e4ytt\u00f6 on hankalaa: varoillasi ei voi tehd\u00e4 osittaisia maksutapahtumia, joten ne eiv\u00e4t ole k\u00e4yt\u00e4nn\u00f6llisi\u00e4.<\/span><\/p>\n<p><span style=\"font-weight: 400;\">Laitteistolompakot ovat toisaalta uskomattoman k\u00e4yt\u00e4nn\u00f6llisi\u00e4 ja eritt\u00e4in turvallisia, mutta niill\u00e4 on melko suuri haittapuoli: ne ovat paljon kalliimpia kuin muut vaihtoehdot.\u00a0<\/span><\/p>\n<p><span style=\"font-weight: 400;\">Yleens\u00e4 kryptolompakot ovat ilmaisia, mutta laitteistolompakot ovat poikkeus s\u00e4\u00e4nt\u00f6\u00f6n. Lompakosta maksaminen 80-200 USD voi olla kallis investointi aloittelevalle kryptokauppiaalle.<\/span><\/p>\n<p><a href=\"https:\/\/www.ledger.com\/\" target=\"_blank\" rel=\"noopener\"><span style=\"font-weight: 400;\">Ledger<\/span><\/a><span style=\"font-weight: 400;\"> ja <\/span><a href=\"https:\/\/trezor.io\/\" target=\"_blank\" rel=\"noopener\"><span style=\"font-weight: 400;\">Trezor<\/span><\/a><span style=\"font-weight: 400;\"> ovat kaksi alan tunnetuinta kovaa lompakkoa valmistavaa yrityst\u00e4, ja molemmat myyv\u00e4t perusmallia kohtuulliseen hintaluokkaan uteliaalle sijoittajalle.<\/span><\/p>","protected":false},"excerpt":{"rendered":"<p>Kuinka ostaa Shiba Inu Oletko kiinnostunut ostamaan Shiba Inu:t\u00e4, mutta et tied\u00e4 mist\u00e4 aloittaa? Olet oikeassa paikassa. T\u00e4ss\u00e4 on kaikki mit\u00e4 sinun tarvitsee tiet\u00e4\u00e4 Shiba Inu:n ostamisesta.  Mik\u00e4 on Shiba Inu? Shiba Inu token (SHIB) luotiin elokuussa 2020 meemiksi coin, jonka pseudo-anonyymi [...]<\/p>","protected":false},"author":3,"featured_media":0,"parent":0,"menu_order":0,"comment_status":"closed","ping_status":"closed","template":"","meta":{"_genesis_hide_title":false,"_genesis_hide_breadcrumbs":false,"_genesis_hide_singular_image":false,"_genesis_hide_footer_widgets":false,"_genesis_custom_body_class":"","_genesis_custom_post_class":"","_genesis_layout":"","_glsr_average":0,"_glsr_ranking":0,"_glsr_reviews":0,"footnotes":""},"class_list":{"0":"post-3709","1":"page","2":"type-page","3":"status-publish","5":"entry","6":"has-post-thumbnail"},"featured_image_src":null,"featured_image_src_square":null,"_links":{"self":[{"href":"https:\/\/coinkickoff.com\/fi\/wp-json\/wp\/v2\/pages\/3709","targetHints":{"allow":["GET"]}}],"collection":[{"href":"https:\/\/coinkickoff.com\/fi\/wp-json\/wp\/v2\/pages"}],"about":[{"href":"https:\/\/coinkickoff.com\/fi\/wp-json\/wp\/v2\/types\/page"}],"author":[{"embeddable":true,"href":"https:\/\/coinkickoff.com\/fi\/wp-json\/wp\/v2\/users\/3"}],"replies":[{"embeddable":true,"href":"https:\/\/coinkickoff.com\/fi\/wp-json\/wp\/v2\/comments?post=3709"}],"version-history":[{"count":2,"href":"https:\/\/coinkickoff.com\/fi\/wp-json\/wp\/v2\/pages\/3709\/revisions"}],"predecessor-version":[{"id":4474,"href":"https:\/\/coinkickoff.com\/fi\/wp-json\/wp\/v2\/pages\/3709\/revisions\/4474"}],"wp:attachment":[{"href":"https:\/\/coinkickoff.com\/fi\/wp-json\/wp\/v2\/media?parent=3709"}],"curies":[{"name":"wp","href":"https:\/\/api.w.org\/{rel}","templated":true}]}}