{"id":3518,"date":"2026-01-08T14:07:32","date_gmt":"2026-01-08T14:07:32","guid":{"rendered":"https:\/\/coinkickoff.com\/?page_id=3518"},"modified":"2026-01-08T14:07:32","modified_gmt":"2026-01-08T14:07:32","slug":"how-to-buy-dogecoin-on-coinbase","status":"publish","type":"page","link":"https:\/\/coinkickoff.com\/fi\/how-to-buy-dogecoin\/how-to-buy-dogecoin-on-coinbase\/","title":{"rendered":"Miten ostaa Dogecoin (DOGE) Coinbase-tietokannasta"},"content":{"rendered":"<div id=\"ez-toc-container\" class=\"ez-toc-v2_0_80 counter-hierarchy ez-toc-counter ez-toc-transparent ez-toc-container-direction\">\n<div class=\"ez-toc-title-container\">\n<p class=\"ez-toc-title\" style=\"cursor:inherit\">Jaksot<\/p>\n<span class=\"ez-toc-title-toggle\"><a href=\"#\" class=\"ez-toc-pull-right ez-toc-btn ez-toc-btn-xs ez-toc-btn-default ez-toc-toggle\" aria-label=\"Sis\u00e4llysluettelon vaihtaminen\"><span class=\"ez-toc-js-icon-con\"><span class=\"\"><span class=\"eztoc-hide\" style=\"display:none;\">Toggle<\/span><span class=\"ez-toc-icon-toggle-span\"><svg style=\"fill: #999;color:#999\" xmlns=\"http:\/\/www.w3.org\/2000\/svg\" class=\"list-377408\" width=\"20px\" height=\"20px\" viewbox=\"0 0 24 24\" fill=\"none\"><path d=\"M6 6H4v2h2V6zm14 0H8v2h12V6zM4 11h2v2H4v-2zm16 0H8v2h12v-2zM4 16h2v2H4v-2zm16 0H8v2h12v-2z\" fill=\"currentColor\"><\/path><\/svg><svg style=\"fill: #999;color:#999\" class=\"arrow-unsorted-368013\" xmlns=\"http:\/\/www.w3.org\/2000\/svg\" width=\"10px\" height=\"10px\" viewbox=\"0 0 24 24\" version=\"1.2\" baseprofile=\"tiny\"><path d=\"M18.2 9.3l-6.2-6.3-6.2 6.3c-.2.2-.3.4-.3.7s.1.5.3.7c.2.2.4.3.7.3h11c.3 0 .5-.1.7-.3.2-.2.3-.5.3-.7s-.1-.5-.3-.7zM5.8 14.7l6.2 6.3 6.2-6.3c.2-.2.3-.5.3-.7s-.1-.5-.3-.7c-.2-.2-.4-.3-.7-.3h-11c-.3 0-.5.1-.7.3-.2.2-.3.5-.3.7s.1.5.3.7z\"\/><\/svg><\/span><\/span><\/span><\/a><\/span><\/div>\n<nav><ul class='ez-toc-list ez-toc-list-level-1 eztoc-toggle-hide-by-default' ><li class='ez-toc-page-1 ez-toc-heading-level-1'><a class=\"ez-toc-link ez-toc-heading-1\" href=\"https:\/\/coinkickoff.com\/fi\/how-to-buy-dogecoin\/how-to-buy-dogecoin-on-coinbase\/#How_to_Buy_Dogecoin_on_Coinbase\" >Miten ostaa Dogecoin Coinbase-sivustolla?<\/a><ul class='ez-toc-list-level-2' ><li class='ez-toc-heading-level-2'><a class=\"ez-toc-link ez-toc-heading-2\" href=\"https:\/\/coinkickoff.com\/fi\/how-to-buy-dogecoin\/how-to-buy-dogecoin-on-coinbase\/#A_Step-By-Step_Guide_on_How_to_Buy_Dogecoin_on_Coinbase\" >Vaiheittainen opas Dogecoin:n ostamisesta Coinbase-palvelusta.<\/a><ul class='ez-toc-list-level-3' ><li class='ez-toc-heading-level-3'><a class=\"ez-toc-link ez-toc-heading-3\" href=\"https:\/\/coinkickoff.com\/fi\/how-to-buy-dogecoin\/how-to-buy-dogecoin-on-coinbase\/#1_Register_an_Account\" >1. Rekister\u00f6i tili<\/a><\/li><li class='ez-toc-page-1 ez-toc-heading-level-3'><a class=\"ez-toc-link ez-toc-heading-4\" href=\"https:\/\/coinkickoff.com\/fi\/how-to-buy-dogecoin\/how-to-buy-dogecoin-on-coinbase\/#2_Verify_Your_Account\" >2. Vahvista tilisi<\/a><\/li><li class='ez-toc-page-1 ez-toc-heading-level-3'><a class=\"ez-toc-link ez-toc-heading-5\" href=\"https:\/\/coinkickoff.com\/fi\/how-to-buy-dogecoin\/how-to-buy-dogecoin-on-coinbase\/#3_Deposit_FundsCrypto\" >3. Talletusrahastot\/krypto<\/a><\/li><li class='ez-toc-page-1 ez-toc-heading-level-3'><a class=\"ez-toc-link ez-toc-heading-6\" href=\"https:\/\/coinkickoff.com\/fi\/how-to-buy-dogecoin\/how-to-buy-dogecoin-on-coinbase\/#4_Navigate_to_the_Relevant_Screen_to_Buy\" >4. Siirry asiaankuuluvalle n\u00e4yt\u00f6lle ostamista varten<\/a><\/li><\/ul><\/li><\/ul><\/li><\/ul><\/nav><\/div>\n<h1><span class=\"ez-toc-section\" id=\"How_to_Buy_Dogecoin_on_Coinbase\"><\/span><span style=\"font-weight: 400;\">Miten ostaa Dogecoin Coinbase-sivustolla?<\/span><span class=\"ez-toc-section-end\"><\/span><\/h1>\n<p><span style=\"font-weight: 400;\"><a href=\"https:\/\/coinkickoff.com\/fi\/dogecoin-doge\/\">Dogecoin<\/a>, tai <a href=\"https:\/\/coinkickoff.com\/fi\/dogecoin-doge\/\" data-internallinksmanager029f6b8e52c=\"14\" title=\"Mik\u00e4 on Dogecoin (DOGE)? Miten se toimii ja mist\u00e4 sit\u00e4 voi ostaa?\">DOGE<\/a> kuten sit\u00e4 kutsutaan, on kuuluisa meemi coin, jota internet rakastaa ja arvostaa. DOGE saavutti huippuhintansa huhtikuussa 2021, vuosikymmenen suurimman kryptoh\u00e4r\u00e4n aikana, mutta palasi nopeasti normaalille hintatasolleen seuraavien viikkojen aikana.<\/span><\/p>\n<p><span style=\"font-weight: 400;\">Se on edelleen suosittu hy\u00f6dyke, mutta se ei ole kovin arvokas: se tunnetaan l\u00e4hinn\u00e4 vitsin\u00e4 coin.<\/span><\/p>\n<p><span style=\"font-weight: 400;\">Jos haluat ostaa Dogecoin osoitteessa <a href=\"https:\/\/coinkickoff.com\/fi\/coinbase-review\/\" data-internallinksmanager029f6b8e52c=\"142\" title=\"Coinbase Arvostelut 2024: Ominaisuudet, maksut, turvallisuus, hyv\u00e4t ja huonot puolet\">Coinpohja<\/a> mutta et tied\u00e4 miten, \u00e4l\u00e4 huoli. T\u00e4ss\u00e4 on vaiheittainen erittely siit\u00e4, miten Dogecoin ostetaan Coinbase-sivustolta.<\/span><\/p>\n<h2><span class=\"ez-toc-section\" id=\"A_Step-By-Step_Guide_on_How_to_Buy_Dogecoin_on_Coinbase\"><\/span><span style=\"font-weight: 400;\">Vaiheittainen opas Dogecoin:n ostamisesta Coinbase-palvelusta.<\/span><span class=\"ez-toc-section-end\"><\/span><\/h2>\n<h3><span class=\"ez-toc-section\" id=\"1_Register_an_Account\"><\/span><span style=\"font-weight: 400;\">1. Rekister\u00f6i tili<\/span><span class=\"ez-toc-section-end\"><\/span><\/h3>\n<p><img loading=\"lazy\" decoding=\"async\" class=\"alignnone wp-image-3527 size-large\" src=\"https:\/\/coinkickoff.com\/wp-content\/uploads\/Screen-Shot-2023-03-30-at-7.13.25-AM-e1683779312952-1024x537.png\" alt=\"\" width=\"1024\" height=\"537\" \/><\/p>\n<p><span style=\"font-weight: 400;\">T\u00e4m\u00e4 saattaa olla itsest\u00e4\u00e4n selv\u00e4\u00e4, mutta ensimm\u00e4inen askel on avata tili Coinbase-sivustolle. Mene osoitteeseen <\/span><a href=\"https:\/\/coinbase-consumer.sjv.io\/ORPoaG\" target=\"_blank\" rel=\"noopener\"><span style=\"font-weight: 400;\">Coinbasen virallinen verkkosivusto<\/span><\/a><span style=\"font-weight: 400;\"> ja napsauta \"Aloita\".<\/span><\/p>\n<p><span style=\"font-weight: 400;\">Kirjoita virallinen nimesi ja voimassa oleva s\u00e4hk\u00f6postiosoitteesi rekister\u00f6id\u00e4ksesi tilisi. Coinbase l\u00e4hett\u00e4\u00e4 sinulle vahvistuss\u00e4hk\u00f6postin tilisi vahvistamiseksi. Seuraa ohjeita kirjautuaksesi tilillesi.<\/span><\/p>\n<p><span style=\"font-weight: 400;\">Kun olet aktivoinut tilisi, Coinbase pyyt\u00e4\u00e4 sinua antamaan matkapuhelinnumerosi. Saat matkapuhelimeesi kertak\u00e4ytt\u00f6salasanan, jolla voit kirjautua Coinbase-tilillesi.<\/span><\/p>\n<h3><span class=\"ez-toc-section\" id=\"2_Verify_Your_Account\"><\/span><span style=\"font-weight: 400;\">2. Vahvista tilisi<\/span><span class=\"ez-toc-section-end\"><\/span><\/h3>\n<p><span style=\"font-weight: 400;\">Et voi tehd\u00e4 paljonkaan Coinbase-palvelussa ilman henkil\u00f6llisyyden vahvistamista, joten on t\u00e4rke\u00e4\u00e4 hoitaa t\u00e4m\u00e4 vaihe nopeasti.<\/span><\/p>\n<p><img loading=\"lazy\" decoding=\"async\" class=\"alignnone wp-image-3526 size-large\" src=\"https:\/\/coinkickoff.com\/wp-content\/uploads\/Screen-Shot-2023-03-30-at-6.16.20-AM-e1683779340546-1024x470.png\" alt=\"\" width=\"1024\" height=\"470\" srcset=\"https:\/\/coinkickoff.com\/wp-content\/uploads\/Screen-Shot-2023-03-30-at-6.16.20-AM-e1683779340546-1024x470.png 1024w, https:\/\/coinkickoff.com\/wp-content\/uploads\/Screen-Shot-2023-03-30-at-6.16.20-AM-e1683779340546-300x138.png 300w, https:\/\/coinkickoff.com\/wp-content\/uploads\/Screen-Shot-2023-03-30-at-6.16.20-AM-e1683779340546-768x352.png 768w, https:\/\/coinkickoff.com\/wp-content\/uploads\/Screen-Shot-2023-03-30-at-6.16.20-AM-e1683779340546-18x8.png 18w, https:\/\/coinkickoff.com\/wp-content\/uploads\/Screen-Shot-2023-03-30-at-6.16.20-AM-e1683779340546.png 1389w\" sizes=\"auto, (max-width: 1024px) 100vw, 1024px\" \/><\/p>\n<p><span style=\"font-weight: 400;\">Voit aloittaa tunnusten tarkistamisen napsauttamalla kojelaudan yl\u00e4osassa olevaa BUY\/SELL-vaihtoehtoa. Saat varoituksen henkil\u00f6tietojesi tarkistamisesta. Jatka klikkaamalla Tarkista henkil\u00f6llisyytesi jatkaaksesi.<\/span><\/p>\n<p><img loading=\"lazy\" decoding=\"async\" class=\"alignnone wp-image-3525 size-full\" src=\"https:\/\/coinkickoff.com\/wp-content\/uploads\/Screen-Shot-2023-03-30-at-6.15.03-AM-e1683779367919.png\" alt=\"\" width=\"1436\" height=\"806\" srcset=\"https:\/\/coinkickoff.com\/wp-content\/uploads\/Screen-Shot-2023-03-30-at-6.15.03-AM-e1683779367919.png 1436w, https:\/\/coinkickoff.com\/wp-content\/uploads\/Screen-Shot-2023-03-30-at-6.15.03-AM-e1683779367919-300x168.png 300w, https:\/\/coinkickoff.com\/wp-content\/uploads\/Screen-Shot-2023-03-30-at-6.15.03-AM-e1683779367919-1024x575.png 1024w, https:\/\/coinkickoff.com\/wp-content\/uploads\/Screen-Shot-2023-03-30-at-6.15.03-AM-e1683779367919-768x431.png 768w, https:\/\/coinkickoff.com\/wp-content\/uploads\/Screen-Shot-2023-03-30-at-6.15.03-AM-e1683779367919-18x10.png 18w, https:\/\/coinkickoff.com\/wp-content\/uploads\/Screen-Shot-2023-03-30-at-6.15.03-AM-e1683779367919-600x338.png 600w\" sizes=\"auto, (max-width: 1436px) 100vw, 1436px\" \/><\/p>\n<p><span style=\"font-weight: 400;\">Kirjoita uudelle sivulle kaikki tarvittavat tiedot. Coinbase noudattaa yksityiskohtaista KYC-menettely\u00e4, joten sinun on annettava virallinen nimesi, osoitteesi ja syntym\u00e4aikasi sek\u00e4 tiedot taloudellisesta tilanteestasi. Sinun on my\u00f6s toimitettava kuvallinen henkil\u00f6llisyystodistus, kuten passin sivu tai ajokortti.<\/span><\/p>\n<h3><span class=\"ez-toc-section\" id=\"3_Deposit_FundsCrypto\"><\/span><span style=\"font-weight: 400;\">3. Talletusrahastot\/krypto<\/span><span class=\"ez-toc-section-end\"><\/span><\/h3>\n<p><span style=\"font-weight: 400;\">Kun olet saanut henkil\u00f6llisyyden tarkistuksen p\u00e4\u00e4t\u00f6kseen, voit yhdist\u00e4\u00e4 maksutavan Coinbase-tiliisi.\u00a0<\/span><\/p>\n<p><span style=\"font-weight: 400;\">Valitse kojelaudan profiilikuvake (oikeassa yl\u00e4kulmassa) ja valitse Asetukset. Valitse uudella sivulla maksutavat.<\/span><\/p>\n<p><img loading=\"lazy\" decoding=\"async\" class=\"alignnone wp-image-3521 size-full\" src=\"https:\/\/coinkickoff.com\/wp-content\/uploads\/Screen-Shot-2023-03-29-at-10.44.01-PM-e1683779393247.png\" alt=\"\" width=\"1396\" height=\"673\" srcset=\"https:\/\/coinkickoff.com\/wp-content\/uploads\/Screen-Shot-2023-03-29-at-10.44.01-PM-e1683779393247.png 1396w, https:\/\/coinkickoff.com\/wp-content\/uploads\/Screen-Shot-2023-03-29-at-10.44.01-PM-e1683779393247-300x145.png 300w, https:\/\/coinkickoff.com\/wp-content\/uploads\/Screen-Shot-2023-03-29-at-10.44.01-PM-e1683779393247-1024x494.png 1024w, https:\/\/coinkickoff.com\/wp-content\/uploads\/Screen-Shot-2023-03-29-at-10.44.01-PM-e1683779393247-768x370.png 768w, https:\/\/coinkickoff.com\/wp-content\/uploads\/Screen-Shot-2023-03-29-at-10.44.01-PM-e1683779393247-18x9.png 18w\" sizes=\"auto, (max-width: 1396px) 100vw, 1396px\" \/><\/p>\n<p><span style=\"font-weight: 400;\">Valitse maksutavat.<\/span><\/p>\n<p><img loading=\"lazy\" decoding=\"async\" class=\"alignnone wp-image-3522 size-full\" src=\"https:\/\/coinkickoff.com\/wp-content\/uploads\/Screen-Shot-2023-03-29-at-10.44.08-PM-e1683779417928.png\" alt=\"\" width=\"1414\" height=\"719\" srcset=\"https:\/\/coinkickoff.com\/wp-content\/uploads\/Screen-Shot-2023-03-29-at-10.44.08-PM-e1683779417928.png 1414w, https:\/\/coinkickoff.com\/wp-content\/uploads\/Screen-Shot-2023-03-29-at-10.44.08-PM-e1683779417928-300x153.png 300w, https:\/\/coinkickoff.com\/wp-content\/uploads\/Screen-Shot-2023-03-29-at-10.44.08-PM-e1683779417928-1024x521.png 1024w, https:\/\/coinkickoff.com\/wp-content\/uploads\/Screen-Shot-2023-03-29-at-10.44.08-PM-e1683779417928-768x391.png 768w, https:\/\/coinkickoff.com\/wp-content\/uploads\/Screen-Shot-2023-03-29-at-10.44.08-PM-e1683779417928-18x9.png 18w\" sizes=\"auto, (max-width: 1414px) 100vw, 1414px\" \/><\/p>\n<p><span style=\"font-weight: 400;\">Napsauta Lis\u00e4\u00e4 maksutapa.<\/span><\/p>\n<p><img loading=\"lazy\" decoding=\"async\" class=\"alignnone wp-image-3523 size-full\" src=\"https:\/\/coinkickoff.com\/wp-content\/uploads\/Screen-Shot-2023-03-29-at-10.44.22-PM-e1683779442560.png\" alt=\"\" width=\"1403\" height=\"737\" srcset=\"https:\/\/coinkickoff.com\/wp-content\/uploads\/Screen-Shot-2023-03-29-at-10.44.22-PM-e1683779442560.png 1403w, https:\/\/coinkickoff.com\/wp-content\/uploads\/Screen-Shot-2023-03-29-at-10.44.22-PM-e1683779442560-300x158.png 300w, https:\/\/coinkickoff.com\/wp-content\/uploads\/Screen-Shot-2023-03-29-at-10.44.22-PM-e1683779442560-1024x538.png 1024w, https:\/\/coinkickoff.com\/wp-content\/uploads\/Screen-Shot-2023-03-29-at-10.44.22-PM-e1683779442560-768x403.png 768w, https:\/\/coinkickoff.com\/wp-content\/uploads\/Screen-Shot-2023-03-29-at-10.44.22-PM-e1683779442560-18x9.png 18w\" sizes=\"auto, (max-width: 1403px) 100vw, 1403px\" \/><\/p>\n<p><span style=\"font-weight: 400;\">Voit k\u00e4ytt\u00e4\u00e4 useita maksutapoja sijaintisi mukaan. Yhdysvaltalaiset ja eurooppalaiset asiakkaat voivat yhdist\u00e4\u00e4 pankkitilins\u00e4 p\u00f6rssiin ja siirt\u00e4\u00e4 varoja suoraan pankistaan.\u00a0<\/span><\/p>\n<p><span style=\"font-weight: 400;\">Voit my\u00f6s lis\u00e4t\u00e4 luotto- tai pankkikorttitietosi tilillesi. Pankkisiirrot ovat yleens\u00e4 halvempia, mutta niiden saapuminen kest\u00e4\u00e4 p\u00e4ivi\u00e4. Luotto- ja pankkikorttiostot ovat v\u00e4litt\u00f6mi\u00e4, mutta niist\u00e4 perit\u00e4\u00e4n korkeammat maksut.\u00a0<\/span><\/p>\n<p><span style=\"font-weight: 400;\">Jos haluat maksaa enemm\u00e4n saadaksesi asiat nopeammin, klikkaa \"Luotto-\/pankkikortti\"-vaihtoehtoa.<\/span><\/p>\n<p><img loading=\"lazy\" decoding=\"async\" class=\"alignnone wp-image-3524 size-full\" src=\"https:\/\/coinkickoff.com\/wp-content\/uploads\/Screen-Shot-2023-03-29-at-10.44.29-PM-e1683779464552.png\" alt=\"\" width=\"1407\" height=\"730\" srcset=\"https:\/\/coinkickoff.com\/wp-content\/uploads\/Screen-Shot-2023-03-29-at-10.44.29-PM-e1683779464552.png 1407w, https:\/\/coinkickoff.com\/wp-content\/uploads\/Screen-Shot-2023-03-29-at-10.44.29-PM-e1683779464552-300x156.png 300w, https:\/\/coinkickoff.com\/wp-content\/uploads\/Screen-Shot-2023-03-29-at-10.44.29-PM-e1683779464552-1024x531.png 1024w, https:\/\/coinkickoff.com\/wp-content\/uploads\/Screen-Shot-2023-03-29-at-10.44.29-PM-e1683779464552-768x398.png 768w, https:\/\/coinkickoff.com\/wp-content\/uploads\/Screen-Shot-2023-03-29-at-10.44.29-PM-e1683779464552-18x9.png 18w\" sizes=\"auto, (max-width: 1407px) 100vw, 1407px\" \/><\/p>\n<p><span style=\"font-weight: 400;\">Kirjoita kortin numero, voimassaoloaika ja CVC ja napsauta \"Lis\u00e4\u00e4 kortti\".<\/span><\/p>\n<h3><span class=\"ez-toc-section\" id=\"4_Navigate_to_the_Relevant_Screen_to_Buy\"><\/span><span style=\"font-weight: 400;\">4. Siirry asiaankuuluvalle n\u00e4yt\u00f6lle ostamista varten<\/span><span class=\"ez-toc-section-end\"><\/span><\/h3>\n<p><span style=\"font-weight: 400;\">Nyt kun olet lis\u00e4nnyt maksuvaihtoehdon, sinun tarvitsee vain napsauttaa sivun yl\u00e4reunassa olevaa sinist\u00e4 Osta\/myy -widgetti\u00e4.<\/span><\/p>\n<p><span style=\"font-weight: 400;\">Napsauta osta-saraketta ja valitse DOGE pudotusvalikosta. Valitse maksutapa, jolla suoritat maksutapahtuman. Kirjoita lopuksi, kuinka paljon haluat k\u00e4ytt\u00e4\u00e4 DOGE:hen ja napsauta \"Esikatsele ostoa\".<\/span><\/p>\n<p><img loading=\"lazy\" decoding=\"async\" class=\"alignnone wp-image-3519 size-full\" src=\"https:\/\/coinkickoff.com\/wp-content\/uploads\/Screen-Shot-2023-03-29-at-10.39.23-PM-e1683779487708.png\" alt=\"miten ostaa dogecoin on coinbase\" width=\"1439\" height=\"763\" srcset=\"https:\/\/coinkickoff.com\/wp-content\/uploads\/Screen-Shot-2023-03-29-at-10.39.23-PM-e1683779487708.png 1439w, https:\/\/coinkickoff.com\/wp-content\/uploads\/Screen-Shot-2023-03-29-at-10.39.23-PM-e1683779487708-300x159.png 300w, https:\/\/coinkickoff.com\/wp-content\/uploads\/Screen-Shot-2023-03-29-at-10.39.23-PM-e1683779487708-1024x543.png 1024w, https:\/\/coinkickoff.com\/wp-content\/uploads\/Screen-Shot-2023-03-29-at-10.39.23-PM-e1683779487708-768x407.png 768w, https:\/\/coinkickoff.com\/wp-content\/uploads\/Screen-Shot-2023-03-29-at-10.39.23-PM-e1683779487708-18x10.png 18w\" sizes=\"auto, (max-width: 1439px) 100vw, 1439px\" \/><\/p>\n<p><span style=\"font-weight: 400;\">N\u00e4et yksityiskohtaisen esikatselun tilauksestasi, mukaan lukien Coinbase-maksut. Tarkista tilauksesi ja napsauta \"Osta nyt\". Onnittelut, olet valmis!\u00a0\u00a0<\/span><\/p>","protected":false},"excerpt":{"rendered":"<p>Kuinka ostaa Dogecoin Coinpohjalla Dogecoin, tai DOGE, kuten sit\u00e4 kutsutaan, on kuuluisa meemi coin, jota internet rakastaa ja vaalii. DOGE saavutti huippuhintansa huhtikuussa 2021, vuosikymmenen suurimman kryptoh\u00e4r\u00e4n aikana, mutta palasi nopeasti normaalille hintatasolleen seuraavien viikkojen aikana. Se on edelleen [...]<\/p>","protected":false},"author":3,"featured_media":3527,"parent":3196,"menu_order":0,"comment_status":"closed","ping_status":"closed","template":"","meta":{"_genesis_hide_title":false,"_genesis_hide_breadcrumbs":false,"_genesis_hide_singular_image":false,"_genesis_hide_footer_widgets":false,"_genesis_custom_body_class":"","_genesis_custom_post_class":"","_genesis_layout":"","_glsr_average":0,"_glsr_ranking":0,"_glsr_reviews":0,"footnotes":""},"class_list":{"0":"post-3518","1":"page","2":"type-page","3":"status-publish","4":"has-post-thumbnail","6":"entry"},"featured_image_src":"https:\/\/coinkickoff.com\/wp-content\/uploads\/Screen-Shot-2023-03-30-at-7.13.25-AM-e1686183370122-600x400.png","featured_image_src_square":"https:\/\/coinkickoff.com\/wp-content\/uploads\/Screen-Shot-2023-03-30-at-7.13.25-AM-e1686183370122-600x600.png","_links":{"self":[{"href":"https:\/\/coinkickoff.com\/fi\/wp-json\/wp\/v2\/pages\/3518","targetHints":{"allow":["GET"]}}],"collection":[{"href":"https:\/\/coinkickoff.com\/fi\/wp-json\/wp\/v2\/pages"}],"about":[{"href":"https:\/\/coinkickoff.com\/fi\/wp-json\/wp\/v2\/types\/page"}],"author":[{"embeddable":true,"href":"https:\/\/coinkickoff.com\/fi\/wp-json\/wp\/v2\/users\/3"}],"replies":[{"embeddable":true,"href":"https:\/\/coinkickoff.com\/fi\/wp-json\/wp\/v2\/comments?post=3518"}],"version-history":[{"count":3,"href":"https:\/\/coinkickoff.com\/fi\/wp-json\/wp\/v2\/pages\/3518\/revisions"}],"predecessor-version":[{"id":4491,"href":"https:\/\/coinkickoff.com\/fi\/wp-json\/wp\/v2\/pages\/3518\/revisions\/4491"}],"up":[{"embeddable":true,"href":"https:\/\/coinkickoff.com\/fi\/wp-json\/wp\/v2\/pages\/3196"}],"wp:featuredmedia":[{"embeddable":true,"href":"https:\/\/coinkickoff.com\/fi\/wp-json\/wp\/v2\/media\/3527"}],"wp:attachment":[{"href":"https:\/\/coinkickoff.com\/fi\/wp-json\/wp\/v2\/media?parent=3518"}],"curies":[{"name":"wp","href":"https:\/\/api.w.org\/{rel}","templated":true}]}}