{"id":3424,"date":"2026-01-08T14:07:30","date_gmt":"2026-01-08T14:07:30","guid":{"rendered":"https:\/\/coinkickoff.com\/?page_id=3424"},"modified":"2026-01-08T14:07:30","modified_gmt":"2026-01-08T14:07:30","slug":"how-to-buy-dogecoin-on-mexc","status":"publish","type":"page","link":"https:\/\/coinkickoff.com\/fi\/how-to-buy-dogecoin\/how-to-buy-dogecoin-on-mexc\/","title":{"rendered":"Miten ostaa Dogecoin (DOGE) MEXC:ll\u00e4?"},"content":{"rendered":"<h2><span style=\"font-weight: 400;\"><img loading=\"lazy\" decoding=\"async\" class=\"alignnone wp-image-155 size-full\" src=\"https:\/\/coinkickoff.com\/wp-content\/uploads\/2022\/06\/Dogecoin-DOGE.jpg\" alt=\"miten ostaa dogecoin\" width=\"1000\" height=\"800\" srcset=\"https:\/\/coinkickoff.com\/wp-content\/uploads\/2022\/06\/Dogecoin-DOGE.jpg 1000w, https:\/\/coinkickoff.com\/wp-content\/uploads\/2022\/06\/Dogecoin-DOGE-300x240.jpg 300w, https:\/\/coinkickoff.com\/wp-content\/uploads\/2022\/06\/Dogecoin-DOGE-768x614.jpg 768w, https:\/\/coinkickoff.com\/wp-content\/uploads\/2022\/06\/Dogecoin-DOGE-15x12.jpg 15w\" sizes=\"auto, (max-width: 1000px) 100vw, 1000px\" \/><\/span><\/h2>\n<div id=\"ez-toc-container\" class=\"ez-toc-v2_0_80 counter-hierarchy ez-toc-counter ez-toc-transparent ez-toc-container-direction\">\n<div class=\"ez-toc-title-container\">\n<p class=\"ez-toc-title\" style=\"cursor:inherit\">Jaksot<\/p>\n<span class=\"ez-toc-title-toggle\"><a href=\"#\" class=\"ez-toc-pull-right ez-toc-btn ez-toc-btn-xs ez-toc-btn-default ez-toc-toggle\" aria-label=\"Sis\u00e4llysluettelon vaihtaminen\"><span class=\"ez-toc-js-icon-con\"><span class=\"\"><span class=\"eztoc-hide\" style=\"display:none;\">Toggle<\/span><span class=\"ez-toc-icon-toggle-span\"><svg style=\"fill: #999;color:#999\" xmlns=\"http:\/\/www.w3.org\/2000\/svg\" class=\"list-377408\" width=\"20px\" height=\"20px\" viewbox=\"0 0 24 24\" fill=\"none\"><path d=\"M6 6H4v2h2V6zm14 0H8v2h12V6zM4 11h2v2H4v-2zm16 0H8v2h12v-2zM4 16h2v2H4v-2zm16 0H8v2h12v-2z\" fill=\"currentColor\"><\/path><\/svg><svg style=\"fill: #999;color:#999\" class=\"arrow-unsorted-368013\" xmlns=\"http:\/\/www.w3.org\/2000\/svg\" width=\"10px\" height=\"10px\" viewbox=\"0 0 24 24\" version=\"1.2\" baseprofile=\"tiny\"><path d=\"M18.2 9.3l-6.2-6.3-6.2 6.3c-.2.2-.3.4-.3.7s.1.5.3.7c.2.2.4.3.7.3h11c.3 0 .5-.1.7-.3.2-.2.3-.5.3-.7s-.1-.5-.3-.7zM5.8 14.7l6.2 6.3 6.2-6.3c.2-.2.3-.5.3-.7s-.1-.5-.3-.7c-.2-.2-.4-.3-.7-.3h-11c-.3 0-.5.1-.7.3-.2.2-.3.5-.3.7s.1.5.3.7z\"\/><\/svg><\/span><\/span><\/span><\/a><\/span><\/div>\n<nav><ul class='ez-toc-list ez-toc-list-level-1 eztoc-toggle-hide-by-default' ><li class='ez-toc-page-1 ez-toc-heading-level-2'><a class=\"ez-toc-link ez-toc-heading-1\" href=\"https:\/\/coinkickoff.com\/fi\/how-to-buy-dogecoin\/how-to-buy-dogecoin-on-mexc\/#How_to_Buy_Dogecoin_on_MEXC\" >Miten ostaa Dogecoin MEXC:ll\u00e4?<\/a><\/li><li class='ez-toc-page-1 ez-toc-heading-level-2'><a class=\"ez-toc-link ez-toc-heading-2\" href=\"https:\/\/coinkickoff.com\/fi\/how-to-buy-dogecoin\/how-to-buy-dogecoin-on-mexc\/#A_Step-By-Step_Guide_on_How_to_Buy_Dogecoin_on_MEXC\" >Vaiheittainen opas Dogecoin:n ostamisesta MEXC:lt\u00e4.<\/a><ul class='ez-toc-list-level-3' ><li class='ez-toc-heading-level-3'><a class=\"ez-toc-link ez-toc-heading-3\" href=\"https:\/\/coinkickoff.com\/fi\/how-to-buy-dogecoin\/how-to-buy-dogecoin-on-mexc\/#1_Register_an_Account\" >1. Rekister\u00f6i tili<\/a><\/li><li class='ez-toc-page-1 ez-toc-heading-level-3'><a class=\"ez-toc-link ez-toc-heading-4\" href=\"https:\/\/coinkickoff.com\/fi\/how-to-buy-dogecoin\/how-to-buy-dogecoin-on-mexc\/#2_Verify_Your_Account\" >2. Vahvista tilisi<\/a><\/li><li class='ez-toc-page-1 ez-toc-heading-level-3'><a class=\"ez-toc-link ez-toc-heading-5\" href=\"https:\/\/coinkickoff.com\/fi\/how-to-buy-dogecoin\/how-to-buy-dogecoin-on-mexc\/#3_Buy_Crypto\" >3. Osta kryptoa<\/a><\/li><li class='ez-toc-page-1 ez-toc-heading-level-3'><a class=\"ez-toc-link ez-toc-heading-6\" href=\"https:\/\/coinkickoff.com\/fi\/how-to-buy-dogecoin\/how-to-buy-dogecoin-on-mexc\/#4_Trade_USDT_for_DOGE\" >4. Vaihda USDT DOGE:hen.<\/a><\/li><\/ul><\/li><\/ul><\/nav><\/div>\n<h2><span class=\"ez-toc-section\" id=\"How_to_Buy_Dogecoin_on_MEXC\"><\/span><span style=\"font-weight: 400;\">Miten ostaa Dogecoin MEXC:ll\u00e4?<\/span><span class=\"ez-toc-section-end\"><\/span><\/h2>\n<p><span style=\"font-weight: 400;\"><a href=\"https:\/\/coinkickoff.com\/fi\/dogecoin-doge\/\" data-internallinksmanager029f6b8e52c=\"14\" title=\"Mik\u00e4 on Dogecoin (DOGE)? Miten se toimii ja mist\u00e4 sit\u00e4 voi ostaa?\">Dogecoin<\/a>, vaikka kuuluisa kryptovaluutta, ei ole oikeastaan kuin <a href=\"https:\/\/coinkickoff.com\/fi\/ethereum-eth\/\" data-internallinksmanager029f6b8e52c=\"2\" title=\"Mik\u00e4 on Ethereum (ETH)? Hinta, historia ja ostopaikat\">Ethereum<\/a> tai <a href=\"https:\/\/coinkickoff.com\/fi\/bitcoin-btc\/\" data-internallinksmanager029f6b8e52c=\"1\" title=\"Mik\u00e4 on Bitcoin (BTC)? Hinta, historia ja ostopaikat\">Bitcoin<\/a>. T\u00e4m\u00e4 tunnettu meemi coin on aika lailla arvoton, koska se lanseerattiin alun perin vitsin\u00e4. Se on kuitenkin nyt melko yleinen, l\u00e4hinn\u00e4 Redditin ja Elon Muskin ansiosta, ja se l\u00f6ytyy melkein kaikista p\u00f6rsseist\u00e4, mukaan lukien <a href=\"https:\/\/coinkickoff.com\/fi\/mexc-global-review\/\">MEXC<\/a>.<\/span><\/p>\n<p><span style=\"font-weight: 400;\">Jos haluat osallistua vitsiin ostamalla Dogecoin:t\u00e4, mutta et tied\u00e4, mist\u00e4 aloittaa, olet oikeassa paikassa. T\u00e4ss\u00e4 on vaiheittainen opas siit\u00e4, miten voit ostaa Dogecoin:t\u00e4 osoitteessa <a href=\"https:\/\/coinkickoff.com\/fi\/mexc-global-review\/\" data-internallinksmanager029f6b8e52c=\"154\" title=\"MEXC Global Reviews 2023: Maksut, ominaisuudet, turvallisuus, edut ja haitat\">MEXC<\/a> vaihto.<\/span><\/p>\n<h2><span class=\"ez-toc-section\" id=\"A_Step-By-Step_Guide_on_How_to_Buy_Dogecoin_on_MEXC\"><\/span><span style=\"font-weight: 400;\">Vaiheittainen opas Dogecoin:n ostamisesta MEXC:lt\u00e4.<\/span><span class=\"ez-toc-section-end\"><\/span><\/h2>\n<h3><span class=\"ez-toc-section\" id=\"1_Register_an_Account\"><\/span><span style=\"font-weight: 400;\">1. Rekister\u00f6i tili<\/span><span class=\"ez-toc-section-end\"><\/span><\/h3>\n<p><img loading=\"lazy\" decoding=\"async\" class=\"alignnone wp-image-3441 size-full\" src=\"https:\/\/coinkickoff.com\/wp-content\/uploads\/mexc-register.png\" alt=\"miten ostaa dogecoin on mexc\" width=\"1328\" height=\"783\" srcset=\"https:\/\/coinkickoff.com\/wp-content\/uploads\/mexc-register.png 1328w, https:\/\/coinkickoff.com\/wp-content\/uploads\/mexc-register-300x177.png 300w, https:\/\/coinkickoff.com\/wp-content\/uploads\/mexc-register-1024x604.png 1024w, https:\/\/coinkickoff.com\/wp-content\/uploads\/mexc-register-768x453.png 768w, https:\/\/coinkickoff.com\/wp-content\/uploads\/mexc-register-18x12.png 18w\" sizes=\"auto, (max-width: 1328px) 100vw, 1328px\" \/><\/p>\n<p><span style=\"font-weight: 400;\">Luo ensin MEXC-tili k\u00e4ym\u00e4ll\u00e4 osoitteessa <a href=\"https:\/\/www.mexc.com\/en-US\/register?inviteCode=mexc-1WwwX\" target=\"_blank\" rel=\"noopener\">MEXC:n verkkosivusto<\/a> ja klikkaamalla \"Rekister\u00f6idy\". <\/span><\/p>\n<p><span style=\"font-weight: 400;\">Voit rekister\u00f6ity\u00e4 matkapuhelinnumerolla tai s\u00e4hk\u00f6postilla. Saat vahvistuskoodin s\u00e4hk\u00f6postiisi. K\u00e4yt\u00e4 koodia kirjautuaksesi tilillesi.\u00a0\u00a0<\/span><\/p>\n<h3><span class=\"ez-toc-section\" id=\"2_Verify_Your_Account\"><\/span><span style=\"font-weight: 400;\">2. Vahvista tilisi<\/span><span class=\"ez-toc-section-end\"><\/span><\/h3>\n<p><span style=\"font-weight: 400;\">Sinun ei tarvitse suorittaa henkil\u00f6llisyyden todentamista voidaksesi k\u00e4yd\u00e4 kauppaa MEXC:ss\u00e4, mutta tarvitset sit\u00e4 voidaksesi k\u00e4yd\u00e4 kauppaa fiatilla. Jos sinulla on jo digitaalisia varoja, jotka voit l\u00e4hett\u00e4\u00e4 MEXC-lompakkoon, voit ohittaa t\u00e4m\u00e4n vaiheen.<\/span><\/p>\n<p><span style=\"font-weight: 400;\">Voit my\u00f6s ohittaa t\u00e4m\u00e4n vaiheen, jos haluat k\u00e4ytt\u00e4\u00e4 kolmannen osapuolen palveluntarjoajia, kuten Banxa, Moonpay tai Mercuyo, krypton ostamiseen. Niill\u00e4 on omat erilliset henkil\u00f6llisyyden todentamisprosessinsa.<\/span><\/p>\n<p><span style=\"font-weight: 400;\">Jos olet suorittanut henkil\u00f6llisyyden tarkistuksen, voit ostaa kryptoa pankkitilill\u00e4, luottokortilla ja muilla keinoin. Voit tehd\u00e4 niin napsauttamalla kojelaudan oikeassa yl\u00e4kulmassa olevaa profiilisymbolia ja valitsemalla \"Profiili\".<\/span><\/p>\n<p><span style=\"font-weight: 400;\">Valitse Profiili-sivulla \"Tunnistaminen\" ja napsauta \"Ensisijainen KYC\".<\/span><\/p>\n<p><img loading=\"lazy\" decoding=\"async\" class=\"alignnone wp-image-3439 size-full\" src=\"https:\/\/coinkickoff.com\/wp-content\/uploads\/mexc-id.png\" alt=\"\" width=\"1436\" height=\"810\" srcset=\"https:\/\/coinkickoff.com\/wp-content\/uploads\/mexc-id.png 1436w, https:\/\/coinkickoff.com\/wp-content\/uploads\/mexc-id-300x169.png 300w, https:\/\/coinkickoff.com\/wp-content\/uploads\/mexc-id-1024x578.png 1024w, https:\/\/coinkickoff.com\/wp-content\/uploads\/mexc-id-768x433.png 768w, https:\/\/coinkickoff.com\/wp-content\/uploads\/mexc-id-18x10.png 18w, https:\/\/coinkickoff.com\/wp-content\/uploads\/mexc-id-600x338.png 600w\" sizes=\"auto, (max-width: 1436px) 100vw, 1436px\" \/><\/p>\n<p><span style=\"font-weight: 400;\">Sinut ohjataan KYC-sivulle, jossa voit valita joko <\/span><i><span style=\"font-weight: 400;\">Ensisijainen KYC<\/span><\/i><span style=\"font-weight: 400;\"> tai <\/span><i><span style=\"font-weight: 400;\">Kehittynyt KYC<\/span><\/i><span style=\"font-weight: 400;\">. Useimmat fiat-valuuttatalletukset edellytt\u00e4v\u00e4t tarkennettua KYC-tunnistusta.<\/span><\/p>\n<p><img loading=\"lazy\" decoding=\"async\" class=\"alignnone wp-image-3440 size-full\" src=\"https:\/\/coinkickoff.com\/wp-content\/uploads\/mexc-id2.png\" alt=\"\" width=\"1436\" height=\"582\" srcset=\"https:\/\/coinkickoff.com\/wp-content\/uploads\/mexc-id2.png 1436w, https:\/\/coinkickoff.com\/wp-content\/uploads\/mexc-id2-300x122.png 300w, https:\/\/coinkickoff.com\/wp-content\/uploads\/mexc-id2-1024x415.png 1024w, https:\/\/coinkickoff.com\/wp-content\/uploads\/mexc-id2-768x311.png 768w, https:\/\/coinkickoff.com\/wp-content\/uploads\/mexc-id2-18x7.png 18w\" sizes=\"auto, (max-width: 1436px) 100vw, 1436px\" \/><\/p>\n<p><span style=\"font-weight: 400;\">Aloita vahvistusprosessi napsauttamalla \"Vahvista\". Lataa vaaditut asiakirjat, ja olet valmis.<\/span><\/p>\n<h3><span class=\"ez-toc-section\" id=\"3_Buy_Crypto\"><\/span><span style=\"font-weight: 400;\">3. Osta kryptoa<\/span><span class=\"ez-toc-section-end\"><\/span><\/h3>\n<p><span style=\"font-weight: 400;\">Napsauta vasemmassa yl\u00e4kulmassa olevaa \"Buy Crypto\" -painiketta. Valitse uudella sivulla yksi k\u00e4ytett\u00e4viss\u00e4si olevista vaihtoehdoista. Jos olet suorittanut henkil\u00f6llisyyden tarkistuksen, voit ostaa kryptoa luotto- tai pankkikorttien, pankkisiirtojen, Express-maksujen ja P2P-markkinoiden avulla. Jos et, valitse luettelosta \"Third-Party\".<\/span><\/p>\n<p><img loading=\"lazy\" decoding=\"async\" class=\"alignnone wp-image-3438 size-full\" src=\"https:\/\/coinkickoff.com\/wp-content\/uploads\/mexc-buy-payment.png\" alt=\"\" width=\"1403\" height=\"778\" srcset=\"https:\/\/coinkickoff.com\/wp-content\/uploads\/mexc-buy-payment.png 1403w, https:\/\/coinkickoff.com\/wp-content\/uploads\/mexc-buy-payment-300x166.png 300w, https:\/\/coinkickoff.com\/wp-content\/uploads\/mexc-buy-payment-1024x568.png 1024w, https:\/\/coinkickoff.com\/wp-content\/uploads\/mexc-buy-payment-768x426.png 768w, https:\/\/coinkickoff.com\/wp-content\/uploads\/mexc-buy-payment-18x10.png 18w\" sizes=\"auto, (max-width: 1403px) 100vw, 1403px\" \/><\/p>\n<p><span style=\"font-weight: 400;\">Kirjoita, kuinka paljon haluat k\u00e4ytt\u00e4\u00e4, ja valitse, mink\u00e4 kryptovaluutan haluat ostaa. Valitettavasti et voi ostaa DOGE:t\u00e4 k\u00e4teisell\u00e4, joten sinun on ensin ostettava toinen coin, kuten esim. <a href=\"https:\/\/coinkickoff.com\/fi\/tether-usdt\/\" data-internallinksmanager029f6b8e52c=\"3\" title=\"Mik\u00e4 on Tether (USDT)? Miten se toimii ja mist\u00e4 sit\u00e4 voi ostaa?\">USDT<\/a> tai <a href=\"https:\/\/coinkickoff.com\/fi\/usd-coin-usdc\/\" data-internallinksmanager029f6b8e52c=\"8\" title=\"Mik\u00e4 on USD Coin (USDC)? Miten se toimii ja mist\u00e4 sit\u00e4 voi ostaa?\">USDC<\/a>ja vaihda se sitten my\u00f6hemmin DOGE:hen.<\/span><\/p>\n<p><span style=\"font-weight: 400;\">Kun olet sy\u00f6tt\u00e4nyt haluamasi m\u00e4\u00e4r\u00e4n, sinun on valittava maksukanava. MEXC tarjoaa melko monta kolmannen osapuolen vaihtoehtoa, joista voit valita, ja ehdottaa avuliaasti, ett\u00e4 k\u00e4yt\u00e4t edullisinta vaihtoehtoa.<\/span><\/p>\n<p><span style=\"font-weight: 400;\">Tarkista maksutiedot ja napsauta \"Jatka\". Sinut ohjataan maksukanavasivulle vahvistamaan tilauksesi. Tarkista tietosi ja napsauta \"Osta\".<\/span><\/p>\n<p><img loading=\"lazy\" decoding=\"async\" class=\"alignnone wp-image-3436 size-full\" src=\"https:\/\/coinkickoff.com\/wp-content\/uploads\/mercuryo-mexc1u.png\" alt=\"\" width=\"1360\" height=\"791\" srcset=\"https:\/\/coinkickoff.com\/wp-content\/uploads\/mercuryo-mexc1u.png 1360w, https:\/\/coinkickoff.com\/wp-content\/uploads\/mercuryo-mexc1u-300x174.png 300w, https:\/\/coinkickoff.com\/wp-content\/uploads\/mercuryo-mexc1u-1024x596.png 1024w, https:\/\/coinkickoff.com\/wp-content\/uploads\/mercuryo-mexc1u-768x447.png 768w, https:\/\/coinkickoff.com\/wp-content\/uploads\/mercuryo-mexc1u-18x10.png 18w\" sizes=\"auto, (max-width: 1360px) 100vw, 1360px\" \/><\/p>\n<p><img loading=\"lazy\" decoding=\"async\" class=\"alignnone wp-image-3435 size-full\" src=\"https:\/\/coinkickoff.com\/wp-content\/uploads\/mercuryo-mexc.png\" alt=\"\" width=\"1407\" height=\"796\" srcset=\"https:\/\/coinkickoff.com\/wp-content\/uploads\/mercuryo-mexc.png 1407w, https:\/\/coinkickoff.com\/wp-content\/uploads\/mercuryo-mexc-300x170.png 300w, https:\/\/coinkickoff.com\/wp-content\/uploads\/mercuryo-mexc-1024x579.png 1024w, https:\/\/coinkickoff.com\/wp-content\/uploads\/mercuryo-mexc-768x434.png 768w, https:\/\/coinkickoff.com\/wp-content\/uploads\/mercuryo-mexc-18x10.png 18w, https:\/\/coinkickoff.com\/wp-content\/uploads\/mercuryo-mexc-600x338.png 600w\" sizes=\"auto, (max-width: 1407px) 100vw, 1407px\" \/><\/p>\n<p><span style=\"font-weight: 400;\">T\u00e4ss\u00e4 vaiheessa sinun on sy\u00f6tett\u00e4v\u00e4 s\u00e4hk\u00f6postiosoitteesi maksukanavaan. Jos sinulla ei ole tili\u00e4 palveluntarjoajalla, sinut ohjataan avaamaan tili.<\/span><\/p>\n<h3><span class=\"ez-toc-section\" id=\"4_Trade_USDT_for_DOGE\"><\/span><span style=\"font-weight: 400;\">4. Vaihda USDT DOGE:hen.<\/span><span class=\"ez-toc-section-end\"><\/span><\/h3>\n<p><span style=\"font-weight: 400;\">Kun olet ostanut vakaan coin:n, kuten USDT:n, voit vaihtaa sen DOGE:hen MEXC:ss\u00e4. Napsauta kojelaudalla \"Kauppa\". Etsi uuden n\u00e4yt\u00f6n vasemmasta kulmasta DOGE.<\/span><\/p>\n<p><img loading=\"lazy\" decoding=\"async\" class=\"alignnone wp-image-3443 size-full\" src=\"https:\/\/coinkickoff.com\/wp-content\/uploads\/mexctrade1.png\" alt=\"\" width=\"1436\" height=\"736\" srcset=\"https:\/\/coinkickoff.com\/wp-content\/uploads\/mexctrade1.png 1436w, https:\/\/coinkickoff.com\/wp-content\/uploads\/mexctrade1-300x154.png 300w, https:\/\/coinkickoff.com\/wp-content\/uploads\/mexctrade1-1024x525.png 1024w, https:\/\/coinkickoff.com\/wp-content\/uploads\/mexctrade1-768x394.png 768w, https:\/\/coinkickoff.com\/wp-content\/uploads\/mexctrade1-18x9.png 18w\" sizes=\"auto, (max-width: 1436px) 100vw, 1436px\" \/><\/p>\n<p><span style=\"font-weight: 400;\">Valitse tulosten joukosta DOGE\/USDT kahden omaisuuser\u00e4n v\u00e4liseen vaihtoon.<\/span><\/p>\n<p><img loading=\"lazy\" decoding=\"async\" class=\"alignnone wp-image-3442 size-full\" src=\"https:\/\/coinkickoff.com\/wp-content\/uploads\/mexc-trade-2.png\" alt=\"\" width=\"1392\" height=\"748\" srcset=\"https:\/\/coinkickoff.com\/wp-content\/uploads\/mexc-trade-2.png 1392w, https:\/\/coinkickoff.com\/wp-content\/uploads\/mexc-trade-2-300x161.png 300w, https:\/\/coinkickoff.com\/wp-content\/uploads\/mexc-trade-2-1024x550.png 1024w, https:\/\/coinkickoff.com\/wp-content\/uploads\/mexc-trade-2-768x413.png 768w, https:\/\/coinkickoff.com\/wp-content\/uploads\/mexc-trade-2-18x10.png 18w\" sizes=\"auto, (max-width: 1392px) 100vw, 1392px\" \/><\/p>\n<p><span style=\"font-weight: 400;\">Nyt sinun tarvitsee vain sy\u00f6tt\u00e4\u00e4 ruudun alaosassa olevaan ruutuun, kuinka paljon DOGE:t\u00e4 haluat ostaa (tai kuinka paljon USDT:t\u00e4 haluat myyd\u00e4). Voit s\u00e4\u00e4t\u00e4\u00e4 haluamaasi m\u00e4\u00e4r\u00e4\u00e4 tuossa ikkunassa.<\/span><\/p>\n<p><span style=\"font-weight: 400;\">Kun olet valmis tekem\u00e4\u00e4n tilauksen, valitse Osta DOGE. Siin\u00e4 kaikki.<\/span><\/p>\n<p><span style=\"font-weight: 400;\">Lis\u00e4tietoja saat Dogecoin:t\u00e4 ja MEXC-p\u00f6rssi\u00e4 koskevista artikkeleistamme.<\/span><\/p>","protected":false},"excerpt":{"rendered":"<p>Kuinka ostaa Dogecoin MEXC:ll\u00e4 Dogecoin, vaikka se onkin kuuluisa kryptovaluutta, ei ole oikeastaan kuten Ethereum tai Bitcoin. T\u00e4m\u00e4 tunnettu meemi coin on aika lailla arvoton jo l\u00e4ht\u00f6kohtaisesti, sill\u00e4 se lanseerattiin ensin vitsin\u00e4. Se on kuitenkin nyt melko yleinen, l\u00e4hinn\u00e4 Redditin ja Elon Muskin ansiosta, ja l\u00f6yd\u00e4t sen l\u00e4hes [...]<\/p>","protected":false},"author":3,"featured_media":155,"parent":3196,"menu_order":0,"comment_status":"closed","ping_status":"closed","template":"","meta":{"_genesis_hide_title":false,"_genesis_hide_breadcrumbs":false,"_genesis_hide_singular_image":false,"_genesis_hide_footer_widgets":false,"_genesis_custom_body_class":"","_genesis_custom_post_class":"","_genesis_layout":"","_glsr_average":0,"_glsr_ranking":0,"_glsr_reviews":0,"footnotes":""},"class_list":{"0":"post-3424","1":"page","2":"type-page","3":"status-publish","4":"has-post-thumbnail","6":"entry"},"featured_image_src":"https:\/\/coinkickoff.com\/wp-content\/uploads\/2022\/06\/Dogecoin-DOGE-600x400.jpg","featured_image_src_square":"https:\/\/coinkickoff.com\/wp-content\/uploads\/2022\/06\/Dogecoin-DOGE-600x600.jpg","_links":{"self":[{"href":"https:\/\/coinkickoff.com\/fi\/wp-json\/wp\/v2\/pages\/3424","targetHints":{"allow":["GET"]}}],"collection":[{"href":"https:\/\/coinkickoff.com\/fi\/wp-json\/wp\/v2\/pages"}],"about":[{"href":"https:\/\/coinkickoff.com\/fi\/wp-json\/wp\/v2\/types\/page"}],"author":[{"embeddable":true,"href":"https:\/\/coinkickoff.com\/fi\/wp-json\/wp\/v2\/users\/3"}],"replies":[{"embeddable":true,"href":"https:\/\/coinkickoff.com\/fi\/wp-json\/wp\/v2\/comments?post=3424"}],"version-history":[{"count":3,"href":"https:\/\/coinkickoff.com\/fi\/wp-json\/wp\/v2\/pages\/3424\/revisions"}],"predecessor-version":[{"id":4496,"href":"https:\/\/coinkickoff.com\/fi\/wp-json\/wp\/v2\/pages\/3424\/revisions\/4496"}],"up":[{"embeddable":true,"href":"https:\/\/coinkickoff.com\/fi\/wp-json\/wp\/v2\/pages\/3196"}],"wp:featuredmedia":[{"embeddable":true,"href":"https:\/\/coinkickoff.com\/fi\/wp-json\/wp\/v2\/media\/155"}],"wp:attachment":[{"href":"https:\/\/coinkickoff.com\/fi\/wp-json\/wp\/v2\/media?parent=3424"}],"curies":[{"name":"wp","href":"https:\/\/api.w.org\/{rel}","templated":true}]}}