{"id":3404,"date":"2026-01-08T14:07:29","date_gmt":"2026-01-08T14:07:29","guid":{"rendered":"https:\/\/coinkickoff.com\/?page_id=3404"},"modified":"2026-01-08T14:07:29","modified_gmt":"2026-01-08T14:07:29","slug":"how-to-buy-dogecoin-on-kraken","status":"publish","type":"page","link":"https:\/\/coinkickoff.com\/fi\/how-to-buy-dogecoin\/how-to-buy-dogecoin-on-kraken\/","title":{"rendered":"Kuinka ostaa Dogecoin (DOGE) Krakenista?"},"content":{"rendered":"<div id=\"ez-toc-container\" class=\"ez-toc-v2_0_80 counter-hierarchy ez-toc-counter ez-toc-transparent ez-toc-container-direction\">\n<div class=\"ez-toc-title-container\">\n<p class=\"ez-toc-title\" style=\"cursor:inherit\">Jaksot<\/p>\n<span class=\"ez-toc-title-toggle\"><a href=\"#\" class=\"ez-toc-pull-right ez-toc-btn ez-toc-btn-xs ez-toc-btn-default ez-toc-toggle\" aria-label=\"Sis\u00e4llysluettelon vaihtaminen\"><span class=\"ez-toc-js-icon-con\"><span class=\"\"><span class=\"eztoc-hide\" style=\"display:none;\">Toggle<\/span><span class=\"ez-toc-icon-toggle-span\"><svg style=\"fill: #999;color:#999\" xmlns=\"http:\/\/www.w3.org\/2000\/svg\" class=\"list-377408\" width=\"20px\" height=\"20px\" viewbox=\"0 0 24 24\" fill=\"none\"><path d=\"M6 6H4v2h2V6zm14 0H8v2h12V6zM4 11h2v2H4v-2zm16 0H8v2h12v-2zM4 16h2v2H4v-2zm16 0H8v2h12v-2z\" fill=\"currentColor\"><\/path><\/svg><svg style=\"fill: #999;color:#999\" class=\"arrow-unsorted-368013\" xmlns=\"http:\/\/www.w3.org\/2000\/svg\" width=\"10px\" height=\"10px\" viewbox=\"0 0 24 24\" version=\"1.2\" baseprofile=\"tiny\"><path d=\"M18.2 9.3l-6.2-6.3-6.2 6.3c-.2.2-.3.4-.3.7s.1.5.3.7c.2.2.4.3.7.3h11c.3 0 .5-.1.7-.3.2-.2.3-.5.3-.7s-.1-.5-.3-.7zM5.8 14.7l6.2 6.3 6.2-6.3c.2-.2.3-.5.3-.7s-.1-.5-.3-.7c-.2-.2-.4-.3-.7-.3h-11c-.3 0-.5.1-.7.3-.2.2-.3.5-.3.7s.1.5.3.7z\"\/><\/svg><\/span><\/span><\/span><\/a><\/span><\/div>\n<nav><ul class='ez-toc-list ez-toc-list-level-1 eztoc-toggle-hide-by-default' ><li class='ez-toc-page-1 ez-toc-heading-level-2'><a class=\"ez-toc-link ez-toc-heading-1\" href=\"https:\/\/coinkickoff.com\/fi\/how-to-buy-dogecoin\/how-to-buy-dogecoin-on-kraken\/#How_to_Buy_Dogecoin_on_Kraken\" >Kuinka ostaa Dogecoin Krakenista?<\/a><\/li><li class='ez-toc-page-1 ez-toc-heading-level-2'><a class=\"ez-toc-link ez-toc-heading-2\" href=\"https:\/\/coinkickoff.com\/fi\/how-to-buy-dogecoin\/how-to-buy-dogecoin-on-kraken\/#A_Step-By-Step_Guide_on_How_to_Buy_Dogecoin_on_Kraken\" >Vaiheittainen opas Dogecoin:n ostamisesta Krakenista.<\/a><ul class='ez-toc-list-level-3' ><li class='ez-toc-heading-level-3'><a class=\"ez-toc-link ez-toc-heading-3\" href=\"https:\/\/coinkickoff.com\/fi\/how-to-buy-dogecoin\/how-to-buy-dogecoin-on-kraken\/#1_Register_an_Account_on_Kraken\" >1. Rekister\u00f6i tili Krakenissa<\/a><\/li><li class='ez-toc-page-1 ez-toc-heading-level-3'><a class=\"ez-toc-link ez-toc-heading-4\" href=\"https:\/\/coinkickoff.com\/fi\/how-to-buy-dogecoin\/how-to-buy-dogecoin-on-kraken\/#2_Verify_Your_Account\" >2. Vahvista tilisi<\/a><\/li><li class='ez-toc-page-1 ez-toc-heading-level-3'><a class=\"ez-toc-link ez-toc-heading-5\" href=\"https:\/\/coinkickoff.com\/fi\/how-to-buy-dogecoin\/how-to-buy-dogecoin-on-kraken\/#3_Deposit_FundsCrypto\" >3. Talletusrahastot\/krypto<\/a><\/li><li class='ez-toc-page-1 ez-toc-heading-level-3'><a class=\"ez-toc-link ez-toc-heading-6\" href=\"https:\/\/coinkickoff.com\/fi\/how-to-buy-dogecoin\/how-to-buy-dogecoin-on-kraken\/#4_Navigate_to_the_Relevant_Screen_to_Buy\" >4. Siirry asiaankuuluvalle n\u00e4yt\u00f6lle ostamista varten<\/a><\/li><\/ul><\/li><\/ul><\/nav><\/div>\n<h2><span class=\"ez-toc-section\" id=\"How_to_Buy_Dogecoin_on_Kraken\"><\/span><span style=\"font-weight: 400;\">Kuinka ostaa Dogecoin Krakenista?<\/span><span class=\"ez-toc-section-end\"><\/span><\/h2>\n<p><span style=\"font-weight: 400;\"><a href=\"https:\/\/coinkickoff.com\/fi\/dogecoin-doge\/\" data-internallinksmanager029f6b8e52c=\"14\" title=\"Mik\u00e4 on Dogecoin (DOGE)? Miten se toimii ja mist\u00e4 sit\u00e4 voi ostaa?\">Dogecoin<\/a> (DOGE) on yksi suurimmista kryptovaluutoista markkinakapasiteetiltaan, vaikka tai ehk\u00e4 juuri siksi, ett\u00e4 se on maailman ensimm\u00e4inen meemi coin. token lanseerattiin l\u00e4hinn\u00e4 vitsin\u00e4 \"doge-meemin\" innoittamana, mutta se saavutti nopeasti suosiota internetin ja sosiaalisen median ansiosta.<\/span><\/p>\n<p><span style=\"font-weight: 400;\">Jos haluat ostaa <a href=\"https:\/\/coinkickoff.com\/fi\/dogecoin-doge\/\">Dogecoin<\/a> osoitteessa <a href=\"https:\/\/coinkickoff.com\/fi\/kraken-review\/\">Kraken<\/a> mutta et ole varma, miten olet oikeassa paikassa. T\u00e4ss\u00e4 on vaiheittainen erittely siit\u00e4, miten ostaa Dogecoin osoitteesta <a href=\"https:\/\/coinkickoff.com\/fi\/kraken-review\/\" data-internallinksmanager029f6b8e52c=\"171\" title=\"Kraken Arvostelut 2023: Maksut, ominaisuudet, turvallisuus, edut ja haitat\">Kraken<\/a>.<\/span><\/p>\n<h2><span class=\"ez-toc-section\" id=\"A_Step-By-Step_Guide_on_How_to_Buy_Dogecoin_on_Kraken\"><\/span><span style=\"font-weight: 400;\">Vaiheittainen opas Dogecoin:n ostamisesta Krakenista.<\/span><span class=\"ez-toc-section-end\"><\/span><\/h2>\n<h3><span class=\"ez-toc-section\" id=\"1_Register_an_Account_on_Kraken\"><\/span><span style=\"font-weight: 400;\">1. Rekister\u00f6i tili Krakenissa<\/span><span class=\"ez-toc-section-end\"><\/span><\/h3>\n<p><img loading=\"lazy\" decoding=\"async\" class=\"alignnone wp-image-3406 size-full\" src=\"https:\/\/coinkickoff.com\/wp-content\/uploads\/kraken1-e1682502957481.png\" alt=\"miten ostaa Dogecoin Krakenista?\" width=\"1339\" height=\"763\" srcset=\"https:\/\/coinkickoff.com\/wp-content\/uploads\/kraken1-e1682502957481.png 1339w, https:\/\/coinkickoff.com\/wp-content\/uploads\/kraken1-e1682502957481-300x171.png 300w, https:\/\/coinkickoff.com\/wp-content\/uploads\/kraken1-e1682502957481-1024x584.png 1024w, https:\/\/coinkickoff.com\/wp-content\/uploads\/kraken1-e1682502957481-768x438.png 768w, https:\/\/coinkickoff.com\/wp-content\/uploads\/kraken1-e1682502957481-18x10.png 18w\" sizes=\"auto, (max-width: 1339px) 100vw, 1339px\" \/> I<span style=\"font-weight: 400;\">Jos sinulla ei viel\u00e4 ole Kraken-tili\u00e4, k\u00e4y osoitteessa <a href=\"https:\/\/kraken.pxf.io\/B0Rny4\" rel=\"nofollow noopener\" target=\"_blank\">Krakenin virallinen verkkosivusto<\/a> ja klikkaa \"Luo tili\". Kirjoita s\u00e4hk\u00f6postiosoitteesi, k\u00e4ytt\u00e4j\u00e4tunnuksesi ja vahva salasana, jossa on numero- ja erikoismerkkej\u00e4. Valitse asuinmaasi ja osavaltiosi ja luo tilisi.\u00a0<\/span><\/p>\n<p><span style=\"font-weight: 400;\">Kraken l\u00e4hett\u00e4\u00e4 sinulle vahvistuss\u00e4hk\u00f6postin ja tilin aktivointilinkin. Seuraa linkki\u00e4 kirjautuaksesi tilillesi.<\/span><\/p>\n<h3><span class=\"ez-toc-section\" id=\"2_Verify_Your_Account\"><\/span><span style=\"font-weight: 400;\">2. Vahvista tilisi<\/span><span class=\"ez-toc-section-end\"><\/span><\/h3>\n<p><span style=\"font-weight: 400;\">Jotta voit ostaa kryptoa Krakenista, sinun on noudatettava heid\u00e4n KYC-vaatimuksiaan ja annettava joitain henkil\u00f6tietoja ja henkil\u00f6llisyystodistus. Toinen vaihe on siis henkil\u00f6llisyytesi todentaminen.<\/span><\/p>\n<p><span style=\"font-weight: 400;\">Jotkin p\u00f6rssit antavat sinun tallettaa kryptoa niiden alustalle ilman henkil\u00f6llisyystodistuksen tarkistusta. Huomaa, ett\u00e4 Kraken on <\/span><i><span style=\"font-weight: 400;\">ei <\/span><\/i><span style=\"font-weight: 400;\">yksi n\u00e4ist\u00e4 vaihtoehdoista. <\/span><b>Sinun on vahvistettava henkil\u00f6llisyytesi ennen tallettamista alustalle.<\/b><\/p>\n<p><span style=\"font-weight: 400;\">Kraken l\u00e4hett\u00e4\u00e4 sinulle s\u00e4hk\u00f6postiviestin, joka muistuttaa sinua tilisi vahvistamisesta. Voit my\u00f6s napsauttaa p\u00e4\u00e4sivun vasemmalla puolella olevaa \"Osta\"-kuvaketta, jolloin Kraken pyyt\u00e4\u00e4 sinua v\u00e4litt\u00f6m\u00e4sti suorittamaan tunnusten vahvistuksen.<\/span><\/p>\n<p><img loading=\"lazy\" decoding=\"async\" class=\"alignnone wp-image-3407 size-full\" src=\"https:\/\/coinkickoff.com\/wp-content\/uploads\/kraken2-e1682502904796.png\" alt=\"kraken varoitus varmentamisesta\" width=\"1378\" height=\"770\" \/><\/p>\n<p><span style=\"font-weight: 400;\">Napsauta vain Verify, ja sinut ohjataan kyseiselle sivulle. Kirjoita virallinen nimesi, syntym\u00e4aikasi, osoitteesi ja puhelinnumerosi, jotta voit aloittaa vahvistusprosessin. Klikkaa Jatka.<\/span><\/p>\n<p><img loading=\"lazy\" decoding=\"async\" class=\"alignnone wp-image-3408 size-full\" src=\"https:\/\/coinkickoff.com\/wp-content\/uploads\/kraken3-e1682503223180.png\" alt=\"\" width=\"1375\" height=\"777\" srcset=\"https:\/\/coinkickoff.com\/wp-content\/uploads\/kraken3-e1682503223180.png 1375w, https:\/\/coinkickoff.com\/wp-content\/uploads\/kraken3-e1682503223180-300x170.png 300w, https:\/\/coinkickoff.com\/wp-content\/uploads\/kraken3-e1682503223180-1024x579.png 1024w, https:\/\/coinkickoff.com\/wp-content\/uploads\/kraken3-e1682503223180-768x434.png 768w, https:\/\/coinkickoff.com\/wp-content\/uploads\/kraken3-e1682503223180-18x10.png 18w, https:\/\/coinkickoff.com\/wp-content\/uploads\/kraken3-e1682503223180-600x338.png 600w\" sizes=\"auto, (max-width: 1375px) 100vw, 1375px\" \/><\/p>\n<p><span style=\"font-weight: 400;\">Seuraavalla sivulla sinua pyydet\u00e4\u00e4n toimittamaan lis\u00e4asiakirjoja, kuten kuvallinen henkil\u00f6llisyystodistus, kuten passin sivu tai ajokortti.<\/span><\/p>\n<h3><span class=\"ez-toc-section\" id=\"3_Deposit_FundsCrypto\"><\/span><span style=\"font-weight: 400;\">3. Talletusrahastot\/krypto<\/span><span class=\"ez-toc-section-end\"><\/span><\/h3>\n<p><span style=\"font-weight: 400;\">Jos omistat jo kryptoa, voit tallettaa coins Krakeniin ja vaihtaa ne DOGE:hen. Muussa tapauksessa voit yksinkertaisesti ostaa DOGE Krakenista fiat-valuutalla.\u00a0<\/span><\/p>\n<p><span style=\"font-weight: 400;\">Suosittelemme, ett\u00e4 suojaat tilisi kaksitekij\u00e4todennuksella (2FA) ennen kuin lis\u00e4\u00e4t maksutavan tai teet fiat-talletuksia. 2FA lis\u00e4\u00e4 tilillesi lis\u00e4turvaa.<\/span><\/p>\n<p><span style=\"font-weight: 400;\">Voit aktivoida 2FA:n napsauttamalla profiilisi nime\u00e4 (oikeassa yl\u00e4kulmassa) ja valitsemalla avattavasta valikosta \"Turvallisuus\". Klikkaa \"2FA-asetukset\" s\u00e4\u00e4t\u00e4\u00e4ksesi asetuksia.<\/span><\/p>\n<p><img loading=\"lazy\" decoding=\"async\" class=\"alignnone wp-image-3409 size-full\" src=\"https:\/\/coinkickoff.com\/wp-content\/uploads\/kraken4-e1682503267822.png\" alt=\"\" width=\"1360\" height=\"795\" srcset=\"https:\/\/coinkickoff.com\/wp-content\/uploads\/kraken4-e1682503267822.png 1360w, https:\/\/coinkickoff.com\/wp-content\/uploads\/kraken4-e1682503267822-300x175.png 300w, https:\/\/coinkickoff.com\/wp-content\/uploads\/kraken4-e1682503267822-1024x599.png 1024w, https:\/\/coinkickoff.com\/wp-content\/uploads\/kraken4-e1682503267822-768x449.png 768w, https:\/\/coinkickoff.com\/wp-content\/uploads\/kraken4-e1682503267822-18x12.png 18w\" sizes=\"auto, (max-width: 1360px) 100vw, 1360px\" \/><\/p>\n<p><span style=\"font-weight: 400;\">Kraken tarjoaa useita 2FA-vaihtoehtoja. Voit ottaa 2FA:n k\u00e4ytt\u00f6\u00f6n eri toiminnoissa, kuten kirjautumisessa, rahoituksessa, kaupank\u00e4ynniss\u00e4 ja kotiutuksissa.<\/span><\/p>\n<p><span style=\"font-weight: 400;\"><img loading=\"lazy\" decoding=\"async\" class=\"alignnone wp-image-3405 size-full\" src=\"https:\/\/coinkickoff.com\/wp-content\/uploads\/kraken-5-e1682503294785.png\" alt=\"\" width=\"1357\" height=\"770\" srcset=\"https:\/\/coinkickoff.com\/wp-content\/uploads\/kraken-5-e1682503294785.png 1357w, https:\/\/coinkickoff.com\/wp-content\/uploads\/kraken-5-e1682503294785-300x170.png 300w, https:\/\/coinkickoff.com\/wp-content\/uploads\/kraken-5-e1682503294785-1024x581.png 1024w, https:\/\/coinkickoff.com\/wp-content\/uploads\/kraken-5-e1682503294785-768x436.png 768w, https:\/\/coinkickoff.com\/wp-content\/uploads\/kraken-5-e1682503294785-18x10.png 18w\" sizes=\"auto, (max-width: 1357px) 100vw, 1357px\" \/><\/span><\/p>\n<p><span style=\"font-weight: 400;\">2FA:n m\u00e4\u00e4ritt\u00e4minen on melko helppoa. Lataa Google Authenticator -sovellus ja skannaa n\u00e4yt\u00f6ll\u00e4 oleva QR-koodi. Sovellus luo koodin, jonka voit sy\u00f6tt\u00e4\u00e4 2FA:n k\u00e4ytt\u00f6\u00f6nottamiseksi.\u00a0<\/span><\/p>\n<p><img loading=\"lazy\" decoding=\"async\" class=\"alignnone wp-image-3410 size-full\" src=\"https:\/\/coinkickoff.com\/wp-content\/uploads\/kraken6-e1682503322525.png\" alt=\"\" width=\"1357\" height=\"791\" \/><\/p>\n<p><span style=\"font-weight: 400;\">Kun olet ottanut 2FA:n k\u00e4ytt\u00f6\u00f6n, sinun on kirjauduttava tilillesi Google Authenticator -sovelluksella. Sovellus luo ainutlaatuisen kertak\u00e4ytt\u00f6salasanan jokaista kirjautumista varten.<\/span><\/p>\n<p><span style=\"font-weight: 400;\">Kun olet ottanut 2FA:n k\u00e4ytt\u00f6\u00f6n, olet valmis rahoittamaan Kraken-tili\u00e4si. Voit ostaa DOGE:n Krakenista kahdella tavalla. Voit lis\u00e4t\u00e4 tilillesi v\u00e4litt\u00f6m\u00e4n maksutavan, kuten luottokortin, tai yhdist\u00e4\u00e4 pankkitilisi Krakeniin, jotta voit siirt\u00e4\u00e4 varoja helposti.<\/span><\/p>\n<p><span style=\"font-weight: 400;\">Pikamaksutavan lis\u00e4\u00e4minen on nopeampaa ja helpompaa. Napsauta vain \"Osta kryptoa\" yl\u00e4valikosta.<\/span><\/p>\n<p><img loading=\"lazy\" decoding=\"async\" class=\"alignnone wp-image-3412 size-full\" src=\"https:\/\/coinkickoff.com\/wp-content\/uploads\/kraken8-e1682503364155.png\" alt=\"\" width=\"1206\" height=\"781\" srcset=\"https:\/\/coinkickoff.com\/wp-content\/uploads\/kraken8-e1682503364155.png 1206w, https:\/\/coinkickoff.com\/wp-content\/uploads\/kraken8-e1682503364155-300x194.png 300w, https:\/\/coinkickoff.com\/wp-content\/uploads\/kraken8-e1682503364155-1024x663.png 1024w, https:\/\/coinkickoff.com\/wp-content\/uploads\/kraken8-e1682503364155-768x497.png 768w, https:\/\/coinkickoff.com\/wp-content\/uploads\/kraken8-e1682503364155-18x12.png 18w\" sizes=\"auto, (max-width: 1206px) 100vw, 1206px\" \/><\/p>\n<p><span style=\"font-weight: 400;\">Valitse uudella sivulla \"Maksutavat\".<\/span><\/p>\n<p><span style=\"font-weight: 400;\">Klikkaa \"Lis\u00e4\u00e4 maksutapoja\". Voit lis\u00e4t\u00e4 <\/span><a href=\"https:\/\/support.kraken.com\/hc\/en-us\/articles\/360048212832-Visa-and-MasterCard-purchases\" target=\"_blank\" rel=\"noopener\"><span style=\"font-weight: 400;\">Visa ja Mastercard pankki-\/luottokortti<\/span><\/a><span style=\"font-weight: 400;\"> tai tallettaa k\u00e4teist\u00e4 tilillesi verkkopankin kautta.<\/span><\/p>\n<p><img loading=\"lazy\" decoding=\"async\" class=\"alignnone wp-image-3413 size-full\" src=\"https:\/\/coinkickoff.com\/wp-content\/uploads\/kraken9-e1682503407337.png\" alt=\"\" width=\"1196\" height=\"776\" srcset=\"https:\/\/coinkickoff.com\/wp-content\/uploads\/kraken9-e1682503407337.png 1196w, https:\/\/coinkickoff.com\/wp-content\/uploads\/kraken9-e1682503407337-300x195.png 300w, https:\/\/coinkickoff.com\/wp-content\/uploads\/kraken9-e1682503407337-1024x664.png 1024w, https:\/\/coinkickoff.com\/wp-content\/uploads\/kraken9-e1682503407337-768x498.png 768w, https:\/\/coinkickoff.com\/wp-content\/uploads\/kraken9-e1682503407337-18x12.png 18w\" sizes=\"auto, (max-width: 1196px) 100vw, 1196px\" \/><\/p>\n<p><span style=\"font-weight: 400;\">Napsauta haluamaasi menetelm\u00e4\u00e4 ja anna tarvittavat tiedot.\u00a0<\/span><\/p>\n<p><span style=\"font-weight: 400;\">Luotto- ja pankkikorttiostokset ovat nopeampia, mutta yleens\u00e4 kalliimpia, koska korttioperaattorit veloittavat lis\u00e4maksuja.<\/span><\/p>\n<p><span style=\"font-weight: 400;\">Jos valitset k\u00e4teistalletuksen, voit rahoittaa tilisi verkkopankissa. Valitse valuutta, jonka haluat tallettaa, ja valitse talletusmenetelm\u00e4.<\/span><\/p>\n<p><img loading=\"lazy\" decoding=\"async\" class=\"alignnone wp-image-3414 size-full\" src=\"https:\/\/coinkickoff.com\/wp-content\/uploads\/kraken-deposit.png\" alt=\"\" width=\"752\" height=\"298\" srcset=\"https:\/\/coinkickoff.com\/wp-content\/uploads\/kraken-deposit.png 752w, https:\/\/coinkickoff.com\/wp-content\/uploads\/kraken-deposit-300x119.png 300w, https:\/\/coinkickoff.com\/wp-content\/uploads\/kraken-deposit-18x7.png 18w\" sizes=\"auto, (max-width: 752px) 100vw, 752px\" \/> <img loading=\"lazy\" decoding=\"async\" class=\"alignnone wp-image-3415 size-full\" src=\"https:\/\/coinkickoff.com\/wp-content\/uploads\/kraken-deposit-2.png\" alt=\"\" width=\"808\" height=\"547\" srcset=\"https:\/\/coinkickoff.com\/wp-content\/uploads\/kraken-deposit-2.png 808w, https:\/\/coinkickoff.com\/wp-content\/uploads\/kraken-deposit-2-300x203.png 300w, https:\/\/coinkickoff.com\/wp-content\/uploads\/kraken-deposit-2-768x520.png 768w, https:\/\/coinkickoff.com\/wp-content\/uploads\/kraken-deposit-2-18x12.png 18w\" sizes=\"auto, (max-width: 808px) 100vw, 808px\" \/><\/p>\n<p><span style=\"font-weight: 400;\">Lue huolellisesti kaikki ohjeet, kun l\u00e4het\u00e4t varoja Kraken-tilillesi. Saatat joutua antamaan viitekoodin varmistaaksesi, ett\u00e4 talletuksesi saapuu Krakenille.<\/span><\/p>\n<p><span style=\"font-weight: 400;\">Varojesi pit\u00e4isi saapua tilillesi parissa p\u00e4iv\u00e4ss\u00e4, mutta varo pankkien vapaap\u00e4ivi\u00e4 ja muita mahdollisia viiv\u00e4styksi\u00e4. Voit tarkistaa, ovatko rahasi saapuneet klikkaamalla \"Kauppa\" tai \"Rahoitus\" -v\u00e4lilehte\u00e4.<\/span><\/p>\n<h3><span class=\"ez-toc-section\" id=\"4_Navigate_to_the_Relevant_Screen_to_Buy\"><\/span><span style=\"font-weight: 400;\">4. Siirry asiaankuuluvalle n\u00e4yt\u00f6lle ostamista varten<\/span><span class=\"ez-toc-section-end\"><\/span><\/h3>\n<p><span style=\"font-weight: 400;\">Krakenilla on kaksi tapaa ostaa DOGE. Ensimm\u00e4inen ja helpoin on k\u00e4ytt\u00e4\u00e4 helppoa Osta\/myy -widgetti\u00e4. Napsauta kojelaudan \"Buy Crypto\" -v\u00e4lilehte\u00e4 (keskell\u00e4 ylh\u00e4\u00e4ll\u00e4) ja valitse \"Buy\".<\/span><\/p>\n<p><span style=\"font-weight: 400;\">Valitse DOGE widgetin pudotusvalikosta ja sy\u00f6t\u00e4 haluamasi summa. Valitse maksutapa (luotto-\/pankkikortti tai k\u00e4teinen).<\/span><\/p>\n<p><span style=\"font-weight: 400;\">Kraken n\u00e4ytt\u00e4\u00e4, kuinka paljon DOGE saat rahoillesi ja mahdolliset ostoosi liittyv\u00e4t maksut. Napsauta Vahvista, ja olet valmis.\u00a0<\/span><\/p>\n<p><span style=\"font-weight: 400;\">Vaikka t\u00e4m\u00e4 menetelm\u00e4 on hyv\u00e4 ensikertalaisille k\u00e4ytt\u00e4jille, on itse asiassa olemassa halvempi tapa ostaa DOGE Krakenilta.<\/span><\/p>\n<p><img loading=\"lazy\" decoding=\"async\" class=\"alignnone wp-image-3416 size-full\" src=\"https:\/\/coinkickoff.com\/wp-content\/uploads\/kraken-trade1.png\" alt=\"\" width=\"1139\" height=\"206\" srcset=\"https:\/\/coinkickoff.com\/wp-content\/uploads\/kraken-trade1.png 1139w, https:\/\/coinkickoff.com\/wp-content\/uploads\/kraken-trade1-300x54.png 300w, https:\/\/coinkickoff.com\/wp-content\/uploads\/kraken-trade1-1024x185.png 1024w, https:\/\/coinkickoff.com\/wp-content\/uploads\/kraken-trade1-768x139.png 768w, https:\/\/coinkickoff.com\/wp-content\/uploads\/kraken-trade1-18x3.png 18w\" sizes=\"auto, (max-width: 1139px) 100vw, 1139px\" \/><\/p>\n<p><span style=\"font-weight: 400;\">Valitse kojelaudan p\u00e4\u00e4ikkunassa \"Kauppa\". Napsauta \"New Order\" -v\u00e4lilehte\u00e4 ja valitse \"Simple Order\".\u00a0<\/span>\u00a0\u00a0<img loading=\"lazy\" decoding=\"async\" class=\"alignnone wp-image-3419 size-full\" src=\"https:\/\/coinkickoff.com\/wp-content\/uploads\/kraken-trade4-e1682504018815.png\" alt=\"\" width=\"1220\" height=\"309\" srcset=\"https:\/\/coinkickoff.com\/wp-content\/uploads\/kraken-trade4-e1682504018815.png 1220w, https:\/\/coinkickoff.com\/wp-content\/uploads\/kraken-trade4-e1682504018815-300x76.png 300w, https:\/\/coinkickoff.com\/wp-content\/uploads\/kraken-trade4-e1682504018815-1024x259.png 1024w, https:\/\/coinkickoff.com\/wp-content\/uploads\/kraken-trade4-e1682504018815-768x195.png 768w, https:\/\/coinkickoff.com\/wp-content\/uploads\/kraken-trade4-e1682504018815-18x5.png 18w\" sizes=\"auto, (max-width: 1220px) 100vw, 1220px\" \/><span style=\"font-weight: 400;\">S\u00e4\u00e4d\u00e4 valuuttatyypit tilauslomakkeessa. Voit esimerkiksi s\u00e4\u00e4t\u00e4\u00e4 kulutussarakkeen arvoksi USD ja ostosarakkeen arvoksi DOGE.<\/span><\/p>\n<p><span style=\"font-weight: 400;\">Kirjoita menosarakkeeseen, kuinka paljon haluat k\u00e4ytt\u00e4\u00e4. Kirjoita Hinta-v\u00e4lilehdelle hinta, jolla haluat ostaa DOGE. Sinulle tarjotaan automaattisesti kiinte\u00e4\u00e4 markkinahintaa, mutta voit my\u00f6s itse asettaa hinnan.<\/span><\/p>\n<p><span style=\"font-weight: 400;\">Kun hyv\u00e4ksyt tarjotun markkinahinnan, annat markkinatilauksen. Se tarkoittaa yksinkertaisesti sit\u00e4, ett\u00e4 tilauksesi t\u00e4ytet\u00e4\u00e4n melko nopeasti, koska hyv\u00e4ksyt jonkun toisen tarjouksen myyd\u00e4 sinulle DOGE h\u00e4nen asettamallaan hinnalla.\u00a0<\/span><\/p>\n<p><span style=\"font-weight: 400;\">Kun asetat hinnan itse, myynnin toteuttaminen voi kest\u00e4\u00e4 hieman kauemmin, koska jonkun muun on hyv\u00e4ksytt\u00e4v\u00e4 DOGE:n myynti sinulle kyseisell\u00e4 hinnalla. T\u00e4m\u00e4 tunnetaan muuten nimell\u00e4 limit-toimeksianto.<\/span><\/p>\n<p><span style=\"font-weight: 400;\">Tarkista tilauksesi ja napsauta \"Osta\".<\/span><\/p>\n<p><span style=\"font-weight: 400;\">Voit napsauttaa Tilaukset-v\u00e4lilehte\u00e4 n\u00e4hd\u00e4ksesi, onko tapahtuma saatettu loppuun. Jos tilaus on suljettu, olet onnistuneesti ostanut coin:n. Jos tilaus on avoinna, odotat edelleen, ett\u00e4 joku myy sinulle DOGE:n.<\/span><\/p>\n<p><span style=\"font-weight: 400;\">Siin\u00e4 kaikki. Onnittelut!\u00a0<\/span><\/p>","protected":false},"excerpt":{"rendered":"<p>Kuinka ostaa Dogecoin Krakenilta Dogecoin (DOGE) on yksi suurimmista kryptovaluutoista markkinakapasiteetiltaan, huolimatta tai ehk\u00e4 juuri siksi, ett\u00e4 se on maailman ensimm\u00e4inen meemi coin. token lanseerattiin l\u00e4hinn\u00e4 vitsin\u00e4 \"doge-meemin\" innoittamana, mutta se sai nopeasti suosiota internetin ja sosiaalisen median ansiosta. Jos [...]<\/p>","protected":false},"author":3,"featured_media":155,"parent":3196,"menu_order":0,"comment_status":"closed","ping_status":"closed","template":"","meta":{"_genesis_hide_title":false,"_genesis_hide_breadcrumbs":false,"_genesis_hide_singular_image":false,"_genesis_hide_footer_widgets":false,"_genesis_custom_body_class":"","_genesis_custom_post_class":"","_genesis_layout":"","_glsr_average":0,"_glsr_ranking":0,"_glsr_reviews":0,"footnotes":""},"class_list":{"0":"post-3404","1":"page","2":"type-page","3":"status-publish","4":"has-post-thumbnail","6":"entry"},"featured_image_src":"https:\/\/coinkickoff.com\/wp-content\/uploads\/2022\/06\/Dogecoin-DOGE-600x400.jpg","featured_image_src_square":"https:\/\/coinkickoff.com\/wp-content\/uploads\/2022\/06\/Dogecoin-DOGE-600x600.jpg","_links":{"self":[{"href":"https:\/\/coinkickoff.com\/fi\/wp-json\/wp\/v2\/pages\/3404","targetHints":{"allow":["GET"]}}],"collection":[{"href":"https:\/\/coinkickoff.com\/fi\/wp-json\/wp\/v2\/pages"}],"about":[{"href":"https:\/\/coinkickoff.com\/fi\/wp-json\/wp\/v2\/types\/page"}],"author":[{"embeddable":true,"href":"https:\/\/coinkickoff.com\/fi\/wp-json\/wp\/v2\/users\/3"}],"replies":[{"embeddable":true,"href":"https:\/\/coinkickoff.com\/fi\/wp-json\/wp\/v2\/comments?post=3404"}],"version-history":[{"count":3,"href":"https:\/\/coinkickoff.com\/fi\/wp-json\/wp\/v2\/pages\/3404\/revisions"}],"predecessor-version":[{"id":4494,"href":"https:\/\/coinkickoff.com\/fi\/wp-json\/wp\/v2\/pages\/3404\/revisions\/4494"}],"up":[{"embeddable":true,"href":"https:\/\/coinkickoff.com\/fi\/wp-json\/wp\/v2\/pages\/3196"}],"wp:featuredmedia":[{"embeddable":true,"href":"https:\/\/coinkickoff.com\/fi\/wp-json\/wp\/v2\/media\/155"}],"wp:attachment":[{"href":"https:\/\/coinkickoff.com\/fi\/wp-json\/wp\/v2\/media?parent=3404"}],"curies":[{"name":"wp","href":"https:\/\/api.w.org\/{rel}","templated":true}]}}