{"id":3285,"date":"2026-01-08T14:07:35","date_gmt":"2026-01-08T14:07:35","guid":{"rendered":"https:\/\/coinkickoff.com\/?page_id=3285"},"modified":"2026-01-08T14:07:35","modified_gmt":"2026-01-08T14:07:35","slug":"how-to-buy-dogecoin-on-okx","status":"publish","type":"page","link":"https:\/\/coinkickoff.com\/fi\/how-to-buy-dogecoin\/how-to-buy-dogecoin-on-okx\/","title":{"rendered":"Miten ostaa Dogecoin (DOGE) OKX:ll\u00e4?"},"content":{"rendered":"<div id=\"ez-toc-container\" class=\"ez-toc-v2_0_80 counter-hierarchy ez-toc-counter ez-toc-transparent ez-toc-container-direction\">\n<div class=\"ez-toc-title-container\">\n<p class=\"ez-toc-title\" style=\"cursor:inherit\">Jaksot<\/p>\n<span class=\"ez-toc-title-toggle\"><a href=\"#\" class=\"ez-toc-pull-right ez-toc-btn ez-toc-btn-xs ez-toc-btn-default ez-toc-toggle\" aria-label=\"Sis\u00e4llysluettelon vaihtaminen\"><span class=\"ez-toc-js-icon-con\"><span class=\"\"><span class=\"eztoc-hide\" style=\"display:none;\">Toggle<\/span><span class=\"ez-toc-icon-toggle-span\"><svg style=\"fill: #999;color:#999\" xmlns=\"http:\/\/www.w3.org\/2000\/svg\" class=\"list-377408\" width=\"20px\" height=\"20px\" viewbox=\"0 0 24 24\" fill=\"none\"><path d=\"M6 6H4v2h2V6zm14 0H8v2h12V6zM4 11h2v2H4v-2zm16 0H8v2h12v-2zM4 16h2v2H4v-2zm16 0H8v2h12v-2z\" fill=\"currentColor\"><\/path><\/svg><svg style=\"fill: #999;color:#999\" class=\"arrow-unsorted-368013\" xmlns=\"http:\/\/www.w3.org\/2000\/svg\" width=\"10px\" height=\"10px\" viewbox=\"0 0 24 24\" version=\"1.2\" baseprofile=\"tiny\"><path d=\"M18.2 9.3l-6.2-6.3-6.2 6.3c-.2.2-.3.4-.3.7s.1.5.3.7c.2.2.4.3.7.3h11c.3 0 .5-.1.7-.3.2-.2.3-.5.3-.7s-.1-.5-.3-.7zM5.8 14.7l6.2 6.3 6.2-6.3c.2-.2.3-.5.3-.7s-.1-.5-.3-.7c-.2-.2-.4-.3-.7-.3h-11c-.3 0-.5.1-.7.3-.2.2-.3.5-.3.7s.1.5.3.7z\"\/><\/svg><\/span><\/span><\/span><\/a><\/span><\/div>\n<nav><ul class='ez-toc-list ez-toc-list-level-1 eztoc-toggle-hide-by-default' ><li class='ez-toc-page-1 ez-toc-heading-level-2'><a class=\"ez-toc-link ez-toc-heading-1\" href=\"https:\/\/coinkickoff.com\/fi\/how-to-buy-dogecoin\/how-to-buy-dogecoin-on-okx\/#How_to_Buy_Dogecoin_on_OKX\" >Miten ostaa Dogecoin OKX:ll\u00e4?<\/a><\/li><li class='ez-toc-page-1 ez-toc-heading-level-2'><a class=\"ez-toc-link ez-toc-heading-2\" href=\"https:\/\/coinkickoff.com\/fi\/how-to-buy-dogecoin\/how-to-buy-dogecoin-on-okx\/#A_Step-By-Step_Guide_on_How_to_Buy_Dogecoin_on_OKX\" >Vaiheittainen opas Dogecoin:n ostamisesta OKX:lt\u00e4.<\/a><ul class='ez-toc-list-level-3' ><li class='ez-toc-heading-level-3'><a class=\"ez-toc-link ez-toc-heading-3\" href=\"https:\/\/coinkickoff.com\/fi\/how-to-buy-dogecoin\/how-to-buy-dogecoin-on-okx\/#1_Register_an_Account\" >1. Rekister\u00f6i tili<\/a><\/li><li class='ez-toc-page-1 ez-toc-heading-level-3'><a class=\"ez-toc-link ez-toc-heading-4\" href=\"https:\/\/coinkickoff.com\/fi\/how-to-buy-dogecoin\/how-to-buy-dogecoin-on-okx\/#2_Verify_Your_Account\" >2. Vahvista tilisi<\/a><\/li><li class='ez-toc-page-1 ez-toc-heading-level-3'><a class=\"ez-toc-link ez-toc-heading-5\" href=\"https:\/\/coinkickoff.com\/fi\/how-to-buy-dogecoin\/how-to-buy-dogecoin-on-okx\/#3_Deposit_FundsCrypto\" >3. Talletusrahastot\/krypto<\/a><\/li><li class='ez-toc-page-1 ez-toc-heading-level-3'><a class=\"ez-toc-link ez-toc-heading-6\" href=\"https:\/\/coinkickoff.com\/fi\/how-to-buy-dogecoin\/how-to-buy-dogecoin-on-okx\/#4_Navigate_to_the_Relevant_Screen_to_Buy\" >4. Siirry asiaankuuluvalle n\u00e4yt\u00f6lle ostamista varten<\/a><\/li><\/ul><\/li><\/ul><\/nav><\/div>\n<h2><span class=\"ez-toc-section\" id=\"How_to_Buy_Dogecoin_on_OKX\"><\/span><span style=\"font-weight: 400;\">Miten ostaa Dogecoin OKX:ll\u00e4?<\/span><span class=\"ez-toc-section-end\"><\/span><\/h2>\n<p><span style=\"font-weight: 400;\">Suunniteltu l\u00e4hinn\u00e4 vitsiksi coin, DOGE:ll\u00e4 ei ole selke\u00e4\u00e4 k\u00e4ytt\u00f6tarkoitusta tai suurta arvoa. Kun <a href=\"https:\/\/coinkickoff.com\/fi\/dogecoin-doge\/\" data-internallinksmanager029f6b8e52c=\"14\" title=\"Mik\u00e4 on Dogecoin (DOGE)? Miten se toimii ja mist\u00e4 sit\u00e4 voi ostaa?\">Dogecoin<\/a> lanseerattiin vuonna 2013, kukaan ei odottanut t\u00e4m\u00e4n meemipohjaisen coin:n saavan suurta suosiota. Mutta vuonna 2021, kryptohulluuden huipulla, DOGE nautti perusteellisesti 15 minuutin internet-kuuluisuudestaan, ja se on edelleen yksi tunnetuimmista digitaalisista varoista. <a href=\"https:\/\/www.coindesk.com\/markets\/2023\/04\/06\/dogecoin-drops-after-elon-musks-twitter-stops-using-its-logo\/\" target=\"_blank\" rel=\"noopener\">sosiaalisen median ansiosta<\/a>.<\/span><\/p>\n<p><span style=\"font-weight: 400;\">Jos haluat osallistua vitsiin ostamalla Dogecoin:t\u00e4, mutta et tied\u00e4, mist\u00e4 aloittaa, ei h\u00e4t\u00e4\u00e4. T\u00e4ss\u00e4 artikkelissa kerromme, miten Dogecoin:t\u00e4 voi ostaa <a href=\"https:\/\/www.okx.com\/join\/65358827\" target=\"_blank\" rel=\"noopener\">OKX-p\u00f6rssi<\/a> askel askeleelta. Nyt menn\u00e4\u00e4n.<\/span><\/p>\n<h2><span class=\"ez-toc-section\" id=\"A_Step-By-Step_Guide_on_How_to_Buy_Dogecoin_on_OKX\"><\/span><span style=\"font-weight: 400;\">Vaiheittainen opas Dogecoin:n ostamisesta OKX:lt\u00e4.<\/span><span class=\"ez-toc-section-end\"><\/span><\/h2>\n<h3><span class=\"ez-toc-section\" id=\"1_Register_an_Account\"><\/span><span style=\"font-weight: 400;\">1. Rekister\u00f6i tili<\/span><span class=\"ez-toc-section-end\"><\/span><\/h3>\n<p><span style=\"font-weight: 400;\">Mene ensin osoitteeseen <a href=\"https:\/\/coinkickoff.com\/fi\/okx-review\/\" data-internallinksmanager029f6b8e52c=\"150\" title=\"OKX Arvostelut 2023: Maksut, ominaisuudet, turvallisuus, edut ja haitat\">OKX<\/a>virallisella verkkosivustolla ja klikkaa \"Rekister\u00f6idy\" luodaksesi tilin.\u00a0<\/span><\/p>\n<p><img loading=\"lazy\" decoding=\"async\" class=\"alignnone wp-image-3286 size-full\" src=\"https:\/\/coinkickoff.com\/wp-content\/uploads\/okx-sign-up.png\" alt=\"miten ostaa dogecoin on okx rekister\u00f6ity\u00e4\" width=\"1410\" height=\"721\" srcset=\"https:\/\/coinkickoff.com\/wp-content\/uploads\/okx-sign-up.png 1410w, https:\/\/coinkickoff.com\/wp-content\/uploads\/okx-sign-up-300x153.png 300w, https:\/\/coinkickoff.com\/wp-content\/uploads\/okx-sign-up-1024x524.png 1024w, https:\/\/coinkickoff.com\/wp-content\/uploads\/okx-sign-up-768x393.png 768w, https:\/\/coinkickoff.com\/wp-content\/uploads\/okx-sign-up-18x9.png 18w\" sizes=\"auto, (max-width: 1410px) 100vw, 1410px\" \/><\/p>\n<p><span style=\"font-weight: 400;\">OKX-tilin avaaminen vie vain minuutin: Voit rekister\u00f6ity\u00e4 s\u00e4hk\u00f6postiosoitteella tai puhelinnumerolla. Voit my\u00f6s rekister\u00f6ity\u00e4 Googlen tai Telegramin avulla.\u00a0\u00a0<\/span><\/p>\n<h3><span class=\"ez-toc-section\" id=\"2_Verify_Your_Account\"><\/span><span style=\"font-weight: 400;\">2. Vahvista tilisi<\/span><span class=\"ez-toc-section-end\"><\/span><\/h3>\n<p><span style=\"font-weight: 400;\">Sinun ei tarvitse todentaa henkil\u00f6llisyytt\u00e4si voidaksesi k\u00e4yd\u00e4 kryptokauppaa OKX:ss\u00e4. Voit l\u00e4hett\u00e4\u00e4 digitaaliset varasi OKX-tilillesi ja aloittaa v\u00e4litt\u00f6m\u00e4sti kaupank\u00e4ynnin alustalla.<\/span><\/p>\n<p><span style=\"font-weight: 400;\">Jos kuitenkin haluat ostaa kryptoa fiat-valuutalla alustalla, sinun on suoritettava henkil\u00f6llisyyden todentaminen. Napsauta oikeassa yl\u00e4kulmassa olevaa profiilimerkki\u00e4 ja valitse \"Yleiskatsaus\".\u00a0<\/span><\/p>\n<p><img loading=\"lazy\" decoding=\"async\" class=\"alignnone wp-image-3287 size-full\" src=\"https:\/\/coinkickoff.com\/wp-content\/uploads\/okx-verif.png\" alt=\"\" width=\"1417\" height=\"694\" srcset=\"https:\/\/coinkickoff.com\/wp-content\/uploads\/okx-verif.png 1417w, https:\/\/coinkickoff.com\/wp-content\/uploads\/okx-verif-300x147.png 300w, https:\/\/coinkickoff.com\/wp-content\/uploads\/okx-verif-1024x502.png 1024w, https:\/\/coinkickoff.com\/wp-content\/uploads\/okx-verif-768x376.png 768w, https:\/\/coinkickoff.com\/wp-content\/uploads\/okx-verif-18x9.png 18w\" sizes=\"auto, (max-width: 1417px) 100vw, 1417px\" \/><\/p>\n<p><span style=\"font-weight: 400;\">Aloita prosessi valitsemalla vahvistusv\u00e4lilehti.<\/span><\/p>\n<p><img loading=\"lazy\" decoding=\"async\" class=\"alignnone wp-image-3288 size-full\" src=\"https:\/\/coinkickoff.com\/wp-content\/uploads\/okx-ver2.png\" alt=\"\" width=\"1426\" height=\"486\" srcset=\"https:\/\/coinkickoff.com\/wp-content\/uploads\/okx-ver2.png 1426w, https:\/\/coinkickoff.com\/wp-content\/uploads\/okx-ver2-300x102.png 300w, https:\/\/coinkickoff.com\/wp-content\/uploads\/okx-ver2-1024x349.png 1024w, https:\/\/coinkickoff.com\/wp-content\/uploads\/okx-ver2-768x262.png 768w, https:\/\/coinkickoff.com\/wp-content\/uploads\/okx-ver2-18x6.png 18w\" sizes=\"auto, (max-width: 1426px) 100vw, 1426px\" \/><\/p>\n<p><span style=\"font-weight: 400;\">Valitse yksitt\u00e4inen tili ja napsauta \"Jatka\".<\/span><\/p>\n<p><img loading=\"lazy\" decoding=\"async\" class=\"alignnone wp-image-3289 size-full\" src=\"https:\/\/coinkickoff.com\/wp-content\/uploads\/okx-ver3.png\" alt=\"\" width=\"1427\" height=\"666\" srcset=\"https:\/\/coinkickoff.com\/wp-content\/uploads\/okx-ver3.png 1427w, https:\/\/coinkickoff.com\/wp-content\/uploads\/okx-ver3-300x140.png 300w, https:\/\/coinkickoff.com\/wp-content\/uploads\/okx-ver3-1024x478.png 1024w, https:\/\/coinkickoff.com\/wp-content\/uploads\/okx-ver3-768x358.png 768w, https:\/\/coinkickoff.com\/wp-content\/uploads\/okx-ver3-18x8.png 18w\" sizes=\"auto, (max-width: 1427px) 100vw, 1427px\" \/><\/p>\n<p><span style=\"font-weight: 400;\">OKX:ll\u00e4 on luultavasti kaikkien aikojen helpoin henkil\u00f6llisyyden todentamisprosessi, sill\u00e4 foorumi ei edes pyyd\u00e4 kuvallisen henkil\u00f6llisyystodistuksen esitt\u00e4mist\u00e4. Kirjoita vain nimesi, valitse henkil\u00f6llisyystyyppisi ja sy\u00f6t\u00e4 tunnusnumerosi. Klikkaa \"L\u00e4het\u00e4\", ja olet valmis.<\/span><\/p>\n<h3><span class=\"ez-toc-section\" id=\"3_Deposit_FundsCrypto\"><\/span><span style=\"font-weight: 400;\">3. Talletusrahastot\/krypto<\/span><span class=\"ez-toc-section-end\"><\/span><\/h3>\n<p><span style=\"font-weight: 400;\">Kun olet suorittanut henkil\u00f6llisyyden todentamisen, voit tallettaa tilillesi fiat-valuuttaa tai ostaa DOGE:n luottokortilla tai muulla vaihtoehtoisella maksutavalla.\u00a0<\/span><\/p>\n<p><span style=\"font-weight: 400;\">Napsauta profiilisi logoa ja valitse \"Yleiskatsaus\" valitaksesi talletus- ja ostovaihtoehdot. Jos haluat tehd\u00e4 talletuksen, valitse \"Talletus\".<\/span><\/p>\n<p><img loading=\"lazy\" decoding=\"async\" class=\"alignnone wp-image-3290 size-full\" src=\"https:\/\/coinkickoff.com\/wp-content\/uploads\/okx-verif-1.png\" alt=\"\" width=\"1417\" height=\"694\" srcset=\"https:\/\/coinkickoff.com\/wp-content\/uploads\/okx-verif-1.png 1417w, https:\/\/coinkickoff.com\/wp-content\/uploads\/okx-verif-1-300x147.png 300w, https:\/\/coinkickoff.com\/wp-content\/uploads\/okx-verif-1-1024x502.png 1024w, https:\/\/coinkickoff.com\/wp-content\/uploads\/okx-verif-1-768x376.png 768w, https:\/\/coinkickoff.com\/wp-content\/uploads\/okx-verif-1-18x9.png 18w\" sizes=\"auto, (max-width: 1417px) 100vw, 1417px\" \/><\/p>\n<h3><span class=\"ez-toc-section\" id=\"4_Navigate_to_the_Relevant_Screen_to_Buy\"><\/span><span style=\"font-weight: 400;\">4. Siirry asiaankuuluvalle n\u00e4yt\u00f6lle ostamista varten<\/span><span class=\"ez-toc-section-end\"><\/span><\/h3>\n<p><span style=\"font-weight: 400;\">Valitse yleiskatsaussivulla \"Osta kortilla\" -vaihtoehto. T\u00e4m\u00e4 vie sinut helppoon osto-\/myyntisivuun.<\/span><\/p>\n<p><img loading=\"lazy\" decoding=\"async\" class=\"alignnone wp-image-3291 size-full\" src=\"https:\/\/coinkickoff.com\/wp-content\/uploads\/Screen-Shot-2023-03-24-at-5.59.53-AM-e1686184973371.png\" alt=\"\" width=\"1428\" height=\"802\" srcset=\"https:\/\/coinkickoff.com\/wp-content\/uploads\/Screen-Shot-2023-03-24-at-5.59.53-AM-e1686184973371.png 1428w, https:\/\/coinkickoff.com\/wp-content\/uploads\/Screen-Shot-2023-03-24-at-5.59.53-AM-e1686184973371-300x168.png 300w, https:\/\/coinkickoff.com\/wp-content\/uploads\/Screen-Shot-2023-03-24-at-5.59.53-AM-e1686184973371-1024x575.png 1024w, https:\/\/coinkickoff.com\/wp-content\/uploads\/Screen-Shot-2023-03-24-at-5.59.53-AM-e1686184973371-768x431.png 768w, https:\/\/coinkickoff.com\/wp-content\/uploads\/Screen-Shot-2023-03-24-at-5.59.53-AM-e1686184973371-18x10.png 18w, https:\/\/coinkickoff.com\/wp-content\/uploads\/Screen-Shot-2023-03-24-at-5.59.53-AM-e1686184973371-600x338.png 600w\" sizes=\"auto, (max-width: 1428px) 100vw, 1428px\" \/><\/p>\n<p><span style=\"font-weight: 400;\">Kirjoita, kuinka paljon haluat k\u00e4ytt\u00e4\u00e4 ostoksesi ja valitse kryptovaluutta, jonka haluat ostaa (DOGE). Napsauta \"Osta Doge\".<\/span><\/p>\n<p><img loading=\"lazy\" decoding=\"async\" class=\"alignnone wp-image-3292 size-full\" src=\"https:\/\/coinkickoff.com\/wp-content\/uploads\/buydogeend.png\" alt=\"\" width=\"1432\" height=\"798\" srcset=\"https:\/\/coinkickoff.com\/wp-content\/uploads\/buydogeend.png 1432w, https:\/\/coinkickoff.com\/wp-content\/uploads\/buydogeend-300x167.png 300w, https:\/\/coinkickoff.com\/wp-content\/uploads\/buydogeend-1024x571.png 1024w, https:\/\/coinkickoff.com\/wp-content\/uploads\/buydogeend-768x428.png 768w, https:\/\/coinkickoff.com\/wp-content\/uploads\/buydogeend-18x10.png 18w\" sizes=\"auto, (max-width: 1432px) 100vw, 1432px\" \/><\/p>\n<p><span style=\"font-weight: 400;\">Seuraavalla sivulla valitset menetelm\u00e4n ja n\u00e4et yhteenvedon ostoksestasi, mukaan lukien sen, kuinka paljon DOGE:t\u00e4 saat, kun olet suorittanut maksutapahtuman.<\/span><\/p>\n<p><span style=\"font-weight: 400;\">Maksutavat vaihtelevat sen mukaan, mit\u00e4 fiat-valuuttaa haluat k\u00e4ytt\u00e4\u00e4. Kuten n\u00e4et, voit valita useita vaihtoehtoja, kuten Payoneer, Revolut, AirTM ja muut. Voit my\u00f6s valita kolmannen osapuolen palveluntarjoajia, kuten Simplex ja Banxa.<\/span><\/p>\n<p><span style=\"font-weight: 400;\">Klikkaa \"Vahvista\" viimeistell\u00e4ksesi ostoksesi. Onnittelut!<\/span><\/p>\n<p><span style=\"font-weight: 400;\">Lis\u00e4tietoja on seuraavissa artikkeleissamme <a href=\"https:\/\/coinkickoff.com\/fi\/dogecoin-doge\/\">Dogecoin<\/a> ja <a href=\"https:\/\/coinkickoff.com\/fi\/?s=okx+review\">OKX-p\u00f6rssi<\/a>.<\/span><\/p>","protected":false},"excerpt":{"rendered":"<p>Kuinka ostaa Dogecoin OKX:lt\u00e4 Suunniteltu l\u00e4hinn\u00e4 vitsiksi coin, DOGE:ll\u00e4 ei ole selke\u00e4\u00e4 k\u00e4ytt\u00f6tarkoitusta tai suurta arvoa. Kun Dogecoin lanseerattiin vuonna 2013, kukaan ei odottanut, ett\u00e4 t\u00e4m\u00e4 meemipohjainen coin saisi paljon vetovoimaa. Mutta vuonna 2021, kryptohulluuden huipulla, DOGE nautti perusteellisesti 15 minuutin internetmaineestaan ja [...]<\/p>","protected":false},"author":3,"featured_media":3291,"parent":3196,"menu_order":0,"comment_status":"closed","ping_status":"closed","template":"","meta":{"_genesis_hide_title":false,"_genesis_hide_breadcrumbs":false,"_genesis_hide_singular_image":false,"_genesis_hide_footer_widgets":false,"_genesis_custom_body_class":"","_genesis_custom_post_class":"","_genesis_layout":"","_glsr_average":0,"_glsr_ranking":0,"_glsr_reviews":0,"footnotes":""},"class_list":{"0":"post-3285","1":"page","2":"type-page","3":"status-publish","4":"has-post-thumbnail","6":"entry"},"featured_image_src":"https:\/\/coinkickoff.com\/wp-content\/uploads\/Screen-Shot-2023-03-24-at-5.59.53-AM-e1686184973371-600x400.png","featured_image_src_square":"https:\/\/coinkickoff.com\/wp-content\/uploads\/Screen-Shot-2023-03-24-at-5.59.53-AM-e1686184973371-600x600.png","_links":{"self":[{"href":"https:\/\/coinkickoff.com\/fi\/wp-json\/wp\/v2\/pages\/3285","targetHints":{"allow":["GET"]}}],"collection":[{"href":"https:\/\/coinkickoff.com\/fi\/wp-json\/wp\/v2\/pages"}],"about":[{"href":"https:\/\/coinkickoff.com\/fi\/wp-json\/wp\/v2\/types\/page"}],"author":[{"embeddable":true,"href":"https:\/\/coinkickoff.com\/fi\/wp-json\/wp\/v2\/users\/3"}],"replies":[{"embeddable":true,"href":"https:\/\/coinkickoff.com\/fi\/wp-json\/wp\/v2\/comments?post=3285"}],"version-history":[{"count":4,"href":"https:\/\/coinkickoff.com\/fi\/wp-json\/wp\/v2\/pages\/3285\/revisions"}],"predecessor-version":[{"id":4497,"href":"https:\/\/coinkickoff.com\/fi\/wp-json\/wp\/v2\/pages\/3285\/revisions\/4497"}],"up":[{"embeddable":true,"href":"https:\/\/coinkickoff.com\/fi\/wp-json\/wp\/v2\/pages\/3196"}],"wp:featuredmedia":[{"embeddable":true,"href":"https:\/\/coinkickoff.com\/fi\/wp-json\/wp\/v2\/media\/3291"}],"wp:attachment":[{"href":"https:\/\/coinkickoff.com\/fi\/wp-json\/wp\/v2\/media?parent=3285"}],"curies":[{"name":"wp","href":"https:\/\/api.w.org\/{rel}","templated":true}]}}