{"id":3196,"date":"2026-01-08T14:07:36","date_gmt":"2026-01-08T14:07:36","guid":{"rendered":"https:\/\/coinkickoff.com\/?page_id=3196"},"modified":"2026-01-08T14:07:36","modified_gmt":"2026-01-08T14:07:36","slug":"how-to-buy-dogecoin","status":"publish","type":"page","link":"https:\/\/coinkickoff.com\/fi\/how-to-buy-dogecoin\/","title":{"rendered":"Miten ostaa Dogecoin (DOGE)"},"content":{"rendered":"<p><span style=\"font-weight: 400;\"><img loading=\"lazy\" decoding=\"async\" class=\"aligncenter wp-image-155 size-full\" src=\"https:\/\/coinkickoff.com\/wp-content\/uploads\/2022\/06\/Dogecoin-DOGE.jpg\" alt=\"miten ostaa dogecoin\" width=\"1000\" height=\"800\" srcset=\"https:\/\/coinkickoff.com\/wp-content\/uploads\/2022\/06\/Dogecoin-DOGE.jpg 1000w, https:\/\/coinkickoff.com\/wp-content\/uploads\/2022\/06\/Dogecoin-DOGE-300x240.jpg 300w, https:\/\/coinkickoff.com\/wp-content\/uploads\/2022\/06\/Dogecoin-DOGE-768x614.jpg 768w, https:\/\/coinkickoff.com\/wp-content\/uploads\/2022\/06\/Dogecoin-DOGE-15x12.jpg 15w\" sizes=\"auto, (max-width: 1000px) 100vw, 1000px\" \/>Jos haluat ostaa <a href=\"https:\/\/coinkickoff.com\/fi\/dogecoin-doge\/\" data-internallinksmanager029f6b8e52c=\"14\" title=\"Mik\u00e4 on Dogecoin (DOGE)? Miten se toimii ja mist\u00e4 sit\u00e4 voi ostaa?\">Dogecoin<\/a> etk\u00e4 tied\u00e4, mist\u00e4 aloittaa, olet oikeassa paikassa. N\u00e4yt\u00e4mme sinulle vaiheittaisten ohjeiden avulla, miten ja mist\u00e4 voit ostaa DOGE.<\/span><\/p>\n<div id=\"ez-toc-container\" class=\"ez-toc-v2_0_80 counter-hierarchy ez-toc-counter ez-toc-transparent ez-toc-container-direction\">\n<div class=\"ez-toc-title-container\">\n<p class=\"ez-toc-title\" style=\"cursor:inherit\">Jaksot<\/p>\n<span class=\"ez-toc-title-toggle\"><a href=\"#\" class=\"ez-toc-pull-right ez-toc-btn ez-toc-btn-xs ez-toc-btn-default ez-toc-toggle\" aria-label=\"Sis\u00e4llysluettelon vaihtaminen\"><span class=\"ez-toc-js-icon-con\"><span class=\"\"><span class=\"eztoc-hide\" style=\"display:none;\">Toggle<\/span><span class=\"ez-toc-icon-toggle-span\"><svg style=\"fill: #999;color:#999\" xmlns=\"http:\/\/www.w3.org\/2000\/svg\" class=\"list-377408\" width=\"20px\" height=\"20px\" viewbox=\"0 0 24 24\" fill=\"none\"><path d=\"M6 6H4v2h2V6zm14 0H8v2h12V6zM4 11h2v2H4v-2zm16 0H8v2h12v-2zM4 16h2v2H4v-2zm16 0H8v2h12v-2z\" fill=\"currentColor\"><\/path><\/svg><svg style=\"fill: #999;color:#999\" class=\"arrow-unsorted-368013\" xmlns=\"http:\/\/www.w3.org\/2000\/svg\" width=\"10px\" height=\"10px\" viewbox=\"0 0 24 24\" version=\"1.2\" baseprofile=\"tiny\"><path d=\"M18.2 9.3l-6.2-6.3-6.2 6.3c-.2.2-.3.4-.3.7s.1.5.3.7c.2.2.4.3.7.3h11c.3 0 .5-.1.7-.3.2-.2.3-.5.3-.7s-.1-.5-.3-.7zM5.8 14.7l6.2 6.3 6.2-6.3c.2-.2.3-.5.3-.7s-.1-.5-.3-.7c-.2-.2-.4-.3-.7-.3h-11c-.3 0-.5.1-.7.3-.2.2-.3.5-.3.7s.1.5.3.7z\"\/><\/svg><\/span><\/span><\/span><\/a><\/span><\/div>\n<nav><ul class='ez-toc-list ez-toc-list-level-1 eztoc-toggle-hide-by-default' ><li class='ez-toc-page-1 ez-toc-heading-level-2'><a class=\"ez-toc-link ez-toc-heading-1\" href=\"https:\/\/coinkickoff.com\/fi\/how-to-buy-dogecoin\/#What_Is_Dogecoin\" >Mik\u00e4 on Dogecoin?<\/a><\/li><li class='ez-toc-page-1 ez-toc-heading-level-2'><a class=\"ez-toc-link ez-toc-heading-2\" href=\"https:\/\/coinkickoff.com\/fi\/how-to-buy-dogecoin\/#Where_Can_I_Buy_Dogecoin\" >Mist\u00e4 voin ostaa Dogecoin:t\u00e4?<\/a><\/li><li class='ez-toc-page-1 ez-toc-heading-level-2'><a class=\"ez-toc-link ez-toc-heading-3\" href=\"https:\/\/coinkickoff.com\/fi\/how-to-buy-dogecoin\/#How_to_Buy_Dogecoin\" >Miten ostaa Dogecoin<\/a><ul class='ez-toc-list-level-3' ><li class='ez-toc-heading-level-3'><a class=\"ez-toc-link ez-toc-heading-4\" href=\"https:\/\/coinkickoff.com\/fi\/how-to-buy-dogecoin\/#Choose_Your_Exchange\" >Valitse vaihto<\/a><\/li><li class='ez-toc-page-1 ez-toc-heading-level-3'><a class=\"ez-toc-link ez-toc-heading-5\" href=\"https:\/\/coinkickoff.com\/fi\/how-to-buy-dogecoin\/#Buy_DOGE\" >Osta DOGE<\/a><\/li><li class='ez-toc-page-1 ez-toc-heading-level-3'><a class=\"ez-toc-link ez-toc-heading-6\" href=\"https:\/\/coinkickoff.com\/fi\/how-to-buy-dogecoin\/#Store_Your_DOGE\" >S\u00e4ilyt\u00e4 DOGE<\/a><ul class='ez-toc-list-level-4' ><li class='ez-toc-heading-level-4'><a class=\"ez-toc-link ez-toc-heading-7\" href=\"https:\/\/coinkickoff.com\/fi\/how-to-buy-dogecoin\/#Exchange_Wallet\" >Exchange Wallet<\/a><\/li><li class='ez-toc-page-1 ez-toc-heading-level-4'><a class=\"ez-toc-link ez-toc-heading-8\" href=\"https:\/\/coinkickoff.com\/fi\/how-to-buy-dogecoin\/#Self-Custody_Hot_Wallets\" >Itses\u00e4ilytett\u00e4v\u00e4t kuumat lompakot<\/a><\/li><li class='ez-toc-page-1 ez-toc-heading-level-4'><a class=\"ez-toc-link ez-toc-heading-9\" href=\"https:\/\/coinkickoff.com\/fi\/how-to-buy-dogecoin\/#Cold_Wallets\" >Kylm\u00e4 lompakot<\/a><\/li><\/ul><\/li><\/ul><\/li><\/ul><\/nav><\/div>\n<h2><span class=\"ez-toc-section\" id=\"What_Is_Dogecoin\"><\/span><span style=\"font-weight: 400;\">Mik\u00e4 on Dogecoin?<\/span><span class=\"ez-toc-section-end\"><\/span><\/h2>\n<p><span style=\"font-weight: 400;\">Olet ehk\u00e4 kuullut ihmisten puhuvan <\/span><a href=\"https:\/\/coinkickoff.com\/fi\/dogecoin-doge\/\"><span style=\"font-weight: 400;\">Dogecoin<\/span><\/a><span style=\"font-weight: 400;\"> meemin\u00e4 coin. Se on totta: Dogecoin:n perustajat Billy Marcus ja Jackson Palmer saivat inspiraationsa er\u00e4\u00e4st\u00e4 <\/span><a href=\"https:\/\/knowyourmeme.com\/memes\/doge\" target=\"_blank\" rel=\"noopener\"><span style=\"font-weight: 400;\">Shiba Inu-koiraa esitt\u00e4v\u00e4 meemi<\/span><\/a><span style=\"font-weight: 400;\"> ja k\u00e4ynnisti Dogecoin:n l\u00e4hinn\u00e4 vitsin\u00e4.<\/span><\/p>\n<p><span style=\"font-weight: 400;\">coin:st\u00e4 tuli suosittu sen Redditiss\u00e4 saaman hypen ansiosta sen j\u00e4lkeen, kun se kiinnitti Teslan toimitusjohtajan Elon Muskin huomion, joka <\/span><a href=\"https:\/\/uk.finance.yahoo.com\/news\/dogecoin-elon-musk-tweet-reddit-100947312.html\" target=\"_blank\" rel=\"noopener\"><span style=\"font-weight: 400;\">twiittasi coin:st\u00e4 vuonna 2021<\/span><\/a><span style=\"font-weight: 400;\">. Muskin osallistuminen sai DOGE:n hinnat nousemaan hetkeksi, mutta pian sen j\u00e4lkeen se menetti suurimman osan arvostaan.<\/span><\/p>\n<p><img loading=\"lazy\" decoding=\"async\" class=\"alignnone size-medium\" src=\"https:\/\/coinkickoff.com\/wp-content\/uploads\/1612461300-elon-musk-lion-king.jpg\" alt=\"ELON MUSK DOGE\" width=\"675\" height=\"380\" \/><\/p>\n<p><span style=\"font-weight: 400;\">Dogecoin:ll\u00e4 ei ole oikeastaan mit\u00e4\u00e4n k\u00e4ytt\u00f6tarkoitusta: se ei ole loistava tapa siirt\u00e4\u00e4 arvoa kuten <\/span><a href=\"https:\/\/coinkickoff.com\/fi\/tether-usdt\/\"><span style=\"font-weight: 400;\">stablecoins<\/span><\/a><span style=\"font-weight: 400;\">, koska hinnat eiv\u00e4t ole vakaita. Sen tarjonta on loputon (toisin kuin esim, <\/span><a href=\"https:\/\/coinkickoff.com\/fi\/bitcoin-btc\/\"><span style=\"font-weight: 400;\">Bitcoin<\/span><\/a><span style=\"font-weight: 400;\">), joten sen saatavuus ei v\u00e4hene eik\u00e4 sen arvo nouse ajan my\u00f6t\u00e4.\u00a0<\/span><\/p>\n<p><span style=\"font-weight: 400;\">Markkinoilla on miljardeja DOGE:t\u00e4, ja Dogecoin on edelleen yksi suurimmista coins-kryptoista markkinakapasiteetiltaan, mutta se ei tarkoita rahallista arvoa.<\/span><\/p>\n<p><img loading=\"lazy\" decoding=\"async\" class=\"alignnone wp-image-3198 size-full\" src=\"https:\/\/coinkickoff.com\/wp-content\/uploads\/dogemarketcap.png\" alt=\"doge marketcap\" width=\"977\" height=\"573\" srcset=\"https:\/\/coinkickoff.com\/wp-content\/uploads\/dogemarketcap.png 977w, https:\/\/coinkickoff.com\/wp-content\/uploads\/dogemarketcap-300x176.png 300w, https:\/\/coinkickoff.com\/wp-content\/uploads\/dogemarketcap-768x450.png 768w, https:\/\/coinkickoff.com\/wp-content\/uploads\/dogemarketcap-18x12.png 18w\" sizes=\"auto, (max-width: 977px) 100vw, 977px\" \/><\/p>\n<p><span style=\"font-weight: 400;\">Voit louhia coin:t\u00e4 suuria m\u00e4\u00e4ri\u00e4, joten se ei olekaan niin arvokas. Sen hinta nousee ajoittain lyhyesti, yleens\u00e4 Muskin kaltaisten julkkisten tahojen omap\u00e4isten huomautusten ansiosta.<\/span><\/p>\n<p><img loading=\"lazy\" decoding=\"async\" class=\"alignnone wp-image-3197 size-full\" src=\"https:\/\/coinkickoff.com\/wp-content\/uploads\/doge-price.png\" alt=\"DOGE hinta\" width=\"973\" height=\"559\" srcset=\"https:\/\/coinkickoff.com\/wp-content\/uploads\/doge-price.png 973w, https:\/\/coinkickoff.com\/wp-content\/uploads\/doge-price-300x172.png 300w, https:\/\/coinkickoff.com\/wp-content\/uploads\/doge-price-768x441.png 768w, https:\/\/coinkickoff.com\/wp-content\/uploads\/doge-price-18x10.png 18w\" sizes=\"auto, (max-width: 973px) 100vw, 973px\" \/><\/p>\n<p><span style=\"font-weight: 400;\">Kaiken kaikkiaan on oikein kutsua sit\u00e4 vitsiksi coin.<\/span><\/p>\n<h2><span class=\"ez-toc-section\" id=\"Where_Can_I_Buy_Dogecoin\"><\/span><span style=\"font-weight: 400;\">Mist\u00e4 voin ostaa Dogecoin:t\u00e4?<\/span><span class=\"ez-toc-section-end\"><\/span><\/h2>\n<p><span style=\"font-weight: 400;\">Voit ostaa Dogecoin useimmilta <a href=\"https:\/\/coinkickoff.com\/fi\/crypto-exchanges\/\" data-internallinksmanager029f6b8e52c=\"141\" title=\"21 Parhaat kryptovaluuttap\u00f6rssit ja sovellukset vuonna 2024\">kryptop\u00f6rssit<\/a>. <\/span><a href=\"https:\/\/coinmarketcap.com\/currencies\/dogecoin\/\" target=\"_blank\" rel=\"noopener\"><span style=\"font-weight: 400;\">Doge on 16. suurin krypto<\/span><\/a><span style=\"font-weight: 400;\"> markkinakoon mukaan, joten se on yleens\u00e4 saatavilla suosituissa p\u00f6rsseiss\u00e4.<\/span><\/p>\n<p><img loading=\"lazy\" decoding=\"async\" class=\"alignnone wp-image-3199 size-full\" src=\"https:\/\/coinkickoff.com\/wp-content\/uploads\/doge-on-binance.png\" alt=\"DOGE on Binance\" width=\"1366\" height=\"584\" srcset=\"https:\/\/coinkickoff.com\/wp-content\/uploads\/doge-on-binance.png 1366w, https:\/\/coinkickoff.com\/wp-content\/uploads\/doge-on-binance-300x128.png 300w, https:\/\/coinkickoff.com\/wp-content\/uploads\/doge-on-binance-1024x438.png 1024w, https:\/\/coinkickoff.com\/wp-content\/uploads\/doge-on-binance-768x328.png 768w, https:\/\/coinkickoff.com\/wp-content\/uploads\/doge-on-binance-18x8.png 18w\" sizes=\"auto, (max-width: 1366px) 100vw, 1366px\" \/><\/p>\n<p><span style=\"font-weight: 400;\">Voit ostaa DOGE fiat-valuutoilla keskitetyiss\u00e4 kryptop\u00f6rsseiss\u00e4, kuten osoitteessa <\/span><a href=\"https:\/\/coinkickoff.com\/fi\/coinbase-review\/\"><span style=\"font-weight: 400;\">Coinpohja<\/span><\/a><span style=\"font-weight: 400;\">, <\/span><a href=\"https:\/\/coinkickoff.com\/fi\/binance-review\/\"><span style=\"font-weight: 400;\">Binance<\/span><\/a><span style=\"font-weight: 400;\">, <\/span><a href=\"https:\/\/coinkickoff.com\/fi\/kraken-review\/\"><span style=\"font-weight: 400;\">Kraken<\/span><\/a><span style=\"font-weight: 400;\">ja <\/span><a href=\"https:\/\/coinkickoff.com\/fi\/etoro-review\/\"><span style=\"font-weight: 400;\">eToro<\/span><\/a><span style=\"font-weight: 400;\">.<\/span><\/p>\n<p><span style=\"font-weight: 400;\">Jos sinulla on jo kryptoa, voit my\u00f6s ostaa DOGE ja muita digitaalisia varoja hajautetuista p\u00f6rsseist\u00e4, kuten <\/span><a href=\"https:\/\/www.sushi.com\/\" target=\"_blank\" rel=\"noopener\"><span style=\"font-weight: 400;\">SushiSwap<\/span><\/a><span style=\"font-weight: 400;\"> tai <\/span><a href=\"https:\/\/uniswap.org\/\" target=\"_blank\" rel=\"noopener\"><span style=\"font-weight: 400;\">Uniswap<\/span><\/a><span style=\"font-weight: 400;\">. N\u00e4m\u00e4 p\u00f6rssit helpottavat vertaisverkkokauppoja ilman v\u00e4lik\u00e4si\u00e4.<\/span><\/p>\n<p><span style=\"font-weight: 400;\">Vaikka ne ovat usein halvempia kuin keskitetyt p\u00f6rssit, niiss\u00e4 voi olla vaikeampi navigoida, eiv\u00e4tk\u00e4 ne sovellu kovin hyvin aloittelijoille. Voit tietenkin helposti oppia k\u00e4ytt\u00e4m\u00e4\u00e4n hajautettua p\u00f6rssi\u00e4, jos k\u00e4yt\u00e4t siihen hieman aikaa.<\/span><\/p>\n<h2><span class=\"ez-toc-section\" id=\"How_to_Buy_Dogecoin\"><\/span><span style=\"font-weight: 400;\">Miten ostaa Dogecoin<\/span><span class=\"ez-toc-section-end\"><\/span><\/h2>\n<p><span style=\"font-weight: 400;\">Mink\u00e4 tahansa kryptovaluutan, my\u00f6s Dogecoin:n, ostaminen tapahtuu kolmessa vaiheessa. P\u00e4\u00e4t\u00e4 ensin, mit\u00e4 p\u00f6rssi\u00e4 haluat k\u00e4ytt\u00e4\u00e4. Harkitse sitten, miss\u00e4 s\u00e4ilyt\u00e4t kryptosi. Kun olet tehnyt t\u00e4m\u00e4n p\u00e4\u00e4t\u00f6ksen, osta DOGE.\u00a0<\/span><\/p>\n<p><span style=\"font-weight: 400;\">T\u00e4ss\u00e4 on yksityiskohtaisempi l\u00e4hestymistapa aivan aloittelijoille:<\/span><\/p>\n<h3><span class=\"ez-toc-section\" id=\"Choose_Your_Exchange\"><\/span><span style=\"font-weight: 400;\">Valitse vaihto<\/span><span class=\"ez-toc-section-end\"><\/span><\/h3>\n<p><span style=\"font-weight: 400;\">Eri p\u00f6rsseiss\u00e4 on erilaisia ominaisuuksia, ja niiden kryptojen saatavuus ja maksut vaihtelevat. Voit vertailla joitain tunnetuimpia p\u00f6rssej\u00e4 n\u00e4hd\u00e4ksesi, mik\u00e4 niist\u00e4 sopii parhaiten tarpeisiisi, ennen kuin teet p\u00e4\u00e4t\u00f6ksen.<\/span><\/p>\n<p><span style=\"font-weight: 400;\">Esimerkiksi, <a href=\"https:\/\/coinkickoff.com\/fi\/coinbase-review\/\" data-internallinksmanager029f6b8e52c=\"142\" title=\"Coinbase Arvostelut 2024: Ominaisuudet, maksut, turvallisuus, hyv\u00e4t ja huonot puolet\">Coinpohja<\/a> ja <a href=\"https:\/\/coinkickoff.com\/fi\/binance-review\/\" data-internallinksmanager029f6b8e52c=\"152\" title=\"Binance Arvostelut 2024: Ominaisuudet, maksut, turvallisuus, hyv\u00e4t ja huonot puolet\">Binance<\/a> US molemmat tarjoavat samanlaisia digitaalisia varoja (mukaan lukien DOGE), mutta Binance tarjoaa alhaisemmat maksut. Coinbasea pidet\u00e4\u00e4n kuitenkin turvallisempana ja aloittelijayst\u00e4v\u00e4llisemp\u00e4n\u00e4. Tee tutkimusta ennen kuin p\u00e4\u00e4t\u00e4t alustasta, sill\u00e4 krypto voi olla riskialtis sijoitus.<\/span><\/p>\n<p><span style=\"font-weight: 400;\">Voit tutustua vaihto-oppaaseemme saadaksesi kattavamman katsauksen <\/span><a href=\"https:\/\/coinkickoff.com\/fi\/crypto-exchanges\/\"><span style=\"font-weight: 400;\">suosituimmat kryptop\u00f6rssit<\/span><\/a><span style=\"font-weight: 400;\">.<\/span><\/p>\n<h3><span class=\"ez-toc-section\" id=\"Buy_DOGE\"><\/span><span style=\"font-weight: 400;\">Osta DOGE<\/span><span class=\"ez-toc-section-end\"><\/span><\/h3>\n<p><span style=\"font-weight: 400;\">Kun olet valinnut alustan, rekister\u00f6idy. Useimmissa keskitetyiss\u00e4 kryptop\u00f6rsseiss\u00e4 voit ostaa kryptoa fiat-valuutalla (kuten USD tai EUR). Voit yhdist\u00e4\u00e4 pankkitilisi alustaan ja siirt\u00e4\u00e4 rahaa vaihtotilillesi.<\/span><\/p>\n<p><img loading=\"lazy\" decoding=\"async\" class=\"alignnone wp-image-3201 size-full\" src=\"https:\/\/coinkickoff.com\/wp-content\/uploads\/buy-doge-on-binance-1.png\" alt=\"ostaa doge binance\" width=\"1432\" height=\"802\" srcset=\"https:\/\/coinkickoff.com\/wp-content\/uploads\/buy-doge-on-binance-1.png 1432w, https:\/\/coinkickoff.com\/wp-content\/uploads\/buy-doge-on-binance-1-300x168.png 300w, https:\/\/coinkickoff.com\/wp-content\/uploads\/buy-doge-on-binance-1-1024x573.png 1024w, https:\/\/coinkickoff.com\/wp-content\/uploads\/buy-doge-on-binance-1-768x430.png 768w, https:\/\/coinkickoff.com\/wp-content\/uploads\/buy-doge-on-binance-1-18x10.png 18w\" sizes=\"auto, (max-width: 1432px) 100vw, 1432px\" \/><\/p>\n<p><span style=\"font-weight: 400;\">Joissakin p\u00f6rsseiss\u00e4 voit ostaa kryptoa my\u00f6s luotto- ja pankkikorteilla, PayPalilla, Google Paylla ja Apple Paylla. Jos sinulla on vaihtotili tai muita digitaalisia varoja, voit my\u00f6s vaihtaa n\u00e4m\u00e4 varat DOGE:hen.<\/span><\/p>\n<p><span style=\"font-weight: 400;\">Joissakin p\u00f6rsseiss\u00e4 voit ostaa DOGE:n suoraan fiatilla, kun taas toiset saattavat tarjota vain vakaatacoins:t\u00e4 kuten <a href=\"https:\/\/coinkickoff.com\/fi\/tether-usdt\/\" data-internallinksmanager029f6b8e52c=\"3\" title=\"Mik\u00e4 on Tether (USDT)? Miten se toimii ja mist\u00e4 sit\u00e4 voi ostaa?\">USDT<\/a> tai <a href=\"https:\/\/coinkickoff.com\/fi\/usd-coin-usdc\/\" data-internallinksmanager029f6b8e52c=\"8\" title=\"Mik\u00e4 on USD Coin (USDC)? Miten se toimii ja mist\u00e4 sit\u00e4 voi ostaa?\">USDC<\/a>. N\u00e4iss\u00e4 tapauksissa sinun on ensin ostettava vakaacoin ja vaihdettava se sitten DOGE:hen.<\/span><\/p>\n<h3><span class=\"ez-toc-section\" id=\"Store_Your_DOGE\"><\/span><span style=\"font-weight: 400;\">S\u00e4ilyt\u00e4 DOGE<\/span><span class=\"ez-toc-section-end\"><\/span><\/h3>\n<p><span style=\"font-weight: 400;\">Kun olet ostanut DOGE:n, sinun on p\u00e4\u00e4tett\u00e4v\u00e4, miss\u00e4 s\u00e4ilyt\u00e4t sit\u00e4. Sinulla on siihen pari vaihtoehtoa.<\/span><\/p>\n<h4><span class=\"ez-toc-section\" id=\"Exchange_Wallet\"><\/span><span style=\"font-weight: 400;\">Exchange Wallet<\/span><span class=\"ez-toc-section-end\"><\/span><\/h4>\n<p><span style=\"font-weight: 400;\">Kun ostat kryptoa p\u00f6rssist\u00e4, varasi tallennetaan automaattisesti p\u00f6rssin lompakkoon. N\u00e4it\u00e4 lompakoita kutsutaan s\u00e4ilytyslompakoiksi, koska alustat valvovat ja hallinnoivat niit\u00e4.<\/span><\/p>\n<p><span style=\"font-weight: 400;\">Vaikka voit vaihtaa lompakossa olevia varoja vaihtotilisi kautta, et voi hallita niit\u00e4 t\u00e4ysin. Jos p\u00f6rssi joutuu hy\u00f6kk\u00e4yksen kohteeksi tai menee konkurssiin, omaisuutesi voivat kadota lopullisesti.<\/span><\/p>\n<h4><span class=\"ez-toc-section\" id=\"Self-Custody_Hot_Wallets\"><\/span><span style=\"font-weight: 400;\">Itses\u00e4ilytett\u00e4v\u00e4t kuumat lompakot<\/span><span class=\"ez-toc-section-end\"><\/span><\/h4>\n<p><span style=\"font-weight: 400;\">Markkinoilla on useita itses\u00e4ilytt\u00e4vi\u00e4 kuumia lompakoita: Jotkut niist\u00e4 ovat ohjelmistolompakoita, jotka voit ladata mobiililaitteisiin ja tietokoneisiin, ja toisia voi k\u00e4ytt\u00e4\u00e4 selaimien kautta. Niit\u00e4 kutsutaan kuumiksi lompakoiksi, koska ne ovat yhteydess\u00e4 internetiin laitteesi (tietokone tai mobiililaite) kautta.\u00a0<\/span><\/p>\n<p><span style=\"font-weight: 400;\">Vaikka itses\u00e4ilytt\u00e4v\u00e4t lompakot mahdollistavat varojen t\u00e4yden hallinnan, ne ovat my\u00f6s alttiita tietoturvaloukkauksille, ja hakkerit ovat usein niiden kohteena. Jos sinulla ei ole paljon tietotaitoa internetiin kytkettyjen laitteiden suojaamisesta haittaohjelmilta ja hakkerointiyrityksilt\u00e4, saatat vaarantaa varojasi tallentamalla niit\u00e4 kuumassa lompakossa.<\/span><\/p>\n<h4><span class=\"ez-toc-section\" id=\"Cold_Wallets\"><\/span><span style=\"font-weight: 400;\">Kylm\u00e4 lompakot<\/span><span class=\"ez-toc-section-end\"><\/span><\/h4>\n<p><span style=\"font-weight: 400;\">Kylmi\u00e4 lompakoita pidet\u00e4\u00e4n yleisesti kryptovaluuttojen turvallisimpana s\u00e4ilytysvaihtoehtona. Ne eiv\u00e4t ole yhteydess\u00e4 internetiin, joten hakkerointiyritykset eiv\u00e4t p\u00e4\u00e4se niihin k\u00e4siksi. Kylm\u00e4 lompakko voi olla paperilompakko tai laitteistolompakko.<\/span><\/p>\n<p><span style=\"font-weight: 400;\">Paperilompakko on yksinkertaisesti paperilappu, joka sis\u00e4lt\u00e4\u00e4 yksityisen avaimesi, jonka avulla voit k\u00e4ytt\u00e4\u00e4 varojasi lompakkok\u00e4ytt\u00f6liittym\u00e4n kautta. Paperilompakoita voi kuitenkin olla vaikea k\u00e4ytt\u00e4\u00e4, eiv\u00e4tk\u00e4 ne sovellu, jos haluat k\u00e4yd\u00e4 helposti kauppaa varoillasi.<\/span><\/p>\n<p><span style=\"font-weight: 400;\">Laitelompakot ovat USB-muotoisia laitteita, jotka tallentavat yksityisi\u00e4 avaimia. Koska laite ei ole suoraan yhteydess\u00e4 internetiin, sit\u00e4 ei voi hakkeroida. <\/span><a href=\"https:\/\/trezor.io\/\" target=\"_blank\" rel=\"noopener\"><span style=\"font-weight: 400;\">Trezor<\/span><\/a><span style=\"font-weight: 400;\"> ja <\/span><a href=\"https:\/\/www.ledger.com\/\" target=\"_blank\" rel=\"noopener\"><span style=\"font-weight: 400;\">Ledger<\/span><\/a><span style=\"font-weight: 400;\"> ovat kaksi alan parhaana pidetty\u00e4 lompakkovalmistajaa. Molemmat yritykset tarjoavat useita laitteistolompakoita kryptojen tallentamiseen, vaikka ne voivat olla melko kalliita.<\/span><\/p>\n<p><span style=\"font-weight: 400;\">Jos k\u00e4yt kauppaa satunnaisesti pienill\u00e4 summilla, laitteistolompakon ostaminen saattaa olla liikaa. Jos kuitenkin arvostat turvallisuutta, laitteistolompakon ostaminen on paras valinta pitk\u00e4ll\u00e4 aikav\u00e4lill\u00e4.\u00a0\u00a0<\/span><\/p>\n<p>Katso my\u00f6s Miten ostaa Dogecoin (DOGE) osoitteessa:<\/p>\n<p><a href=\"https:\/\/coinkickoff.com\/fi\/how-to-buy-dogecoin\/how-to-buy-dogecoin-on-coinbase\/\">Coinpohja<\/a><br \/>\n<a href=\"https:\/\/coinkickoff.com\/fi\/how-to-buy-dogecoin\/how-to-buy-dogecoin-on-kraken\/\">Kraken<\/a><br \/>\n<a href=\"https:\/\/coinkickoff.com\/fi\/how-to-buy-dogecoin\/how-to-buy-dogecoin-on-binance\/\">Binance<\/a><br \/>\n<a href=\"https:\/\/coinkickoff.com\/fi\/how-to-buy-dogecoin\/how-to-buy-dogecoin-on-bitmart\/\">Bitmart<\/a><br \/>\n<a href=\"https:\/\/coinkickoff.com\/fi\/how-to-buy-dogecoin\/how-to-buy-dogecoin-on-bybit\/\">Bybit<\/a><br \/>\n<a href=\"https:\/\/coinkickoff.com\/fi\/how-to-buy-dogecoin\/how-to-buy-dogecoin-on-gate-io\/\">Gate.io<\/a><br \/>\n<a href=\"https:\/\/coinkickoff.com\/fi\/how-to-buy-dogecoin\/how-to-buy-dogecoin-on-gemini\/\">Gemini<\/a><br \/>\n<a href=\"https:\/\/coinkickoff.com\/fi\/how-to-buy-dogecoin\/how-to-buy-dogecoin-on-kucoin\/\">Kucoin<\/a><br \/>\n<a href=\"https:\/\/coinkickoff.com\/fi\/how-to-buy-dogecoin\/how-to-buy-dogecoin-on-mexc\/\">MEXC<\/a><br \/>\n<a href=\"https:\/\/coinkickoff.com\/fi\/how-to-buy-dogecoin\/how-to-buy-dogecoin-on-okx\/\">OKX<\/a><br \/>\n<a href=\"https:\/\/coinkickoff.com\/fi\/how-to-buy-dogecoin\/how-to-buy-dogecoin-on-poloniex\/\">Poloniex<\/a><\/p>","protected":false},"excerpt":{"rendered":"<p>Jos haluat ostaa Dogecoin:n etk\u00e4 tied\u00e4 mist\u00e4 aloittaa, olet oikeassa paikassa. N\u00e4yt\u00e4mme sinulle vaiheittaisten ohjeiden avulla, miten ja mist\u00e4 ostaa DOGE. Mik\u00e4 on Dogecoin? Olet ehk\u00e4 kuullut ihmisten puhuvan Dogecoin:st\u00e4 meemin\u00e4 coin. Se on totta: Dogecoin:n perustajat Billy Marcus ja Jackson Palmer olivat [...]<\/p>","protected":false},"author":3,"featured_media":155,"parent":0,"menu_order":0,"comment_status":"closed","ping_status":"closed","template":"","meta":{"_genesis_hide_title":false,"_genesis_hide_breadcrumbs":false,"_genesis_hide_singular_image":false,"_genesis_hide_footer_widgets":false,"_genesis_custom_body_class":"","_genesis_custom_post_class":"","_genesis_layout":"","_glsr_average":0,"_glsr_ranking":0,"_glsr_reviews":0,"footnotes":""},"class_list":{"0":"post-3196","1":"page","2":"type-page","3":"status-publish","4":"has-post-thumbnail","6":"entry"},"featured_image_src":"https:\/\/coinkickoff.com\/wp-content\/uploads\/2022\/06\/Dogecoin-DOGE-600x400.jpg","featured_image_src_square":"https:\/\/coinkickoff.com\/wp-content\/uploads\/2022\/06\/Dogecoin-DOGE-600x600.jpg","_links":{"self":[{"href":"https:\/\/coinkickoff.com\/fi\/wp-json\/wp\/v2\/pages\/3196","targetHints":{"allow":["GET"]}}],"collection":[{"href":"https:\/\/coinkickoff.com\/fi\/wp-json\/wp\/v2\/pages"}],"about":[{"href":"https:\/\/coinkickoff.com\/fi\/wp-json\/wp\/v2\/types\/page"}],"author":[{"embeddable":true,"href":"https:\/\/coinkickoff.com\/fi\/wp-json\/wp\/v2\/users\/3"}],"replies":[{"embeddable":true,"href":"https:\/\/coinkickoff.com\/fi\/wp-json\/wp\/v2\/comments?post=3196"}],"version-history":[{"count":5,"href":"https:\/\/coinkickoff.com\/fi\/wp-json\/wp\/v2\/pages\/3196\/revisions"}],"predecessor-version":[{"id":4940,"href":"https:\/\/coinkickoff.com\/fi\/wp-json\/wp\/v2\/pages\/3196\/revisions\/4940"}],"wp:featuredmedia":[{"embeddable":true,"href":"https:\/\/coinkickoff.com\/fi\/wp-json\/wp\/v2\/media\/155"}],"wp:attachment":[{"href":"https:\/\/coinkickoff.com\/fi\/wp-json\/wp\/v2\/media?parent=3196"}],"curies":[{"name":"wp","href":"https:\/\/api.w.org\/{rel}","templated":true}]}}