{"id":9,"date":"2026-01-08T14:07:51","date_gmt":"2026-01-08T14:07:51","guid":{"rendered":"https:\/\/coinkickoff.com\/?page_id=9"},"modified":"2026-01-08T14:07:51","modified_gmt":"2026-01-08T14:07:51","slug":"meist","status":"publish","type":"page","link":"https:\/\/coinkickoff.com\/et\/meist\/","title":{"rendered":"kohta"},"content":{"rendered":"<h1 class=\"wp-block-genesis-blocks-gb-spacer gb-block-spacer gb-divider-solid gb-divider-size-1\" style=\"color: #ddd;\">Coin Kickoffi kohta\u00a0<\/h1>\r\n<div class=\"wp-block-columns has-2-columns\">\r\n<div class=\"wp-block-column\">\r\n<p>Ma l\u00f5in Coin Kickoff, sest ma arvan, et kr\u00fcpto\/<a href=\"https:\/\/coinkickoff.com\/et\/what-is-web-3-0\/\" data-internallinksmanager029f6b8e52c=\"184\" title=\"Mis on Web 3.0?\">web3<\/a> on liiga keeruline.<\/p>\r\n\r\n\r\n\r\n<p>Minu nimi on Ian Wright ja ma hakkasin kr\u00fcpto valdkonnas tegutsema aastal <strong>2017<\/strong> kui <a href=\"https:\/\/coinkickoff.com\/et\/bitcoin-btc\/\" data-internallinksmanager029f6b8e52c=\"1\" title=\"Mis on Bitcoin (BTC)? Hind, ajalugu ja kust osta\">Bitcoin<\/a> tegi oma esimese pulli jooksu kuni peaaegu <strong>$20,000<\/strong> iga\u00fchele.<\/p>\r\n\r\n\r\n\r\n<p>Mul oli piisavalt \u00f5nne, et mul \u00f5nnestus sel ajal tegelikult natuke raha teenida. Seej\u00e4rel unustasin kr\u00fcpto kohe \u00e4ra.<\/p>\r\n\r\n\r\n\r\n<p>Ma eeldasin, et mull on l\u00f5hkenud. Tundsin end \u00f5nnelikuna, et p\u00e4\u00e4sesin v\u00e4lja, kui ma seda tegin.<\/p>\r\n\r\n\r\n\r\n<p>See k\u00f5ik tundus nagu hiiglaslik pettus ja l\u00f5puks lihtsalt kaob.<\/p>\r\n\r\n\r\n\r\n<p><strong>Siis juhtus midagi kummalist.<\/strong><\/p>\r\n\r\n\r\n\r\n<p>S\u00fcgisel <strong>2020<\/strong> Hakkasin j\u00e4lle kuulma, et inimesed r\u00e4\u00e4givad Bitcoin-st ja kr\u00fcptost.<\/p>\r\n\r\n\r\n\r\n<p>Alguses j\u00e4tsin selle k\u00f5rvale. Bitcoin oli nii <strong>2017<\/strong>.<\/p>\r\n\r\n\r\n\r\n<p>Pealegi oli see niikuinii pettus.<\/p>\r\n\r\n\r\n\r\n<p>Kuid l\u00f5puks muutsin oma meelt, kui Bitcoin hind t\u00f5usis \u00fcle oma senise k\u00f5rgeima taseme.<\/p>\r\n\r\n\r\n\r\n<p>Minu meelest ei pidanud seda juhtuma.<\/p>\r\n\r\n\r\n\r\n<p>Ma olin ja olen endiselt skeptiline Bitcoin, kr\u00fcpto, web3 ja plokiahela v\u00e4\u00e4rtuse suhtes.<\/p>\r\n\r\n\r\n\r\n<p>Aga ma ei tunne enam, et nad l\u00e4hevad niipea \u00e4ra.<\/p>\r\n\r\n\r\n\r\n<p><strong>Otsustasin isegi uuesti investeerida. <\/strong><\/p>\r\n\r\n\r\n\r\n<p>Kuid erinevalt eelmisest korrast kaotasin ma raha. Pulli turul!<\/p>\r\n\r\n\r\n\r\n<p>Seet\u00f5ttu otsustasin end harida.<\/p>\r\n\r\n\r\n\r\n<p>Seep\u00e4rast l\u00f5in ma Coin Kickoffi.<\/p>\r\n\r\n\r\n\r\n<p>Eesm\u00e4rk on lihtne: selgitada, mis on erinevad coin-d, mida nad teevad ja kust neid osta.<\/p>\r\n\r\n\r\n\r\n<p>K\u00f5ik see on lihtne ja arusaadav.<\/p>\r\n\r\n\r\n\r\n<p>Ja et olla selge, mul ei ole aimugi, mida ma teen. Midagi sellel veebisaidil ei tohiks v\u00f5tta kui mingi investeeringu edendamist.<\/p>\r\n\r\n\r\n\r\n<p>Ma eeldan, et enamik coins <strong>l\u00e4heb nullini<\/strong>.<\/p>\r\n\r\n\r\n\r\n<p>M\u00f5tle Coin Kickoffist kui l\u00e4htepunktist, et \u00f5ppida veelgi rohkem erinevate kr\u00fcptov\u00f5imaluste kohta.<\/p>\r\n\r\n\r\n\r\n<p>K\u00f5ik postitused ja juhendid on ainult teavitamise eesm\u00e4rgil.<\/p>\r\n\r\n\r\n\r\n<p>Ja \u00e4rge kunagi pange rohkem raha sisse, kui te v\u00f5ite endale lubada kaotada.<\/p>\r\n\r\n\r\n\r\n<p>&nbsp;<\/p>\r\n<\/div>\r\n<!-- \/wp:post-content --><\/div>\r\n<!-- \/wp:columns -->\r\n\r\n<!-- wp:paragraph -->\r\n<p>&nbsp;<\/p>\r\n<!-- \/wp:paragraph -->","protected":false},"excerpt":{"rendered":"<p>Minu nimi on Ian Wright ja ma alustasin kr\u00fcpto\u00e4riga tegelemist 2017. aastal, kui Bitcoin tegi oma esimese pulli jooksu peaaegu $20,000-ni iga\u00fchele. Mul oli piisavalt \u00f5nne, et mul \u00f5nnestus sel ajal tegelikult natuke raha teenida. Seej\u00e4rel unustasin kr\u00fcpto kohe \u00e4ra. Eeldasin, et mull oli l\u00f5hkenud. I [...]<\/p>","protected":false},"author":1,"featured_media":10,"parent":0,"menu_order":0,"comment_status":"closed","ping_status":"closed","template":"","meta":{"_genesis_hide_title":true,"_genesis_hide_breadcrumbs":true,"_genesis_hide_singular_image":true,"_genesis_hide_footer_widgets":false,"_genesis_custom_body_class":"","_genesis_custom_post_class":"","_genesis_layout":"full-width-content","_glsr_average":0,"_glsr_ranking":0,"_glsr_reviews":0,"footnotes":""},"class_list":{"0":"post-9","1":"page","2":"type-page","3":"status-publish","4":"has-post-thumbnail","6":"entry"},"featured_image_src":"https:\/\/coinkickoff.com\/wp-content\/uploads\/2022\/03\/about-600x400.jpg","featured_image_src_square":"https:\/\/coinkickoff.com\/wp-content\/uploads\/2022\/03\/about-600x600.jpg","_links":{"self":[{"href":"https:\/\/coinkickoff.com\/et\/wp-json\/wp\/v2\/pages\/9","targetHints":{"allow":["GET"]}}],"collection":[{"href":"https:\/\/coinkickoff.com\/et\/wp-json\/wp\/v2\/pages"}],"about":[{"href":"https:\/\/coinkickoff.com\/et\/wp-json\/wp\/v2\/types\/page"}],"author":[{"embeddable":true,"href":"https:\/\/coinkickoff.com\/et\/wp-json\/wp\/v2\/users\/1"}],"replies":[{"embeddable":true,"href":"https:\/\/coinkickoff.com\/et\/wp-json\/wp\/v2\/comments?post=9"}],"version-history":[{"count":6,"href":"https:\/\/coinkickoff.com\/et\/wp-json\/wp\/v2\/pages\/9\/revisions"}],"predecessor-version":[{"id":79,"href":"https:\/\/coinkickoff.com\/et\/wp-json\/wp\/v2\/pages\/9\/revisions\/79"}],"wp:featuredmedia":[{"embeddable":true,"href":"https:\/\/coinkickoff.com\/et\/wp-json\/wp\/v2\/media\/10"}],"wp:attachment":[{"href":"https:\/\/coinkickoff.com\/et\/wp-json\/wp\/v2\/media?parent=9"}],"curies":[{"name":"wp","href":"https:\/\/api.w.org\/{rel}","templated":true}]}}