{"id":813,"date":"2026-01-08T14:06:26","date_gmt":"2026-01-08T14:06:26","guid":{"rendered":"https:\/\/coinkickoff.com\/?page_id=813"},"modified":"2026-01-08T14:06:26","modified_gmt":"2026-01-08T14:06:26","slug":"prices-mxn","status":"publish","type":"page","link":"https:\/\/coinkickoff.com\/et\/prices\/prices-mxn\/","title":{"rendered":"Top 100 Live kr\u00fcptovaluuta hinnad Mehhiko peeso (MXN)"},"content":{"rendered":"<p>Vaadake reaalajas hinnauuendusi Mehhiko peesos (MXN) kohta <a href=\"https:\/\/coinkickoff.com\/et\/bitcoin-btc\/\" data-internallinksmanager029f6b8e52c=\"1\" title=\"Mis on Bitcoin (BTC)? Hind, ajalugu ja kust osta\">bitcoin<\/a> ja teised 100 parimat kr\u00fcptovaluutat allpool. <\/p>\n<!-- Cryptocurrency Widgets PRO 4.1.2  !--><div  class=\"ccpw-widget\" id=\"ccpw-list-widget-1310\" ><div class=\"ccpw_react_widget\" id=\"ccpw_react_widgets_1310606104323\" data-attribute=\"{&quot;type&quot;:&quot;list-widget&quot;,&quot;selected_currency&quot;:&quot;MXN&quot;,&quot;design&quot;:&quot;style-4&quot;,&quot;header&quot;:&quot;&quot;,&quot;show_chart&quot;:&quot;&quot;,&quot;custom_currency&quot;:&quot;&quot;,&quot;show_coins&quot;:&quot;100&quot;,&quot;MbFormating&quot;:&quot;on&quot;,&quot;live_changes&quot;:&quot;&quot;,&quot;display_changes&quot;:&quot;on&quot;}\"><\/div><\/div><style type='text\/css'>\r\n\t\t\t  .ccpw-widget #ccpw-list-widget-1310{background-color:#ffffff;color:#000;}\r\n\t\t\t  .ccpw-widget .ccpw_table tr #ccpw-list-widget-1310 {background-color:#ffffff;}\r\n\t\t\t  .ccpw-widget #ccpw-list-widget-1310.table {background-color:#ffffff;color:#000; box-shadow:inset 0px 0px 0px 3px rgba(0,0,0,0.25);}\r\n\t\t\t  #ccpw-list-widget-1310 .ccpw_table > tbody > tr > td,\r\n\t\t\t  #ccpw-list-widget-1310 .ccpw_table > tbody > tr > td .ticker-price,\r\n\t\t\t  #ccpw-list-widget-1310 .ccpw_table > tbody > tr > td.price,\r\n\t\t\t  #ccpw-list-widget-1310 .ccpw_table.table tr ,\r\n\t\t\t  #ccpw-list-widget-1310 .ccpw_table.table > thead > tr > th {border-color:rgba(0,0,0,0.25) !important;color:#000;background-color:#ffffff;}\r\n\t\t\t   .ccpw_table span.symbol { position:initial !Important; }<\/style>\n<div class=\"cg-choice-box-six   cg-blue\" ><div class=\"cg-cb-row\"><div class=\"cg-cb-items\" id=\"product-265843\"><div class=\"cg-cb-top-head\"><div class=\"cg-cb-top-pick\">Enamik Coins<\/div><\/div><a href=\"https:\/\/accounts.binance.com\/register?ref=BLJQ60RW\" target=\"_blank\" rel=\"nofollow noopener\" class=\"cg-aff-link cg-cb-img\" data-post-title=\"Binance\" data-aff-link=\"https:\/\/accounts.binance.com\/register?ref=BLJQ60RW\" data-post-type=\"top\" data-post-id=\"127750\"><img decoding=\"async\" src=\"https:\/\/coinkickoff.com\/wp-content\/uploads\/2022\/10\/Binance_logo.png\" class=\"cg-img-1\" alt=\"Binance\" style=\"\"><\/a><div class=\"cg-cb-title\"><a href=\"https:\/\/accounts.binance.com\/register?ref=BLJQ60RW\" class=\"cg-aff-link\" data-post-id=\"127750\" data-post-type=\"top\" data-aff-link=\"https:\/\/accounts.binance.com\/register?ref=BLJQ60RW\" data-post-title=\"Binance\" target=\"\" rel=\"nofollow noopener\">Binance<\/a><\/span><\/div><div class=\"cg-cb-content\"><ul><li><strong>350+<\/strong> Loetletud kr\u00fcptovaluutad<\/li><li><strong>&lt;0.10%<\/strong> Tehingutasud<\/li><li><strong>120 miljonit<\/strong> Registreeritud kasutajad<\/li><li>Turvaline varade fond kasutajate jaoks<\/li><li>Teenida hoiuste pealt<\/li><\/ul><\/div><div class=\"cg-cb-btn\"><span class='cta-copy'><a href=\"https:\/\/accounts.binance.com\/register?ref=BLJQ60RW\" class=\"cg-one-button cg-btn cg-red  cg-aff-link cg-btn-lg\" data-post-id=\"127750\" data-post-type=\"top\" data-aff-link=\"https:\/\/accounts.binance.com\/register?ref=BLJQ60RW\" data-style=\"default\" data-post-title=\"Binance\" data-extra=\"arrow\" style=\"\" target=\"\" rel=\"nofollow noopener\">Alusta<\/a><\/span><\/span><\/div><\/div><div class=\"cg-cb-items\" id=\"product-265829\"><div class=\"cg-cb-top-head\"><div class=\"cg-cb-top-pick\">Enamik riike<\/div><\/div><a href=\"https:\/\/kraken.pxf.io\/756J3y\" target=\"_blank\" rel=\"nofollow noopener\" class=\"cg-aff-link cg-cb-img\" data-post-title=\"Kraken\" data-aff-link=\"https:\/\/kraken.pxf.io\/756J3y\" data-post-type=\"top\" data-post-id=\"127750\"><img decoding=\"async\" src=\"https:\/\/coinkickoff.com\/wp-content\/uploads\/Kraken-logo.webp\" class=\"cg-img-1\" alt=\"Kraken\" style=\"\"><\/a><div class=\"cg-cb-title\"><a href=\"https:\/\/kraken.pxf.io\/756J3y\" class=\"cg-aff-link\" data-post-id=\"127750\" data-post-type=\"top\" data-aff-link=\"https:\/\/kraken.pxf.io\/756J3y\" data-post-title=\"Kraken\" target=\"\" rel=\"nofollow noopener\">Kraken<\/a><\/span><\/div><div class=\"cg-cb-content\"><ul><li>USAs asuv<\/li><li>Alustage nii v\u00e4heste <strong>$10<\/strong><\/li><li>Osta ja m\u00fc\u00fca <strong>200+<\/strong> kr\u00fcptovaluutad<\/li><li>Pro lahendus suurematele kauplejatele<\/li><li>Saadaval on <strong>190+<\/strong> riigid<\/li><\/ul><\/div><div class=\"cg-cb-btn\"><span class='cta-copy'><a href=\"https:\/\/kraken.pxf.io\/756J3y\" class=\"cg-one-button cg-btn cg-red  cg-aff-link cg-btn-lg\" data-post-id=\"127750\" data-post-type=\"top\" data-aff-link=\"https:\/\/kraken.pxf.io\/756J3y\" data-style=\"default\" data-post-title=\"Kraken\" data-extra=\"arrow\" style=\"\" target=\"\" rel=\"nofollow noopener\">Alusta<\/a><\/span><\/span><\/div><\/div><div class=\"cg-cb-items\" id=\"product-265822\"><div class=\"cg-cb-top-head\"><div class=\"cg-cb-top-pick\">USAs asuv<\/div><\/div><a href=\"https:\/\/coinbase-consumer.sjv.io\/ORPoaG\" target=\"_blank\" rel=\"nofollow noopener\" class=\"cg-aff-link cg-cb-img\" data-post-title=\"Coinbase\" data-aff-link=\"https:\/\/coinbase-consumer.sjv.io\/ORPoaG\" data-post-type=\"top\" data-post-id=\"127750\"><img decoding=\"async\" src=\"https:\/\/coinkickoff.com\/wp-content\/uploads\/2022\/10\/Coinbase.png\" class=\"cg-img-1\" alt=\"Coinbase\" style=\"\"><\/a><div class=\"cg-cb-title\"><a href=\"https:\/\/coinbase-consumer.sjv.io\/ORPoaG\" class=\"cg-aff-link\" data-post-id=\"127750\" data-post-type=\"top\" data-aff-link=\"https:\/\/coinbase-consumer.sjv.io\/ORPoaG\" data-post-title=\"Coinbase\" target=\"\" rel=\"nofollow noopener\">Coinbase<\/a><\/span><\/div><div class=\"cg-cb-content\"><ul><li><strong>200+<\/strong> Loetletud kr\u00fcptovaluutad<\/li><li>Saada kr\u00fcpto p\u00e4rast oma esimest ostu<\/li><li>Kindlustusega kaitstud&nbsp;<\/li><li>Turvaline ladustamine v\u00f5lvkaitsega<\/li><li>K\u00f5ige usaldusv\u00e4\u00e4rsem kr\u00fcptoraha platvorm<\/li><\/ul><\/div><div class=\"cg-cb-btn\"><span class='cta-copy'><a href=\"https:\/\/coinbase-consumer.sjv.io\/ORPoaG\" class=\"cg-one-button cg-btn cg-red  cg-aff-link cg-btn-lg\" data-post-id=\"127750\" data-post-type=\"top\" data-aff-link=\"https:\/\/coinbase-consumer.sjv.io\/ORPoaG\" data-style=\"default\" data-post-title=\"Coinbase\" data-extra=\"arrow\" style=\"\" target=\"\" rel=\"nofollow noopener\">Alusta<\/a><\/span><\/span><\/div><\/div><\/div><\/div>\n\n<h2>Kr\u00fcptovaluuta hinnakalkulaator (MXN)<\/h2>\n<p>Kasutage allolevat kalkulaatorit, et saada reaalajas vahetuskursid MXN ja paljude populaarsete kr\u00fcptovaluutade vahel.<\/p>\n<div class=\"ccpw_react_widget ccpw_calculator\" id=\"ccpw_react_widgets_1311_69dec7e4b80b0\" data-attribute=\"{&quot;type&quot;:&quot;calculator&quot;,&quot;baseCurrency&quot;:&quot;bitcoin&quot;,&quot;targetCurrency&quot;:&quot;MXN&quot;}\"><\/div><style type='text\/css'>\r\n\t\t\t  #ccpw_react_widgets_1311 .ccpw-Converter {\r\n\t\t\t\t  background-color: #ffffff;\r\n\t\t\t\t  color: #000;\r\n\t\t\t  }<\/style>\n<h2>Hinnamuutuse soojuskaart: Top 20 Cryptocurrencies<\/h2>\n<!-- Cryptocurrency Widgets PRO 4.1.2  !--><div class=\"ccpw-coingecko-widget\" style=\"width:100%;\"> \r\n    <gecko-coin-heatmap-widget  height=\"400\"  locale=\"en\" outlined=\"true\" top=\"20\"><\/gecko-coin-heatmap-widget>\r\n    <\/div><style type='text\/css'><\/style>\n<p>Vaata ka hindu:<\/p>\n<ul>\n<li> <a href=\"https:\/\/coinkickoff.com\/et\/prices\/\">USA dollarid (USD)<\/a><\/li>\n<li> <a href=\"https:\/\/coinkickoff.com\/et\/prices\/prices-euros\/\">Euro (EUD)<\/li>\n<li> <a href=\"https:\/\/coinkickoff.com\/et\/prices\/prices-gbp\/\">Suurbritannia naelsterling (GBP)<\/a><\/li>\n<li> <a href=\"https:\/\/coinkickoff.com\/et\/prices\/prices-cad\/\">Kanada dollarid (CAD)<\/a><\/li>\n<li> <a href=\"https:\/\/coinkickoff.com\/et\/prices\/prices-aud\/\" data-internallinksmanager029f6b8e52c=\"116\" title=\"Top 100 Live Cryptocurrency hinnad Austraalia dollarites (AUD)\">Austraalia dollarid (AUD)<\/a><\/li>\n<li> <a href=\"https:\/\/coinkickoff.com\/et\/prices\/prices-jpy\/\" data-internallinksmanager029f6b8e52c=\"118\" title=\"Top 100 Live Cryptocurrency hinnad Jaapani jeenis (JPY)\">Jaapani jeen (JPY)<\/a><\/li>\n<li> Mehhiko peeso (MXN)<\/li>\n<li> <a href=\"https:\/\/coinkickoff.com\/et\/prices\/prices-brl\/\" data-internallinksmanager029f6b8e52c=\"120\" title=\"Top 100 Live Cryptocurrency hinnad Brasiilia reaal (BRL)\">Brasiilia reaal (BRL)<\/a><\/li>\n<li> <a href=\"https:\/\/coinkickoff.com\/et\/prices\/prices-cny\/\" data-internallinksmanager029f6b8e52c=\"121\" title=\"Top 100 Live Cryptocurrency hinnad Hiina j\u00fcaani (CNY)\">Hiina j\u00fcaani (CNY)<\/a><\/li>\n<li> <a href=\"https:\/\/coinkickoff.com\/et\/prices\/prices-chf\/\" data-internallinksmanager029f6b8e52c=\"122\" title=\"Top 100 Live Cryptocurrency hinnad \u0160veitsi frank (CHF)\">\u0160veitsi frank (CHF)<\/a><\/li>\n<li> <a href=\"https:\/\/coinkickoff.com\/et\/prices\/prices-hkd\/\" data-internallinksmanager029f6b8e52c=\"123\" title=\"Top 100 Live Cryptocurrency hinnad Hongkongi dollarites (HKD)\">Hongkongi dollarid (HKD)<\/a><\/li>\n<li> <a href=\"https:\/\/coinkickoff.com\/et\/prices\/prices-sgd\/\" data-internallinksmanager029f6b8e52c=\"124\" title=\"Top 100 Live Cryptocurrency hinnad Singapuri dollar (SGD)\">Singapuri dollar (SGD)<\/a><\/li>\n<li> <a href=\"https:\/\/coinkickoff.com\/et\/prices\/prices-sek\/\" data-internallinksmanager029f6b8e52c=\"125\" title=\"Top 100 Live Cryptocurrency hinnad Rootsi kroonis (SEK)\">Rootsi kroon (SEK)<\/a><\/li>\n<li> <a href=\"https:\/\/coinkickoff.com\/et\/prices\/prices-nzd\/\" data-internallinksmanager029f6b8e52c=\"126\" title=\"Top 100 Live Cryptocurrency hinnad Uus-Meremaa dollar (NZD)\">Uus-Meremaa dollar (NZD)<\/a><\/li>\n<li> <a href=\"https:\/\/coinkickoff.com\/et\/prices\/prices-inr\/\" data-internallinksmanager029f6b8e52c=\"127\" title=\"Top 100 Live Cryptocurrency hinnad India ruupia (INR)\">India ruupia (INR)<\/a><\/li>\n<li> <a href=\"https:\/\/coinkickoff.com\/et\/prices\/prices-twd\/\" data-internallinksmanager029f6b8e52c=\"128\" title=\"Top 100 Live Cryptocurrency hinnad Uus Taiwani dollarites (TWD)\">Uued Taiwani dollarid (TWD)<\/a><\/li>\n<li> <a href=\"https:\/\/coinkickoff.com\/et\/prices\/prices-zar\/\" data-internallinksmanager029f6b8e52c=\"129\" title=\"Top 100 Live Cryptocurrency hinnad L\u00f5una-Aafrika Rand (ZAR)\">L\u00f5una-Aafrika rand (ZAR)<\/a><\/li>\n<li> <a href=\"https:\/\/coinkickoff.com\/et\/prices\/prices-dkk\/\" data-internallinksmanager029f6b8e52c=\"130\" title=\"Top 100 Live Cryptocurrency hinnad Taani krooni (DKK)\">Taani kroon (DKK)<\/a><\/li>\n<li> <a href=\"https:\/\/coinkickoff.com\/et\/prices\/prices-pln\/\" data-internallinksmanager029f6b8e52c=\"131\" title=\"Top 100 Live Cryptocurrency hinnad Poola Z\u0142oty (PLN)\">Poola z\u0142oty (PLN)<\/a><\/li>\n<li> <a href=\"https:\/\/coinkickoff.com\/et\/prices\/prices-czk\/\" data-internallinksmanager029f6b8e52c=\"132\" title=\"Top 100 Live Cryptocurrency hinnad T\u0161ehhi kroonides (CZK)\">T\u0161ehhi kroon (CZK)<\/a><\/li>\n<li> <a href=\"https:\/\/coinkickoff.com\/et\/prices\/prices-huf\/\" data-internallinksmanager029f6b8e52c=\"133\" title=\"Top 100 Live Cryptocurrency hinnad Ungari Forint (HUF)\">Ungari forint (HUF)<\/a><\/li>\n<li> <a href=\"https:\/\/coinkickoff.com\/et\/prices\/prices-rub\/\" data-internallinksmanager029f6b8e52c=\"134\" title=\"Top 100 Live Cryptocurrency hinnad Vene rubla (RUB)\">Vene rubla (RUB)<\/a><\/li>\n<\/ul>","protected":false},"excerpt":{"rendered":"<p>Vaadake allpool bitcoin ja teiste 100 parima kr\u00fcptovaluuta reaalajas hinnauuendusi Mehhiko peesos (MXN). Kr\u00fcptovaluuta hinnakalkulaator (MXN) Kasutage allolevat kalkulaatorit, et leida reaalajas vahetuskursid MXN ja paljude populaarsete kr\u00fcptovaluutade vahel Hinnamuutuse soojuskaart: Top 20 kr\u00fcptovaluutat Vaata ka hindu j\u00e4rgmises v\u00e4\u00e4ringus: MXN: top 20 kr\u00fcptovaluutat Vaata ka hindu j\u00e4rgmises v\u00e4\u00e4ringus: USA dollarid (USD) Euro (EUD) Suurbritannia naelsterling (GBP) Kanada [...]<\/p>","protected":false},"author":1,"featured_media":738,"parent":708,"menu_order":0,"comment_status":"closed","ping_status":"closed","template":"","meta":{"_genesis_hide_title":false,"_genesis_hide_breadcrumbs":false,"_genesis_hide_singular_image":false,"_genesis_hide_footer_widgets":false,"_genesis_custom_body_class":"","_genesis_custom_post_class":"","_genesis_layout":"","_glsr_average":0,"_glsr_ranking":0,"_glsr_reviews":0,"footnotes":""},"class_list":{"0":"post-813","1":"page","2":"type-page","3":"status-publish","4":"has-post-thumbnail","6":"entry"},"featured_image_src":"https:\/\/coinkickoff.com\/wp-content\/uploads\/crypto-prices-600x400.jpg","featured_image_src_square":"https:\/\/coinkickoff.com\/wp-content\/uploads\/crypto-prices-600x586.jpg","_links":{"self":[{"href":"https:\/\/coinkickoff.com\/et\/wp-json\/wp\/v2\/pages\/813","targetHints":{"allow":["GET"]}}],"collection":[{"href":"https:\/\/coinkickoff.com\/et\/wp-json\/wp\/v2\/pages"}],"about":[{"href":"https:\/\/coinkickoff.com\/et\/wp-json\/wp\/v2\/types\/page"}],"author":[{"embeddable":true,"href":"https:\/\/coinkickoff.com\/et\/wp-json\/wp\/v2\/users\/1"}],"replies":[{"embeddable":true,"href":"https:\/\/coinkickoff.com\/et\/wp-json\/wp\/v2\/comments?post=813"}],"version-history":[{"count":5,"href":"https:\/\/coinkickoff.com\/et\/wp-json\/wp\/v2\/pages\/813\/revisions"}],"predecessor-version":[{"id":1312,"href":"https:\/\/coinkickoff.com\/et\/wp-json\/wp\/v2\/pages\/813\/revisions\/1312"}],"up":[{"embeddable":true,"href":"https:\/\/coinkickoff.com\/et\/wp-json\/wp\/v2\/pages\/708"}],"wp:featuredmedia":[{"embeddable":true,"href":"https:\/\/coinkickoff.com\/et\/wp-json\/wp\/v2\/media\/738"}],"wp:attachment":[{"href":"https:\/\/coinkickoff.com\/et\/wp-json\/wp\/v2\/media?parent=813"}],"curies":[{"name":"wp","href":"https:\/\/api.w.org\/{rel}","templated":true}]}}