{"id":4628,"date":"2026-01-08T14:08:02","date_gmt":"2026-01-08T14:08:02","guid":{"rendered":"https:\/\/coinkickoff.com\/?page_id=4628"},"modified":"2026-01-08T14:08:02","modified_gmt":"2026-01-08T14:08:02","slug":"how-are-bitcoin-slots-different","status":"publish","type":"page","link":"https:\/\/coinkickoff.com\/et\/bitcoin-casino\/how-are-bitcoin-slots-different\/","title":{"rendered":"Kuidas erinevad Bitcoin m\u00e4nguautomaadid traditsioonilistest kasiinoautomaatidest?"},"content":{"rendered":"<p><em>Vastutusest loobumine: Hasartm\u00e4ngudega kaasneb m\u00e4rkimisv\u00e4\u00e4rne rahaline risk. Palun m\u00e4ngige ainult sellise rahaga, mille kaotamist v\u00f5ite endale lubada. Allpool esitatud teave on ainult teavitamise eesm\u00e4rgil. Meile v\u00f5idakse maksta komisjonitasu, kui te registreerute ja kaotate raha m\u00f5nel j\u00e4rgneval m\u00e4ngul <a href=\"https:\/\/coinkickoff.com\/et\/bitcoin-casino\/\" data-internallinksmanager029f6b8e52c=\"200\" title=\"3 parimat Bitcoin kr\u00fcptokassot koos boonustega\">kasiinod<\/a>. K\u00f5ik kasiinod ei ole k\u00f5igis riikides saadaval. Kogu teave on meie arvates avaldamise ajal \u00f5ige, kuid see v\u00f5ib vahepeal muutunud olla.<\/em><\/p>\n<div id=\"ez-toc-container\" class=\"ez-toc-v2_0_80 counter-hierarchy ez-toc-counter ez-toc-transparent ez-toc-container-direction\">\n<div class=\"ez-toc-title-container\">\n<p class=\"ez-toc-title\" style=\"cursor:inherit\">Jaotised<\/p>\n<span class=\"ez-toc-title-toggle\"><a href=\"#\" class=\"ez-toc-pull-right ez-toc-btn ez-toc-btn-xs ez-toc-btn-default ez-toc-toggle\" aria-label=\"Sisukorra vaheldumine\"><span class=\"ez-toc-js-icon-con\"><span class=\"\"><span class=\"eztoc-hide\" style=\"display:none;\">Toggle<\/span><span class=\"ez-toc-icon-toggle-span\"><svg style=\"fill: #999;color:#999\" xmlns=\"http:\/\/www.w3.org\/2000\/svg\" class=\"list-377408\" width=\"20px\" height=\"20px\" viewbox=\"0 0 24 24\" fill=\"none\"><path d=\"M6 6H4v2h2V6zm14 0H8v2h12V6zM4 11h2v2H4v-2zm16 0H8v2h12v-2zM4 16h2v2H4v-2zm16 0H8v2h12v-2z\" fill=\"currentColor\"><\/path><\/svg><svg style=\"fill: #999;color:#999\" class=\"arrow-unsorted-368013\" xmlns=\"http:\/\/www.w3.org\/2000\/svg\" width=\"10px\" height=\"10px\" viewbox=\"0 0 24 24\" version=\"1.2\" baseprofile=\"tiny\"><path d=\"M18.2 9.3l-6.2-6.3-6.2 6.3c-.2.2-.3.4-.3.7s.1.5.3.7c.2.2.4.3.7.3h11c.3 0 .5-.1.7-.3.2-.2.3-.5.3-.7s-.1-.5-.3-.7zM5.8 14.7l6.2 6.3 6.2-6.3c.2-.2.3-.5.3-.7s-.1-.5-.3-.7c-.2-.2-.4-.3-.7-.3h-11c-.3 0-.5.1-.7.3-.2.2-.3.5-.3.7s.1.5.3.7z\"\/><\/svg><\/span><\/span><\/span><\/a><\/span><\/div>\n<nav><ul class='ez-toc-list ez-toc-list-level-1 eztoc-toggle-hide-by-default' ><li class='ez-toc-page-1 ez-toc-heading-level-2'><a class=\"ez-toc-link ez-toc-heading-1\" href=\"https:\/\/coinkickoff.com\/et\/bitcoin-casino\/how-are-bitcoin-slots-different\/#Overview_of_Bitcoin_Slots\" >\u00dclevaade Bitcoin pesadest<\/a><ul class='ez-toc-list-level-3' ><li class='ez-toc-heading-level-3'><a class=\"ez-toc-link ez-toc-heading-2\" href=\"https:\/\/coinkickoff.com\/et\/bitcoin-casino\/how-are-bitcoin-slots-different\/#Definition_of_Bitcoin_Slots\" >Bitcoin pesade m\u00e4\u00e4ratlus<\/a><\/li><li class='ez-toc-page-1 ez-toc-heading-level-3'><a class=\"ez-toc-link ez-toc-heading-3\" href=\"https:\/\/coinkickoff.com\/et\/bitcoin-casino\/how-are-bitcoin-slots-different\/#Primary_Characteristics\" >Esmased omadused<\/a><\/li><li class='ez-toc-page-1 ez-toc-heading-level-3'><a class=\"ez-toc-link ez-toc-heading-4\" href=\"https:\/\/coinkickoff.com\/et\/bitcoin-casino\/how-are-bitcoin-slots-different\/#Comparison_with_Traditional_Slots\" >V\u00f5rdlus traditsiooniliste teenindusautomaatidega<\/a><\/li><\/ul><\/li><li class='ez-toc-page-1 ez-toc-heading-level-2'><a class=\"ez-toc-link ez-toc-heading-5\" href=\"https:\/\/coinkickoff.com\/et\/bitcoin-casino\/how-are-bitcoin-slots-different\/#Operational_Mechanisms\" >Operatiivsed mehhanismid<\/a><ul class='ez-toc-list-level-3' ><li class='ez-toc-heading-level-3'><a class=\"ez-toc-link ez-toc-heading-6\" href=\"https:\/\/coinkickoff.com\/et\/bitcoin-casino\/how-are-bitcoin-slots-different\/#Underlying_Technology\" >Aluseks olev tehnoloogia<\/a><\/li><li class='ez-toc-page-1 ez-toc-heading-level-3'><a class=\"ez-toc-link ez-toc-heading-7\" href=\"https:\/\/coinkickoff.com\/et\/bitcoin-casino\/how-are-bitcoin-slots-different\/#Random_Number_Generation\" >Juhuslike numbrite genereerimine<\/a><\/li><li class='ez-toc-page-1 ez-toc-heading-level-3'><a class=\"ez-toc-link ez-toc-heading-8\" href=\"https:\/\/coinkickoff.com\/et\/bitcoin-casino\/how-are-bitcoin-slots-different\/#Transaction_Process\" >Tehinguprotsess<\/a><\/li><\/ul><\/li><li class='ez-toc-page-1 ez-toc-heading-level-2'><a class=\"ez-toc-link ez-toc-heading-9\" href=\"https:\/\/coinkickoff.com\/et\/bitcoin-casino\/how-are-bitcoin-slots-different\/#User_Experience_and_Accessibility\" >Kasutajakogemus ja juurdep\u00e4\u00e4setavus<\/a><ul class='ez-toc-list-level-3' ><li class='ez-toc-heading-level-3'><a class=\"ez-toc-link ez-toc-heading-10\" href=\"https:\/\/coinkickoff.com\/et\/bitcoin-casino\/how-are-bitcoin-slots-different\/#Interface_and_Design_Differences\" >Kasutajaliidese ja disaini erinevused<\/a><\/li><li class='ez-toc-page-1 ez-toc-heading-level-3'><a class=\"ez-toc-link ez-toc-heading-11\" href=\"https:\/\/coinkickoff.com\/et\/bitcoin-casino\/how-are-bitcoin-slots-different\/#Payment_and_Withdrawal_Methods\" >Makse- ja v\u00e4ljav\u00f5tmismeetodid<\/a><\/li><li class='ez-toc-page-1 ez-toc-heading-level-3'><a class=\"ez-toc-link ez-toc-heading-12\" href=\"https:\/\/coinkickoff.com\/et\/bitcoin-casino\/how-are-bitcoin-slots-different\/#Anonymity_and_Security\" >Anon\u00fc\u00fcmsus ja turvalisus<\/a><\/li><\/ul><\/li><li class='ez-toc-page-1 ez-toc-heading-level-2'><a class=\"ez-toc-link ez-toc-heading-13\" href=\"https:\/\/coinkickoff.com\/et\/bitcoin-casino\/how-are-bitcoin-slots-different\/#Frequently_Asked_Questions\" >Korduma kippuvad k\u00fcsimused<\/a><ul class='ez-toc-list-level-3' ><li class='ez-toc-heading-level-3'><a class=\"ez-toc-link ez-toc-heading-14\" href=\"https:\/\/coinkickoff.com\/et\/bitcoin-casino\/how-are-bitcoin-slots-different\/#What_advantages_do_Bitcoin_slots_offer_over_traditional_slot_machines\" >Milliseid eeliseid pakuvad Bitcoin teenindusautomaadid traditsiooniliste m\u00e4nguautomaatide ees?<\/a><\/li><li class='ez-toc-page-1 ez-toc-heading-level-3'><a class=\"ez-toc-link ez-toc-heading-15\" href=\"https:\/\/coinkickoff.com\/et\/bitcoin-casino\/how-are-bitcoin-slots-different\/#How_do_crypto-based_slot_games_ensure_fairness\" >Kuidas tagavad kr\u00fcptop\u00f5hised slotim\u00e4ngud \u00f5igluse?<\/a><\/li><li class='ez-toc-page-1 ez-toc-heading-level-3'><a class=\"ez-toc-link ez-toc-heading-16\" href=\"https:\/\/coinkickoff.com\/et\/bitcoin-casino\/how-are-bitcoin-slots-different\/#Can_players_use_Bitcoin_on_all_online_slot_platforms\" >Kas m\u00e4ngijad saavad Bitcoin kasutada k\u00f5ikidel online-m\u00e4nguautomaatide platvormidel?<\/a><\/li><li class='ez-toc-page-1 ez-toc-heading-level-3'><a class=\"ez-toc-link ez-toc-heading-17\" href=\"https:\/\/coinkickoff.com\/et\/bitcoin-casino\/how-are-bitcoin-slots-different\/#What_are_the_legal_implications_of_using_Bitcoin_for_gambling\" >Millised on \u00f5iguslikud tagaj\u00e4rjed, kui Bitcoin kasutatakse hasartm\u00e4ngude korraldamiseks?<\/a><\/li><li class='ez-toc-page-1 ez-toc-heading-level-3'><a class=\"ez-toc-link ez-toc-heading-18\" href=\"https:\/\/coinkickoff.com\/et\/bitcoin-casino\/how-are-bitcoin-slots-different\/#Why_might_Bitcoin_slots_offer_more_privacy_than_regular_slots\" >Miks v\u00f5ivad Bitcoin teenindusajad pakkuda rohkem privaatsust kui tavalised teenindusajad?<\/a><\/li><li class='ez-toc-page-1 ez-toc-heading-level-3'><a class=\"ez-toc-link ez-toc-heading-19\" href=\"https:\/\/coinkickoff.com\/et\/bitcoin-casino\/how-are-bitcoin-slots-different\/#In_what_ways_can_the_payouts_differ_between_Bitcoin_slots_and_conventional_slots\" >Mille poolest v\u00f5ivad v\u00e4ljamaksed Bitcoin teenindusautomaatide ja tavaliste teenindusautomaatide vahel erineda?<\/a><\/li><\/ul><\/li><\/ul><\/nav><\/div>\n<h2><span class=\"ez-toc-section\" id=\"Overview_of_Bitcoin_Slots\"><\/span>\u00dclevaade Bitcoin pesadest<span class=\"ez-toc-section-end\"><\/span><\/h2>\n<p><img decoding=\"async\" src=\"https:\/\/coinkickoff.com\/wp-content\/uploads\/v2-3dh2w-v0uhq.jpg\" alt=\"\"><\/p>\n<p><a href=\"https:\/\/coinkickoff.com\/et\/bitcoin-casino\/how-to-play-crypto-slots\/\" data-internallinksmanager029f6b8e52c=\"205\" title=\"Kuidas m\u00e4ngida kr\u00fcpto Slots: Sinu samm-sammult juhend\">Bitcoin pesad<\/a> integreerida kr\u00fcptoraha kasutamine panustamise ja tehingute tegemiseks, pakkudes slotim\u00e4ngudele kaasaegset v\u00e4\u00e4net.<\/p>\n<h3><span class=\"ez-toc-section\" id=\"Definition_of_Bitcoin_Slots\"><\/span>Bitcoin pesade m\u00e4\u00e4ratlus<span class=\"ez-toc-section-end\"><\/span><\/h3>\n<p>Bitcoin teenindusajad on kasiino slotim\u00e4ngud, mis t\u00f6\u00f6tavad Bitcoin valuutaga. Need teenindusajad asuvad veebiplatvormidel, mis toetavad plokiahela tehnoloogiat ja on m\u00f5eldud spetsiaalselt kr\u00fcptovaluuta kasutajatele.<\/p>\n<h3><span class=\"ez-toc-section\" id=\"Primary_Characteristics\"><\/span>Esmased omadused<span class=\"ez-toc-section-end\"><\/span><\/h3>\n<p><strong>Detsentraliseerimine<\/strong>: Bitcoin teenindusajad toimivad detsentraliseeritud v\u00f5rgus, mis on vaba traditsioonilistest panganduss\u00fcsteemidest.<br \/>\n<strong>Privaatsus<\/strong>: Kasutajad naudivad suuremat privaatsust, kuna isikuandmed ei ole seotud tehingutega.<br \/>\n<strong>T\u00f5en\u00e4oliselt \u00f5iglane<\/strong>: Need sisaldavad t\u00f5estatavalt \u00f5iglasi algoritme, mis v\u00f5imaldavad m\u00e4ngijatel kontrollida iga spinni \u00f5iglust s\u00f5ltumatult.<br \/>\n<strong>Kiired tehingud<\/strong>: Sissemaksed ja v\u00e4ljamaksed kipuvad olema kiiremad kui traditsiooniline valuuta t\u00e4nu plokiahela olemusele.<br \/>\n<strong>Eksklusiivsed boonused<\/strong>: M\u00f5ned Bitcoin teenindusajad pakuvad kr\u00fcptovaluutaga m\u00e4ngivatele kasutajatele eriboonuseid.<\/p>\n<h3><span class=\"ez-toc-section\" id=\"Comparison_with_Traditional_Slots\"><\/span>V\u00f5rdlus traditsiooniliste teenindusautomaatidega<span class=\"ez-toc-section-end\"><\/span><\/h3>\n<ul>\n<li><strong>Valuuta<\/strong>: Traditsioonilised teenindusajad kasutavad fiat-valuutat, Bitcoin teenindusajad kasutavad kr\u00fcptovaluutat.<\/li>\n<li><strong>Maksete t\u00f6\u00f6tlemine<\/strong>: Traditsioonilised teenindusajad tuginevad standardsetele pangandusmeetoditele; Bitcoin teenindusajad kasutavad plokiahelat, mis v\u00f5ib viia kiiremate t\u00f6\u00f6tlemisaegadeni.<\/li>\n<li><strong>M\u00e4\u00e4rus<\/strong>: Bitcoin teenindusajad v\u00f5ivad kr\u00fcptoraha detsentraliseeritud olemuse t\u00f5ttu olla erinevad regulatsioonid.<\/li>\n<\/ul>\n<h2><span class=\"ez-toc-section\" id=\"Operational_Mechanisms\"><\/span>Operatiivsed mehhanismid<span class=\"ez-toc-section-end\"><\/span><\/h2>\n<p><img decoding=\"async\" src=\"https:\/\/coinkickoff.com\/wp-content\/uploads\/v2-3dh39-38urg.jpg\" alt=\"\"><\/p>\n<p>Bitcoin teenindusajad kasutavad selgelt \u00e4ra kr\u00fcptoraha tehnoloogilist v\u00f5imekust, samas kui tavalised teenindusajad on traditsiooniliselt seotud fiat-valuutadega. Need tegevuslikud erinevused r\u00f5hutavad Bitcoin teenindusaegade ainulaadsust hasartm\u00e4ngut\u00f6\u00f6stuses.<\/p>\n<h3><span class=\"ez-toc-section\" id=\"Underlying_Technology\"><\/span>Aluseks olev tehnoloogia<span class=\"ez-toc-section-end\"><\/span><\/h3>\n<p>Bitcoin teenindusajad t\u00f6\u00f6tavad <strong>plokiahela tehnoloogia<\/strong>, tagades l\u00e4bipaistvuse ja muutumatuse. Tehingud nendes teenindusajades salvestatakse hajutatud <a href=\"https:\/\/coinkickoff.com\/et\/what-is-ledger-wallet\/\" data-internallinksmanager029f6b8e52c=\"167\" title=\"Ledger Wallet Arvamused 2023: Tasud, omadused, turvalisus, plussid ja miinused\">pearaamat<\/a>, mis on k\u00f5igile n\u00e4htav, kuid mida keegi ei saa muuta, mis soodustab suurt usaldust. Tavalised teenindusajad seevastu tuginevad eraserverites hoitavale m\u00e4ngutarkvarale, kus m\u00e4ngijad peavad usaldama kasiino maine \u00f5igluse ja turvalisuse osas.<\/p>\n<h3><span class=\"ez-toc-section\" id=\"Random_Number_Generation\"><\/span>Juhuslike numbrite genereerimine<span class=\"ez-toc-section-end\"><\/span><\/h3>\n<p>Nii Bitcoin kui ka tavalised teenindusajad kasutavad <strong>Juhusliku arvu generaatorid (RNG)<\/strong> tagamaks, et iga spinni tulemus on t\u00e4iesti juhuslik. Siiski kasutavad Bitcoin teenindusajad sageli <strong>t\u00f5estatavalt \u00f5iglased algoritmid<\/strong>, mis v\u00f5imaldab m\u00e4ngijatel s\u00f5ltumatult kontrollida iga tulemuse juhuslikkust. See erineb tavalistest teenindusautomaatidest, mis kasutavad s\u00f5ltumatu firma poolt \u00f5igluse tagamiseks auditeeritud RNG-d.<\/p>\n<ul>\n<li><strong>T\u00f5endatavalt \u00f5iglane algoritm<\/strong>: Kr\u00fcptograafiline meetod, mis tagab m\u00e4ngu \u00f5igluse.<\/li>\n<li><strong>Omane maapealne maapealne maapealne maapealne kood<\/strong>: Suletud s\u00fcsteemid, mida kasutatakse tavalistes teenindusaegades ja mille suhtes kohaldatakse auditeid.<\/li>\n<\/ul>\n<h3><span class=\"ez-toc-section\" id=\"Transaction_Process\"><\/span>Tehinguprotsess<span class=\"ez-toc-section-end\"><\/span><\/h3>\n<p>Tehinguprotsess Bitcoin teenindusruumides on oluliselt erinev, pakkudes <strong>kohesed, vastastikused tehingud<\/strong> mis v\u00f5imaldavad m\u00e4ngijatel peaaegu koheselt sisse maksta ja v\u00e4lja v\u00f5tta.<\/p>\n<ul>\n<li><strong>Hoiused<\/strong>: Saadetakse otse m\u00e4ngija Bitcoin rahakotist kasiino rahakotti.<\/li>\n<li><strong>V\u00e4ljav\u00f5tmised<\/strong>: \u00dclekandmine tagasi m\u00e4ngija rahakotti, sageli ilma pangandusasutuse heakskiiduta.<\/li>\n<\/ul>\n<p>Tavalised teenindusajad seevastu h\u00f5lmavad panku v\u00f5i muid finantsvahendajaid, kes v\u00f5ivad tehinguid viivitada t\u00f6\u00f6tlemisaegade ja lisatasudega.<\/p>\n<h2><span class=\"ez-toc-section\" id=\"User_Experience_and_Accessibility\"><\/span>Kasutajakogemus ja juurdep\u00e4\u00e4setavus<span class=\"ez-toc-section-end\"><\/span><\/h2>\n<p><img decoding=\"async\" src=\"https:\/\/coinkickoff.com\/wp-content\/uploads\/v2-3dh3q-bmbhr.jpg\" alt=\"\"><\/p>\n<p>Bitcoin teenindusajad on muutnud kasutajate suhtlust ja ligip\u00e4\u00e4setavust online-m\u00e4ngudes erinevate liideste, makseviiside ja t\u00e4iustatud privaatsuse kaudu.<\/p>\n<h3><span class=\"ez-toc-section\" id=\"Interface_and_Design_Differences\"><\/span>Kasutajaliidese ja disaini erinevused<span class=\"ez-toc-section-end\"><\/span><\/h3>\n<p>Bitcoin teenindusajad on sageli <strong>kaasaegne ja intuitiivne kasutajaliides<\/strong>, veebidisaini suundumuste omaksv\u00f5tmine. M\u00e4ngijad v\u00f5ivad kohtuda interaktiivsete elementidega nagu:<\/p>\n<ul>\n<li>Edusammude j\u00e4lgimine boonuste jaoks.<\/li>\n<li>Reaalajas <a href=\"https:\/\/coinkickoff.com\/et\/crypto-exchanges\/\" data-internallinksmanager029f6b8e52c=\"141\" title=\"21 Parimad kr\u00fcptovaluuta vahetused ja rakendused aastal 2024\">kr\u00fcptovaluutavahetus<\/a> m\u00e4\u00e4rad.<\/li>\n<\/ul>\n<p>Regulaarsed teenindusajad kipuvad <a href=\"https:\/\/coinkickoff.com\/et\/uphold-review\/\" data-internallinksmanager029f6b8e52c=\"156\" title=\"Uphold Arvamused 2023: Tasud, omadused, turvalisus, plussid ja miinused\">toetada<\/a> a <strong>klassikaline disaini eetos<\/strong>, mille kasutajaliidesed seavad esikohale tuttavlikkuse ja lihtsuse, n\u00e4iteks staatilised jackpoti ekraanid.<\/p>\n<h3><span class=\"ez-toc-section\" id=\"Payment_and_Withdrawal_Methods\"><\/span>Makse- ja v\u00e4ljav\u00f5tmismeetodid<span class=\"ez-toc-section-end\"><\/span><\/h3>\n<table>\n<thead>\n<tr>\n<th>Meetod<\/th>\n<th>Bitcoin teenindusajad<\/th>\n<th>Tavalised teenindusajad<\/th>\n<\/tr>\n<\/thead>\n<tbody>\n<tr>\n<td>Hoiused<\/td>\n<td>Otse kr\u00fcpto rahakottidest, peaaegu koheselt.<\/td>\n<td>Pangakaartide, e-rahakottide v\u00f5i panga\u00fclekannete kaudu, mille t\u00f6\u00f6tlemisaeg on erinev.<\/td>\n<\/tr>\n<tr>\n<td>V\u00e4ljav\u00f5tmised<\/td>\n<td>Tavaliselt t\u00f6\u00f6deldakse minutite kuni tundide jooksul.<\/td>\n<td>V\u00f5ivad v\u00f5tta p\u00e4evi ja sageli on neil minimaalsed v\u00e4ljav\u00f5ttepiirangud.<\/td>\n<\/tr>\n<\/tbody>\n<\/table>\n<p>Bitcoin pesa platvormid pakuvad \u00fcldiselt <strong>h\u00f5\u00f5rdumisvabad tehingud<\/strong> plokiahela tehnoloogia olemuse t\u00f5ttu.<\/p>\n<h3><span class=\"ez-toc-section\" id=\"Anonymity_and_Security\"><\/span>Anon\u00fc\u00fcmsus ja turvalisus<span class=\"ez-toc-section-end\"><\/span><\/h3>\n<p>Bitcoin teenindusajad, m\u00e4ngijad naudivad suuremat <strong>anon\u00fc\u00fcmsus<\/strong>. Nad:<\/p>\n<ul>\n<li>ei pea jagama nii palju isikuandmeid.<\/li>\n<li>Kasuta \u00e4ra plokiahela tehnoloogiale omaseid turvaomadusi.<\/li>\n<\/ul>\n<p>Regulaarsed teenindusajad peavad seevastu j\u00e4rgima rangeid <strong>reguleerimise ja kontrollimise protsessid<\/strong>, mis sageli n\u00f5uab kasutajatelt \u00fcksikasjalikke isikuandmeid.<\/p>\n<h2><span class=\"ez-toc-section\" id=\"Frequently_Asked_Questions\"><\/span>Korduma kippuvad k\u00fcsimused<span class=\"ez-toc-section-end\"><\/span><\/h2>\n<p><img decoding=\"async\" src=\"https:\/\/coinkickoff.com\/wp-content\/uploads\/v2-3dh42-3zxyj.jpg\" alt=\"\"><\/p>\n<p>Selles jaotises k\u00e4sitletakse tavalisi p\u00e4ringuid Bitcoin teenindusautomaatide ja traditsiooniliste slotim\u00e4ngude erinevuste kohta, keskendudes sellistele aspektidele nagu eelised, \u00f5iglus, ligip\u00e4\u00e4setavus, \u00f5iguslikud kaalutlused, privaatsus ja v\u00e4ljamaksete erinevused.<\/p>\n<h3><span class=\"ez-toc-section\" id=\"What_advantages_do_Bitcoin_slots_offer_over_traditional_slot_machines\"><\/span>Milliseid eeliseid pakuvad Bitcoin teenindusautomaadid traditsiooniliste m\u00e4nguautomaatide ees?<span class=\"ez-toc-section-end\"><\/span><\/h3>\n<p>Bitcoin teenindusajad pakuvad kasutajatele tavaliselt suuremat privaatsust, kuna nad ei n\u00f5ua alati tehingute tegemiseks isikuandmeid. Samuti pakuvad need traditsiooniliste pangameetoditega v\u00f5rreldes kiiremaid tehinguaegu, kuna Bitcoin-tehinguid saab kiiresti t\u00f6\u00f6delda ilma keskasutuse vajaduseta.<\/p>\n<h3><span class=\"ez-toc-section\" id=\"How_do_crypto-based_slot_games_ensure_fairness\"><\/span>Kuidas tagavad kr\u00fcptop\u00f5hised slotim\u00e4ngud \u00f5igluse?<span class=\"ez-toc-section-end\"><\/span><\/h3>\n<p>Kr\u00fcptop\u00f5hised slotim\u00e4ngud kasutavad sageli t\u00f5estatavalt \u00f5iglasi algoritme, mis v\u00f5imaldavad m\u00e4ngijatel kontrollida iga spinni \u00f5iglust s\u00f5ltumatult. See s\u00fcsteem tagab l\u00e4bipaistvuse, kasutades kr\u00fcptograafilisi meetodeid, et n\u00e4idata, et m\u00e4ngu tulemusega ei ole manipuleeritud.<\/p>\n<h3><span class=\"ez-toc-section\" id=\"Can_players_use_Bitcoin_on_all_online_slot_platforms\"><\/span>Kas m\u00e4ngijad saavad Bitcoin kasutada k\u00f5ikidel online-m\u00e4nguautomaatide platvormidel?<span class=\"ez-toc-section-end\"><\/span><\/h3>\n<p>Mitte k\u00f5ik veebip\u00f5hised m\u00e4nguplatvormid ei aktsepteeri Bitcoin. Kuigi kr\u00fcptovaluutasid toetavate platvormide arv kasvab, peavad m\u00e4ngijad kontrollima iga saidi maksev\u00f5imalusi, et teha kindlaks, kas Bitcoin on aktsepteeritud.<\/p>\n<h3><span class=\"ez-toc-section\" id=\"What_are_the_legal_implications_of_using_Bitcoin_for_gambling\"><\/span>Millised on \u00f5iguslikud tagaj\u00e4rjed, kui Bitcoin kasutatakse hasartm\u00e4ngude korraldamiseks?<span class=\"ez-toc-section-end\"><\/span><\/h3>\n<p>Bitcoin kasutamise \u00f5iguslik m\u00f5ju hasartm\u00e4ngude korraldamisel on jurisdiktsiooniti erinev. M\u00e4ngijad vastutavad oma kohalike seaduste m\u00f5istmise ja j\u00e4rgimise eest seoses online-hasartm\u00e4ngude ja kr\u00fcptoraha kasutamisega.<\/p>\n<h3><span class=\"ez-toc-section\" id=\"Why_might_Bitcoin_slots_offer_more_privacy_than_regular_slots\"><\/span>Miks v\u00f5ivad Bitcoin teenindusajad pakkuda rohkem privaatsust kui tavalised teenindusajad?<span class=\"ez-toc-section-end\"><\/span><\/h3>\n<p>Bitcoin teenindusajad v\u00f5ivad pakkuda rohkem privaatsust, sest Bitcoinga tehtavate tehingute puhul ei pea tingimata jagama isiklikke pangandusandmeid. See v\u00f5imaldab m\u00e4ngijatel m\u00e4ngida ilma, et nende tegevus oleks finantsasutustele kergesti j\u00e4lgitav.<\/p>\n<h3><span class=\"ez-toc-section\" id=\"In_what_ways_can_the_payouts_differ_between_Bitcoin_slots_and_conventional_slots\"><\/span>Mille poolest v\u00f5ivad v\u00e4ljamaksed Bitcoin teenindusautomaatide ja tavaliste teenindusautomaatide vahel erineda?<span class=\"ez-toc-section-end\"><\/span><\/h3>\n<p>V\u00e4ljamaksed Bitcoin teenindusajad v\u00f5ivad olla m\u00e4rkimisv\u00e4\u00e4rsemad t\u00e4nu kr\u00fcptovaluutatehingute potentsiaalselt madalamatele tegevuskuludele. Lisaks pakuvad m\u00f5ned Bitcoin teenindusajad unikaalseid kr\u00fcptovaluutas makstavaid jackpoteid, mille v\u00e4\u00e4rtus v\u00f5ib k\u00f5ikuda, suurendades m\u00f5nikord v\u00e4ljamakse v\u00e4\u00e4rtust fiatvaluutas.<\/p>","protected":false},"excerpt":{"rendered":"<p>Vastutusest loobumine: Hasartm\u00e4ngudega kaasneb m\u00e4rkimisv\u00e4\u00e4rne rahaline risk. Palun m\u00e4ngige ainult sellise rahaga, mille kaotamist v\u00f5ite endale lubada. Allpool esitatud teave on ainult teavitamise eesm\u00e4rgil. Meile v\u00f5idakse maksta komisjonitasu, kui registreerute ja kaotate raha m\u00f5nes j\u00e4rgmises kasiinos. K\u00f5ik kasiinod ei ole k\u00f5igis riikides saadaval. Kogu teave, mida me [...]<\/p>","protected":false},"author":1,"featured_media":4631,"parent":4440,"menu_order":0,"comment_status":"closed","ping_status":"closed","template":"","meta":{"_genesis_hide_title":false,"_genesis_hide_breadcrumbs":false,"_genesis_hide_singular_image":false,"_genesis_hide_footer_widgets":false,"_genesis_custom_body_class":"","_genesis_custom_post_class":"","_genesis_layout":"","_glsr_average":0,"_glsr_ranking":0,"_glsr_reviews":0,"footnotes":""},"class_list":{"0":"post-4628","1":"page","2":"type-page","3":"status-publish","4":"has-post-thumbnail","6":"entry"},"featured_image_src":"https:\/\/coinkickoff.com\/wp-content\/uploads\/v2-3dh3q-bmbhr-600x400.jpg","featured_image_src_square":"https:\/\/coinkickoff.com\/wp-content\/uploads\/v2-3dh3q-bmbhr-600x600.jpg","_links":{"self":[{"href":"https:\/\/coinkickoff.com\/et\/wp-json\/wp\/v2\/pages\/4628","targetHints":{"allow":["GET"]}}],"collection":[{"href":"https:\/\/coinkickoff.com\/et\/wp-json\/wp\/v2\/pages"}],"about":[{"href":"https:\/\/coinkickoff.com\/et\/wp-json\/wp\/v2\/types\/page"}],"author":[{"embeddable":true,"href":"https:\/\/coinkickoff.com\/et\/wp-json\/wp\/v2\/users\/1"}],"replies":[{"embeddable":true,"href":"https:\/\/coinkickoff.com\/et\/wp-json\/wp\/v2\/comments?post=4628"}],"version-history":[{"count":3,"href":"https:\/\/coinkickoff.com\/et\/wp-json\/wp\/v2\/pages\/4628\/revisions"}],"predecessor-version":[{"id":4635,"href":"https:\/\/coinkickoff.com\/et\/wp-json\/wp\/v2\/pages\/4628\/revisions\/4635"}],"up":[{"embeddable":true,"href":"https:\/\/coinkickoff.com\/et\/wp-json\/wp\/v2\/pages\/4440"}],"wp:featuredmedia":[{"embeddable":true,"href":"https:\/\/coinkickoff.com\/et\/wp-json\/wp\/v2\/media\/4631"}],"wp:attachment":[{"href":"https:\/\/coinkickoff.com\/et\/wp-json\/wp\/v2\/media?parent=4628"}],"curies":[{"name":"wp","href":"https:\/\/api.w.org\/{rel}","templated":true}]}}