{"id":4605,"date":"2026-01-08T14:07:58","date_gmt":"2026-01-08T14:07:58","guid":{"rendered":"https:\/\/coinkickoff.com\/?page_id=4605"},"modified":"2026-01-08T14:07:58","modified_gmt":"2026-01-08T14:07:58","slug":"how-is-bitcoin-poker-different","status":"publish","type":"page","link":"https:\/\/coinkickoff.com\/et\/bitcoin-casino\/how-is-bitcoin-poker-different\/","title":{"rendered":"Kuidas erineb Bitcoin pokker online-pokkerist?"},"content":{"rendered":"<p><em>Vastutusest loobumine: Hasartm\u00e4ngudega kaasneb m\u00e4rkimisv\u00e4\u00e4rne rahaline risk. Palun m\u00e4ngige ainult sellise rahaga, mille kaotamist v\u00f5ite endale lubada. Allpool esitatud teave on ainult teavitamise eesm\u00e4rgil. Meile v\u00f5idakse maksta komisjonitasu, kui te registreerute ja kaotate raha m\u00f5nel j\u00e4rgneval m\u00e4ngul <a href=\"https:\/\/coinkickoff.com\/et\/bitcoin-casino\/\" data-internallinksmanager029f6b8e52c=\"200\" title=\"3 parimat Bitcoin kr\u00fcptokassot koos boonustega\">kasiinod<\/a>. K\u00f5ik kasiinod ei ole k\u00f5igis riikides saadaval. Kogu teave on meie arvates avaldamise ajal \u00f5ige, kuid see v\u00f5ib vahepeal muutunud olla.<\/em><\/p>\n<div id=\"ez-toc-container\" class=\"ez-toc-v2_0_80 counter-hierarchy ez-toc-counter ez-toc-transparent ez-toc-container-direction\">\n<div class=\"ez-toc-title-container\">\n<p class=\"ez-toc-title\" style=\"cursor:inherit\">Jaotised<\/p>\n<span class=\"ez-toc-title-toggle\"><a href=\"#\" class=\"ez-toc-pull-right ez-toc-btn ez-toc-btn-xs ez-toc-btn-default ez-toc-toggle\" aria-label=\"Sisukorra vaheldumine\"><span class=\"ez-toc-js-icon-con\"><span class=\"\"><span class=\"eztoc-hide\" style=\"display:none;\">Toggle<\/span><span class=\"ez-toc-icon-toggle-span\"><svg style=\"fill: #999;color:#999\" xmlns=\"http:\/\/www.w3.org\/2000\/svg\" class=\"list-377408\" width=\"20px\" height=\"20px\" viewbox=\"0 0 24 24\" fill=\"none\"><path d=\"M6 6H4v2h2V6zm14 0H8v2h12V6zM4 11h2v2H4v-2zm16 0H8v2h12v-2zM4 16h2v2H4v-2zm16 0H8v2h12v-2z\" fill=\"currentColor\"><\/path><\/svg><svg style=\"fill: #999;color:#999\" class=\"arrow-unsorted-368013\" xmlns=\"http:\/\/www.w3.org\/2000\/svg\" width=\"10px\" height=\"10px\" viewbox=\"0 0 24 24\" version=\"1.2\" baseprofile=\"tiny\"><path d=\"M18.2 9.3l-6.2-6.3-6.2 6.3c-.2.2-.3.4-.3.7s.1.5.3.7c.2.2.4.3.7.3h11c.3 0 .5-.1.7-.3.2-.2.3-.5.3-.7s-.1-.5-.3-.7zM5.8 14.7l6.2 6.3 6.2-6.3c.2-.2.3-.5.3-.7s-.1-.5-.3-.7c-.2-.2-.4-.3-.7-.3h-11c-.3 0-.5.1-.7.3-.2.2-.3.5-.3.7s.1.5.3.7z\"\/><\/svg><\/span><\/span><\/span><\/a><\/span><\/div>\n<nav><ul class='ez-toc-list ez-toc-list-level-1 eztoc-toggle-hide-by-default' ><li class='ez-toc-page-1 ez-toc-heading-level-2'><a class=\"ez-toc-link ez-toc-heading-1\" href=\"https:\/\/coinkickoff.com\/et\/bitcoin-casino\/how-is-bitcoin-poker-different\/#Understanding_Bitcoin_Poker\" >Bitcoin pokkeri m\u00f5istmine<\/a><ul class='ez-toc-list-level-3' ><li class='ez-toc-heading-level-3'><a class=\"ez-toc-link ez-toc-heading-2\" href=\"https:\/\/coinkickoff.com\/et\/bitcoin-casino\/how-is-bitcoin-poker-different\/#Definition_and_Concept_of_Bitcoin_Poker\" >Bitcoin pokkeri m\u00f5iste ja kontseptsioon<\/a><\/li><li class='ez-toc-page-1 ez-toc-heading-level-3'><a class=\"ez-toc-link ez-toc-heading-3\" href=\"https:\/\/coinkickoff.com\/et\/bitcoin-casino\/how-is-bitcoin-poker-different\/#Key_Differences_Between_Bitcoin_Poker_and_Online_Poker\" >Peamised erinevused Bitcoin Pokeri ja online-pokkeri vahel<\/a><\/li><li class='ez-toc-page-1 ez-toc-heading-level-3'><a class=\"ez-toc-link ez-toc-heading-4\" href=\"https:\/\/coinkickoff.com\/et\/bitcoin-casino\/how-is-bitcoin-poker-different\/#The_Role_of_Cryptocurrency_in_Poker\" >Kr\u00fcptoraha roll pokkeris<\/a><\/li><\/ul><\/li><li class='ez-toc-page-1 ez-toc-heading-level-2'><a class=\"ez-toc-link ez-toc-heading-5\" href=\"https:\/\/coinkickoff.com\/et\/bitcoin-casino\/how-is-bitcoin-poker-different\/#The_Gameplay_Experience\" >M\u00e4ngukogemus<\/a><ul class='ez-toc-list-level-3' ><li class='ez-toc-heading-level-3'><a class=\"ez-toc-link ez-toc-heading-6\" href=\"https:\/\/coinkickoff.com\/et\/bitcoin-casino\/how-is-bitcoin-poker-different\/#Account_Funding_and_Withdrawals\" >Konto rahastamine ja v\u00e4ljav\u00f5tmine<\/a><\/li><li class='ez-toc-page-1 ez-toc-heading-level-3'><a class=\"ez-toc-link ez-toc-heading-7\" href=\"https:\/\/coinkickoff.com\/et\/bitcoin-casino\/how-is-bitcoin-poker-different\/#Anonymity_and_Security_Features\" >Anon\u00fc\u00fcmsus ja turvaelemendid<\/a><\/li><li class='ez-toc-page-1 ez-toc-heading-level-3'><a class=\"ez-toc-link ez-toc-heading-8\" href=\"https:\/\/coinkickoff.com\/et\/bitcoin-casino\/how-is-bitcoin-poker-different\/#Poker_Variants_and_Software_Differences\" >Pokkerivariandid ja tarkvara erinevused<\/a><\/li><\/ul><\/li><li class='ez-toc-page-1 ez-toc-heading-level-2'><a class=\"ez-toc-link ez-toc-heading-9\" href=\"https:\/\/coinkickoff.com\/et\/bitcoin-casino\/how-is-bitcoin-poker-different\/#Regulatory_and_Legal_Landscape\" >Regulatiivne ja \u00f5iguslik raamistik<\/a><ul class='ez-toc-list-level-3' ><li class='ez-toc-heading-level-3'><a class=\"ez-toc-link ez-toc-heading-10\" href=\"https:\/\/coinkickoff.com\/et\/bitcoin-casino\/how-is-bitcoin-poker-different\/#Jurisdictional_Variations_in_Bitcoin_Poker\" >Jurisdiktsioonilised erinevused Bitcoin pokkeris<\/a><\/li><li class='ez-toc-page-1 ez-toc-heading-level-3'><a class=\"ez-toc-link ez-toc-heading-11\" href=\"https:\/\/coinkickoff.com\/et\/bitcoin-casino\/how-is-bitcoin-poker-different\/#Legal_Implications_for_Players_and_Operators\" >\u00d5iguslikud tagaj\u00e4rjed m\u00e4ngijatele ja operaatoritele<\/a><\/li><li class='ez-toc-page-1 ez-toc-heading-level-3'><a class=\"ez-toc-link ez-toc-heading-12\" href=\"https:\/\/coinkickoff.com\/et\/bitcoin-casino\/how-is-bitcoin-poker-different\/#Compliance_and_Fair_Play_Standards\" >Vastavus ja ausa m\u00e4ngu standardid<\/a><\/li><\/ul><\/li><li class='ez-toc-page-1 ez-toc-heading-level-2'><a class=\"ez-toc-link ez-toc-heading-13\" href=\"https:\/\/coinkickoff.com\/et\/bitcoin-casino\/how-is-bitcoin-poker-different\/#Frequently_Asked_Questions\" >Korduma kippuvad k\u00fcsimused<\/a><ul class='ez-toc-list-level-3' ><li class='ez-toc-heading-level-3'><a class=\"ez-toc-link ez-toc-heading-14\" href=\"https:\/\/coinkickoff.com\/et\/bitcoin-casino\/how-is-bitcoin-poker-different\/#What_are_the_advantages_of_playing_poker_using_Bitcoin\" >Millised on Bitcoin abil pokkeri m\u00e4ngimise eelised?<\/a><\/li><li class='ez-toc-page-1 ez-toc-heading-level-3'><a class=\"ez-toc-link ez-toc-heading-15\" href=\"https:\/\/coinkickoff.com\/et\/bitcoin-casino\/how-is-bitcoin-poker-different\/#Can_Bitcoin_transactions_affect_the_speed_of_online_poker_play\" >Kas Bitcoin tehingud v\u00f5ivad m\u00f5jutada online-pokkerim\u00e4ngu kiirust?<\/a><\/li><li class='ez-toc-page-1 ez-toc-heading-level-3'><a class=\"ez-toc-link ez-toc-heading-16\" href=\"https:\/\/coinkickoff.com\/et\/bitcoin-casino\/how-is-bitcoin-poker-different\/#Are_there_any_legal_differences_in_playing_poker_with_Bitcoin_versus_traditional_currencies\" >Kas Bitcoin-ga pokkerit m\u00e4ngides on mingeid \u00f5iguslikke erinevusi v\u00f5rreldes traditsiooniliste valuutadega?<\/a><\/li><li class='ez-toc-page-1 ez-toc-heading-level-3'><a class=\"ez-toc-link ez-toc-heading-17\" href=\"https:\/\/coinkickoff.com\/et\/bitcoin-casino\/how-is-bitcoin-poker-different\/#How_does_provable_fairness_in_Bitcoin_poker_compare_to_regular_online_poker_games\" >Kuidas on t\u00f5estatav \u00f5iglus Bitcoin pokkeris v\u00f5rreldav tavaliste online-pokkerim\u00e4ngudega?<\/a><\/li><li class='ez-toc-page-1 ez-toc-heading-level-3'><a class=\"ez-toc-link ez-toc-heading-18\" href=\"https:\/\/coinkickoff.com\/et\/bitcoin-casino\/how-is-bitcoin-poker-different\/#Does_the_use_of_Bitcoin_offer_more_anonymity_in_online_poker\" >Kas Bitcoin kasutamine pakub online-pokkeris rohkem anon\u00fc\u00fcmsust?<\/a><\/li><li class='ez-toc-page-1 ez-toc-heading-level-3'><a class=\"ez-toc-link ez-toc-heading-19\" href=\"https:\/\/coinkickoff.com\/et\/bitcoin-casino\/how-is-bitcoin-poker-different\/#What_impact_does_cryptocurrency_volatility_have_on_Bitcoin_poker_stakes\" >Millist m\u00f5ju avaldab kr\u00fcptoraha volatiilsus Bitcoin pokkeripanustele?<\/a><\/li><\/ul><\/li><\/ul><\/nav><\/div>\n<h2><span class=\"ez-toc-section\" id=\"Understanding_Bitcoin_Poker\"><\/span>Bitcoin pokkeri m\u00f5istmine<span class=\"ez-toc-section-end\"><\/span><\/h2>\n<p><img decoding=\"async\" src=\"https:\/\/coinkickoff.com\/wp-content\/uploads\/v2-3dh0j-a3sgg.jpg\" alt=\"\"><\/p>\n<p><a href=\"https:\/\/coinkickoff.com\/et\/bitcoin-casino\/how-to-play-crypto-poker\/\" data-internallinksmanager029f6b8e52c=\"203\" title=\"Kuidas m\u00e4ngida kr\u00fcptopokkerit: Bitcoin kihlvedude meisterdamine\">Bitcoin pokker<\/a> integreerib klassikalise pokkerim\u00e4ngu kaasaegse plokiahela tehnoloogiaga, pakkudes ainulaadseid eeliseid, nagu suurem privaatsus ja kiiremad tehingud.<\/p>\n<h3><span class=\"ez-toc-section\" id=\"Definition_and_Concept_of_Bitcoin_Poker\"><\/span>Bitcoin pokkeri m\u00f5iste ja kontseptsioon<span class=\"ez-toc-section-end\"><\/span><\/h3>\n<p>Bitcoin Poker viitab online-pokkeri versioonile, mis kasutab hoiuste, panuste ja v\u00e4ljamaksete tegemise valuutana Bitcoin. Erinevalt traditsioonilistest online-pokkerim\u00e4ngudest, kus kasutatakse fiat-valuutat, t\u00f6\u00f6tab Bitcoin Poker digitaalse valuutaga, kasutades \u00e4ra plokiahela tehnoloogia detsentraliseerimise ja peer-to-peer-aspekti.<\/p>\n<h3><span class=\"ez-toc-section\" id=\"Key_Differences_Between_Bitcoin_Poker_and_Online_Poker\"><\/span>Peamised erinevused Bitcoin Pokeri ja online-pokkeri vahel<span class=\"ez-toc-section-end\"><\/span><\/h3>\n<p><strong>Anon\u00fc\u00fcmsus:<\/strong> \u00dcks peamisi erinevusi on anon\u00fc\u00fcmsuse tase, mida Bitcoin pakub. Traditsioonilised online-pokkerisaidid n\u00f5uavad sageli isiklikku finantsteavet, samas kui Bitcoin pokkerisaidid v\u00f5imaldavad kasutajatel m\u00e4ngida suhteliselt anon\u00fc\u00fcmselt.<\/p>\n<p><strong>Tehingu kiirus:<\/strong> Bitcoin tehingud v\u00f5ivad olla oluliselt kiiremad kui fiat-tehingud, mis toob m\u00e4ngijatele kaasa kiiremad hoiused ja v\u00e4ljamaksed.<\/p>\n<p><strong>Sisukorra erinevused:<\/strong><\/p>\n<table>\n<thead>\n<tr>\n<th>Funktsioon<\/th>\n<th>Bitcoin pokker<\/th>\n<th>Online pokker<\/th>\n<\/tr>\n<\/thead>\n<tbody>\n<tr>\n<td>Valuuta t\u00fc\u00fcp<\/td>\n<td>Kr\u00fcptoraha (Bitcoin)<\/td>\n<td>Fiat Valuuta (USD, EUR, <a href=\"https:\/\/coinkickoff.com\/et\/ethereum-classic-etc\/\" data-internallinksmanager029f6b8e52c=\"29\" title=\"Mis on Ethereum Classic (ETC) Kuidas see t\u00f6\u00f6tab ja kust seda osta?\">jne<\/a>.)<\/td>\n<\/tr>\n<tr>\n<td>Anon\u00fc\u00fcmsuse tase<\/td>\n<td>K\u00f5rge<\/td>\n<td>M\u00f5\u00f5dukas kuni madal<\/td>\n<\/tr>\n<tr>\n<td>Tehingu kiirus<\/td>\n<td>Kiire (minutit kuni tundi)<\/td>\n<td>Muutlik (tundidest p\u00e4evadeni)<\/td>\n<\/tr>\n<tr>\n<td>Finantsinformatsiooni n\u00f5ue<\/td>\n<td>Minimaalne<\/td>\n<td>Sageli ulatuslik<\/td>\n<\/tr>\n<\/tbody>\n<\/table>\n<h3><span class=\"ez-toc-section\" id=\"The_Role_of_Cryptocurrency_in_Poker\"><\/span>Kr\u00fcptoraha roll pokkeris<span class=\"ez-toc-section-end\"><\/span><\/h3>\n<p>Kr\u00fcptovaluutad nagu Bitcoin on muutnud online-pokkeri maastikku, pakkudes alternatiivseid vahendeid tehingute tegemiseks. Nad pakuvad detsentraliseeritud pokkerimajandust, nihutavad kontrolli \u00e4ra keskv\u00f5imult ja aitavad kaasa \u00fclemaailmse pokkerikogukonna loomisele, mis ei ole seotud traditsiooniliste pangandusreeglitega.<\/p>\n<h2><span class=\"ez-toc-section\" id=\"The_Gameplay_Experience\"><\/span>M\u00e4ngukogemus<span class=\"ez-toc-section-end\"><\/span><\/h2>\n<p><img decoding=\"async\" src=\"https:\/\/coinkickoff.com\/wp-content\/uploads\/v2-3dh10-d5088.jpg\" alt=\"\"><\/p>\n<p>Kuigi p\u00f5hiline pokkerim\u00e4ng j\u00e4\u00e4b sarnaseks, pakub Bitcoin pokker traditsioonilise online-pokkeriga v\u00f5rreldes teistsugust kogemust konto haldamise, privaatsuse ja tarkvara valikute osas.<\/p>\n<h3><span class=\"ez-toc-section\" id=\"Account_Funding_and_Withdrawals\"><\/span>Konto rahastamine ja v\u00e4ljav\u00f5tmine<span class=\"ez-toc-section-end\"><\/span><\/h3>\n<ul>\n<li><strong>Bitcoin Tehingud<\/strong>: M\u00e4ngijad rahastavad oma kontosid ja v\u00f5tavad v\u00e4lja <a href=\"https:\/\/coinkickoff.com\/et\/bitcoin-casino\/cash-in-bitcoin-casino-winnings\/\" data-internallinksmanager029f6b8e52c=\"211\" title=\"Kuidas Bitcoin kasiino v\u00f5idud sisse maksta: Samm-sammult juhend\">v\u00f5idud<\/a> kasutades Bitcoin, mis t\u00e4nu kr\u00fcptoraha detsentraliseeritud olemusele on sageli kiirem tehinguaeg.<\/li>\n<li><strong>Valuuta k\u00f5ikumised<\/strong>: Bitcoin v\u00e4\u00e4rtus v\u00f5ib olla volatiilne, mis t\u00e4hendab, et m\u00e4ngijate pangakontode v\u00e4\u00e4rtus v\u00f5ib k\u00f5ikuda s\u00f5ltumata nende pokkerim\u00e4ngu tulemuslikkusest.<\/li>\n<\/ul>\n<h3><span class=\"ez-toc-section\" id=\"Anonymity_and_Security_Features\"><\/span>Anon\u00fc\u00fcmsus ja turvaelemendid<span class=\"ez-toc-section-end\"><\/span><\/h3>\n<ul>\n<li><strong>Privaatsus<\/strong>: Bitcoin pokkeriplatvormid v\u00f5ivad pakkuda suuremat anon\u00fc\u00fcmsust, kuna isiklikku finantsteavet ei n\u00f5uta samamoodi nagu fiat-valuuta saitidel.<\/li>\n<li><strong>Turvameetmed<\/strong>: Tehingud on kaitstud plokiahela tehnoloogia abil, mis tagab l\u00e4bipaistva ja v\u00f5ltsimiskindla salvestuse k\u00f5igi \u00fclekannete kohta.<\/li>\n<\/ul>\n<h3><span class=\"ez-toc-section\" id=\"Poker_Variants_and_Software_Differences\"><\/span>Pokkerivariandid ja tarkvara erinevused<span class=\"ez-toc-section-end\"><\/span><\/h3>\n<ul>\n<li><strong>M\u00e4ngu mitmekesisus<\/strong>: M\u00f5ned Bitcoin pokkerisaidid v\u00f5ivad pakkuda unikaalseid pokkerivariante, mida traditsioonilistel platvormidel ei leidu.<\/li>\n<li><strong>Tarkvaraliidesed<\/strong>: Kasutajaliides ja kasutajakogemus v\u00f5ivad erineda, m\u00f5nikord pakuvad nad spetsiaalselt kr\u00fcptoraha kasutajatele m\u00f5eldud t\u00e4iustatud statistilisi vahendeid.<\/li>\n<\/ul>\n<h2><span class=\"ez-toc-section\" id=\"Regulatory_and_Legal_Landscape\"><\/span>Regulatiivne ja \u00f5iguslik raamistik<span class=\"ez-toc-section-end\"><\/span><\/h2>\n<p><img decoding=\"async\" src=\"https:\/\/coinkickoff.com\/wp-content\/uploads\/v2-3dh1d-kf9ye.jpg\" alt=\"\"><\/p>\n<p>Bitcoin-pokkeri regulatiivsed ja \u00f5iguslikud aspektid on kogu maailmas v\u00e4ga erinevad ning neil on erinevad tagaj\u00e4rjed nii m\u00e4ngijatele kui ka operaatoritele, kusjuures kehtivad ranged n\u00f5uetele vastavuse ja ausa m\u00e4ngu standardid.<\/p>\n<h3><span class=\"ez-toc-section\" id=\"Jurisdictional_Variations_in_Bitcoin_Poker\"><\/span>Jurisdiktsioonilised erinevused Bitcoin pokkeris<span class=\"ez-toc-section-end\"><\/span><\/h3>\n<p>Erinevatel riikidel on erinevad eeskirjad seoses kr\u00fcptovaluutade, nagu Bitcoin, kasutamisega hasartm\u00e4ngudeks. M\u00f5ned riigid on selle t\u00e4ielikult omaks v\u00f5tnud ja kehtestanud selged eeskirjad, samas kui teised tegutsevad halli ala piires v\u00f5i keelavad selle otseselt. N\u00e4iteks:<\/p>\n<ul>\n<li><strong>Ameerika \u00dchendriigid:<\/strong> Varieerub riigiti; m\u00f5ned aktsepteerivad Bitcoin pokkerit, teised aga ei luba \u00fcldse online-hasartm\u00e4nge.<\/li>\n<li><strong>\u00dchendkuningriik:<\/strong> T\u00e4ielikult reguleeritud koos konkreetsete suunistega kr\u00fcptoraha kasutamiseks.<\/li>\n<li><strong>Hiina:<\/strong> Online-hasartm\u00e4ngud, sealhulgas Bitcoin pokker, on ebaseaduslik.<\/li>\n<\/ul>\n<h3><span class=\"ez-toc-section\" id=\"Legal_Implications_for_Players_and_Operators\"><\/span>\u00d5iguslikud tagaj\u00e4rjed m\u00e4ngijatele ja operaatoritele<span class=\"ez-toc-section-end\"><\/span><\/h3>\n<p><strong>M\u00e4ngijad<\/strong> peavad olema teadlikud oma riigi seadustest seoses kr\u00fcptoraha ja online-hasartm\u00e4ngudega, et v\u00e4ltida \u00f5iguslikku riski. Karistused rikkumise eest v\u00f5ivad ulatuda trahvidest kuni s\u00fc\u00fcdistuse esitamiseni.<\/p>\n<p><strong>Operaatorid<\/strong> Bitcoin pokkerisaidid peavad j\u00e4rgima litsentseerimisn\u00f5udeid, rahapesuvastaseid menetlusi (AML) ja kliendi tundmise (KYC) p\u00f5him\u00f5tteid.<\/p>\n<ul>\n<li><strong>Litsentsimisn\u00f5uded:<\/strong> Peab saama n\u00f5uetekohased litsentsid seal, kus online-hasartm\u00e4ngud on reguleeritud.<\/li>\n<li><strong>AML-protseduurid:<\/strong> Peaks rakendama s\u00fcsteeme finantskuritegude ennetamiseks.<\/li>\n<li><strong>KYC-poliitika:<\/strong> Peab kontrollima oma klientide isikusamasust.<\/li>\n<\/ul>\n<h3><span class=\"ez-toc-section\" id=\"Compliance_and_Fair_Play_Standards\"><\/span>Vastavus ja ausa m\u00e4ngu standardid<span class=\"ez-toc-section-end\"><\/span><\/h3>\n<p>Operaatorid peavad vastama standarditele, mis tagavad \u00f5igluse ja turvalisuse.<\/p>\n<ul>\n<li><strong>RNG sertifitseerimine:<\/strong> Juhusnumbri generaatorid peavad olema sertifitseeritud s\u00f5ltumatute asutuste poolt.<\/li>\n<li><strong>Turvalisuse protokollid:<\/strong> SSL-kr\u00fcpteerimise ja muude k\u00fcberturvalisuse meetmete rakendamine.<\/li>\n<li><strong>T\u00f5en\u00e4oliselt \u00f5iglased s\u00fcsteemid:<\/strong> Ainulaadne Bitcoin m\u00e4ngimine, mis v\u00f5imaldab m\u00e4ngijatel kontrollida iga k\u00e4e \u00f5iglust.<\/li>\n<\/ul>\n<h2><span class=\"ez-toc-section\" id=\"Frequently_Asked_Questions\"><\/span>Korduma kippuvad k\u00fcsimused<span class=\"ez-toc-section-end\"><\/span><\/h2>\n<p><img decoding=\"async\" src=\"https:\/\/coinkickoff.com\/wp-content\/uploads\/v2-3dh1y-p4uhr.jpg\" alt=\"\"><\/p>\n<p>K\u00e4esolevas osas k\u00e4sitletakse \u00fchiseid k\u00fcsimusi ja selgitatakse Bitcoin-pokkeri ja tavalise online-pokkeri erinevusi seoses eeliste, kiiruse, seaduslikkuse, \u00f5igluse, anon\u00fc\u00fcmsuse ja kr\u00fcptovaluuta volatiilsuse m\u00f5juga.<\/p>\n<h3><span class=\"ez-toc-section\" id=\"What_are_the_advantages_of_playing_poker_using_Bitcoin\"><\/span>Millised on Bitcoin abil pokkeri m\u00e4ngimise eelised?<span class=\"ez-toc-section-end\"><\/span><\/h3>\n<p>M\u00e4ngijad, kes kasutavad Bitcoin-d pokkeris kasutamiseks, saavad nautida kiiremat tehinguaega, madalamaid t\u00f6\u00f6tlemistasusid ja v\u00f5imalust m\u00e4ngida piirkondades, kus traditsioonilised pangatehingud pokkerisaitidele on piiratud. Need eelised tulenevad kr\u00fcptovaluutade detsentraliseeritud olemusest.<\/p>\n<h3><span class=\"ez-toc-section\" id=\"Can_Bitcoin_transactions_affect_the_speed_of_online_poker_play\"><\/span>Kas Bitcoin tehingud v\u00f5ivad m\u00f5jutada online-pokkerim\u00e4ngu kiirust?<span class=\"ez-toc-section-end\"><\/span><\/h3>\n<p>Jah, Bitcoin v\u00f5ib kiirendada hoiustamise ja v\u00e4ljav\u00f5tmise protsessi, v\u00f5imaldades m\u00e4ngijatel kiiremini m\u00e4ngima hakata ja v\u00f5idud v\u00e4lja maksta ilma pikkade panganduslike viivitusteta. See sujuvam toiming tuleneb Bitcoin-le omasest peer-to-peer-tehingute s\u00fcsteemist.<\/p>\n<h3><span class=\"ez-toc-section\" id=\"Are_there_any_legal_differences_in_playing_poker_with_Bitcoin_versus_traditional_currencies\"><\/span>Kas Bitcoin-ga pokkerit m\u00e4ngides on mingeid \u00f5iguslikke erinevusi v\u00f5rreldes traditsiooniliste valuutadega?<span class=\"ez-toc-section-end\"><\/span><\/h3>\n<p>Bitcoin-pokkeri \u00f5iguslik maastik v\u00f5ib m\u00e4rkimisv\u00e4\u00e4rselt erineda, kuna m\u00f5ned jurisdiktsioonid, mis reguleerivad v\u00f5i keelavad online-hasartm\u00e4ngud, ei ole veel otseselt kr\u00fcptovaluutadega tegelenud. See olukord v\u00f5ib tekitada ebaselgust, mis v\u00f5ib m\u00f5jutada Bitcoin-pokkeri \u00f5iguslikku seisundit teatavates piirkondades.<\/p>\n<h3><span class=\"ez-toc-section\" id=\"How_does_provable_fairness_in_Bitcoin_poker_compare_to_regular_online_poker_games\"><\/span>Kuidas on t\u00f5estatav \u00f5iglus Bitcoin pokkeris v\u00f5rreldav tavaliste online-pokkerim\u00e4ngudega?<span class=\"ez-toc-section-end\"><\/span><\/h3>\n<p>Bitcoin pokkeriplatvormid kasutavad sageli t\u00f5estatavaid \u00f5igluse algoritme, mis v\u00f5imaldavad m\u00e4ngijatel kontrollida iga k\u00e4e juhuslikkust ja \u00f5iglust. Selline l\u00e4bipaistvuse tase ei ole traditsioonilistes online-pokkerim\u00e4ngudes \u00fcldiselt k\u00e4ttesaadav, pakkudes Bitcoin-pokkerim\u00e4ngijatele t\u00e4iendavat usaldust.<\/p>\n<h3><span class=\"ez-toc-section\" id=\"Does_the_use_of_Bitcoin_offer_more_anonymity_in_online_poker\"><\/span>Kas Bitcoin kasutamine pakub online-pokkeris rohkem anon\u00fc\u00fcmsust?<span class=\"ez-toc-section-end\"><\/span><\/h3>\n<p>Bitcoin-tehingud pakuvad suuremat anon\u00fc\u00fcmsust v\u00f5rreldes traditsiooniliste online-makseviisidega, kuna need ei n\u00f5ua isiklikke pangandusandmeid. M\u00e4ngijad tuvastatakse pigem rahakoti aadresside kui isikuandmete alusel, kuigi t\u00e4ielik anon\u00fc\u00fcmsus ei ole tagatud plokiahela tehingute j\u00e4lgitavuse t\u00f5ttu.<\/p>\n<h3><span class=\"ez-toc-section\" id=\"What_impact_does_cryptocurrency_volatility_have_on_Bitcoin_poker_stakes\"><\/span>Millist m\u00f5ju avaldab kr\u00fcptoraha volatiilsus Bitcoin pokkeripanustele?<span class=\"ez-toc-section-end\"><\/span><\/h3>\n<p>Bitcoin v\u00e4\u00e4rtus v\u00f5ib m\u00e4rkimisv\u00e4\u00e4rselt k\u00f5ikuda, mis v\u00f5ib m\u00f5jutada Bitcoin pokkeris tehtud sisseostude ja v\u00f5itude v\u00e4\u00e4rtust p\u00e4risrahas. Kuigi m\u00f5ned m\u00e4ngijad hindavad v\u00e4\u00e4rtuse suurenemise potentsiaali, v\u00f5ivad teised leida, et ettearvamatus m\u00f5jutab nende <a href=\"https:\/\/coinkickoff.com\/et\/bitcoin-casino\/bankroll-management\/\" data-internallinksmanager029f6b8e52c=\"210\" title=\"Pangakontode haldamine Bitcoin-ga panustades\">pangakontode haldamine<\/a> ja \u00fcldine strateegia.<\/p>","protected":false},"excerpt":{"rendered":"<p>Vastutusest loobumine: Hasartm\u00e4ngudega kaasneb m\u00e4rkimisv\u00e4\u00e4rne rahaline risk. Palun m\u00e4ngige ainult sellise rahaga, mille kaotamist v\u00f5ite endale lubada. Allpool esitatud teave on ainult teavitamise eesm\u00e4rgil. Meile v\u00f5idakse maksta komisjonitasu, kui registreerute ja kaotate raha m\u00f5nes j\u00e4rgmises kasiinos. K\u00f5ik kasiinod ei ole k\u00f5igis riikides saadaval. Kogu teave, mida me [...]<\/p>","protected":false},"author":1,"featured_media":4609,"parent":4440,"menu_order":0,"comment_status":"closed","ping_status":"closed","template":"","meta":{"_genesis_hide_title":false,"_genesis_hide_breadcrumbs":false,"_genesis_hide_singular_image":false,"_genesis_hide_footer_widgets":false,"_genesis_custom_body_class":"","_genesis_custom_post_class":"","_genesis_layout":"","_glsr_average":0,"_glsr_ranking":0,"_glsr_reviews":0,"footnotes":""},"class_list":{"0":"post-4605","1":"page","2":"type-page","3":"status-publish","4":"has-post-thumbnail","6":"entry"},"featured_image_src":"https:\/\/coinkickoff.com\/wp-content\/uploads\/v2-3dh1y-p4uhr-600x400.jpg","featured_image_src_square":"https:\/\/coinkickoff.com\/wp-content\/uploads\/v2-3dh1y-p4uhr-600x600.jpg","_links":{"self":[{"href":"https:\/\/coinkickoff.com\/et\/wp-json\/wp\/v2\/pages\/4605","targetHints":{"allow":["GET"]}}],"collection":[{"href":"https:\/\/coinkickoff.com\/et\/wp-json\/wp\/v2\/pages"}],"about":[{"href":"https:\/\/coinkickoff.com\/et\/wp-json\/wp\/v2\/types\/page"}],"author":[{"embeddable":true,"href":"https:\/\/coinkickoff.com\/et\/wp-json\/wp\/v2\/users\/1"}],"replies":[{"embeddable":true,"href":"https:\/\/coinkickoff.com\/et\/wp-json\/wp\/v2\/comments?post=4605"}],"version-history":[{"count":3,"href":"https:\/\/coinkickoff.com\/et\/wp-json\/wp\/v2\/pages\/4605\/revisions"}],"predecessor-version":[{"id":4614,"href":"https:\/\/coinkickoff.com\/et\/wp-json\/wp\/v2\/pages\/4605\/revisions\/4614"}],"up":[{"embeddable":true,"href":"https:\/\/coinkickoff.com\/et\/wp-json\/wp\/v2\/pages\/4440"}],"wp:featuredmedia":[{"embeddable":true,"href":"https:\/\/coinkickoff.com\/et\/wp-json\/wp\/v2\/media\/4609"}],"wp:attachment":[{"href":"https:\/\/coinkickoff.com\/et\/wp-json\/wp\/v2\/media?parent=4605"}],"curies":[{"name":"wp","href":"https:\/\/api.w.org\/{rel}","templated":true}]}}