{"id":4595,"date":"2026-01-08T14:07:58","date_gmt":"2026-01-08T14:07:58","guid":{"rendered":"https:\/\/coinkickoff.com\/?page_id=4595"},"modified":"2026-01-08T14:07:58","modified_gmt":"2026-01-08T14:07:58","slug":"how-is-bitcoin-roulette-different","status":"publish","type":"page","link":"https:\/\/coinkickoff.com\/et\/bitcoin-casino\/how-is-bitcoin-roulette-different\/","title":{"rendered":"Kuidas erineb Bitcoin rulett traditsioonilisest kasiinoruletist?"},"content":{"rendered":"<p>Vastutusest loobumine: Hasartm\u00e4ngudega kaasneb m\u00e4rkimisv\u00e4\u00e4rne rahaline risk. Palun m\u00e4ngige ainult sellise rahaga, mille kaotamist v\u00f5ite endale lubada. Allpool esitatud teave on ainult teavitamise eesm\u00e4rgil. Meile v\u00f5idakse maksta komisjonitasu, kui te registreerute ja kaotate raha m\u00f5nel j\u00e4rgneval m\u00e4ngul <a href=\"https:\/\/coinkickoff.com\/et\/bitcoin-casino\/\" data-internallinksmanager029f6b8e52c=\"200\" title=\"3 parimat Bitcoin kr\u00fcptokassot koos boonustega\">kasiinod<\/a>. K\u00f5ik kasiinod ei ole k\u00f5igis riikides saadaval. Kogu teave on meie arvates avaldamise ajal \u00f5ige, kuid see v\u00f5ib vahepeal muutunud olla.<\/p>\n<div id=\"ez-toc-container\" class=\"ez-toc-v2_0_80 counter-hierarchy ez-toc-counter ez-toc-transparent ez-toc-container-direction\">\n<div class=\"ez-toc-title-container\">\n<p class=\"ez-toc-title\" style=\"cursor:inherit\">Jaotised<\/p>\n<span class=\"ez-toc-title-toggle\"><a href=\"#\" class=\"ez-toc-pull-right ez-toc-btn ez-toc-btn-xs ez-toc-btn-default ez-toc-toggle\" aria-label=\"Sisukorra vaheldumine\"><span class=\"ez-toc-js-icon-con\"><span class=\"\"><span class=\"eztoc-hide\" style=\"display:none;\">Toggle<\/span><span class=\"ez-toc-icon-toggle-span\"><svg style=\"fill: #999;color:#999\" xmlns=\"http:\/\/www.w3.org\/2000\/svg\" class=\"list-377408\" width=\"20px\" height=\"20px\" viewbox=\"0 0 24 24\" fill=\"none\"><path d=\"M6 6H4v2h2V6zm14 0H8v2h12V6zM4 11h2v2H4v-2zm16 0H8v2h12v-2zM4 16h2v2H4v-2zm16 0H8v2h12v-2z\" fill=\"currentColor\"><\/path><\/svg><svg style=\"fill: #999;color:#999\" class=\"arrow-unsorted-368013\" xmlns=\"http:\/\/www.w3.org\/2000\/svg\" width=\"10px\" height=\"10px\" viewbox=\"0 0 24 24\" version=\"1.2\" baseprofile=\"tiny\"><path d=\"M18.2 9.3l-6.2-6.3-6.2 6.3c-.2.2-.3.4-.3.7s.1.5.3.7c.2.2.4.3.7.3h11c.3 0 .5-.1.7-.3.2-.2.3-.5.3-.7s-.1-.5-.3-.7zM5.8 14.7l6.2 6.3 6.2-6.3c.2-.2.3-.5.3-.7s-.1-.5-.3-.7c-.2-.2-.4-.3-.7-.3h-11c-.3 0-.5.1-.7.3-.2.2-.3.5-.3.7s.1.5.3.7z\"\/><\/svg><\/span><\/span><\/span><\/a><\/span><\/div>\n<nav><ul class='ez-toc-list ez-toc-list-level-1 eztoc-toggle-hide-by-default' ><li class='ez-toc-page-1 ez-toc-heading-level-2'><a class=\"ez-toc-link ez-toc-heading-1\" href=\"https:\/\/coinkickoff.com\/et\/bitcoin-casino\/how-is-bitcoin-roulette-different\/#Fundamentals_of_Bitcoin_Roulette\" >Bitcoin ruleti p\u00f5hialused<\/a><ul class='ez-toc-list-level-3' ><li class='ez-toc-heading-level-3'><a class=\"ez-toc-link ez-toc-heading-2\" href=\"https:\/\/coinkickoff.com\/et\/bitcoin-casino\/how-is-bitcoin-roulette-different\/#Definition_and_Mechanism\" >M\u00e4\u00e4ratlus ja mehhanism<\/a><\/li><li class='ez-toc-page-1 ez-toc-heading-level-3'><a class=\"ez-toc-link ez-toc-heading-3\" href=\"https:\/\/coinkickoff.com\/et\/bitcoin-casino\/how-is-bitcoin-roulette-different\/#Basic_Rules_Comparison\" >P\u00f5hireeglite v\u00f5rdlus<\/a><\/li><\/ul><\/li><li class='ez-toc-page-1 ez-toc-heading-level-2'><a class=\"ez-toc-link ez-toc-heading-4\" href=\"https:\/\/coinkickoff.com\/et\/bitcoin-casino\/how-is-bitcoin-roulette-different\/#Technological_Aspects\" >Tehnoloogilised aspektid<\/a><ul class='ez-toc-list-level-3' ><li class='ez-toc-heading-level-3'><a class=\"ez-toc-link ez-toc-heading-5\" href=\"https:\/\/coinkickoff.com\/et\/bitcoin-casino\/how-is-bitcoin-roulette-different\/#Software_and_Fairness\" >Tarkvara ja \u00f5iglus<\/a><\/li><li class='ez-toc-page-1 ez-toc-heading-level-3'><a class=\"ez-toc-link ez-toc-heading-6\" href=\"https:\/\/coinkickoff.com\/et\/bitcoin-casino\/how-is-bitcoin-roulette-different\/#Transaction_Security_and_Anonymity\" >Tehingute turvalisus ja anon\u00fc\u00fcmsus<\/a><\/li><\/ul><\/li><li class='ez-toc-page-1 ez-toc-heading-level-2'><a class=\"ez-toc-link ez-toc-heading-7\" href=\"https:\/\/coinkickoff.com\/et\/bitcoin-casino\/how-is-bitcoin-roulette-different\/#Practical_Considerations\" >Praktilised kaalutlused<\/a><ul class='ez-toc-list-level-3' ><li class='ez-toc-heading-level-3'><a class=\"ez-toc-link ez-toc-heading-8\" href=\"https:\/\/coinkickoff.com\/et\/bitcoin-casino\/how-is-bitcoin-roulette-different\/#Accessibility_and_Jurisdiction\" >Ligip\u00e4\u00e4setavus ja jurisdiktsioon<\/a><\/li><li class='ez-toc-page-1 ez-toc-heading-level-3'><a class=\"ez-toc-link ez-toc-heading-9\" href=\"https:\/\/coinkickoff.com\/et\/bitcoin-casino\/how-is-bitcoin-roulette-different\/#Payment_Processing_Times\" >Maksete t\u00f6\u00f6tlemise aeg<\/a><\/li><li class='ez-toc-page-1 ez-toc-heading-level-3'><a class=\"ez-toc-link ez-toc-heading-10\" href=\"https:\/\/coinkickoff.com\/et\/bitcoin-casino\/how-is-bitcoin-roulette-different\/#Casino_Bonuses_and_Incentives\" >Kasiino boonused ja stiimulid<\/a><\/li><\/ul><\/li><li class='ez-toc-page-1 ez-toc-heading-level-2'><a class=\"ez-toc-link ez-toc-heading-11\" href=\"https:\/\/coinkickoff.com\/et\/bitcoin-casino\/how-is-bitcoin-roulette-different\/#Frequently_Asked_Questions\" >Korduma kippuvad k\u00fcsimused<\/a><ul class='ez-toc-list-level-3' ><li class='ez-toc-heading-level-3'><a class=\"ez-toc-link ez-toc-heading-12\" href=\"https:\/\/coinkickoff.com\/et\/bitcoin-casino\/how-is-bitcoin-roulette-different\/#What_are_the_distinctive_features_of_Bitcoin_roulette_compared_to_traditional_roulette\" >Millised on Bitcoin ruleti erip\u00e4rad v\u00f5rreldes traditsioonilise ruletiga?<\/a><\/li><li class='ez-toc-page-1 ez-toc-heading-level-3'><a class=\"ez-toc-link ez-toc-heading-13\" href=\"https:\/\/coinkickoff.com\/et\/bitcoin-casino\/how-is-bitcoin-roulette-different\/#Can_you_use_Bitcoin_to_play_any_version_of_roulette\" >Kas Bitcoin abil saab m\u00e4ngida \u00fcksk\u00f5ik millist ruleti versiooni?<\/a><\/li><li class='ez-toc-page-1 ez-toc-heading-level-3'><a class=\"ez-toc-link ez-toc-heading-14\" href=\"https:\/\/coinkickoff.com\/et\/bitcoin-casino\/how-is-bitcoin-roulette-different\/#What_advantages_do_Bitcoin_casinos_offer_for_roulette_players\" >Milliseid eeliseid pakuvad Bitcoin kasiinod ruletim\u00e4ngijatele?<\/a><\/li><li class='ez-toc-page-1 ez-toc-heading-level-3'><a class=\"ez-toc-link ez-toc-heading-15\" href=\"https:\/\/coinkickoff.com\/et\/bitcoin-casino\/how-is-bitcoin-roulette-different\/#How_does_the_integration_of_Bitcoin_affect_the_gameplay_of_roulette\" >Kuidas m\u00f5jutab Bitcoin integreerimine ruleti m\u00e4ngimist?<\/a><\/li><li class='ez-toc-page-1 ez-toc-heading-level-3'><a class=\"ez-toc-link ez-toc-heading-16\" href=\"https:\/\/coinkickoff.com\/et\/bitcoin-casino\/how-is-bitcoin-roulette-different\/#Are_there_any_unique_betting_options_available_in_Bitcoin_roulette\" >Kas Bitcoin ruletis on saadaval mingeid unikaalseid panustamisv\u00f5imalusi?<\/a><\/li><li class='ez-toc-page-1 ez-toc-heading-level-3'><a class=\"ez-toc-link ez-toc-heading-17\" href=\"https:\/\/coinkickoff.com\/et\/bitcoin-casino\/how-is-bitcoin-roulette-different\/#What_should_players_know_about_the_security_of_Bitcoin_roulette_games\" >Mida peaksid m\u00e4ngijad teadma Bitcoin ruletim\u00e4ngude turvalisuse kohta?<\/a><\/li><\/ul><\/li><\/ul><\/nav><\/div>\n<h2><span class=\"ez-toc-section\" id=\"Fundamentals_of_Bitcoin_Roulette\"><\/span>Bitcoin ruleti p\u00f5hialused<span class=\"ez-toc-section-end\"><\/span><\/h2>\n<p><img decoding=\"async\" src=\"https:\/\/coinkickoff.com\/wp-content\/uploads\/v2-3dgyd-6ia5o.jpg\" alt=\"\"><\/p>\n<p><a href=\"https:\/\/coinkickoff.com\/et\/bitcoin-casino\/how-to-play-crypto-roulette\/\" data-internallinksmanager029f6b8e52c=\"206\" title=\"Kuidas m\u00e4ngida kr\u00fcptoruletti: Blockchain kihlvedude tegemise juhend: Teie juhend Blockchain kihlvedude tegemiseks\">Bitcoin rulett<\/a> t\u00f6\u00f6tab samade p\u00f5him\u00f5tete alusel kui traditsiooniline rulett, kuid m\u00e4ngitakse Bitcoin-ga, mitte fiat-valuutaga, mis m\u00f5jutab tehingu kiirust ja anon\u00fc\u00fcmsust.<\/p>\n<h3><span class=\"ez-toc-section\" id=\"Definition_and_Mechanism\"><\/span>M\u00e4\u00e4ratlus ja mehhanism<span class=\"ez-toc-section-end\"><\/span><\/h3>\n<p>Bitcoin Roulette on klassikalise kasiinom\u00e4ngu digitaalne variant, mis kasutab panustamiseks ja tehinguteks Bitcoin-d. M\u00e4ngijad teevad panuseid selle peale, kuhu pall satub nummerdatud ja v\u00e4rvilisteks sektsioonideks jaotatud p\u00f6\u00f6rlevasse rattasse. Mehhanism on sarnane tavalise ruletiga, peamine erinevus on kasutatav valuuta. Bitcoin ruletis t\u00f6\u00f6deldakse iga tehingut l\u00e4bi plokiahela, mis tagab l\u00e4bipaistvuse ja v\u00e4hendab pettuse t\u00f5en\u00e4osust.<\/p>\n<ul>\n<li><strong>Tehingu kiirus<\/strong>: Tehingud Bitcoin-ga on kiiremad, tavaliselt v\u00f5tab see aega paar minutit.<\/li>\n<li><strong>Anon\u00fc\u00fcmsus<\/strong>: M\u00e4ngijad saavad s\u00e4ilitada anon\u00fc\u00fcmsuse, kuna Bitcoin tehingute tegemiseks ei ole isikuandmed iseenesest vajalikud.<\/li>\n<\/ul>\n<h3><span class=\"ez-toc-section\" id=\"Basic_Rules_Comparison\"><\/span>P\u00f5hireeglite v\u00f5rdlus<span class=\"ez-toc-section-end\"><\/span><\/h3>\n<p>Bitcoin ruleti ja tavalise ruleti p\u00f5hireeglid on p\u00f5him\u00f5tteliselt samad. M\u00e4ngijad valivad, kas panustada \u00fchele numbrile, erinevatele numbrite r\u00fchmadele, punasele v\u00f5i mustale v\u00e4rvile, paaritutele v\u00f5i paarituile v\u00f5i k\u00f5rgetele (19-36) v\u00f5i madalatele (1-18) numbritele.<\/p>\n<ul>\n<li><strong>Panustamisv\u00f5imalused<\/strong>:\n<ul>\n<li><strong>\u00dcksik number<\/strong>: Suurem v\u00e4ljamakse; madalamad koefitsiendid.<\/li>\n<li><strong>Grupi numbrid<\/strong>: Panused numbriklastritele; erinevad v\u00e4ljamaksed.<\/li>\n<li><strong>V\u00e4rvid<\/strong>: Panustada punasele v\u00f5i mustale; peaaegu 50\/50 v\u00f5imalus.<\/li>\n<li><strong>Paaritu v\u00f5i paaritu<\/strong>: Panustada, kas number on paaritu v\u00f5i paariline.<\/li>\n<li><strong>K\u00f5rge v\u00f5i madal<\/strong>: Panustage k\u00f5rgetele (19-36) v\u00f5i madalatele (1-18) numbritele.<\/li>\n<\/ul>\n<\/li>\n<\/ul>\n<p>Selge erinevus reeglites puudutab valuuta ja v\u00f5imalike v\u00e4ljamaksete k\u00e4sitlemist. Bitcoin hinna volatiilsus v\u00f5ib m\u00f5jutada tegelikku v\u00e4\u00e4rtust <a href=\"https:\/\/coinkickoff.com\/et\/bitcoin-casino\/cash-in-bitcoin-casino-winnings\/\" data-internallinksmanager029f6b8e52c=\"211\" title=\"Kuidas Bitcoin kasiino v\u00f5idud sisse maksta: Samm-sammult juhend\">v\u00f5idud<\/a> v\u00f5i kahjumit ning minimaalsed ja maksimaalsed panused v\u00f5ivad erineda s\u00f5ltuvalt <a href=\"https:\/\/coinkickoff.com\/et\/bitcoin-casino\/what-is-a-bitcoin-casino\/\" data-internallinksmanager029f6b8e52c=\"201\" title=\"Mis on Bitcoin kasiino? Crytpo kihlvedude platvormide m\u00f5istmine\">Bitcoin kasiino<\/a>poliitika.<\/p>\n<h2><span class=\"ez-toc-section\" id=\"Technological_Aspects\"><\/span>Tehnoloogilised aspektid<span class=\"ez-toc-section-end\"><\/span><\/h2>\n<p><img decoding=\"async\" src=\"https:\/\/coinkickoff.com\/wp-content\/uploads\/v2-3dgyu-2s6kd.jpg\" alt=\"\"><\/p>\n<p>V\u00f5rreldes Bitcoin ruletti traditsioonilise ruletiga, tulevad m\u00e4ngu kaks peamist tehnoloogilist kaalutlust: mehhanismid, mis tagavad tarkvara \u00f5igluse, ning protokollid, mis tagavad tehingu turvalisuse ja anon\u00fc\u00fcmsuse.<\/p>\n<h3><span class=\"ez-toc-section\" id=\"Software_and_Fairness\"><\/span>Tarkvara ja \u00f5iglus<span class=\"ez-toc-section-end\"><\/span><\/h3>\n<p>Bitcoin ruletim\u00e4ngud tuginevad <strong>T\u00f5en\u00e4oliselt \u00f5iglane<\/strong> tehnoloogia, mis v\u00f5imaldab m\u00e4ngijatel kontrollida iga m\u00e4ngu tulemusi. See s\u00fcsteem kasutab kr\u00fcptograafilisi algoritme, et <strong>genereerida juhuslikke seemneid<\/strong>tagades, et iga spinn on juhuslik ja \u00f5iglane. M\u00e4ngijad saavad tavaliselt kontrollida \u00f5iglust l\u00e4bi <strong>kontrollt\u00f6\u00f6riist<\/strong> mida pakub kasiino.<\/p>\n<ul>\n<li>Juhuslike numbrite genereerimine (RNG): Algoritmiliselt tekitab ettearvamatuid tulemusi.<\/li>\n<li>Kontrollimisvahendid: Pakkuda l\u00e4bipaistvaid ja kontrollitavaid m\u00e4ngutulemusi.<\/li>\n<\/ul>\n<h3><span class=\"ez-toc-section\" id=\"Transaction_Security_and_Anonymity\"><\/span>Tehingute turvalisus ja anon\u00fc\u00fcmsus<span class=\"ez-toc-section-end\"><\/span><\/h3>\n<p>Bitcoin tehingud kasutavad <strong>plokiahela tehnoloogia<\/strong>, mis kindlustab hoiused ja v\u00e4ljamaksed muutumatu <a href=\"https:\/\/coinkickoff.com\/et\/what-is-ledger-wallet\/\" data-internallinksmanager029f6b8e52c=\"167\" title=\"Ledger Wallet Arvamused 2023: Tasud, omadused, turvalisus, plussid ja miinused\">pearaamat<\/a>, suurendades turvalisust ja tagades teatava anon\u00fc\u00fcmsuse.<\/p>\n<ul>\n<li><strong>Turvalisus<\/strong>: Kr\u00fcpteeritud tehingud, mis on kaitstud plokiahela tehnoloogiaga.<\/li>\n<li><strong>Anon\u00fc\u00fcmsus<\/strong>: V\u00e4hendatud isikuandmete avalikustamine v\u00f5rreldes traditsiooniliste makseviisidega.<\/li>\n<\/ul>\n<table>\n<thead>\n<tr>\n<th>Aspekt<\/th>\n<th>Kasu<\/th>\n<\/tr>\n<\/thead>\n<tbody>\n<tr>\n<td>Kr\u00fcpteeritud tehingud<\/td>\n<td>Lisab pettusevastase turvalisuse kihi<\/td>\n<\/tr>\n<tr>\n<td>Muutumatu pearaamat<\/td>\n<td>Tagab tehingute p\u00fcsivuse ja j\u00e4lgitavuse.<\/td>\n<\/tr>\n<tr>\n<td>V\u00e4hendatud andmete avalikustamine<\/td>\n<td>M\u00e4ngijate isikuandmed on v\u00e4hem avatud<\/td>\n<\/tr>\n<\/tbody>\n<\/table>\n<h2><span class=\"ez-toc-section\" id=\"Practical_Considerations\"><\/span>Praktilised kaalutlused<span class=\"ez-toc-section-end\"><\/span><\/h2>\n<p><img decoding=\"async\" src=\"https:\/\/coinkickoff.com\/wp-content\/uploads\/v2-3dgz8-pee1q.jpg\" alt=\"\"><\/p>\n<p>Bitcoin ruletiga tegelemisel peavad kasutajad arvestama erinevusi ligip\u00e4\u00e4setavuses, t\u00f6\u00f6tlemisaegades ja pakutavate unikaalsete boonuste osas, mis erinevad traditsioonilisest ruletist.<\/p>\n<h3><span class=\"ez-toc-section\" id=\"Accessibility_and_Jurisdiction\"><\/span>Ligip\u00e4\u00e4setavus ja jurisdiktsioon<span class=\"ez-toc-section-end\"><\/span><\/h3>\n<p>Bitcoin rulett on sageli saadaval m\u00e4ngijatele jurisdiktsioonides, kus online-hasartm\u00e4ngud on piiratud v\u00f5i kus traditsioonilised makseviisid ei ole teostatavad. <strong>Kr\u00fcptoraha<\/strong> kui meediumiga on v\u00f5imalik m\u00f6\u00f6da minna paljudest regulatiivsetest piirangutest, mis teeb selle laiemalt k\u00e4ttesaadavaks. Kasutajad peaksid siiski olema teadlikud oma kohalikest seadustest, kuna kr\u00fcptovaluutadega hasartm\u00e4ngude seaduslikkus v\u00f5ib piirkonniti oluliselt erineda.<\/p>\n<h3><span class=\"ez-toc-section\" id=\"Payment_Processing_Times\"><\/span>Maksete t\u00f6\u00f6tlemise aeg<span class=\"ez-toc-section-end\"><\/span><\/h3>\n<ul>\n<li><strong>Bitcoin Hoiused:<\/strong> Tavaliselt koheselt v\u00f5i m\u00f5ne minuti jooksul.<\/li>\n<li><strong>Bitcoin V\u00e4ljaarvamised:<\/strong> See v\u00f5ib ulatuda minutitest kuni mitme tunnini.<\/li>\n<li><strong>Traditsioonilised pangandusmeetodid:<\/strong> Sageli v\u00f5tab nii hoiuste kui ka v\u00e4ljamaksete tegemine mitu p\u00e4eva aega.<\/li>\n<\/ul>\n<p>Bitcoin kasutamine v\u00f5ib oluliselt v\u00e4hendada makse t\u00f6\u00f6tlemisega seotud ooteaega online-hasartm\u00e4ngude puhul. M\u00e4ngijad saavad tihtipeale alustada m\u00e4ngimist kiiremini ja saada oma v\u00f5idud kiiremini kui traditsiooniliste makseviiside puhul.<\/p>\n<h3><span class=\"ez-toc-section\" id=\"Casino_Bonuses_and_Incentives\"><\/span>Kasiino boonused ja stiimulid<span class=\"ez-toc-section-end\"><\/span><\/h3>\n<ul>\n<li><strong>Tervitusboonused:<\/strong> Paljud Bitcoin kasiinod pakuvad uutele m\u00e4ngijatele m\u00e4rkimisv\u00e4\u00e4rseid tervitusboonuseid.<\/li>\n<li><strong>Lojaalsuspreemiad:<\/strong> Regulaarsete kasutajate eelised h\u00f5lmavad sageli suuremaid boonuseid v\u00f5i VIP-kohtlemist.<\/li>\n<li><strong>Eksklusiivsed kampaaniad:<\/strong> M\u00f5ned kasiinod pakuvad spetsiaalselt Bitcoin kasutajatele kohandatud kampaaniaid.<\/li>\n<\/ul>\n<p>Bitcoin ruletiplatvormidel v\u00f5ivad olla tavap\u00e4raste online-kasiinodega v\u00f5rreldes heldemad boonused ja stiimulid. Need boonused on m\u00f5eldud selleks, et meelitada ja hoida m\u00e4ngijaid, kes eelistavad kasutada kr\u00fcptoraha. M\u00e4ngijate jaoks on oluline lugeda nende boonustega seotud tingimusi, et m\u00f5ista t\u00e4ielikult, kuidas neid saab kasutada.<\/p>\n<h2><span class=\"ez-toc-section\" id=\"Frequently_Asked_Questions\"><\/span>Korduma kippuvad k\u00fcsimused<span class=\"ez-toc-section-end\"><\/span><\/h2>\n<p><img decoding=\"async\" src=\"https:\/\/coinkickoff.com\/wp-content\/uploads\/v2-3dgzp-ju7x7.jpg\" alt=\"\"><\/p>\n<p>Selles jaotises k\u00e4sitletakse tavalisi k\u00fcsimusi Bitcoin ruleti ja traditsioonilise ruleti erinevuste kohta, mis on m\u00f5eldud m\u00e4ngijatele, kes soovivad selles k\u00fcsimuses selgust saada.<\/p>\n<h3><span class=\"ez-toc-section\" id=\"What_are_the_distinctive_features_of_Bitcoin_roulette_compared_to_traditional_roulette\"><\/span>Millised on Bitcoin ruleti erip\u00e4rad v\u00f5rreldes traditsioonilise ruletiga?<span class=\"ez-toc-section-end\"><\/span><\/h3>\n<p>Bitcoin rulett toimib m\u00e4ngupildi poolest sarnaselt traditsioonilise ruletiga. Peamine erinevus seisneb Bitcoin kasutamises valuutana, mis v\u00f5imaldab sageli kiiremat tehinguaega ja paremat anon\u00fc\u00fcmsust m\u00e4ngijatele.<\/p>\n<h3><span class=\"ez-toc-section\" id=\"Can_you_use_Bitcoin_to_play_any_version_of_roulette\"><\/span>Kas Bitcoin abil saab m\u00e4ngida \u00fcksk\u00f5ik millist ruleti versiooni?<span class=\"ez-toc-section-end\"><\/span><\/h3>\n<p>Enamik Bitcoin kasiinosid pakub erinevaid ruletiversioone, sealhulgas Ameerika, Euroopa ja Prantsuse ruletti. M\u00e4ngijad saavad Bitcoin abil panuseid teha nende erinevate versioonide vahel, s\u00f5ltuvalt kasiino pakkumisest.<\/p>\n<h3><span class=\"ez-toc-section\" id=\"What_advantages_do_Bitcoin_casinos_offer_for_roulette_players\"><\/span>Milliseid eeliseid pakuvad Bitcoin kasiinod ruletim\u00e4ngijatele?<span class=\"ez-toc-section-end\"><\/span><\/h3>\n<p>Bitcoin kasiinod pakuvad m\u00e4ngijatele sageli selliseid eeliseid nagu madalamad tehingutasud, t\u00f5estatavalt \u00f5iglane m\u00e4ngimine ning v\u00f5imalus m\u00e4ngida ja raha v\u00e4lja v\u00f5tta ilma isiklikke finantsandmeid esitamata.<\/p>\n<h3><span class=\"ez-toc-section\" id=\"How_does_the_integration_of_Bitcoin_affect_the_gameplay_of_roulette\"><\/span>Kuidas m\u00f5jutab Bitcoin integreerimine ruleti m\u00e4ngimist?<span class=\"ez-toc-section-end\"><\/span><\/h3>\n<p>Bitcoin integreerimine ei muuda tavaliselt ruleti p\u00f5hilist m\u00e4ngimist. Siiski v\u00f5ib see v\u00f5imaldada kiiremat panustamise ja v\u00e4ljamaksmise protsessi, suurendades m\u00e4ngu \u00fcldist tempot.<\/p>\n<h3><span class=\"ez-toc-section\" id=\"Are_there_any_unique_betting_options_available_in_Bitcoin_roulette\"><\/span>Kas Bitcoin ruletis on saadaval mingeid unikaalseid panustamisv\u00f5imalusi?<span class=\"ez-toc-section-end\"><\/span><\/h3>\n<p>Bitcoin rulett pakub \u00fcldiselt samu panustamisv\u00f5imalusi kui tavaline rulett. M\u00f5ned Bitcoin kasiinod v\u00f5ivad siiski tutvustada unikaalseid kampaaniaid v\u00f5i panuseid, et meelitada laiemat hulka kr\u00fcptorahade entusiaste.<\/p>\n<h3><span class=\"ez-toc-section\" id=\"What_should_players_know_about_the_security_of_Bitcoin_roulette_games\"><\/span>Mida peaksid m\u00e4ngijad teadma Bitcoin ruletim\u00e4ngude turvalisuse kohta?<span class=\"ez-toc-section-end\"><\/span><\/h3>\n<p>Bitcoin ruleti turvalisus s\u00f5ltub nii Bitcoin taga oleva kr\u00fcptotehnoloogia tugevusest kui ka \u00fcksikute kasiinode rakendatud turvameetmetest. M\u00e4ngijate jaoks on oluline kontrollida kasiino usaldusv\u00e4\u00e4rsust ja m\u00e4ngude \u00f5iglust.<\/p>","protected":false},"excerpt":{"rendered":"<p>Vastutusest loobumine: Hasartm\u00e4ngudega kaasneb m\u00e4rkimisv\u00e4\u00e4rne rahaline risk. Palun m\u00e4ngige ainult sellise rahaga, mille kaotamist v\u00f5ite endale lubada. Allpool esitatud teave on ainult teavitamise eesm\u00e4rgil. Meile v\u00f5idakse maksta komisjonitasu, kui registreerute ja kaotate raha m\u00f5nes j\u00e4rgmises kasiinos. K\u00f5ik kasiinod ei ole k\u00f5igis riikides saadaval. Kogu teave, mida me [...]<\/p>","protected":false},"author":1,"featured_media":4599,"parent":4440,"menu_order":0,"comment_status":"closed","ping_status":"closed","template":"","meta":{"_genesis_hide_title":false,"_genesis_hide_breadcrumbs":false,"_genesis_hide_singular_image":false,"_genesis_hide_footer_widgets":false,"_genesis_custom_body_class":"","_genesis_custom_post_class":"","_genesis_layout":"","_glsr_average":0,"_glsr_ranking":0,"_glsr_reviews":0,"footnotes":""},"class_list":{"0":"post-4595","1":"page","2":"type-page","3":"status-publish","4":"has-post-thumbnail","6":"entry"},"featured_image_src":"https:\/\/coinkickoff.com\/wp-content\/uploads\/v2-3dgz8-pee1q-600x400.jpg","featured_image_src_square":"https:\/\/coinkickoff.com\/wp-content\/uploads\/v2-3dgz8-pee1q-600x600.jpg","_links":{"self":[{"href":"https:\/\/coinkickoff.com\/et\/wp-json\/wp\/v2\/pages\/4595","targetHints":{"allow":["GET"]}}],"collection":[{"href":"https:\/\/coinkickoff.com\/et\/wp-json\/wp\/v2\/pages"}],"about":[{"href":"https:\/\/coinkickoff.com\/et\/wp-json\/wp\/v2\/types\/page"}],"author":[{"embeddable":true,"href":"https:\/\/coinkickoff.com\/et\/wp-json\/wp\/v2\/users\/1"}],"replies":[{"embeddable":true,"href":"https:\/\/coinkickoff.com\/et\/wp-json\/wp\/v2\/comments?post=4595"}],"version-history":[{"count":3,"href":"https:\/\/coinkickoff.com\/et\/wp-json\/wp\/v2\/pages\/4595\/revisions"}],"predecessor-version":[{"id":4602,"href":"https:\/\/coinkickoff.com\/et\/wp-json\/wp\/v2\/pages\/4595\/revisions\/4602"}],"up":[{"embeddable":true,"href":"https:\/\/coinkickoff.com\/et\/wp-json\/wp\/v2\/pages\/4440"}],"wp:featuredmedia":[{"embeddable":true,"href":"https:\/\/coinkickoff.com\/et\/wp-json\/wp\/v2\/media\/4599"}],"wp:attachment":[{"href":"https:\/\/coinkickoff.com\/et\/wp-json\/wp\/v2\/media?parent=4595"}],"curies":[{"name":"wp","href":"https:\/\/api.w.org\/{rel}","templated":true}]}}