{"id":4585,"date":"2026-01-08T14:07:59","date_gmt":"2026-01-08T14:07:59","guid":{"rendered":"https:\/\/coinkickoff.com\/?page_id=4585"},"modified":"2026-01-08T14:07:59","modified_gmt":"2026-01-08T14:07:59","slug":"how-is-bitcoin-blackjack-different","status":"publish","type":"page","link":"https:\/\/coinkickoff.com\/et\/bitcoin-casino\/how-is-bitcoin-blackjack-different\/","title":{"rendered":"Kuidas erineb Bitcoin Blackjack tavalisest Blackjackist?"},"content":{"rendered":"<p><em>Vastutusest loobumine: Hasartm\u00e4ngudega kaasneb m\u00e4rkimisv\u00e4\u00e4rne rahaline risk. Palun m\u00e4ngige ainult sellise rahaga, mille kaotamist v\u00f5ite endale lubada. Allpool esitatud teave on ainult teavitamise eesm\u00e4rgil. Meile v\u00f5idakse maksta komisjonitasu, kui te registreerute ja kaotate raha m\u00f5nel j\u00e4rgneval m\u00e4ngul <a href=\"https:\/\/coinkickoff.com\/et\/bitcoin-casino\/\" data-internallinksmanager029f6b8e52c=\"200\" title=\"3 parimat Bitcoin kr\u00fcptokassot koos boonustega\">kasiinod<\/a>. K\u00f5ik kasiinod ei ole k\u00f5igis riikides saadaval. Kogu teave on meie arvates avaldamise ajal \u00f5ige, kuid see v\u00f5ib vahepeal muutunud olla.<\/em><\/p>\n<div id=\"ez-toc-container\" class=\"ez-toc-v2_0_80 counter-hierarchy ez-toc-counter ez-toc-transparent ez-toc-container-direction\">\n<div class=\"ez-toc-title-container\">\n<p class=\"ez-toc-title\" style=\"cursor:inherit\">Jaotised<\/p>\n<span class=\"ez-toc-title-toggle\"><a href=\"#\" class=\"ez-toc-pull-right ez-toc-btn ez-toc-btn-xs ez-toc-btn-default ez-toc-toggle\" aria-label=\"Sisukorra vaheldumine\"><span class=\"ez-toc-js-icon-con\"><span class=\"\"><span class=\"eztoc-hide\" style=\"display:none;\">Toggle<\/span><span class=\"ez-toc-icon-toggle-span\"><svg style=\"fill: #999;color:#999\" xmlns=\"http:\/\/www.w3.org\/2000\/svg\" class=\"list-377408\" width=\"20px\" height=\"20px\" viewbox=\"0 0 24 24\" fill=\"none\"><path d=\"M6 6H4v2h2V6zm14 0H8v2h12V6zM4 11h2v2H4v-2zm16 0H8v2h12v-2zM4 16h2v2H4v-2zm16 0H8v2h12v-2z\" fill=\"currentColor\"><\/path><\/svg><svg style=\"fill: #999;color:#999\" class=\"arrow-unsorted-368013\" xmlns=\"http:\/\/www.w3.org\/2000\/svg\" width=\"10px\" height=\"10px\" viewbox=\"0 0 24 24\" version=\"1.2\" baseprofile=\"tiny\"><path d=\"M18.2 9.3l-6.2-6.3-6.2 6.3c-.2.2-.3.4-.3.7s.1.5.3.7c.2.2.4.3.7.3h11c.3 0 .5-.1.7-.3.2-.2.3-.5.3-.7s-.1-.5-.3-.7zM5.8 14.7l6.2 6.3 6.2-6.3c.2-.2.3-.5.3-.7s-.1-.5-.3-.7c-.2-.2-.4-.3-.7-.3h-11c-.3 0-.5.1-.7.3-.2.2-.3.5-.3.7s.1.5.3.7z\"\/><\/svg><\/span><\/span><\/span><\/a><\/span><\/div>\n<nav><ul class='ez-toc-list ez-toc-list-level-1 eztoc-toggle-hide-by-default' ><li class='ez-toc-page-1 ez-toc-heading-level-2'><a class=\"ez-toc-link ez-toc-heading-1\" href=\"https:\/\/coinkickoff.com\/et\/bitcoin-casino\/how-is-bitcoin-blackjack-different\/#Fundamentals_of_Bitcoin_Blackjack\" >Bitcoin Blackjacki p\u00f5hialused<\/a><ul class='ez-toc-list-level-3' ><li class='ez-toc-heading-level-3'><a class=\"ez-toc-link ez-toc-heading-2\" href=\"https:\/\/coinkickoff.com\/et\/bitcoin-casino\/how-is-bitcoin-blackjack-different\/#Definition_and_Operation\" >M\u00e4\u00e4ratlus ja toimimine<\/a><\/li><li class='ez-toc-page-1 ez-toc-heading-level-3'><a class=\"ez-toc-link ez-toc-heading-3\" href=\"https:\/\/coinkickoff.com\/et\/bitcoin-casino\/how-is-bitcoin-blackjack-different\/#Key_Differences_From_Traditional_Blackjack\" >Peamised erinevused traditsioonilisest Blackjackist<\/a><\/li><\/ul><\/li><li class='ez-toc-page-1 ez-toc-heading-level-2'><a class=\"ez-toc-link ez-toc-heading-4\" href=\"https:\/\/coinkickoff.com\/et\/bitcoin-casino\/how-is-bitcoin-blackjack-different\/#Gameplay_Specifics\" >M\u00e4ngu spetsiifika<\/a><ul class='ez-toc-list-level-3' ><li class='ez-toc-heading-level-3'><a class=\"ez-toc-link ez-toc-heading-5\" href=\"https:\/\/coinkickoff.com\/et\/bitcoin-casino\/how-is-bitcoin-blackjack-different\/#Digital_Transactions_in_Gameplay\" >Digitaalsed tehingud m\u00e4ngus<\/a><\/li><li class='ez-toc-page-1 ez-toc-heading-level-3'><a class=\"ez-toc-link ez-toc-heading-6\" href=\"https:\/\/coinkickoff.com\/et\/bitcoin-casino\/how-is-bitcoin-blackjack-different\/#Use_of_Provably_Fair_Algorithms\" >T\u00f5en\u00e4oliselt \u00f5iglaste algoritmide kasutamine<\/a><\/li><li class='ez-toc-page-1 ez-toc-heading-level-3'><a class=\"ez-toc-link ez-toc-heading-7\" href=\"https:\/\/coinkickoff.com\/et\/bitcoin-casino\/how-is-bitcoin-blackjack-different\/#Privacy_and_Anonymity_Aspects\" >Privaatsuse ja anon\u00fc\u00fcmsuse aspektid<\/a><\/li><\/ul><\/li><li class='ez-toc-page-1 ez-toc-heading-level-2'><a class=\"ez-toc-link ez-toc-heading-8\" href=\"https:\/\/coinkickoff.com\/et\/bitcoin-casino\/how-is-bitcoin-blackjack-different\/#Considerations_for_Players\" >M\u00f5tteid m\u00e4ngijatele<\/a><ul class='ez-toc-list-level-3' ><li class='ez-toc-heading-level-3'><a class=\"ez-toc-link ez-toc-heading-9\" href=\"https:\/\/coinkickoff.com\/et\/bitcoin-casino\/how-is-bitcoin-blackjack-different\/#Volatility_of_Bitcoin_Value\" >Bitcoin v\u00e4\u00e4rtuse volatiilsus<\/a><\/li><li class='ez-toc-page-1 ez-toc-heading-level-3'><a class=\"ez-toc-link ez-toc-heading-10\" href=\"https:\/\/coinkickoff.com\/et\/bitcoin-casino\/how-is-bitcoin-blackjack-different\/#Legal_and_Regulatory_Implications\" >\u00d5iguslikud ja regulatiivsed tagaj\u00e4rjed<\/a><\/li><li class='ez-toc-page-1 ez-toc-heading-level-3'><a class=\"ez-toc-link ez-toc-heading-11\" href=\"https:\/\/coinkickoff.com\/et\/bitcoin-casino\/how-is-bitcoin-blackjack-different\/#Security_and_Trustworthiness\" >Turvalisus ja usaldusv\u00e4\u00e4rsus<\/a><\/li><\/ul><\/li><li class='ez-toc-page-1 ez-toc-heading-level-2'><a class=\"ez-toc-link ez-toc-heading-12\" href=\"https:\/\/coinkickoff.com\/et\/bitcoin-casino\/how-is-bitcoin-blackjack-different\/#Frequently_Asked_Questions\" >Korduma kippuvad k\u00fcsimused<\/a><ul class='ez-toc-list-level-3' ><li class='ez-toc-heading-level-3'><a class=\"ez-toc-link ez-toc-heading-13\" href=\"https:\/\/coinkickoff.com\/et\/bitcoin-casino\/how-is-bitcoin-blackjack-different\/#What_are_the_differences_in_transaction_methods_between_Bitcoin_Blackjack_and_traditional_Blackjack\" >Millised on Bitcoin Blackjacki ja traditsioonilise Blackjacki tehingumeetodite erinevused?<\/a><\/li><li class='ez-toc-page-1 ez-toc-heading-level-3'><a class=\"ez-toc-link ez-toc-heading-14\" href=\"https:\/\/coinkickoff.com\/et\/bitcoin-casino\/how-is-bitcoin-blackjack-different\/#Does_the_use_of_Bitcoin_in_Blackjack_affect_game_anonymity\" >Kas Bitcoin kasutamine Blackjackis m\u00f5jutab m\u00e4ngu anon\u00fc\u00fcmsust?<\/a><\/li><li class='ez-toc-page-1 ez-toc-heading-level-3'><a class=\"ez-toc-link ez-toc-heading-15\" href=\"https:\/\/coinkickoff.com\/et\/bitcoin-casino\/how-is-bitcoin-blackjack-different\/#Are_there_any_variations_in_game_rules_for_Blackjack_when_playing_with_Bitcoin\" >Kas Bitcoin-ga m\u00e4ngides on Blackjacki m\u00e4ngureeglites mingeid erinevusi?<\/a><\/li><li class='ez-toc-page-1 ez-toc-heading-level-3'><a class=\"ez-toc-link ez-toc-heading-16\" href=\"https:\/\/coinkickoff.com\/et\/bitcoin-casino\/how-is-bitcoin-blackjack-different\/#How_do_the_odds_or_payouts_differ_in_Bitcoin_Blackjack_compared_to_regular_Blackjack\" >Kuidas erinevad Bitcoin Blackjacki koefitsiendid v\u00f5i v\u00e4ljamaksed v\u00f5rreldes tavalise Blackjackiga?<\/a><\/li><li class='ez-toc-page-1 ez-toc-heading-level-3'><a class=\"ez-toc-link ez-toc-heading-17\" href=\"https:\/\/coinkickoff.com\/et\/bitcoin-casino\/how-is-bitcoin-blackjack-different\/#What_security_measures_are_unique_to_Bitcoin_Blackjack_games\" >Millised turvameetmed on unikaalsed Bitcoin Blackjack-m\u00e4ngude puhul?<\/a><\/li><li class='ez-toc-page-1 ez-toc-heading-level-3'><a class=\"ez-toc-link ez-toc-heading-18\" href=\"https:\/\/coinkickoff.com\/et\/bitcoin-casino\/how-is-bitcoin-blackjack-different\/#Can_Bitcoin_Blackjack_be_played_from_regions_where_traditional_online_gambling_is_restricted\" >Kas Bitcoin Blackjacki saab m\u00e4ngida piirkondades, kus traditsioonilised online-hasartm\u00e4ngud on piiratud?<\/a><\/li><\/ul><\/li><\/ul><\/nav><\/div>\n<h2><span class=\"ez-toc-section\" id=\"Fundamentals_of_Bitcoin_Blackjack\"><\/span>Bitcoin Blackjacki p\u00f5hialused<span class=\"ez-toc-section-end\"><\/span><\/h2>\n<p><img decoding=\"async\" src=\"https:\/\/coinkickoff.com\/wp-content\/uploads\/v2-3dgvp-hoj5o.jpg\" alt=\"\"><\/p>\n<p><a href=\"https:\/\/coinkickoff.com\/et\/bitcoin-casino\/how-to-play-crypto-blackjack\/\" data-internallinksmanager029f6b8e52c=\"204\" title=\"Kuidas m\u00e4ngida kr\u00fcpto blackjacki: M\u00e4ngu meisterdamine internetis\">Bitcoin Blackjack<\/a> integreerib kr\u00fcptovaluutade tehnoloogia traditsioonilise blackjack-m\u00e4nguga, pakkudes unikaalseid funktsioone, mis vastavad praegustele tehnoloogilistele suundumustele.<\/p>\n<h3><span class=\"ez-toc-section\" id=\"Definition_and_Operation\"><\/span>M\u00e4\u00e4ratlus ja toimimine<span class=\"ez-toc-section-end\"><\/span><\/h3>\n<p>Bitcoin Blackjack on traditsioonilise kasiinom\u00e4ngu digitaalne variant, mida m\u00e4ngitakse Bitcoin abil, mis on digitaalne valuuta. M\u00e4ngijad saavad teha panuseid, saada v\u00e4ljamakseid ja teha k\u00f5iki finantstehinguid, kasutades Bitcoin. Operatsioon tugineb plokiahelale, mis tagab l\u00e4bipaistvuse ja turvalisuse. Peamised komponendid on j\u00e4rgmised:<\/p>\n<ul>\n<li>Bitcoin Rahakotid: M\u00e4ngijad kasutavad neid raha hoiustamiseks ja v\u00e4ljav\u00f5tmiseks.<\/li>\n<li>T\u00f5en\u00e4oliselt \u00f5iglane tehnoloogia: V\u00f5imaldab m\u00e4ngijatel kontrollida iga jaotuse v\u00f5i k\u00e4e \u00f5iglust.<\/li>\n<\/ul>\n<h3><span class=\"ez-toc-section\" id=\"Key_Differences_From_Traditional_Blackjack\"><\/span>Peamised erinevused traditsioonilisest Blackjackist<span class=\"ez-toc-section-end\"><\/span><\/h3>\n<p>V\u00f5rreldes oma traditsioonilise kolleegiga on Bitcoin Blackjackil erilised erinevused:<\/p>\n<p><strong>Finantstehingud<\/strong>: Bitcoin Blackjack garanteerib kohesed hoiused ja v\u00e4ljamaksed, v\u00e4ltides traditsioonilisi pangaprotsesse ja tasusid.<\/p>\n<p><strong>Anon\u00fc\u00fcmsus<\/strong>: M\u00e4ngijad naudivad sageli suuremat privaatsust, kuna Bitcoin tehingud ei n\u00f5ua isikuandmeid samas ulatuses kui fiat-valuutad.<\/p>\n<p><strong>\u00dclemaailmne juurdep\u00e4\u00e4s<\/strong>: Kuna Bitcoin ei ole seotud keskpangaga, v\u00f5imaldab see erinevate jurisdiktsioonide m\u00e4ngijatel osaleda ilma kohalike hasartm\u00e4ngueeskirjade piiranguteta.<\/p>\n<p><strong>M\u00e4ngu \u00f5iglus<\/strong>: Plokiahela tehnoloogia kasutamine pakub t\u00f5estatavalt \u00f5iglast s\u00fcsteemi, mis v\u00f5imaldab m\u00e4ngijatel kontrollida iga m\u00e4nguvooru juhuslikkust ja \u00f5iglust.<\/p>\n<h2><span class=\"ez-toc-section\" id=\"Gameplay_Specifics\"><\/span>M\u00e4ngu spetsiifika<span class=\"ez-toc-section-end\"><\/span><\/h2>\n<p><img decoding=\"async\" src=\"https:\/\/coinkickoff.com\/wp-content\/uploads\/v2-3dgw4-jjeu5.jpg\" alt=\"\"><\/p>\n<p>Online-hasartm\u00e4ngude valdkonnas toob Bitcoin Blackjack m\u00e4rkimisv\u00e4\u00e4rseid muudatusi tehinguprotsessides ja turvaprotokollides, parandades m\u00e4ngijate kogemust erinevalt.<\/p>\n<h3><span class=\"ez-toc-section\" id=\"Digital_Transactions_in_Gameplay\"><\/span>Digitaalsed tehingud m\u00e4ngus<span class=\"ez-toc-section-end\"><\/span><\/h3>\n<p>Bitcoin Blackjack v\u00f5imaldab kasutada kr\u00fcptovaluutat panuste ja v\u00e4ljamaksete tegemiseks. M\u00e4ngijad peavad <strong>tagatisraha Bitcoin<\/strong> oma kasiino rahakotti alustada ja <a href=\"https:\/\/coinkickoff.com\/et\/bitcoin-casino\/cash-in-bitcoin-casino-winnings\/\" data-internallinksmanager029f6b8e52c=\"211\" title=\"Kuidas Bitcoin kasiino v\u00f5idud sisse maksta: Samm-sammult juhend\">v\u00f5idud<\/a> on <strong>makstud Bitcoin<\/strong>, mis tagab tavaliselt kiirema tehinguaja kui traditsiooniline valuuta.<\/p>\n<h3><span class=\"ez-toc-section\" id=\"Use_of_Provably_Fair_Algorithms\"><\/span>T\u00f5en\u00e4oliselt \u00f5iglaste algoritmide kasutamine<span class=\"ez-toc-section-end\"><\/span><\/h3>\n<p>Bitcoin Blackjack'i tehnoloogia kasutab j\u00e4rgmist tehnoloogiat <strong>t\u00f5estatavalt \u00f5iglased algoritmid<\/strong>, tagades l\u00e4bipaistvuse ja \u00f5igluse. M\u00e4ngijad saavad kasutatava kaardipaki kr\u00fcpteeritud hashed ja p\u00e4rast m\u00e4ngu saavad nad kontrollida, et jagatud kaardid olid t\u00f5epoolest juhuslikud, kasutades neid samu samme:<\/p>\n<ol>\n<li>Saate kr\u00fcpteeritud hashi enne m\u00e4ngu algust.<\/li>\n<li>Pange m\u00e4ngimise ajal kaardide tulemusi t\u00e4hele.<\/li>\n<li>Kasutage m\u00e4nguj\u00e4rgset algoritmi hashi dekodeerimiseks ja v\u00f5rrelge seda m\u00e4ngu tulemusega.<\/li>\n<\/ol>\n<h3><span class=\"ez-toc-section\" id=\"Privacy_and_Anonymity_Aspects\"><\/span>Privaatsuse ja anon\u00fc\u00fcmsuse aspektid<span class=\"ez-toc-section-end\"><\/span><\/h3>\n<p>Bitcoin tehingud ei n\u00f5ua isikuandmeid, pakkudes seega suuremat privaatsust. M\u00e4ngijad saavad osaleda Blackjack-m\u00e4ngudes ilma delikaatseid andmeid avaldamata, meelitades seega inimesi, kes seavad prioriteediks <em>anon\u00fc\u00fcmsus<\/em> online-tegevuses.<\/p>\n<h2><span class=\"ez-toc-section\" id=\"Considerations_for_Players\"><\/span>M\u00f5tteid m\u00e4ngijatele<span class=\"ez-toc-section-end\"><\/span><\/h2>\n<p><img decoding=\"async\" src=\"https:\/\/coinkickoff.com\/wp-content\/uploads\/v2-3dgws-32uf3.jpg\" alt=\"\"><\/p>\n<p>Kui m\u00e4ngijad l\u00e4hevad traditsiooniliselt blackjackilt \u00fcle Bitcoin blackjackile, peavad nad olema teadlikud sellistest teguritest nagu kr\u00fcptovaluuta volatiilsus, \u00f5iguslikud aspektid ja veebiplatvormide turvameetmed.<\/p>\n<h3><span class=\"ez-toc-section\" id=\"Volatility_of_Bitcoin_Value\"><\/span>Bitcoin v\u00e4\u00e4rtuse volatiilsus<span class=\"ez-toc-section-end\"><\/span><\/h3>\n<p><strong>Bitcoin hind k\u00f5igub<\/strong> m\u00e4rkimisv\u00e4\u00e4rselt, mis v\u00f5ib m\u00f5jutada m\u00e4ngijate panustatavat rahasummat. N\u00e4iteks:<\/p>\n<ul>\n<li><strong>Kui Bitcoin v\u00e4\u00e4rtus suureneb<\/strong>: Panus 0,01 BTC v\u00f5ib olla v\u00e4\u00e4rt $50 \u00fchel p\u00e4eval ja $100 j\u00e4rgmisel p\u00e4eval.<\/li>\n<li><strong>Kui Bitcoin v\u00e4\u00e4rtus v\u00e4heneb<\/strong>: V\u00f5idud v\u00f5ivad nende v\u00e4ljav\u00f5tmise ajaks kaotada oma v\u00e4\u00e4rtust, mis m\u00f5jutab \u00fcldist kasumlikkust.<\/li>\n<\/ul>\n<h3><span class=\"ez-toc-section\" id=\"Legal_and_Regulatory_Implications\"><\/span>\u00d5iguslikud ja regulatiivsed tagaj\u00e4rjed<span class=\"ez-toc-section-end\"><\/span><\/h3>\n<p>Eri jurisdiktsioonides on erinevad seadused seoses <strong>kr\u00fcptovaluuta hasartm\u00e4ngud<\/strong>. M\u00e4ngijad peaksid kaaluma:<\/p>\n<ul>\n<li><strong>Seaduslikkus<\/strong>: M\u00f5nes piirkonnas on Bitcoin kasutamine blackjackis seaduslik, samas kui teistes piirkondades on see kas reguleeritud v\u00f5i keelatud.<\/li>\n<li><strong>Maksum\u00f5ju<\/strong>: Bitcoin-v\u00f5idud v\u00f5ivad olla maksustamisviisilt erinevad kui traditsioonilises valuutas, mis n\u00f5uab t\u00e4iendavat hoolsuskohustust.<\/li>\n<\/ul>\n<h3><span class=\"ez-toc-section\" id=\"Security_and_Trustworthiness\"><\/span>Turvalisus ja usaldusv\u00e4\u00e4rsus<span class=\"ez-toc-section-end\"><\/span><\/h3>\n<p>Usaldusv\u00e4\u00e4rse Bitcoin blackjacki teenusepakkuja valimine on kriitilise t\u00e4htsusega. M\u00e4ngijad peaksid otsima:<\/p>\n<ul>\n<li><strong>L\u00e4bipaistvad toimingud<\/strong>: Mainekad saidid annavad selget teavet oma m\u00e4ngude \u00f5igluse ja tegevuslubade kohta.<\/li>\n<li><strong>Turvameetmed<\/strong>: Piisav kaitse, nagu <strong>kahefaktoriline autentimine<\/strong> ja <strong>SSL kr\u00fcpteerimine<\/strong> kaitsta m\u00e4ngijate rahalisi vahendeid ja isikuandmeid.<\/li>\n<\/ul>\n<h2><span class=\"ez-toc-section\" id=\"Frequently_Asked_Questions\"><\/span>Korduma kippuvad k\u00fcsimused<span class=\"ez-toc-section-end\"><\/span><\/h2>\n<p><img decoding=\"async\" src=\"https:\/\/coinkickoff.com\/wp-content\/uploads\/v2-3dgx9-wx3hk.jpg\" alt=\"\"><\/p>\n<p>J\u00e4rgnevates alapeat\u00fckkides k\u00e4sitletakse tavap\u00e4raseid k\u00fcsimusi Bitcoin Blackjacki ja selle traditsioonilise vaste erinevuste kohta, keskendudes tehingu erinevustele, anon\u00fc\u00fcmsusele, m\u00e4ngureeglitele, koefitsientidele, turvameetmetele ja ligip\u00e4\u00e4setavusele.<\/p>\n<h3><span class=\"ez-toc-section\" id=\"What_are_the_differences_in_transaction_methods_between_Bitcoin_Blackjack_and_traditional_Blackjack\"><\/span>Millised on Bitcoin Blackjacki ja traditsioonilise Blackjacki tehingumeetodite erinevused?<span class=\"ez-toc-section-end\"><\/span><\/h3>\n<p>Bitcoin Blackjack kasutab panustamise ja v\u00e4ljamaksete tegemiseks kr\u00fcptovaluutasid, peamiselt Bitcoin, mis v\u00f5imaldab kiiremaid tehinguid ja sageli v\u00e4iksemaid t\u00f6\u00f6tlemistasusid. Traditsiooniline Blackjack tugineb tavaliselt fiat-valuutadele, mida t\u00f6\u00f6deldakse erinevate makses\u00fcsteemide, n\u00e4iteks krediitkaartide, panga\u00fclekannete v\u00f5i e-rahakottide kaudu.<\/p>\n<h3><span class=\"ez-toc-section\" id=\"Does_the_use_of_Bitcoin_in_Blackjack_affect_game_anonymity\"><\/span>Kas Bitcoin kasutamine Blackjackis m\u00f5jutab m\u00e4ngu anon\u00fc\u00fcmsust?<span class=\"ez-toc-section-end\"><\/span><\/h3>\n<p>Blackjacki m\u00e4ngimine Bitcoin-ga v\u00f5ib pakkuda suuremat anon\u00fc\u00fcmsust, kuna tehingud ei n\u00f5ua isiklikke finantsandmeid. M\u00e4ngijad peavad siiski arvestama, et t\u00e4ielik anon\u00fc\u00fcmsus ei pruugi olla tagatud platvormi poliitika v\u00f5i regulatiivsete n\u00f5uete t\u00f5ttu.<\/p>\n<h3><span class=\"ez-toc-section\" id=\"Are_there_any_variations_in_game_rules_for_Blackjack_when_playing_with_Bitcoin\"><\/span>Kas Bitcoin-ga m\u00e4ngides on Blackjacki m\u00e4ngureeglites mingeid erinevusi?<span class=\"ez-toc-section-end\"><\/span><\/h3>\n<p>Blackjacki p\u00f5hireeglid j\u00e4\u00e4vad Bitcoin Blackjackis muutumatuks. M\u00e4ngijate eesm\u00e4rk on v\u00f5ita diilerit, l\u00e4henedes 21-le, \u00fcletamata seda. Sellegipoolest v\u00f5ivad m\u00f5ned Bitcoin kasiinod pakkuda ainulaadseid variante v\u00f5i k\u00f5rvalpanuseid, mis on nende platvormile omased.<\/p>\n<h3><span class=\"ez-toc-section\" id=\"How_do_the_odds_or_payouts_differ_in_Bitcoin_Blackjack_compared_to_regular_Blackjack\"><\/span>Kuidas erinevad Bitcoin Blackjacki koefitsiendid v\u00f5i v\u00e4ljamaksed v\u00f5rreldes tavalise Blackjackiga?<span class=\"ez-toc-section-end\"><\/span><\/h3>\n<p>Bitcoin Blackjackis on koefitsiendid ja v\u00e4ljamaksed tavaliselt samad, mis traditsioonilises Blackjackis, j\u00e4rgides kasiinode tavapraktikat. Siiski v\u00f5ivad Bitcoin kasiinod pakkuda atraktiivsemaid koefitsiente v\u00f5i boonus v\u00e4ljamakseid, et meelitada m\u00e4ngijaid kasutama kr\u00fcptovaluutasid.<\/p>\n<h3><span class=\"ez-toc-section\" id=\"What_security_measures_are_unique_to_Bitcoin_Blackjack_games\"><\/span>Millised turvameetmed on unikaalsed Bitcoin Blackjack-m\u00e4ngude puhul?<span class=\"ez-toc-section-end\"><\/span><\/h3>\n<p>Bitcoin Blackjack sisaldab plokiahela tehnoloogiat, mis tagab detsentraliseeritud tehingu kontrollimise ja suurema turvalisuse. M\u00f5ned kasiinod pakuvad ka t\u00f5estatavalt \u00f5iglasi algoritme, mis v\u00f5imaldavad m\u00e4ngijatel kontrollida iga k\u00e4e \u00f5iglust p\u00e4rast selle m\u00e4ngimist.<\/p>\n<h3><span class=\"ez-toc-section\" id=\"Can_Bitcoin_Blackjack_be_played_from_regions_where_traditional_online_gambling_is_restricted\"><\/span>Kas Bitcoin Blackjacki saab m\u00e4ngida piirkondades, kus traditsioonilised online-hasartm\u00e4ngud on piiratud?<span class=\"ez-toc-section-end\"><\/span><\/h3>\n<p>Bitcoin Blackjack on m\u00f5nikord k\u00e4ttesaadav jurisdiktsioonidest, kus traditsioonilistele online-hasartm\u00e4ngudele kehtivad piirangud t\u00e4nu Bitcoin detsentraliseeritud olemusele. M\u00e4ngijad peaksid siiski olema teadlikud kohalikest seadustest, kuna regulatsioonid v\u00f5ivad olla v\u00e4ga erinevad ja aja jooksul muutuda.<\/p>","protected":false},"excerpt":{"rendered":"<p>Vastutusest loobumine: Hasartm\u00e4ngudega kaasneb m\u00e4rkimisv\u00e4\u00e4rne rahaline risk. Palun m\u00e4ngige ainult sellise rahaga, mille kaotamist v\u00f5ite endale lubada. Allpool esitatud teave on ainult teavitamise eesm\u00e4rgil. Meile v\u00f5idakse maksta komisjonitasu, kui registreerute ja kaotate raha m\u00f5nes j\u00e4rgmises kasiinos. K\u00f5ik kasiinod ei ole k\u00f5igis riikides saadaval. Kogu teave, mida me [...]<\/p>","protected":false},"author":1,"featured_media":4586,"parent":4440,"menu_order":0,"comment_status":"closed","ping_status":"closed","template":"","meta":{"_genesis_hide_title":false,"_genesis_hide_breadcrumbs":false,"_genesis_hide_singular_image":false,"_genesis_hide_footer_widgets":false,"_genesis_custom_body_class":"","_genesis_custom_post_class":"","_genesis_layout":"","_glsr_average":0,"_glsr_ranking":0,"_glsr_reviews":0,"footnotes":""},"class_list":{"0":"post-4585","1":"page","2":"type-page","3":"status-publish","4":"has-post-thumbnail","6":"entry"},"featured_image_src":"https:\/\/coinkickoff.com\/wp-content\/uploads\/v2-3dgvp-hoj5o-600x400.jpg","featured_image_src_square":"https:\/\/coinkickoff.com\/wp-content\/uploads\/v2-3dgvp-hoj5o-600x600.jpg","_links":{"self":[{"href":"https:\/\/coinkickoff.com\/et\/wp-json\/wp\/v2\/pages\/4585","targetHints":{"allow":["GET"]}}],"collection":[{"href":"https:\/\/coinkickoff.com\/et\/wp-json\/wp\/v2\/pages"}],"about":[{"href":"https:\/\/coinkickoff.com\/et\/wp-json\/wp\/v2\/types\/page"}],"author":[{"embeddable":true,"href":"https:\/\/coinkickoff.com\/et\/wp-json\/wp\/v2\/users\/1"}],"replies":[{"embeddable":true,"href":"https:\/\/coinkickoff.com\/et\/wp-json\/wp\/v2\/comments?post=4585"}],"version-history":[{"count":3,"href":"https:\/\/coinkickoff.com\/et\/wp-json\/wp\/v2\/pages\/4585\/revisions"}],"predecessor-version":[{"id":4592,"href":"https:\/\/coinkickoff.com\/et\/wp-json\/wp\/v2\/pages\/4585\/revisions\/4592"}],"up":[{"embeddable":true,"href":"https:\/\/coinkickoff.com\/et\/wp-json\/wp\/v2\/pages\/4440"}],"wp:featuredmedia":[{"embeddable":true,"href":"https:\/\/coinkickoff.com\/et\/wp-json\/wp\/v2\/media\/4586"}],"wp:attachment":[{"href":"https:\/\/coinkickoff.com\/et\/wp-json\/wp\/v2\/media?parent=4585"}],"curies":[{"name":"wp","href":"https:\/\/api.w.org\/{rel}","templated":true}]}}