{"id":4575,"date":"2026-01-08T14:08:04","date_gmt":"2026-01-08T14:08:04","guid":{"rendered":"https:\/\/coinkickoff.com\/?page_id=4575"},"modified":"2026-01-08T14:08:04","modified_gmt":"2026-01-08T14:08:04","slug":"how-are-bitcoin-casinos-different","status":"publish","type":"page","link":"https:\/\/coinkickoff.com\/et\/bitcoin-casino\/how-are-bitcoin-casinos-different\/","title":{"rendered":"Kuidas erinevad Bitcoin kasiinod traditsioonilistest kasiinodest?"},"content":{"rendered":"<p><em>Vastutusest loobumine: Hasartm\u00e4ngudega kaasneb m\u00e4rkimisv\u00e4\u00e4rne rahaline risk. Palun m\u00e4ngige ainult sellise rahaga, mille kaotamist v\u00f5ite endale lubada. Allpool esitatud teave on ainult teavitamise eesm\u00e4rgil. Meile v\u00f5idakse maksta komisjonitasu, kui te registreerute ja kaotate raha m\u00f5nel j\u00e4rgneval m\u00e4ngul <a href=\"https:\/\/coinkickoff.com\/et\/bitcoin-casino\/\" data-internallinksmanager029f6b8e52c=\"200\" title=\"3 parimat Bitcoin kr\u00fcptokassot koos boonustega\">kasiinod<\/a>. K\u00f5ik kasiinod ei ole k\u00f5igis riikides saadaval. Kogu teave on meie arvates avaldamise ajal \u00f5ige, kuid see v\u00f5ib vahepeal muutunud olla.<\/em><\/p>\n<div id=\"ez-toc-container\" class=\"ez-toc-v2_0_80 counter-hierarchy ez-toc-counter ez-toc-transparent ez-toc-container-direction\">\n<div class=\"ez-toc-title-container\">\n<p class=\"ez-toc-title\" style=\"cursor:inherit\">Jaotised<\/p>\n<span class=\"ez-toc-title-toggle\"><a href=\"#\" class=\"ez-toc-pull-right ez-toc-btn ez-toc-btn-xs ez-toc-btn-default ez-toc-toggle\" aria-label=\"Sisukorra vaheldumine\"><span class=\"ez-toc-js-icon-con\"><span class=\"\"><span class=\"eztoc-hide\" style=\"display:none;\">Toggle<\/span><span class=\"ez-toc-icon-toggle-span\"><svg style=\"fill: #999;color:#999\" xmlns=\"http:\/\/www.w3.org\/2000\/svg\" class=\"list-377408\" width=\"20px\" height=\"20px\" viewbox=\"0 0 24 24\" fill=\"none\"><path d=\"M6 6H4v2h2V6zm14 0H8v2h12V6zM4 11h2v2H4v-2zm16 0H8v2h12v-2zM4 16h2v2H4v-2zm16 0H8v2h12v-2z\" fill=\"currentColor\"><\/path><\/svg><svg style=\"fill: #999;color:#999\" class=\"arrow-unsorted-368013\" xmlns=\"http:\/\/www.w3.org\/2000\/svg\" width=\"10px\" height=\"10px\" viewbox=\"0 0 24 24\" version=\"1.2\" baseprofile=\"tiny\"><path d=\"M18.2 9.3l-6.2-6.3-6.2 6.3c-.2.2-.3.4-.3.7s.1.5.3.7c.2.2.4.3.7.3h11c.3 0 .5-.1.7-.3.2-.2.3-.5.3-.7s-.1-.5-.3-.7zM5.8 14.7l6.2 6.3 6.2-6.3c.2-.2.3-.5.3-.7s-.1-.5-.3-.7c-.2-.2-.4-.3-.7-.3h-11c-.3 0-.5.1-.7.3-.2.2-.3.5-.3.7s.1.5.3.7z\"\/><\/svg><\/span><\/span><\/span><\/a><\/span><\/div>\n<nav><ul class='ez-toc-list ez-toc-list-level-1 eztoc-toggle-hide-by-default' ><li class='ez-toc-page-1 ez-toc-heading-level-2'><a class=\"ez-toc-link ez-toc-heading-1\" href=\"https:\/\/coinkickoff.com\/et\/bitcoin-casino\/how-are-bitcoin-casinos-different\/#Fundamental_Differences_Between_Bitcoin_and_Traditional_Casinos\" >P\u00f5hilised erinevused Bitcoin ja traditsiooniliste kasiinode vahel<\/a><ul class='ez-toc-list-level-3' ><li class='ez-toc-heading-level-3'><a class=\"ez-toc-link ez-toc-heading-2\" href=\"https:\/\/coinkickoff.com\/et\/bitcoin-casino\/how-are-bitcoin-casinos-different\/#Currency_Used_for_Transactions\" >Tehinguteks kasutatav valuuta<\/a><\/li><li class='ez-toc-page-1 ez-toc-heading-level-3'><a class=\"ez-toc-link ez-toc-heading-3\" href=\"https:\/\/coinkickoff.com\/et\/bitcoin-casino\/how-are-bitcoin-casinos-different\/#Operational_Transparency\" >Operatiivne l\u00e4bipaistvus<\/a><\/li><li class='ez-toc-page-1 ez-toc-heading-level-3'><a class=\"ez-toc-link ez-toc-heading-4\" href=\"https:\/\/coinkickoff.com\/et\/bitcoin-casino\/how-are-bitcoin-casinos-different\/#Legal_and_Regulatory_Landscape\" >\u00d5iguslik ja regulatiivne raamistik<\/a><\/li><\/ul><\/li><li class='ez-toc-page-1 ez-toc-heading-level-2'><a class=\"ez-toc-link ez-toc-heading-5\" href=\"https:\/\/coinkickoff.com\/et\/bitcoin-casino\/how-are-bitcoin-casinos-different\/#Technological_Aspects_of_Bitcoin_Casinos\" >Bitcoin kasiinode tehnoloogilised aspektid<\/a><ul class='ez-toc-list-level-3' ><li class='ez-toc-heading-level-3'><a class=\"ez-toc-link ez-toc-heading-6\" href=\"https:\/\/coinkickoff.com\/et\/bitcoin-casino\/how-are-bitcoin-casinos-different\/#Blockchain_Technology_Implementation\" >Blockchain tehnoloogia rakendamine<\/a><\/li><li class='ez-toc-page-1 ez-toc-heading-level-3'><a class=\"ez-toc-link ez-toc-heading-7\" href=\"https:\/\/coinkickoff.com\/et\/bitcoin-casino\/how-are-bitcoin-casinos-different\/#Provably_Fair_Gaming_Mechanisms\" >T\u00f5en\u00e4oliselt \u00f5iglased m\u00e4ngumehhanismid<\/a><\/li><li class='ez-toc-page-1 ez-toc-heading-level-3'><a class=\"ez-toc-link ez-toc-heading-8\" href=\"https:\/\/coinkickoff.com\/et\/bitcoin-casino\/how-are-bitcoin-casinos-different\/#Anonymity_and_Security_Features\" >Anon\u00fc\u00fcmsus ja turvaelemendid<\/a><\/li><\/ul><\/li><li class='ez-toc-page-1 ez-toc-heading-level-2'><a class=\"ez-toc-link ez-toc-heading-9\" href=\"https:\/\/coinkickoff.com\/et\/bitcoin-casino\/how-are-bitcoin-casinos-different\/#User_Experience_in_Bitcoin_versus_Regular_Casinos\" >Kasutajakogemus Bitcoin versus tavalised kasiinod<\/a><ul class='ez-toc-list-level-3' ><li class='ez-toc-heading-level-3'><a class=\"ez-toc-link ez-toc-heading-10\" href=\"https:\/\/coinkickoff.com\/et\/bitcoin-casino\/how-are-bitcoin-casinos-different\/#Account_Funding_and_Withdrawal_Process\" >Konto rahastamise ja v\u00e4ljav\u00f5tmise protsess<\/a><\/li><li class='ez-toc-page-1 ez-toc-heading-level-3'><a class=\"ez-toc-link ez-toc-heading-11\" href=\"https:\/\/coinkickoff.com\/et\/bitcoin-casino\/how-are-bitcoin-casinos-different\/#Bonuses_and_Incentives\" >Boonused ja stiimulid<\/a><\/li><li class='ez-toc-page-1 ez-toc-heading-level-3'><a class=\"ez-toc-link ez-toc-heading-12\" href=\"https:\/\/coinkickoff.com\/et\/bitcoin-casino\/how-are-bitcoin-casinos-different\/#Geographical_Accessibility_and_Restrictions\" >Geograafiline k\u00e4ttesaadavus ja piirangud<\/a><\/li><\/ul><\/li><li class='ez-toc-page-1 ez-toc-heading-level-2'><a class=\"ez-toc-link ez-toc-heading-13\" href=\"https:\/\/coinkickoff.com\/et\/bitcoin-casino\/how-are-bitcoin-casinos-different\/#Frequently_Asked_Questions\" >Korduma kippuvad k\u00fcsimused<\/a><ul class='ez-toc-list-level-3' ><li class='ez-toc-heading-level-3'><a class=\"ez-toc-link ez-toc-heading-14\" href=\"https:\/\/coinkickoff.com\/et\/bitcoin-casino\/how-are-bitcoin-casinos-different\/#What_factors_make_crypto_casinos_more_advantageous_than_traditional_ones\" >Millised tegurid muudavad kr\u00fcptokasiinod traditsioonilistest kasiinodest soodsamaks?<\/a><\/li><li class='ez-toc-page-1 ez-toc-heading-level-3'><a class=\"ez-toc-link ez-toc-heading-15\" href=\"https:\/\/coinkickoff.com\/et\/bitcoin-casino\/how-are-bitcoin-casinos-different\/#Are_there_any_risks_associated_with_using_Bitcoin_for_online_gambling\" >Kas Bitcoin kasutamine online-hasartm\u00e4ngude jaoks on seotud riskidega?<\/a><\/li><li class='ez-toc-page-1 ez-toc-heading-level-3'><a class=\"ez-toc-link ez-toc-heading-16\" href=\"https:\/\/coinkickoff.com\/et\/bitcoin-casino\/how-are-bitcoin-casinos-different\/#How_do_the_security_measures_in_Bitcoin_casinos_compare_to_those_in_traditional_casinos\" >Kuidas on Bitcoin kasiinode turvameetmed v\u00f5rreldavad traditsiooniliste kasiinode turvameetmetega?<\/a><\/li><li class='ez-toc-page-1 ez-toc-heading-level-3'><a class=\"ez-toc-link ez-toc-heading-17\" href=\"https:\/\/coinkickoff.com\/et\/bitcoin-casino\/how-are-bitcoin-casinos-different\/#Can_players_expect_provably_fair_gaming_in_Bitcoin_casinos\" >Kas m\u00e4ngijad v\u00f5ivad Bitcoin kasiinodes oodata t\u00f5estatavalt \u00f5iglast m\u00e4ngu?<\/a><\/li><li class='ez-toc-page-1 ez-toc-heading-level-3'><a class=\"ez-toc-link ez-toc-heading-18\" href=\"https:\/\/coinkickoff.com\/et\/bitcoin-casino\/how-are-bitcoin-casinos-different\/#What_are_the_unique_benefits_of_gambling_with_Bitcoin\" >Millised on Bitcoin-ga m\u00e4ngimise ainulaadsed eelised?<\/a><\/li><li class='ez-toc-page-1 ez-toc-heading-level-3'><a class=\"ez-toc-link ez-toc-heading-19\" href=\"https:\/\/coinkickoff.com\/et\/bitcoin-casino\/how-are-bitcoin-casinos-different\/#How_does_the_regulatory_landscape_for_Bitcoin_casinos_differ_from_traditional_gambling_venues\" >Kuidas erineb Bitcoin kasiinode regulatiivne maastik traditsioonilistest hasartm\u00e4ngukohtadest?<\/a><\/li><\/ul><\/li><\/ul><\/nav><\/div>\n<h2><span class=\"ez-toc-section\" id=\"Fundamental_Differences_Between_Bitcoin_and_Traditional_Casinos\"><\/span>P\u00f5hilised erinevused Bitcoin ja traditsiooniliste kasiinode vahel<span class=\"ez-toc-section-end\"><\/span><\/h2>\n<p><img decoding=\"async\" src=\"https:\/\/coinkickoff.com\/wp-content\/uploads\/v2-3dgrx-7h0pa.jpg\" alt=\"\"><\/p>\n<p><a href=\"https:\/\/coinkickoff.com\/et\/bitcoin-btc\/\" data-internallinksmanager029f6b8e52c=\"1\" title=\"Mis on Bitcoin (BTC)? Hind, ajalugu ja kust osta\">Bitcoin<\/a> kasiinod ja traditsioonilised kasiinod erinevad peamiselt v\u00e4\u00e4ringu, l\u00e4bipaistvuse taseme ja regulatiivse keskkonna poolest, milles nad tegutsevad.<\/p>\n<h3><span class=\"ez-toc-section\" id=\"Currency_Used_for_Transactions\"><\/span>Tehinguteks kasutatav valuuta<span class=\"ez-toc-section-end\"><\/span><\/h3>\n<p><strong>Bitcoin Kasiinod:<\/strong> Tehinguid tehakse kr\u00fcptovaluutade, n\u00e4iteks Bitcoin abil, <a href=\"https:\/\/coinkickoff.com\/et\/ethereum-eth\/\" data-internallinksmanager029f6b8e52c=\"2\" title=\"Mis on Ethereum (ETH)? Hind, ajalugu ja kust osta\">Ethereum<\/a>v\u00f5i muud altcoins. Need digitaalsed valuutad h\u00f5lbustavad anon\u00fc\u00fcmseid tehinguid, sageli madalamate tasude ja kiirema t\u00f6\u00f6tlemisajaga v\u00f5rreldes fiat-valuutadega.<\/p>\n<ul>\n<li><strong>Anon\u00fc\u00fcmsus:<\/strong> Kasutajad saavad teha tehinguid ilma isikuandmeid avaldamata.<\/li>\n<li><strong>Tasud:<\/strong> Sageli madalamad kui krediitkaartide v\u00f5i panga\u00fclekannetega seotud kulud.<\/li>\n<li><strong>Kiirus:<\/strong> Tehinguid t\u00f6\u00f6deldakse kiiresti, m\u00f5nikord m\u00f5ne minuti jooksul.<\/li>\n<\/ul>\n<p><strong>Traditsioonilised kasiinod:<\/strong> Need asutused kasutavad k\u00f5igi tehingute puhul tavaliselt fiatvaluutat, n\u00e4iteks USD, EUR v\u00f5i GBP. Selline traditsiooniline pangandus h\u00f5lmab \u00fcksikasjalikku arvestuse pidamist ja isikusamasuse kontrollimist.<\/p>\n<ul>\n<li><strong>Isikuandmed:<\/strong> Tehingud n\u00f5uavad isikuandmete avaldamist.<\/li>\n<li><strong>Tasud:<\/strong> Tehingute eest v\u00f5idakse kohaldada k\u00f5rgemaid tasusid.<\/li>\n<li><strong>T\u00f6\u00f6tlemisaeg:<\/strong> Raha \u00fclekandmiseks v\u00f5i kliirimiseks v\u00f5ib kuluda p\u00e4evi.<\/li>\n<\/ul>\n<h3><span class=\"ez-toc-section\" id=\"Operational_Transparency\"><\/span>Operatiivne l\u00e4bipaistvus<span class=\"ez-toc-section-end\"><\/span><\/h3>\n<p><strong>Bitcoin Kasiinod:<\/strong> Need kipuvad pakkuma suuremat l\u00e4bipaistvust t\u00e4nu kr\u00fcptovaluutatehingute aluseks olevale plokiahela tehnoloogiale. Blockchain pakub avalikku, muutumatut <a href=\"https:\/\/coinkickoff.com\/et\/what-is-ledger-wallet\/\" data-internallinksmanager029f6b8e52c=\"167\" title=\"Ledger Wallet Arvamused 2023: Tasud, omadused, turvalisus, plussid ja miinused\">pearaamat<\/a>tehes tehinguajaloo kergesti k\u00e4ttesaadavaks ja kontrollitavaks.<\/p>\n<ul>\n<li><strong>T\u00f5en\u00e4oliselt \u00f5iglane:<\/strong> M\u00f5ned Bitcoin kasiinod kasutavad \"t\u00f5estatavalt \u00f5iglasi\" algoritme, mis v\u00f5imaldavad m\u00e4ngijatel kontrollida iga m\u00e4ngutulemuse \u00f5iglust.<\/li>\n<\/ul>\n<p><strong>Traditsioonilised kasiinod:<\/strong> L\u00e4bipaistvus on reguleeritud hasartm\u00e4nguasutuste poolt, kuid sisemised toimingud ja m\u00e4ngu algoritmid ei ole tavaliselt avalikkusele auditeerimiseks v\u00f5i kontrollimiseks k\u00e4ttesaadavad.<\/p>\n<ul>\n<li><strong>Reguleeritud \u00f5iglus:<\/strong> M\u00e4ngu \u00f5iglus on sertifitseeritud reguleerivate asutuste poolt, kuid tarkvara \u00fcksikasjalikke mehhanisme ei avalikustata.<\/li>\n<\/ul>\n<h3><span class=\"ez-toc-section\" id=\"Legal_and_Regulatory_Landscape\"><\/span>\u00d5iguslik ja regulatiivne raamistik<span class=\"ez-toc-section-end\"><\/span><\/h3>\n<p><strong>Bitcoin Kasiinod:<\/strong> Nad tegutsevad kiiresti arenevas \u00f5iguslikus raamistikus. Paljud piirkonnad ei ole veel m\u00e4\u00e4ratlenud selgeid \u00f5igusakte, mis reguleeriksid kr\u00fcptovaluutade kasutamist hasartm\u00e4ngudes, mis toob kaasa n\u00f5uetele vastavuse n\u00f5uete killustiku.<\/p>\n<ul>\n<li><strong>Muutuv reguleerimine:<\/strong> \u00d5iguslik staatus v\u00f5ib kiiresti muutuda ja vastavus on jurisdiktsiooniti erinev.<\/li>\n<li><strong>\u00dclemaailmne juurdep\u00e4\u00e4s:<\/strong> S\u00f5ltuvalt kohalikest \u00f5igusaktidest on see sageli k\u00e4ttesaadav kogu maailmas.<\/li>\n<\/ul>\n<p><strong>Traditsioonilised kasiinod:<\/strong> Kehtestatud valitsusasutuste range reguleerimise all kogu maailmas. Nende suhtes kehtivad ranged seadused ja m\u00e4\u00e4rused, mis reguleerivad nende litsentseerimist, tegevust ja finantsaruandlust.<\/p>\n<ul>\n<li><strong>Range j\u00e4relevalve:<\/strong> Mitmete \u00f5iguslike ja finantseeskirjade j\u00e4rgimine on kohustuslik.<\/li>\n<li><strong>Geograafilised piirangud:<\/strong> Tavaliselt on nad kohustatud tegutsema oma litsentse v\u00e4ljastava asutuse jurisdiktsiooni piires.<\/li>\n<\/ul>\n<h2><span class=\"ez-toc-section\" id=\"Technological_Aspects_of_Bitcoin_Casinos\"><\/span>Bitcoin kasiinode tehnoloogilised aspektid<span class=\"ez-toc-section-end\"><\/span><\/h2>\n<p><img decoding=\"async\" src=\"https:\/\/coinkickoff.com\/wp-content\/uploads\/v2-3dgss-o0d7k.jpg\" alt=\"\"><\/p>\n<p>Bitcoin kasiinod eristuvad t\u00e4iustatud tehnoloogia abil, mis pakub suuremat turvalisust, \u00f5iglust ja l\u00e4bipaistvust. See tehnoloogiline eelis on ilmne selles, kuidas nad tehinguid k\u00e4itlevad, \u00f5iglust kontrollivad ja privaatsust s\u00e4ilitavad.<\/p>\n<h3><span class=\"ez-toc-section\" id=\"Blockchain_Technology_Implementation\"><\/span>Blockchain tehnoloogia rakendamine<span class=\"ez-toc-section-end\"><\/span><\/h3>\n<p><strong>Bitcoin kasiinod<\/strong> kasutavad plokiahela tehnoloogiat, et h\u00f5lbustada kr\u00fcptoraha tehinguid. Veebileht <strong>blockchain<\/strong> on detsentraliseeritud pearaamat, mis registreerib k\u00f5ik tehingud arvutiv\u00f5rgus. See tagab, et:<\/p>\n<ul>\n<li><strong>Tehingud<\/strong> on <strong>l\u00e4bipaistev<\/strong> ja <strong>muutumatu<\/strong>.<\/li>\n<li>M\u00e4ngijad saavad hoiustada ja tagasi v\u00f5tta <strong>bitcoins<\/strong> otse, <strong>v\u00e4listades vajaduse kolmandate pangandusasutuste j\u00e4rele.<\/strong>.<\/li>\n<\/ul>\n<h3><span class=\"ez-toc-section\" id=\"Provably_Fair_Gaming_Mechanisms\"><\/span>T\u00f5en\u00e4oliselt \u00f5iglased m\u00e4ngumehhanismid<span class=\"ez-toc-section-end\"><\/span><\/h3>\n<p>Bitcoin kasiinode tunnuseks on t\u00f5eliselt \u00f5iglane m\u00e4ngimine. See s\u00fcsteem kasutab kr\u00fcptograafilisi algoritme, et tagada iga m\u00e4ngu \u00f5iglus. Olulised punktid on j\u00e4rgmised:<\/p>\n<ul>\n<li>See v\u00f5imaldab m\u00e4ngijatel <strong>kontrollida juhuslikkust<\/strong> m\u00e4ngu tulemuste kohta.<\/li>\n<li>Kasiinod pakuvad <strong>hash-v\u00f5ti<\/strong> mida saab anal\u00fc\u00fcsida m\u00e4ngu j\u00e4rel, et kinnitada m\u00e4ngu \u00f5iglust.<\/li>\n<\/ul>\n<h3><span class=\"ez-toc-section\" id=\"Anonymity_and_Security_Features\"><\/span>Anon\u00fc\u00fcmsus ja turvaelemendid<span class=\"ez-toc-section-end\"><\/span><\/h3>\n<p>Bitcoin kasiinod pakuvad suuremat <strong>anon\u00fc\u00fcmsus<\/strong> ja <strong>turvalisus<\/strong>. Nad rakendavad erinevaid funktsioone, mis kaitsevad nii m\u00e4ngija identiteeti kui ka raha, n\u00e4iteks:<\/p>\n<ul>\n<li><strong>Kahefaktoriline autentimine (2FA)<\/strong> kasutajakontode kaitsmiseks.<\/li>\n<li><strong>Minimaalne isiklik teave<\/strong> vajalik konto loomiseks, s\u00e4ilitades kasutaja <strong>anon\u00fc\u00fcmsus<\/strong>.<\/li>\n<\/ul>\n<h2><span class=\"ez-toc-section\" id=\"User_Experience_in_Bitcoin_versus_Regular_Casinos\"><\/span>Kasutajakogemus Bitcoin versus tavalised kasiinod<span class=\"ez-toc-section-end\"><\/span><\/h2>\n<p><img decoding=\"async\" src=\"https:\/\/coinkickoff.com\/wp-content\/uploads\/v2-3dgt7-n76he.jpg\" alt=\"\"><\/p>\n<p>Bitcoin kasiinode kasutajakogemus pakub traditsioonilistest kasiinodest erinevaid funktsioone, eriti kontohalduse, boonuste ja \u00fclemaailmse ligip\u00e4\u00e4setavuse osas.<\/p>\n<h3><span class=\"ez-toc-section\" id=\"Account_Funding_and_Withdrawal_Process\"><\/span>Konto rahastamise ja v\u00e4ljav\u00f5tmise protsess<span class=\"ez-toc-section-end\"><\/span><\/h3>\n<p>Bitcoin kasiinod v\u00f5imaldavad kasutajatel <strong>rahastada oma kontosid<\/strong> otse kr\u00fcptovaluutade abil, mille tulemuseks on tavaliselt <em>kiiremad tehinguajad<\/em> ja <em>madalamad tasud<\/em> kui tavalised kasiinod, mis tuginevad traditsioonilistele pangandusmeetoditele.<\/p>\n<p><strong>Tagasiv\u00f5tuajad<\/strong>vastupidi, on tavaliselt ka <strong>kiirem<\/strong> Bitcoin kasiinodes, kuna pangat\u00f6\u00f6tlemisaegade vajadus on kadunud. Need kasiinod v\u00f5ivad sageli uhkeldada <strong>kohene v\u00f5i peaaegu kohene v\u00e4ljamakse<\/strong> v\u00f5imekus, mis on vastuolus tavalistes kasiinodes sageli esinevate hilinenud t\u00f6\u00f6tlemisaegadega.<\/p>\n<h3><span class=\"ez-toc-section\" id=\"Bonuses_and_Incentives\"><\/span>Boonused ja stiimulid<span class=\"ez-toc-section-end\"><\/span><\/h3>\n<p>Struktuur <strong>boonused ja stiimulid<\/strong> v\u00f5ib oluliselt erineda. Bitcoin kasiinod v\u00f5ivad pakkuda:<\/p>\n<ul>\n<li>K\u00f5rgemad <strong>tervitusboonused<\/strong><\/li>\n<li><strong>Lojaalsuspreemiad<\/strong> Bitcoin v\u00f5i muude kr\u00fcptovaluutade kujul<\/li>\n<\/ul>\n<p>Traditsioonilised kasiinod pakuvad sageli mitmesuguseid boonuseid, kuid need ei pruugi vastata Bitcoin kasiinodes leiduvatele tulusatele pakkumistele, kuna digitaalsete valuutade tehingu- ja tegevuskulud on madalamad.<\/p>\n<h3><span class=\"ez-toc-section\" id=\"Geographical_Accessibility_and_Restrictions\"><\/span>Geograafiline k\u00e4ttesaadavus ja piirangud<span class=\"ez-toc-section-end\"><\/span><\/h3>\n<p>Bitcoin kasiinod pakuvad \u00fcldiselt <strong>suurem ligip\u00e4\u00e4setavus<\/strong> kuna neid ei seo samad regulatiivsed piirangud, mis m\u00f5jutavad tavalisi kasiinosid.<\/p>\n<ul>\n<li>Tegevused aastal <strong>mitu jurisdiktsiooni<\/strong> ilma kohaliku pangainfrastruktuuri vajaduseta<\/li>\n<li>M\u00e4ngijate vastuv\u00f5tmine alates <strong>rangete hasartm\u00e4ngureeglitega piirkonnad<\/strong>, vastavalt kohalikele \u00f5igusaktidele<\/li>\n<\/ul>\n<p>Kasutajatel soovitatakse siiski j\u00e4\u00e4da <strong>teavitada oma kohalikest \u00f5igusaktidest<\/strong> tagada vastavus Bitcoin kasiinodele juurdep\u00e4\u00e4sul, isegi nende laiema ulatusega.<\/p>\n<h2><span class=\"ez-toc-section\" id=\"Frequently_Asked_Questions\"><\/span>Korduma kippuvad k\u00fcsimused<span class=\"ez-toc-section-end\"><\/span><\/h2>\n<p><img decoding=\"async\" src=\"https:\/\/coinkickoff.com\/wp-content\/uploads\/v2-3dgtr-7frp8.jpg\" alt=\"\"><\/p>\n<p>K\u00e4esolevas osas k\u00e4sitletakse sageli esitatud k\u00fcsimusi Bitcoin kasiinode ja traditsiooniliste kasiinode erinevuste kohta, et anda selgema arusaama neist kahest kasiinost.<\/p>\n<h3><span class=\"ez-toc-section\" id=\"What_factors_make_crypto_casinos_more_advantageous_than_traditional_ones\"><\/span>Millised tegurid muudavad kr\u00fcptokasiinod traditsioonilistest kasiinodest soodsamaks?<span class=\"ez-toc-section-end\"><\/span><\/h3>\n<p>Kr\u00fcptokassod pakuvad ainulaadseid eeliseid, sealhulgas koheseid tehinguid ja v\u00e4hendatud tehingutasusid. Samuti pakuvad nad kasutajatele suuremat anon\u00fc\u00fcmsust, mida traditsioonilised kasiinod ei suuda saavutada, kuna nad s\u00f5ltuvad pangandus- ja isikuandmetest.<\/p>\n<h3><span class=\"ez-toc-section\" id=\"Are_there_any_risks_associated_with_using_Bitcoin_for_online_gambling\"><\/span>Kas Bitcoin kasutamine online-hasartm\u00e4ngude jaoks on seotud riskidega?<span class=\"ez-toc-section-end\"><\/span><\/h3>\n<p>Kasutajad seisavad silmitsi teatud riskidega, nagu Bitcoin v\u00e4\u00e4rtuse suur volatiilsus ja v\u00f5imalikud turvaohud, n\u00e4iteks h\u00e4kkimine. Lisaks v\u00f5ib reguleerimise puudumine olla kahe teraga m\u00f5\u00f5k, mis kujutab endast nii vabadust kui ka riski.<\/p>\n<h3><span class=\"ez-toc-section\" id=\"How_do_the_security_measures_in_Bitcoin_casinos_compare_to_those_in_traditional_casinos\"><\/span>Kuidas on Bitcoin kasiinode turvameetmed v\u00f5rreldavad traditsiooniliste kasiinode turvameetmetega?<span class=\"ez-toc-section-end\"><\/span><\/h3>\n<p>Bitcoin kasiinod rakendavad tavaliselt t\u00e4iustatud kr\u00fcpteerimistehnoloogiaid ja on ehitatud turvalistele plokiahela v\u00f5rkudele. See on vastuolus traditsiooniliste kasiinodega, mis s\u00f5ltuvad tavap\u00e4rastest turva- ja finantss\u00fcsteemidest, mis on haavatavad erinevatele riskidele.<\/p>\n<h3><span class=\"ez-toc-section\" id=\"Can_players_expect_provably_fair_gaming_in_Bitcoin_casinos\"><\/span>Kas m\u00e4ngijad v\u00f5ivad Bitcoin kasiinodes oodata t\u00f5estatavalt \u00f5iglast m\u00e4ngu?<span class=\"ez-toc-section-end\"><\/span><\/h3>\n<p>Paljud Bitcoin kasiinod pakuvad t\u00f5estatavalt \u00f5iglast m\u00e4ngu, mis v\u00f5imaldab m\u00e4ngijatel kontrollida iga m\u00e4ngu \u00f5iglust plokiahela tehnoloogia abil. See on l\u00e4bipaistvuse tase, mida traditsioonilised online-hasartm\u00e4ngude saite ei pruugi pakkuda.<\/p>\n<h3><span class=\"ez-toc-section\" id=\"What_are_the_unique_benefits_of_gambling_with_Bitcoin\"><\/span>Millised on Bitcoin-ga m\u00e4ngimise ainulaadsed eelised?<span class=\"ez-toc-section-end\"><\/span><\/h3>\n<p>Hasartm\u00e4ngud Bitcoin-ga tagavad, et tehingud j\u00e4\u00e4vad diskreetseks ja turvaliseks t\u00e4nu plokiahela tehnoloogia kasutamisele. Samuti pakub see potentsiaalselt madalamaid tasusid ja tagab, et m\u00e4ngijad saavad m\u00e4ngida ilma geograafiliste piiranguteta.<\/p>\n<h3><span class=\"ez-toc-section\" id=\"How_does_the_regulatory_landscape_for_Bitcoin_casinos_differ_from_traditional_gambling_venues\"><\/span>Kuidas erineb Bitcoin kasiinode regulatiivne maastik traditsioonilistest hasartm\u00e4ngukohtadest?<span class=\"ez-toc-section-end\"><\/span><\/h3>\n<p>Bitcoin kasiinod tegutsevad sageli reguleerimata keskkonnas, sest paljud valitsused ei tunnusta kr\u00fcptovaluutasid ametliku valuutana. See on vastuolus traditsiooniliste kasiinodega, mille suhtes kehtivad ranged regulatiivsed raamistikud.<\/p>","protected":false},"excerpt":{"rendered":"<p>Vastutusest loobumine: Hasartm\u00e4ngudega kaasneb m\u00e4rkimisv\u00e4\u00e4rne rahaline risk. Palun m\u00e4ngige ainult sellise rahaga, mille kaotamist v\u00f5ite endale lubada. Allpool esitatud teave on ainult teavitamise eesm\u00e4rgil. Meile v\u00f5idakse maksta komisjonitasu, kui registreerute ja kaotate raha m\u00f5nes j\u00e4rgmises kasiinos. K\u00f5ik kasiinod ei ole k\u00f5igis riikides saadaval. Kogu teave, mida me [...]<\/p>","protected":false},"author":1,"featured_media":4576,"parent":4440,"menu_order":0,"comment_status":"closed","ping_status":"closed","template":"","meta":{"_genesis_hide_title":false,"_genesis_hide_breadcrumbs":false,"_genesis_hide_singular_image":false,"_genesis_hide_footer_widgets":false,"_genesis_custom_body_class":"","_genesis_custom_post_class":"","_genesis_layout":"","_glsr_average":0,"_glsr_ranking":0,"_glsr_reviews":0,"footnotes":""},"class_list":{"0":"post-4575","1":"page","2":"type-page","3":"status-publish","4":"has-post-thumbnail","6":"entry"},"featured_image_src":"https:\/\/coinkickoff.com\/wp-content\/uploads\/v2-3dgrx-7h0pa-600x400.jpg","featured_image_src_square":"https:\/\/coinkickoff.com\/wp-content\/uploads\/v2-3dgrx-7h0pa-600x600.jpg","_links":{"self":[{"href":"https:\/\/coinkickoff.com\/et\/wp-json\/wp\/v2\/pages\/4575","targetHints":{"allow":["GET"]}}],"collection":[{"href":"https:\/\/coinkickoff.com\/et\/wp-json\/wp\/v2\/pages"}],"about":[{"href":"https:\/\/coinkickoff.com\/et\/wp-json\/wp\/v2\/types\/page"}],"author":[{"embeddable":true,"href":"https:\/\/coinkickoff.com\/et\/wp-json\/wp\/v2\/users\/1"}],"replies":[{"embeddable":true,"href":"https:\/\/coinkickoff.com\/et\/wp-json\/wp\/v2\/comments?post=4575"}],"version-history":[{"count":3,"href":"https:\/\/coinkickoff.com\/et\/wp-json\/wp\/v2\/pages\/4575\/revisions"}],"predecessor-version":[{"id":4582,"href":"https:\/\/coinkickoff.com\/et\/wp-json\/wp\/v2\/pages\/4575\/revisions\/4582"}],"up":[{"embeddable":true,"href":"https:\/\/coinkickoff.com\/et\/wp-json\/wp\/v2\/pages\/4440"}],"wp:featuredmedia":[{"embeddable":true,"href":"https:\/\/coinkickoff.com\/et\/wp-json\/wp\/v2\/media\/4576"}],"wp:attachment":[{"href":"https:\/\/coinkickoff.com\/et\/wp-json\/wp\/v2\/media?parent=4575"}],"curies":[{"name":"wp","href":"https:\/\/api.w.org\/{rel}","templated":true}]}}