{"id":4404,"date":"2026-01-08T14:07:11","date_gmt":"2026-01-08T14:07:11","guid":{"rendered":"https:\/\/coinkickoff.com\/?page_id=4404"},"modified":"2026-01-08T14:07:11","modified_gmt":"2026-01-08T14:07:11","slug":"how-to-buy-litecoin-on-kucoin","status":"publish","type":"page","link":"https:\/\/coinkickoff.com\/et\/how-to-buy-litecoin\/how-to-buy-litecoin-on-kucoin\/","title":{"rendered":"Kuidas osta Litecoin kohta Kucoin"},"content":{"rendered":"<div id=\"ez-toc-container\" class=\"ez-toc-v2_0_80 counter-hierarchy ez-toc-counter ez-toc-transparent ez-toc-container-direction\">\n<div class=\"ez-toc-title-container\">\n<p class=\"ez-toc-title\" style=\"cursor:inherit\">Jaotised<\/p>\n<span class=\"ez-toc-title-toggle\"><a href=\"#\" class=\"ez-toc-pull-right ez-toc-btn ez-toc-btn-xs ez-toc-btn-default ez-toc-toggle\" aria-label=\"Sisukorra vaheldumine\"><span class=\"ez-toc-js-icon-con\"><span class=\"\"><span class=\"eztoc-hide\" style=\"display:none;\">Toggle<\/span><span class=\"ez-toc-icon-toggle-span\"><svg style=\"fill: #999;color:#999\" xmlns=\"http:\/\/www.w3.org\/2000\/svg\" class=\"list-377408\" width=\"20px\" height=\"20px\" viewbox=\"0 0 24 24\" fill=\"none\"><path d=\"M6 6H4v2h2V6zm14 0H8v2h12V6zM4 11h2v2H4v-2zm16 0H8v2h12v-2zM4 16h2v2H4v-2zm16 0H8v2h12v-2z\" fill=\"currentColor\"><\/path><\/svg><svg style=\"fill: #999;color:#999\" class=\"arrow-unsorted-368013\" xmlns=\"http:\/\/www.w3.org\/2000\/svg\" width=\"10px\" height=\"10px\" viewbox=\"0 0 24 24\" version=\"1.2\" baseprofile=\"tiny\"><path d=\"M18.2 9.3l-6.2-6.3-6.2 6.3c-.2.2-.3.4-.3.7s.1.5.3.7c.2.2.4.3.7.3h11c.3 0 .5-.1.7-.3.2-.2.3-.5.3-.7s-.1-.5-.3-.7zM5.8 14.7l6.2 6.3 6.2-6.3c.2-.2.3-.5.3-.7s-.1-.5-.3-.7c-.2-.2-.4-.3-.7-.3h-11c-.3 0-.5.1-.7.3-.2.2-.3.5-.3.7s.1.5.3.7z\"\/><\/svg><\/span><\/span><\/span><\/a><\/span><\/div>\n<nav><ul class='ez-toc-list ez-toc-list-level-1 eztoc-toggle-hide-by-default' ><li class='ez-toc-page-1 ez-toc-heading-level-2'><a class=\"ez-toc-link ez-toc-heading-1\" href=\"https:\/\/coinkickoff.com\/et\/how-to-buy-litecoin\/how-to-buy-litecoin-on-kucoin\/#How_to_Buy_Litecoin_on_Kucoin\" >Kuidas osta Litecoin kohta Kucoin<\/a><\/li><li class='ez-toc-page-1 ez-toc-heading-level-2'><a class=\"ez-toc-link ez-toc-heading-2\" href=\"https:\/\/coinkickoff.com\/et\/how-to-buy-litecoin\/how-to-buy-litecoin-on-kucoin\/#A_Step-By-Step_Guide_on_How_to_Buy_Litecoin_on_Kucoin\" >Samm-sammult juhend, kuidas osta Litecoin kohta Kucoin<\/a><ul class='ez-toc-list-level-3' ><li class='ez-toc-heading-level-3'><a class=\"ez-toc-link ez-toc-heading-3\" href=\"https:\/\/coinkickoff.com\/et\/how-to-buy-litecoin\/how-to-buy-litecoin-on-kucoin\/#1_Register_an_Account\" >1. Registreeri konto<\/a><\/li><li class='ez-toc-page-1 ez-toc-heading-level-3'><a class=\"ez-toc-link ez-toc-heading-4\" href=\"https:\/\/coinkickoff.com\/et\/how-to-buy-litecoin\/how-to-buy-litecoin-on-kucoin\/#2_Verify_Your_Account\" >2. Kontrollida oma kontot<\/a><\/li><li class='ez-toc-page-1 ez-toc-heading-level-3'><a class=\"ez-toc-link ez-toc-heading-5\" href=\"https:\/\/coinkickoff.com\/et\/how-to-buy-litecoin\/how-to-buy-litecoin-on-kucoin\/#3_Deposit_Crypto\" >3. Deposiit kr\u00fcpto<\/a><\/li><li class='ez-toc-page-1 ez-toc-heading-level-3'><a class=\"ez-toc-link ez-toc-heading-6\" href=\"https:\/\/coinkickoff.com\/et\/how-to-buy-litecoin\/how-to-buy-litecoin-on-kucoin\/#4_Navigate_to_the_Relevant_Screen_to_Buy\" >4. Navigeerige ostmiseks vastavale ekraanile<\/a><ul class='ez-toc-list-level-4' ><li class='ez-toc-heading-level-4'><a class=\"ez-toc-link ez-toc-heading-7\" href=\"https:\/\/coinkickoff.com\/et\/how-to-buy-litecoin\/how-to-buy-litecoin-on-kucoin\/#Fast_Trade\" >Kiire kaubandus<\/a><\/li><li class='ez-toc-page-1 ez-toc-heading-level-4'><a class=\"ez-toc-link ez-toc-heading-8\" href=\"https:\/\/coinkickoff.com\/et\/how-to-buy-litecoin\/how-to-buy-litecoin-on-kucoin\/#Third-Party\" >Kolmandate isikute<\/a><\/li><li class='ez-toc-page-1 ez-toc-heading-level-4'><a class=\"ez-toc-link ez-toc-heading-9\" href=\"https:\/\/coinkickoff.com\/et\/how-to-buy-litecoin\/how-to-buy-litecoin-on-kucoin\/#How_to_Buy_Litecoin_with_Crypto\" >Kuidas osta Litecoin koos kr\u00fcptoga<\/a><\/li><\/ul><\/li><\/ul><\/li><\/ul><\/nav><\/div>\n<h2><span class=\"ez-toc-section\" id=\"How_to_Buy_Litecoin_on_Kucoin\"><\/span><span style=\"font-weight: 400;\">Kuidas osta Litecoin kohta Kucoin<\/span><span class=\"ez-toc-section-end\"><\/span><\/h2>\n<p><span style=\"font-weight: 400;\">Kui vajate juhiseid, kuidas osta <a href=\"https:\/\/coinkickoff.com\/et\/litecoin-ltc\/\" data-internallinksmanager029f6b8e52c=\"21\" title=\"Mis on Litecoin (LTC)? Hind, ajalugu ja kust osta\">Litecoin<\/a> aadressil <a href=\"https:\/\/coinkickoff.com\/et\/kucoin-review\/\" data-internallinksmanager029f6b8e52c=\"153\" title=\"KuCoin Arvamused 2023: Tasud, turvalisus, pro ja miinused\">Kucoin<\/a>olete \u00f5iges kohas! Vaatame, kuidas osta LTC kohta Kucoin m\u00f5ne lihtsa sammuga.<\/span><\/p>\n<h2><span class=\"ez-toc-section\" id=\"A_Step-By-Step_Guide_on_How_to_Buy_Litecoin_on_Kucoin\"><\/span><span style=\"font-weight: 400;\">Samm-sammult juhend, kuidas osta Litecoin kohta Kucoin<\/span><span class=\"ez-toc-section-end\"><\/span><\/h2>\n<h3><span class=\"ez-toc-section\" id=\"1_Register_an_Account\"><\/span><span style=\"font-weight: 400;\">1. Registreeri konto<\/span><span class=\"ez-toc-section-end\"><\/span><\/h3>\n<p><img loading=\"lazy\" decoding=\"async\" class=\"alignnone wp-image-3269 size-full\" src=\"https:\/\/coinkickoff.com\/wp-content\/uploads\/kucoin-register.png\" alt=\"osta doge kohta kucoin register\" width=\"1421\" height=\"788\" srcset=\"https:\/\/coinkickoff.com\/wp-content\/uploads\/kucoin-register.png 1421w, https:\/\/coinkickoff.com\/wp-content\/uploads\/kucoin-register-300x166.png 300w, https:\/\/coinkickoff.com\/wp-content\/uploads\/kucoin-register-1024x568.png 1024w, https:\/\/coinkickoff.com\/wp-content\/uploads\/kucoin-register-768x426.png 768w, https:\/\/coinkickoff.com\/wp-content\/uploads\/kucoin-register-18x10.png 18w\" sizes=\"auto, (max-width: 1421px) 100vw, 1421px\" \/><\/p>\n<p><span style=\"font-weight: 400;\">Minge <\/span><a href=\"https:\/\/www.kucoin.com\/r\/af\/rMJPV3B\" target=\"_blank\" rel=\"noopener\"><span style=\"font-weight: 400;\">Kucoin<\/span><\/a><span style=\"font-weight: 400;\"> veebisait ja registreeruge oma e-posti v\u00f5i telefoninumbri abil.\u00a0<\/span><\/p>\n<h3><span class=\"ez-toc-section\" id=\"2_Verify_Your_Account\"><\/span><span style=\"font-weight: 400;\">2. Kontrollida oma kontot<\/span><span class=\"ez-toc-section-end\"><\/span><\/h3>\n<p><span style=\"font-weight: 400;\">Kui teil on digitaalsed varad, millega saate kaubelda Litecoin vastu, ei pea te oma isikut t\u00f5endama. V\u00f5ite minna j\u00e4rgmisele sammule, et n\u00e4ha, kuidas hoiustada kr\u00fcptovarasid Kucoin.<\/span><\/p>\n<p><span style=\"font-weight: 400;\">Kui sul ei ole veel \u00fchtegi digitaalset vara, siis pole muret! Identiteedi kontrollimine on v\u00e4ga lihtne ja seda saab teha m\u00f5ne minutiga.<\/span><\/p>\n<p><span style=\"font-weight: 400;\">N\u00e4ete oma kasutajanime lehek\u00fclje paremal \u00fclaosas. See viib teid oma kasutaja profiili.<\/span><\/p>\n<p><span style=\"font-weight: 400;\">Mine oma profiili vahekaardile \"Identiteedi kontrollimine\" ja kl\u00f5psa \"T\u00e4iustatud funktsioonide\" puhul \"Kontrollida\".<\/span><\/p>\n<p><img loading=\"lazy\" decoding=\"async\" class=\"alignnone wp-image-3272 size-full\" src=\"https:\/\/coinkickoff.com\/wp-content\/uploads\/kucoin-identity-verification.png\" alt=\"kucoin id kontroll 1\" width=\"1420\" height=\"785\" srcset=\"https:\/\/coinkickoff.com\/wp-content\/uploads\/kucoin-identity-verification.png 1420w, https:\/\/coinkickoff.com\/wp-content\/uploads\/kucoin-identity-verification-300x166.png 300w, https:\/\/coinkickoff.com\/wp-content\/uploads\/kucoin-identity-verification-1024x566.png 1024w, https:\/\/coinkickoff.com\/wp-content\/uploads\/kucoin-identity-verification-768x425.png 768w, https:\/\/coinkickoff.com\/wp-content\/uploads\/kucoin-identity-verification-18x10.png 18w\" sizes=\"auto, (max-width: 1420px) 100vw, 1420px\" \/><\/p>\n<p><span style=\"font-weight: 400;\">T\u00e4iustatud verifitseerimise l\u00f5puleviimine v\u00f5imaldab teil Kucoin-l fiatraha sisse maksta ja v\u00e4lja v\u00f5tta. Samuti suurendab see m\u00e4rkimisv\u00e4\u00e4rselt teie kauplemis- ja v\u00e4ljav\u00f5tmislimiite.<\/span><\/p>\n<p><span style=\"font-weight: 400;\">Kontrollimiss\u00fcsteem on lihtne - lihtsalt t\u00e4itke isikuandmete k\u00fcsimustik, laadige \u00fcles valitsuse v\u00e4ljastatud isikut t\u00f5endav dokument, et kontrollida oma andmeid, ja t\u00e4itke n\u00e4o kontrollimine.<\/span><\/p>\n<p><img loading=\"lazy\" decoding=\"async\" class=\"alignnone wp-image-3270 size-full\" src=\"https:\/\/coinkickoff.com\/wp-content\/uploads\/kucoin-id-verification-2.png\" alt=\"kucoin identiteedi kontroll 2\" width=\"1407\" height=\"706\" srcset=\"https:\/\/coinkickoff.com\/wp-content\/uploads\/kucoin-id-verification-2.png 1407w, https:\/\/coinkickoff.com\/wp-content\/uploads\/kucoin-id-verification-2-300x151.png 300w, https:\/\/coinkickoff.com\/wp-content\/uploads\/kucoin-id-verification-2-1024x514.png 1024w, https:\/\/coinkickoff.com\/wp-content\/uploads\/kucoin-id-verification-2-768x385.png 768w, https:\/\/coinkickoff.com\/wp-content\/uploads\/kucoin-id-verification-2-18x9.png 18w\" sizes=\"auto, (max-width: 1407px) 100vw, 1407px\" \/><\/p>\n<p><span style=\"font-weight: 400;\">Isikutunnistuse kinnitamiseks v\u00f5ite kasutada riiklikku isikutunnistust, juhiluba v\u00f5i passi lehek\u00fclge. Pange oma isikut t\u00f5endav dokument valmis ja kl\u00f5psake \"N\u00f5ustun ja j\u00e4tkan\".<\/span><\/p>\n<p><img loading=\"lazy\" decoding=\"async\" class=\"alignnone wp-image-3271 size-full\" src=\"https:\/\/coinkickoff.com\/wp-content\/uploads\/kucoin-id-verification-3.png\" alt=\"kucoin id kontroll 3 \" width=\"1412\" height=\"789\" srcset=\"https:\/\/coinkickoff.com\/wp-content\/uploads\/kucoin-id-verification-3.png 1412w, https:\/\/coinkickoff.com\/wp-content\/uploads\/kucoin-id-verification-3-300x168.png 300w, https:\/\/coinkickoff.com\/wp-content\/uploads\/kucoin-id-verification-3-1024x572.png 1024w, https:\/\/coinkickoff.com\/wp-content\/uploads\/kucoin-id-verification-3-768x429.png 768w, https:\/\/coinkickoff.com\/wp-content\/uploads\/kucoin-id-verification-3-18x10.png 18w\" sizes=\"auto, (max-width: 1412px) 100vw, 1412px\" \/><\/p>\n<p><span style=\"font-weight: 400;\">Sisestage oma andmed ja kl\u00f5psake nuppu \"J\u00e4rgmine\". J\u00e4rgige ekraanil kuvatavaid juhiseid, et viia l\u00f5pule isikusamasuse kontrollimine.<\/span><\/p>\n<h3><span class=\"ez-toc-section\" id=\"3_Deposit_Crypto\"><\/span><span style=\"font-weight: 400;\">3. Deposiit kr\u00fcpto<\/span><span class=\"ez-toc-section-end\"><\/span><\/h3>\n<p><span style=\"font-weight: 400;\">Kui teil on digitaalsed varad v\u00e4lises rahakotis, saate need Kucoin-le \u00fcle kanda ja vahetada need hetketurul LTC vastu. Kui see ei ole teie jaoks v\u00f5imalus, j\u00e4tkake j\u00e4rgmise sammuga, et n\u00e4ha, kuidas osta Litecoin fiat-raha.<\/span><\/p>\n<p><span style=\"font-weight: 400;\">Kl\u00f5psake veebilehe paremal \u00fclaosas oleval men\u00fc\u00fcs \"Varad\".<\/span><\/p>\n<p><img loading=\"lazy\" decoding=\"async\" class=\"alignnone wp-image-3273 size-full\" src=\"https:\/\/coinkickoff.com\/wp-content\/uploads\/kucoin-deposit.png\" alt=\"kucoin deposiit 1\" width=\"1427\" height=\"758\" srcset=\"https:\/\/coinkickoff.com\/wp-content\/uploads\/kucoin-deposit.png 1427w, https:\/\/coinkickoff.com\/wp-content\/uploads\/kucoin-deposit-300x159.png 300w, https:\/\/coinkickoff.com\/wp-content\/uploads\/kucoin-deposit-1024x544.png 1024w, https:\/\/coinkickoff.com\/wp-content\/uploads\/kucoin-deposit-768x408.png 768w, https:\/\/coinkickoff.com\/wp-content\/uploads\/kucoin-deposit-18x10.png 18w\" sizes=\"auto, (max-width: 1427px) 100vw, 1427px\" \/><\/p>\n<p><span style=\"font-weight: 400;\">Siin n\u00e4ete k\u00f5iki oma saldosid. Kl\u00f5psake nupule \"Deposiit\" ja valige digitaalne valuuta, mida soovite kanda Kucoin-le.<\/span><\/p>\n<p><span style=\"font-weight: 400;\">N\u00e4iteks kui te andsite <a href=\"https:\/\/coinkickoff.com\/et\/tether-usdt\/\" data-internallinksmanager029f6b8e52c=\"3\" title=\"Mis on Tether (USDT)? Kuidas see t\u00f6\u00f6tab ja kust seda osta?\">USDT<\/a>, kl\u00f5psake USDT ja saate QR-koodi. See QR-kood t\u00e4histab teie USDT aadressi Kucoin-s. Kui soovite USDT Kucoin-le \u00fcle kanda, kasutage seda QR-koodi oma v\u00e4ljav\u00f5tteaadressina.<\/span><\/p>\n<p><span style=\"font-weight: 400;\">Palun \u00e4rge kunagi kasutage USDT rahakoti aadressi teiste kr\u00fcptovaluutade \u00fclekandmiseks. Iga rahakoti aadress on valuutaspetsiifiline: saate kanda BTC ainult j\u00e4rgmisele <a href=\"https:\/\/coinkickoff.com\/et\/bitcoin-btc\/\" data-internallinksmanager029f6b8e52c=\"1\" title=\"Mis on Bitcoin (BTC)? Hind, ajalugu ja kust osta\">Bitcoin<\/a> aadressi, ETH aadressi, ETH aadressi <a href=\"https:\/\/coinkickoff.com\/et\/ethereum-eth\/\" data-internallinksmanager029f6b8e52c=\"2\" title=\"Mis on Ethereum (ETH)? Hind, ajalugu ja kust osta\">Ethereum<\/a> aadress, <a href=\"https:\/\/coinkickoff.com\/et\/polkadot-dot\/\" data-internallinksmanager029f6b8e52c=\"12\" title=\"Mis on Polkadot (DOT)? Kuidas see t\u00f6\u00f6tab ja kust seda osta?\">Polkadot<\/a> aadressile DOT ja nii edasi.<\/span><\/p>\n<h3><span class=\"ez-toc-section\" id=\"4_Navigate_to_the_Relevant_Screen_to_Buy\"><\/span><span style=\"font-weight: 400;\">4. Navigeerige ostmiseks vastavale ekraanile<\/span><span class=\"ez-toc-section-end\"><\/span><\/h3>\n<p><span style=\"font-weight: 400;\">Kl\u00f5psake oma avalehel men\u00fc\u00fcs \"Buy Crypto\". N\u00e4ete mitmeid valikuid, n\u00e4iteks \"Kiirkaubandus\", \"P2P\" ja \"Kolmanda osapoolega\".<\/span><\/p>\n<p><span style=\"font-weight: 400;\">Litecoin ei saa osta P2P-tehingutega, kuid teised kaks on t\u00e4iesti eluj\u00f5ulised ja \u00fcsna lihtsasti kasutatavad.<\/span><\/p>\n<p><img loading=\"lazy\" decoding=\"async\" class=\"alignnone wp-image-3274 size-full\" src=\"https:\/\/coinkickoff.com\/wp-content\/uploads\/kucoin-buy-crypto.png\" alt=\"kucoin osta ekraan\" width=\"1418\" height=\"692\" srcset=\"https:\/\/coinkickoff.com\/wp-content\/uploads\/kucoin-buy-crypto.png 1418w, https:\/\/coinkickoff.com\/wp-content\/uploads\/kucoin-buy-crypto-300x146.png 300w, https:\/\/coinkickoff.com\/wp-content\/uploads\/kucoin-buy-crypto-1024x500.png 1024w, https:\/\/coinkickoff.com\/wp-content\/uploads\/kucoin-buy-crypto-768x375.png 768w, https:\/\/coinkickoff.com\/wp-content\/uploads\/kucoin-buy-crypto-18x9.png 18w\" sizes=\"auto, (max-width: 1418px) 100vw, 1418px\" \/><\/p>\n<p><span style=\"font-weight: 400;\">Peamine erinevus kiire kauplemise ja kolmanda osapoole tehingu vahel on makseviis. Kiirkaubanduse puhul saate Litecoin ostmiseks kasutada oma krediitkaarti ja kolmanda osapoole puhul saate kasutada selliseid makseprotsessoreid nagu Simplex ja Banxa.<\/span><\/p>\n<h4><span class=\"ez-toc-section\" id=\"Fast_Trade\"><\/span><span style=\"font-weight: 400;\">Kiire kaubandus<\/span><span class=\"ez-toc-section-end\"><\/span><\/h4>\n<p><span style=\"font-weight: 400;\">Sisestage summa, mida soovite investeerida, veergu \"Tahan kulutada\".<\/span><\/p>\n<h4><img loading=\"lazy\" decoding=\"async\" class=\"alignnone wp-image-3275 size-full\" style=\"font-family: Muli, sans-serif;\" src=\"https:\/\/coinkickoff.com\/wp-content\/uploads\/kucoin-buy-crypto-one-click.png\" alt=\"kucoin \u00fche kl\u00f5psuga osta\" width=\"1421\" height=\"770\" srcset=\"https:\/\/coinkickoff.com\/wp-content\/uploads\/kucoin-buy-crypto-one-click.png 1421w, https:\/\/coinkickoff.com\/wp-content\/uploads\/kucoin-buy-crypto-one-click-300x163.png 300w, https:\/\/coinkickoff.com\/wp-content\/uploads\/kucoin-buy-crypto-one-click-1024x555.png 1024w, https:\/\/coinkickoff.com\/wp-content\/uploads\/kucoin-buy-crypto-one-click-768x416.png 768w, https:\/\/coinkickoff.com\/wp-content\/uploads\/kucoin-buy-crypto-one-click-18x10.png 18w\" sizes=\"auto, (max-width: 1421px) 100vw, 1421px\" \/><\/h4>\n<p><span style=\"font-weight: 400;\">Seadke veerus \"Receive\" v\u00e4\u00e4rtuseks Litecoin.<\/span><\/p>\n<p><img loading=\"lazy\" decoding=\"async\" class=\"alignnone wp-image-3276 size-full\" src=\"https:\/\/coinkickoff.com\/wp-content\/uploads\/kucoin-select-paymnet-method.png\" alt=\"kuidas osta Polygon kohta Kucoin\" width=\"1424\" height=\"794\" srcset=\"https:\/\/coinkickoff.com\/wp-content\/uploads\/kucoin-select-paymnet-method.png 1424w, https:\/\/coinkickoff.com\/wp-content\/uploads\/kucoin-select-paymnet-method-300x167.png 300w, https:\/\/coinkickoff.com\/wp-content\/uploads\/kucoin-select-paymnet-method-1024x571.png 1024w, https:\/\/coinkickoff.com\/wp-content\/uploads\/kucoin-select-paymnet-method-768x428.png 768w, https:\/\/coinkickoff.com\/wp-content\/uploads\/kucoin-select-paymnet-method-18x10.png 18w\" sizes=\"auto, (max-width: 1424px) 100vw, 1424px\" \/><\/p>\n<p><span style=\"font-weight: 400;\">L\u00f5puks lisage makseviis. Nagu n\u00e4ete, on teil v\u00f5imalus lisada oma Kucoin kontole deebet- v\u00f5i krediitkaart. Kui olete kaardi lisanud, saate seda j\u00e4rgmisteks ostudeks kasutada.<\/span><\/p>\n<p><span style=\"font-weight: 400;\">Sisestage oma kaardiandmed ja vajutage \"Osta LTC\". Teile kuvatakse tellimuse \u00fcksikasjade eelvaade, sealhulgas k\u00f5ik tasud, mis kehtivad. Kui see tundub hea, kl\u00f5psake \"Kinnita\". Teie ostu sooritatakse koheselt.<\/span><\/p>\n<p><span style=\"font-weight: 400;\">Mis siis, kui te ei saa kasutada oma deebet-\/krediitkaarti, et osta Litecoin kiirkaubanduse kaudu? See v\u00f5ib juhtuda mitmete probleemide t\u00f5ttu, sealhulgas teie panga kehtestatud piirangute ja\/v\u00f5i Fast Trade'i t\u00f5rke t\u00f5ttu.<\/span><\/p>\n<p><span style=\"font-weight: 400;\">Te v\u00f5ite ka oma kaardiandmeid Kucoin-sse j\u00e4tta. Kui see on nii, v\u00f5ite valida kolmanda osapoole ostu.<\/span><\/p>\n<h4><span class=\"ez-toc-section\" id=\"Third-Party\"><\/span><span style=\"font-weight: 400;\">Kolmandate isikute<\/span><span class=\"ez-toc-section-end\"><\/span><\/h4>\n<p><span style=\"font-weight: 400;\">Kolmanda osapoole ost v\u00f5imaldab teil maksta oma ostu eest s\u00f5ltumatute maksekanalite kaudu. Need maksekanalid m\u00fc\u00fcvad teile kr\u00fcpto oma kursiga, mis on tavaliselt k\u00f5rgemad v\u00f5rreldes hetketuru kursiga, kuid v\u00f5rdsed kiirkaubanduse hindadega.<\/span><\/p>\n<p><img loading=\"lazy\" decoding=\"async\" class=\"alignnone wp-image-3278 size-full\" src=\"https:\/\/coinkickoff.com\/wp-content\/uploads\/kucoin-screenshot.png\" alt=\"Kuidas osta Cardano kohta Kucoin kuidas osta polkadot kohta Kucoin kuidas osta Litecoin kohta Kucoin\" width=\"1436\" height=\"673\" srcset=\"https:\/\/coinkickoff.com\/wp-content\/uploads\/kucoin-screenshot.png 1436w, https:\/\/coinkickoff.com\/wp-content\/uploads\/kucoin-screenshot-300x141.png 300w, https:\/\/coinkickoff.com\/wp-content\/uploads\/kucoin-screenshot-1024x480.png 1024w, https:\/\/coinkickoff.com\/wp-content\/uploads\/kucoin-screenshot-768x360.png 768w, https:\/\/coinkickoff.com\/wp-content\/uploads\/kucoin-screenshot-18x8.png 18w\" sizes=\"auto, (max-width: 1436px) 100vw, 1436px\" \/><\/p>\n<p><span style=\"font-weight: 400;\">Kolmanda osapoole ostu on v\u00e4ga lihtne navigeerida: sisestage summa, mida soovite kulutada, ja valige Litecoin valuutaks, mida soovite saada.<\/span><\/p>\n<p><span style=\"font-weight: 400;\">Valige makseviis ja makseprotsessor. J\u00e4tkamiseks kl\u00f5psake \"Kinnita\".<\/span><\/p>\n<p><span style=\"font-weight: 400;\">Siinkohal lahkute Kucoin veebisaidilt makset\u00f6\u00f6tleja veebisaidile. Kui teil on juba konto olemas, saate tehingu kohe l\u00f5pule viia. Kui teil ei ole kontot, saate selle kiiresti luua ja tehingu l\u00f5pule viia.\u00a0<\/span><\/p>\n<h4><span class=\"ez-toc-section\" id=\"How_to_Buy_Litecoin_with_Crypto\"><\/span><span style=\"font-weight: 400;\">Kuidas osta Litecoin koos kr\u00fcptoga<\/span><span class=\"ez-toc-section-end\"><\/span><\/h4>\n<p><span style=\"font-weight: 400;\">L\u00f5puks saate Litecoin osta Kucoin hetketurul kr\u00fcptovaluutadega.\u00a0<\/span><\/p>\n<p><span style=\"font-weight: 400;\">Valige oma armatuurlaual men\u00fc\u00fc \"Trade\" ja vajutage \"Spot Trading\". Lehek\u00fcljel n\u00e4ete mitmeid paarisuhteid, n\u00e4iteks BTC\/USDT, ETH\/USDT, <a href=\"https:\/\/coinkickoff.com\/et\/dogecoin-doge\/\" data-internallinksmanager029f6b8e52c=\"14\" title=\"Mis on Dogecoin (DOGE)? Kuidas see t\u00f6\u00f6tab ja kust seda osta?\">DOGE<\/a>\/USDT ja nii edasi.\u00a0<\/span><\/p>\n<p><span style=\"font-weight: 400;\">M\u00e4rkimisv\u00e4\u00e4rne osa k\u00f5igist kr\u00fcptokaubandustehingutest on nomineeritud USDT-s, seega saate osta ja m\u00fc\u00fca enamikku coins-d USDT eest, sealhulgas Litecoin.\u00a0<\/span><\/p>\n<p><span style=\"font-weight: 400;\">N\u00e4iteks kui teil on Polkadot, ei saa te seda otse Litecoin vastu vahetada, kuid te saate selle USDT vastu vahetada ja seej\u00e4rel kasutada USDT LTC ostmiseks.<\/span><\/p>\n<p><span style=\"font-weight: 400;\">K\u00f5igepealt valige kauplemispaar, mida soovite vahetada (n\u00e4iteks LTC\/USDT). Seej\u00e4rel t\u00e4itke tellimuse vorm, kohandades USDT summat, mida soovite kulutada LTC-le.<\/span><\/p>\n<p><span style=\"font-weight: 400;\">Kucoin v\u00f5imaldab teil panna \"Market\" ja \"Limit\" tellimusi. Algajatele soovitame valida turukorralduse. Kui soovite uurida teisi v\u00f5imalusi, siis tutvuge l\u00e4hemalt j\u00e4rgmisega <\/span><a href=\"https:\/\/www.kucoin.com\/support\/900006714063\" target=\"_blank\" rel=\"noopener\"><span style=\"font-weight: 400;\">erinevad tellimuse t\u00fc\u00fcbid<\/span><\/a><span style=\"font-weight: 400;\"> enne j\u00e4tkamist<\/span><\/p>\n<p><span style=\"font-weight: 400;\">Kui olete l\u00f5petanud, kl\u00f5psake nuppu \"Osta\".<\/span><\/p>\n<p><span style=\"font-weight: 400;\">Sa tead n\u00fc\u00fcd kolm erinevat v\u00f5imalust osta Litecoin kohta Kucoin! Kui teile meeldis meie \"<\/span><i><span style=\"font-weight: 400;\">Kuidas osta Litecoin kohta Kucoin\"<\/span><\/i><span style=\"font-weight: 400;\"> juhend, v\u00f5ib teile meeldida ka meie <\/span><a href=\"https:\/\/coinkickoff.com\/et\/crypto-exchanges\/\"><span style=\"font-weight: 400;\">vahetada kommentaare<\/span><\/a><span style=\"font-weight: 400;\"> ja <a href=\"https:\/\/coinkickoff.com\/et\/how-to-buy-bitcoin\/\">muud juhendid<\/a>.<\/span><\/p>","protected":false},"excerpt":{"rendered":"<p>Kuidas osta Litecoin on Kucoin Kui vajate juhiseid, kuidas osta Litecoin on Kucoin, olete \u00f5iges kohas! Vaatame, kuidas osta LTC on Kucoin m\u00f5ne lihtsa sammuga. Kuidas osta Litecoin on Kucoin 1. Registreeri konto Mine Kucoin [...]<\/p>","protected":false},"author":3,"featured_media":0,"parent":4392,"menu_order":0,"comment_status":"closed","ping_status":"closed","template":"","meta":{"_genesis_hide_title":false,"_genesis_hide_breadcrumbs":false,"_genesis_hide_singular_image":false,"_genesis_hide_footer_widgets":false,"_genesis_custom_body_class":"","_genesis_custom_post_class":"","_genesis_layout":"","_glsr_average":0,"_glsr_ranking":0,"_glsr_reviews":0,"footnotes":""},"class_list":{"0":"post-4404","1":"page","2":"type-page","3":"status-publish","5":"entry"},"featured_image_src":null,"featured_image_src_square":null,"_links":{"self":[{"href":"https:\/\/coinkickoff.com\/et\/wp-json\/wp\/v2\/pages\/4404","targetHints":{"allow":["GET"]}}],"collection":[{"href":"https:\/\/coinkickoff.com\/et\/wp-json\/wp\/v2\/pages"}],"about":[{"href":"https:\/\/coinkickoff.com\/et\/wp-json\/wp\/v2\/types\/page"}],"author":[{"embeddable":true,"href":"https:\/\/coinkickoff.com\/et\/wp-json\/wp\/v2\/users\/3"}],"replies":[{"embeddable":true,"href":"https:\/\/coinkickoff.com\/et\/wp-json\/wp\/v2\/comments?post=4404"}],"version-history":[{"count":2,"href":"https:\/\/coinkickoff.com\/et\/wp-json\/wp\/v2\/pages\/4404\/revisions"}],"predecessor-version":[{"id":4406,"href":"https:\/\/coinkickoff.com\/et\/wp-json\/wp\/v2\/pages\/4404\/revisions\/4406"}],"up":[{"embeddable":true,"href":"https:\/\/coinkickoff.com\/et\/wp-json\/wp\/v2\/pages\/4392"}],"wp:attachment":[{"href":"https:\/\/coinkickoff.com\/et\/wp-json\/wp\/v2\/media?parent=4404"}],"curies":[{"name":"wp","href":"https:\/\/api.w.org\/{rel}","templated":true}]}}