{"id":4236,"date":"2026-01-08T14:07:08","date_gmt":"2026-01-08T14:07:08","guid":{"rendered":"https:\/\/coinkickoff.com\/?page_id=4236"},"modified":"2026-01-08T14:07:08","modified_gmt":"2026-01-08T14:07:08","slug":"how-to-buy-polkadot-on-gemini","status":"publish","type":"page","link":"https:\/\/coinkickoff.com\/et\/how-to-buy-polkadot\/how-to-buy-polkadot-on-gemini\/","title":{"rendered":"Kuidas osta Polkadot Geminilt"},"content":{"rendered":"<div id=\"ez-toc-container\" class=\"ez-toc-v2_0_80 counter-hierarchy ez-toc-counter ez-toc-transparent ez-toc-container-direction\">\n<div class=\"ez-toc-title-container\">\n<p class=\"ez-toc-title\" style=\"cursor:inherit\">Jaotised<\/p>\n<span class=\"ez-toc-title-toggle\"><a href=\"#\" class=\"ez-toc-pull-right ez-toc-btn ez-toc-btn-xs ez-toc-btn-default ez-toc-toggle\" aria-label=\"Sisukorra vaheldumine\"><span class=\"ez-toc-js-icon-con\"><span class=\"\"><span class=\"eztoc-hide\" style=\"display:none;\">Toggle<\/span><span class=\"ez-toc-icon-toggle-span\"><svg style=\"fill: #999;color:#999\" xmlns=\"http:\/\/www.w3.org\/2000\/svg\" class=\"list-377408\" width=\"20px\" height=\"20px\" viewbox=\"0 0 24 24\" fill=\"none\"><path d=\"M6 6H4v2h2V6zm14 0H8v2h12V6zM4 11h2v2H4v-2zm16 0H8v2h12v-2zM4 16h2v2H4v-2zm16 0H8v2h12v-2z\" fill=\"currentColor\"><\/path><\/svg><svg style=\"fill: #999;color:#999\" class=\"arrow-unsorted-368013\" xmlns=\"http:\/\/www.w3.org\/2000\/svg\" width=\"10px\" height=\"10px\" viewbox=\"0 0 24 24\" version=\"1.2\" baseprofile=\"tiny\"><path d=\"M18.2 9.3l-6.2-6.3-6.2 6.3c-.2.2-.3.4-.3.7s.1.5.3.7c.2.2.4.3.7.3h11c.3 0 .5-.1.7-.3.2-.2.3-.5.3-.7s-.1-.5-.3-.7zM5.8 14.7l6.2 6.3 6.2-6.3c.2-.2.3-.5.3-.7s-.1-.5-.3-.7c-.2-.2-.4-.3-.7-.3h-11c-.3 0-.5.1-.7.3-.2.2-.3.5-.3.7s.1.5.3.7z\"\/><\/svg><\/span><\/span><\/span><\/a><\/span><\/div>\n<nav><ul class='ez-toc-list ez-toc-list-level-1 eztoc-toggle-hide-by-default' ><li class='ez-toc-page-1 ez-toc-heading-level-2'><a class=\"ez-toc-link ez-toc-heading-1\" href=\"https:\/\/coinkickoff.com\/et\/how-to-buy-polkadot\/how-to-buy-polkadot-on-gemini\/#How_to_Buy_Polkadot_on_Gemini\" >Kuidas osta Polkadot Geminilt<\/a><\/li><li class='ez-toc-page-1 ez-toc-heading-level-2'><a class=\"ez-toc-link ez-toc-heading-2\" href=\"https:\/\/coinkickoff.com\/et\/how-to-buy-polkadot\/how-to-buy-polkadot-on-gemini\/#A_Step-By-Step_Guide_on_How_to_Buy_Polkadot_on_Gemini\" >Samm-sammult juhend, kuidas osta Polkadot Geminilt<\/a><ul class='ez-toc-list-level-3' ><li class='ez-toc-heading-level-3'><a class=\"ez-toc-link ez-toc-heading-3\" href=\"https:\/\/coinkickoff.com\/et\/how-to-buy-polkadot\/how-to-buy-polkadot-on-gemini\/#1_Register_an_Account_and_Verify_Your_Identity\" >1. Registreerige konto ja kinnitage oma identiteet<\/a><\/li><li class='ez-toc-page-1 ez-toc-heading-level-3'><a class=\"ez-toc-link ez-toc-heading-4\" href=\"https:\/\/coinkickoff.com\/et\/how-to-buy-polkadot\/how-to-buy-polkadot-on-gemini\/#2_Add_a_Payment_Method\" >2. Lisage makseviis<\/a><\/li><li class='ez-toc-page-1 ez-toc-heading-level-3'><a class=\"ez-toc-link ez-toc-heading-5\" href=\"https:\/\/coinkickoff.com\/et\/how-to-buy-polkadot\/how-to-buy-polkadot-on-gemini\/#3_Navigate_to_the_Relevant_Screen_to_Buy\" >3. Navigeerige ostmiseks vastavale ekraanile<\/a><ul class='ez-toc-list-level-4' ><li class='ez-toc-heading-level-4'><a class=\"ez-toc-link ez-toc-heading-6\" href=\"https:\/\/coinkickoff.com\/et\/how-to-buy-polkadot\/how-to-buy-polkadot-on-gemini\/#Active_Trading\" >Aktiivne kauplemine<\/a><\/li><\/ul><\/li><\/ul><\/li><\/ul><\/nav><\/div>\n<h2><span class=\"ez-toc-section\" id=\"How_to_Buy_Polkadot_on_Gemini\"><\/span><span style=\"font-weight: 400;\">Kuidas osta Polkadot Geminilt<\/span><span class=\"ez-toc-section-end\"><\/span><\/h2>\n<p><span style=\"font-weight: 400;\">Kui soovite osta <a href=\"https:\/\/coinkickoff.com\/et\/polkadot-dot\/\">Polkadot<\/a> (DOT) kohta Gemini, olete \u00f5iges kohas. J\u00e4rgige meie kolmeastmelist juhendit, et teada saada, kuidas osta <a href=\"https:\/\/coinkickoff.com\/et\/polkadot-dot\/\" data-internallinksmanager029f6b8e52c=\"12\" title=\"Mis on Polkadot (DOT)? Kuidas see t\u00f6\u00f6tab ja kust seda osta?\">Polkadot<\/a> Kaksikud.<\/span><\/p>\n<p><span style=\"font-weight: 400;\">Aga enne kui alustate, palun vaadake meie <\/span><a href=\"https:\/\/coinkickoff.com\/et\/gemini-review\/\"><span style=\"font-weight: 400;\">Gemini l\u00e4bivaatamine<\/span><\/a><span style=\"font-weight: 400;\">. Gemini Earn kliendid on olnud <\/span><a href=\"https:\/\/www.bloomberg.com\/news\/articles\/2023-07-07\/winklevoss-s-gemini-crypto-exchange-sues-barry-silbert-and-dcg\" target=\"_blank\" rel=\"noopener\"><span style=\"font-weight: 400;\">ei saa tagasi v\u00f5tta<\/span><\/a><span style=\"font-weight: 400;\"> oma vara platvormilt kuude jooksul ja k\u00f5ige parem on tutvuda olukorraga, et m\u00f5ista kr\u00fcpto hoidmisega seotud riske Geminil.<\/span><\/p>\n<p><span style=\"font-weight: 400;\">J\u00e4rgmiseks, kuidas osta Polkadot Geminilt.<\/span><\/p>\n<h2><span class=\"ez-toc-section\" id=\"A_Step-By-Step_Guide_on_How_to_Buy_Polkadot_on_Gemini\"><\/span><span style=\"font-weight: 400;\">Samm-sammult juhend, kuidas osta Polkadot Geminilt<\/span><span class=\"ez-toc-section-end\"><\/span><\/h2>\n<h3><span class=\"ez-toc-section\" id=\"1_Register_an_Account_and_Verify_Your_Identity\"><\/span><span style=\"font-weight: 400;\">1. Registreerige konto ja kinnitage oma identiteet<\/span><span class=\"ez-toc-section-end\"><\/span><\/h3>\n<p><span style=\"font-weight: 400;\">L\u00e4heme <\/span><a href=\"https:\/\/gemini.com\" target=\"_blank\" rel=\"noopener\"><span style=\"font-weight: 400;\">Kaksikud<\/span><\/a><span style=\"font-weight: 400;\"> veebisait ja kl\u00f5psake \"Registreeru\".<\/span><\/p>\n<p><span style=\"font-weight: 400;\">Registreerumisel k\u00fcsib Gemini teilt palju teavet, sealhulgas teie perekonnanime, s\u00fcnnikuup\u00e4eva ja aadressi. Te peate sisestama k\u00f5ik andmed nii, nagu need on kirjas teie isikutunnistusel.<\/span><\/p>\n<p><span style=\"font-weight: 400;\"><img loading=\"lazy\" decoding=\"async\" class=\"alignnone wp-image-3690 size-full\" src=\"https:\/\/coinkickoff.com\/wp-content\/uploads\/Screen-Shot-2023-04-10-at-7.45.50-AM-e1684925675301.png\" alt=\"\" width=\"1439\" height=\"791\" srcset=\"https:\/\/coinkickoff.com\/wp-content\/uploads\/Screen-Shot-2023-04-10-at-7.45.50-AM-e1684925675301.png 1439w, https:\/\/coinkickoff.com\/wp-content\/uploads\/Screen-Shot-2023-04-10-at-7.45.50-AM-e1684925675301-300x165.png 300w, https:\/\/coinkickoff.com\/wp-content\/uploads\/Screen-Shot-2023-04-10-at-7.45.50-AM-e1684925675301-1024x563.png 1024w, https:\/\/coinkickoff.com\/wp-content\/uploads\/Screen-Shot-2023-04-10-at-7.45.50-AM-e1684925675301-768x422.png 768w, https:\/\/coinkickoff.com\/wp-content\/uploads\/Screen-Shot-2023-04-10-at-7.45.50-AM-e1684925675301-18x10.png 18w\" sizes=\"auto, (max-width: 1439px) 100vw, 1439px\" \/><\/span><\/p>\n<p><span style=\"font-weight: 400;\">J\u00e4tkamiseks vajutage nuppu \"Create Account\". <\/span><\/p>\n<p><span style=\"font-weight: 400;\"><img loading=\"lazy\" decoding=\"async\" class=\"alignnone wp-image-3697 size-full\" src=\"https:\/\/coinkickoff.com\/wp-content\/uploads\/Screen-Shot-2023-04-10-at-7.52.01-AM-e1684925865857.png\" alt=\"\" width=\"1274\" height=\"669\" srcset=\"https:\/\/coinkickoff.com\/wp-content\/uploads\/Screen-Shot-2023-04-10-at-7.52.01-AM-e1684925865857.png 1274w, https:\/\/coinkickoff.com\/wp-content\/uploads\/Screen-Shot-2023-04-10-at-7.52.01-AM-e1684925865857-300x158.png 300w, https:\/\/coinkickoff.com\/wp-content\/uploads\/Screen-Shot-2023-04-10-at-7.52.01-AM-e1684925865857-1024x538.png 1024w, https:\/\/coinkickoff.com\/wp-content\/uploads\/Screen-Shot-2023-04-10-at-7.52.01-AM-e1684925865857-768x403.png 768w, https:\/\/coinkickoff.com\/wp-content\/uploads\/Screen-Shot-2023-04-10-at-7.52.01-AM-e1684925865857-18x9.png 18w\" sizes=\"auto, (max-width: 1274px) 100vw, 1274px\" \/><\/span><\/p>\n<p><span style=\"font-weight: 400;\">Valige dokumendit\u00fc\u00fcp, mille soovite oma isikusamasuse t\u00f5endamiseks \u00fcles laadida. <\/span><\/p>\n<p><span style=\"font-weight: 400;\"><img loading=\"lazy\" decoding=\"async\" class=\"alignnone wp-image-3698 size-full\" src=\"https:\/\/coinkickoff.com\/wp-content\/uploads\/Screen-Shot-2023-04-10-at-7.52.08-AM-e1684925892934.png\" alt=\"\" width=\"1249\" height=\"701\" srcset=\"https:\/\/coinkickoff.com\/wp-content\/uploads\/Screen-Shot-2023-04-10-at-7.52.08-AM-e1684925892934.png 1249w, https:\/\/coinkickoff.com\/wp-content\/uploads\/Screen-Shot-2023-04-10-at-7.52.08-AM-e1684925892934-300x168.png 300w, https:\/\/coinkickoff.com\/wp-content\/uploads\/Screen-Shot-2023-04-10-at-7.52.08-AM-e1684925892934-1024x575.png 1024w, https:\/\/coinkickoff.com\/wp-content\/uploads\/Screen-Shot-2023-04-10-at-7.52.08-AM-e1684925892934-768x431.png 768w, https:\/\/coinkickoff.com\/wp-content\/uploads\/Screen-Shot-2023-04-10-at-7.52.08-AM-e1684925892934-18x10.png 18w, https:\/\/coinkickoff.com\/wp-content\/uploads\/Screen-Shot-2023-04-10-at-7.52.08-AM-e1684925892934-600x338.png 600w\" sizes=\"auto, (max-width: 1249px) 100vw, 1249px\" \/><\/span><\/p>\n<p><span style=\"font-weight: 400;\">Vajutage \"Get Secure link\". Kl\u00f5psake telefonis lingile, et p\u00e4\u00e4seda \u00fcleslaadimislehele ja viia registreerimine l\u00f5pule. \u00c4rge sulgege veebilehte enne, kui kinnitamine on l\u00f5petatud.<\/span><\/p>\n<h3><span class=\"ez-toc-section\" id=\"2_Add_a_Payment_Method\"><\/span><span style=\"font-weight: 400;\">2. Lisage makseviis<\/span><span class=\"ez-toc-section-end\"><\/span><\/h3>\n<p><span style=\"font-weight: 400;\">Vajutage oma armatuurlaual nuppu \"Konto\" ja valige <\/span><a href=\"https:\/\/exchange.gemini.com\/settings\/bank\" target=\"_blank\" rel=\"noopener\"><span style=\"font-weight: 400;\">Makseviisid<\/span><\/a><span style=\"font-weight: 400;\">. J\u00e4rgmisena lisate makseviisi.<\/span><\/p>\n<p><span style=\"font-weight: 400;\">Kui kl\u00f5psate \"Pangakonto k\u00e4sitsi lisamine\", saate juhised oma internetipanga konto \u00fchendamiseks Geminiga. Siseriiklikud panga\u00fclekanded on tavaliselt tasuta, kuid v\u00f5ivad v\u00f5tta kuni 5 t\u00f6\u00f6p\u00e4eva.\u00a0<\/span><\/p>\n<p><span style=\"font-weight: 400;\">Teise v\u00f5imalusena saate oma kontoga \u00fchendada deebetkaardi, et sooritada koheseid kr\u00fcptooste. Kui olete kaardi lisanud, saate Gemini funktsiooni Easy Buy abil m\u00f5ne minutiga osta Polkadot ja muid valuutasid.<\/span><\/p>\n<p><span style=\"font-weight: 400;\">Siiski on deebetkaardiostud kallimad kui panga\u00fclekanded. <\/span><\/p>\n<p><span style=\"font-weight: 400;\"><img loading=\"lazy\" decoding=\"async\" class=\"alignnone wp-image-3699 size-full\" src=\"https:\/\/coinkickoff.com\/wp-content\/uploads\/Screen-Shot-2023-04-10-at-8.05.13-AM-e1684925923198.png\" alt=\"\" width=\"1331\" height=\"680\" srcset=\"https:\/\/coinkickoff.com\/wp-content\/uploads\/Screen-Shot-2023-04-10-at-8.05.13-AM-e1684925923198.png 1331w, https:\/\/coinkickoff.com\/wp-content\/uploads\/Screen-Shot-2023-04-10-at-8.05.13-AM-e1684925923198-300x153.png 300w, https:\/\/coinkickoff.com\/wp-content\/uploads\/Screen-Shot-2023-04-10-at-8.05.13-AM-e1684925923198-1024x523.png 1024w, https:\/\/coinkickoff.com\/wp-content\/uploads\/Screen-Shot-2023-04-10-at-8.05.13-AM-e1684925923198-768x392.png 768w, https:\/\/coinkickoff.com\/wp-content\/uploads\/Screen-Shot-2023-04-10-at-8.05.13-AM-e1684925923198-18x9.png 18w\" sizes=\"auto, (max-width: 1331px) 100vw, 1331px\" \/><\/span><\/p>\n<p><span style=\"font-weight: 400;\">Valige meetod, mida soovite lisada, ja kl\u00f5psake nuppu \"Lisa\". Saate lisada mitu makseviisi.<\/span><\/p>\n<p><span style=\"font-weight: 400;\">Kui valite \"Pangakonto k\u00e4sitsi\", j\u00e4rgige ekraanil kuvatavaid juhiseid. Deebetkaardi lisamiseks j\u00e4rgige allj\u00e4rgnevaid juhiseid.<\/span><\/p>\n<p><span style=\"font-weight: 400;\"><img loading=\"lazy\" decoding=\"async\" class=\"alignnone wp-image-3700 size-full\" src=\"https:\/\/coinkickoff.com\/wp-content\/uploads\/Screen-Shot-2023-04-10-at-8.07.32-AM-e1684925955355.png\" alt=\"\" width=\"1180\" height=\"759\" srcset=\"https:\/\/coinkickoff.com\/wp-content\/uploads\/Screen-Shot-2023-04-10-at-8.07.32-AM-e1684925955355.png 1180w, https:\/\/coinkickoff.com\/wp-content\/uploads\/Screen-Shot-2023-04-10-at-8.07.32-AM-e1684925955355-300x193.png 300w, https:\/\/coinkickoff.com\/wp-content\/uploads\/Screen-Shot-2023-04-10-at-8.07.32-AM-e1684925955355-1024x659.png 1024w, https:\/\/coinkickoff.com\/wp-content\/uploads\/Screen-Shot-2023-04-10-at-8.07.32-AM-e1684925955355-768x494.png 768w, https:\/\/coinkickoff.com\/wp-content\/uploads\/Screen-Shot-2023-04-10-at-8.07.32-AM-e1684925955355-18x12.png 18w\" sizes=\"auto, (max-width: 1180px) 100vw, 1180px\" \/><\/span><\/p>\n<p><span style=\"font-weight: 400;\">Valige oma deebetkaardi valuuta. Gemini toetab USD, EUR, CAD, AUD, GBP, HKD ja SGD.<\/span><\/p>\n<p><span style=\"font-weight: 400;\"><img loading=\"lazy\" decoding=\"async\" class=\"alignnone wp-image-3701 size-full\" src=\"https:\/\/coinkickoff.com\/wp-content\/uploads\/Screen-Shot-2023-04-10-at-8.07.43-AM-e1684925980171.png\" alt=\"\" width=\"1231\" height=\"777\" srcset=\"https:\/\/coinkickoff.com\/wp-content\/uploads\/Screen-Shot-2023-04-10-at-8.07.43-AM-e1684925980171.png 1231w, https:\/\/coinkickoff.com\/wp-content\/uploads\/Screen-Shot-2023-04-10-at-8.07.43-AM-e1684925980171-300x189.png 300w, https:\/\/coinkickoff.com\/wp-content\/uploads\/Screen-Shot-2023-04-10-at-8.07.43-AM-e1684925980171-1024x646.png 1024w, https:\/\/coinkickoff.com\/wp-content\/uploads\/Screen-Shot-2023-04-10-at-8.07.43-AM-e1684925980171-768x485.png 768w, https:\/\/coinkickoff.com\/wp-content\/uploads\/Screen-Shot-2023-04-10-at-8.07.43-AM-e1684925980171-18x12.png 18w\" sizes=\"auto, (max-width: 1231px) 100vw, 1231px\" \/><\/span><\/p>\n<p><span style=\"font-weight: 400;\">Lisage arveldusaadress.<\/span><\/p>\n<p><span style=\"font-weight: 400;\"><img loading=\"lazy\" decoding=\"async\" class=\"alignnone wp-image-3702 size-full\" src=\"https:\/\/coinkickoff.com\/wp-content\/uploads\/Screen-Shot-2023-04-10-at-8.08.21-AM-e1684926023269.png\" alt=\"\" width=\"1206\" height=\"770\" srcset=\"https:\/\/coinkickoff.com\/wp-content\/uploads\/Screen-Shot-2023-04-10-at-8.08.21-AM-e1684926023269.png 1206w, https:\/\/coinkickoff.com\/wp-content\/uploads\/Screen-Shot-2023-04-10-at-8.08.21-AM-e1684926023269-300x192.png 300w, https:\/\/coinkickoff.com\/wp-content\/uploads\/Screen-Shot-2023-04-10-at-8.08.21-AM-e1684926023269-1024x654.png 1024w, https:\/\/coinkickoff.com\/wp-content\/uploads\/Screen-Shot-2023-04-10-at-8.08.21-AM-e1684926023269-768x490.png 768w, https:\/\/coinkickoff.com\/wp-content\/uploads\/Screen-Shot-2023-04-10-at-8.08.21-AM-e1684926023269-18x12.png 18w\" sizes=\"auto, (max-width: 1206px) 100vw, 1206px\" \/><\/span><\/p>\n<p><span style=\"font-weight: 400;\">Kontrollige oma aadressiandmeid.<\/span><\/p>\n<p><span style=\"font-weight: 400;\"><img loading=\"lazy\" decoding=\"async\" class=\"alignnone wp-image-3703 size-full\" src=\"https:\/\/coinkickoff.com\/wp-content\/uploads\/Screen-Shot-2023-04-10-at-8.08.37-AM-e1684926046103.png\" alt=\"\" width=\"1216\" height=\"752\" srcset=\"https:\/\/coinkickoff.com\/wp-content\/uploads\/Screen-Shot-2023-04-10-at-8.08.37-AM-e1684926046103.png 1216w, https:\/\/coinkickoff.com\/wp-content\/uploads\/Screen-Shot-2023-04-10-at-8.08.37-AM-e1684926046103-300x186.png 300w, https:\/\/coinkickoff.com\/wp-content\/uploads\/Screen-Shot-2023-04-10-at-8.08.37-AM-e1684926046103-1024x633.png 1024w, https:\/\/coinkickoff.com\/wp-content\/uploads\/Screen-Shot-2023-04-10-at-8.08.37-AM-e1684926046103-768x475.png 768w, https:\/\/coinkickoff.com\/wp-content\/uploads\/Screen-Shot-2023-04-10-at-8.08.37-AM-e1684926046103-18x12.png 18w\" sizes=\"auto, (max-width: 1216px) 100vw, 1216px\" \/><\/span><\/p>\n<p><span style=\"font-weight: 400;\">Sisestage oma kaardi andmed. Pange t\u00e4hele, et toetatakse ainult deebetkaarte - krediitkaardid l\u00fckatakse tagasi.<\/span><\/p>\n<h3><span class=\"ez-toc-section\" id=\"3_Navigate_to_the_Relevant_Screen_to_Buy\"><\/span><span style=\"font-weight: 400;\">3. Navigeerige ostmiseks vastavale ekraanile<\/span><span class=\"ez-toc-section-end\"><\/span><\/h3>\n<p><span style=\"font-weight: 400;\">Kl\u00f5psake oma armatuurlaual nuppu \"Turg\". Sisestage \"DOT\" v\u00e4ljale \"Otsi turgu\", et n\u00e4ha Polkadot.<\/span><\/p>\n<p><span style=\"font-weight: 400;\"><img loading=\"lazy\" decoding=\"async\" class=\"alignnone wp-image-3704 size-full\" src=\"https:\/\/coinkickoff.com\/wp-content\/uploads\/Screen-Shot-2023-04-10-at-8.17.54-AM-e1684926106937.png\" alt=\"\" width=\"1393\" height=\"766\" srcset=\"https:\/\/coinkickoff.com\/wp-content\/uploads\/Screen-Shot-2023-04-10-at-8.17.54-AM-e1684926106937.png 1393w, https:\/\/coinkickoff.com\/wp-content\/uploads\/Screen-Shot-2023-04-10-at-8.17.54-AM-e1684926106937-300x165.png 300w, https:\/\/coinkickoff.com\/wp-content\/uploads\/Screen-Shot-2023-04-10-at-8.17.54-AM-e1684926106937-1024x563.png 1024w, https:\/\/coinkickoff.com\/wp-content\/uploads\/Screen-Shot-2023-04-10-at-8.17.54-AM-e1684926106937-768x422.png 768w, https:\/\/coinkickoff.com\/wp-content\/uploads\/Screen-Shot-2023-04-10-at-8.17.54-AM-e1684926106937-18x10.png 18w\" sizes=\"auto, (max-width: 1393px) 100vw, 1393px\" \/><\/span><\/p>\n<p><span style=\"font-weight: 400;\">Kui kl\u00f5psate nupule \"Vaata \u00fcksikasju\", saadetakse teid Polkadot \"Lihtne ostmine\" lehele. <\/span><\/p>\n<p><img loading=\"lazy\" decoding=\"async\" class=\"alignnone wp-image-3706 size-full\" src=\"https:\/\/coinkickoff.com\/wp-content\/uploads\/Screen-Shot-2023-04-10-at-8.20.19-AM-e1684926155864.png\" alt=\"Kuidas osta Cardano on Gemini kuidas osta Polygon on Gemini kuidas osta polkadot on gemini\" width=\"1393\" height=\"766\" srcset=\"https:\/\/coinkickoff.com\/wp-content\/uploads\/Screen-Shot-2023-04-10-at-8.20.19-AM-e1684926155864.png 1393w, https:\/\/coinkickoff.com\/wp-content\/uploads\/Screen-Shot-2023-04-10-at-8.20.19-AM-e1684926155864-300x165.png 300w, https:\/\/coinkickoff.com\/wp-content\/uploads\/Screen-Shot-2023-04-10-at-8.20.19-AM-e1684926155864-1024x563.png 1024w, https:\/\/coinkickoff.com\/wp-content\/uploads\/Screen-Shot-2023-04-10-at-8.20.19-AM-e1684926155864-768x422.png 768w, https:\/\/coinkickoff.com\/wp-content\/uploads\/Screen-Shot-2023-04-10-at-8.20.19-AM-e1684926155864-18x10.png 18w\" sizes=\"auto, (max-width: 1393px) 100vw, 1393px\" \/><\/p>\n<p><span style=\"font-weight: 400;\">Saate kasutada vasakul olevaid diagramme, et n\u00e4ha Polkadot hinnak\u00e4itumist aja jooksul.\u00a0<\/span><\/p>\n<p><span style=\"font-weight: 400;\">Paremal n\u00e4ete lihtsat ostuvormi.\u00a0<\/span><\/p>\n<p><span style=\"font-weight: 400;\">\"How Often?\" on seatud \"Once\", kuid saate seda muuta, et anda perioodilisi automaatseid ostutellimusi. N\u00e4iteks v\u00f5ite seadistada selle nii, et Gemini ostab iga n\u00e4dal 10 dollari eest DOT, et arendada oma portfelli.<\/span><\/p>\n<p><span style=\"font-weight: 400;\">Ostu l\u00f5petamiseks sisestage summa, mida soovite investeerida Polkadot ja valige makseviis.\u00a0<\/span><\/p>\n<p><span style=\"font-weight: 400;\">Kl\u00f5psake nuppu \"Review Order\" ja tutvuge Gemini tasudega. N\u00e4ete, kui palju DOT te saate. Kui olete n\u00f5us, kl\u00f5psake nuppu \"Osta\". Pidage meeles, et \"Easy Buy\" hinnad sisaldavad varjatud \"spread fee\", mis tavaliselt lisatakse vara hinnale.<\/span><\/p>\n<p><span style=\"font-weight: 400;\">Teie DOT token lisatakse teie Gemini rahakotti.<\/span><\/p>\n<h4><span class=\"ez-toc-section\" id=\"Active_Trading\"><\/span><span style=\"font-weight: 400;\">Aktiivne kauplemine<\/span><span class=\"ez-toc-section-end\"><\/span><\/h4>\n<p><span style=\"font-weight: 400;\">Kui olete lisanud pangakonto ja teinud sularaha sissemakse Geminisse v\u00f5i kui teil on Gemini rahakotis digitaalsed valuutad, saate Polkadot ja teiste kr\u00fcptovaluutade ostmiseks kasutada hetketurgu.<\/span><\/p>\n<p><span style=\"font-weight: 400;\">Kohapealse turu hinnad on palju odavamad kui \"Easy Buy\" ja tasud on v\u00e4iksemad.\u00a0<\/span><\/p>\n<p><span style=\"font-weight: 400;\">Kohapealsele turule p\u00e4\u00e4semiseks kl\u00f5psake \"Lihtne ost\" lehel \"Aktiivsele kauplejale \u00fcleminek\".\u00a0<\/span><\/p>\n<p><span style=\"font-weight: 400;\">Kasutage turu otsingufunktsiooni DOT paaride otsimiseks. Kui te ei n\u00e4e DOT\/USD v\u00f5i DOT\/EUR paaritust, saate osta <a href=\"https:\/\/coinkickoff.com\/et\/tether-usdt\/\" data-internallinksmanager029f6b8e52c=\"3\" title=\"Mis on Tether (USDT)? Kuidas see t\u00f6\u00f6tab ja kust seda osta?\">USDT<\/a> v\u00f5i <a href=\"https:\/\/coinkickoff.com\/et\/usd-coin-usdc\/\" data-internallinksmanager029f6b8e52c=\"8\" title=\"Mis on USD Coin (USDC)? Kuidas see t\u00f6\u00f6tab ja kust seda osta?\">USDC<\/a> oma fiatvaluutaga ja seej\u00e4rel vahetage need token DOT vastu.<\/span><\/p>\n<p><span style=\"font-weight: 400;\">Ostu sooritamiseks t\u00e4itke ostutellimuse vorm.<\/span><\/p>\n<p><span style=\"font-weight: 400;\">Kui teile meeldis meie \"<\/span><i><span style=\"font-weight: 400;\">Kuidas osta DOT on Gemini\" <\/span><\/i><span style=\"font-weight: 400;\">juhend, v\u00f5ite vaadata meie <\/span><a href=\"https:\/\/coinkickoff.com\/et\/crypto-exchanges\/\"><span style=\"font-weight: 400;\">vahetada kommentaare<\/span><\/a><span style=\"font-weight: 400;\"> ja muud juhendid.<\/span><\/p>","protected":false},"excerpt":{"rendered":"<p>Kuidas osta Polkadot Geminilt Kui soovite osta Polkadot (DOT) Geminilt, olete \u00f5iges kohas. J\u00e4rgige meie kolmeastmelist juhendit, et teada saada, kuidas osta Polkadot Geminilt. Kuid enne alustamist vaadake meie Gemini \u00fclevaadet. Gemini Earn kliendid ei ole suutnud oma vara v\u00e4lja v\u00f5tta [...]<\/p>","protected":false},"author":3,"featured_media":0,"parent":4215,"menu_order":0,"comment_status":"closed","ping_status":"closed","template":"","meta":{"_genesis_hide_title":false,"_genesis_hide_breadcrumbs":false,"_genesis_hide_singular_image":false,"_genesis_hide_footer_widgets":false,"_genesis_custom_body_class":"","_genesis_custom_post_class":"","_genesis_layout":"","_glsr_average":0,"_glsr_ranking":0,"_glsr_reviews":0,"footnotes":""},"class_list":{"0":"post-4236","1":"page","2":"type-page","3":"status-publish","5":"entry"},"featured_image_src":null,"featured_image_src_square":null,"_links":{"self":[{"href":"https:\/\/coinkickoff.com\/et\/wp-json\/wp\/v2\/pages\/4236","targetHints":{"allow":["GET"]}}],"collection":[{"href":"https:\/\/coinkickoff.com\/et\/wp-json\/wp\/v2\/pages"}],"about":[{"href":"https:\/\/coinkickoff.com\/et\/wp-json\/wp\/v2\/types\/page"}],"author":[{"embeddable":true,"href":"https:\/\/coinkickoff.com\/et\/wp-json\/wp\/v2\/users\/3"}],"replies":[{"embeddable":true,"href":"https:\/\/coinkickoff.com\/et\/wp-json\/wp\/v2\/comments?post=4236"}],"version-history":[{"count":2,"href":"https:\/\/coinkickoff.com\/et\/wp-json\/wp\/v2\/pages\/4236\/revisions"}],"predecessor-version":[{"id":4238,"href":"https:\/\/coinkickoff.com\/et\/wp-json\/wp\/v2\/pages\/4236\/revisions\/4238"}],"up":[{"embeddable":true,"href":"https:\/\/coinkickoff.com\/et\/wp-json\/wp\/v2\/pages\/4215"}],"wp:attachment":[{"href":"https:\/\/coinkickoff.com\/et\/wp-json\/wp\/v2\/media?parent=4236"}],"curies":[{"name":"wp","href":"https:\/\/api.w.org\/{rel}","templated":true}]}}