{"id":4172,"date":"2026-01-08T14:07:22","date_gmt":"2026-01-08T14:07:22","guid":{"rendered":"https:\/\/coinkickoff.com\/?page_id=4172"},"modified":"2026-01-08T14:07:22","modified_gmt":"2026-01-08T14:07:22","slug":"__trashed","status":"publish","type":"page","link":"https:\/\/coinkickoff.com\/et\/how-to-buy-ethereum\/__trashed\/","title":{"rendered":"Kuidas osta Ethereum Bitfinexil"},"content":{"rendered":"<div id=\"ez-toc-container\" class=\"ez-toc-v2_0_80 counter-hierarchy ez-toc-counter ez-toc-transparent ez-toc-container-direction\">\n<div class=\"ez-toc-title-container\">\n<p class=\"ez-toc-title\" style=\"cursor:inherit\">Jaotised<\/p>\n<span class=\"ez-toc-title-toggle\"><a href=\"#\" class=\"ez-toc-pull-right ez-toc-btn ez-toc-btn-xs ez-toc-btn-default ez-toc-toggle\" aria-label=\"Sisukorra vaheldumine\"><span class=\"ez-toc-js-icon-con\"><span class=\"\"><span class=\"eztoc-hide\" style=\"display:none;\">Toggle<\/span><span class=\"ez-toc-icon-toggle-span\"><svg style=\"fill: #999;color:#999\" xmlns=\"http:\/\/www.w3.org\/2000\/svg\" class=\"list-377408\" width=\"20px\" height=\"20px\" viewbox=\"0 0 24 24\" fill=\"none\"><path d=\"M6 6H4v2h2V6zm14 0H8v2h12V6zM4 11h2v2H4v-2zm16 0H8v2h12v-2zM4 16h2v2H4v-2zm16 0H8v2h12v-2z\" fill=\"currentColor\"><\/path><\/svg><svg style=\"fill: #999;color:#999\" class=\"arrow-unsorted-368013\" xmlns=\"http:\/\/www.w3.org\/2000\/svg\" width=\"10px\" height=\"10px\" viewbox=\"0 0 24 24\" version=\"1.2\" baseprofile=\"tiny\"><path d=\"M18.2 9.3l-6.2-6.3-6.2 6.3c-.2.2-.3.4-.3.7s.1.5.3.7c.2.2.4.3.7.3h11c.3 0 .5-.1.7-.3.2-.2.3-.5.3-.7s-.1-.5-.3-.7zM5.8 14.7l6.2 6.3 6.2-6.3c.2-.2.3-.5.3-.7s-.1-.5-.3-.7c-.2-.2-.4-.3-.7-.3h-11c-.3 0-.5.1-.7.3-.2.2-.3.5-.3.7s.1.5.3.7z\"\/><\/svg><\/span><\/span><\/span><\/a><\/span><\/div>\n<nav><ul class='ez-toc-list ez-toc-list-level-1 eztoc-toggle-hide-by-default' ><li class='ez-toc-page-1 ez-toc-heading-level-1'><a class=\"ez-toc-link ez-toc-heading-1\" href=\"https:\/\/coinkickoff.com\/et\/how-to-buy-ethereum\/__trashed\/#How_to_Buy_Ethereum_on_Bitfinex\" >Kuidas osta Ethereum Bitfinexil<\/a><ul class='ez-toc-list-level-2' ><li class='ez-toc-heading-level-2'><a class=\"ez-toc-link ez-toc-heading-2\" href=\"https:\/\/coinkickoff.com\/et\/how-to-buy-ethereum\/__trashed\/#A_Step-By-Step_Guide_on_How_to_Buy_Ethereum_on_Bitfinex\" >Samm-sammult juhend, kuidas osta Ethereum Bitfinexil<\/a><ul class='ez-toc-list-level-3' ><li class='ez-toc-heading-level-3'><a class=\"ez-toc-link ez-toc-heading-3\" href=\"https:\/\/coinkickoff.com\/et\/how-to-buy-ethereum\/__trashed\/#1_Register_an_Account_on_Bitfinex\" >1. Registreeri konto Bitfinexil<\/a><\/li><li class='ez-toc-page-1 ez-toc-heading-level-3'><a class=\"ez-toc-link ez-toc-heading-4\" href=\"https:\/\/coinkickoff.com\/et\/how-to-buy-ethereum\/__trashed\/#2_Get_Verified_on_Bitfinex\" >2. Get Verified on Bitfinex<\/a><\/li><li class='ez-toc-page-1 ez-toc-heading-level-3'><a class=\"ez-toc-link ez-toc-heading-5\" href=\"https:\/\/coinkickoff.com\/et\/how-to-buy-ethereum\/__trashed\/#3_Deposit_FundsCrypto\" >3. Deposiitfondid \/ kr\u00fcpto<\/a><\/li><li class='ez-toc-page-1 ez-toc-heading-level-3'><a class=\"ez-toc-link ez-toc-heading-6\" href=\"https:\/\/coinkickoff.com\/et\/how-to-buy-ethereum\/__trashed\/#4_Navigate_to_the_Relevant_Screen_to_Buy\" >4. Navigeerige ostmiseks vastavale ekraanile<\/a><\/li><\/ul><\/li><\/ul><\/li><\/ul><\/nav><\/div>\n<h1><span class=\"ez-toc-section\" id=\"How_to_Buy_Ethereum_on_Bitfinex\"><\/span><span style=\"font-weight: 400;\">Kuidas osta Ethereum Bitfinexil<\/span><span class=\"ez-toc-section-end\"><\/span><\/h1>\n<p><span style=\"font-weight: 400;\">Kas soovite osta <a href=\"https:\/\/coinkickoff.com\/et\/ethereum-eth\/\" data-internallinksmanager029f6b8e52c=\"2\" title=\"Mis on Ethereum (ETH)? Hind, ajalugu ja kust osta\">Ethereum<\/a> aadressil <a href=\"https:\/\/coinkickoff.com\/et\/bitfinex-review\/\">Bitfinex<\/a>? Meil on teile just \u00f5ige juhend koos samm-sammuliste juhistega. Siin on, kuidas osta Ethereum kohta <a href=\"https:\/\/coinkickoff.com\/et\/bitfinex-review\/\" data-internallinksmanager029f6b8e52c=\"151\" title=\"Bitfinex Arvamused 2023: Tasud, omadused, turvalisus, Pro &amp; Miinused\">Bitfinex<\/a>.<\/span><\/p>\n<h2><span class=\"ez-toc-section\" id=\"A_Step-By-Step_Guide_on_How_to_Buy_Ethereum_on_Bitfinex\"><\/span><span style=\"font-weight: 400;\">Samm-sammult juhend, kuidas osta Ethereum Bitfinexil<\/span><span class=\"ez-toc-section-end\"><\/span><\/h2>\n<h3><span class=\"ez-toc-section\" id=\"1_Register_an_Account_on_Bitfinex\"><\/span><span style=\"font-weight: 400;\">1. Registreeri konto Bitfinexil<\/span><span class=\"ez-toc-section-end\"><\/span><\/h3>\n<p><span style=\"font-weight: 400;\">Alustamiseks on vaja <\/span><a href=\"https:\/\/www.bitfinex.com\/sign-up?refcode=kjCYk-CZD\" target=\"_blank\" rel=\"noopener\"><span style=\"font-weight: 400;\">Bitfinex konto.<\/span><\/a><\/p>\n<p><img loading=\"lazy\" decoding=\"async\" class=\"alignnone wp-image-3138 size-full\" src=\"https:\/\/coinkickoff.com\/wp-content\/uploads\/bitfinex-exchange.jpg\" alt=\"Bitfinex Exchange Kuidas osta Ethereum on Bitfinex\" width=\"1876\" height=\"916\" srcset=\"https:\/\/coinkickoff.com\/wp-content\/uploads\/bitfinex-exchange.jpg 1876w, https:\/\/coinkickoff.com\/wp-content\/uploads\/bitfinex-exchange-300x146.jpg 300w, https:\/\/coinkickoff.com\/wp-content\/uploads\/bitfinex-exchange-1024x500.jpg 1024w, https:\/\/coinkickoff.com\/wp-content\/uploads\/bitfinex-exchange-768x375.jpg 768w, https:\/\/coinkickoff.com\/wp-content\/uploads\/bitfinex-exchange-1536x750.jpg 1536w, https:\/\/coinkickoff.com\/wp-content\/uploads\/bitfinex-exchange-18x9.jpg 18w\" sizes=\"auto, (max-width: 1876px) 100vw, 1876px\" \/><\/p>\n<p><span style=\"font-weight: 400;\">P\u00e4rast registreerimist aktiveerige oma konto kaitsmiseks kahefaktoriline autentimine.<\/span><\/p>\n<p><span style=\"font-weight: 400;\">P\u00e4rast esimest sisselogimist saate 2FA v\u00e4lja l\u00fclitada, kuigi on soovitatav see sisse l\u00fclitada, et kaitsta oma kontot h\u00e4kkerite eest.<\/span><\/p>\n<p><span style=\"font-weight: 400;\">Kahefaktorilise autentimise lubamine on \u00fcsna lihtne: Valige \u00fcks pakutavatest meetoditest ja vajutage \u201cSetup\u201d.\u201d<\/span><\/p>\n<p><span style=\"font-weight: 400;\">Loomulikult on selleks vaja Google Authenticatori rakendust. J\u00e4rgige ekraanil kuvatavaid juhiseid, et j\u00e4tkata. Kui olete l\u00f5petanud, saadab Bitfinex teile e-kirja, et kinnitada, et olete 2FA aktiveerinud.<\/span><\/p>\n<h3><span class=\"ez-toc-section\" id=\"2_Get_Verified_on_Bitfinex\"><\/span><span style=\"font-weight: 400;\">2. Get Verified on Bitfinex<\/span><span class=\"ez-toc-section-end\"><\/span><\/h3>\n<p><span style=\"font-weight: 400;\">J\u00e4rgmise sammuna peate oma isikut t\u00f5endama platvormil. Nagu enamikul b\u00f6rsidel, on ka Bitfinexil standardne ID kontrollimise protsess. Alustamiseks minge oma profiilile oma armatuurlaual oleva profiililogo kaudu ja valige \u201cVerifitseerimine\u201d.\u201d<\/span><\/p>\n<p><span style=\"font-weight: 400;\">Sa pead t\u00e4itma v\u00e4hemalt keskmise taseme kontroll, et osta digitaalse vara nagu Ethereum b\u00f6rsil fiat raha. Muidugi, kui k\u00f5ik, mida soovite teha, on kaubelda kr\u00fcptovaluuta paari, n\u00e4iteks kauplemine <a href=\"https:\/\/coinkickoff.com\/et\/bitcoin-btc\/\" data-internallinksmanager029f6b8e52c=\"1\" title=\"Mis on Bitcoin (BTC)? Hind, ajalugu ja kust osta\">Bitcoin<\/a> Ethereum puhul v\u00f5ite selle sammu vahele j\u00e4tta.<\/span><\/p>\n<p><span style=\"font-weight: 400;\">Vahepealne kontroll v\u00f5imaldab teil osta ETH krediitkaardiga Bitfinex Pay Merchantsi kaudu v\u00f5i teha SEPA kaudu sularaha sissemakseid. P\u00e4rast t\u00e4ielikku verifitseerimist saate teha \u00fclekandeid.<\/span><\/p>\n<p><span style=\"font-weight: 400;\">J\u00e4tkamiseks vajutage nuppu \u201cStart Verification\u201d.<\/span><\/p>\n<p><span style=\"font-weight: 400;\">Sisestage oma elukohariigi nimi, et n\u00e4ha soovitatud isikutunnistuse t\u00fc\u00fcpe. Valige soovitud ID ja vajutage \u201cJ\u00e4tka\u201d.\u201d<\/span><\/p>\n<p><span style=\"font-weight: 400;\">J\u00e4tkamiseks on vaja mobiilset seadet: Kasutage oma telefoni kaamerat, et skaneerida kood ja avada \u00fcleslaadimisleht. Seej\u00e4rel saate esitada vajalikud pildid.<\/span><\/p>\n<h3><span class=\"ez-toc-section\" id=\"3_Deposit_FundsCrypto\"><\/span><span style=\"font-weight: 400;\">3. Deposiitfondid \/ kr\u00fcpto<\/span><span class=\"ez-toc-section-end\"><\/span><\/h3>\n<p><span style=\"font-weight: 400;\">N\u00fc\u00fcd on aeg teha deposiit: Kui teil on digitaalsed varad, millega soovite Bitfinexis Ethereum vastu kaubelda, peate k\u00f5igepealt need varad oma Bitfinexi kontole \u00fcle kandma. Valige \u201cDeposit\u201d, et n\u00e4ha nimekirja varadest, mida saate platvormile saata.<\/span><\/p>\n<p><span style=\"font-weight: 400;\">Kui olete valinud oma vara, genereerib Bitfinex oma kr\u00fcptoraha saatmiseks rahakoti aadressi. Kui olete oma hoiustamise l\u00f5petanud, kuvatakse teie varad teie vahekaardil \u201cSaldod\u201d.<\/span><\/p>\n<h3><span class=\"ez-toc-section\" id=\"4_Navigate_to_the_Relevant_Screen_to_Buy\"><\/span><span style=\"font-weight: 400;\">4. Navigeerige ostmiseks vastavale ekraanile<\/span><span class=\"ez-toc-section-end\"><\/span><\/h3>\n<p><span style=\"font-weight: 400;\">Te v\u00f5ite arvata, et olete n\u00fc\u00fcd, kui teie tagatisraha on valmis digitaalsete varade ostmiseks, kuid enne seda on veel \u00fcks samm: Bitfinex saadab teie hoiuse automaatselt teie \u201cRahastamise rahakotti\u201d, kuid me tahame neid oma \u201cVahetuse rahakotti\u201d.\u201d<\/span><\/p>\n<p><span style=\"font-weight: 400;\">\u00d5nneks on see lihtne operatsioon: Valige oma vahekaardil \u201cSaldod\u201d vahendid, mida soovite vahetada, ja kl\u00f5psake nuppu \u201c\u00dclekanne\u201d. Kui need on vahetusrahakotis, saate neid Etheri vastu vahetada.<\/span><\/p>\n<p><span style=\"font-weight: 400;\">Alustamiseks minge vahekaardile \u201cTrading\u201d. N\u00fc\u00fcd, kui te hoiustanud digitaalse vara, soovite otsida Ethereum turul selle vara. N\u00e4iteks, kui teil on <a href=\"https:\/\/coinkickoff.com\/et\/tether-usdt\/\" data-internallinksmanager029f6b8e52c=\"3\" title=\"Mis on Tether (USDT)? Kuidas see t\u00f6\u00f6tab ja kust seda osta?\">USDT<\/a>, otsige ETH\/USDT.\u00a0<\/span><\/p>\n<p><span style=\"font-weight: 400;\">Fiat-valuuta puhul otsige ETH\/USD v\u00f5i ETH\/EUR paaride kohta. Kui leiate soovitud paari, kl\u00f5psake sellel, et n\u00e4ha kauplemisliidest.\u00a0<\/span><\/p>\n<p><span style=\"font-weight: 400;\">Sisestage lihtsalt, kui palju Ethereum soovite oma varade jaoks osta. Saate k\u00e4sitsi kohandada hinda, mida olete valmis maksma. Kui vorm on t\u00e4idetud, vajutage nuppu \u201cExchange Buy\u201d.\u201d<\/span><\/p>\n<p><span style=\"font-weight: 400;\">Ja nii saab Ethereum-i osta Bitfinexist. Kui te otsustate osta Ethereum teisest vahetusest, v\u00f5ite vaadata ka meie erinevaid <a href=\"https:\/\/coinkickoff.com\/et\/crypto-exchanges\/\">exchnage \u00fclevaateid<\/a> ja <a href=\"https:\/\/coinkickoff.com\/et\/how-to-buy-ethereum\/\">juhendid<\/a>.<\/span><\/p>","protected":false},"excerpt":{"rendered":"<p>Kuidas osta Ethereum Bitfinexil Kas soovite osta Ethereum Bitfinexil? Meil on teile just \u00f5ige juhend koos samm-sammuliste juhistega. Siin on, kuidas osta Ethereum Bitfinexil. Samm-sammult juhend, kuidas osta Ethereum Bitfinexil 1. Registreerige konto Bitfinexil Alustamiseks vajate [...]<\/p>","protected":false},"author":3,"featured_media":0,"parent":3937,"menu_order":0,"comment_status":"closed","ping_status":"closed","template":"","meta":{"_genesis_hide_title":false,"_genesis_hide_breadcrumbs":false,"_genesis_hide_singular_image":false,"_genesis_hide_footer_widgets":false,"_genesis_custom_body_class":"","_genesis_custom_post_class":"","_genesis_layout":"","_glsr_average":0,"_glsr_ranking":0,"_glsr_reviews":0,"footnotes":""},"class_list":{"0":"post-4172","1":"page","2":"type-page","3":"status-publish","5":"entry"},"featured_image_src":null,"featured_image_src_square":null,"_links":{"self":[{"href":"https:\/\/coinkickoff.com\/et\/wp-json\/wp\/v2\/pages\/4172","targetHints":{"allow":["GET"]}}],"collection":[{"href":"https:\/\/coinkickoff.com\/et\/wp-json\/wp\/v2\/pages"}],"about":[{"href":"https:\/\/coinkickoff.com\/et\/wp-json\/wp\/v2\/types\/page"}],"author":[{"embeddable":true,"href":"https:\/\/coinkickoff.com\/et\/wp-json\/wp\/v2\/users\/3"}],"replies":[{"embeddable":true,"href":"https:\/\/coinkickoff.com\/et\/wp-json\/wp\/v2\/comments?post=4172"}],"version-history":[{"count":1,"href":"https:\/\/coinkickoff.com\/et\/wp-json\/wp\/v2\/pages\/4172\/revisions"}],"predecessor-version":[{"id":4173,"href":"https:\/\/coinkickoff.com\/et\/wp-json\/wp\/v2\/pages\/4172\/revisions\/4173"}],"up":[{"embeddable":true,"href":"https:\/\/coinkickoff.com\/et\/wp-json\/wp\/v2\/pages\/3937"}],"wp:attachment":[{"href":"https:\/\/coinkickoff.com\/et\/wp-json\/wp\/v2\/media?parent=4172"}],"curies":[{"name":"wp","href":"https:\/\/api.w.org\/{rel}","templated":true}]}}