{"id":4163,"date":"2026-01-08T14:06:47","date_gmt":"2026-01-08T14:06:47","guid":{"rendered":"https:\/\/coinkickoff.com\/?page_id=4163"},"modified":"2026-01-08T14:06:47","modified_gmt":"2026-01-08T14:06:47","slug":"how-to-buy-solana-on-bybit","status":"publish","type":"page","link":"https:\/\/coinkickoff.com\/et\/how-to-buy-solana\/how-to-buy-solana-on-bybit\/","title":{"rendered":"Kuidas osta Solana Bybitilt"},"content":{"rendered":"<div id=\"ez-toc-container\" class=\"ez-toc-v2_0_80 counter-hierarchy ez-toc-counter ez-toc-transparent ez-toc-container-direction\">\n<div class=\"ez-toc-title-container\">\n<p class=\"ez-toc-title\" style=\"cursor:inherit\">Jaotised<\/p>\n<span class=\"ez-toc-title-toggle\"><a href=\"#\" class=\"ez-toc-pull-right ez-toc-btn ez-toc-btn-xs ez-toc-btn-default ez-toc-toggle\" aria-label=\"Sisukorra vaheldumine\"><span class=\"ez-toc-js-icon-con\"><span class=\"\"><span class=\"eztoc-hide\" style=\"display:none;\">Toggle<\/span><span class=\"ez-toc-icon-toggle-span\"><svg style=\"fill: #999;color:#999\" xmlns=\"http:\/\/www.w3.org\/2000\/svg\" class=\"list-377408\" width=\"20px\" height=\"20px\" viewbox=\"0 0 24 24\" fill=\"none\"><path d=\"M6 6H4v2h2V6zm14 0H8v2h12V6zM4 11h2v2H4v-2zm16 0H8v2h12v-2zM4 16h2v2H4v-2zm16 0H8v2h12v-2z\" fill=\"currentColor\"><\/path><\/svg><svg style=\"fill: #999;color:#999\" class=\"arrow-unsorted-368013\" xmlns=\"http:\/\/www.w3.org\/2000\/svg\" width=\"10px\" height=\"10px\" viewbox=\"0 0 24 24\" version=\"1.2\" baseprofile=\"tiny\"><path d=\"M18.2 9.3l-6.2-6.3-6.2 6.3c-.2.2-.3.4-.3.7s.1.5.3.7c.2.2.4.3.7.3h11c.3 0 .5-.1.7-.3.2-.2.3-.5.3-.7s-.1-.5-.3-.7zM5.8 14.7l6.2 6.3 6.2-6.3c.2-.2.3-.5.3-.7s-.1-.5-.3-.7c-.2-.2-.4-.3-.7-.3h-11c-.3 0-.5.1-.7.3-.2.2-.3.5-.3.7s.1.5.3.7z\"\/><\/svg><\/span><\/span><\/span><\/a><\/span><\/div>\n<nav><ul class='ez-toc-list ez-toc-list-level-1 eztoc-toggle-hide-by-default' ><li class='ez-toc-page-1 ez-toc-heading-level-2'><a class=\"ez-toc-link ez-toc-heading-1\" href=\"https:\/\/coinkickoff.com\/et\/how-to-buy-solana\/how-to-buy-solana-on-bybit\/#How_to_Buy_Solana_on_Bybit\" >Kuidas osta Solana Bybitilt<\/a><\/li><li class='ez-toc-page-1 ez-toc-heading-level-2'><a class=\"ez-toc-link ez-toc-heading-2\" href=\"https:\/\/coinkickoff.com\/et\/how-to-buy-solana\/how-to-buy-solana-on-bybit\/#A_Step-By-Step_Guide_on_How_to_Buy_Solana_on_Bybit\" >Samm-sammult juhend, kuidas osta Solana Bybitilt<\/a><ul class='ez-toc-list-level-3' ><li class='ez-toc-heading-level-3'><a class=\"ez-toc-link ez-toc-heading-3\" href=\"https:\/\/coinkickoff.com\/et\/how-to-buy-solana\/how-to-buy-solana-on-bybit\/#1_Register_an_Account\" >1. Registreeri konto<\/a><\/li><li class='ez-toc-page-1 ez-toc-heading-level-3'><a class=\"ez-toc-link ez-toc-heading-4\" href=\"https:\/\/coinkickoff.com\/et\/how-to-buy-solana\/how-to-buy-solana-on-bybit\/#2_Verify_Your_Account\" >2. Kontrollida oma kontot<\/a><\/li><li class='ez-toc-page-1 ez-toc-heading-level-3'><a class=\"ez-toc-link ez-toc-heading-5\" href=\"https:\/\/coinkickoff.com\/et\/how-to-buy-solana\/how-to-buy-solana-on-bybit\/#3_Deposit_FundsCrypto\" >3. Deposiitfondid \/ kr\u00fcpto<\/a><\/li><li class='ez-toc-page-1 ez-toc-heading-level-3'><a class=\"ez-toc-link ez-toc-heading-6\" href=\"https:\/\/coinkickoff.com\/et\/how-to-buy-solana\/how-to-buy-solana-on-bybit\/#4_Navigate_to_the_Relevant_Screen_to_Buy\" >4. Navigeerige ostmiseks vastavale ekraanile<\/a><\/li><\/ul><\/li><\/ul><\/nav><\/div>\n<h2><span class=\"ez-toc-section\" id=\"How_to_Buy_Solana_on_Bybit\"><\/span><span style=\"font-weight: 400;\">Kuidas osta Solana Bybitilt<\/span><span class=\"ez-toc-section-end\"><\/span><\/h2>\n<p><span style=\"font-weight: 400;\">Saate osta mitmeid kr\u00fcptovaluutasid aadressil <\/span><a href=\"https:\/\/www.bybit.com\/en-US\/register?irclickid=zLJWgJTKIxyNWiW0o%3AzEUxRnUkAWQmSxHzEAWw0&amp;irgwc=1&amp;srcexid=469064&amp;utmsource=impact&amp;srcplatform=1&amp;Sharedid=\" target=\"_blank\" rel=\"noopener\"><span style=\"font-weight: 400;\">Bybit<\/span><\/a><span style=\"font-weight: 400;\">, sealhulgas <a href=\"https:\/\/coinkickoff.com\/et\/solana-sol\/\" data-internallinksmanager029f6b8e52c=\"5\" title=\"Mis on Solana (SOL)? Kuidas see t\u00f6\u00f6tab ja kust seda osta?\">Solana<\/a>. Ja kui vajate veidi abi, kuidas seda teha, siis ei mingit muret! Meil on ideaalne juhend, kuidas osta Solana kohta <a href=\"https:\/\/coinkickoff.com\/et\/bybit-review\/\" data-internallinksmanager029f6b8e52c=\"157\" title=\"Bybit Arvamused 2024: Omadused, tasud, turvalisus, plussid ja miinused\">Bybit<\/a>.\u00a0\u00a0<\/span><\/p>\n<div class=\"cg-choice-box-six   cg-blue\" ><div class=\"cg-cb-row\"><div class=\"cg-cb-items\" id=\"product-265843\"><div class=\"cg-cb-top-head\"><div class=\"cg-cb-top-pick\">Enamik Coins<\/div><\/div><a href=\"https:\/\/accounts.binance.com\/register?ref=BLJQ60RW\" target=\"_blank\" rel=\"nofollow noopener\" class=\"cg-aff-link cg-cb-img\" data-post-title=\"Binance\" data-aff-link=\"https:\/\/accounts.binance.com\/register?ref=BLJQ60RW\" data-post-type=\"top\" data-post-id=\"127750\"><img decoding=\"async\" src=\"https:\/\/coinkickoff.com\/wp-content\/uploads\/2022\/10\/Binance_logo.png\" class=\"cg-img-1\" alt=\"Binance\" style=\"\"><\/a><div class=\"cg-cb-title\"><a href=\"https:\/\/accounts.binance.com\/register?ref=BLJQ60RW\" class=\"cg-aff-link\" data-post-id=\"127750\" data-post-type=\"top\" data-aff-link=\"https:\/\/accounts.binance.com\/register?ref=BLJQ60RW\" data-post-title=\"Binance\" target=\"\" rel=\"nofollow noopener\">Binance<\/a><\/span><\/div><div class=\"cg-cb-content\"><ul><li><strong>350+<\/strong> Loetletud kr\u00fcptovaluutad<\/li><li><strong>&lt;0.10%<\/strong> Tehingutasud<\/li><li><strong>120 miljonit<\/strong> Registreeritud kasutajad<\/li><li>Turvaline varade fond kasutajate jaoks<\/li><li>Teenida hoiuste pealt<\/li><\/ul><\/div><div class=\"cg-cb-btn\"><span class='cta-copy'><a href=\"https:\/\/accounts.binance.com\/register?ref=BLJQ60RW\" class=\"cg-one-button cg-btn cg-red  cg-aff-link cg-btn-lg\" data-post-id=\"127750\" data-post-type=\"top\" data-aff-link=\"https:\/\/accounts.binance.com\/register?ref=BLJQ60RW\" data-style=\"default\" data-post-title=\"Binance\" data-extra=\"arrow\" style=\"\" target=\"\" rel=\"nofollow noopener\">Alusta<\/a><\/span><\/span><\/div><\/div><div class=\"cg-cb-items\" id=\"product-265829\"><div class=\"cg-cb-top-head\"><div class=\"cg-cb-top-pick\">Enamik riike<\/div><\/div><a href=\"https:\/\/kraken.pxf.io\/756J3y\" target=\"_blank\" rel=\"nofollow noopener\" class=\"cg-aff-link cg-cb-img\" data-post-title=\"Kraken\" data-aff-link=\"https:\/\/kraken.pxf.io\/756J3y\" data-post-type=\"top\" data-post-id=\"127750\"><img decoding=\"async\" src=\"https:\/\/coinkickoff.com\/wp-content\/uploads\/Kraken-logo.webp\" class=\"cg-img-1\" alt=\"Kraken\" style=\"\"><\/a><div class=\"cg-cb-title\"><a href=\"https:\/\/kraken.pxf.io\/756J3y\" class=\"cg-aff-link\" data-post-id=\"127750\" data-post-type=\"top\" data-aff-link=\"https:\/\/kraken.pxf.io\/756J3y\" data-post-title=\"Kraken\" target=\"\" rel=\"nofollow noopener\">Kraken<\/a><\/span><\/div><div class=\"cg-cb-content\"><ul><li>USAs asuv<\/li><li>Alustage nii v\u00e4heste <strong>$10<\/strong><\/li><li>Osta ja m\u00fc\u00fca <strong>200+<\/strong> kr\u00fcptovaluutad<\/li><li>Pro lahendus suurematele kauplejatele<\/li><li>Saadaval on <strong>190+<\/strong> riigid<\/li><\/ul><\/div><div class=\"cg-cb-btn\"><span class='cta-copy'><a href=\"https:\/\/kraken.pxf.io\/756J3y\" class=\"cg-one-button cg-btn cg-red  cg-aff-link cg-btn-lg\" data-post-id=\"127750\" data-post-type=\"top\" data-aff-link=\"https:\/\/kraken.pxf.io\/756J3y\" data-style=\"default\" data-post-title=\"Kraken\" data-extra=\"arrow\" style=\"\" target=\"\" rel=\"nofollow noopener\">Alusta<\/a><\/span><\/span><\/div><\/div><div class=\"cg-cb-items\" id=\"product-265822\"><div class=\"cg-cb-top-head\"><div class=\"cg-cb-top-pick\">USAs asuv<\/div><\/div><a href=\"https:\/\/coinbase-consumer.sjv.io\/ORPoaG\" target=\"_blank\" rel=\"nofollow noopener\" class=\"cg-aff-link cg-cb-img\" data-post-title=\"Coinbase\" data-aff-link=\"https:\/\/coinbase-consumer.sjv.io\/ORPoaG\" data-post-type=\"top\" data-post-id=\"127750\"><img decoding=\"async\" src=\"https:\/\/coinkickoff.com\/wp-content\/uploads\/2022\/10\/Coinbase.png\" class=\"cg-img-1\" alt=\"Coinbase\" style=\"\"><\/a><div class=\"cg-cb-title\"><a href=\"https:\/\/coinbase-consumer.sjv.io\/ORPoaG\" class=\"cg-aff-link\" data-post-id=\"127750\" data-post-type=\"top\" data-aff-link=\"https:\/\/coinbase-consumer.sjv.io\/ORPoaG\" data-post-title=\"Coinbase\" target=\"\" rel=\"nofollow noopener\">Coinbase<\/a><\/span><\/div><div class=\"cg-cb-content\"><ul><li><strong>200+<\/strong> Loetletud kr\u00fcptovaluutad<\/li><li>Saada kr\u00fcpto p\u00e4rast oma esimest ostu<\/li><li>Kindlustusega kaitstud&nbsp;<\/li><li>Turvaline ladustamine v\u00f5lvkaitsega<\/li><li>K\u00f5ige usaldusv\u00e4\u00e4rsem kr\u00fcptoraha platvorm<\/li><\/ul><\/div><div class=\"cg-cb-btn\"><span class='cta-copy'><a href=\"https:\/\/coinbase-consumer.sjv.io\/ORPoaG\" class=\"cg-one-button cg-btn cg-red  cg-aff-link cg-btn-lg\" data-post-id=\"127750\" data-post-type=\"top\" data-aff-link=\"https:\/\/coinbase-consumer.sjv.io\/ORPoaG\" data-style=\"default\" data-post-title=\"Coinbase\" data-extra=\"arrow\" style=\"\" target=\"\" rel=\"nofollow noopener\">Alusta<\/a><\/span><\/span><\/div><\/div><\/div><\/div>\n\n<h2><span class=\"ez-toc-section\" id=\"A_Step-By-Step_Guide_on_How_to_Buy_Solana_on_Bybit\"><\/span><span style=\"font-weight: 400;\">Samm-sammult juhend, kuidas osta Solana Bybitilt<\/span><span class=\"ez-toc-section-end\"><\/span><\/h2>\n<h3><span class=\"ez-toc-section\" id=\"1_Register_an_Account\"><\/span><span style=\"font-weight: 400;\">1. Registreeri konto<\/span><span class=\"ez-toc-section-end\"><\/span><\/h3>\n<p><span style=\"font-weight: 400;\">Minge <\/span><a href=\"https:\/\/www.bybit.com\/en-US\/register?irclickid=zLJWgJTKIxyNWiW0o%3AzEUxRnUkAWQmSxHzEAWw0&amp;irgwc=1&amp;srcexid=469064&amp;utmsource=impact&amp;srcplatform=1&amp;Sharedid=\" target=\"_blank\" rel=\"noopener\"><span style=\"font-weight: 400;\">Bybit<\/span><\/a><span style=\"font-weight: 400;\"> veebisait ja registreerige konto.<\/span><\/p>\n<p><img loading=\"lazy\" decoding=\"async\" class=\"alignnone wp-image-3213 size-full\" src=\"https:\/\/coinkickoff.com\/wp-content\/uploads\/bybit-create-account.png\" alt=\"kuidas osta dogecoin on bybit luua konto Kuidas osta Solana on Bybit\" width=\"1437\" height=\"723\" srcset=\"https:\/\/coinkickoff.com\/wp-content\/uploads\/bybit-create-account.png 1437w, https:\/\/coinkickoff.com\/wp-content\/uploads\/bybit-create-account-300x151.png 300w, https:\/\/coinkickoff.com\/wp-content\/uploads\/bybit-create-account-1024x515.png 1024w, https:\/\/coinkickoff.com\/wp-content\/uploads\/bybit-create-account-768x386.png 768w, https:\/\/coinkickoff.com\/wp-content\/uploads\/bybit-create-account-18x9.png 18w\" sizes=\"auto, (max-width: 1437px) 100vw, 1437px\" \/><\/p>\n<h3><span class=\"ez-toc-section\" id=\"2_Verify_Your_Account\"><\/span><span style=\"font-weight: 400;\">2. Kontrollida oma kontot<\/span><span class=\"ez-toc-section-end\"><\/span><\/h3>\n<p><span style=\"font-weight: 400;\">V\u00f5ite j\u00e4tta selle sammu vahele, kui soovite osta Solana kohta Bybit teiste digitaalsete varade teil on. N\u00e4iteks, kui teil on <a href=\"https:\/\/coinkickoff.com\/et\/tether-usdt\/\" data-internallinksmanager029f6b8e52c=\"3\" title=\"Mis on Tether (USDT)? Kuidas see t\u00f6\u00f6tab ja kust seda osta?\">USDT<\/a>, <a href=\"https:\/\/coinkickoff.com\/et\/bitcoin-btc\/\" data-internallinksmanager029f6b8e52c=\"1\" title=\"Mis on Bitcoin (BTC)? Hind, ajalugu ja kust osta\">BTC<\/a>ja sarnaseid varasid teises rahakotis, saate need \u00fcle kanda Bybitisse ja vahetada oma raha Solana vastu hetketurul ilma oma isikut t\u00f5endamata.<\/span><\/p>\n<p><span style=\"font-weight: 400;\">Kui aga soovite osta Solana fiat-valuutaga, n\u00e4iteks USD v\u00f5i EUR, siis peate oma konto kinnitama.<\/span><\/p>\n<p><span style=\"font-weight: 400;\">Otsige oma armatuurlaual profiili ikooni. Kl\u00f5psake sellel ja vajutage men\u00fc\u00fcst \"Identiteedi kontrollimine\".<\/span><\/p>\n<h3><span style=\"font-weight: 400;\"><img loading=\"lazy\" decoding=\"async\" class=\"alignnone wp-image-3212 size-full\" style=\"font-family: Muli, sans-serif; font-size: 18px;\" src=\"https:\/\/coinkickoff.com\/wp-content\/uploads\/bybit-identity-verification.png\" alt=\"bybit identiteedi kontrollimine\" width=\"1432\" height=\"792\" srcset=\"https:\/\/coinkickoff.com\/wp-content\/uploads\/bybit-identity-verification.png 1432w, https:\/\/coinkickoff.com\/wp-content\/uploads\/bybit-identity-verification-300x166.png 300w, https:\/\/coinkickoff.com\/wp-content\/uploads\/bybit-identity-verification-1024x566.png 1024w, https:\/\/coinkickoff.com\/wp-content\/uploads\/bybit-identity-verification-768x425.png 768w, https:\/\/coinkickoff.com\/wp-content\/uploads\/bybit-identity-verification-18x10.png 18w\" sizes=\"auto, (max-width: 1432px) 100vw, 1432px\" \/><\/span><\/h3>\n<p><span style=\"font-weight: 400;\">Teil on juba p\u00e4rast vahetusse registreerumist olemas p\u00f5hikontroll. Teil on vaja vaid t\u00e4ita 1. tasandi verifitseerimine, laadides \u00fcles isikut t\u00f5endava dokumendi ja selfie.\u00a0<\/span><\/p>\n<p><span style=\"font-weight: 400;\">Vajutage nuppu \"Kinnita n\u00fc\u00fcd\". Laadige n\u00f5utavad dokumendid \u00fcles ja oodake umbes tund aega oma kinnitust.\u00a0<\/span><\/p>\n<p><span style=\"font-weight: 400;\">Saate suurendada oma kauplemis-, v\u00e4ljav\u00f5tmis- ja hoiustamislimiite, kui t\u00f5state tasemele 2, kuid selleks on vaja laadida \u00fcles aadressi t\u00f5endav dokument.<\/span><\/p>\n<h3><span class=\"ez-toc-section\" id=\"3_Deposit_FundsCrypto\"><\/span><span style=\"font-weight: 400;\">3. Deposiitfondid \/ kr\u00fcpto<\/span><span class=\"ez-toc-section-end\"><\/span><\/h3>\n<p><span style=\"font-weight: 400;\">Alustame kr\u00fcpto hoiustamisega oma <a href=\"https:\/\/coinkickoff.com\/et\/bitmart-review\/\" data-internallinksmanager029f6b8e52c=\"162\" title=\"Bitmart Arvamused 2023: Maksud, omadused, turvalisus, plussid ja miinused\">Bitmart<\/a> konto. Mine oma avalehele ja vali vahekaart \"Varad\".<\/span><\/p>\n<p><span style=\"font-weight: 400;\">N\u00e4ete valikuid \"\u00dche klikiga ostmine\", \"P2P\" ja \"Hoiustamine\". Kl\u00f5psake \"Deposit\".\u00a0<\/span><\/p>\n<p><span style=\"font-weight: 400;\">Valige coin, mida soovite hoiustada, ja kinnitage oma hoiuse \u00fcksikasjad. Saate oma uue rahakoti aadressi QR-koodi selle coin jaoks.<\/span><\/p>\n<p><img loading=\"lazy\" decoding=\"async\" class=\"alignnone wp-image-3215 size-full\" src=\"https:\/\/coinkickoff.com\/wp-content\/uploads\/bybit-crypto-deposit.png\" alt=\"\" width=\"1372\" height=\"659\" srcset=\"https:\/\/coinkickoff.com\/wp-content\/uploads\/bybit-crypto-deposit.png 1372w, https:\/\/coinkickoff.com\/wp-content\/uploads\/bybit-crypto-deposit-300x144.png 300w, https:\/\/coinkickoff.com\/wp-content\/uploads\/bybit-crypto-deposit-1024x492.png 1024w, https:\/\/coinkickoff.com\/wp-content\/uploads\/bybit-crypto-deposit-768x369.png 768w, https:\/\/coinkickoff.com\/wp-content\/uploads\/bybit-crypto-deposit-18x9.png 18w\" sizes=\"auto, (max-width: 1372px) 100vw, 1372px\" \/><\/p>\n<p><span style=\"font-weight: 400;\">Mine oma teise kr\u00fcptopanga rahakotti ja kasuta QE-koodi, et oma vara Bybitisse v\u00e4lja v\u00f5tta.\u00a0<\/span><\/p>\n<p><span style=\"font-weight: 400;\">Veenduge, et kasutate AINULT QR-koodi selle spesi\u0307fi\u0307c coi\u0307n jaoks. N\u00e4iteks saate kasutada BTC aadressi ainult Bitcoin saatmiseks ja vastuv\u00f5tmiseks. Kui teil on mitu vara, mida soovite \u00fcle kanda, looge iga vara jaoks erinev QR-kood.<\/span><\/p>\n<p><span style=\"font-weight: 400;\">Kui soovite oma kontole fiat-valuutat hoiustada, vajutage oma armatuurlaual vahekaardile \"Buy Crypto\" ja valige \"Fiat Deposit\".<\/span><\/p>\n<p><img loading=\"lazy\" decoding=\"async\" class=\"alignnone wp-image-3208 size-full\" src=\"https:\/\/coinkickoff.com\/wp-content\/uploads\/bybit-fiat-deposit.png\" alt=\"bybit fiat deposiit\" width=\"1432\" height=\"630\" srcset=\"https:\/\/coinkickoff.com\/wp-content\/uploads\/bybit-fiat-deposit.png 1432w, https:\/\/coinkickoff.com\/wp-content\/uploads\/bybit-fiat-deposit-300x132.png 300w, https:\/\/coinkickoff.com\/wp-content\/uploads\/bybit-fiat-deposit-1024x451.png 1024w, https:\/\/coinkickoff.com\/wp-content\/uploads\/bybit-fiat-deposit-768x338.png 768w, https:\/\/coinkickoff.com\/wp-content\/uploads\/bybit-fiat-deposit-18x8.png 18w\" sizes=\"auto, (max-width: 1432px) 100vw, 1432px\" \/><\/p>\n<p><span style=\"font-weight: 400;\">N\u00e4ete lihtsa hoiustamise lehte. Sisestage oma sissemakse summa ja valige sissemakse meetod. Fiat'i hoiustamismeetodid varieeruvad s\u00f5ltuvalt teie asukohast.\u00a0<\/span><\/p>\n<p><span style=\"font-weight: 400;\">Vajutage nuppu \"J\u00e4tka\" ja j\u00e4rgige ekraanil kuvatavaid juhiseid.<\/span><\/p>\n<p><img loading=\"lazy\" decoding=\"async\" class=\"alignnone wp-image-3209 size-full\" src=\"https:\/\/coinkickoff.com\/wp-content\/uploads\/bybitfiatdeposit2.png\" alt=\"bybit fiat deposiit\" width=\"1418\" height=\"783\" srcset=\"https:\/\/coinkickoff.com\/wp-content\/uploads\/bybitfiatdeposit2.png 1418w, https:\/\/coinkickoff.com\/wp-content\/uploads\/bybitfiatdeposit2-300x166.png 300w, https:\/\/coinkickoff.com\/wp-content\/uploads\/bybitfiatdeposit2-1024x565.png 1024w, https:\/\/coinkickoff.com\/wp-content\/uploads\/bybitfiatdeposit2-768x424.png 768w, https:\/\/coinkickoff.com\/wp-content\/uploads\/bybitfiatdeposit2-18x10.png 18w\" sizes=\"auto, (max-width: 1418px) 100vw, 1418px\" \/><\/p>\n<h3><span class=\"ez-toc-section\" id=\"4_Navigate_to_the_Relevant_Screen_to_Buy\"><\/span><span style=\"font-weight: 400;\">4. Navigeerige ostmiseks vastavale ekraanile<\/span><span class=\"ez-toc-section-end\"><\/span><\/h3>\n<p><span style=\"font-weight: 400;\">Oodake, kuni teie tagatisraha saabub. Saate oma saldot vaadata vahekaardil \"Varad\". Kui olete hoiustanud fiat-valuutat, vajutage \"One-Click Buy\", et p\u00e4\u00e4seda lihtsale ostuvormile.<\/span><\/p>\n<div class=\"cg-choice-box-six   cg-blue\" ><div class=\"cg-cb-row\"><div class=\"cg-cb-items\" id=\"product-265843\"><div class=\"cg-cb-top-head\"><div class=\"cg-cb-top-pick\">Enamik Coins<\/div><\/div><a href=\"https:\/\/accounts.binance.com\/register?ref=BLJQ60RW\" target=\"_blank\" rel=\"nofollow noopener\" class=\"cg-aff-link cg-cb-img\" data-post-title=\"Binance\" data-aff-link=\"https:\/\/accounts.binance.com\/register?ref=BLJQ60RW\" data-post-type=\"top\" data-post-id=\"127750\"><img decoding=\"async\" src=\"https:\/\/coinkickoff.com\/wp-content\/uploads\/2022\/10\/Binance_logo.png\" class=\"cg-img-1\" alt=\"Binance\" style=\"\"><\/a><div class=\"cg-cb-title\"><a href=\"https:\/\/accounts.binance.com\/register?ref=BLJQ60RW\" class=\"cg-aff-link\" data-post-id=\"127750\" data-post-type=\"top\" data-aff-link=\"https:\/\/accounts.binance.com\/register?ref=BLJQ60RW\" data-post-title=\"Binance\" target=\"\" rel=\"nofollow noopener\">Binance<\/a><\/span><\/div><div class=\"cg-cb-content\"><ul><li><strong>350+<\/strong> Loetletud kr\u00fcptovaluutad<\/li><li><strong>&lt;0.10%<\/strong> Tehingutasud<\/li><li><strong>120 miljonit<\/strong> Registreeritud kasutajad<\/li><li>Turvaline varade fond kasutajate jaoks<\/li><li>Teenida hoiuste pealt<\/li><\/ul><\/div><div class=\"cg-cb-btn\"><span class='cta-copy'><a href=\"https:\/\/accounts.binance.com\/register?ref=BLJQ60RW\" class=\"cg-one-button cg-btn cg-red  cg-aff-link cg-btn-lg\" data-post-id=\"127750\" data-post-type=\"top\" data-aff-link=\"https:\/\/accounts.binance.com\/register?ref=BLJQ60RW\" data-style=\"default\" data-post-title=\"Binance\" data-extra=\"arrow\" style=\"\" target=\"\" rel=\"nofollow noopener\">Alusta<\/a><\/span><\/span><\/div><\/div><div class=\"cg-cb-items\" id=\"product-265829\"><div class=\"cg-cb-top-head\"><div class=\"cg-cb-top-pick\">Enamik riike<\/div><\/div><a href=\"https:\/\/kraken.pxf.io\/756J3y\" target=\"_blank\" rel=\"nofollow noopener\" class=\"cg-aff-link cg-cb-img\" data-post-title=\"Kraken\" data-aff-link=\"https:\/\/kraken.pxf.io\/756J3y\" data-post-type=\"top\" data-post-id=\"127750\"><img decoding=\"async\" src=\"https:\/\/coinkickoff.com\/wp-content\/uploads\/Kraken-logo.webp\" class=\"cg-img-1\" alt=\"Kraken\" style=\"\"><\/a><div class=\"cg-cb-title\"><a href=\"https:\/\/kraken.pxf.io\/756J3y\" class=\"cg-aff-link\" data-post-id=\"127750\" data-post-type=\"top\" data-aff-link=\"https:\/\/kraken.pxf.io\/756J3y\" data-post-title=\"Kraken\" target=\"\" rel=\"nofollow noopener\">Kraken<\/a><\/span><\/div><div class=\"cg-cb-content\"><ul><li>USAs asuv<\/li><li>Alustage nii v\u00e4heste <strong>$10<\/strong><\/li><li>Osta ja m\u00fc\u00fca <strong>200+<\/strong> kr\u00fcptovaluutad<\/li><li>Pro lahendus suurematele kauplejatele<\/li><li>Saadaval on <strong>190+<\/strong> riigid<\/li><\/ul><\/div><div class=\"cg-cb-btn\"><span class='cta-copy'><a href=\"https:\/\/kraken.pxf.io\/756J3y\" class=\"cg-one-button cg-btn cg-red  cg-aff-link cg-btn-lg\" data-post-id=\"127750\" data-post-type=\"top\" data-aff-link=\"https:\/\/kraken.pxf.io\/756J3y\" data-style=\"default\" data-post-title=\"Kraken\" data-extra=\"arrow\" style=\"\" target=\"\" rel=\"nofollow noopener\">Alusta<\/a><\/span><\/span><\/div><\/div><div class=\"cg-cb-items\" id=\"product-265822\"><div class=\"cg-cb-top-head\"><div class=\"cg-cb-top-pick\">USAs asuv<\/div><\/div><a href=\"https:\/\/coinbase-consumer.sjv.io\/ORPoaG\" target=\"_blank\" rel=\"nofollow noopener\" class=\"cg-aff-link cg-cb-img\" data-post-title=\"Coinbase\" data-aff-link=\"https:\/\/coinbase-consumer.sjv.io\/ORPoaG\" data-post-type=\"top\" data-post-id=\"127750\"><img decoding=\"async\" src=\"https:\/\/coinkickoff.com\/wp-content\/uploads\/2022\/10\/Coinbase.png\" class=\"cg-img-1\" alt=\"Coinbase\" style=\"\"><\/a><div class=\"cg-cb-title\"><a href=\"https:\/\/coinbase-consumer.sjv.io\/ORPoaG\" class=\"cg-aff-link\" data-post-id=\"127750\" data-post-type=\"top\" data-aff-link=\"https:\/\/coinbase-consumer.sjv.io\/ORPoaG\" data-post-title=\"Coinbase\" target=\"\" rel=\"nofollow noopener\">Coinbase<\/a><\/span><\/div><div class=\"cg-cb-content\"><ul><li><strong>200+<\/strong> Loetletud kr\u00fcptovaluutad<\/li><li>Saada kr\u00fcpto p\u00e4rast oma esimest ostu<\/li><li>Kindlustusega kaitstud&nbsp;<\/li><li>Turvaline ladustamine v\u00f5lvkaitsega<\/li><li>K\u00f5ige usaldusv\u00e4\u00e4rsem kr\u00fcptoraha platvorm<\/li><\/ul><\/div><div class=\"cg-cb-btn\"><span class='cta-copy'><a href=\"https:\/\/coinbase-consumer.sjv.io\/ORPoaG\" class=\"cg-one-button cg-btn cg-red  cg-aff-link cg-btn-lg\" data-post-id=\"127750\" data-post-type=\"top\" data-aff-link=\"https:\/\/coinbase-consumer.sjv.io\/ORPoaG\" data-style=\"default\" data-post-title=\"Coinbase\" data-extra=\"arrow\" style=\"\" target=\"\" rel=\"nofollow noopener\">Alusta<\/a><\/span><\/span><\/div><\/div><\/div><\/div>\n\n<p><img loading=\"lazy\" decoding=\"async\" class=\"alignnone wp-image-3211 size-full\" src=\"https:\/\/coinkickoff.com\/wp-content\/uploads\/bybit-one-click-buy-2.png\" alt=\"bybit \u00fche kl\u00f5psuga osta 2 Kuidas osta Shiba Inu on Bybit Kuidas osta Bitcoin on Bybit Kuidas osta Cardano on Bybit Kuidas osta Cardano on Bybit \" width=\"1433\" height=\"795\" srcset=\"https:\/\/coinkickoff.com\/wp-content\/uploads\/bybit-one-click-buy-2.png 1433w, https:\/\/coinkickoff.com\/wp-content\/uploads\/bybit-one-click-buy-2-300x166.png 300w, https:\/\/coinkickoff.com\/wp-content\/uploads\/bybit-one-click-buy-2-1024x568.png 1024w, https:\/\/coinkickoff.com\/wp-content\/uploads\/bybit-one-click-buy-2-768x426.png 768w, https:\/\/coinkickoff.com\/wp-content\/uploads\/bybit-one-click-buy-2-18x10.png 18w\" sizes=\"auto, (max-width: 1433px) 100vw, 1433px\" \/><\/p>\n<p><span style=\"font-weight: 400;\">Valige lihtsa ostu vormil valuuta, millega soovite maksta, ja valuuta, mida soovite saada (Solana). L\u00f5puks valige makseviis ja vajutage \"Osta\".<\/span><\/p>\n<p><span style=\"font-weight: 400;\">Kui Solana ei pakuta lihtsa ostu vormis, saate osta USDT v\u00f5i <a href=\"https:\/\/coinkickoff.com\/et\/usd-coin-usdc\/\" data-internallinksmanager029f6b8e52c=\"8\" title=\"Mis on USD Coin (USDC)? Kuidas see t\u00f6\u00f6tab ja kust seda osta?\">USDC<\/a> ja vahetada see hetketurul SOL vastu. Protsess on sama k\u00f5igi digitaalsete varade kauplemisel. Vaatame, kuidas.<\/span><\/p>\n<p><span style=\"font-weight: 400;\">Kl\u00f5psake oma armatuurlaual vahekaardil \"Trade\" ja minge rubriiki \"Spot Trading\". Lehe vasakpoolses \u00fclaosas n\u00e4ete BTC\/USDT paaristamise m\u00e4rguannet. Kl\u00f5psake selle k\u00f5rval oleval men\u00fc\u00fcm\u00e4rgil ja otsige SOL, et n\u00e4ha k\u00f5iki Solana turge Bybitis.\u00a0<\/span><\/p>\n<p><span style=\"font-weight: 400;\">Valige soovitud paaritus. Bybit pakub n\u00e4iteks USDT\/SOL ja USDC\/SOL turud.<\/span><\/p>\n<p><span style=\"font-weight: 400;\">Seej\u00e4rel minge paremal olevasse tellimisvormi ja tehke tellimus, et osta SOL koos oma digitaalse varaga.<\/span><\/p>\n<p><span style=\"font-weight: 400;\">Ja see ongi k\u00f5ik! Kui teile meeldis meie <\/span><i><span style=\"font-weight: 400;\">Kuidas osta Solana Bybitilt<\/span><\/i><span style=\"font-weight: 400;\"> juhend, vaadake meie <a href=\"https:\/\/coinkickoff.com\/et\/crypto-exchanges\/\">vahetada kommentaare<\/a> ja <a href=\"https:\/\/coinkickoff.com\/et\/how-to-buy-cardano\/\">juhendid<\/a>!<\/span><\/p>","protected":false},"excerpt":{"rendered":"<p>Kuidas osta Solana Bybitil Saate osta mitmeid kr\u00fcptovaluutasid Bybitil, sealhulgas Solana. Ja kui vajate veidi abi, kuidas seda teha, ei ole vaja muretseda! Meil on ideaalne juhend, kuidas osta Solana Bybitil.   Samm-sammult juhend, kuidas osta Solana Bybitis 1. Registreerige konto [...]<\/p>","protected":false},"author":3,"featured_media":0,"parent":4147,"menu_order":0,"comment_status":"closed","ping_status":"closed","template":"","meta":{"_genesis_hide_title":false,"_genesis_hide_breadcrumbs":false,"_genesis_hide_singular_image":false,"_genesis_hide_footer_widgets":false,"_genesis_custom_body_class":"","_genesis_custom_post_class":"","_genesis_layout":"","_glsr_average":0,"_glsr_ranking":0,"_glsr_reviews":0,"footnotes":""},"class_list":{"0":"post-4163","1":"page","2":"type-page","3":"status-publish","5":"entry"},"featured_image_src":null,"featured_image_src_square":null,"_links":{"self":[{"href":"https:\/\/coinkickoff.com\/et\/wp-json\/wp\/v2\/pages\/4163","targetHints":{"allow":["GET"]}}],"collection":[{"href":"https:\/\/coinkickoff.com\/et\/wp-json\/wp\/v2\/pages"}],"about":[{"href":"https:\/\/coinkickoff.com\/et\/wp-json\/wp\/v2\/types\/page"}],"author":[{"embeddable":true,"href":"https:\/\/coinkickoff.com\/et\/wp-json\/wp\/v2\/users\/3"}],"replies":[{"embeddable":true,"href":"https:\/\/coinkickoff.com\/et\/wp-json\/wp\/v2\/comments?post=4163"}],"version-history":[{"count":4,"href":"https:\/\/coinkickoff.com\/et\/wp-json\/wp\/v2\/pages\/4163\/revisions"}],"predecessor-version":[{"id":4895,"href":"https:\/\/coinkickoff.com\/et\/wp-json\/wp\/v2\/pages\/4163\/revisions\/4895"}],"up":[{"embeddable":true,"href":"https:\/\/coinkickoff.com\/et\/wp-json\/wp\/v2\/pages\/4147"}],"wp:attachment":[{"href":"https:\/\/coinkickoff.com\/et\/wp-json\/wp\/v2\/media?parent=4163"}],"curies":[{"name":"wp","href":"https:\/\/api.w.org\/{rel}","templated":true}]}}